{"id":235561,"date":"2026-04-17T02:30:11","date_gmt":"2026-04-17T08:30:11","guid":{"rendered":"https:\/\/compuviper.mx\/tienda\/producto\/lenovo-11h1000kls-thinksmart-hub-intel-core-i5-8365ue-4c-8t-1-6-4-1ghz-6mb\/"},"modified":"2026-04-17T02:30:11","modified_gmt":"2026-04-17T08:30:11","slug":"lenovo-11h1000kls-thinksmart-hub-intel-core-i5-8365ue-4c-8t-1-6-4-1ghz-6mb","status":"publish","type":"product","link":"https:\/\/compuviper.mx\/tienda\/producto\/lenovo-11h1000kls-thinksmart-hub-intel-core-i5-8365ue-4c-8t-1-6-4-1ghz-6mb\/","title":{"rendered":"Lenovo 11h1000kls  Thinksmart Hub Intel Core I5-8365ue 4c \/ 8t, 1.6 \/ 4.1ghz, 6mb"},"content":{"rendered":"<table class=\"descripcion\">\n<tr>\n<td>Performance<\/td>\n<\/tr>\n<tr>\n<td>Processor || intel\u00ae core\u0099 i5-8365ue (4c \/ 8t, 1.6 \/ 4.1ghz, 6mb)<\/td>\n<\/tr>\n<tr>\n<td>Graphics || integrated intel\u00ae hd graphics 620<\/td>\n<\/tr>\n<tr>\n<td>Chipset || intel\u00ae soc platform<\/td>\n<\/tr>\n<tr>\n<td>Memory || 1x 16gb so-dimm ddr4-2400<\/td>\n<\/tr>\n<tr>\n<td>Memory slots || memory soldered to systemboard, no slots, dual-channel<\/td>\n<\/tr>\n<tr>\n<td>Max memory ||up to 16gb ddr4-2400<\/td>\n<\/tr>\n<tr>\n<td>Storage || 256gb ssd m.2 2280 pcie\u00ae 3.0&#215;4 nvme\u00ae<\/td>\n<\/tr>\n<tr>\n<td>Storage support || one drive, up to 256gb ssd<\/td>\n<\/tr>\n<tr>\n<td>Card reader || no card reader<\/td>\n<\/tr>\n<tr>\n<td>Audio chip || high definition (hd) audio<\/td>\n<\/tr>\n<tr>\n<td>Speakers || 4 premium tuned speakers, 3w x4<\/td>\n<\/tr>\n<tr>\n<td>Sensors || ir-based proximity sensor, automatically dim \/ brighten display (detection angle: +\/- 45% (from display); detection distance: 3 meters at maximum)<\/td>\n<\/tr>\n<tr>\n<td>Camera || no camera<\/td>\n<\/tr>\n<tr>\n<td>Microphone || four omnidirectional microphones for 360\u00b0 audio capture<\/td>\n<\/tr>\n<tr>\n<td>Power supply || 90w 88% adapter<\/td>\n<\/tr>\n<tr>\n<td>Design<\/td>\n<\/tr>\n<tr>\n<td>Display || 10.1 | fhd (1920&#215;1200) | multi-touch | 320nits | anti-glare | 16:10 | 1000:1 | 60hz | smudge resistant, 360\u00b0 rotation support<\/td>\n<\/tr>\n<tr>\n<td>Touchscreen || tddi technology, supports 10-point touch<\/td>\n<\/tr>\n<tr>\n<td>Led indicators || 360 degree led ring on hinge neck and led on top, indicates status for all users in the room<\/td>\n<\/tr>\n<tr>\n<td>Keyboard || no keyboard<\/td>\n<\/tr>\n<tr>\n<td>Mouse || no mouse<\/td>\n<\/tr>\n<tr>\n<td>Case color || black<\/td>\n<\/tr>\n<tr>\n<td>Mounting || integrated vesa mount<\/td>\n<\/tr>\n<tr>\n<td>Connectivity<\/td>\n<\/tr>\n<tr>\n<td>Ethernet || integrated 100\/1000m<\/td>\n<\/tr>\n<tr>\n<td>Wlan + bluetooth || intel\u00ae 9560, 11ac 2&#215;2 + bt5.0, vpro\u00ae<\/td>\n<\/tr>\n<tr>\n<td>Front ports || 1x headphone \/ microphone combo jack (3.5mm)<\/td>\n<\/tr>\n<tr>\n<td>Left ports || thinksmart\u0099 one cable<\/td>\n<\/tr>\n<tr>\n<td>One cable || ports on thinksmart\u0099 one cable: 3x usb 3.2 gen 2, 1x usb-c\u00ae 3.2 gen 2 (data transfer only), 2x hdmi\u00ae out, 1x ethernet (rj-45), 1x power connector<\/td>\n<\/tr>\n<tr>\n<td>Security  and  privacy<\/td>\n<\/tr>\n<tr>\n<td>Security chip || discrete tpm 2.0, tcg certified<\/td>\n<\/tr>\n<tr>\n<td>Physical locks || cable lock box and secure cable management door to secure the cable connections<\/td>\n<\/tr>\n<tr>\n<td>Kensington\u00ae security slot\u0099, 3 x 7 mm<\/td>\n<\/tr>\n<tr>\n<td>Manageability<\/td>\n<\/tr>\n<tr>\n<td>System management || intel\u00ae vpro\u00ae<\/td>\n<\/tr>\n<tr>\n<td>Service<\/td>\n<\/tr>\n<tr>\n<td>Base warranty || 3-year, onsite<\/td>\n<\/tr>\n<tr>\n<td>Included upgrade || first year maintenance, 3y premier support upgrade from 3y onsite<\/td>\n<\/tr>\n<tr>\n<td>Software<\/td>\n<\/tr>\n<tr>\n<td>Operating system || windows\u00ae 11 iot enterprise for collaboration gac 64, spanish<\/td>\n<\/tr>\n<tr>\n<td>Bundled software || zoom rooms<\/td>\n<\/tr>\n<tr>\n<td>Accessories<\/td>\n<\/tr>\n<tr>\n<td>Bundled accessories || thinksmart\u0099 one cable (1.83m)<\/td>\n<\/tr>\n<\/table>\n","protected":false},"excerpt":{"rendered":"<p>Performance Processor || intel\u00ae core\u0099 i5-8365ue (4c \/ 8t, 1.6 \/ 4.1ghz, 6mb) Graphics || integrated intel\u00ae hd graphics 620 Chipset || intel\u00ae soc platform Memory || 1x 16gb so-dimm ddr4-2400 Memory slots || memory soldered to systemboard, no slots, dual-channel Max memory ||up to 16gb ddr4-2400 Storage || 256gb ssd m.2 2280 pcie\u00ae 3.0&#215;4 [&hellip;]<\/p>\n","protected":false},"featured_media":243647,"comment_status":"open","ping_status":"open","template":"","meta":[],"product_cat":[2011,2012],"product_tag":[1578],"acf":[],"yoast_head":"<!-- This site is optimized with the Yoast SEO plugin v21.7 - https:\/\/yoast.com\/wordpress\/plugins\/seo\/ -->\n<title>[ Lenovo ] &#129351; 11h1000kls Thinksmart Hub Intel Core I5-8365ue 4c \/ 8t, 1.6 \/ 4.1ghz, 6mb<\/title>\n<meta name=\"description\" content=\"Compra 11h1000kls Thinksmart Hub Intel Core I5-8365ue 4c \/ 8t, 1.6 \/ 4.1ghz, 6mb + Env\u00edo a domicilio + Pago seguro + Garant\u00eda\" \/>\n<meta name=\"robots\" content=\"index, follow, max-snippet:-1, max-image-preview:large, max-video-preview:-1\" \/>\n<link rel=\"canonical\" href=\"https:\/\/compuviper.mx\/tienda\/producto\/lenovo-11h1000kls-thinksmart-hub-intel-core-i5-8365ue-4c-8t-1-6-4-1ghz-6mb\/\" \/>\n<meta property=\"og:locale\" content=\"es_MX\" \/>\n<meta property=\"og:type\" content=\"article\" \/>\n<meta property=\"og:title\" content=\"[ Lenovo ] &#129351; 11h1000kls Thinksmart Hub Intel Core I5-8365ue 4c \/ 8t, 1.6 \/ 4.1ghz, 6mb\" \/>\n<meta property=\"og:description\" content=\"Compra 11h1000kls Thinksmart Hub Intel Core I5-8365ue 4c \/ 8t, 1.6 \/ 4.1ghz, 6mb + Env\u00edo a domicilio + Pago seguro + Garant\u00eda\" \/>\n<meta property=\"og:url\" content=\"https:\/\/compuviper.mx\/tienda\/producto\/lenovo-11h1000kls-thinksmart-hub-intel-core-i5-8365ue-4c-8t-1-6-4-1ghz-6mb\/\" \/>\n<meta property=\"og:site_name\" content=\"Compuviper\" \/>\n<meta property=\"article:publisher\" content=\"https:\/\/www.facebook.com\/compuviper\" \/>\n<meta property=\"og:image\" content=\"https:\/\/compuviper.mx\/tienda\/wp-content\/uploads\/2024\/09\/Lenovo-thinksmart-hub-intel-core-i5-8365ue-4c-8t-1.6-4.1ghz-6mb.jpg\" \/>\n\t<meta property=\"og:image:width\" content=\"200\" \/>\n\t<meta property=\"og:image:height\" content=\"161\" \/>\n\t<meta property=\"og:image:type\" content=\"image\/jpeg\" \/>\n<meta name=\"twitter:card\" content=\"summary_large_image\" \/>\n<meta name=\"twitter:label1\" content=\"Precio\" \/>\n\t<meta name=\"twitter:data1\" content=\"&#36;39,938 con IVA\" \/>\n\t<meta name=\"twitter:label2\" content=\"Availability\" \/>\n\t<meta name=\"twitter:data2\" content=\"On backorder\" \/>\n<script type=\"application\/ld+json\" class=\"yoast-schema-graph\">{\"@context\":\"https:\/\/schema.org\",\"@graph\":[{\"@type\":\"WebPage\",\"@id\":\"https:\/\/compuviper.mx\/tienda\/producto\/lenovo-11h1000kls-thinksmart-hub-intel-core-i5-8365ue-4c-8t-1-6-4-1ghz-6mb\/\",\"url\":\"https:\/\/compuviper.mx\/tienda\/producto\/lenovo-11h1000kls-thinksmart-hub-intel-core-i5-8365ue-4c-8t-1-6-4-1ghz-6mb\/\",\"name\":\"[ Lenovo ] &#129351; 11h1000kls Thinksmart Hub Intel Core I5-8365ue 4c \/ 8t, 1.6 \/ 4.1ghz, 6mb\",\"isPartOf\":{\"@id\":\"https:\/\/compuviper.mx\/tienda\/#website\"},\"datePublished\":\"2026-04-17T08:30:11+00:00\",\"dateModified\":\"2026-04-17T08:30:11+00:00\",\"description\":\"Compra 11h1000kls Thinksmart Hub Intel Core I5-8365ue 4c \/ 8t, 1.6 \/ 4.1ghz, 6mb + Env\u00edo a domicilio + Pago seguro + Garant\u00eda\",\"breadcrumb\":{\"@id\":\"https:\/\/compuviper.mx\/tienda\/producto\/lenovo-11h1000kls-thinksmart-hub-intel-core-i5-8365ue-4c-8t-1-6-4-1ghz-6mb\/#breadcrumb\"},\"inLanguage\":\"es-MX\",\"potentialAction\":[{\"@type\":\"ReadAction\",\"target\":[\"https:\/\/compuviper.mx\/tienda\/producto\/lenovo-11h1000kls-thinksmart-hub-intel-core-i5-8365ue-4c-8t-1-6-4-1ghz-6mb\/\"]}]},{\"@type\":\"BreadcrumbList\",\"@id\":\"https:\/\/compuviper.mx\/tienda\/producto\/lenovo-11h1000kls-thinksmart-hub-intel-core-i5-8365ue-4c-8t-1-6-4-1ghz-6mb\/#breadcrumb\",\"itemListElement\":[{\"@type\":\"ListItem\",\"position\":1,\"name\":\"Inicio\",\"item\":\"https:\/\/compuviper.mx\/tienda\/\"},{\"@type\":\"ListItem\",\"position\":2,\"name\":\"Productos\",\"item\":\"https:\/\/compuviper.mx\/tienda\/productos\/\"},{\"@type\":\"ListItem\",\"position\":3,\"name\":\"Videoconferencia\",\"item\":\"https:\/\/compuviper.mx\/tienda\/categoria-producto\/videoconferencia\/\"},{\"@type\":\"ListItem\",\"position\":4,\"name\":\"Sin Categor\u00eda\",\"item\":\"https:\/\/compuviper.mx\/tienda\/categoria-producto\/videoconferencia\/sin-categoria-videoconferencia\/\"},{\"@type\":\"ListItem\",\"position\":5,\"name\":\"Lenovo 11h1000kls Thinksmart Hub Intel Core I5-8365ue 4c \/ 8t, 1.6 \/ 4.1ghz, 6mb\"}]},{\"@type\":\"WebSite\",\"@id\":\"https:\/\/compuviper.mx\/tienda\/#website\",\"url\":\"https:\/\/compuviper.mx\/tienda\/\",\"name\":\"Compuviper\",\"description\":\"Proveedor de Computadoras, Laptops, Servidores, Monitores, Puntos de Venta, Teclados,   Impresoras, T\u00f3ner, C\u00e1maras de Seguridad y m\u00e1s en tu tienda en l\u00ednea\",\"publisher\":{\"@id\":\"https:\/\/compuviper.mx\/tienda\/#organization\"},\"potentialAction\":[{\"@type\":\"SearchAction\",\"target\":{\"@type\":\"EntryPoint\",\"urlTemplate\":\"https:\/\/compuviper.mx\/tienda\/?s={search_term_string}\"},\"query-input\":\"required name=search_term_string\"}],\"inLanguage\":\"es-MX\"},{\"@type\":\"Organization\",\"@id\":\"https:\/\/compuviper.mx\/tienda\/#organization\",\"name\":\"Compuviper\",\"url\":\"https:\/\/compuviper.mx\/tienda\/\",\"logo\":{\"@type\":\"ImageObject\",\"inLanguage\":\"es-MX\",\"@id\":\"https:\/\/compuviper.mx\/tienda\/#\/schema\/logo\/image\/\",\"url\":\"https:\/\/compuviper.mx\/tienda\/wp-content\/uploads\/2021\/08\/Logo-Compuviper-10.png\",\"contentUrl\":\"https:\/\/compuviper.mx\/tienda\/wp-content\/uploads\/2021\/08\/Logo-Compuviper-10.png\",\"width\":1000,\"height\":500,\"caption\":\"Compuviper\"},\"image\":{\"@id\":\"https:\/\/compuviper.mx\/tienda\/#\/schema\/logo\/image\/\"},\"sameAs\":[\"https:\/\/www.facebook.com\/compuviper\",\"https:\/\/www.youtube.com\/channel\/UCf73dERp9Y3cfOq7q8BhLjA?view_as=subscriber\"]}]}<\/script>\n<meta property=\"product:brand\" content=\"LENOVO\" \/>\n<meta property=\"product:price:amount\" content=\"39938\" \/>\n<meta property=\"product:price:currency\" content=\"MXN\" \/>\n<meta property=\"og:availability\" content=\"backorder\" \/>\n<meta property=\"product:availability\" content=\"available for order\" \/>\n<meta property=\"product:retailer_item_id\" content=\"11H1000KLS\" \/>\n<meta property=\"product:condition\" content=\"new\" \/>\n<!-- \/ Yoast SEO plugin. -->","yoast_head_json":{"title":"[ Lenovo ] &#129351; 11h1000kls Thinksmart Hub Intel Core I5-8365ue 4c \/ 8t, 1.6 \/ 4.1ghz, 6mb","description":"Compra 11h1000kls Thinksmart Hub Intel Core I5-8365ue 4c \/ 8t, 1.6 \/ 4.1ghz, 6mb + Env\u00edo a domicilio + Pago seguro + Garant\u00eda","robots":{"index":"index","follow":"follow","max-snippet":"max-snippet:-1","max-image-preview":"max-image-preview:large","max-video-preview":"max-video-preview:-1"},"canonical":"https:\/\/compuviper.mx\/tienda\/producto\/lenovo-11h1000kls-thinksmart-hub-intel-core-i5-8365ue-4c-8t-1-6-4-1ghz-6mb\/","og_locale":"es_MX","og_type":"article","og_title":"[ Lenovo ] &#129351; 11h1000kls Thinksmart Hub Intel Core I5-8365ue 4c \/ 8t, 1.6 \/ 4.1ghz, 6mb","og_description":"Compra 11h1000kls Thinksmart Hub Intel Core I5-8365ue 4c \/ 8t, 1.6 \/ 4.1ghz, 6mb + Env\u00edo a domicilio + Pago seguro + Garant\u00eda","og_url":"https:\/\/compuviper.mx\/tienda\/producto\/lenovo-11h1000kls-thinksmart-hub-intel-core-i5-8365ue-4c-8t-1-6-4-1ghz-6mb\/","og_site_name":"Compuviper","article_publisher":"https:\/\/www.facebook.com\/compuviper","og_image":[{"width":200,"height":161,"url":"https:\/\/compuviper.mx\/tienda\/wp-content\/uploads\/2024\/09\/Lenovo-thinksmart-hub-intel-core-i5-8365ue-4c-8t-1.6-4.1ghz-6mb.jpg","type":"image\/jpeg"}],"twitter_card":"summary_large_image","twitter_misc":{"Precio":"&#36;39,938 con IVA","Availability":"On backorder"},"schema":{"@context":"https:\/\/schema.org","@graph":[{"@type":"WebPage","@id":"https:\/\/compuviper.mx\/tienda\/producto\/lenovo-11h1000kls-thinksmart-hub-intel-core-i5-8365ue-4c-8t-1-6-4-1ghz-6mb\/","url":"https:\/\/compuviper.mx\/tienda\/producto\/lenovo-11h1000kls-thinksmart-hub-intel-core-i5-8365ue-4c-8t-1-6-4-1ghz-6mb\/","name":"[ Lenovo ] &#129351; 11h1000kls Thinksmart Hub Intel Core I5-8365ue 4c \/ 8t, 1.6 \/ 4.1ghz, 6mb","isPartOf":{"@id":"https:\/\/compuviper.mx\/tienda\/#website"},"datePublished":"2026-04-17T08:30:11+00:00","dateModified":"2026-04-17T08:30:11+00:00","description":"Compra 11h1000kls Thinksmart Hub Intel Core I5-8365ue 4c \/ 8t, 1.6 \/ 4.1ghz, 6mb + Env\u00edo a domicilio + Pago seguro + Garant\u00eda","breadcrumb":{"@id":"https:\/\/compuviper.mx\/tienda\/producto\/lenovo-11h1000kls-thinksmart-hub-intel-core-i5-8365ue-4c-8t-1-6-4-1ghz-6mb\/#breadcrumb"},"inLanguage":"es-MX","potentialAction":[{"@type":"ReadAction","target":["https:\/\/compuviper.mx\/tienda\/producto\/lenovo-11h1000kls-thinksmart-hub-intel-core-i5-8365ue-4c-8t-1-6-4-1ghz-6mb\/"]}]},{"@type":"BreadcrumbList","@id":"https:\/\/compuviper.mx\/tienda\/producto\/lenovo-11h1000kls-thinksmart-hub-intel-core-i5-8365ue-4c-8t-1-6-4-1ghz-6mb\/#breadcrumb","itemListElement":[{"@type":"ListItem","position":1,"name":"Inicio","item":"https:\/\/compuviper.mx\/tienda\/"},{"@type":"ListItem","position":2,"name":"Productos","item":"https:\/\/compuviper.mx\/tienda\/productos\/"},{"@type":"ListItem","position":3,"name":"Videoconferencia","item":"https:\/\/compuviper.mx\/tienda\/categoria-producto\/videoconferencia\/"},{"@type":"ListItem","position":4,"name":"Sin Categor\u00eda","item":"https:\/\/compuviper.mx\/tienda\/categoria-producto\/videoconferencia\/sin-categoria-videoconferencia\/"},{"@type":"ListItem","position":5,"name":"Lenovo 11h1000kls Thinksmart Hub Intel Core I5-8365ue 4c \/ 8t, 1.6 \/ 4.1ghz, 6mb"}]},{"@type":"WebSite","@id":"https:\/\/compuviper.mx\/tienda\/#website","url":"https:\/\/compuviper.mx\/tienda\/","name":"Compuviper","description":"Proveedor de Computadoras, Laptops, Servidores, Monitores, Puntos de Venta, Teclados,   Impresoras, T\u00f3ner, C\u00e1maras de Seguridad y m\u00e1s en tu tienda en l\u00ednea","publisher":{"@id":"https:\/\/compuviper.mx\/tienda\/#organization"},"potentialAction":[{"@type":"SearchAction","target":{"@type":"EntryPoint","urlTemplate":"https:\/\/compuviper.mx\/tienda\/?s={search_term_string}"},"query-input":"required name=search_term_string"}],"inLanguage":"es-MX"},{"@type":"Organization","@id":"https:\/\/compuviper.mx\/tienda\/#organization","name":"Compuviper","url":"https:\/\/compuviper.mx\/tienda\/","logo":{"@type":"ImageObject","inLanguage":"es-MX","@id":"https:\/\/compuviper.mx\/tienda\/#\/schema\/logo\/image\/","url":"https:\/\/compuviper.mx\/tienda\/wp-content\/uploads\/2021\/08\/Logo-Compuviper-10.png","contentUrl":"https:\/\/compuviper.mx\/tienda\/wp-content\/uploads\/2021\/08\/Logo-Compuviper-10.png","width":1000,"height":500,"caption":"Compuviper"},"image":{"@id":"https:\/\/compuviper.mx\/tienda\/#\/schema\/logo\/image\/"},"sameAs":["https:\/\/www.facebook.com\/compuviper","https:\/\/www.youtube.com\/channel\/UCf73dERp9Y3cfOq7q8BhLjA?view_as=subscriber"]}]},"product_brand":"LENOVO","product_price_amount":"39938","product_price_currency":"MXN","og_availability":"backorder","product_availability":"available for order","product_retailer_item_id":"11H1000KLS","product_condition":"new"},"_links":{"self":[{"href":"https:\/\/compuviper.mx\/tienda\/wp-json\/wp\/v2\/product\/235561"}],"collection":[{"href":"https:\/\/compuviper.mx\/tienda\/wp-json\/wp\/v2\/product"}],"about":[{"href":"https:\/\/compuviper.mx\/tienda\/wp-json\/wp\/v2\/types\/product"}],"replies":[{"embeddable":true,"href":"https:\/\/compuviper.mx\/tienda\/wp-json\/wp\/v2\/comments?post=235561"}],"wp:featuredmedia":[{"embeddable":true,"href":"https:\/\/compuviper.mx\/tienda\/wp-json\/wp\/v2\/media\/243647"}],"wp:attachment":[{"href":"https:\/\/compuviper.mx\/tienda\/wp-json\/wp\/v2\/media?parent=235561"}],"wp:term":[{"taxonomy":"product_cat","embeddable":true,"href":"https:\/\/compuviper.mx\/tienda\/wp-json\/wp\/v2\/product_cat?post=235561"},{"taxonomy":"product_tag","embeddable":true,"href":"https:\/\/compuviper.mx\/tienda\/wp-json\/wp\/v2\/product_tag?post=235561"}],"curies":[{"name":"wp","href":"https:\/\/api.w.org\/{rel}","templated":true}]}}