{"id":235557,"date":"2026-04-08T02:02:33","date_gmt":"2026-04-08T08:02:33","guid":{"rendered":"https:\/\/compuviper.mx\/tienda\/producto\/perfect-choice-el-995555-audfonos-inalambricos-easy-line-florela-estuche-cargador-bluetooth-tws-verde\/"},"modified":"2026-04-08T02:02:33","modified_gmt":"2026-04-08T08:02:33","slug":"perfect-choice-el-995555-audifonos-inalambricos-bluetooth-estuche-cargador-tws-easy-line-by-florela-verde","status":"publish","type":"product","link":"https:\/\/compuviper.mx\/tienda\/producto\/perfect-choice-el-995555-audifonos-inalambricos-bluetooth-estuche-cargador-tws-easy-line-by-florela-verde\/","title":{"rendered":"Perfect Choice El-995555 Audifonos Inalambricos Bluetooth Estuche Cargador Tws Easy Line By  Florela &#8211; Verde"},"content":{"rendered":"<table class=\"descripcion\">\n<tr>\n<td>Auriculares<\/td>\n<\/tr>\n<tr>\n<td>Acoplamiento al odo<\/td>\n<\/tr>\n<tr>\n<td>Intraaural<\/td>\n<\/tr>\n<tr>\n<td>Batera<\/td>\n<\/tr>\n<tr>\n<td>Capacidad de batera de auricular derecho<\/td>\n<\/tr>\n<tr>\n<td>30 mah<\/td>\n<\/tr>\n<tr>\n<td>Capacidad de batera de auricular izquierdo<\/td>\n<\/tr>\n<tr>\n<td>30 mah<\/td>\n<\/tr>\n<tr>\n<td>Tiempo continuo de reproduccin de audio<\/td>\n<\/tr>\n<tr>\n<td>4.5 h<\/td>\n<\/tr>\n<tr>\n<td>Tiempo de reproduccin de audio continuo con estuche de carga<\/td>\n<\/tr>\n<tr>\n<td>12 h<\/td>\n<\/tr>\n<tr>\n<td>Capacidad de la batera estuche de carga<\/td>\n<\/tr>\n<tr>\n<td>200 mah<\/td>\n<\/tr>\n<tr>\n<td>Peso y dimensiones<\/td>\n<\/tr>\n<tr>\n<td>Peso de auricular izquierdo<\/td>\n<\/tr>\n<tr>\n<td>33 g<\/td>\n<\/tr>\n<tr>\n<td>Peso de auricular derecho<\/td>\n<\/tr>\n<tr>\n<td>33 g<\/td>\n<\/tr>\n<tr>\n<td>Contenido del empaque<\/td>\n<\/tr>\n<tr>\n<td>Funda de carga<\/td>\n<\/tr>\n<tr>\n<td>Si<\/td>\n<\/tr>\n<tr>\n<td>Gua de configuracin rpida<\/td>\n<\/tr>\n<tr>\n<td>Si<\/td>\n<\/tr>\n<tr>\n<td>Cables incluidos<\/td>\n<\/tr>\n<tr>\n<td>Usb tipo c<\/td>\n<\/tr>\n<\/table>\n","protected":false},"excerpt":{"rendered":"<p>Florela ofrece una calidad de sonido excepciona adems tambin son una declaracin de estilo con su diseo elegante y moderno. Descubre la libertad de movimiento y la comodidad sin igual con nuestros audfonos con asistente de voz: la eleccin perfecta para aquellos que buscan una experiencia auditiva excepcional en un formato compacto y liviano.<\/p>\n","protected":false},"featured_media":243480,"comment_status":"open","ping_status":"open","template":"","meta":[],"product_cat":[1552,1816],"product_tag":[1513],"acf":[],"yoast_head":"<!-- This site is optimized with the Yoast SEO plugin v21.7 - https:\/\/yoast.com\/wordpress\/plugins\/seo\/ -->\n<title>[ Perfect Choice ] &#129351; El-995555 Audifonos Inalambricos Bluetooth Estuche Cargador Tws Easy Line By Florela - Verde<\/title>\n<meta name=\"description\" content=\"Compra El-995555 Audifonos Inalambricos Bluetooth Estuche Cargador Tws Easy Line By Florela - Verde + Env\u00edo a domicilio + Pago seguro + Garant\u00eda\" \/>\n<meta name=\"robots\" content=\"index, follow, max-snippet:-1, max-image-preview:large, max-video-preview:-1\" \/>\n<link rel=\"canonical\" href=\"https:\/\/compuviper.mx\/tienda\/producto\/perfect-choice-el-995555-audifonos-inalambricos-bluetooth-estuche-cargador-tws-easy-line-by-florela-verde\/\" \/>\n<meta property=\"og:locale\" content=\"es_MX\" \/>\n<meta property=\"og:type\" content=\"article\" \/>\n<meta property=\"og:title\" content=\"[ Perfect Choice ] &#129351; El-995555 Audifonos Inalambricos Bluetooth Estuche Cargador Tws Easy Line By Florela - Verde\" \/>\n<meta property=\"og:description\" content=\"Compra El-995555 Audifonos Inalambricos Bluetooth Estuche Cargador Tws Easy Line By Florela - Verde + Env\u00edo a domicilio + Pago seguro + Garant\u00eda\" \/>\n<meta property=\"og:url\" content=\"https:\/\/compuviper.mx\/tienda\/producto\/perfect-choice-el-995555-audifonos-inalambricos-bluetooth-estuche-cargador-tws-easy-line-by-florela-verde\/\" \/>\n<meta property=\"og:site_name\" content=\"Compuviper\" \/>\n<meta property=\"article:publisher\" content=\"https:\/\/www.facebook.com\/compuviper\" \/>\n<meta property=\"og:image\" content=\"https:\/\/compuviper.mx\/tienda\/wp-content\/uploads\/2024\/09\/Audifonos-inalambricos-bluetooth-estuche-cargador-tws-easy-line-by-perfect-choice-florela-verde.jpg\" \/>\n\t<meta property=\"og:image:width\" content=\"200\" \/>\n\t<meta property=\"og:image:height\" content=\"200\" \/>\n\t<meta property=\"og:image:type\" content=\"image\/jpeg\" \/>\n<meta name=\"twitter:card\" content=\"summary_large_image\" \/>\n<meta name=\"twitter:label1\" content=\"Precio\" \/>\n\t<meta name=\"twitter:data1\" content=\"&#36;145 con IVA\" \/>\n\t<meta name=\"twitter:label2\" content=\"Availability\" \/>\n\t<meta name=\"twitter:data2\" content=\"Out of stock\" \/>\n<script type=\"application\/ld+json\" class=\"yoast-schema-graph\">{\"@context\":\"https:\/\/schema.org\",\"@graph\":[{\"@type\":\"WebPage\",\"@id\":\"https:\/\/compuviper.mx\/tienda\/producto\/perfect-choice-el-995555-audifonos-inalambricos-bluetooth-estuche-cargador-tws-easy-line-by-florela-verde\/\",\"url\":\"https:\/\/compuviper.mx\/tienda\/producto\/perfect-choice-el-995555-audifonos-inalambricos-bluetooth-estuche-cargador-tws-easy-line-by-florela-verde\/\",\"name\":\"[ Perfect Choice ] &#129351; El-995555 Audifonos Inalambricos Bluetooth Estuche Cargador Tws Easy Line By Florela - Verde\",\"isPartOf\":{\"@id\":\"https:\/\/compuviper.mx\/tienda\/#website\"},\"datePublished\":\"2026-04-08T08:02:33+00:00\",\"dateModified\":\"2026-04-08T08:02:33+00:00\",\"description\":\"Compra El-995555 Audifonos Inalambricos Bluetooth Estuche Cargador Tws Easy Line By Florela - Verde + Env\u00edo a domicilio + Pago seguro + Garant\u00eda\",\"breadcrumb\":{\"@id\":\"https:\/\/compuviper.mx\/tienda\/producto\/perfect-choice-el-995555-audifonos-inalambricos-bluetooth-estuche-cargador-tws-easy-line-by-florela-verde\/#breadcrumb\"},\"inLanguage\":\"es-MX\",\"potentialAction\":[{\"@type\":\"ReadAction\",\"target\":[\"https:\/\/compuviper.mx\/tienda\/producto\/perfect-choice-el-995555-audifonos-inalambricos-bluetooth-estuche-cargador-tws-easy-line-by-florela-verde\/\"]}]},{\"@type\":\"BreadcrumbList\",\"@id\":\"https:\/\/compuviper.mx\/tienda\/producto\/perfect-choice-el-995555-audifonos-inalambricos-bluetooth-estuche-cargador-tws-easy-line-by-florela-verde\/#breadcrumb\",\"itemListElement\":[{\"@type\":\"ListItem\",\"position\":1,\"name\":\"Inicio\",\"item\":\"https:\/\/compuviper.mx\/tienda\/\"},{\"@type\":\"ListItem\",\"position\":2,\"name\":\"Productos\",\"item\":\"https:\/\/compuviper.mx\/tienda\/productos\/\"},{\"@type\":\"ListItem\",\"position\":3,\"name\":\"Audifonos Y Micro\",\"item\":\"https:\/\/compuviper.mx\/tienda\/categoria-producto\/audifonos-y-micro\/\"},{\"@type\":\"ListItem\",\"position\":4,\"name\":\"Audifono Con Microfono\",\"item\":\"https:\/\/compuviper.mx\/tienda\/categoria-producto\/audifonos-y-micro\/audifono-con-microfono\/\"},{\"@type\":\"ListItem\",\"position\":5,\"name\":\"Perfect Choice El-995555 Audifonos Inalambricos Bluetooth Estuche Cargador Tws Easy Line By Florela &#8211; Verde\"}]},{\"@type\":\"WebSite\",\"@id\":\"https:\/\/compuviper.mx\/tienda\/#website\",\"url\":\"https:\/\/compuviper.mx\/tienda\/\",\"name\":\"Compuviper\",\"description\":\"Proveedor de Computadoras, Laptops, Servidores, Monitores, Puntos de Venta, Teclados,   Impresoras, T\u00f3ner, C\u00e1maras de Seguridad y m\u00e1s en tu tienda en l\u00ednea\",\"publisher\":{\"@id\":\"https:\/\/compuviper.mx\/tienda\/#organization\"},\"potentialAction\":[{\"@type\":\"SearchAction\",\"target\":{\"@type\":\"EntryPoint\",\"urlTemplate\":\"https:\/\/compuviper.mx\/tienda\/?s={search_term_string}\"},\"query-input\":\"required name=search_term_string\"}],\"inLanguage\":\"es-MX\"},{\"@type\":\"Organization\",\"@id\":\"https:\/\/compuviper.mx\/tienda\/#organization\",\"name\":\"Compuviper\",\"url\":\"https:\/\/compuviper.mx\/tienda\/\",\"logo\":{\"@type\":\"ImageObject\",\"inLanguage\":\"es-MX\",\"@id\":\"https:\/\/compuviper.mx\/tienda\/#\/schema\/logo\/image\/\",\"url\":\"https:\/\/compuviper.mx\/tienda\/wp-content\/uploads\/2021\/08\/Logo-Compuviper-10.png\",\"contentUrl\":\"https:\/\/compuviper.mx\/tienda\/wp-content\/uploads\/2021\/08\/Logo-Compuviper-10.png\",\"width\":1000,\"height\":500,\"caption\":\"Compuviper\"},\"image\":{\"@id\":\"https:\/\/compuviper.mx\/tienda\/#\/schema\/logo\/image\/\"},\"sameAs\":[\"https:\/\/www.facebook.com\/compuviper\",\"https:\/\/www.youtube.com\/channel\/UCf73dERp9Y3cfOq7q8BhLjA?view_as=subscriber\"]}]}<\/script>\n<meta property=\"product:brand\" content=\"PERFECT CHOICE\" \/>\n<meta property=\"product:price:amount\" content=\"145\" \/>\n<meta property=\"product:price:currency\" content=\"MXN\" \/>\n<meta property=\"og:availability\" content=\"out of stock\" \/>\n<meta property=\"product:availability\" content=\"out of stock\" \/>\n<meta property=\"product:retailer_item_id\" content=\"EL-995555\" \/>\n<meta property=\"product:condition\" content=\"new\" \/>\n<!-- \/ Yoast SEO plugin. -->","yoast_head_json":{"title":"[ Perfect Choice ] &#129351; El-995555 Audifonos Inalambricos Bluetooth Estuche Cargador Tws Easy Line By Florela - Verde","description":"Compra El-995555 Audifonos Inalambricos Bluetooth Estuche Cargador Tws Easy Line By Florela - Verde + Env\u00edo a domicilio + Pago seguro + Garant\u00eda","robots":{"index":"index","follow":"follow","max-snippet":"max-snippet:-1","max-image-preview":"max-image-preview:large","max-video-preview":"max-video-preview:-1"},"canonical":"https:\/\/compuviper.mx\/tienda\/producto\/perfect-choice-el-995555-audifonos-inalambricos-bluetooth-estuche-cargador-tws-easy-line-by-florela-verde\/","og_locale":"es_MX","og_type":"article","og_title":"[ Perfect Choice ] &#129351; El-995555 Audifonos Inalambricos Bluetooth Estuche Cargador Tws Easy Line By Florela - Verde","og_description":"Compra El-995555 Audifonos Inalambricos Bluetooth Estuche Cargador Tws Easy Line By Florela - Verde + Env\u00edo a domicilio + Pago seguro + Garant\u00eda","og_url":"https:\/\/compuviper.mx\/tienda\/producto\/perfect-choice-el-995555-audifonos-inalambricos-bluetooth-estuche-cargador-tws-easy-line-by-florela-verde\/","og_site_name":"Compuviper","article_publisher":"https:\/\/www.facebook.com\/compuviper","og_image":[{"width":200,"height":200,"url":"https:\/\/compuviper.mx\/tienda\/wp-content\/uploads\/2024\/09\/Audifonos-inalambricos-bluetooth-estuche-cargador-tws-easy-line-by-perfect-choice-florela-verde.jpg","type":"image\/jpeg"}],"twitter_card":"summary_large_image","twitter_misc":{"Precio":"&#36;145 con IVA","Availability":"Out of stock"},"schema":{"@context":"https:\/\/schema.org","@graph":[{"@type":"WebPage","@id":"https:\/\/compuviper.mx\/tienda\/producto\/perfect-choice-el-995555-audifonos-inalambricos-bluetooth-estuche-cargador-tws-easy-line-by-florela-verde\/","url":"https:\/\/compuviper.mx\/tienda\/producto\/perfect-choice-el-995555-audifonos-inalambricos-bluetooth-estuche-cargador-tws-easy-line-by-florela-verde\/","name":"[ Perfect Choice ] &#129351; El-995555 Audifonos Inalambricos Bluetooth Estuche Cargador Tws Easy Line By Florela - Verde","isPartOf":{"@id":"https:\/\/compuviper.mx\/tienda\/#website"},"datePublished":"2026-04-08T08:02:33+00:00","dateModified":"2026-04-08T08:02:33+00:00","description":"Compra El-995555 Audifonos Inalambricos Bluetooth Estuche Cargador Tws Easy Line By Florela - Verde + Env\u00edo a domicilio + Pago seguro + Garant\u00eda","breadcrumb":{"@id":"https:\/\/compuviper.mx\/tienda\/producto\/perfect-choice-el-995555-audifonos-inalambricos-bluetooth-estuche-cargador-tws-easy-line-by-florela-verde\/#breadcrumb"},"inLanguage":"es-MX","potentialAction":[{"@type":"ReadAction","target":["https:\/\/compuviper.mx\/tienda\/producto\/perfect-choice-el-995555-audifonos-inalambricos-bluetooth-estuche-cargador-tws-easy-line-by-florela-verde\/"]}]},{"@type":"BreadcrumbList","@id":"https:\/\/compuviper.mx\/tienda\/producto\/perfect-choice-el-995555-audifonos-inalambricos-bluetooth-estuche-cargador-tws-easy-line-by-florela-verde\/#breadcrumb","itemListElement":[{"@type":"ListItem","position":1,"name":"Inicio","item":"https:\/\/compuviper.mx\/tienda\/"},{"@type":"ListItem","position":2,"name":"Productos","item":"https:\/\/compuviper.mx\/tienda\/productos\/"},{"@type":"ListItem","position":3,"name":"Audifonos Y Micro","item":"https:\/\/compuviper.mx\/tienda\/categoria-producto\/audifonos-y-micro\/"},{"@type":"ListItem","position":4,"name":"Audifono Con Microfono","item":"https:\/\/compuviper.mx\/tienda\/categoria-producto\/audifonos-y-micro\/audifono-con-microfono\/"},{"@type":"ListItem","position":5,"name":"Perfect Choice El-995555 Audifonos Inalambricos Bluetooth Estuche Cargador Tws Easy Line By Florela &#8211; Verde"}]},{"@type":"WebSite","@id":"https:\/\/compuviper.mx\/tienda\/#website","url":"https:\/\/compuviper.mx\/tienda\/","name":"Compuviper","description":"Proveedor de Computadoras, Laptops, Servidores, Monitores, Puntos de Venta, Teclados,   Impresoras, T\u00f3ner, C\u00e1maras de Seguridad y m\u00e1s en tu tienda en l\u00ednea","publisher":{"@id":"https:\/\/compuviper.mx\/tienda\/#organization"},"potentialAction":[{"@type":"SearchAction","target":{"@type":"EntryPoint","urlTemplate":"https:\/\/compuviper.mx\/tienda\/?s={search_term_string}"},"query-input":"required name=search_term_string"}],"inLanguage":"es-MX"},{"@type":"Organization","@id":"https:\/\/compuviper.mx\/tienda\/#organization","name":"Compuviper","url":"https:\/\/compuviper.mx\/tienda\/","logo":{"@type":"ImageObject","inLanguage":"es-MX","@id":"https:\/\/compuviper.mx\/tienda\/#\/schema\/logo\/image\/","url":"https:\/\/compuviper.mx\/tienda\/wp-content\/uploads\/2021\/08\/Logo-Compuviper-10.png","contentUrl":"https:\/\/compuviper.mx\/tienda\/wp-content\/uploads\/2021\/08\/Logo-Compuviper-10.png","width":1000,"height":500,"caption":"Compuviper"},"image":{"@id":"https:\/\/compuviper.mx\/tienda\/#\/schema\/logo\/image\/"},"sameAs":["https:\/\/www.facebook.com\/compuviper","https:\/\/www.youtube.com\/channel\/UCf73dERp9Y3cfOq7q8BhLjA?view_as=subscriber"]}]},"product_brand":"PERFECT CHOICE","product_price_amount":"145","product_price_currency":"MXN","og_availability":"out of stock","product_availability":"out of stock","product_retailer_item_id":"EL-995555","product_condition":"new"},"_links":{"self":[{"href":"https:\/\/compuviper.mx\/tienda\/wp-json\/wp\/v2\/product\/235557"}],"collection":[{"href":"https:\/\/compuviper.mx\/tienda\/wp-json\/wp\/v2\/product"}],"about":[{"href":"https:\/\/compuviper.mx\/tienda\/wp-json\/wp\/v2\/types\/product"}],"replies":[{"embeddable":true,"href":"https:\/\/compuviper.mx\/tienda\/wp-json\/wp\/v2\/comments?post=235557"}],"wp:featuredmedia":[{"embeddable":true,"href":"https:\/\/compuviper.mx\/tienda\/wp-json\/wp\/v2\/media\/243480"}],"wp:attachment":[{"href":"https:\/\/compuviper.mx\/tienda\/wp-json\/wp\/v2\/media?parent=235557"}],"wp:term":[{"taxonomy":"product_cat","embeddable":true,"href":"https:\/\/compuviper.mx\/tienda\/wp-json\/wp\/v2\/product_cat?post=235557"},{"taxonomy":"product_tag","embeddable":true,"href":"https:\/\/compuviper.mx\/tienda\/wp-json\/wp\/v2\/product_tag?post=235557"}],"curies":[{"name":"wp","href":"https:\/\/api.w.org\/{rel}","templated":true}]}}