{"id":235554,"date":"2026-04-14T02:04:25","date_gmt":"2026-04-14T08:04:25","guid":{"rendered":"https:\/\/compuviper.mx\/tienda\/producto\/perfect-choice-pc-112778-mini-bafle-6-5-pulgadas-bluetooth-funcin-tws-luz-rgb-sapark\/"},"modified":"2026-04-14T02:04:26","modified_gmt":"2026-04-14T08:04:26","slug":"perfect-choice-pc-112778-bocina-mini-inalambrica-bluetooth-recargable-portatil-luz-rgb-30w-funcion-tws-6-5-pulgadas-sapark-negro","status":"publish","type":"product","link":"https:\/\/compuviper.mx\/tienda\/producto\/perfect-choice-pc-112778-bocina-mini-inalambrica-bluetooth-recargable-portatil-luz-rgb-30w-funcion-tws-6-5-pulgadas-sapark-negro\/","title":{"rendered":"Perfect Choice Pc-112778 Bocina Mini Inalambrica Bluetooth Recargable Portatil Luz Rgb 30w Funcion Tws 6.5 Pulgadas  Sapark &#8211; Negro"},"content":{"rendered":"<table class=\"descripcion\">\n<tr>\n<td>Especificaciones t\u00e9cnicas<\/td>\n<\/tr>\n<tr>\n<td>\u0095 voltaje de entrada: 5vcc 2a<\/td>\n<\/tr>\n<tr>\n<td>\u0095 conector de carga: tipo c<\/td>\n<\/tr>\n<tr>\n<td>\u0095 bater\u00eda: 3000 mah<\/td>\n<\/tr>\n<tr>\n<td>\u0095 tiempo de reproducci\u00f3n: hasta 7 horas<\/td>\n<\/tr>\n<tr>\n<td>\u0095 transmisi\u00f3n: inal\u00e1mbrica bt 2.4ghz<\/td>\n<\/tr>\n<tr>\n<td>\u0095 iluminaci\u00f3n: rgb multimodo<\/td>\n<\/tr>\n<tr>\n<td>\u0095 entradas: usb, tf, aux, bt y fm<\/td>\n<\/tr>\n<tr>\n<td>\u0095 tama\u00f1o de memoria soportado: hasta<\/td>\n<\/tr>\n<tr>\n<td>32 gb<\/td>\n<\/tr>\n<tr>\n<td>\u0095 tama\u00f1o de cono: 6.5<\/td>\n<\/tr>\n<tr>\n<td>\u0095 potencia 1800w pmp0 &#8211; 30w rms<\/td>\n<\/tr>\n<tr>\n<td>Medidas del producto<\/td>\n<\/tr>\n<tr>\n<td>Bocina<\/td>\n<\/tr>\n<tr>\n<td>\u0095 medidas: 350 x 280 x 230 mm<\/td>\n<\/tr>\n<tr>\n<td>\u0095 peso: 3170 g<\/td>\n<\/tr>\n<tr>\n<td>Contenido del empaque<\/td>\n<\/tr>\n<tr>\n<td>\u0095 1 bocina port\u00e1til<\/td>\n<\/tr>\n<tr>\n<td>\u0095 1 cable usb de carga<\/td>\n<\/tr>\n<tr>\n<td>\u0095 1 gu\u00eda de usuario<\/td>\n<\/tr>\n<tr>\n<td>\u0095 1 control remoto<\/td>\n<\/tr>\n<\/table>\n","protected":false},"excerpt":{"rendered":"<p>Impresionante rendimiento de audio y su espectacular iluminaci\u00f3n, este mini bafle es f\u00e1cil de usar y vers\u00e1til. Ya sea que lo conectes a tu tel\u00e9fono, tableta o cualquier dispositivo compatible, disfrutar\u00e1s de una reproducci\u00f3n de m\u00fasica sin complicaciones. \u00a1eleva tus momentos musicales con sapark y lleva la diversi\u00f3n a donde quieras!<\/p>\n","protected":false},"featured_media":243477,"comment_status":"open","ping_status":"open","template":"","meta":[],"product_cat":[1824,1817],"product_tag":[1513],"acf":[],"yoast_head":"<!-- This site is optimized with the Yoast SEO plugin v21.7 - https:\/\/yoast.com\/wordpress\/plugins\/seo\/ -->\n<title>[ Perfect Choice ] &#129351; Pc-112778 Bocina Mini Inalambrica Bluetooth Recargable Portatil Luz Rgb 30w Funcion Tws 6.5 Pulgadas Sapark - Negro<\/title>\n<meta name=\"description\" content=\"Compra Pc-112778 Bocina Mini Inalambrica Bluetooth Recargable Portatil Luz Rgb 30w Funcion Tws 6.5 Pulgadas Sapark - Negro + Env\u00edo a domicilio + Pago seguro + Garant\u00eda\" \/>\n<meta name=\"robots\" content=\"index, follow, max-snippet:-1, max-image-preview:large, max-video-preview:-1\" \/>\n<link rel=\"canonical\" href=\"https:\/\/compuviper.mx\/tienda\/producto\/perfect-choice-pc-112778-bocina-mini-inalambrica-bluetooth-recargable-portatil-luz-rgb-30w-funcion-tws-6-5-pulgadas-sapark-negro\/\" \/>\n<meta property=\"og:locale\" content=\"es_MX\" \/>\n<meta property=\"og:type\" content=\"article\" \/>\n<meta property=\"og:title\" content=\"[ Perfect Choice ] &#129351; Pc-112778 Bocina Mini Inalambrica Bluetooth Recargable Portatil Luz Rgb 30w Funcion Tws 6.5 Pulgadas Sapark - Negro\" \/>\n<meta property=\"og:description\" content=\"Compra Pc-112778 Bocina Mini Inalambrica Bluetooth Recargable Portatil Luz Rgb 30w Funcion Tws 6.5 Pulgadas Sapark - Negro + Env\u00edo a domicilio + Pago seguro + Garant\u00eda\" \/>\n<meta property=\"og:url\" content=\"https:\/\/compuviper.mx\/tienda\/producto\/perfect-choice-pc-112778-bocina-mini-inalambrica-bluetooth-recargable-portatil-luz-rgb-30w-funcion-tws-6-5-pulgadas-sapark-negro\/\" \/>\n<meta property=\"og:site_name\" content=\"Compuviper\" \/>\n<meta property=\"article:publisher\" content=\"https:\/\/www.facebook.com\/compuviper\" \/>\n<meta property=\"article:modified_time\" content=\"2026-04-14T08:04:26+00:00\" \/>\n<meta property=\"og:image\" content=\"https:\/\/compuviper.mx\/tienda\/wp-content\/uploads\/2024\/09\/Bocina-mini-inalambrica-bluetooth-recargable-portatil-luz-rgb-30w-funcion-tws-6.5-pulgadas-perfect-choice-sapark-negro.jpg\" \/>\n\t<meta property=\"og:image:width\" content=\"200\" \/>\n\t<meta property=\"og:image:height\" content=\"200\" \/>\n\t<meta property=\"og:image:type\" content=\"image\/jpeg\" \/>\n<meta name=\"twitter:card\" content=\"summary_large_image\" \/>\n<meta name=\"twitter:label1\" content=\"Precio\" \/>\n\t<meta name=\"twitter:data1\" content=\"&#36;933 con IVA\" \/>\n\t<meta name=\"twitter:label2\" content=\"Availability\" \/>\n\t<meta name=\"twitter:data2\" content=\"In stock\" \/>\n<script type=\"application\/ld+json\" class=\"yoast-schema-graph\">{\"@context\":\"https:\/\/schema.org\",\"@graph\":[{\"@type\":\"WebPage\",\"@id\":\"https:\/\/compuviper.mx\/tienda\/producto\/perfect-choice-pc-112778-bocina-mini-inalambrica-bluetooth-recargable-portatil-luz-rgb-30w-funcion-tws-6-5-pulgadas-sapark-negro\/\",\"url\":\"https:\/\/compuviper.mx\/tienda\/producto\/perfect-choice-pc-112778-bocina-mini-inalambrica-bluetooth-recargable-portatil-luz-rgb-30w-funcion-tws-6-5-pulgadas-sapark-negro\/\",\"name\":\"[ Perfect Choice ] &#129351; Pc-112778 Bocina Mini Inalambrica Bluetooth Recargable Portatil Luz Rgb 30w Funcion Tws 6.5 Pulgadas Sapark - Negro\",\"isPartOf\":{\"@id\":\"https:\/\/compuviper.mx\/tienda\/#website\"},\"datePublished\":\"2026-04-14T08:04:25+00:00\",\"dateModified\":\"2026-04-14T08:04:26+00:00\",\"description\":\"Compra Pc-112778 Bocina Mini Inalambrica Bluetooth Recargable Portatil Luz Rgb 30w Funcion Tws 6.5 Pulgadas Sapark - Negro + Env\u00edo a domicilio + Pago seguro + Garant\u00eda\",\"breadcrumb\":{\"@id\":\"https:\/\/compuviper.mx\/tienda\/producto\/perfect-choice-pc-112778-bocina-mini-inalambrica-bluetooth-recargable-portatil-luz-rgb-30w-funcion-tws-6-5-pulgadas-sapark-negro\/#breadcrumb\"},\"inLanguage\":\"es-MX\",\"potentialAction\":[{\"@type\":\"ReadAction\",\"target\":[\"https:\/\/compuviper.mx\/tienda\/producto\/perfect-choice-pc-112778-bocina-mini-inalambrica-bluetooth-recargable-portatil-luz-rgb-30w-funcion-tws-6-5-pulgadas-sapark-negro\/\"]}]},{\"@type\":\"BreadcrumbList\",\"@id\":\"https:\/\/compuviper.mx\/tienda\/producto\/perfect-choice-pc-112778-bocina-mini-inalambrica-bluetooth-recargable-portatil-luz-rgb-30w-funcion-tws-6-5-pulgadas-sapark-negro\/#breadcrumb\",\"itemListElement\":[{\"@type\":\"ListItem\",\"position\":1,\"name\":\"Inicio\",\"item\":\"https:\/\/compuviper.mx\/tienda\/\"},{\"@type\":\"ListItem\",\"position\":2,\"name\":\"Productos\",\"item\":\"https:\/\/compuviper.mx\/tienda\/productos\/\"},{\"@type\":\"ListItem\",\"position\":3,\"name\":\"Bocinas\",\"item\":\"https:\/\/compuviper.mx\/tienda\/categoria-producto\/bocinas\/\"},{\"@type\":\"ListItem\",\"position\":4,\"name\":\"Bafle\",\"item\":\"https:\/\/compuviper.mx\/tienda\/categoria-producto\/bocinas\/bafle\/\"},{\"@type\":\"ListItem\",\"position\":5,\"name\":\"Perfect Choice Pc-112778 Bocina Mini Inalambrica Bluetooth Recargable Portatil Luz Rgb 30w Funcion Tws 6.5 Pulgadas Sapark &#8211; Negro\"}]},{\"@type\":\"WebSite\",\"@id\":\"https:\/\/compuviper.mx\/tienda\/#website\",\"url\":\"https:\/\/compuviper.mx\/tienda\/\",\"name\":\"Compuviper\",\"description\":\"Proveedor de Computadoras, Laptops, Servidores, Monitores, Puntos de Venta, Teclados,   Impresoras, T\u00f3ner, C\u00e1maras de Seguridad y m\u00e1s en tu tienda en l\u00ednea\",\"publisher\":{\"@id\":\"https:\/\/compuviper.mx\/tienda\/#organization\"},\"potentialAction\":[{\"@type\":\"SearchAction\",\"target\":{\"@type\":\"EntryPoint\",\"urlTemplate\":\"https:\/\/compuviper.mx\/tienda\/?s={search_term_string}\"},\"query-input\":\"required name=search_term_string\"}],\"inLanguage\":\"es-MX\"},{\"@type\":\"Organization\",\"@id\":\"https:\/\/compuviper.mx\/tienda\/#organization\",\"name\":\"Compuviper\",\"url\":\"https:\/\/compuviper.mx\/tienda\/\",\"logo\":{\"@type\":\"ImageObject\",\"inLanguage\":\"es-MX\",\"@id\":\"https:\/\/compuviper.mx\/tienda\/#\/schema\/logo\/image\/\",\"url\":\"https:\/\/compuviper.mx\/tienda\/wp-content\/uploads\/2021\/08\/Logo-Compuviper-10.png\",\"contentUrl\":\"https:\/\/compuviper.mx\/tienda\/wp-content\/uploads\/2021\/08\/Logo-Compuviper-10.png\",\"width\":1000,\"height\":500,\"caption\":\"Compuviper\"},\"image\":{\"@id\":\"https:\/\/compuviper.mx\/tienda\/#\/schema\/logo\/image\/\"},\"sameAs\":[\"https:\/\/www.facebook.com\/compuviper\",\"https:\/\/www.youtube.com\/channel\/UCf73dERp9Y3cfOq7q8BhLjA?view_as=subscriber\"]}]}<\/script>\n<meta property=\"product:brand\" content=\"PERFECT CHOICE\" \/>\n<meta property=\"product:price:amount\" content=\"933\" \/>\n<meta property=\"product:price:currency\" content=\"MXN\" \/>\n<meta property=\"og:availability\" content=\"instock\" \/>\n<meta property=\"product:availability\" content=\"instock\" \/>\n<meta property=\"product:retailer_item_id\" content=\"PC-112778\" \/>\n<meta property=\"product:condition\" content=\"new\" \/>\n<!-- \/ Yoast SEO plugin. -->","yoast_head_json":{"title":"[ Perfect Choice ] &#129351; Pc-112778 Bocina Mini Inalambrica Bluetooth Recargable Portatil Luz Rgb 30w Funcion Tws 6.5 Pulgadas Sapark - Negro","description":"Compra Pc-112778 Bocina Mini Inalambrica Bluetooth Recargable Portatil Luz Rgb 30w Funcion Tws 6.5 Pulgadas Sapark - Negro + Env\u00edo a domicilio + Pago seguro + Garant\u00eda","robots":{"index":"index","follow":"follow","max-snippet":"max-snippet:-1","max-image-preview":"max-image-preview:large","max-video-preview":"max-video-preview:-1"},"canonical":"https:\/\/compuviper.mx\/tienda\/producto\/perfect-choice-pc-112778-bocina-mini-inalambrica-bluetooth-recargable-portatil-luz-rgb-30w-funcion-tws-6-5-pulgadas-sapark-negro\/","og_locale":"es_MX","og_type":"article","og_title":"[ Perfect Choice ] &#129351; Pc-112778 Bocina Mini Inalambrica Bluetooth Recargable Portatil Luz Rgb 30w Funcion Tws 6.5 Pulgadas Sapark - Negro","og_description":"Compra Pc-112778 Bocina Mini Inalambrica Bluetooth Recargable Portatil Luz Rgb 30w Funcion Tws 6.5 Pulgadas Sapark - Negro + Env\u00edo a domicilio + Pago seguro + Garant\u00eda","og_url":"https:\/\/compuviper.mx\/tienda\/producto\/perfect-choice-pc-112778-bocina-mini-inalambrica-bluetooth-recargable-portatil-luz-rgb-30w-funcion-tws-6-5-pulgadas-sapark-negro\/","og_site_name":"Compuviper","article_publisher":"https:\/\/www.facebook.com\/compuviper","article_modified_time":"2026-04-14T08:04:26+00:00","og_image":[{"width":200,"height":200,"url":"https:\/\/compuviper.mx\/tienda\/wp-content\/uploads\/2024\/09\/Bocina-mini-inalambrica-bluetooth-recargable-portatil-luz-rgb-30w-funcion-tws-6.5-pulgadas-perfect-choice-sapark-negro.jpg","type":"image\/jpeg"}],"twitter_card":"summary_large_image","twitter_misc":{"Precio":"&#36;933 con IVA","Availability":"In stock"},"schema":{"@context":"https:\/\/schema.org","@graph":[{"@type":"WebPage","@id":"https:\/\/compuviper.mx\/tienda\/producto\/perfect-choice-pc-112778-bocina-mini-inalambrica-bluetooth-recargable-portatil-luz-rgb-30w-funcion-tws-6-5-pulgadas-sapark-negro\/","url":"https:\/\/compuviper.mx\/tienda\/producto\/perfect-choice-pc-112778-bocina-mini-inalambrica-bluetooth-recargable-portatil-luz-rgb-30w-funcion-tws-6-5-pulgadas-sapark-negro\/","name":"[ Perfect Choice ] &#129351; Pc-112778 Bocina Mini Inalambrica Bluetooth Recargable Portatil Luz Rgb 30w Funcion Tws 6.5 Pulgadas Sapark - Negro","isPartOf":{"@id":"https:\/\/compuviper.mx\/tienda\/#website"},"datePublished":"2026-04-14T08:04:25+00:00","dateModified":"2026-04-14T08:04:26+00:00","description":"Compra Pc-112778 Bocina Mini Inalambrica Bluetooth Recargable Portatil Luz Rgb 30w Funcion Tws 6.5 Pulgadas Sapark - Negro + Env\u00edo a domicilio + Pago seguro + Garant\u00eda","breadcrumb":{"@id":"https:\/\/compuviper.mx\/tienda\/producto\/perfect-choice-pc-112778-bocina-mini-inalambrica-bluetooth-recargable-portatil-luz-rgb-30w-funcion-tws-6-5-pulgadas-sapark-negro\/#breadcrumb"},"inLanguage":"es-MX","potentialAction":[{"@type":"ReadAction","target":["https:\/\/compuviper.mx\/tienda\/producto\/perfect-choice-pc-112778-bocina-mini-inalambrica-bluetooth-recargable-portatil-luz-rgb-30w-funcion-tws-6-5-pulgadas-sapark-negro\/"]}]},{"@type":"BreadcrumbList","@id":"https:\/\/compuviper.mx\/tienda\/producto\/perfect-choice-pc-112778-bocina-mini-inalambrica-bluetooth-recargable-portatil-luz-rgb-30w-funcion-tws-6-5-pulgadas-sapark-negro\/#breadcrumb","itemListElement":[{"@type":"ListItem","position":1,"name":"Inicio","item":"https:\/\/compuviper.mx\/tienda\/"},{"@type":"ListItem","position":2,"name":"Productos","item":"https:\/\/compuviper.mx\/tienda\/productos\/"},{"@type":"ListItem","position":3,"name":"Bocinas","item":"https:\/\/compuviper.mx\/tienda\/categoria-producto\/bocinas\/"},{"@type":"ListItem","position":4,"name":"Bafle","item":"https:\/\/compuviper.mx\/tienda\/categoria-producto\/bocinas\/bafle\/"},{"@type":"ListItem","position":5,"name":"Perfect Choice Pc-112778 Bocina Mini Inalambrica Bluetooth Recargable Portatil Luz Rgb 30w Funcion Tws 6.5 Pulgadas Sapark &#8211; Negro"}]},{"@type":"WebSite","@id":"https:\/\/compuviper.mx\/tienda\/#website","url":"https:\/\/compuviper.mx\/tienda\/","name":"Compuviper","description":"Proveedor de Computadoras, Laptops, Servidores, Monitores, Puntos de Venta, Teclados,   Impresoras, T\u00f3ner, C\u00e1maras de Seguridad y m\u00e1s en tu tienda en l\u00ednea","publisher":{"@id":"https:\/\/compuviper.mx\/tienda\/#organization"},"potentialAction":[{"@type":"SearchAction","target":{"@type":"EntryPoint","urlTemplate":"https:\/\/compuviper.mx\/tienda\/?s={search_term_string}"},"query-input":"required name=search_term_string"}],"inLanguage":"es-MX"},{"@type":"Organization","@id":"https:\/\/compuviper.mx\/tienda\/#organization","name":"Compuviper","url":"https:\/\/compuviper.mx\/tienda\/","logo":{"@type":"ImageObject","inLanguage":"es-MX","@id":"https:\/\/compuviper.mx\/tienda\/#\/schema\/logo\/image\/","url":"https:\/\/compuviper.mx\/tienda\/wp-content\/uploads\/2021\/08\/Logo-Compuviper-10.png","contentUrl":"https:\/\/compuviper.mx\/tienda\/wp-content\/uploads\/2021\/08\/Logo-Compuviper-10.png","width":1000,"height":500,"caption":"Compuviper"},"image":{"@id":"https:\/\/compuviper.mx\/tienda\/#\/schema\/logo\/image\/"},"sameAs":["https:\/\/www.facebook.com\/compuviper","https:\/\/www.youtube.com\/channel\/UCf73dERp9Y3cfOq7q8BhLjA?view_as=subscriber"]}]},"product_brand":"PERFECT CHOICE","product_price_amount":"933","product_price_currency":"MXN","og_availability":"instock","product_availability":"instock","product_retailer_item_id":"PC-112778","product_condition":"new"},"_links":{"self":[{"href":"https:\/\/compuviper.mx\/tienda\/wp-json\/wp\/v2\/product\/235554"}],"collection":[{"href":"https:\/\/compuviper.mx\/tienda\/wp-json\/wp\/v2\/product"}],"about":[{"href":"https:\/\/compuviper.mx\/tienda\/wp-json\/wp\/v2\/types\/product"}],"replies":[{"embeddable":true,"href":"https:\/\/compuviper.mx\/tienda\/wp-json\/wp\/v2\/comments?post=235554"}],"wp:featuredmedia":[{"embeddable":true,"href":"https:\/\/compuviper.mx\/tienda\/wp-json\/wp\/v2\/media\/243477"}],"wp:attachment":[{"href":"https:\/\/compuviper.mx\/tienda\/wp-json\/wp\/v2\/media?parent=235554"}],"wp:term":[{"taxonomy":"product_cat","embeddable":true,"href":"https:\/\/compuviper.mx\/tienda\/wp-json\/wp\/v2\/product_cat?post=235554"},{"taxonomy":"product_tag","embeddable":true,"href":"https:\/\/compuviper.mx\/tienda\/wp-json\/wp\/v2\/product_tag?post=235554"}],"curies":[{"name":"wp","href":"https:\/\/api.w.org\/{rel}","templated":true}]}}