{"id":235493,"date":"2026-04-14T23:12:21","date_gmt":"2026-04-15T05:12:21","guid":{"rendered":"https:\/\/compuviper.mx\/tienda\/producto\/perfect-choice-pc-083009-maleta-de-viaje-con-ruedas-trolley-y-compartimento-para-laptop-15-6-pulgadas-prit\/"},"modified":"2026-04-14T23:12:21","modified_gmt":"2026-04-15T05:12:21","slug":"perfect-choice-pc-083009-maleta-de-viaje-rotacion-360-grados-en-ruedas-con-trolley-y-compartimiento-para-laptop-15-6-pulgadas-prit-negro","status":"publish","type":"product","link":"https:\/\/compuviper.mx\/tienda\/producto\/perfect-choice-pc-083009-maleta-de-viaje-rotacion-360-grados-en-ruedas-con-trolley-y-compartimiento-para-laptop-15-6-pulgadas-prit-negro\/","title":{"rendered":"Perfect Choice Pc-083009 Maleta De Viaje Rotacion 360 Grados En Ruedas Con Trolley Y Compartimiento Para Laptop 15.6 Pulgadas  Prit &#8211; Negro"},"content":{"rendered":"<table class=\"descripcion\">\n<tr>\n<td>Especificaciones t\u00e9cnicas<\/td>\n<\/tr>\n<tr>\n<td>&#8211; compartibilidad: 15.6 (39.8 cm)<\/td>\n<\/tr>\n<tr>\n<td>&#8211; materiales:<\/td>\n<\/tr>\n<tr>\n<td>&#8211; cubierta poli\u00e9ster 1680d 100%<\/td>\n<\/tr>\n<tr>\n<td>&#8211; forro: poli\u00e9ster 100%<\/td>\n<\/tr>\n<tr>\n<td>&#8211; sujetador: aluminio 100%<\/td>\n<\/tr>\n<tr>\n<td>Medidas del producto<\/td>\n<\/tr>\n<tr>\n<td>&#8211; medidas: 40.6 x 38 x 19 cm.<\/td>\n<\/tr>\n<tr>\n<td>&#8211; peso: 2.4 kg.<\/td>\n<\/tr>\n<\/table>\n","protected":false},"excerpt":{"rendered":"<p>La maleta de viaje prit es ideal para viajes ejecutivos ya que es c\u00f3moda y muy ligera, tiene compartimento para computadora port\u00e1til de 15.6. Es un accesorio dise\u00f1ado espec\u00edficamente para satisfacer las necesidades de los profesionales en movimiento. Esta maleta est\u00e1 dise\u00f1ada con materiales duraderos pero livianos, lo que la hace f\u00e1cil de transportar y manipular.<\/p>\n","protected":false},"featured_media":241918,"comment_status":"open","ping_status":"open","template":"","meta":[],"product_cat":[1557,1558],"product_tag":[1513],"acf":[],"yoast_head":"<!-- This site is optimized with the Yoast SEO plugin v21.7 - https:\/\/yoast.com\/wordpress\/plugins\/seo\/ -->\n<title>[ Perfect Choice ] &#129351; Pc-083009 Maleta De Viaje Rotacion 360 Grados En Ruedas Con Trolley Y Compartimiento Para Laptop 15.6 Pulgadas Prit - Negro<\/title>\n<meta name=\"description\" content=\"Compra Pc-083009 Maleta De Viaje Rotacion 360 Grados En Ruedas Con Trolley Y Compartimiento Para Laptop 15.6 Pulgadas Prit - Negro + Env\u00edo a domicilio + Pago seguro + Garant\u00eda\" \/>\n<meta name=\"robots\" content=\"index, follow, max-snippet:-1, max-image-preview:large, max-video-preview:-1\" \/>\n<link rel=\"canonical\" href=\"https:\/\/compuviper.mx\/tienda\/producto\/perfect-choice-pc-083009-maleta-de-viaje-rotacion-360-grados-en-ruedas-con-trolley-y-compartimiento-para-laptop-15-6-pulgadas-prit-negro\/\" \/>\n<meta property=\"og:locale\" content=\"es_MX\" \/>\n<meta property=\"og:type\" content=\"article\" \/>\n<meta property=\"og:title\" content=\"[ Perfect Choice ] &#129351; Pc-083009 Maleta De Viaje Rotacion 360 Grados En Ruedas Con Trolley Y Compartimiento Para Laptop 15.6 Pulgadas Prit - Negro\" \/>\n<meta property=\"og:description\" content=\"Compra Pc-083009 Maleta De Viaje Rotacion 360 Grados En Ruedas Con Trolley Y Compartimiento Para Laptop 15.6 Pulgadas Prit - Negro + Env\u00edo a domicilio + Pago seguro + Garant\u00eda\" \/>\n<meta property=\"og:url\" content=\"https:\/\/compuviper.mx\/tienda\/producto\/perfect-choice-pc-083009-maleta-de-viaje-rotacion-360-grados-en-ruedas-con-trolley-y-compartimiento-para-laptop-15-6-pulgadas-prit-negro\/\" \/>\n<meta property=\"og:site_name\" content=\"Compuviper\" \/>\n<meta property=\"article:publisher\" content=\"https:\/\/www.facebook.com\/compuviper\" \/>\n<meta property=\"og:image\" content=\"https:\/\/compuviper.mx\/tienda\/wp-content\/uploads\/2024\/09\/Maleta-de-viaje-rotacion-360-grados-en-ruedas-con-trolley-y-compartimiento-para-laptop-15.6-pulgadas-perfect-choice-prit-negro.jpg\" \/>\n\t<meta property=\"og:image:width\" content=\"200\" \/>\n\t<meta property=\"og:image:height\" content=\"200\" \/>\n\t<meta property=\"og:image:type\" content=\"image\/jpeg\" \/>\n<meta name=\"twitter:card\" content=\"summary_large_image\" \/>\n<meta name=\"twitter:label1\" content=\"Precio\" \/>\n\t<meta name=\"twitter:data1\" content=\"&#36;1,137 con IVA\" \/>\n\t<meta name=\"twitter:label2\" content=\"Availability\" \/>\n\t<meta name=\"twitter:data2\" content=\"In stock\" \/>\n<script type=\"application\/ld+json\" class=\"yoast-schema-graph\">{\"@context\":\"https:\/\/schema.org\",\"@graph\":[{\"@type\":\"WebPage\",\"@id\":\"https:\/\/compuviper.mx\/tienda\/producto\/perfect-choice-pc-083009-maleta-de-viaje-rotacion-360-grados-en-ruedas-con-trolley-y-compartimiento-para-laptop-15-6-pulgadas-prit-negro\/\",\"url\":\"https:\/\/compuviper.mx\/tienda\/producto\/perfect-choice-pc-083009-maleta-de-viaje-rotacion-360-grados-en-ruedas-con-trolley-y-compartimiento-para-laptop-15-6-pulgadas-prit-negro\/\",\"name\":\"[ Perfect Choice ] &#129351; Pc-083009 Maleta De Viaje Rotacion 360 Grados En Ruedas Con Trolley Y Compartimiento Para Laptop 15.6 Pulgadas Prit - Negro\",\"isPartOf\":{\"@id\":\"https:\/\/compuviper.mx\/tienda\/#website\"},\"datePublished\":\"2026-04-15T05:12:21+00:00\",\"dateModified\":\"2026-04-15T05:12:21+00:00\",\"description\":\"Compra Pc-083009 Maleta De Viaje Rotacion 360 Grados En Ruedas Con Trolley Y Compartimiento Para Laptop 15.6 Pulgadas Prit - Negro + Env\u00edo a domicilio + Pago seguro + Garant\u00eda\",\"breadcrumb\":{\"@id\":\"https:\/\/compuviper.mx\/tienda\/producto\/perfect-choice-pc-083009-maleta-de-viaje-rotacion-360-grados-en-ruedas-con-trolley-y-compartimiento-para-laptop-15-6-pulgadas-prit-negro\/#breadcrumb\"},\"inLanguage\":\"es-MX\",\"potentialAction\":[{\"@type\":\"ReadAction\",\"target\":[\"https:\/\/compuviper.mx\/tienda\/producto\/perfect-choice-pc-083009-maleta-de-viaje-rotacion-360-grados-en-ruedas-con-trolley-y-compartimiento-para-laptop-15-6-pulgadas-prit-negro\/\"]}]},{\"@type\":\"BreadcrumbList\",\"@id\":\"https:\/\/compuviper.mx\/tienda\/producto\/perfect-choice-pc-083009-maleta-de-viaje-rotacion-360-grados-en-ruedas-con-trolley-y-compartimiento-para-laptop-15-6-pulgadas-prit-negro\/#breadcrumb\",\"itemListElement\":[{\"@type\":\"ListItem\",\"position\":1,\"name\":\"Inicio\",\"item\":\"https:\/\/compuviper.mx\/tienda\/\"},{\"@type\":\"ListItem\",\"position\":2,\"name\":\"Productos\",\"item\":\"https:\/\/compuviper.mx\/tienda\/productos\/\"},{\"@type\":\"ListItem\",\"position\":3,\"name\":\"Back Pack (mochila)\",\"item\":\"https:\/\/compuviper.mx\/tienda\/categoria-producto\/back-pack-mochila\/\"},{\"@type\":\"ListItem\",\"position\":4,\"name\":\"Sin Categor\u00eda\",\"item\":\"https:\/\/compuviper.mx\/tienda\/categoria-producto\/back-pack-mochila\/sin-categoria-back-pack-mochila\/\"},{\"@type\":\"ListItem\",\"position\":5,\"name\":\"Perfect Choice Pc-083009 Maleta De Viaje Rotacion 360 Grados En Ruedas Con Trolley Y Compartimiento Para Laptop 15.6 Pulgadas Prit &#8211; Negro\"}]},{\"@type\":\"WebSite\",\"@id\":\"https:\/\/compuviper.mx\/tienda\/#website\",\"url\":\"https:\/\/compuviper.mx\/tienda\/\",\"name\":\"Compuviper\",\"description\":\"Proveedor de Computadoras, Laptops, Servidores, Monitores, Puntos de Venta, Teclados,   Impresoras, T\u00f3ner, C\u00e1maras de Seguridad y m\u00e1s en tu tienda en l\u00ednea\",\"publisher\":{\"@id\":\"https:\/\/compuviper.mx\/tienda\/#organization\"},\"potentialAction\":[{\"@type\":\"SearchAction\",\"target\":{\"@type\":\"EntryPoint\",\"urlTemplate\":\"https:\/\/compuviper.mx\/tienda\/?s={search_term_string}\"},\"query-input\":\"required name=search_term_string\"}],\"inLanguage\":\"es-MX\"},{\"@type\":\"Organization\",\"@id\":\"https:\/\/compuviper.mx\/tienda\/#organization\",\"name\":\"Compuviper\",\"url\":\"https:\/\/compuviper.mx\/tienda\/\",\"logo\":{\"@type\":\"ImageObject\",\"inLanguage\":\"es-MX\",\"@id\":\"https:\/\/compuviper.mx\/tienda\/#\/schema\/logo\/image\/\",\"url\":\"https:\/\/compuviper.mx\/tienda\/wp-content\/uploads\/2021\/08\/Logo-Compuviper-10.png\",\"contentUrl\":\"https:\/\/compuviper.mx\/tienda\/wp-content\/uploads\/2021\/08\/Logo-Compuviper-10.png\",\"width\":1000,\"height\":500,\"caption\":\"Compuviper\"},\"image\":{\"@id\":\"https:\/\/compuviper.mx\/tienda\/#\/schema\/logo\/image\/\"},\"sameAs\":[\"https:\/\/www.facebook.com\/compuviper\",\"https:\/\/www.youtube.com\/channel\/UCf73dERp9Y3cfOq7q8BhLjA?view_as=subscriber\"]}]}<\/script>\n<meta property=\"product:brand\" content=\"PERFECT CHOICE\" \/>\n<meta property=\"product:price:amount\" content=\"1137\" \/>\n<meta property=\"product:price:currency\" content=\"MXN\" \/>\n<meta property=\"og:availability\" content=\"instock\" \/>\n<meta property=\"product:availability\" content=\"instock\" \/>\n<meta property=\"product:retailer_item_id\" content=\"PC-083009\" \/>\n<meta property=\"product:condition\" content=\"new\" \/>\n<!-- \/ Yoast SEO plugin. -->","yoast_head_json":{"title":"[ Perfect Choice ] &#129351; Pc-083009 Maleta De Viaje Rotacion 360 Grados En Ruedas Con Trolley Y Compartimiento Para Laptop 15.6 Pulgadas Prit - Negro","description":"Compra Pc-083009 Maleta De Viaje Rotacion 360 Grados En Ruedas Con Trolley Y Compartimiento Para Laptop 15.6 Pulgadas Prit - Negro + Env\u00edo a domicilio + Pago seguro + Garant\u00eda","robots":{"index":"index","follow":"follow","max-snippet":"max-snippet:-1","max-image-preview":"max-image-preview:large","max-video-preview":"max-video-preview:-1"},"canonical":"https:\/\/compuviper.mx\/tienda\/producto\/perfect-choice-pc-083009-maleta-de-viaje-rotacion-360-grados-en-ruedas-con-trolley-y-compartimiento-para-laptop-15-6-pulgadas-prit-negro\/","og_locale":"es_MX","og_type":"article","og_title":"[ Perfect Choice ] &#129351; Pc-083009 Maleta De Viaje Rotacion 360 Grados En Ruedas Con Trolley Y Compartimiento Para Laptop 15.6 Pulgadas Prit - Negro","og_description":"Compra Pc-083009 Maleta De Viaje Rotacion 360 Grados En Ruedas Con Trolley Y Compartimiento Para Laptop 15.6 Pulgadas Prit - Negro + Env\u00edo a domicilio + Pago seguro + Garant\u00eda","og_url":"https:\/\/compuviper.mx\/tienda\/producto\/perfect-choice-pc-083009-maleta-de-viaje-rotacion-360-grados-en-ruedas-con-trolley-y-compartimiento-para-laptop-15-6-pulgadas-prit-negro\/","og_site_name":"Compuviper","article_publisher":"https:\/\/www.facebook.com\/compuviper","og_image":[{"width":200,"height":200,"url":"https:\/\/compuviper.mx\/tienda\/wp-content\/uploads\/2024\/09\/Maleta-de-viaje-rotacion-360-grados-en-ruedas-con-trolley-y-compartimiento-para-laptop-15.6-pulgadas-perfect-choice-prit-negro.jpg","type":"image\/jpeg"}],"twitter_card":"summary_large_image","twitter_misc":{"Precio":"&#36;1,137 con IVA","Availability":"In stock"},"schema":{"@context":"https:\/\/schema.org","@graph":[{"@type":"WebPage","@id":"https:\/\/compuviper.mx\/tienda\/producto\/perfect-choice-pc-083009-maleta-de-viaje-rotacion-360-grados-en-ruedas-con-trolley-y-compartimiento-para-laptop-15-6-pulgadas-prit-negro\/","url":"https:\/\/compuviper.mx\/tienda\/producto\/perfect-choice-pc-083009-maleta-de-viaje-rotacion-360-grados-en-ruedas-con-trolley-y-compartimiento-para-laptop-15-6-pulgadas-prit-negro\/","name":"[ Perfect Choice ] &#129351; Pc-083009 Maleta De Viaje Rotacion 360 Grados En Ruedas Con Trolley Y Compartimiento Para Laptop 15.6 Pulgadas Prit - Negro","isPartOf":{"@id":"https:\/\/compuviper.mx\/tienda\/#website"},"datePublished":"2026-04-15T05:12:21+00:00","dateModified":"2026-04-15T05:12:21+00:00","description":"Compra Pc-083009 Maleta De Viaje Rotacion 360 Grados En Ruedas Con Trolley Y Compartimiento Para Laptop 15.6 Pulgadas Prit - Negro + Env\u00edo a domicilio + Pago seguro + Garant\u00eda","breadcrumb":{"@id":"https:\/\/compuviper.mx\/tienda\/producto\/perfect-choice-pc-083009-maleta-de-viaje-rotacion-360-grados-en-ruedas-con-trolley-y-compartimiento-para-laptop-15-6-pulgadas-prit-negro\/#breadcrumb"},"inLanguage":"es-MX","potentialAction":[{"@type":"ReadAction","target":["https:\/\/compuviper.mx\/tienda\/producto\/perfect-choice-pc-083009-maleta-de-viaje-rotacion-360-grados-en-ruedas-con-trolley-y-compartimiento-para-laptop-15-6-pulgadas-prit-negro\/"]}]},{"@type":"BreadcrumbList","@id":"https:\/\/compuviper.mx\/tienda\/producto\/perfect-choice-pc-083009-maleta-de-viaje-rotacion-360-grados-en-ruedas-con-trolley-y-compartimiento-para-laptop-15-6-pulgadas-prit-negro\/#breadcrumb","itemListElement":[{"@type":"ListItem","position":1,"name":"Inicio","item":"https:\/\/compuviper.mx\/tienda\/"},{"@type":"ListItem","position":2,"name":"Productos","item":"https:\/\/compuviper.mx\/tienda\/productos\/"},{"@type":"ListItem","position":3,"name":"Back Pack (mochila)","item":"https:\/\/compuviper.mx\/tienda\/categoria-producto\/back-pack-mochila\/"},{"@type":"ListItem","position":4,"name":"Sin Categor\u00eda","item":"https:\/\/compuviper.mx\/tienda\/categoria-producto\/back-pack-mochila\/sin-categoria-back-pack-mochila\/"},{"@type":"ListItem","position":5,"name":"Perfect Choice Pc-083009 Maleta De Viaje Rotacion 360 Grados En Ruedas Con Trolley Y Compartimiento Para Laptop 15.6 Pulgadas Prit &#8211; Negro"}]},{"@type":"WebSite","@id":"https:\/\/compuviper.mx\/tienda\/#website","url":"https:\/\/compuviper.mx\/tienda\/","name":"Compuviper","description":"Proveedor de Computadoras, Laptops, Servidores, Monitores, Puntos de Venta, Teclados,   Impresoras, T\u00f3ner, C\u00e1maras de Seguridad y m\u00e1s en tu tienda en l\u00ednea","publisher":{"@id":"https:\/\/compuviper.mx\/tienda\/#organization"},"potentialAction":[{"@type":"SearchAction","target":{"@type":"EntryPoint","urlTemplate":"https:\/\/compuviper.mx\/tienda\/?s={search_term_string}"},"query-input":"required name=search_term_string"}],"inLanguage":"es-MX"},{"@type":"Organization","@id":"https:\/\/compuviper.mx\/tienda\/#organization","name":"Compuviper","url":"https:\/\/compuviper.mx\/tienda\/","logo":{"@type":"ImageObject","inLanguage":"es-MX","@id":"https:\/\/compuviper.mx\/tienda\/#\/schema\/logo\/image\/","url":"https:\/\/compuviper.mx\/tienda\/wp-content\/uploads\/2021\/08\/Logo-Compuviper-10.png","contentUrl":"https:\/\/compuviper.mx\/tienda\/wp-content\/uploads\/2021\/08\/Logo-Compuviper-10.png","width":1000,"height":500,"caption":"Compuviper"},"image":{"@id":"https:\/\/compuviper.mx\/tienda\/#\/schema\/logo\/image\/"},"sameAs":["https:\/\/www.facebook.com\/compuviper","https:\/\/www.youtube.com\/channel\/UCf73dERp9Y3cfOq7q8BhLjA?view_as=subscriber"]}]},"product_brand":"PERFECT CHOICE","product_price_amount":"1137","product_price_currency":"MXN","og_availability":"instock","product_availability":"instock","product_retailer_item_id":"PC-083009","product_condition":"new"},"_links":{"self":[{"href":"https:\/\/compuviper.mx\/tienda\/wp-json\/wp\/v2\/product\/235493"}],"collection":[{"href":"https:\/\/compuviper.mx\/tienda\/wp-json\/wp\/v2\/product"}],"about":[{"href":"https:\/\/compuviper.mx\/tienda\/wp-json\/wp\/v2\/types\/product"}],"replies":[{"embeddable":true,"href":"https:\/\/compuviper.mx\/tienda\/wp-json\/wp\/v2\/comments?post=235493"}],"wp:featuredmedia":[{"embeddable":true,"href":"https:\/\/compuviper.mx\/tienda\/wp-json\/wp\/v2\/media\/241918"}],"wp:attachment":[{"href":"https:\/\/compuviper.mx\/tienda\/wp-json\/wp\/v2\/media?parent=235493"}],"wp:term":[{"taxonomy":"product_cat","embeddable":true,"href":"https:\/\/compuviper.mx\/tienda\/wp-json\/wp\/v2\/product_cat?post=235493"},{"taxonomy":"product_tag","embeddable":true,"href":"https:\/\/compuviper.mx\/tienda\/wp-json\/wp\/v2\/product_tag?post=235493"}],"curies":[{"name":"wp","href":"https:\/\/api.w.org\/{rel}","templated":true}]}}