{"id":235486,"date":"2026-04-28T01:56:49","date_gmt":"2026-04-28T07:56:49","guid":{"rendered":"https:\/\/compuviper.mx\/tienda\/producto\/dataproducts-000-0962-08g-escaner-avision-av332f-32-ppm-64-ipm-600-dpi-48-bits-entrada-24-bits-salida-usb-2-0-duplex-adf-y-cama-plana\/"},"modified":"2026-04-28T01:56:50","modified_gmt":"2026-04-28T07:56:50","slug":"avision-000-0962-08g-escaner-av332f-32-ppm-64-ipm-600-dpi-48-bits-entrada-24-bits-salida-usb-2-0-duplex-adf-y-cama-plana","status":"publish","type":"product","link":"https:\/\/compuviper.mx\/tienda\/producto\/avision-000-0962-08g-escaner-av332f-32-ppm-64-ipm-600-dpi-48-bits-entrada-24-bits-salida-usb-2-0-duplex-adf-y-cama-plana\/","title":{"rendered":"Avision 000-0962-08g Escaner  Av332f, 32 Ppm \/ 64 Ipm, 600 Dpi, 48 Bits Entrada \/ 24 Bits Salida, Usb 2.0, Duplex, Adf Y Cama Plana"},"content":{"rendered":"<table class=\"descripcion\">\n<tr>\n<td>Esc\u00e1ner profesional tecnolog\u00eda cis, cama plana y alimentador autom\u00e1tico de documentos (adf), resoluci\u00f3n por cama plana de 1200x1200dpi, resoluci\u00f3n  adf 600x600dpi, velocidad de 40ppm 80ipm, volumen diario recomendado de escaneo  5000 hojas, memoria de  128mb interfaz usb 2.0, integrado con el procesador de im\u00e1genes desarrollado por avision, la imagen digitalizada se puede recortar, enderezar y optimizar autom\u00e1ticamente con una velocidad mejorada.<\/td>\n<\/tr>\n<\/table>\n","protected":false},"excerpt":{"rendered":"<p>Esc\u00e1ner profesional tecnolog\u00eda cis, cama plana y alimentador autom\u00e1tico de documentos (adf), resoluci\u00f3n por cama plana de 1200x1200dpi, resoluci\u00f3n adf 600x600dpi, velocidad de 40ppm 80ipm, volumen diario recomendado de escaneo 5000 hojas, memoria de 128mb interfaz usb 2.0, integrado con el procesador de im\u00e1genes desarrollado por avision, la imagen digitalizada se puede recortar, enderezar y [&hellip;]<\/p>\n","protected":false},"featured_media":243399,"comment_status":"open","ping_status":"open","template":"","meta":[],"product_cat":[1805,1807],"product_tag":[2307],"acf":[],"yoast_head":"<!-- This site is optimized with the Yoast SEO plugin v21.7 - https:\/\/yoast.com\/wordpress\/plugins\/seo\/ -->\n<title>[ Avision ] &#129351; 000-0962-08g Escaner Av332f, 32 Ppm \/ 64 Ipm, 600 Dpi, 48 Bits Entrada \/ 24 Bits Salida, Usb 2.0, Duplex, Adf Y Cama Plana<\/title>\n<meta name=\"description\" content=\"Compra 000-0962-08g Escaner Av332f, 32 Ppm \/ 64 Ipm, 600 Dpi, 48 Bits Entrada \/ 24 Bits Salida, Usb 2.0, Duplex, Adf Y Cama Plana + Env\u00edo a domicilio + Pago seguro + Garant\u00eda\" \/>\n<meta name=\"robots\" content=\"index, follow, max-snippet:-1, max-image-preview:large, max-video-preview:-1\" \/>\n<link rel=\"canonical\" href=\"https:\/\/compuviper.mx\/tienda\/producto\/avision-000-0962-08g-escaner-av332f-32-ppm-64-ipm-600-dpi-48-bits-entrada-24-bits-salida-usb-2-0-duplex-adf-y-cama-plana\/\" \/>\n<meta property=\"og:locale\" content=\"es_MX\" \/>\n<meta property=\"og:type\" content=\"article\" \/>\n<meta property=\"og:title\" content=\"[ Avision ] &#129351; 000-0962-08g Escaner Av332f, 32 Ppm \/ 64 Ipm, 600 Dpi, 48 Bits Entrada \/ 24 Bits Salida, Usb 2.0, Duplex, Adf Y Cama Plana\" \/>\n<meta property=\"og:description\" content=\"Compra 000-0962-08g Escaner Av332f, 32 Ppm \/ 64 Ipm, 600 Dpi, 48 Bits Entrada \/ 24 Bits Salida, Usb 2.0, Duplex, Adf Y Cama Plana + Env\u00edo a domicilio + Pago seguro + Garant\u00eda\" \/>\n<meta property=\"og:url\" content=\"https:\/\/compuviper.mx\/tienda\/producto\/avision-000-0962-08g-escaner-av332f-32-ppm-64-ipm-600-dpi-48-bits-entrada-24-bits-salida-usb-2-0-duplex-adf-y-cama-plana\/\" \/>\n<meta property=\"og:site_name\" content=\"Compuviper\" \/>\n<meta property=\"article:publisher\" content=\"https:\/\/www.facebook.com\/compuviper\" \/>\n<meta property=\"article:modified_time\" content=\"2026-04-28T07:56:50+00:00\" \/>\n<meta property=\"og:image\" content=\"https:\/\/compuviper.mx\/tienda\/wp-content\/uploads\/2024\/09\/Escaner-avision-av332f-32-ppm-64-ipm-600-dpi-48-bits-entrada-24-bits-salida-usb-2.0-duplex-adf-y-cama-plana.jpg\" \/>\n\t<meta property=\"og:image:width\" content=\"200\" \/>\n\t<meta property=\"og:image:height\" content=\"200\" \/>\n\t<meta property=\"og:image:type\" content=\"image\/jpeg\" \/>\n<meta name=\"twitter:card\" content=\"summary_large_image\" \/>\n<meta name=\"twitter:label1\" content=\"Precio\" \/>\n\t<meta name=\"twitter:data1\" content=\"&#36;7,053 con IVA\" \/>\n\t<meta name=\"twitter:label2\" content=\"Availability\" \/>\n\t<meta name=\"twitter:data2\" content=\"Out of stock\" \/>\n<script type=\"application\/ld+json\" class=\"yoast-schema-graph\">{\"@context\":\"https:\/\/schema.org\",\"@graph\":[{\"@type\":\"WebPage\",\"@id\":\"https:\/\/compuviper.mx\/tienda\/producto\/avision-000-0962-08g-escaner-av332f-32-ppm-64-ipm-600-dpi-48-bits-entrada-24-bits-salida-usb-2-0-duplex-adf-y-cama-plana\/\",\"url\":\"https:\/\/compuviper.mx\/tienda\/producto\/avision-000-0962-08g-escaner-av332f-32-ppm-64-ipm-600-dpi-48-bits-entrada-24-bits-salida-usb-2-0-duplex-adf-y-cama-plana\/\",\"name\":\"[ Avision ] &#129351; 000-0962-08g Escaner Av332f, 32 Ppm \/ 64 Ipm, 600 Dpi, 48 Bits Entrada \/ 24 Bits Salida, Usb 2.0, Duplex, Adf Y Cama Plana\",\"isPartOf\":{\"@id\":\"https:\/\/compuviper.mx\/tienda\/#website\"},\"datePublished\":\"2026-04-28T07:56:49+00:00\",\"dateModified\":\"2026-04-28T07:56:50+00:00\",\"description\":\"Compra 000-0962-08g Escaner Av332f, 32 Ppm \/ 64 Ipm, 600 Dpi, 48 Bits Entrada \/ 24 Bits Salida, Usb 2.0, Duplex, Adf Y Cama Plana + Env\u00edo a domicilio + Pago seguro + Garant\u00eda\",\"breadcrumb\":{\"@id\":\"https:\/\/compuviper.mx\/tienda\/producto\/avision-000-0962-08g-escaner-av332f-32-ppm-64-ipm-600-dpi-48-bits-entrada-24-bits-salida-usb-2-0-duplex-adf-y-cama-plana\/#breadcrumb\"},\"inLanguage\":\"es-MX\",\"potentialAction\":[{\"@type\":\"ReadAction\",\"target\":[\"https:\/\/compuviper.mx\/tienda\/producto\/avision-000-0962-08g-escaner-av332f-32-ppm-64-ipm-600-dpi-48-bits-entrada-24-bits-salida-usb-2-0-duplex-adf-y-cama-plana\/\"]}]},{\"@type\":\"BreadcrumbList\",\"@id\":\"https:\/\/compuviper.mx\/tienda\/producto\/avision-000-0962-08g-escaner-av332f-32-ppm-64-ipm-600-dpi-48-bits-entrada-24-bits-salida-usb-2-0-duplex-adf-y-cama-plana\/#breadcrumb\",\"itemListElement\":[{\"@type\":\"ListItem\",\"position\":1,\"name\":\"Inicio\",\"item\":\"https:\/\/compuviper.mx\/tienda\/\"},{\"@type\":\"ListItem\",\"position\":2,\"name\":\"Productos\",\"item\":\"https:\/\/compuviper.mx\/tienda\/productos\/\"},{\"@type\":\"ListItem\",\"position\":3,\"name\":\"Scanner\",\"item\":\"https:\/\/compuviper.mx\/tienda\/categoria-producto\/scanner\/\"},{\"@type\":\"ListItem\",\"position\":4,\"name\":\"Scanner Documentos\",\"item\":\"https:\/\/compuviper.mx\/tienda\/categoria-producto\/scanner\/scanner-documentos\/\"},{\"@type\":\"ListItem\",\"position\":5,\"name\":\"Avision 000-0962-08g Escaner Av332f, 32 Ppm \/ 64 Ipm, 600 Dpi, 48 Bits Entrada \/ 24 Bits Salida, Usb 2.0, Duplex, Adf Y Cama Plana\"}]},{\"@type\":\"WebSite\",\"@id\":\"https:\/\/compuviper.mx\/tienda\/#website\",\"url\":\"https:\/\/compuviper.mx\/tienda\/\",\"name\":\"Compuviper\",\"description\":\"Proveedor de Computadoras, Laptops, Servidores, Monitores, Puntos de Venta, Teclados,   Impresoras, T\u00f3ner, C\u00e1maras de Seguridad y m\u00e1s en tu tienda en l\u00ednea\",\"publisher\":{\"@id\":\"https:\/\/compuviper.mx\/tienda\/#organization\"},\"potentialAction\":[{\"@type\":\"SearchAction\",\"target\":{\"@type\":\"EntryPoint\",\"urlTemplate\":\"https:\/\/compuviper.mx\/tienda\/?s={search_term_string}\"},\"query-input\":\"required name=search_term_string\"}],\"inLanguage\":\"es-MX\"},{\"@type\":\"Organization\",\"@id\":\"https:\/\/compuviper.mx\/tienda\/#organization\",\"name\":\"Compuviper\",\"url\":\"https:\/\/compuviper.mx\/tienda\/\",\"logo\":{\"@type\":\"ImageObject\",\"inLanguage\":\"es-MX\",\"@id\":\"https:\/\/compuviper.mx\/tienda\/#\/schema\/logo\/image\/\",\"url\":\"https:\/\/compuviper.mx\/tienda\/wp-content\/uploads\/2021\/08\/Logo-Compuviper-10.png\",\"contentUrl\":\"https:\/\/compuviper.mx\/tienda\/wp-content\/uploads\/2021\/08\/Logo-Compuviper-10.png\",\"width\":1000,\"height\":500,\"caption\":\"Compuviper\"},\"image\":{\"@id\":\"https:\/\/compuviper.mx\/tienda\/#\/schema\/logo\/image\/\"},\"sameAs\":[\"https:\/\/www.facebook.com\/compuviper\",\"https:\/\/www.youtube.com\/channel\/UCf73dERp9Y3cfOq7q8BhLjA?view_as=subscriber\"]}]}<\/script>\n<meta property=\"product:brand\" content=\"Avision\" \/>\n<meta property=\"product:price:amount\" content=\"7053\" \/>\n<meta property=\"product:price:currency\" content=\"MXN\" \/>\n<meta property=\"og:availability\" content=\"out of stock\" \/>\n<meta property=\"product:availability\" content=\"out of stock\" \/>\n<meta property=\"product:retailer_item_id\" content=\"000-0962-08G\" \/>\n<meta property=\"product:condition\" content=\"new\" \/>\n<!-- \/ Yoast SEO plugin. -->","yoast_head_json":{"title":"[ Avision ] &#129351; 000-0962-08g Escaner Av332f, 32 Ppm \/ 64 Ipm, 600 Dpi, 48 Bits Entrada \/ 24 Bits Salida, Usb 2.0, Duplex, Adf Y Cama Plana","description":"Compra 000-0962-08g Escaner Av332f, 32 Ppm \/ 64 Ipm, 600 Dpi, 48 Bits Entrada \/ 24 Bits Salida, Usb 2.0, Duplex, Adf Y Cama Plana + Env\u00edo a domicilio + Pago seguro + Garant\u00eda","robots":{"index":"index","follow":"follow","max-snippet":"max-snippet:-1","max-image-preview":"max-image-preview:large","max-video-preview":"max-video-preview:-1"},"canonical":"https:\/\/compuviper.mx\/tienda\/producto\/avision-000-0962-08g-escaner-av332f-32-ppm-64-ipm-600-dpi-48-bits-entrada-24-bits-salida-usb-2-0-duplex-adf-y-cama-plana\/","og_locale":"es_MX","og_type":"article","og_title":"[ Avision ] &#129351; 000-0962-08g Escaner Av332f, 32 Ppm \/ 64 Ipm, 600 Dpi, 48 Bits Entrada \/ 24 Bits Salida, Usb 2.0, Duplex, Adf Y Cama Plana","og_description":"Compra 000-0962-08g Escaner Av332f, 32 Ppm \/ 64 Ipm, 600 Dpi, 48 Bits Entrada \/ 24 Bits Salida, Usb 2.0, Duplex, Adf Y Cama Plana + Env\u00edo a domicilio + Pago seguro + Garant\u00eda","og_url":"https:\/\/compuviper.mx\/tienda\/producto\/avision-000-0962-08g-escaner-av332f-32-ppm-64-ipm-600-dpi-48-bits-entrada-24-bits-salida-usb-2-0-duplex-adf-y-cama-plana\/","og_site_name":"Compuviper","article_publisher":"https:\/\/www.facebook.com\/compuviper","article_modified_time":"2026-04-28T07:56:50+00:00","og_image":[{"width":200,"height":200,"url":"https:\/\/compuviper.mx\/tienda\/wp-content\/uploads\/2024\/09\/Escaner-avision-av332f-32-ppm-64-ipm-600-dpi-48-bits-entrada-24-bits-salida-usb-2.0-duplex-adf-y-cama-plana.jpg","type":"image\/jpeg"}],"twitter_card":"summary_large_image","twitter_misc":{"Precio":"&#36;7,053 con IVA","Availability":"Out of stock"},"schema":{"@context":"https:\/\/schema.org","@graph":[{"@type":"WebPage","@id":"https:\/\/compuviper.mx\/tienda\/producto\/avision-000-0962-08g-escaner-av332f-32-ppm-64-ipm-600-dpi-48-bits-entrada-24-bits-salida-usb-2-0-duplex-adf-y-cama-plana\/","url":"https:\/\/compuviper.mx\/tienda\/producto\/avision-000-0962-08g-escaner-av332f-32-ppm-64-ipm-600-dpi-48-bits-entrada-24-bits-salida-usb-2-0-duplex-adf-y-cama-plana\/","name":"[ Avision ] &#129351; 000-0962-08g Escaner Av332f, 32 Ppm \/ 64 Ipm, 600 Dpi, 48 Bits Entrada \/ 24 Bits Salida, Usb 2.0, Duplex, Adf Y Cama Plana","isPartOf":{"@id":"https:\/\/compuviper.mx\/tienda\/#website"},"datePublished":"2026-04-28T07:56:49+00:00","dateModified":"2026-04-28T07:56:50+00:00","description":"Compra 000-0962-08g Escaner Av332f, 32 Ppm \/ 64 Ipm, 600 Dpi, 48 Bits Entrada \/ 24 Bits Salida, Usb 2.0, Duplex, Adf Y Cama Plana + Env\u00edo a domicilio + Pago seguro + Garant\u00eda","breadcrumb":{"@id":"https:\/\/compuviper.mx\/tienda\/producto\/avision-000-0962-08g-escaner-av332f-32-ppm-64-ipm-600-dpi-48-bits-entrada-24-bits-salida-usb-2-0-duplex-adf-y-cama-plana\/#breadcrumb"},"inLanguage":"es-MX","potentialAction":[{"@type":"ReadAction","target":["https:\/\/compuviper.mx\/tienda\/producto\/avision-000-0962-08g-escaner-av332f-32-ppm-64-ipm-600-dpi-48-bits-entrada-24-bits-salida-usb-2-0-duplex-adf-y-cama-plana\/"]}]},{"@type":"BreadcrumbList","@id":"https:\/\/compuviper.mx\/tienda\/producto\/avision-000-0962-08g-escaner-av332f-32-ppm-64-ipm-600-dpi-48-bits-entrada-24-bits-salida-usb-2-0-duplex-adf-y-cama-plana\/#breadcrumb","itemListElement":[{"@type":"ListItem","position":1,"name":"Inicio","item":"https:\/\/compuviper.mx\/tienda\/"},{"@type":"ListItem","position":2,"name":"Productos","item":"https:\/\/compuviper.mx\/tienda\/productos\/"},{"@type":"ListItem","position":3,"name":"Scanner","item":"https:\/\/compuviper.mx\/tienda\/categoria-producto\/scanner\/"},{"@type":"ListItem","position":4,"name":"Scanner Documentos","item":"https:\/\/compuviper.mx\/tienda\/categoria-producto\/scanner\/scanner-documentos\/"},{"@type":"ListItem","position":5,"name":"Avision 000-0962-08g Escaner Av332f, 32 Ppm \/ 64 Ipm, 600 Dpi, 48 Bits Entrada \/ 24 Bits Salida, Usb 2.0, Duplex, Adf Y Cama Plana"}]},{"@type":"WebSite","@id":"https:\/\/compuviper.mx\/tienda\/#website","url":"https:\/\/compuviper.mx\/tienda\/","name":"Compuviper","description":"Proveedor de Computadoras, Laptops, Servidores, Monitores, Puntos de Venta, Teclados,   Impresoras, T\u00f3ner, C\u00e1maras de Seguridad y m\u00e1s en tu tienda en l\u00ednea","publisher":{"@id":"https:\/\/compuviper.mx\/tienda\/#organization"},"potentialAction":[{"@type":"SearchAction","target":{"@type":"EntryPoint","urlTemplate":"https:\/\/compuviper.mx\/tienda\/?s={search_term_string}"},"query-input":"required name=search_term_string"}],"inLanguage":"es-MX"},{"@type":"Organization","@id":"https:\/\/compuviper.mx\/tienda\/#organization","name":"Compuviper","url":"https:\/\/compuviper.mx\/tienda\/","logo":{"@type":"ImageObject","inLanguage":"es-MX","@id":"https:\/\/compuviper.mx\/tienda\/#\/schema\/logo\/image\/","url":"https:\/\/compuviper.mx\/tienda\/wp-content\/uploads\/2021\/08\/Logo-Compuviper-10.png","contentUrl":"https:\/\/compuviper.mx\/tienda\/wp-content\/uploads\/2021\/08\/Logo-Compuviper-10.png","width":1000,"height":500,"caption":"Compuviper"},"image":{"@id":"https:\/\/compuviper.mx\/tienda\/#\/schema\/logo\/image\/"},"sameAs":["https:\/\/www.facebook.com\/compuviper","https:\/\/www.youtube.com\/channel\/UCf73dERp9Y3cfOq7q8BhLjA?view_as=subscriber"]}]},"product_brand":"Avision","product_price_amount":"7053","product_price_currency":"MXN","og_availability":"out of stock","product_availability":"out of stock","product_retailer_item_id":"000-0962-08G","product_condition":"new"},"_links":{"self":[{"href":"https:\/\/compuviper.mx\/tienda\/wp-json\/wp\/v2\/product\/235486"}],"collection":[{"href":"https:\/\/compuviper.mx\/tienda\/wp-json\/wp\/v2\/product"}],"about":[{"href":"https:\/\/compuviper.mx\/tienda\/wp-json\/wp\/v2\/types\/product"}],"replies":[{"embeddable":true,"href":"https:\/\/compuviper.mx\/tienda\/wp-json\/wp\/v2\/comments?post=235486"}],"wp:featuredmedia":[{"embeddable":true,"href":"https:\/\/compuviper.mx\/tienda\/wp-json\/wp\/v2\/media\/243399"}],"wp:attachment":[{"href":"https:\/\/compuviper.mx\/tienda\/wp-json\/wp\/v2\/media?parent=235486"}],"wp:term":[{"taxonomy":"product_cat","embeddable":true,"href":"https:\/\/compuviper.mx\/tienda\/wp-json\/wp\/v2\/product_cat?post=235486"},{"taxonomy":"product_tag","embeddable":true,"href":"https:\/\/compuviper.mx\/tienda\/wp-json\/wp\/v2\/product_tag?post=235486"}],"curies":[{"name":"wp","href":"https:\/\/api.w.org\/{rel}","templated":true}]}}