{"id":235448,"date":"2026-04-18T01:11:52","date_gmt":"2026-04-18T07:11:52","guid":{"rendered":"https:\/\/compuviper.mx\/tienda\/producto\/intellinet-561402-poe-switch-gb-8-ptos-32w-pto-120w-2-rj45\/"},"modified":"2026-04-18T01:11:52","modified_gmt":"2026-04-18T07:11:52","slug":"intellinet-561402-poe-switch-gb-8-ptos-32w-pto-120w-2-rj45","status":"publish","type":"product","link":"https:\/\/compuviper.mx\/tienda\/producto\/intellinet-561402-poe-switch-gb-8-ptos-32w-pto-120w-2-rj45\/","title":{"rendered":"Intellinet 561402 Poe Switch ,,, Gb  8 Ptos 32w\/pto, 120w, + 2 Rj45"},"content":{"rendered":"<table class=\"descripcion\">\n<tr>\n<td>Est\u00e1ndares<\/td>\n<\/tr>\n<tr>\n<td>Ieee 802.3 (10base-t ethernet)<\/td>\n<\/tr>\n<tr>\n<td>Ieee 802.3ab (gigabit ethernet para par trenzado)<\/td>\n<\/tr>\n<tr>\n<td>Ieee 802.3af (power over ethernet 802.3af clase 1)<\/td>\n<\/tr>\n<tr>\n<td>Ieee 802.3at (power over ethernet 802.3at clase 2)<\/td>\n<\/tr>\n<tr>\n<td>Ieee 802.3az (ethernet eficiente en energ\u00eda, eee)<\/td>\n<\/tr>\n<tr>\n<td>Ieee 802.3u (100base-tx fast ethernet)<\/td>\n<\/tr>\n<tr>\n<td>Ieee 802.3x (control de flujo para modo full d\u00faplex)<\/td>\n<\/tr>\n<tr>\n<td>General<\/td>\n<\/tr>\n<tr>\n<td>Medios soportados<\/td>\n<\/tr>\n<tr>\n<td>&#8211; 10base-t<\/td>\n<\/tr>\n<tr>\n<td>&#8211; 100base-tx<\/td>\n<\/tr>\n<tr>\n<td>&#8211; 1000base-t<\/td>\n<\/tr>\n<tr>\n<td>Filtro de paquetes\/tasa de transmisi\u00f3n:<\/td>\n<\/tr>\n<tr>\n<td>&#8211; 1,488,000 pps (1000 mbps)<\/td>\n<\/tr>\n<tr>\n<td>&#8211; 148,800 pps (100 mbps)<\/td>\n<\/tr>\n<tr>\n<td>&#8211; 14,880 pps (10 mbps)<\/td>\n<\/tr>\n<tr>\n<td>Tabla de direcciones mac: 8192 entradas<\/td>\n<\/tr>\n<tr>\n<td>Memoria b\u00fafer: 2 mb<\/td>\n<\/tr>\n<tr>\n<td>Velocidad de backplane: 20 gbps<\/td>\n<\/tr>\n<tr>\n<td>Arquitectura del switch: almacenaje y env\u00edo<\/td>\n<\/tr>\n<tr>\n<td>Mtbf:   50,000 hours<\/td>\n<\/tr>\n<tr>\n<td>Refrigeraci\u00f3n<\/td>\n<\/tr>\n<tr>\n<td>&#8211; un ventilador de enfriamiento<\/td>\n<\/tr>\n<tr>\n<td>Puertos de salida rj45 (datos + energ\u00eda)<\/td>\n<\/tr>\n<tr>\n<td>&#8211; ieee alternativa a<\/td>\n<\/tr>\n<tr>\n<td>&#8211; pin 1: vport [+]<\/td>\n<\/tr>\n<tr>\n<td>&#8211; pin 2: vport [+]<\/td>\n<\/tr>\n<tr>\n<td>&#8211; pin 3: vport [-]<\/td>\n<\/tr>\n<tr>\n<td>&#8211; pin 4: sin usar<\/td>\n<\/tr>\n<tr>\n<td>&#8211; pin 5: sin usar<\/td>\n<\/tr>\n<tr>\n<td>&#8211; pin 6: vport [-]<\/td>\n<\/tr>\n<tr>\n<td>&#8211; pin 7: sin usar<\/td>\n<\/tr>\n<tr>\n<td>&#8211; pin 8: sin usar<\/td>\n<\/tr>\n<tr>\n<td>Certificaciones: fcc clase a, ce, rohs<\/td>\n<\/tr>\n<tr>\n<td>Leds<\/td>\n<\/tr>\n<tr>\n<td>Alimentaci\u00f3n<\/td>\n<\/tr>\n<tr>\n<td>Poe<\/td>\n<\/tr>\n<tr>\n<td>Conexi\u00f3n\/actividad\/velocidad<\/td>\n<\/tr>\n<tr>\n<td>Alimentaci\u00f3n<\/td>\n<\/tr>\n<tr>\n<td>Entrada: 100 a 240 v ac, 50 &#8211; 60 hz<\/td>\n<\/tr>\n<tr>\n<td>Consumo de energ\u00eda: 120 watts (m\u00e1ximo)<\/td>\n<\/tr>\n<tr>\n<td>Dise\u00f1o<\/td>\n<\/tr>\n<tr>\n<td>Gabinete met\u00e1lico<\/td>\n<\/tr>\n<tr>\n<td>Dimensiones: 150 (l) x 220 (w) x 44 (h) [mm] \/ 5.91 (l) x 8.66 (w) x 1.73 (h) [in]<\/td>\n<\/tr>\n<tr>\n<td>Peso: 1 kg (2.2 lb.)<\/td>\n<\/tr>\n<tr>\n<td>Ambiente:<\/td>\n<\/tr>\n<tr>\n<td>Temperatura de operaci\u00f3n: 0\u00b0 c \u0096 40\u00b0 c<\/td>\n<\/tr>\n<tr>\n<td>Temperatura de almacenamiento: -40\u00b0 c \u0096 70\u00b0 c<\/td>\n<\/tr>\n<tr>\n<td>Factor de humedad: 10% a 90% rh, sin condensaci\u00f3n<\/td>\n<\/tr>\n<tr>\n<td>Humedad de almacenamiento: 5 \u0096 90% sin condensaci\u00f3n<\/td>\n<\/tr>\n<tr>\n<td>Contenido del paquete<\/td>\n<\/tr>\n<tr>\n<td>Switch gigabit con 8 puertos poe+ y 2 puertos gigabit rj45 de enlace ascendente<\/td>\n<\/tr>\n<tr>\n<td>Cable de alimentaci\u00f3n<\/td>\n<\/tr>\n<tr>\n<td>Adaptador de energ\u00eda externo, 9 v dc<\/td>\n<\/tr>\n<tr>\n<td>Brackets para montaje en rack de 19<\/td>\n<\/tr>\n<tr>\n<td>Soportes (pies) de goma<\/td>\n<\/tr>\n<\/table>\n","protected":false},"excerpt":{"rendered":"<p>El switch gigabit con 8 puertos poe+ y 2 puertos gigabit rj45 de enlace ascendente de intellinet network solutions transmite datos y energ\u00eda el\u00e9ctrica a una serie de dispositivos compatibles con poe a trav\u00e9s de cables de red est\u00e1ndar. Equipado con ocho puertos gigabit ethernet, el conmutador puede alimentar puntos de acceso lan inal\u00e1mbricos y puentes, tel\u00e9fonos voip, c\u00e1maras de v\u00eddeo ip y m\u00e1s, a la vez que proporciona velocidades de red de hasta 1000 mbps. Power over ethernet 802.3at. Este switch de alta potencia soporta el protocolo ieee 802.3at y puede inyectar hasta 32 watts de potencia por puerto*. Los dispositivos compatibles con ieee802.3af o ieee802.3at que se conectan al switch no requieren alimentaci\u00f3n adicional, lo que elimina el tiempo y los gastos de recableado el\u00e9ctrico y minimiza el antiest\u00e9tico desorden causado por las fuentes de alimentaci\u00f3n y los adaptadores en lugares inc\u00f3modos, como techos y paredes. Se admite cualquier combinaci\u00f3n de dispositivos poe y no poe. Gracias a sus funciones integradas de protecci\u00f3n contra cortocircuitos, sobrecargas y alta tensi\u00f3n, su equipo est\u00e1 bien protegido. Para dispositivos que no son compatibles con 802.3at\/af (por ejemplo, puntos de acceso inal\u00e1mbricos tradicionales o c\u00e1maras de red), sugerimos el uso de un divisor poe\/poe+ de intellinet network solutions. Equipado con ocho puertos gigabit ethernet rj45 con detecci\u00f3n autom\u00e1tica de 10\/100\/1000 mbps y dos puertos de enlace ascendente rj45, el switch gigabit con 8 puertos poe+ y 2 puertos gigabit rj45 de enlace ascendente de intellinet network solutions ofrece un gran rendimiento para sus computadoras, servidores y otros dispositivos de red. El presupuesto total de poe para este conmutador es de 120 watts. La distribuci\u00f3n de potencia media por puerto es de 15 watts; el uso m\u00e1ximo de energ\u00eda por puerto no puede exceder los 32 watts. Proporciona alimentaci\u00f3n y conmutaci\u00f3n de datos hasta para ocho dispositivos poe. Dos puertos rj45 gigabit para enlaces ascendentes. Presupuesto de energ\u00eda poe de 120 watts. Puertos de salida rj45 que cumplen con los est\u00e1ndares ieee 802.3at y af, poe y poe. Salida de energ\u00eda de hasta 32 watts por puerto. La funci\u00f3n powered device monitor (pdm) reinicia cualquier dispositivo poe conectado que no responda o env\u00ede tr\u00e1fico de red. Modo de extensi\u00f3n poe manual (reduce la velocidad de la red y ampl\u00eda la capacidad poe a 250 m. Modo vlan manual (permite aislar los puertos 1 a 8 entre s\u00ed. Conmutaci\u00f3n de 20 gbps. Soporta dispositivos poe que cumplen los est\u00e1ndares ieee 802.3at e ieee 802.3af (access points, tel\u00e9fonos voip y c\u00e1maras ip. Soporta detecci\u00f3n de protocolo ieee 802.3at\/af, cortocircuitos, sobrecarga y protecci\u00f3n de alto voltaje. Ahorra tiempo y dinero al enviar datos y energ\u00eda sobre el mismo cable de red. Puertos 10\/100\/1000 autosentitivos que autom\u00e1ticamente detectan las velocidades \u00f3ptimas de la red. Cumple con la especificaci\u00f3n ieee 802.3az (ethernet de eficiencia de energ\u00eda, eee. La tecnolog\u00eda de ahorro de energ\u00eda green ethernet desactiva el consumo de energ\u00eda en los puertos no utilizados, y ajusta lo niveles de energ\u00eda dependiendo del largo del cable. Todos los puertos rj45 cuentan con soporte mdi-mdix (uplink- autom\u00e1tico. Arquitectura de almacenamiento y conmutaci\u00f3n. Control de flujo para modo full d\u00faplex, ieee 802.3x. Soporta hasta 8192 entradas de direcci\u00f3n mac, auto-aprendizaje y auto-envejecimiento de direcciones. Ventilador para enfriamiento. Totalmente compatible con la ndaa<\/p>\n","protected":false},"featured_media":242864,"comment_status":"open","ping_status":"open","template":"","meta":[],"product_cat":[1563,1564],"product_tag":[1489],"acf":[],"yoast_head":"<!-- This site is optimized with the Yoast SEO plugin v21.7 - https:\/\/yoast.com\/wordpress\/plugins\/seo\/ -->\n<title>[ Intellinet ] &#129351; 561402 Poe Switch ,,, Gb 8 Ptos 32w\/pto, 120w, + 2 Rj45<\/title>\n<meta name=\"description\" content=\"Compra 561402 Poe Switch ,,, Gb 8 Ptos 32w\/pto, 120w, + 2 Rj45 + Env\u00edo a domicilio + Pago seguro + Garant\u00eda\" \/>\n<meta name=\"robots\" content=\"index, follow, max-snippet:-1, max-image-preview:large, max-video-preview:-1\" \/>\n<link rel=\"canonical\" href=\"https:\/\/compuviper.mx\/tienda\/producto\/intellinet-561402-poe-switch-gb-8-ptos-32w-pto-120w-2-rj45\/\" \/>\n<meta property=\"og:locale\" content=\"es_MX\" \/>\n<meta property=\"og:type\" content=\"article\" \/>\n<meta property=\"og:title\" content=\"[ Intellinet ] &#129351; 561402 Poe Switch ,,, Gb 8 Ptos 32w\/pto, 120w, + 2 Rj45\" \/>\n<meta property=\"og:description\" content=\"Compra 561402 Poe Switch ,,, Gb 8 Ptos 32w\/pto, 120w, + 2 Rj45 + Env\u00edo a domicilio + Pago seguro + Garant\u00eda\" \/>\n<meta property=\"og:url\" content=\"https:\/\/compuviper.mx\/tienda\/producto\/intellinet-561402-poe-switch-gb-8-ptos-32w-pto-120w-2-rj45\/\" \/>\n<meta property=\"og:site_name\" content=\"Compuviper\" \/>\n<meta property=\"article:publisher\" content=\"https:\/\/www.facebook.com\/compuviper\" \/>\n<meta property=\"og:image\" content=\"https:\/\/compuviper.mx\/tienda\/wp-content\/uploads\/2024\/09\/Poe-switch-intellinet561402-gb-8-ptos-32wpto-120w-2-rj45.jpg\" \/>\n\t<meta property=\"og:image:width\" content=\"200\" \/>\n\t<meta property=\"og:image:height\" content=\"200\" \/>\n\t<meta property=\"og:image:type\" content=\"image\/jpeg\" \/>\n<meta name=\"twitter:card\" content=\"summary_large_image\" \/>\n<meta name=\"twitter:label1\" content=\"Precio\" \/>\n\t<meta name=\"twitter:data1\" content=\"&#36;2,201 con IVA\" \/>\n\t<meta name=\"twitter:label2\" content=\"Availability\" \/>\n\t<meta name=\"twitter:data2\" content=\"In stock\" \/>\n<script type=\"application\/ld+json\" class=\"yoast-schema-graph\">{\"@context\":\"https:\/\/schema.org\",\"@graph\":[{\"@type\":\"WebPage\",\"@id\":\"https:\/\/compuviper.mx\/tienda\/producto\/intellinet-561402-poe-switch-gb-8-ptos-32w-pto-120w-2-rj45\/\",\"url\":\"https:\/\/compuviper.mx\/tienda\/producto\/intellinet-561402-poe-switch-gb-8-ptos-32w-pto-120w-2-rj45\/\",\"name\":\"[ Intellinet ] &#129351; 561402 Poe Switch ,,, Gb 8 Ptos 32w\/pto, 120w, + 2 Rj45\",\"isPartOf\":{\"@id\":\"https:\/\/compuviper.mx\/tienda\/#website\"},\"datePublished\":\"2026-04-18T07:11:52+00:00\",\"dateModified\":\"2026-04-18T07:11:52+00:00\",\"description\":\"Compra 561402 Poe Switch ,,, Gb 8 Ptos 32w\/pto, 120w, + 2 Rj45 + Env\u00edo a domicilio + Pago seguro + Garant\u00eda\",\"breadcrumb\":{\"@id\":\"https:\/\/compuviper.mx\/tienda\/producto\/intellinet-561402-poe-switch-gb-8-ptos-32w-pto-120w-2-rj45\/#breadcrumb\"},\"inLanguage\":\"es-MX\",\"potentialAction\":[{\"@type\":\"ReadAction\",\"target\":[\"https:\/\/compuviper.mx\/tienda\/producto\/intellinet-561402-poe-switch-gb-8-ptos-32w-pto-120w-2-rj45\/\"]}]},{\"@type\":\"BreadcrumbList\",\"@id\":\"https:\/\/compuviper.mx\/tienda\/producto\/intellinet-561402-poe-switch-gb-8-ptos-32w-pto-120w-2-rj45\/#breadcrumb\",\"itemListElement\":[{\"@type\":\"ListItem\",\"position\":1,\"name\":\"Inicio\",\"item\":\"https:\/\/compuviper.mx\/tienda\/\"},{\"@type\":\"ListItem\",\"position\":2,\"name\":\"Productos\",\"item\":\"https:\/\/compuviper.mx\/tienda\/productos\/\"},{\"@type\":\"ListItem\",\"position\":3,\"name\":\"Redes\",\"item\":\"https:\/\/compuviper.mx\/tienda\/categoria-producto\/redes\/\"},{\"@type\":\"ListItem\",\"position\":4,\"name\":\"Switch\",\"item\":\"https:\/\/compuviper.mx\/tienda\/categoria-producto\/redes\/switch\/\"},{\"@type\":\"ListItem\",\"position\":5,\"name\":\"Intellinet 561402 Poe Switch ,,, Gb 8 Ptos 32w\/pto, 120w, + 2 Rj45\"}]},{\"@type\":\"WebSite\",\"@id\":\"https:\/\/compuviper.mx\/tienda\/#website\",\"url\":\"https:\/\/compuviper.mx\/tienda\/\",\"name\":\"Compuviper\",\"description\":\"Proveedor de Computadoras, Laptops, Servidores, Monitores, Puntos de Venta, Teclados,   Impresoras, T\u00f3ner, C\u00e1maras de Seguridad y m\u00e1s en tu tienda en l\u00ednea\",\"publisher\":{\"@id\":\"https:\/\/compuviper.mx\/tienda\/#organization\"},\"potentialAction\":[{\"@type\":\"SearchAction\",\"target\":{\"@type\":\"EntryPoint\",\"urlTemplate\":\"https:\/\/compuviper.mx\/tienda\/?s={search_term_string}\"},\"query-input\":\"required name=search_term_string\"}],\"inLanguage\":\"es-MX\"},{\"@type\":\"Organization\",\"@id\":\"https:\/\/compuviper.mx\/tienda\/#organization\",\"name\":\"Compuviper\",\"url\":\"https:\/\/compuviper.mx\/tienda\/\",\"logo\":{\"@type\":\"ImageObject\",\"inLanguage\":\"es-MX\",\"@id\":\"https:\/\/compuviper.mx\/tienda\/#\/schema\/logo\/image\/\",\"url\":\"https:\/\/compuviper.mx\/tienda\/wp-content\/uploads\/2021\/08\/Logo-Compuviper-10.png\",\"contentUrl\":\"https:\/\/compuviper.mx\/tienda\/wp-content\/uploads\/2021\/08\/Logo-Compuviper-10.png\",\"width\":1000,\"height\":500,\"caption\":\"Compuviper\"},\"image\":{\"@id\":\"https:\/\/compuviper.mx\/tienda\/#\/schema\/logo\/image\/\"},\"sameAs\":[\"https:\/\/www.facebook.com\/compuviper\",\"https:\/\/www.youtube.com\/channel\/UCf73dERp9Y3cfOq7q8BhLjA?view_as=subscriber\"]}]}<\/script>\n<meta property=\"product:brand\" content=\"INTELLINET\" \/>\n<meta property=\"product:price:amount\" content=\"2201\" \/>\n<meta property=\"product:price:currency\" content=\"MXN\" \/>\n<meta property=\"og:availability\" content=\"instock\" \/>\n<meta property=\"product:availability\" content=\"instock\" \/>\n<meta property=\"product:retailer_item_id\" content=\"561402\" \/>\n<meta property=\"product:condition\" content=\"new\" \/>\n<!-- \/ Yoast SEO plugin. -->","yoast_head_json":{"title":"[ Intellinet ] &#129351; 561402 Poe Switch ,,, Gb 8 Ptos 32w\/pto, 120w, + 2 Rj45","description":"Compra 561402 Poe Switch ,,, Gb 8 Ptos 32w\/pto, 120w, + 2 Rj45 + Env\u00edo a domicilio + Pago seguro + Garant\u00eda","robots":{"index":"index","follow":"follow","max-snippet":"max-snippet:-1","max-image-preview":"max-image-preview:large","max-video-preview":"max-video-preview:-1"},"canonical":"https:\/\/compuviper.mx\/tienda\/producto\/intellinet-561402-poe-switch-gb-8-ptos-32w-pto-120w-2-rj45\/","og_locale":"es_MX","og_type":"article","og_title":"[ Intellinet ] &#129351; 561402 Poe Switch ,,, Gb 8 Ptos 32w\/pto, 120w, + 2 Rj45","og_description":"Compra 561402 Poe Switch ,,, Gb 8 Ptos 32w\/pto, 120w, + 2 Rj45 + Env\u00edo a domicilio + Pago seguro + Garant\u00eda","og_url":"https:\/\/compuviper.mx\/tienda\/producto\/intellinet-561402-poe-switch-gb-8-ptos-32w-pto-120w-2-rj45\/","og_site_name":"Compuviper","article_publisher":"https:\/\/www.facebook.com\/compuviper","og_image":[{"width":200,"height":200,"url":"https:\/\/compuviper.mx\/tienda\/wp-content\/uploads\/2024\/09\/Poe-switch-intellinet561402-gb-8-ptos-32wpto-120w-2-rj45.jpg","type":"image\/jpeg"}],"twitter_card":"summary_large_image","twitter_misc":{"Precio":"&#36;2,201 con IVA","Availability":"In stock"},"schema":{"@context":"https:\/\/schema.org","@graph":[{"@type":"WebPage","@id":"https:\/\/compuviper.mx\/tienda\/producto\/intellinet-561402-poe-switch-gb-8-ptos-32w-pto-120w-2-rj45\/","url":"https:\/\/compuviper.mx\/tienda\/producto\/intellinet-561402-poe-switch-gb-8-ptos-32w-pto-120w-2-rj45\/","name":"[ Intellinet ] &#129351; 561402 Poe Switch ,,, Gb 8 Ptos 32w\/pto, 120w, + 2 Rj45","isPartOf":{"@id":"https:\/\/compuviper.mx\/tienda\/#website"},"datePublished":"2026-04-18T07:11:52+00:00","dateModified":"2026-04-18T07:11:52+00:00","description":"Compra 561402 Poe Switch ,,, Gb 8 Ptos 32w\/pto, 120w, + 2 Rj45 + Env\u00edo a domicilio + Pago seguro + Garant\u00eda","breadcrumb":{"@id":"https:\/\/compuviper.mx\/tienda\/producto\/intellinet-561402-poe-switch-gb-8-ptos-32w-pto-120w-2-rj45\/#breadcrumb"},"inLanguage":"es-MX","potentialAction":[{"@type":"ReadAction","target":["https:\/\/compuviper.mx\/tienda\/producto\/intellinet-561402-poe-switch-gb-8-ptos-32w-pto-120w-2-rj45\/"]}]},{"@type":"BreadcrumbList","@id":"https:\/\/compuviper.mx\/tienda\/producto\/intellinet-561402-poe-switch-gb-8-ptos-32w-pto-120w-2-rj45\/#breadcrumb","itemListElement":[{"@type":"ListItem","position":1,"name":"Inicio","item":"https:\/\/compuviper.mx\/tienda\/"},{"@type":"ListItem","position":2,"name":"Productos","item":"https:\/\/compuviper.mx\/tienda\/productos\/"},{"@type":"ListItem","position":3,"name":"Redes","item":"https:\/\/compuviper.mx\/tienda\/categoria-producto\/redes\/"},{"@type":"ListItem","position":4,"name":"Switch","item":"https:\/\/compuviper.mx\/tienda\/categoria-producto\/redes\/switch\/"},{"@type":"ListItem","position":5,"name":"Intellinet 561402 Poe Switch ,,, Gb 8 Ptos 32w\/pto, 120w, + 2 Rj45"}]},{"@type":"WebSite","@id":"https:\/\/compuviper.mx\/tienda\/#website","url":"https:\/\/compuviper.mx\/tienda\/","name":"Compuviper","description":"Proveedor de Computadoras, Laptops, Servidores, Monitores, Puntos de Venta, Teclados,   Impresoras, T\u00f3ner, C\u00e1maras de Seguridad y m\u00e1s en tu tienda en l\u00ednea","publisher":{"@id":"https:\/\/compuviper.mx\/tienda\/#organization"},"potentialAction":[{"@type":"SearchAction","target":{"@type":"EntryPoint","urlTemplate":"https:\/\/compuviper.mx\/tienda\/?s={search_term_string}"},"query-input":"required name=search_term_string"}],"inLanguage":"es-MX"},{"@type":"Organization","@id":"https:\/\/compuviper.mx\/tienda\/#organization","name":"Compuviper","url":"https:\/\/compuviper.mx\/tienda\/","logo":{"@type":"ImageObject","inLanguage":"es-MX","@id":"https:\/\/compuviper.mx\/tienda\/#\/schema\/logo\/image\/","url":"https:\/\/compuviper.mx\/tienda\/wp-content\/uploads\/2021\/08\/Logo-Compuviper-10.png","contentUrl":"https:\/\/compuviper.mx\/tienda\/wp-content\/uploads\/2021\/08\/Logo-Compuviper-10.png","width":1000,"height":500,"caption":"Compuviper"},"image":{"@id":"https:\/\/compuviper.mx\/tienda\/#\/schema\/logo\/image\/"},"sameAs":["https:\/\/www.facebook.com\/compuviper","https:\/\/www.youtube.com\/channel\/UCf73dERp9Y3cfOq7q8BhLjA?view_as=subscriber"]}]},"product_brand":"INTELLINET","product_price_amount":"2201","product_price_currency":"MXN","og_availability":"instock","product_availability":"instock","product_retailer_item_id":"561402","product_condition":"new"},"_links":{"self":[{"href":"https:\/\/compuviper.mx\/tienda\/wp-json\/wp\/v2\/product\/235448"}],"collection":[{"href":"https:\/\/compuviper.mx\/tienda\/wp-json\/wp\/v2\/product"}],"about":[{"href":"https:\/\/compuviper.mx\/tienda\/wp-json\/wp\/v2\/types\/product"}],"replies":[{"embeddable":true,"href":"https:\/\/compuviper.mx\/tienda\/wp-json\/wp\/v2\/comments?post=235448"}],"wp:featuredmedia":[{"embeddable":true,"href":"https:\/\/compuviper.mx\/tienda\/wp-json\/wp\/v2\/media\/242864"}],"wp:attachment":[{"href":"https:\/\/compuviper.mx\/tienda\/wp-json\/wp\/v2\/media?parent=235448"}],"wp:term":[{"taxonomy":"product_cat","embeddable":true,"href":"https:\/\/compuviper.mx\/tienda\/wp-json\/wp\/v2\/product_cat?post=235448"},{"taxonomy":"product_tag","embeddable":true,"href":"https:\/\/compuviper.mx\/tienda\/wp-json\/wp\/v2\/product_tag?post=235448"}],"curies":[{"name":"wp","href":"https:\/\/api.w.org\/{rel}","templated":true}]}}