{"id":235447,"date":"2026-04-11T01:07:02","date_gmt":"2026-04-11T07:07:02","guid":{"rendered":"https:\/\/compuviper.mx\/tienda\/producto\/intellinet-561952-poe-extensor-30w-max-exteriores-1000m\/"},"modified":"2026-04-11T01:07:02","modified_gmt":"2026-04-11T07:07:02","slug":"intellinet-561952-poe-extensor-30w-max-exteriores-1000m","status":"publish","type":"product","link":"https:\/\/compuviper.mx\/tienda\/producto\/intellinet-561952-poe-extensor-30w-max-exteriores-1000m\/","title":{"rendered":"Intellinet 561952 Poe Extensor ,,,30w Max, Exteriores 1000m"},"content":{"rendered":"<table class=\"descripcion\">\n<tr>\n<td>Est\u00e1ndares<\/td>\n<\/tr>\n<tr>\n<td>Ieee 802.3af (power over ethernet) compatible<\/td>\n<\/tr>\n<tr>\n<td>Ieee 802.3at (high-power poe+ power over ethernet) compatible<\/td>\n<\/tr>\n<tr>\n<td>Ieee 802.3bt (poe++\/4ppoe\/ultra power over ethernet) compatible<\/td>\n<\/tr>\n<tr>\n<td>Ieee 802.3 (10base-t ethernet)<\/td>\n<\/tr>\n<tr>\n<td>Ieee 802.3u (100base-tx fast ethernet)<\/td>\n<\/tr>\n<tr>\n<td>Ieee 802.3x (full duplex and flow control)<\/td>\n<\/tr>\n<tr>\n<td>General<\/td>\n<\/tr>\n<tr>\n<td>Soporte de medios de comunicaci\u00f3n:<\/td>\n<\/tr>\n<tr>\n<td>&#8211; 10base-t cat3\/4\/5\/5e\/6\/6a utp\/stp rj45<\/td>\n<\/tr>\n<tr>\n<td>&#8211; 100base-tx cat5\/5e\/6\/6a utp\/stp rj45<\/td>\n<\/tr>\n<tr>\n<td>Certificaciones: fcc, ce, rohs, ukca<\/td>\n<\/tr>\n<tr>\n<td>El\u00e9ctrico<\/td>\n<\/tr>\n<tr>\n<td>Alimentaci\u00f3n de entrada: pse compatible con ieee 802.3at\/af, 30 w m\u00e1x., 48 &#8211; 55 vdc<\/td>\n<\/tr>\n<tr>\n<td>Entrada de poe<\/td>\n<\/tr>\n<tr>\n<td>&#8211; alternativa a ieee (pares 1\/2 y 3\/6)<\/td>\n<\/tr>\n<tr>\n<td>&#8211; alternativa b ieee (pares 4\/5 y 7\/8)<\/td>\n<\/tr>\n<tr>\n<td>Salida poe<\/td>\n<\/tr>\n<tr>\n<td>&#8211; alternativa a ieee (pares 1\/2 y 3\/6)<\/td>\n<\/tr>\n<tr>\n<td>Potencia de salida pd: 30 w m\u00e1x., 44 &#8211; 55 vdc<\/td>\n<\/tr>\n<tr>\n<td>Consumo de energ\u00eda 0.4 w (sin carga) \/ 0.7 w (carga completa) m\u00e1x.<\/td>\n<\/tr>\n<tr>\n<td>Caracter\u00edsticas f\u00edsicas<\/td>\n<\/tr>\n<tr>\n<td>Carcasa de pl\u00e1stico con clasificaci\u00f3n ip67 (resistente a la intemperie)<\/td>\n<\/tr>\n<tr>\n<td>Dimensiones (largo x ancho x alto): 157 x 29 x 29 mm (6.18 x 1.14 x 1.14 pulgadas)<\/td>\n<\/tr>\n<tr>\n<td>Peso neto: 155 g (0.34 lbs.)<\/td>\n<\/tr>\n<tr>\n<td>Peso bruto: 194 g (0.43 lbs.)<\/td>\n<\/tr>\n<tr>\n<td>Temperatura de funcionamiento: -10 &#8211; 55\u00b0c (14 &#8211; 131\u00b0f)<\/td>\n<\/tr>\n<tr>\n<td>Temperatura de almacenamiento: -40 &#8211; 70\u00b0c (-40 &#8211; 158\u00b0f)<\/td>\n<\/tr>\n<tr>\n<td>Humedad de funcionamiento: 10 &#8211; 90% hr, sin condensaci\u00f3n<\/td>\n<\/tr>\n<tr>\n<td>Humedad de almacenamiento: 5 &#8211; 90% hr, sin condensaci\u00f3n<\/td>\n<\/tr>\n<tr>\n<td>Contenido del paquete<\/td>\n<\/tr>\n<tr>\n<td>Kit extensor poe+ de ultra largo alcance para exteriores<\/td>\n<\/tr>\n<tr>\n<td>Cuatro prensaestopas con clasificaci\u00f3n ip67<\/td>\n<\/tr>\n<tr>\n<td>Instrucciones<\/td>\n<\/tr>\n<tr>\n<td>Nota: para obtener informaci\u00f3n t\u00e9cnica completa sobre los est\u00e1ndares poe, el voltaje, la potencia y la distancia, consulte la tabla de la secci\u00f3n de descargas.<\/td>\n<\/tr>\n<\/table>\n","protected":false},"excerpt":{"rendered":"<p>Extensor\/repetidor\/amplificador de alimentaci\u00f3n a trav\u00e9s de ethernet de ultra larga distancia para un alcance poe de hasta 1000 m (3280 pies), incluso en condiciones exteriores adversas. El kit extensor poe+ ethernet de ultra largo alcance para exteriores de intellinet network solutions agrega hasta 1000 m (3280 pies) a la distancia de conexi\u00f3n desde una fuente poe a un dispositivo de salida a trav\u00e9s de un cable cat5e o cat6. Tiene una potencia nominal de salida de hasta 30 w, que es suficiente para muchos dispositivos poe que consumen mucha energ\u00eda. Su carcasa resistente a la intemperie y de alta gama es especialmente \u00fatil para implementaciones de c\u00e1maras de vigilancia ip en exteriores. Este repetidor poe ofrece hasta 30 w a 100 mbps a m\u00e1s de 300 m (984 pies) o hasta 15.4 w a 10 mbps a m\u00e1s de 800 m (2625 pies). Dise\u00f1ado para uso en exteriores. Este extensor poe+ ofrece el conector de alimentaci\u00f3n y datos adecuado para aplicaciones de larga distancia y se adapta a una amplia variedad de entornos. Su clasificaci\u00f3n resistente a la intemperie ip67 (resistente al agua y al polvo) y un amplio rango de temperatura de funcionamiento de -10 &#8211; 55 \u00b0c (14 &#8211; 131 \u00b0f) lo hacen capaz de resistir las duras condiciones exteriores. Alimentaci\u00f3n a trav\u00e9s de ethernet entrada compatible con 802.3bt, salida compatible con 802.3at\/af. Al admitir el protocolo ieee 802.3bt con una potencia de entrada de hasta 95 w, este kit extensor poe+ proporciona hasta 30 w a un dispositivo compatible con 802.3af conectado o 15 w a un dispositivo compatible con 802.3at, junto con datos a velocidades fast ethernet. Costos de cableado reducidos. Este extensor poe+ ayuda a evitar el gasto de conectar l\u00edneas de alimentaci\u00f3n de ca a un punto de acceso inal\u00e1mbrico, una c\u00e1mara de red o un tel\u00e9fono ip. Simplemente conecte el extensor al puerto del switch lan a trav\u00e9s de los cables cat5e\/6\/6a existentes para proporcionar alimentaci\u00f3n de cc y transferir datos. Protecci\u00f3n segura para su costoso equipo de red. La tecnolog\u00eda de detecci\u00f3n autom\u00e1tica de este extensor poe de alta potencia garantiza que tus productos est\u00e9n protegidos contra problemas de alimentaci\u00f3n como cortocircuitos (gnd corto), sobrecargas de corriente y altos voltajes. Instalaci\u00f3n sencilla con alimentaci\u00f3n en cascada.  Este extensor poe fue dise\u00f1ado para ser lo m\u00e1s f\u00e1cil posible de configurar y usar. Lo \u00fanico que necesitas para ponerlo en funcionamiento es conectar su puerto  strong poe in \/strong  a un inyector poe o switch poe y conectar el puerto  strong poe out \/strong  al dispositivo poe que desees conectar (por ejemplo, un tel\u00e9fono voip o una c\u00e1mara de red poe). El kit incluye dos m\u00f3dulos que siempre deben usarse juntos para lograr la m\u00e1xima capacidad de distancia. \/p. Alcance poe extremadamente amplio y carcasa resistente a la intemperie, ideal para instalaciones de c\u00e1maras ip. Ip67, a prueba de polvo y a prueba de agua. Transmite datos hasta 1000 m sin p\u00e9rdida de paquetes. El kit incluye dos m\u00f3dulos para obtener la m\u00e1xima capacidad de distancia. Compatible con dispositivos alimentados (pd) que cumplan con ieee 802.3bt\/at\/af, como c\u00e1maras de red, puntos de acceso inal\u00e1mbricos, tel\u00e9fonos voip, etc. Soporta velocidades de datos de 10\/100 mbps. Protecci\u00f3n contra cortocircuito, sobrecarga y alta tensi\u00f3n. No requiere suministro de energ\u00eda adicional, toma la energ\u00eda directamente de la entrada poe. Compatible con los inyectores y switches poe (pse) que cumplen con la norma ieee 802.3bt\/at\/af. Instalaci\u00f3n plug and play, sin necesidad de configuraci\u00f3n. Totalmente compatible con la ndaa<\/p>\n","protected":false},"featured_media":242863,"comment_status":"open","ping_status":"open","template":"","meta":[],"product_cat":[1563,1755],"product_tag":[1489],"acf":[],"yoast_head":"<!-- This site is optimized with the Yoast SEO plugin v21.7 - https:\/\/yoast.com\/wordpress\/plugins\/seo\/ -->\n<title>[ Intellinet ] &#129351; 561952 Poe Extensor ,,,30w Max, Exteriores 1000m<\/title>\n<meta name=\"description\" content=\"Compra 561952 Poe Extensor ,,,30w Max, Exteriores 1000m + Env\u00edo a domicilio + Pago seguro + Garant\u00eda\" \/>\n<meta name=\"robots\" content=\"index, follow, max-snippet:-1, max-image-preview:large, max-video-preview:-1\" \/>\n<link rel=\"canonical\" href=\"https:\/\/compuviper.mx\/tienda\/producto\/intellinet-561952-poe-extensor-30w-max-exteriores-1000m\/\" \/>\n<meta property=\"og:locale\" content=\"es_MX\" \/>\n<meta property=\"og:type\" content=\"article\" \/>\n<meta property=\"og:title\" content=\"[ Intellinet ] &#129351; 561952 Poe Extensor ,,,30w Max, Exteriores 1000m\" \/>\n<meta property=\"og:description\" content=\"Compra 561952 Poe Extensor ,,,30w Max, Exteriores 1000m + Env\u00edo a domicilio + Pago seguro + Garant\u00eda\" \/>\n<meta property=\"og:url\" content=\"https:\/\/compuviper.mx\/tienda\/producto\/intellinet-561952-poe-extensor-30w-max-exteriores-1000m\/\" \/>\n<meta property=\"og:site_name\" content=\"Compuviper\" \/>\n<meta property=\"article:publisher\" content=\"https:\/\/www.facebook.com\/compuviper\" \/>\n<meta property=\"og:image\" content=\"https:\/\/compuviper.mx\/tienda\/wp-content\/uploads\/2024\/09\/Poe-extensor-intellinet56195230w-max-exteriores-1000m.jpg\" \/>\n\t<meta property=\"og:image:width\" content=\"200\" \/>\n\t<meta property=\"og:image:height\" content=\"200\" \/>\n\t<meta property=\"og:image:type\" content=\"image\/jpeg\" \/>\n<meta name=\"twitter:card\" content=\"summary_large_image\" \/>\n<meta name=\"twitter:label1\" content=\"Precio\" \/>\n\t<meta name=\"twitter:data1\" content=\"&#36;1,964 con IVA\" \/>\n\t<meta name=\"twitter:label2\" content=\"Availability\" \/>\n\t<meta name=\"twitter:data2\" content=\"Out of stock\" \/>\n<script type=\"application\/ld+json\" class=\"yoast-schema-graph\">{\"@context\":\"https:\/\/schema.org\",\"@graph\":[{\"@type\":\"WebPage\",\"@id\":\"https:\/\/compuviper.mx\/tienda\/producto\/intellinet-561952-poe-extensor-30w-max-exteriores-1000m\/\",\"url\":\"https:\/\/compuviper.mx\/tienda\/producto\/intellinet-561952-poe-extensor-30w-max-exteriores-1000m\/\",\"name\":\"[ Intellinet ] &#129351; 561952 Poe Extensor ,,,30w Max, Exteriores 1000m\",\"isPartOf\":{\"@id\":\"https:\/\/compuviper.mx\/tienda\/#website\"},\"datePublished\":\"2026-04-11T07:07:02+00:00\",\"dateModified\":\"2026-04-11T07:07:02+00:00\",\"description\":\"Compra 561952 Poe Extensor ,,,30w Max, Exteriores 1000m + Env\u00edo a domicilio + Pago seguro + Garant\u00eda\",\"breadcrumb\":{\"@id\":\"https:\/\/compuviper.mx\/tienda\/producto\/intellinet-561952-poe-extensor-30w-max-exteriores-1000m\/#breadcrumb\"},\"inLanguage\":\"es-MX\",\"potentialAction\":[{\"@type\":\"ReadAction\",\"target\":[\"https:\/\/compuviper.mx\/tienda\/producto\/intellinet-561952-poe-extensor-30w-max-exteriores-1000m\/\"]}]},{\"@type\":\"BreadcrumbList\",\"@id\":\"https:\/\/compuviper.mx\/tienda\/producto\/intellinet-561952-poe-extensor-30w-max-exteriores-1000m\/#breadcrumb\",\"itemListElement\":[{\"@type\":\"ListItem\",\"position\":1,\"name\":\"Inicio\",\"item\":\"https:\/\/compuviper.mx\/tienda\/\"},{\"@type\":\"ListItem\",\"position\":2,\"name\":\"Productos\",\"item\":\"https:\/\/compuviper.mx\/tienda\/productos\/\"},{\"@type\":\"ListItem\",\"position\":3,\"name\":\"Redes\",\"item\":\"https:\/\/compuviper.mx\/tienda\/categoria-producto\/redes\/\"},{\"@type\":\"ListItem\",\"position\":4,\"name\":\"Repetidor Wireless\",\"item\":\"https:\/\/compuviper.mx\/tienda\/categoria-producto\/redes\/repetidor-wireless\/\"},{\"@type\":\"ListItem\",\"position\":5,\"name\":\"Intellinet 561952 Poe Extensor ,,,30w Max, Exteriores 1000m\"}]},{\"@type\":\"WebSite\",\"@id\":\"https:\/\/compuviper.mx\/tienda\/#website\",\"url\":\"https:\/\/compuviper.mx\/tienda\/\",\"name\":\"Compuviper\",\"description\":\"Proveedor de Computadoras, Laptops, Servidores, Monitores, Puntos de Venta, Teclados,   Impresoras, T\u00f3ner, C\u00e1maras de Seguridad y m\u00e1s en tu tienda en l\u00ednea\",\"publisher\":{\"@id\":\"https:\/\/compuviper.mx\/tienda\/#organization\"},\"potentialAction\":[{\"@type\":\"SearchAction\",\"target\":{\"@type\":\"EntryPoint\",\"urlTemplate\":\"https:\/\/compuviper.mx\/tienda\/?s={search_term_string}\"},\"query-input\":\"required name=search_term_string\"}],\"inLanguage\":\"es-MX\"},{\"@type\":\"Organization\",\"@id\":\"https:\/\/compuviper.mx\/tienda\/#organization\",\"name\":\"Compuviper\",\"url\":\"https:\/\/compuviper.mx\/tienda\/\",\"logo\":{\"@type\":\"ImageObject\",\"inLanguage\":\"es-MX\",\"@id\":\"https:\/\/compuviper.mx\/tienda\/#\/schema\/logo\/image\/\",\"url\":\"https:\/\/compuviper.mx\/tienda\/wp-content\/uploads\/2021\/08\/Logo-Compuviper-10.png\",\"contentUrl\":\"https:\/\/compuviper.mx\/tienda\/wp-content\/uploads\/2021\/08\/Logo-Compuviper-10.png\",\"width\":1000,\"height\":500,\"caption\":\"Compuviper\"},\"image\":{\"@id\":\"https:\/\/compuviper.mx\/tienda\/#\/schema\/logo\/image\/\"},\"sameAs\":[\"https:\/\/www.facebook.com\/compuviper\",\"https:\/\/www.youtube.com\/channel\/UCf73dERp9Y3cfOq7q8BhLjA?view_as=subscriber\"]}]}<\/script>\n<meta property=\"product:brand\" content=\"INTELLINET\" \/>\n<meta property=\"product:price:amount\" content=\"1964\" \/>\n<meta property=\"product:price:currency\" content=\"MXN\" \/>\n<meta property=\"og:availability\" content=\"out of stock\" \/>\n<meta property=\"product:availability\" content=\"out of stock\" \/>\n<meta property=\"product:retailer_item_id\" content=\"561952\" \/>\n<meta property=\"product:condition\" content=\"new\" \/>\n<!-- \/ Yoast SEO plugin. -->","yoast_head_json":{"title":"[ Intellinet ] &#129351; 561952 Poe Extensor ,,,30w Max, Exteriores 1000m","description":"Compra 561952 Poe Extensor ,,,30w Max, Exteriores 1000m + Env\u00edo a domicilio + Pago seguro + Garant\u00eda","robots":{"index":"index","follow":"follow","max-snippet":"max-snippet:-1","max-image-preview":"max-image-preview:large","max-video-preview":"max-video-preview:-1"},"canonical":"https:\/\/compuviper.mx\/tienda\/producto\/intellinet-561952-poe-extensor-30w-max-exteriores-1000m\/","og_locale":"es_MX","og_type":"article","og_title":"[ Intellinet ] &#129351; 561952 Poe Extensor ,,,30w Max, Exteriores 1000m","og_description":"Compra 561952 Poe Extensor ,,,30w Max, Exteriores 1000m + Env\u00edo a domicilio + Pago seguro + Garant\u00eda","og_url":"https:\/\/compuviper.mx\/tienda\/producto\/intellinet-561952-poe-extensor-30w-max-exteriores-1000m\/","og_site_name":"Compuviper","article_publisher":"https:\/\/www.facebook.com\/compuviper","og_image":[{"width":200,"height":200,"url":"https:\/\/compuviper.mx\/tienda\/wp-content\/uploads\/2024\/09\/Poe-extensor-intellinet56195230w-max-exteriores-1000m.jpg","type":"image\/jpeg"}],"twitter_card":"summary_large_image","twitter_misc":{"Precio":"&#36;1,964 con IVA","Availability":"Out of stock"},"schema":{"@context":"https:\/\/schema.org","@graph":[{"@type":"WebPage","@id":"https:\/\/compuviper.mx\/tienda\/producto\/intellinet-561952-poe-extensor-30w-max-exteriores-1000m\/","url":"https:\/\/compuviper.mx\/tienda\/producto\/intellinet-561952-poe-extensor-30w-max-exteriores-1000m\/","name":"[ Intellinet ] &#129351; 561952 Poe Extensor ,,,30w Max, Exteriores 1000m","isPartOf":{"@id":"https:\/\/compuviper.mx\/tienda\/#website"},"datePublished":"2026-04-11T07:07:02+00:00","dateModified":"2026-04-11T07:07:02+00:00","description":"Compra 561952 Poe Extensor ,,,30w Max, Exteriores 1000m + Env\u00edo a domicilio + Pago seguro + Garant\u00eda","breadcrumb":{"@id":"https:\/\/compuviper.mx\/tienda\/producto\/intellinet-561952-poe-extensor-30w-max-exteriores-1000m\/#breadcrumb"},"inLanguage":"es-MX","potentialAction":[{"@type":"ReadAction","target":["https:\/\/compuviper.mx\/tienda\/producto\/intellinet-561952-poe-extensor-30w-max-exteriores-1000m\/"]}]},{"@type":"BreadcrumbList","@id":"https:\/\/compuviper.mx\/tienda\/producto\/intellinet-561952-poe-extensor-30w-max-exteriores-1000m\/#breadcrumb","itemListElement":[{"@type":"ListItem","position":1,"name":"Inicio","item":"https:\/\/compuviper.mx\/tienda\/"},{"@type":"ListItem","position":2,"name":"Productos","item":"https:\/\/compuviper.mx\/tienda\/productos\/"},{"@type":"ListItem","position":3,"name":"Redes","item":"https:\/\/compuviper.mx\/tienda\/categoria-producto\/redes\/"},{"@type":"ListItem","position":4,"name":"Repetidor Wireless","item":"https:\/\/compuviper.mx\/tienda\/categoria-producto\/redes\/repetidor-wireless\/"},{"@type":"ListItem","position":5,"name":"Intellinet 561952 Poe Extensor ,,,30w Max, Exteriores 1000m"}]},{"@type":"WebSite","@id":"https:\/\/compuviper.mx\/tienda\/#website","url":"https:\/\/compuviper.mx\/tienda\/","name":"Compuviper","description":"Proveedor de Computadoras, Laptops, Servidores, Monitores, Puntos de Venta, Teclados,   Impresoras, T\u00f3ner, C\u00e1maras de Seguridad y m\u00e1s en tu tienda en l\u00ednea","publisher":{"@id":"https:\/\/compuviper.mx\/tienda\/#organization"},"potentialAction":[{"@type":"SearchAction","target":{"@type":"EntryPoint","urlTemplate":"https:\/\/compuviper.mx\/tienda\/?s={search_term_string}"},"query-input":"required name=search_term_string"}],"inLanguage":"es-MX"},{"@type":"Organization","@id":"https:\/\/compuviper.mx\/tienda\/#organization","name":"Compuviper","url":"https:\/\/compuviper.mx\/tienda\/","logo":{"@type":"ImageObject","inLanguage":"es-MX","@id":"https:\/\/compuviper.mx\/tienda\/#\/schema\/logo\/image\/","url":"https:\/\/compuviper.mx\/tienda\/wp-content\/uploads\/2021\/08\/Logo-Compuviper-10.png","contentUrl":"https:\/\/compuviper.mx\/tienda\/wp-content\/uploads\/2021\/08\/Logo-Compuviper-10.png","width":1000,"height":500,"caption":"Compuviper"},"image":{"@id":"https:\/\/compuviper.mx\/tienda\/#\/schema\/logo\/image\/"},"sameAs":["https:\/\/www.facebook.com\/compuviper","https:\/\/www.youtube.com\/channel\/UCf73dERp9Y3cfOq7q8BhLjA?view_as=subscriber"]}]},"product_brand":"INTELLINET","product_price_amount":"1964","product_price_currency":"MXN","og_availability":"out of stock","product_availability":"out of stock","product_retailer_item_id":"561952","product_condition":"new"},"_links":{"self":[{"href":"https:\/\/compuviper.mx\/tienda\/wp-json\/wp\/v2\/product\/235447"}],"collection":[{"href":"https:\/\/compuviper.mx\/tienda\/wp-json\/wp\/v2\/product"}],"about":[{"href":"https:\/\/compuviper.mx\/tienda\/wp-json\/wp\/v2\/types\/product"}],"replies":[{"embeddable":true,"href":"https:\/\/compuviper.mx\/tienda\/wp-json\/wp\/v2\/comments?post=235447"}],"wp:featuredmedia":[{"embeddable":true,"href":"https:\/\/compuviper.mx\/tienda\/wp-json\/wp\/v2\/media\/242863"}],"wp:attachment":[{"href":"https:\/\/compuviper.mx\/tienda\/wp-json\/wp\/v2\/media?parent=235447"}],"wp:term":[{"taxonomy":"product_cat","embeddable":true,"href":"https:\/\/compuviper.mx\/tienda\/wp-json\/wp\/v2\/product_cat?post=235447"},{"taxonomy":"product_tag","embeddable":true,"href":"https:\/\/compuviper.mx\/tienda\/wp-json\/wp\/v2\/product_tag?post=235447"}],"curies":[{"name":"wp","href":"https:\/\/api.w.org\/{rel}","templated":true}]}}