{"id":235444,"date":"2026-04-18T01:11:50","date_gmt":"2026-04-18T07:11:50","guid":{"rendered":"https:\/\/compuviper.mx\/tienda\/producto\/intellinet-561907-poe-switch-gb-24-ptos-19-30w-pto-370w-2-sfp\/"},"modified":"2026-04-18T01:11:50","modified_gmt":"2026-04-18T07:11:50","slug":"intellinet-561907-poe-switch-gb-24-ptos-19-30w-pto-370w-2-sfp","status":"publish","type":"product","link":"https:\/\/compuviper.mx\/tienda\/producto\/intellinet-561907-poe-switch-gb-24-ptos-19-30w-pto-370w-2-sfp\/","title":{"rendered":"Intellinet 561907 Poe Switch ,,,gb 24 Ptos 19 30w\/pto, 370w + 2 Sfp"},"content":{"rendered":"<table class=\"descripcion\">\n<tr>\n<td>Est\u00e1ndares<\/td>\n<\/tr>\n<tr>\n<td>Ieee 802.3 (ethernet 10base-t)<\/td>\n<\/tr>\n<tr>\n<td>Ieee 802.3ab (ethernet gigabit de par trenzado)<\/td>\n<\/tr>\n<tr>\n<td>Ieee 802.3az (ethernet con eficiencia energ\u00e9tica eee)<\/td>\n<\/tr>\n<tr>\n<td>Ieee 802.3af (power over ethernet 802.3at tipo 1)<\/td>\n<\/tr>\n<tr>\n<td>Ieee 802.3at (power over ethernet 802.3at tipo 2)<\/td>\n<\/tr>\n<tr>\n<td>Ieee 802.3u (100base-tx fast ethernet)<\/td>\n<\/tr>\n<tr>\n<td>Ieee 802.3x (control de flujo para el modo d\u00faplex completo)<\/td>\n<\/tr>\n<tr>\n<td>Generalidades<\/td>\n<\/tr>\n<tr>\n<td>Soporte de medios:<\/td>\n<\/tr>\n<tr>\n<td>10base-t cat5e utp\/stp rj45, 8 pines<\/td>\n<\/tr>\n<tr>\n<td>100base-tx cat5e utp\/stp rj45, 8 pines<\/td>\n<\/tr>\n<tr>\n<td>1000base-t cat5e utp\/stp rj45, 8 pines<\/td>\n<\/tr>\n<tr>\n<td>Tabla de direcciones mac: 8k<\/td>\n<\/tr>\n<tr>\n<td>Memoria intermedia: 4,1 mbits<\/td>\n<\/tr>\n<tr>\n<td>Velocidad de reenv\u00edo: 38,69 mpps<\/td>\n<\/tr>\n<tr>\n<td>Velocidad del backplane \/ tejido de conmutaci\u00f3n 52 gbps<\/td>\n<\/tr>\n<tr>\n<td>Arquitectura de conmutaci\u00f3n: store and forward<\/td>\n<\/tr>\n<tr>\n<td>Certificaciones: fcc, ce, rohs, ukca<\/td>\n<\/tr>\n<tr>\n<td>Modos (seleccionables mediante un interruptor deslizante en el panel frontal)<\/td>\n<\/tr>\n<tr>\n<td>Normal<\/td>\n<\/tr>\n<tr>\n<td>Vlan (aislamiento de puertos)<\/td>\n<\/tr>\n<tr>\n<td>Poe extend<\/td>\n<\/tr>\n<tr>\n<td>Leds<\/td>\n<\/tr>\n<tr>\n<td>Alimentaci\u00f3n<\/td>\n<\/tr>\n<tr>\n<td>Enlace\/actividad<\/td>\n<\/tr>\n<tr>\n<td>Poe<\/td>\n<\/tr>\n<tr>\n<td>Pinout puertos de salida rj45<\/td>\n<\/tr>\n<tr>\n<td>Clavija 1: dc (+)<\/td>\n<\/tr>\n<tr>\n<td>Clavija 2: cc (+)<\/td>\n<\/tr>\n<tr>\n<td>Clavija 3: cc (-)<\/td>\n<\/tr>\n<tr>\n<td>Clavija 6: cc (-)<\/td>\n<\/tr>\n<tr>\n<td>Alimentaci\u00f3n<\/td>\n<\/tr>\n<tr>\n<td>Entrada: 100,0 &#8211; 240,0 vac, 50 &#8211; 60 hz, fuente de alimentaci\u00f3n interna<\/td>\n<\/tr>\n<tr>\n<td>Consumo de energ\u00eda: 400,0 w (m\u00e1x.)<\/td>\n<\/tr>\n<tr>\n<td>F\u00edsico<\/td>\n<\/tr>\n<tr>\n<td>Carcasa met\u00e1lica<\/td>\n<\/tr>\n<tr>\n<td>Dimensiones (largo x ancho x alto): 207 x 440 x 44 mm (8,15 x 17,32 x 1,73 pulgadas)<\/td>\n<\/tr>\n<tr>\n<td>Peso neto: 3,37 kg (7,43 lbs.)<\/td>\n<\/tr>\n<tr>\n<td>Peso bruto: 3,87 kg (8,53 lbs.)<\/td>\n<\/tr>\n<tr>\n<td>Temperatura de funcionamiento: 0 &#8211; 40\u00b0c (32 &#8211; 104\u00b0f)<\/td>\n<\/tr>\n<tr>\n<td>Temperatura de almacenamiento: -40 &#8211; 70\u00b0c (-4 &#8211; 194\u00b0f)<\/td>\n<\/tr>\n<tr>\n<td>Humedad de funcionamiento: 10 &#8211; 90% hr, sin condensaci\u00f3n<\/td>\n<\/tr>\n<tr>\n<td>Humedad de almacenamiento: 5 &#8211; 90% hr, sin condensaci\u00f3n<\/td>\n<\/tr>\n<tr>\n<td>Contenido del paquete<\/td>\n<\/tr>\n<tr>\n<td>Conmutador gigabit ethernet poe+ de 24 puertos con 2 puertos sfp<\/td>\n<\/tr>\n<tr>\n<td>Cable de alimentaci\u00f3n<\/td>\n<\/tr>\n<\/table>\n","protected":false},"excerpt":{"rendered":"<p>Conmutador power over ethernet no gestionado con 26 puertos &#8211; 24 rj45 y dos sfp, poe+ de alta potencia, vlan y modo poe extend. El conmutador gigabit ethernet poe+ de 24 puertos de intellinet network solutions con 2 puertos sfp transmite tanto datos como energ\u00eda el\u00e9ctrica a una serie de dispositivos compatibles con poe a trav\u00e9s de cables de red est\u00e1ndar cat5e o cat6. Equipado con 24 puertos gigabit ethernet, este conmutador puede alimentar puntos de acceso y puentes lan inal\u00e1mbricos, tel\u00e9fonos voip, c\u00e1maras de v\u00eddeo ip y mucho m\u00e1s, a la vez que ofrece velocidades de red de hasta 1.000 mbps. Power over ethernet 802.3at. Este conmutador de alta potencia es compatible con el protocolo ieee 802.3at y puede inyectar hasta 30 vatios de potencia por puerto. Los dispositivos compatibles con ieee802.3af o ieee802.3at conectados al conmutador no necesitan alimentaci\u00f3n adicional para ayudar a evitar el tiempo y los gastos de recableado el\u00e9ctrico y minimizar el antiest\u00e9tico desorden de fuentes de alimentaci\u00f3n y adaptadores en techos y paredes. Admite cualquier combinaci\u00f3n de dispositivos poe y no poe, y gracias a su funci\u00f3n de protecci\u00f3n contra cortocircuitos, sobrecargas y alta tensi\u00f3n, su equipo est\u00e1 bien protegido. Para los dispositivos que no son compatibles con 802.3at\/af (puntos de acceso inal\u00e1mbricos heredados o c\u00e1maras de red), sugerimos el uso de un divisor poe\/poe+ de intellinet network solutions. Elimine los cuellos de botella con 26 puertos gigabit. Equipado con 24 puertos gigabit ethernet rj45 de detecci\u00f3n autom\u00e1tica a 10\/100\/1000 mbps, este conmutador ofrece un gran rendimiento para sus ordenadores, servidores y otros dispositivos de red. Adem\u00e1s, dos ranuras para m\u00f3dulos gbic de factor de forma peque\u00f1o (sfp) proporcionan conectividad de fibra para mayores distancias. No se trata de puertos combinados compartidos, sino de verdaderos puertos gigabit, lo que eleva el ancho de banda total disponible a 52 gbps. Modo poe extend ideal para c\u00e1maras ip. Seleccionable con un c\u00f3modo interruptor deslizante en el panel frontal, puede activar manualmente un modo poe extend que reduce la velocidad de su red y ampl\u00eda el alcance de su poe hasta 250 m, lo que resulta ideal para suministrar energ\u00eda y datos a las c\u00e1maras ip en distancias m\u00e1s largas. Suministra energ\u00eda y datos en 24 dispositivos de red poe\/poe. Dos m\u00f3dulos sfp (small form-factor pluggable) de 1gb. Presupuesto de energ\u00eda de 370 watts (power budget. La funci\u00f3n powered device monitor (pdm) reinicia cualquier dispositivo poe conectado que no responda o env\u00ede tr\u00e1fico de red. Energ\u00eda de salida de hasta 30 watts por puerto. Modo vlan manual para aislar los puertos 1 al 24 entre s\u00ed y permitir que se comuniquen con los puertos de enlace ascendente sfp 25 y 26. Modo manual de extensi\u00f3n poe (reduce la velocidad de la red y extiende el alcance poe hasta 250 m\/820 ft.. El modo de extensi\u00f3n poe es ideal para instalaciones de c\u00e1maras ip. Conmutaci\u00f3n de 52 gbps. 10\/100\/1000 puertos auto-sensing que detectan autom\u00e1ticamente las velocidades \u00f3ptimas de la red. Cumple con la especificaci\u00f3n ieee 802.3az (ethernet de eficiencia de energ\u00eda, eee. Tecnolog\u00eda de ahorro de energ\u00eda green ethernet que desactiva los puertos no utilizados y ajusta los niveles de energ\u00eda en funci\u00f3n de la longitud del cable. Ahorra costos de instalaci\u00f3n, suministra datos y energ\u00eda sobre los cables de red existentes. Soporta dispositivos poe que cumplen los est\u00e1ndares ieee 802.3at e ieee 802.3af (access points, tel\u00e9fonos voip y c\u00e1maras ip. Soporta detecci\u00f3n de protocolo ieee 802.3at\/af, cortocircuitos, sobrecarga y protecci\u00f3n de alto voltaje. Todos los puertos rj-45 soportan auto-mdix y auto-negociaci\u00f3n nway. Soporta tramas jumbo de hasta 9216 bytes. Todos los puertos rj45 soportan mdi-mdix (uplink- autom\u00e1tico. Arquitectura de almacenamiento y conmutaci\u00f3n. Soporta 802.3x control de flujo para modo full d\u00faplex y back pressure basado en colisiones para modo half d\u00faplex. Soporta entradas de direcciones mac de 8k con auto-aprendizaje y auto-envejecimiento. Memoria intermedia de 4,1 mbits. Punto de conexi\u00f3n a tierra para proteger el equipo de las sobrecargas el\u00e9ctricas externas. Protecci\u00f3n esd de hasta 8 kv (aire) y 6 kv (contacto. Dos ventiladores de gran volumen para asegurar una perfecta ventilaci\u00f3n. Incluye soportes para montaje en rack\/gabinete de 19<\/p>\n","protected":false},"featured_media":242860,"comment_status":"open","ping_status":"open","template":"","meta":[],"product_cat":[1563,1564],"product_tag":[1489],"acf":[],"yoast_head":"<!-- This site is optimized with the Yoast SEO plugin v21.7 - https:\/\/yoast.com\/wordpress\/plugins\/seo\/ -->\n<title>[ Intellinet ] &#129351; 561907 Poe Switch ,,,gb 24 Ptos 19 30w\/pto, 370w + 2 Sfp<\/title>\n<meta name=\"description\" content=\"Compra 561907 Poe Switch ,,,gb 24 Ptos 19 30w\/pto, 370w + 2 Sfp + Env\u00edo a domicilio + Pago seguro + Garant\u00eda\" \/>\n<meta name=\"robots\" content=\"index, follow, max-snippet:-1, max-image-preview:large, max-video-preview:-1\" \/>\n<link rel=\"canonical\" href=\"https:\/\/compuviper.mx\/tienda\/producto\/intellinet-561907-poe-switch-gb-24-ptos-19-30w-pto-370w-2-sfp\/\" \/>\n<meta property=\"og:locale\" content=\"es_MX\" \/>\n<meta property=\"og:type\" content=\"article\" \/>\n<meta property=\"og:title\" content=\"[ Intellinet ] &#129351; 561907 Poe Switch ,,,gb 24 Ptos 19 30w\/pto, 370w + 2 Sfp\" \/>\n<meta property=\"og:description\" content=\"Compra 561907 Poe Switch ,,,gb 24 Ptos 19 30w\/pto, 370w + 2 Sfp + Env\u00edo a domicilio + Pago seguro + Garant\u00eda\" \/>\n<meta property=\"og:url\" content=\"https:\/\/compuviper.mx\/tienda\/producto\/intellinet-561907-poe-switch-gb-24-ptos-19-30w-pto-370w-2-sfp\/\" \/>\n<meta property=\"og:site_name\" content=\"Compuviper\" \/>\n<meta property=\"article:publisher\" content=\"https:\/\/www.facebook.com\/compuviper\" \/>\n<meta property=\"og:image\" content=\"https:\/\/compuviper.mx\/tienda\/wp-content\/uploads\/2024\/09\/Poe-switch-intellinet561907gb-24-ptos-19-30wpto-370w-2-sfp.jpg\" \/>\n\t<meta property=\"og:image:width\" content=\"200\" \/>\n\t<meta property=\"og:image:height\" content=\"200\" \/>\n\t<meta property=\"og:image:type\" content=\"image\/jpeg\" \/>\n<meta name=\"twitter:card\" content=\"summary_large_image\" \/>\n<meta name=\"twitter:label1\" content=\"Precio\" \/>\n\t<meta name=\"twitter:data1\" content=\"&#36;5,337 con IVA\" \/>\n\t<meta name=\"twitter:label2\" content=\"Availability\" \/>\n\t<meta name=\"twitter:data2\" content=\"Out of stock\" \/>\n<script type=\"application\/ld+json\" class=\"yoast-schema-graph\">{\"@context\":\"https:\/\/schema.org\",\"@graph\":[{\"@type\":\"WebPage\",\"@id\":\"https:\/\/compuviper.mx\/tienda\/producto\/intellinet-561907-poe-switch-gb-24-ptos-19-30w-pto-370w-2-sfp\/\",\"url\":\"https:\/\/compuviper.mx\/tienda\/producto\/intellinet-561907-poe-switch-gb-24-ptos-19-30w-pto-370w-2-sfp\/\",\"name\":\"[ Intellinet ] &#129351; 561907 Poe Switch ,,,gb 24 Ptos 19 30w\/pto, 370w + 2 Sfp\",\"isPartOf\":{\"@id\":\"https:\/\/compuviper.mx\/tienda\/#website\"},\"datePublished\":\"2026-04-18T07:11:50+00:00\",\"dateModified\":\"2026-04-18T07:11:50+00:00\",\"description\":\"Compra 561907 Poe Switch ,,,gb 24 Ptos 19 30w\/pto, 370w + 2 Sfp + Env\u00edo a domicilio + Pago seguro + Garant\u00eda\",\"breadcrumb\":{\"@id\":\"https:\/\/compuviper.mx\/tienda\/producto\/intellinet-561907-poe-switch-gb-24-ptos-19-30w-pto-370w-2-sfp\/#breadcrumb\"},\"inLanguage\":\"es-MX\",\"potentialAction\":[{\"@type\":\"ReadAction\",\"target\":[\"https:\/\/compuviper.mx\/tienda\/producto\/intellinet-561907-poe-switch-gb-24-ptos-19-30w-pto-370w-2-sfp\/\"]}]},{\"@type\":\"BreadcrumbList\",\"@id\":\"https:\/\/compuviper.mx\/tienda\/producto\/intellinet-561907-poe-switch-gb-24-ptos-19-30w-pto-370w-2-sfp\/#breadcrumb\",\"itemListElement\":[{\"@type\":\"ListItem\",\"position\":1,\"name\":\"Inicio\",\"item\":\"https:\/\/compuviper.mx\/tienda\/\"},{\"@type\":\"ListItem\",\"position\":2,\"name\":\"Productos\",\"item\":\"https:\/\/compuviper.mx\/tienda\/productos\/\"},{\"@type\":\"ListItem\",\"position\":3,\"name\":\"Redes\",\"item\":\"https:\/\/compuviper.mx\/tienda\/categoria-producto\/redes\/\"},{\"@type\":\"ListItem\",\"position\":4,\"name\":\"Switch\",\"item\":\"https:\/\/compuviper.mx\/tienda\/categoria-producto\/redes\/switch\/\"},{\"@type\":\"ListItem\",\"position\":5,\"name\":\"Intellinet 561907 Poe Switch ,,,gb 24 Ptos 19 30w\/pto, 370w + 2 Sfp\"}]},{\"@type\":\"WebSite\",\"@id\":\"https:\/\/compuviper.mx\/tienda\/#website\",\"url\":\"https:\/\/compuviper.mx\/tienda\/\",\"name\":\"Compuviper\",\"description\":\"Proveedor de Computadoras, Laptops, Servidores, Monitores, Puntos de Venta, Teclados,   Impresoras, T\u00f3ner, C\u00e1maras de Seguridad y m\u00e1s en tu tienda en l\u00ednea\",\"publisher\":{\"@id\":\"https:\/\/compuviper.mx\/tienda\/#organization\"},\"potentialAction\":[{\"@type\":\"SearchAction\",\"target\":{\"@type\":\"EntryPoint\",\"urlTemplate\":\"https:\/\/compuviper.mx\/tienda\/?s={search_term_string}\"},\"query-input\":\"required name=search_term_string\"}],\"inLanguage\":\"es-MX\"},{\"@type\":\"Organization\",\"@id\":\"https:\/\/compuviper.mx\/tienda\/#organization\",\"name\":\"Compuviper\",\"url\":\"https:\/\/compuviper.mx\/tienda\/\",\"logo\":{\"@type\":\"ImageObject\",\"inLanguage\":\"es-MX\",\"@id\":\"https:\/\/compuviper.mx\/tienda\/#\/schema\/logo\/image\/\",\"url\":\"https:\/\/compuviper.mx\/tienda\/wp-content\/uploads\/2021\/08\/Logo-Compuviper-10.png\",\"contentUrl\":\"https:\/\/compuviper.mx\/tienda\/wp-content\/uploads\/2021\/08\/Logo-Compuviper-10.png\",\"width\":1000,\"height\":500,\"caption\":\"Compuviper\"},\"image\":{\"@id\":\"https:\/\/compuviper.mx\/tienda\/#\/schema\/logo\/image\/\"},\"sameAs\":[\"https:\/\/www.facebook.com\/compuviper\",\"https:\/\/www.youtube.com\/channel\/UCf73dERp9Y3cfOq7q8BhLjA?view_as=subscriber\"]}]}<\/script>\n<meta property=\"product:brand\" content=\"INTELLINET\" \/>\n<meta property=\"product:price:amount\" content=\"5337\" \/>\n<meta property=\"product:price:currency\" content=\"MXN\" \/>\n<meta property=\"og:availability\" content=\"out of stock\" \/>\n<meta property=\"product:availability\" content=\"out of stock\" \/>\n<meta property=\"product:retailer_item_id\" content=\"561907\" \/>\n<meta property=\"product:condition\" content=\"new\" \/>\n<!-- \/ Yoast SEO plugin. -->","yoast_head_json":{"title":"[ Intellinet ] &#129351; 561907 Poe Switch ,,,gb 24 Ptos 19 30w\/pto, 370w + 2 Sfp","description":"Compra 561907 Poe Switch ,,,gb 24 Ptos 19 30w\/pto, 370w + 2 Sfp + Env\u00edo a domicilio + Pago seguro + Garant\u00eda","robots":{"index":"index","follow":"follow","max-snippet":"max-snippet:-1","max-image-preview":"max-image-preview:large","max-video-preview":"max-video-preview:-1"},"canonical":"https:\/\/compuviper.mx\/tienda\/producto\/intellinet-561907-poe-switch-gb-24-ptos-19-30w-pto-370w-2-sfp\/","og_locale":"es_MX","og_type":"article","og_title":"[ Intellinet ] &#129351; 561907 Poe Switch ,,,gb 24 Ptos 19 30w\/pto, 370w + 2 Sfp","og_description":"Compra 561907 Poe Switch ,,,gb 24 Ptos 19 30w\/pto, 370w + 2 Sfp + Env\u00edo a domicilio + Pago seguro + Garant\u00eda","og_url":"https:\/\/compuviper.mx\/tienda\/producto\/intellinet-561907-poe-switch-gb-24-ptos-19-30w-pto-370w-2-sfp\/","og_site_name":"Compuviper","article_publisher":"https:\/\/www.facebook.com\/compuviper","og_image":[{"width":200,"height":200,"url":"https:\/\/compuviper.mx\/tienda\/wp-content\/uploads\/2024\/09\/Poe-switch-intellinet561907gb-24-ptos-19-30wpto-370w-2-sfp.jpg","type":"image\/jpeg"}],"twitter_card":"summary_large_image","twitter_misc":{"Precio":"&#36;5,337 con IVA","Availability":"Out of stock"},"schema":{"@context":"https:\/\/schema.org","@graph":[{"@type":"WebPage","@id":"https:\/\/compuviper.mx\/tienda\/producto\/intellinet-561907-poe-switch-gb-24-ptos-19-30w-pto-370w-2-sfp\/","url":"https:\/\/compuviper.mx\/tienda\/producto\/intellinet-561907-poe-switch-gb-24-ptos-19-30w-pto-370w-2-sfp\/","name":"[ Intellinet ] &#129351; 561907 Poe Switch ,,,gb 24 Ptos 19 30w\/pto, 370w + 2 Sfp","isPartOf":{"@id":"https:\/\/compuviper.mx\/tienda\/#website"},"datePublished":"2026-04-18T07:11:50+00:00","dateModified":"2026-04-18T07:11:50+00:00","description":"Compra 561907 Poe Switch ,,,gb 24 Ptos 19 30w\/pto, 370w + 2 Sfp + Env\u00edo a domicilio + Pago seguro + Garant\u00eda","breadcrumb":{"@id":"https:\/\/compuviper.mx\/tienda\/producto\/intellinet-561907-poe-switch-gb-24-ptos-19-30w-pto-370w-2-sfp\/#breadcrumb"},"inLanguage":"es-MX","potentialAction":[{"@type":"ReadAction","target":["https:\/\/compuviper.mx\/tienda\/producto\/intellinet-561907-poe-switch-gb-24-ptos-19-30w-pto-370w-2-sfp\/"]}]},{"@type":"BreadcrumbList","@id":"https:\/\/compuviper.mx\/tienda\/producto\/intellinet-561907-poe-switch-gb-24-ptos-19-30w-pto-370w-2-sfp\/#breadcrumb","itemListElement":[{"@type":"ListItem","position":1,"name":"Inicio","item":"https:\/\/compuviper.mx\/tienda\/"},{"@type":"ListItem","position":2,"name":"Productos","item":"https:\/\/compuviper.mx\/tienda\/productos\/"},{"@type":"ListItem","position":3,"name":"Redes","item":"https:\/\/compuviper.mx\/tienda\/categoria-producto\/redes\/"},{"@type":"ListItem","position":4,"name":"Switch","item":"https:\/\/compuviper.mx\/tienda\/categoria-producto\/redes\/switch\/"},{"@type":"ListItem","position":5,"name":"Intellinet 561907 Poe Switch ,,,gb 24 Ptos 19 30w\/pto, 370w + 2 Sfp"}]},{"@type":"WebSite","@id":"https:\/\/compuviper.mx\/tienda\/#website","url":"https:\/\/compuviper.mx\/tienda\/","name":"Compuviper","description":"Proveedor de Computadoras, Laptops, Servidores, Monitores, Puntos de Venta, Teclados,   Impresoras, T\u00f3ner, C\u00e1maras de Seguridad y m\u00e1s en tu tienda en l\u00ednea","publisher":{"@id":"https:\/\/compuviper.mx\/tienda\/#organization"},"potentialAction":[{"@type":"SearchAction","target":{"@type":"EntryPoint","urlTemplate":"https:\/\/compuviper.mx\/tienda\/?s={search_term_string}"},"query-input":"required name=search_term_string"}],"inLanguage":"es-MX"},{"@type":"Organization","@id":"https:\/\/compuviper.mx\/tienda\/#organization","name":"Compuviper","url":"https:\/\/compuviper.mx\/tienda\/","logo":{"@type":"ImageObject","inLanguage":"es-MX","@id":"https:\/\/compuviper.mx\/tienda\/#\/schema\/logo\/image\/","url":"https:\/\/compuviper.mx\/tienda\/wp-content\/uploads\/2021\/08\/Logo-Compuviper-10.png","contentUrl":"https:\/\/compuviper.mx\/tienda\/wp-content\/uploads\/2021\/08\/Logo-Compuviper-10.png","width":1000,"height":500,"caption":"Compuviper"},"image":{"@id":"https:\/\/compuviper.mx\/tienda\/#\/schema\/logo\/image\/"},"sameAs":["https:\/\/www.facebook.com\/compuviper","https:\/\/www.youtube.com\/channel\/UCf73dERp9Y3cfOq7q8BhLjA?view_as=subscriber"]}]},"product_brand":"INTELLINET","product_price_amount":"5337","product_price_currency":"MXN","og_availability":"out of stock","product_availability":"out of stock","product_retailer_item_id":"561907","product_condition":"new"},"_links":{"self":[{"href":"https:\/\/compuviper.mx\/tienda\/wp-json\/wp\/v2\/product\/235444"}],"collection":[{"href":"https:\/\/compuviper.mx\/tienda\/wp-json\/wp\/v2\/product"}],"about":[{"href":"https:\/\/compuviper.mx\/tienda\/wp-json\/wp\/v2\/types\/product"}],"replies":[{"embeddable":true,"href":"https:\/\/compuviper.mx\/tienda\/wp-json\/wp\/v2\/comments?post=235444"}],"wp:featuredmedia":[{"embeddable":true,"href":"https:\/\/compuviper.mx\/tienda\/wp-json\/wp\/v2\/media\/242860"}],"wp:attachment":[{"href":"https:\/\/compuviper.mx\/tienda\/wp-json\/wp\/v2\/media?parent=235444"}],"wp:term":[{"taxonomy":"product_cat","embeddable":true,"href":"https:\/\/compuviper.mx\/tienda\/wp-json\/wp\/v2\/product_cat?post=235444"},{"taxonomy":"product_tag","embeddable":true,"href":"https:\/\/compuviper.mx\/tienda\/wp-json\/wp\/v2\/product_tag?post=235444"}],"curies":[{"name":"wp","href":"https:\/\/api.w.org\/{rel}","templated":true}]}}