{"id":235443,"date":"2026-04-16T00:58:55","date_gmt":"2026-04-16T06:58:55","guid":{"rendered":"https:\/\/compuviper.mx\/tienda\/producto\/manhattan-190220-mouse-optico-gaming-7-botones-7200-dpi-led-rgb-negro\/"},"modified":"2026-04-16T00:58:55","modified_gmt":"2026-04-16T06:58:55","slug":"manhattan-190220-mouse-optico-gaming-7-botones-7200-dpi-led-rgb-negro","status":"publish","type":"product","link":"https:\/\/compuviper.mx\/tienda\/producto\/manhattan-190220-mouse-optico-gaming-7-botones-7200-dpi-led-rgb-negro\/","title":{"rendered":"Manhattan 190220 Mouse Optico Gaming, , , 7 Botones, 7200 Dpi, Led Rgb, Negro"},"content":{"rendered":"<table class=\"descripcion\">\n<tr>\n<td>Normas y certificaciones<\/td>\n<\/tr>\n<tr>\n<td>Usb 2.0<\/td>\n<\/tr>\n<tr>\n<td>Ce<\/td>\n<\/tr>\n<tr>\n<td>Fcc<\/td>\n<\/tr>\n<tr>\n<td>Rohs<\/td>\n<\/tr>\n<tr>\n<td>Ukca<\/td>\n<\/tr>\n<tr>\n<td>Generalidades<\/td>\n<\/tr>\n<tr>\n<td>Mouse: resoluci\u00f3n de 1200\/2400\/4800\/7200 ppp<\/td>\n<\/tr>\n<tr>\n<td>Controles: bot\u00f3n derecho e izquierdo, rueda de desplazamiento (autodesplazamiento), avance y retroceso de p\u00e1gina, ajuste de resoluci\u00f3n<\/td>\n<\/tr>\n<tr>\n<td>Leds<\/td>\n<\/tr>\n<tr>\n<td>Material: pl\u00e1stico abs<\/td>\n<\/tr>\n<tr>\n<td>Compatible con windows 98\/me\/2000\/xp\/ vista\/7\/8\/10\/11<\/td>\n<\/tr>\n<tr>\n<td>Dise\u00f1o<\/td>\n<\/tr>\n<tr>\n<td>Dimensiones del mouse: 12.8 x 7.2 x 4 cm<\/td>\n<\/tr>\n<tr>\n<td>Longitud del cable: 1.4 m<\/td>\n<\/tr>\n<tr>\n<td>Peso: 100 g<\/td>\n<\/tr>\n<tr>\n<td>Entorno:<\/td>\n<\/tr>\n<tr>\n<td>Temperatura de funcionamiento: 0-45\u00b0 c<\/td>\n<\/tr>\n<tr>\n<td>Temperatura de almacenamiento: -15 &#8211; 60\u00b0 c<\/td>\n<\/tr>\n<tr>\n<td>Factor de humedad:   85%<\/td>\n<\/tr>\n<tr>\n<td>Contenido del paquete<\/td>\n<\/tr>\n<tr>\n<td>Mouse gaming \u00f3ptico cableado usb con iluminaci\u00f3n led<\/td>\n<\/tr>\n<tr>\n<td>Gu\u00eda de instrucciones r\u00e1pidas<\/td>\n<\/tr>\n<\/table>\n","protected":false},"excerpt":{"rendered":"<p>Mouse para videojuegos. El mouse \u00f3ptico cableado para videojuegos con iluminaci\u00f3n por led de manhattan combina un dise\u00f1o moderno con una precisi\u00f3n avanzada y un rendimiento de alta estabilizaci\u00f3n. Su bot\u00f3n colocado en la parte superior del mouse te permite cambiar instant\u00e1neamente la resoluci\u00f3n de 1200, 2400, 4800 y 7200 ppp para adaptarse a una amplia gama de aplicaciones, incluidos videojuegos o tareas inform\u00e1ticas diarias. Su tama\u00f1o grande y su configuraci\u00f3n de siete botones brindan acceso directo a comandos esenciales con un movimiento m\u00ednimo de mu\u00f1eca. Textura antideslizante que proporciona un agarre c\u00f3modo y seguro. La capacidad plug-and-play y la compatibilidad con windows \u00ae ofrecen una instalaci\u00f3n r\u00e1pida y sencilla. Sensor \u00f3ptico preciso y exacto con construcci\u00f3n robusta para un rendimiento \u00e1gil y confiable. Siete botones de f\u00e1cil acceso al alcance de tu mano para un control c\u00f3modo y sin retraso. Bot\u00f3n en la parte superior para cambiar instant\u00e1neamente la resoluci\u00f3n de 1200, 2400, 4800 y 7200 ppp, perfecto para el trabajo diario o para jugar. Dise\u00f1o ergon\u00f3mico para una posici\u00f3n m\u00e1s c\u00f3moda de la mano y soporte de la mu\u00f1eca para reducir la fatiga, incluso durante un uso prolongado. Base de baja fricci\u00f3n para un deslizamiento suave sobre la mayor\u00eda de las superficies y m\u00e1ximo control, ya sea al apuntar a un enemigo o al hacer una hoja de c\u00e1lculo. Luces led que cambian de color para destacar clara y sutilmente el mouse en situaciones de poca luz. Cable extralargo trenzado con n\u00facleo de ferrita para fortalecer las conexiones sin sacrificar la precisi\u00f3n y el rendimiento. Plug and play. Compatibilidad total con windows<\/p>\n","protected":false},"featured_media":242829,"comment_status":"open","ping_status":"open","template":"","meta":[],"product_cat":[1748,1752],"product_tag":[1487],"acf":[],"yoast_head":"<!-- This site is optimized with the Yoast SEO plugin v21.7 - https:\/\/yoast.com\/wordpress\/plugins\/seo\/ -->\n<title>[ Manhattan ] &#129351; 190220 Mouse Optico Gaming, , , 7 Botones, 7200 Dpi, Led Rgb, Negro<\/title>\n<meta name=\"description\" content=\"Compra 190220 Mouse Optico Gaming, , , 7 Botones, 7200 Dpi, Led Rgb, Negro + Env\u00edo a domicilio + Pago seguro + Garant\u00eda\" \/>\n<meta name=\"robots\" content=\"index, follow, max-snippet:-1, max-image-preview:large, max-video-preview:-1\" \/>\n<link rel=\"canonical\" href=\"https:\/\/compuviper.mx\/tienda\/producto\/manhattan-190220-mouse-optico-gaming-7-botones-7200-dpi-led-rgb-negro\/\" \/>\n<meta property=\"og:locale\" content=\"es_MX\" \/>\n<meta property=\"og:type\" content=\"article\" \/>\n<meta property=\"og:title\" content=\"[ Manhattan ] &#129351; 190220 Mouse Optico Gaming, , , 7 Botones, 7200 Dpi, Led Rgb, Negro\" \/>\n<meta property=\"og:description\" content=\"Compra 190220 Mouse Optico Gaming, , , 7 Botones, 7200 Dpi, Led Rgb, Negro + Env\u00edo a domicilio + Pago seguro + Garant\u00eda\" \/>\n<meta property=\"og:url\" content=\"https:\/\/compuviper.mx\/tienda\/producto\/manhattan-190220-mouse-optico-gaming-7-botones-7200-dpi-led-rgb-negro\/\" \/>\n<meta property=\"og:site_name\" content=\"Compuviper\" \/>\n<meta property=\"article:publisher\" content=\"https:\/\/www.facebook.com\/compuviper\" \/>\n<meta property=\"og:image\" content=\"https:\/\/compuviper.mx\/tienda\/wp-content\/uploads\/2024\/09\/Mouse-optico-gaming-manhattan-190220-7-botones-7200-dpi-led-rgb-negro.jpg\" \/>\n\t<meta property=\"og:image:width\" content=\"200\" \/>\n\t<meta property=\"og:image:height\" content=\"200\" \/>\n\t<meta property=\"og:image:type\" content=\"image\/jpeg\" \/>\n<meta name=\"twitter:card\" content=\"summary_large_image\" \/>\n<meta name=\"twitter:label1\" content=\"Precio\" \/>\n\t<meta name=\"twitter:data1\" content=\"&#36;167 con IVA\" \/>\n\t<meta name=\"twitter:label2\" content=\"Availability\" \/>\n\t<meta name=\"twitter:data2\" content=\"In stock\" \/>\n<script type=\"application\/ld+json\" class=\"yoast-schema-graph\">{\"@context\":\"https:\/\/schema.org\",\"@graph\":[{\"@type\":\"WebPage\",\"@id\":\"https:\/\/compuviper.mx\/tienda\/producto\/manhattan-190220-mouse-optico-gaming-7-botones-7200-dpi-led-rgb-negro\/\",\"url\":\"https:\/\/compuviper.mx\/tienda\/producto\/manhattan-190220-mouse-optico-gaming-7-botones-7200-dpi-led-rgb-negro\/\",\"name\":\"[ Manhattan ] &#129351; 190220 Mouse Optico Gaming, , , 7 Botones, 7200 Dpi, Led Rgb, Negro\",\"isPartOf\":{\"@id\":\"https:\/\/compuviper.mx\/tienda\/#website\"},\"datePublished\":\"2026-04-16T06:58:55+00:00\",\"dateModified\":\"2026-04-16T06:58:55+00:00\",\"description\":\"Compra 190220 Mouse Optico Gaming, , , 7 Botones, 7200 Dpi, Led Rgb, Negro + Env\u00edo a domicilio + Pago seguro + Garant\u00eda\",\"breadcrumb\":{\"@id\":\"https:\/\/compuviper.mx\/tienda\/producto\/manhattan-190220-mouse-optico-gaming-7-botones-7200-dpi-led-rgb-negro\/#breadcrumb\"},\"inLanguage\":\"es-MX\",\"potentialAction\":[{\"@type\":\"ReadAction\",\"target\":[\"https:\/\/compuviper.mx\/tienda\/producto\/manhattan-190220-mouse-optico-gaming-7-botones-7200-dpi-led-rgb-negro\/\"]}]},{\"@type\":\"BreadcrumbList\",\"@id\":\"https:\/\/compuviper.mx\/tienda\/producto\/manhattan-190220-mouse-optico-gaming-7-botones-7200-dpi-led-rgb-negro\/#breadcrumb\",\"itemListElement\":[{\"@type\":\"ListItem\",\"position\":1,\"name\":\"Inicio\",\"item\":\"https:\/\/compuviper.mx\/tienda\/\"},{\"@type\":\"ListItem\",\"position\":2,\"name\":\"Productos\",\"item\":\"https:\/\/compuviper.mx\/tienda\/productos\/\"},{\"@type\":\"ListItem\",\"position\":3,\"name\":\"Mouse\",\"item\":\"https:\/\/compuviper.mx\/tienda\/categoria-producto\/mouse\/\"},{\"@type\":\"ListItem\",\"position\":4,\"name\":\"Gamers\",\"item\":\"https:\/\/compuviper.mx\/tienda\/categoria-producto\/mouse\/gamers-mouse\/\"},{\"@type\":\"ListItem\",\"position\":5,\"name\":\"Manhattan 190220 Mouse Optico Gaming, , , 7 Botones, 7200 Dpi, Led Rgb, Negro\"}]},{\"@type\":\"WebSite\",\"@id\":\"https:\/\/compuviper.mx\/tienda\/#website\",\"url\":\"https:\/\/compuviper.mx\/tienda\/\",\"name\":\"Compuviper\",\"description\":\"Proveedor de Computadoras, Laptops, Servidores, Monitores, Puntos de Venta, Teclados,   Impresoras, T\u00f3ner, C\u00e1maras de Seguridad y m\u00e1s en tu tienda en l\u00ednea\",\"publisher\":{\"@id\":\"https:\/\/compuviper.mx\/tienda\/#organization\"},\"potentialAction\":[{\"@type\":\"SearchAction\",\"target\":{\"@type\":\"EntryPoint\",\"urlTemplate\":\"https:\/\/compuviper.mx\/tienda\/?s={search_term_string}\"},\"query-input\":\"required name=search_term_string\"}],\"inLanguage\":\"es-MX\"},{\"@type\":\"Organization\",\"@id\":\"https:\/\/compuviper.mx\/tienda\/#organization\",\"name\":\"Compuviper\",\"url\":\"https:\/\/compuviper.mx\/tienda\/\",\"logo\":{\"@type\":\"ImageObject\",\"inLanguage\":\"es-MX\",\"@id\":\"https:\/\/compuviper.mx\/tienda\/#\/schema\/logo\/image\/\",\"url\":\"https:\/\/compuviper.mx\/tienda\/wp-content\/uploads\/2021\/08\/Logo-Compuviper-10.png\",\"contentUrl\":\"https:\/\/compuviper.mx\/tienda\/wp-content\/uploads\/2021\/08\/Logo-Compuviper-10.png\",\"width\":1000,\"height\":500,\"caption\":\"Compuviper\"},\"image\":{\"@id\":\"https:\/\/compuviper.mx\/tienda\/#\/schema\/logo\/image\/\"},\"sameAs\":[\"https:\/\/www.facebook.com\/compuviper\",\"https:\/\/www.youtube.com\/channel\/UCf73dERp9Y3cfOq7q8BhLjA?view_as=subscriber\"]}]}<\/script>\n<meta property=\"product:brand\" content=\"MANHATTAN\" \/>\n<meta property=\"product:price:amount\" content=\"167\" \/>\n<meta property=\"product:price:currency\" content=\"MXN\" \/>\n<meta property=\"og:availability\" content=\"instock\" \/>\n<meta property=\"product:availability\" content=\"instock\" \/>\n<meta property=\"product:retailer_item_id\" content=\"190220\" \/>\n<meta property=\"product:condition\" content=\"new\" \/>\n<!-- \/ Yoast SEO plugin. -->","yoast_head_json":{"title":"[ Manhattan ] &#129351; 190220 Mouse Optico Gaming, , , 7 Botones, 7200 Dpi, Led Rgb, Negro","description":"Compra 190220 Mouse Optico Gaming, , , 7 Botones, 7200 Dpi, Led Rgb, Negro + Env\u00edo a domicilio + Pago seguro + Garant\u00eda","robots":{"index":"index","follow":"follow","max-snippet":"max-snippet:-1","max-image-preview":"max-image-preview:large","max-video-preview":"max-video-preview:-1"},"canonical":"https:\/\/compuviper.mx\/tienda\/producto\/manhattan-190220-mouse-optico-gaming-7-botones-7200-dpi-led-rgb-negro\/","og_locale":"es_MX","og_type":"article","og_title":"[ Manhattan ] &#129351; 190220 Mouse Optico Gaming, , , 7 Botones, 7200 Dpi, Led Rgb, Negro","og_description":"Compra 190220 Mouse Optico Gaming, , , 7 Botones, 7200 Dpi, Led Rgb, Negro + Env\u00edo a domicilio + Pago seguro + Garant\u00eda","og_url":"https:\/\/compuviper.mx\/tienda\/producto\/manhattan-190220-mouse-optico-gaming-7-botones-7200-dpi-led-rgb-negro\/","og_site_name":"Compuviper","article_publisher":"https:\/\/www.facebook.com\/compuviper","og_image":[{"width":200,"height":200,"url":"https:\/\/compuviper.mx\/tienda\/wp-content\/uploads\/2024\/09\/Mouse-optico-gaming-manhattan-190220-7-botones-7200-dpi-led-rgb-negro.jpg","type":"image\/jpeg"}],"twitter_card":"summary_large_image","twitter_misc":{"Precio":"&#36;167 con IVA","Availability":"In stock"},"schema":{"@context":"https:\/\/schema.org","@graph":[{"@type":"WebPage","@id":"https:\/\/compuviper.mx\/tienda\/producto\/manhattan-190220-mouse-optico-gaming-7-botones-7200-dpi-led-rgb-negro\/","url":"https:\/\/compuviper.mx\/tienda\/producto\/manhattan-190220-mouse-optico-gaming-7-botones-7200-dpi-led-rgb-negro\/","name":"[ Manhattan ] &#129351; 190220 Mouse Optico Gaming, , , 7 Botones, 7200 Dpi, Led Rgb, Negro","isPartOf":{"@id":"https:\/\/compuviper.mx\/tienda\/#website"},"datePublished":"2026-04-16T06:58:55+00:00","dateModified":"2026-04-16T06:58:55+00:00","description":"Compra 190220 Mouse Optico Gaming, , , 7 Botones, 7200 Dpi, Led Rgb, Negro + Env\u00edo a domicilio + Pago seguro + Garant\u00eda","breadcrumb":{"@id":"https:\/\/compuviper.mx\/tienda\/producto\/manhattan-190220-mouse-optico-gaming-7-botones-7200-dpi-led-rgb-negro\/#breadcrumb"},"inLanguage":"es-MX","potentialAction":[{"@type":"ReadAction","target":["https:\/\/compuviper.mx\/tienda\/producto\/manhattan-190220-mouse-optico-gaming-7-botones-7200-dpi-led-rgb-negro\/"]}]},{"@type":"BreadcrumbList","@id":"https:\/\/compuviper.mx\/tienda\/producto\/manhattan-190220-mouse-optico-gaming-7-botones-7200-dpi-led-rgb-negro\/#breadcrumb","itemListElement":[{"@type":"ListItem","position":1,"name":"Inicio","item":"https:\/\/compuviper.mx\/tienda\/"},{"@type":"ListItem","position":2,"name":"Productos","item":"https:\/\/compuviper.mx\/tienda\/productos\/"},{"@type":"ListItem","position":3,"name":"Mouse","item":"https:\/\/compuviper.mx\/tienda\/categoria-producto\/mouse\/"},{"@type":"ListItem","position":4,"name":"Gamers","item":"https:\/\/compuviper.mx\/tienda\/categoria-producto\/mouse\/gamers-mouse\/"},{"@type":"ListItem","position":5,"name":"Manhattan 190220 Mouse Optico Gaming, , , 7 Botones, 7200 Dpi, Led Rgb, Negro"}]},{"@type":"WebSite","@id":"https:\/\/compuviper.mx\/tienda\/#website","url":"https:\/\/compuviper.mx\/tienda\/","name":"Compuviper","description":"Proveedor de Computadoras, Laptops, Servidores, Monitores, Puntos de Venta, Teclados,   Impresoras, T\u00f3ner, C\u00e1maras de Seguridad y m\u00e1s en tu tienda en l\u00ednea","publisher":{"@id":"https:\/\/compuviper.mx\/tienda\/#organization"},"potentialAction":[{"@type":"SearchAction","target":{"@type":"EntryPoint","urlTemplate":"https:\/\/compuviper.mx\/tienda\/?s={search_term_string}"},"query-input":"required name=search_term_string"}],"inLanguage":"es-MX"},{"@type":"Organization","@id":"https:\/\/compuviper.mx\/tienda\/#organization","name":"Compuviper","url":"https:\/\/compuviper.mx\/tienda\/","logo":{"@type":"ImageObject","inLanguage":"es-MX","@id":"https:\/\/compuviper.mx\/tienda\/#\/schema\/logo\/image\/","url":"https:\/\/compuviper.mx\/tienda\/wp-content\/uploads\/2021\/08\/Logo-Compuviper-10.png","contentUrl":"https:\/\/compuviper.mx\/tienda\/wp-content\/uploads\/2021\/08\/Logo-Compuviper-10.png","width":1000,"height":500,"caption":"Compuviper"},"image":{"@id":"https:\/\/compuviper.mx\/tienda\/#\/schema\/logo\/image\/"},"sameAs":["https:\/\/www.facebook.com\/compuviper","https:\/\/www.youtube.com\/channel\/UCf73dERp9Y3cfOq7q8BhLjA?view_as=subscriber"]}]},"product_brand":"MANHATTAN","product_price_amount":"167","product_price_currency":"MXN","og_availability":"instock","product_availability":"instock","product_retailer_item_id":"190220","product_condition":"new"},"_links":{"self":[{"href":"https:\/\/compuviper.mx\/tienda\/wp-json\/wp\/v2\/product\/235443"}],"collection":[{"href":"https:\/\/compuviper.mx\/tienda\/wp-json\/wp\/v2\/product"}],"about":[{"href":"https:\/\/compuviper.mx\/tienda\/wp-json\/wp\/v2\/types\/product"}],"replies":[{"embeddable":true,"href":"https:\/\/compuviper.mx\/tienda\/wp-json\/wp\/v2\/comments?post=235443"}],"wp:featuredmedia":[{"embeddable":true,"href":"https:\/\/compuviper.mx\/tienda\/wp-json\/wp\/v2\/media\/242829"}],"wp:attachment":[{"href":"https:\/\/compuviper.mx\/tienda\/wp-json\/wp\/v2\/media?parent=235443"}],"wp:term":[{"taxonomy":"product_cat","embeddable":true,"href":"https:\/\/compuviper.mx\/tienda\/wp-json\/wp\/v2\/product_cat?post=235443"},{"taxonomy":"product_tag","embeddable":true,"href":"https:\/\/compuviper.mx\/tienda\/wp-json\/wp\/v2\/product_tag?post=235443"}],"curies":[{"name":"wp","href":"https:\/\/api.w.org\/{rel}","templated":true}]}}