{"id":235442,"date":"2026-04-02T00:50:14","date_gmt":"2026-04-02T06:50:14","guid":{"rendered":"https:\/\/compuviper.mx\/tienda\/producto\/dell-210-bmkk-monitor-led-p2425he-23-8-pulgadas-fhd-1920-x-1080-100-hz-hdmi-dp-usb-c-rj45\/"},"modified":"2026-04-02T00:50:14","modified_gmt":"2026-04-02T06:50:14","slug":"dell-p2425hedell-p2425he-monitor-led-p2425he-23-8-pulgadas-fhd-1920-x-1080-100-hz-hdmi-dp-usb-c-rj45-210-bmkk","status":"publish","type":"product","link":"https:\/\/compuviper.mx\/tienda\/producto\/dell-p2425hedell-p2425he-monitor-led-p2425he-23-8-pulgadas-fhd-1920-x-1080-100-hz-hdmi-dp-usb-c-rj45-210-bmkk\/","title":{"rendered":"Dell P2425he,dell-p2425he Monitor  Led P2425he 23.8 Pulgadas Fhd 1920 X 1080 100 Hz Hdmi, Dp, Usb-c, Rj45 210-bmkk"},"content":{"rendered":"<table class=\"descripcion\">\n<tr>\n<td>Brillo<\/td>\n<\/tr>\n<tr>\n<td>250 cd\/m 2 (t\u00edpico)<\/td>\n<\/tr>\n<tr>\n<td>Tiempo de respuesta<\/td>\n<\/tr>\n<tr>\n<td>5 ms de gris a gris (modo r\u00e1pido)<\/td>\n<\/tr>\n<tr>\n<td>8 ms de gris a gris (modo normal)<\/td>\n<\/tr>\n<tr>\n<td>Gama de colores<\/td>\n<\/tr>\n<tr>\n<td>99% srgb<\/td>\n<\/tr>\n<tr>\n<td>Comodidad ocular t\u00fcv<\/td>\n<\/tr>\n<tr>\n<td>S\u00ed, 4 estrellas<\/td>\n<\/tr>\n<tr>\n<td>Soporte de color<\/td>\n<\/tr>\n<tr>\n<td>Hasta 16,7 millones de colores<\/td>\n<\/tr>\n<tr>\n<td>Conectividad<\/td>\n<\/tr>\n<tr>\n<td>1x hdmi 1.4 (hdcp 1.4) (admite hasta fhd 1920 x 1080 100 hz tmds seg\u00fan lo especificado en hdmi 1.4)<\/td>\n<\/tr>\n<tr>\n<td>1x dp 1.4 (hdcp 1.4)<\/td>\n<\/tr>\n<tr>\n<td>1x salida dp (1.4) con mst (hdcp 1.4)<\/td>\n<\/tr>\n<tr>\n<td>1 conector rj45.<\/td>\n<\/tr>\n<tr>\n<td>1x usb 3.2 gen1 type-c ascendente (modo alternativo con dp1.4) con hasta 90 w pd<\/td>\n<\/tr>\n<tr>\n<td>3x usb 3.2 gen1 tipo-a descendente<\/td>\n<\/tr>\n<tr>\n<td>1x usb 3.2 gen1 type-c descendente con hasta 15 w pd (solo datos)<\/td>\n<\/tr>\n<tr>\n<td>Ajustabilidad<\/td>\n<\/tr>\n<tr>\n<td>Altura, inclinaci\u00f3n, giro, pivote<\/td>\n<\/tr>\n<tr>\n<td>Altura<\/td>\n<\/tr>\n<tr>\n<td>Hasta 150 mm (5,9)<\/td>\n<\/tr>\n<tr>\n<td>Inclinaci\u00f3n<\/td>\n<\/tr>\n<tr>\n<td>-5 \u00b0 \/+21 \u00b0<\/td>\n<\/tr>\n<tr>\n<td>Girar<\/td>\n<\/tr>\n<tr>\n<td>-45 \u00b0 \/+45 \u00b0<\/td>\n<\/tr>\n<tr>\n<td>Pivote<\/td>\n<\/tr>\n<tr>\n<td>-90 \u00b0 \/+90 \u00b0<\/td>\n<\/tr>\n<tr>\n<td>Voltaje requerido<\/td>\n<\/tr>\n<tr>\n<td>100 vca a 240 vca \/ 50 hz o 60 hz \u00b1 3 hz \/ 2 a (t\u00edpico)<\/td>\n<\/tr>\n<tr>\n<td>Consumo de energ\u00eda (operacional) (t\u00edpico)<\/td>\n<\/tr>\n<tr>\n<td>0,3 w (modo apagado)<\/td>\n<\/tr>\n<tr>\n<td>0,3 w (modo en espera)<\/td>\n<\/tr>\n<tr>\n<td>1,0 w (modo en espera en red)<\/td>\n<\/tr>\n<tr>\n<td>13,9 w (modo encendido)<\/td>\n<\/tr>\n<tr>\n<td>180 w (m\u00e1x.)<\/td>\n<\/tr>\n<tr>\n<td>15,2 w (pon)<\/td>\n<\/tr>\n<tr>\n<td>49,8 kwh (tec)<\/td>\n<\/tr>\n<tr>\n<td>Cables incluidos<\/td>\n<\/tr>\n<tr>\n<td>1x cable de alimentaci\u00f3n<\/td>\n<\/tr>\n<tr>\n<td>1 cable dp a dp, 1,8 m<\/td>\n<\/tr>\n<tr>\n<td>1 cable usb 3.2 gen2 tipo c a c, 1,0 m<\/td>\n<\/tr>\n<\/table>\n","protected":false},"excerpt":{"rendered":"<p>Con\u00e9ctese a la productividad. Certificado por t\u00fcv para comodidad visual de 4 estrellas, este monitor concentrador fhd ofrece comodidad visual mejorada y ofrece hasta 90 w de suministro de energ\u00eda. Upc: 884116468714<\/p>\n","protected":false},"featured_media":242747,"comment_status":"open","ping_status":"open","template":"","meta":[],"product_cat":[1741,1740],"product_tag":[1537],"acf":[],"yoast_head":"<!-- This site is optimized with the Yoast SEO plugin v21.7 - https:\/\/yoast.com\/wordpress\/plugins\/seo\/ -->\n<title>[ Dell ] &#129351; P2425he,dell-p2425he Monitor Led P2425he 23.8 Pulgadas Fhd 1920 X 1080 100 Hz Hdmi, Dp, Usb-c, Rj45 210-bmkk<\/title>\n<meta name=\"description\" content=\"Compra P2425he,dell-p2425he Monitor Led P2425he 23.8 Pulgadas Fhd 1920 X 1080 100 Hz Hdmi, Dp, Usb-c, Rj45 210-bmkk + Env\u00edo a domicilio + Pago seguro + Garant\u00eda\" \/>\n<meta name=\"robots\" content=\"index, follow, max-snippet:-1, max-image-preview:large, max-video-preview:-1\" \/>\n<link rel=\"canonical\" href=\"https:\/\/compuviper.mx\/tienda\/producto\/dell-p2425hedell-p2425he-monitor-led-p2425he-23-8-pulgadas-fhd-1920-x-1080-100-hz-hdmi-dp-usb-c-rj45-210-bmkk\/\" \/>\n<meta property=\"og:locale\" content=\"es_MX\" \/>\n<meta property=\"og:type\" content=\"article\" \/>\n<meta property=\"og:title\" content=\"[ Dell ] &#129351; P2425he,dell-p2425he Monitor Led P2425he 23.8 Pulgadas Fhd 1920 X 1080 100 Hz Hdmi, Dp, Usb-c, Rj45 210-bmkk\" \/>\n<meta property=\"og:description\" content=\"Compra P2425he,dell-p2425he Monitor Led P2425he 23.8 Pulgadas Fhd 1920 X 1080 100 Hz Hdmi, Dp, Usb-c, Rj45 210-bmkk + Env\u00edo a domicilio + Pago seguro + Garant\u00eda\" \/>\n<meta property=\"og:url\" content=\"https:\/\/compuviper.mx\/tienda\/producto\/dell-p2425hedell-p2425he-monitor-led-p2425he-23-8-pulgadas-fhd-1920-x-1080-100-hz-hdmi-dp-usb-c-rj45-210-bmkk\/\" \/>\n<meta property=\"og:site_name\" content=\"Compuviper\" \/>\n<meta property=\"article:publisher\" content=\"https:\/\/www.facebook.com\/compuviper\" \/>\n<meta property=\"og:image\" content=\"https:\/\/compuviper.mx\/tienda\/wp-content\/uploads\/2024\/09\/Monitor-dell-led-p2425he-23.8-pulgadas-fhd-1920-x-1080-100-hz-hdmi-dp-usb-c-rj45-210-bmkk.jpg\" \/>\n\t<meta property=\"og:image:width\" content=\"200\" \/>\n\t<meta property=\"og:image:height\" content=\"200\" \/>\n\t<meta property=\"og:image:type\" content=\"image\/jpeg\" \/>\n<meta name=\"twitter:card\" content=\"summary_large_image\" \/>\n<meta name=\"twitter:label1\" content=\"Precio\" \/>\n\t<meta name=\"twitter:data1\" content=\"&#36;4,314 &#36;4,220 con IVA\" \/>\n\t<meta name=\"twitter:label2\" content=\"Availability\" \/>\n\t<meta name=\"twitter:data2\" content=\"Out of stock\" \/>\n<script type=\"application\/ld+json\" class=\"yoast-schema-graph\">{\"@context\":\"https:\/\/schema.org\",\"@graph\":[{\"@type\":\"WebPage\",\"@id\":\"https:\/\/compuviper.mx\/tienda\/producto\/dell-p2425hedell-p2425he-monitor-led-p2425he-23-8-pulgadas-fhd-1920-x-1080-100-hz-hdmi-dp-usb-c-rj45-210-bmkk\/\",\"url\":\"https:\/\/compuviper.mx\/tienda\/producto\/dell-p2425hedell-p2425he-monitor-led-p2425he-23-8-pulgadas-fhd-1920-x-1080-100-hz-hdmi-dp-usb-c-rj45-210-bmkk\/\",\"name\":\"[ Dell ] &#129351; P2425he,dell-p2425he Monitor Led P2425he 23.8 Pulgadas Fhd 1920 X 1080 100 Hz Hdmi, Dp, Usb-c, Rj45 210-bmkk\",\"isPartOf\":{\"@id\":\"https:\/\/compuviper.mx\/tienda\/#website\"},\"datePublished\":\"2026-04-02T06:50:14+00:00\",\"dateModified\":\"2026-04-02T06:50:14+00:00\",\"description\":\"Compra P2425he,dell-p2425he Monitor Led P2425he 23.8 Pulgadas Fhd 1920 X 1080 100 Hz Hdmi, Dp, Usb-c, Rj45 210-bmkk + Env\u00edo a domicilio + Pago seguro + Garant\u00eda\",\"breadcrumb\":{\"@id\":\"https:\/\/compuviper.mx\/tienda\/producto\/dell-p2425hedell-p2425he-monitor-led-p2425he-23-8-pulgadas-fhd-1920-x-1080-100-hz-hdmi-dp-usb-c-rj45-210-bmkk\/#breadcrumb\"},\"inLanguage\":\"es-MX\",\"potentialAction\":[{\"@type\":\"ReadAction\",\"target\":[\"https:\/\/compuviper.mx\/tienda\/producto\/dell-p2425hedell-p2425he-monitor-led-p2425he-23-8-pulgadas-fhd-1920-x-1080-100-hz-hdmi-dp-usb-c-rj45-210-bmkk\/\"]}]},{\"@type\":\"BreadcrumbList\",\"@id\":\"https:\/\/compuviper.mx\/tienda\/producto\/dell-p2425hedell-p2425he-monitor-led-p2425he-23-8-pulgadas-fhd-1920-x-1080-100-hz-hdmi-dp-usb-c-rj45-210-bmkk\/#breadcrumb\",\"itemListElement\":[{\"@type\":\"ListItem\",\"position\":1,\"name\":\"Inicio\",\"item\":\"https:\/\/compuviper.mx\/tienda\/\"},{\"@type\":\"ListItem\",\"position\":2,\"name\":\"Productos\",\"item\":\"https:\/\/compuviper.mx\/tienda\/productos\/\"},{\"@type\":\"ListItem\",\"position\":3,\"name\":\"Monitores\",\"item\":\"https:\/\/compuviper.mx\/tienda\/categoria-producto\/monitores\/\"},{\"@type\":\"ListItem\",\"position\":4,\"name\":\"Led\",\"item\":\"https:\/\/compuviper.mx\/tienda\/categoria-producto\/monitores\/led\/\"},{\"@type\":\"ListItem\",\"position\":5,\"name\":\"Dell P2425he,dell-p2425he Monitor Led P2425he 23.8 Pulgadas Fhd 1920 X 1080 100 Hz Hdmi, Dp, Usb-c, Rj45 210-bmkk\"}]},{\"@type\":\"WebSite\",\"@id\":\"https:\/\/compuviper.mx\/tienda\/#website\",\"url\":\"https:\/\/compuviper.mx\/tienda\/\",\"name\":\"Compuviper\",\"description\":\"Proveedor de Computadoras, Laptops, Servidores, Monitores, Puntos de Venta, Teclados,   Impresoras, T\u00f3ner, C\u00e1maras de Seguridad y m\u00e1s en tu tienda en l\u00ednea\",\"publisher\":{\"@id\":\"https:\/\/compuviper.mx\/tienda\/#organization\"},\"potentialAction\":[{\"@type\":\"SearchAction\",\"target\":{\"@type\":\"EntryPoint\",\"urlTemplate\":\"https:\/\/compuviper.mx\/tienda\/?s={search_term_string}\"},\"query-input\":\"required name=search_term_string\"}],\"inLanguage\":\"es-MX\"},{\"@type\":\"Organization\",\"@id\":\"https:\/\/compuviper.mx\/tienda\/#organization\",\"name\":\"Compuviper\",\"url\":\"https:\/\/compuviper.mx\/tienda\/\",\"logo\":{\"@type\":\"ImageObject\",\"inLanguage\":\"es-MX\",\"@id\":\"https:\/\/compuviper.mx\/tienda\/#\/schema\/logo\/image\/\",\"url\":\"https:\/\/compuviper.mx\/tienda\/wp-content\/uploads\/2021\/08\/Logo-Compuviper-10.png\",\"contentUrl\":\"https:\/\/compuviper.mx\/tienda\/wp-content\/uploads\/2021\/08\/Logo-Compuviper-10.png\",\"width\":1000,\"height\":500,\"caption\":\"Compuviper\"},\"image\":{\"@id\":\"https:\/\/compuviper.mx\/tienda\/#\/schema\/logo\/image\/\"},\"sameAs\":[\"https:\/\/www.facebook.com\/compuviper\",\"https:\/\/www.youtube.com\/channel\/UCf73dERp9Y3cfOq7q8BhLjA?view_as=subscriber\"]}]}<\/script>\n<meta property=\"product:brand\" content=\"DELL\" \/>\n<meta property=\"product:price:amount\" content=\"4220\" \/>\n<meta property=\"product:price:currency\" content=\"MXN\" \/>\n<meta property=\"og:availability\" content=\"out of stock\" \/>\n<meta property=\"product:availability\" content=\"out of stock\" \/>\n<meta property=\"product:retailer_item_id\" content=\"P2425HE,DELL-P2425HE\" \/>\n<meta property=\"product:condition\" content=\"new\" \/>\n<!-- \/ Yoast SEO plugin. -->","yoast_head_json":{"title":"[ Dell ] &#129351; P2425he,dell-p2425he Monitor Led P2425he 23.8 Pulgadas Fhd 1920 X 1080 100 Hz Hdmi, Dp, Usb-c, Rj45 210-bmkk","description":"Compra P2425he,dell-p2425he Monitor Led P2425he 23.8 Pulgadas Fhd 1920 X 1080 100 Hz Hdmi, Dp, Usb-c, Rj45 210-bmkk + Env\u00edo a domicilio + Pago seguro + Garant\u00eda","robots":{"index":"index","follow":"follow","max-snippet":"max-snippet:-1","max-image-preview":"max-image-preview:large","max-video-preview":"max-video-preview:-1"},"canonical":"https:\/\/compuviper.mx\/tienda\/producto\/dell-p2425hedell-p2425he-monitor-led-p2425he-23-8-pulgadas-fhd-1920-x-1080-100-hz-hdmi-dp-usb-c-rj45-210-bmkk\/","og_locale":"es_MX","og_type":"article","og_title":"[ Dell ] &#129351; P2425he,dell-p2425he Monitor Led P2425he 23.8 Pulgadas Fhd 1920 X 1080 100 Hz Hdmi, Dp, Usb-c, Rj45 210-bmkk","og_description":"Compra P2425he,dell-p2425he Monitor Led P2425he 23.8 Pulgadas Fhd 1920 X 1080 100 Hz Hdmi, Dp, Usb-c, Rj45 210-bmkk + Env\u00edo a domicilio + Pago seguro + Garant\u00eda","og_url":"https:\/\/compuviper.mx\/tienda\/producto\/dell-p2425hedell-p2425he-monitor-led-p2425he-23-8-pulgadas-fhd-1920-x-1080-100-hz-hdmi-dp-usb-c-rj45-210-bmkk\/","og_site_name":"Compuviper","article_publisher":"https:\/\/www.facebook.com\/compuviper","og_image":[{"width":200,"height":200,"url":"https:\/\/compuviper.mx\/tienda\/wp-content\/uploads\/2024\/09\/Monitor-dell-led-p2425he-23.8-pulgadas-fhd-1920-x-1080-100-hz-hdmi-dp-usb-c-rj45-210-bmkk.jpg","type":"image\/jpeg"}],"twitter_card":"summary_large_image","twitter_misc":{"Precio":"&#36;4,314 &#36;4,220 con IVA","Availability":"Out of stock"},"schema":{"@context":"https:\/\/schema.org","@graph":[{"@type":"WebPage","@id":"https:\/\/compuviper.mx\/tienda\/producto\/dell-p2425hedell-p2425he-monitor-led-p2425he-23-8-pulgadas-fhd-1920-x-1080-100-hz-hdmi-dp-usb-c-rj45-210-bmkk\/","url":"https:\/\/compuviper.mx\/tienda\/producto\/dell-p2425hedell-p2425he-monitor-led-p2425he-23-8-pulgadas-fhd-1920-x-1080-100-hz-hdmi-dp-usb-c-rj45-210-bmkk\/","name":"[ Dell ] &#129351; P2425he,dell-p2425he Monitor Led P2425he 23.8 Pulgadas Fhd 1920 X 1080 100 Hz Hdmi, Dp, Usb-c, Rj45 210-bmkk","isPartOf":{"@id":"https:\/\/compuviper.mx\/tienda\/#website"},"datePublished":"2026-04-02T06:50:14+00:00","dateModified":"2026-04-02T06:50:14+00:00","description":"Compra P2425he,dell-p2425he Monitor Led P2425he 23.8 Pulgadas Fhd 1920 X 1080 100 Hz Hdmi, Dp, Usb-c, Rj45 210-bmkk + Env\u00edo a domicilio + Pago seguro + Garant\u00eda","breadcrumb":{"@id":"https:\/\/compuviper.mx\/tienda\/producto\/dell-p2425hedell-p2425he-monitor-led-p2425he-23-8-pulgadas-fhd-1920-x-1080-100-hz-hdmi-dp-usb-c-rj45-210-bmkk\/#breadcrumb"},"inLanguage":"es-MX","potentialAction":[{"@type":"ReadAction","target":["https:\/\/compuviper.mx\/tienda\/producto\/dell-p2425hedell-p2425he-monitor-led-p2425he-23-8-pulgadas-fhd-1920-x-1080-100-hz-hdmi-dp-usb-c-rj45-210-bmkk\/"]}]},{"@type":"BreadcrumbList","@id":"https:\/\/compuviper.mx\/tienda\/producto\/dell-p2425hedell-p2425he-monitor-led-p2425he-23-8-pulgadas-fhd-1920-x-1080-100-hz-hdmi-dp-usb-c-rj45-210-bmkk\/#breadcrumb","itemListElement":[{"@type":"ListItem","position":1,"name":"Inicio","item":"https:\/\/compuviper.mx\/tienda\/"},{"@type":"ListItem","position":2,"name":"Productos","item":"https:\/\/compuviper.mx\/tienda\/productos\/"},{"@type":"ListItem","position":3,"name":"Monitores","item":"https:\/\/compuviper.mx\/tienda\/categoria-producto\/monitores\/"},{"@type":"ListItem","position":4,"name":"Led","item":"https:\/\/compuviper.mx\/tienda\/categoria-producto\/monitores\/led\/"},{"@type":"ListItem","position":5,"name":"Dell P2425he,dell-p2425he Monitor Led P2425he 23.8 Pulgadas Fhd 1920 X 1080 100 Hz Hdmi, Dp, Usb-c, Rj45 210-bmkk"}]},{"@type":"WebSite","@id":"https:\/\/compuviper.mx\/tienda\/#website","url":"https:\/\/compuviper.mx\/tienda\/","name":"Compuviper","description":"Proveedor de Computadoras, Laptops, Servidores, Monitores, Puntos de Venta, Teclados,   Impresoras, T\u00f3ner, C\u00e1maras de Seguridad y m\u00e1s en tu tienda en l\u00ednea","publisher":{"@id":"https:\/\/compuviper.mx\/tienda\/#organization"},"potentialAction":[{"@type":"SearchAction","target":{"@type":"EntryPoint","urlTemplate":"https:\/\/compuviper.mx\/tienda\/?s={search_term_string}"},"query-input":"required name=search_term_string"}],"inLanguage":"es-MX"},{"@type":"Organization","@id":"https:\/\/compuviper.mx\/tienda\/#organization","name":"Compuviper","url":"https:\/\/compuviper.mx\/tienda\/","logo":{"@type":"ImageObject","inLanguage":"es-MX","@id":"https:\/\/compuviper.mx\/tienda\/#\/schema\/logo\/image\/","url":"https:\/\/compuviper.mx\/tienda\/wp-content\/uploads\/2021\/08\/Logo-Compuviper-10.png","contentUrl":"https:\/\/compuviper.mx\/tienda\/wp-content\/uploads\/2021\/08\/Logo-Compuviper-10.png","width":1000,"height":500,"caption":"Compuviper"},"image":{"@id":"https:\/\/compuviper.mx\/tienda\/#\/schema\/logo\/image\/"},"sameAs":["https:\/\/www.facebook.com\/compuviper","https:\/\/www.youtube.com\/channel\/UCf73dERp9Y3cfOq7q8BhLjA?view_as=subscriber"]}]},"product_brand":"DELL","product_price_amount":"4220","product_price_currency":"MXN","og_availability":"out of stock","product_availability":"out of stock","product_retailer_item_id":"P2425HE,DELL-P2425HE","product_condition":"new"},"_links":{"self":[{"href":"https:\/\/compuviper.mx\/tienda\/wp-json\/wp\/v2\/product\/235442"}],"collection":[{"href":"https:\/\/compuviper.mx\/tienda\/wp-json\/wp\/v2\/product"}],"about":[{"href":"https:\/\/compuviper.mx\/tienda\/wp-json\/wp\/v2\/types\/product"}],"replies":[{"embeddable":true,"href":"https:\/\/compuviper.mx\/tienda\/wp-json\/wp\/v2\/comments?post=235442"}],"wp:featuredmedia":[{"embeddable":true,"href":"https:\/\/compuviper.mx\/tienda\/wp-json\/wp\/v2\/media\/242747"}],"wp:attachment":[{"href":"https:\/\/compuviper.mx\/tienda\/wp-json\/wp\/v2\/media?parent=235442"}],"wp:term":[{"taxonomy":"product_cat","embeddable":true,"href":"https:\/\/compuviper.mx\/tienda\/wp-json\/wp\/v2\/product_cat?post=235442"},{"taxonomy":"product_tag","embeddable":true,"href":"https:\/\/compuviper.mx\/tienda\/wp-json\/wp\/v2\/product_tag?post=235442"}],"curies":[{"name":"wp","href":"https:\/\/api.w.org\/{rel}","templated":true}]}}