{"id":235440,"date":"2026-04-18T00:54:21","date_gmt":"2026-04-18T06:54:21","guid":{"rendered":"https:\/\/compuviper.mx\/tienda\/producto\/dell-210-bmgh-monitor-p2425h-23-8-pulgadas-fhd-1920-x-1080-100-hz-hdmi-vga-dp-usb-3-aos-de-garantia-210-bbcc\/"},"modified":"2026-04-18T00:54:22","modified_gmt":"2026-04-18T06:54:22","slug":"dell-210-bmghdell-p2425h-monitor-p2425h-23-8-pulgadas-fhd-1920-x-1080-100-hz-hdmi-vga-dp-usb-3-aos-de-garantia-210-bmgh","status":"publish","type":"product","link":"https:\/\/compuviper.mx\/tienda\/producto\/dell-210-bmghdell-p2425h-monitor-p2425h-23-8-pulgadas-fhd-1920-x-1080-100-hz-hdmi-vga-dp-usb-3-aos-de-garantia-210-bmgh\/","title":{"rendered":"Dell 210-bmgh,dell-p2425h Monitor  P2425h 23.8 Pulgadas Fhd 1920 X 1080 100 Hz Hdmi, Vga, Dp, Usb 3 A?os De Garantia 210-bmgh"},"content":{"rendered":"<table class=\"descripcion\">\n<tr>\n<td>\u00e1rea de visualizaci\u00f3n preestablecida (h x v)<\/td>\n<\/tr>\n<tr>\n<td>527,04 mm x 296,46 mm (20,75 x 11,67)<\/td>\n<\/tr>\n<tr>\n<td>\u00e1rea: 156.246,28 mm 2 (242,18 pulgadas 2 )<\/td>\n<\/tr>\n<tr>\n<td>Tipo de panel<\/td>\n<\/tr>\n<tr>\n<td>Tecnolog\u00eda de conmutaci\u00f3n en plano (ips)<\/td>\n<\/tr>\n<tr>\n<td>Revestimiento de pantalla<\/td>\n<\/tr>\n<tr>\n<td>Antideslumbrante con dureza 3h<\/td>\n<\/tr>\n<tr>\n<td>Resoluci\u00f3n m\u00e1xima preestablecida<\/td>\n<\/tr>\n<tr>\n<td>1920 x 1080<\/td>\n<\/tr>\n<tr>\n<td>Frecuencia de actualizaci\u00f3n<\/td>\n<\/tr>\n<tr>\n<td>100hz<\/td>\n<\/tr>\n<tr>\n<td>\u00e1ngulo de visi\u00f3n<\/td>\n<\/tr>\n<tr>\n<td>178 \u00b0 vertical\/178 \u00b0 horizontal<\/td>\n<\/tr>\n<tr>\n<td>Tama\u00f1o de p\u00edxel<\/td>\n<\/tr>\n<tr>\n<td>0,2745 mm x 0,2745 mm<\/td>\n<\/tr>\n<tr>\n<td>P\u00edxeles por pulgada (ppi)<\/td>\n<\/tr>\n<tr>\n<td>92,53<\/td>\n<\/tr>\n<tr>\n<td>Relaci\u00f3n de contraste<\/td>\n<\/tr>\n<tr>\n<td>1.500: 1 (t\u00edpico)<\/td>\n<\/tr>\n<tr>\n<td>Relaci\u00f3n de aspecto<\/td>\n<\/tr>\n<tr>\n<td>16:9<\/td>\n<\/tr>\n<tr>\n<td>Tecnolog\u00eda de retroiluminaci\u00f3n<\/td>\n<\/tr>\n<tr>\n<td>Sistema de iluminaci\u00f3n de borde led<\/td>\n<\/tr>\n<tr>\n<td>Brillo<\/td>\n<\/tr>\n<tr>\n<td>250 cd\/m 2 (t\u00edpico)<\/td>\n<\/tr>\n<tr>\n<td>Tiempo de respuesta<\/td>\n<\/tr>\n<tr>\n<td>5 ms de gris a gris (modo r\u00e1pido)<\/td>\n<\/tr>\n<tr>\n<td>8 ms de gris a gris (modo normal)<\/td>\n<\/tr>\n<tr>\n<td>Soporte de color<\/td>\n<\/tr>\n<tr>\n<td>Hasta 16,7 millones de colores<\/td>\n<\/tr>\n<tr>\n<td>Gama de colores<\/td>\n<\/tr>\n<tr>\n<td>99% srgb<\/td>\n<\/tr>\n<tr>\n<td>Comodidad ocular t\u00fcv<\/td>\n<\/tr>\n<tr>\n<td>S\u00ed, 4 estrellas<\/td>\n<\/tr>\n<tr>\n<td>Libre de ficker<\/td>\n<\/tr>\n<tr>\n<td>S\u00ed<\/td>\n<\/tr>\n<tr>\n<td>Conectividad<\/td>\n<\/tr>\n<tr>\n<td>1x hdmi 1.4 (hdcp 1.4) (admite hasta fhd 1920 x 1080 100 hz tmds seg\u00fan lo especificado en hdmi 1.4)<\/td>\n<\/tr>\n<tr>\n<td>1x dp 1.2 (hdcp 1.4)<\/td>\n<\/tr>\n<tr>\n<td>1xvga<\/td>\n<\/tr>\n<tr>\n<td>1x usb 3.2 gen1 tipo-b ascendente<\/td>\n<\/tr>\n<tr>\n<td>3x usb 3.2 gen1 tipo-a descendente<\/td>\n<\/tr>\n<tr>\n<td>1x usb 3.2 gen1 type-c descendente con hasta 15 w pd (solo datos)<\/td>\n<\/tr>\n<tr>\n<td>Altavoz incorporado<\/td>\n<\/tr>\n<tr>\n<td>No<\/td>\n<\/tr>\n<tr>\n<td>Entrega de energ\u00eda usb<\/td>\n<\/tr>\n<tr>\n<td>S\u00ed, hasta 15 w a trav\u00e9s del puerto descendente usb-c<\/td>\n<\/tr>\n<tr>\n<td>Conectividad<\/td>\n<\/tr>\n<tr>\n<td>1x hdmi 1.4 (hdcp 1.4) (admite hasta fhd 1920 x 1080 100 hz tmds seg\u00fan lo especificado en hdmi 1.4)<\/td>\n<\/tr>\n<tr>\n<td>1x dp 1.2 (hdcp 1.4)<\/td>\n<\/tr>\n<tr>\n<td>1xvga<\/td>\n<\/tr>\n<tr>\n<td>1x usb 3.2 gen1 tipo-b ascendente<\/td>\n<\/tr>\n<tr>\n<td>3x usb 3.2 gen1 tipo-a descendente<\/td>\n<\/tr>\n<tr>\n<td>1x usb 3.2 gen1 type-c descendente con hasta 15 w pd (solo datos)<\/td>\n<\/tr>\n<tr>\n<td>Ajustabilidad<\/td>\n<\/tr>\n<tr>\n<td>Altura, inclinaci\u00f3n, giro, pivote<\/td>\n<\/tr>\n<tr>\n<td>Altura<\/td>\n<\/tr>\n<tr>\n<td>Hasta 150 mm (5,9)<\/td>\n<\/tr>\n<tr>\n<td>Inclinaci\u00f3n<\/td>\n<\/tr>\n<tr>\n<td>-5 \u00b0 \/+21 \u00b0<\/td>\n<\/tr>\n<tr>\n<td>Girar<\/td>\n<\/tr>\n<tr>\n<td>-45 \u00b0 \/+45 \u00b0<\/td>\n<\/tr>\n<tr>\n<td>Pivote<\/td>\n<\/tr>\n<tr>\n<td>-90 \u00b0 \/+90 \u00b0<\/td>\n<\/tr>\n<tr>\n<td>Compatibilidad con el administrador de pantalla de dell<\/td>\n<\/tr>\n<tr>\n<td>S\u00ed con easy arrange<\/td>\n<\/tr>\n<tr>\n<td>Gesti\u00f3n remota de activos<\/td>\n<\/tr>\n<tr>\n<td>S\u00ed<\/td>\n<\/tr>\n<tr>\n<td>Voltaje requerido<\/td>\n<\/tr>\n<tr>\n<td>100 vca a 240 vca \/ 50 hz o 60 hz \u00b1 3 hz \/ 1,5 a (t\u00edpico)<\/td>\n<\/tr>\n<tr>\n<td>Consumo de energ\u00eda (operacional) (t\u00edpico)<\/td>\n<\/tr>\n<tr>\n<td>0,3 w (modo apagado)<\/td>\n<\/tr>\n<tr>\n<td>0,3 w (modo en espera)<\/td>\n<\/tr>\n<tr>\n<td>11,7 w (modo encendido)<\/td>\n<\/tr>\n<tr>\n<td>65 w (m\u00e1x.)<\/td>\n<\/tr>\n<tr>\n<td>12,0 w (pon)<\/td>\n<\/tr>\n<tr>\n<td>38,4 kwh (tec)<\/td>\n<\/tr>\n<tr>\n<td>Cables incluidos<\/td>\n<\/tr>\n<tr>\n<td>1x cable de alimentaci\u00f3n<\/td>\n<\/tr>\n<tr>\n<td>1 cable dp a dp, 1,8 m<\/td>\n<\/tr>\n<tr>\n<td>1 cable usb 3.2 gen1 tipo a a b (ascendente), 1,8 m<\/td>\n<\/tr>\n<tr>\n<td>1x cable hdmi a hdmi, 1,8 m (solo para pa\u00edses seleccionados)<\/td>\n<\/tr>\n<\/table>\n","protected":false},"excerpt":{"rendered":"<p>Mant\u00e9ngase productivo. Obtenga comodidad visual mejorada y conectividad perfecta con este monitor fhd, certificado por t\u00fcv para comodidad visual de 4 estrellas. Upc:884116468684<\/p>\n","protected":false},"featured_media":242745,"comment_status":"open","ping_status":"open","template":"","meta":[],"product_cat":[1740,1741],"product_tag":[1537],"acf":[],"yoast_head":"<!-- This site is optimized with the Yoast SEO plugin v21.7 - https:\/\/yoast.com\/wordpress\/plugins\/seo\/ -->\n<title>[ Dell ] &#129351; 210-bmgh,dell-p2425h Monitor P2425h 23.8 Pulgadas Fhd 1920 X 1080 100 Hz Hdmi, Vga, Dp, Usb 3 A\u00f1os De Garantia 210-bmgh<\/title>\n<meta name=\"description\" content=\"Compra 210-bmgh,dell-p2425h Monitor P2425h 23.8 Pulgadas Fhd 1920 X 1080 100 Hz Hdmi, Vga, Dp, Usb 3 A\u00f1os De Garantia 210-bmgh + Env\u00edo a domicilio + Pago seguro + Garant\u00eda\" \/>\n<meta name=\"robots\" content=\"index, follow, max-snippet:-1, max-image-preview:large, max-video-preview:-1\" \/>\n<link rel=\"canonical\" href=\"https:\/\/compuviper.mx\/tienda\/producto\/dell-210-bmghdell-p2425h-monitor-p2425h-23-8-pulgadas-fhd-1920-x-1080-100-hz-hdmi-vga-dp-usb-3-aos-de-garantia-210-bmgh\/\" \/>\n<meta property=\"og:locale\" content=\"es_MX\" \/>\n<meta property=\"og:type\" content=\"article\" \/>\n<meta property=\"og:title\" content=\"[ Dell ] &#129351; 210-bmgh,dell-p2425h Monitor P2425h 23.8 Pulgadas Fhd 1920 X 1080 100 Hz Hdmi, Vga, Dp, Usb 3 A\u00f1os De Garantia 210-bmgh\" \/>\n<meta property=\"og:description\" content=\"Compra 210-bmgh,dell-p2425h Monitor P2425h 23.8 Pulgadas Fhd 1920 X 1080 100 Hz Hdmi, Vga, Dp, Usb 3 A\u00f1os De Garantia 210-bmgh + Env\u00edo a domicilio + Pago seguro + Garant\u00eda\" \/>\n<meta property=\"og:url\" content=\"https:\/\/compuviper.mx\/tienda\/producto\/dell-210-bmghdell-p2425h-monitor-p2425h-23-8-pulgadas-fhd-1920-x-1080-100-hz-hdmi-vga-dp-usb-3-aos-de-garantia-210-bmgh\/\" \/>\n<meta property=\"og:site_name\" content=\"Compuviper\" \/>\n<meta property=\"article:publisher\" content=\"https:\/\/www.facebook.com\/compuviper\" \/>\n<meta property=\"article:modified_time\" content=\"2026-04-18T06:54:22+00:00\" \/>\n<meta property=\"og:image\" content=\"https:\/\/compuviper.mx\/tienda\/wp-content\/uploads\/2024\/09\/Monitor-dell-p2425h-23.8-pulgadas-fhd-1920-x-1080-100-hz-hdmi-vga-dp-usb-3-anos-de-garantia-210-bmgh.jpg\" \/>\n\t<meta property=\"og:image:width\" content=\"200\" \/>\n\t<meta property=\"og:image:height\" content=\"200\" \/>\n\t<meta property=\"og:image:type\" content=\"image\/jpeg\" \/>\n<meta name=\"twitter:card\" content=\"summary_large_image\" \/>\n<meta name=\"twitter:label1\" content=\"Precio\" \/>\n\t<meta name=\"twitter:data1\" content=\"&#36;3,778 con IVA\" \/>\n\t<meta name=\"twitter:label2\" content=\"Availability\" \/>\n\t<meta name=\"twitter:data2\" content=\"In stock\" \/>\n<script type=\"application\/ld+json\" class=\"yoast-schema-graph\">{\"@context\":\"https:\/\/schema.org\",\"@graph\":[{\"@type\":\"WebPage\",\"@id\":\"https:\/\/compuviper.mx\/tienda\/producto\/dell-210-bmghdell-p2425h-monitor-p2425h-23-8-pulgadas-fhd-1920-x-1080-100-hz-hdmi-vga-dp-usb-3-aos-de-garantia-210-bmgh\/\",\"url\":\"https:\/\/compuviper.mx\/tienda\/producto\/dell-210-bmghdell-p2425h-monitor-p2425h-23-8-pulgadas-fhd-1920-x-1080-100-hz-hdmi-vga-dp-usb-3-aos-de-garantia-210-bmgh\/\",\"name\":\"[ Dell ] &#129351; 210-bmgh,dell-p2425h Monitor P2425h 23.8 Pulgadas Fhd 1920 X 1080 100 Hz Hdmi, Vga, Dp, Usb 3 A\u00f1os De Garantia 210-bmgh\",\"isPartOf\":{\"@id\":\"https:\/\/compuviper.mx\/tienda\/#website\"},\"datePublished\":\"2026-04-18T06:54:21+00:00\",\"dateModified\":\"2026-04-18T06:54:22+00:00\",\"description\":\"Compra 210-bmgh,dell-p2425h Monitor P2425h 23.8 Pulgadas Fhd 1920 X 1080 100 Hz Hdmi, Vga, Dp, Usb 3 A\u00f1os De Garantia 210-bmgh + Env\u00edo a domicilio + Pago seguro + Garant\u00eda\",\"breadcrumb\":{\"@id\":\"https:\/\/compuviper.mx\/tienda\/producto\/dell-210-bmghdell-p2425h-monitor-p2425h-23-8-pulgadas-fhd-1920-x-1080-100-hz-hdmi-vga-dp-usb-3-aos-de-garantia-210-bmgh\/#breadcrumb\"},\"inLanguage\":\"es-MX\",\"potentialAction\":[{\"@type\":\"ReadAction\",\"target\":[\"https:\/\/compuviper.mx\/tienda\/producto\/dell-210-bmghdell-p2425h-monitor-p2425h-23-8-pulgadas-fhd-1920-x-1080-100-hz-hdmi-vga-dp-usb-3-aos-de-garantia-210-bmgh\/\"]}]},{\"@type\":\"BreadcrumbList\",\"@id\":\"https:\/\/compuviper.mx\/tienda\/producto\/dell-210-bmghdell-p2425h-monitor-p2425h-23-8-pulgadas-fhd-1920-x-1080-100-hz-hdmi-vga-dp-usb-3-aos-de-garantia-210-bmgh\/#breadcrumb\",\"itemListElement\":[{\"@type\":\"ListItem\",\"position\":1,\"name\":\"Inicio\",\"item\":\"https:\/\/compuviper.mx\/tienda\/\"},{\"@type\":\"ListItem\",\"position\":2,\"name\":\"Productos\",\"item\":\"https:\/\/compuviper.mx\/tienda\/productos\/\"},{\"@type\":\"ListItem\",\"position\":3,\"name\":\"Monitores\",\"item\":\"https:\/\/compuviper.mx\/tienda\/categoria-producto\/monitores\/\"},{\"@type\":\"ListItem\",\"position\":4,\"name\":\"Led\",\"item\":\"https:\/\/compuviper.mx\/tienda\/categoria-producto\/monitores\/led\/\"},{\"@type\":\"ListItem\",\"position\":5,\"name\":\"Dell 210-bmgh,dell-p2425h Monitor P2425h 23.8 Pulgadas Fhd 1920 X 1080 100 Hz Hdmi, Vga, Dp, Usb 3 A?os De Garantia 210-bmgh\"}]},{\"@type\":\"WebSite\",\"@id\":\"https:\/\/compuviper.mx\/tienda\/#website\",\"url\":\"https:\/\/compuviper.mx\/tienda\/\",\"name\":\"Compuviper\",\"description\":\"Proveedor de Computadoras, Laptops, Servidores, Monitores, Puntos de Venta, Teclados,   Impresoras, T\u00f3ner, C\u00e1maras de Seguridad y m\u00e1s en tu tienda en l\u00ednea\",\"publisher\":{\"@id\":\"https:\/\/compuviper.mx\/tienda\/#organization\"},\"potentialAction\":[{\"@type\":\"SearchAction\",\"target\":{\"@type\":\"EntryPoint\",\"urlTemplate\":\"https:\/\/compuviper.mx\/tienda\/?s={search_term_string}\"},\"query-input\":\"required name=search_term_string\"}],\"inLanguage\":\"es-MX\"},{\"@type\":\"Organization\",\"@id\":\"https:\/\/compuviper.mx\/tienda\/#organization\",\"name\":\"Compuviper\",\"url\":\"https:\/\/compuviper.mx\/tienda\/\",\"logo\":{\"@type\":\"ImageObject\",\"inLanguage\":\"es-MX\",\"@id\":\"https:\/\/compuviper.mx\/tienda\/#\/schema\/logo\/image\/\",\"url\":\"https:\/\/compuviper.mx\/tienda\/wp-content\/uploads\/2021\/08\/Logo-Compuviper-10.png\",\"contentUrl\":\"https:\/\/compuviper.mx\/tienda\/wp-content\/uploads\/2021\/08\/Logo-Compuviper-10.png\",\"width\":1000,\"height\":500,\"caption\":\"Compuviper\"},\"image\":{\"@id\":\"https:\/\/compuviper.mx\/tienda\/#\/schema\/logo\/image\/\"},\"sameAs\":[\"https:\/\/www.facebook.com\/compuviper\",\"https:\/\/www.youtube.com\/channel\/UCf73dERp9Y3cfOq7q8BhLjA?view_as=subscriber\"]}]}<\/script>\n<meta property=\"product:brand\" content=\"DELL\" \/>\n<meta property=\"product:price:amount\" content=\"3778\" \/>\n<meta property=\"product:price:currency\" content=\"MXN\" \/>\n<meta property=\"og:availability\" content=\"instock\" \/>\n<meta property=\"product:availability\" content=\"instock\" \/>\n<meta property=\"product:retailer_item_id\" content=\"210-BMGH,DELL-P2425H\" \/>\n<meta property=\"product:condition\" content=\"new\" \/>\n<!-- \/ Yoast SEO plugin. -->","yoast_head_json":{"title":"[ Dell ] &#129351; 210-bmgh,dell-p2425h Monitor P2425h 23.8 Pulgadas Fhd 1920 X 1080 100 Hz Hdmi, Vga, Dp, Usb 3 A\u00f1os De Garantia 210-bmgh","description":"Compra 210-bmgh,dell-p2425h Monitor P2425h 23.8 Pulgadas Fhd 1920 X 1080 100 Hz Hdmi, Vga, Dp, Usb 3 A\u00f1os De Garantia 210-bmgh + Env\u00edo a domicilio + Pago seguro + Garant\u00eda","robots":{"index":"index","follow":"follow","max-snippet":"max-snippet:-1","max-image-preview":"max-image-preview:large","max-video-preview":"max-video-preview:-1"},"canonical":"https:\/\/compuviper.mx\/tienda\/producto\/dell-210-bmghdell-p2425h-monitor-p2425h-23-8-pulgadas-fhd-1920-x-1080-100-hz-hdmi-vga-dp-usb-3-aos-de-garantia-210-bmgh\/","og_locale":"es_MX","og_type":"article","og_title":"[ Dell ] &#129351; 210-bmgh,dell-p2425h Monitor P2425h 23.8 Pulgadas Fhd 1920 X 1080 100 Hz Hdmi, Vga, Dp, Usb 3 A\u00f1os De Garantia 210-bmgh","og_description":"Compra 210-bmgh,dell-p2425h Monitor P2425h 23.8 Pulgadas Fhd 1920 X 1080 100 Hz Hdmi, Vga, Dp, Usb 3 A\u00f1os De Garantia 210-bmgh + Env\u00edo a domicilio + Pago seguro + Garant\u00eda","og_url":"https:\/\/compuviper.mx\/tienda\/producto\/dell-210-bmghdell-p2425h-monitor-p2425h-23-8-pulgadas-fhd-1920-x-1080-100-hz-hdmi-vga-dp-usb-3-aos-de-garantia-210-bmgh\/","og_site_name":"Compuviper","article_publisher":"https:\/\/www.facebook.com\/compuviper","article_modified_time":"2026-04-18T06:54:22+00:00","og_image":[{"width":200,"height":200,"url":"https:\/\/compuviper.mx\/tienda\/wp-content\/uploads\/2024\/09\/Monitor-dell-p2425h-23.8-pulgadas-fhd-1920-x-1080-100-hz-hdmi-vga-dp-usb-3-anos-de-garantia-210-bmgh.jpg","type":"image\/jpeg"}],"twitter_card":"summary_large_image","twitter_misc":{"Precio":"&#36;3,778 con IVA","Availability":"In stock"},"schema":{"@context":"https:\/\/schema.org","@graph":[{"@type":"WebPage","@id":"https:\/\/compuviper.mx\/tienda\/producto\/dell-210-bmghdell-p2425h-monitor-p2425h-23-8-pulgadas-fhd-1920-x-1080-100-hz-hdmi-vga-dp-usb-3-aos-de-garantia-210-bmgh\/","url":"https:\/\/compuviper.mx\/tienda\/producto\/dell-210-bmghdell-p2425h-monitor-p2425h-23-8-pulgadas-fhd-1920-x-1080-100-hz-hdmi-vga-dp-usb-3-aos-de-garantia-210-bmgh\/","name":"[ Dell ] &#129351; 210-bmgh,dell-p2425h Monitor P2425h 23.8 Pulgadas Fhd 1920 X 1080 100 Hz Hdmi, Vga, Dp, Usb 3 A\u00f1os De Garantia 210-bmgh","isPartOf":{"@id":"https:\/\/compuviper.mx\/tienda\/#website"},"datePublished":"2026-04-18T06:54:21+00:00","dateModified":"2026-04-18T06:54:22+00:00","description":"Compra 210-bmgh,dell-p2425h Monitor P2425h 23.8 Pulgadas Fhd 1920 X 1080 100 Hz Hdmi, Vga, Dp, Usb 3 A\u00f1os De Garantia 210-bmgh + Env\u00edo a domicilio + Pago seguro + Garant\u00eda","breadcrumb":{"@id":"https:\/\/compuviper.mx\/tienda\/producto\/dell-210-bmghdell-p2425h-monitor-p2425h-23-8-pulgadas-fhd-1920-x-1080-100-hz-hdmi-vga-dp-usb-3-aos-de-garantia-210-bmgh\/#breadcrumb"},"inLanguage":"es-MX","potentialAction":[{"@type":"ReadAction","target":["https:\/\/compuviper.mx\/tienda\/producto\/dell-210-bmghdell-p2425h-monitor-p2425h-23-8-pulgadas-fhd-1920-x-1080-100-hz-hdmi-vga-dp-usb-3-aos-de-garantia-210-bmgh\/"]}]},{"@type":"BreadcrumbList","@id":"https:\/\/compuviper.mx\/tienda\/producto\/dell-210-bmghdell-p2425h-monitor-p2425h-23-8-pulgadas-fhd-1920-x-1080-100-hz-hdmi-vga-dp-usb-3-aos-de-garantia-210-bmgh\/#breadcrumb","itemListElement":[{"@type":"ListItem","position":1,"name":"Inicio","item":"https:\/\/compuviper.mx\/tienda\/"},{"@type":"ListItem","position":2,"name":"Productos","item":"https:\/\/compuviper.mx\/tienda\/productos\/"},{"@type":"ListItem","position":3,"name":"Monitores","item":"https:\/\/compuviper.mx\/tienda\/categoria-producto\/monitores\/"},{"@type":"ListItem","position":4,"name":"Led","item":"https:\/\/compuviper.mx\/tienda\/categoria-producto\/monitores\/led\/"},{"@type":"ListItem","position":5,"name":"Dell 210-bmgh,dell-p2425h Monitor P2425h 23.8 Pulgadas Fhd 1920 X 1080 100 Hz Hdmi, Vga, Dp, Usb 3 A?os De Garantia 210-bmgh"}]},{"@type":"WebSite","@id":"https:\/\/compuviper.mx\/tienda\/#website","url":"https:\/\/compuviper.mx\/tienda\/","name":"Compuviper","description":"Proveedor de Computadoras, Laptops, Servidores, Monitores, Puntos de Venta, Teclados,   Impresoras, T\u00f3ner, C\u00e1maras de Seguridad y m\u00e1s en tu tienda en l\u00ednea","publisher":{"@id":"https:\/\/compuviper.mx\/tienda\/#organization"},"potentialAction":[{"@type":"SearchAction","target":{"@type":"EntryPoint","urlTemplate":"https:\/\/compuviper.mx\/tienda\/?s={search_term_string}"},"query-input":"required name=search_term_string"}],"inLanguage":"es-MX"},{"@type":"Organization","@id":"https:\/\/compuviper.mx\/tienda\/#organization","name":"Compuviper","url":"https:\/\/compuviper.mx\/tienda\/","logo":{"@type":"ImageObject","inLanguage":"es-MX","@id":"https:\/\/compuviper.mx\/tienda\/#\/schema\/logo\/image\/","url":"https:\/\/compuviper.mx\/tienda\/wp-content\/uploads\/2021\/08\/Logo-Compuviper-10.png","contentUrl":"https:\/\/compuviper.mx\/tienda\/wp-content\/uploads\/2021\/08\/Logo-Compuviper-10.png","width":1000,"height":500,"caption":"Compuviper"},"image":{"@id":"https:\/\/compuviper.mx\/tienda\/#\/schema\/logo\/image\/"},"sameAs":["https:\/\/www.facebook.com\/compuviper","https:\/\/www.youtube.com\/channel\/UCf73dERp9Y3cfOq7q8BhLjA?view_as=subscriber"]}]},"product_brand":"DELL","product_price_amount":"3778","product_price_currency":"MXN","og_availability":"instock","product_availability":"instock","product_retailer_item_id":"210-BMGH,DELL-P2425H","product_condition":"new"},"_links":{"self":[{"href":"https:\/\/compuviper.mx\/tienda\/wp-json\/wp\/v2\/product\/235440"}],"collection":[{"href":"https:\/\/compuviper.mx\/tienda\/wp-json\/wp\/v2\/product"}],"about":[{"href":"https:\/\/compuviper.mx\/tienda\/wp-json\/wp\/v2\/types\/product"}],"replies":[{"embeddable":true,"href":"https:\/\/compuviper.mx\/tienda\/wp-json\/wp\/v2\/comments?post=235440"}],"wp:featuredmedia":[{"embeddable":true,"href":"https:\/\/compuviper.mx\/tienda\/wp-json\/wp\/v2\/media\/242745"}],"wp:attachment":[{"href":"https:\/\/compuviper.mx\/tienda\/wp-json\/wp\/v2\/media?parent=235440"}],"wp:term":[{"taxonomy":"product_cat","embeddable":true,"href":"https:\/\/compuviper.mx\/tienda\/wp-json\/wp\/v2\/product_cat?post=235440"},{"taxonomy":"product_tag","embeddable":true,"href":"https:\/\/compuviper.mx\/tienda\/wp-json\/wp\/v2\/product_tag?post=235440"}],"curies":[{"name":"wp","href":"https:\/\/api.w.org\/{rel}","templated":true}]}}