{"id":235438,"date":"2026-04-02T00:42:13","date_gmt":"2026-04-02T06:42:13","guid":{"rendered":"https:\/\/compuviper.mx\/tienda\/producto\/manhattan-180610-teclado-gaming-led-con-pnel-metlico-para-celular\/"},"modified":"2026-04-02T00:42:14","modified_gmt":"2026-04-02T06:42:14","slug":"manhattan-180610-teclado-gaming-led-con-pnel-metlico-para-celular","status":"publish","type":"product","link":"https:\/\/compuviper.mx\/tienda\/producto\/manhattan-180610-teclado-gaming-led-con-pnel-metlico-para-celular\/","title":{"rendered":"Manhattan 180610 Teclado Gaming Led ,  ,  ,con P?nel Met?lico Para Celular"},"content":{"rendered":"<table class=\"descripcion\">\n<tr>\n<td>Normas y certificaciones<\/td>\n<\/tr>\n<tr>\n<td>Usb<\/td>\n<\/tr>\n<tr>\n<td>Fcc<\/td>\n<\/tr>\n<tr>\n<td>Ce<\/td>\n<\/tr>\n<tr>\n<td>Rohs<\/td>\n<\/tr>\n<tr>\n<td>Ukca<\/td>\n<\/tr>\n<tr>\n<td>Generalidades<\/td>\n<\/tr>\n<tr>\n<td>Vida \u00fatil del switch de la tecla: 5, 000, 000 de pulsaciones<\/td>\n<\/tr>\n<tr>\n<td>Soporte para tel\u00e9fono celular<\/td>\n<\/tr>\n<tr>\n<td>Funciones multimedia<\/td>\n<\/tr>\n<tr>\n<td>Retroiluminaci\u00f3n multicolor: intermitente o fija<\/td>\n<\/tr>\n<tr>\n<td>Teclado en espa\u00f1ol con conexi\u00f3n usb<\/td>\n<\/tr>\n<tr>\n<td>Grado de protecci\u00f3n ipx4 (a prueba de salpicaduras)<\/td>\n<\/tr>\n<tr>\n<td>Dise\u00f1o<\/td>\n<\/tr>\n<tr>\n<td>Cable: 1.4 m<\/td>\n<\/tr>\n<tr>\n<td>Dimensiones: 45.6 x 17.9 x 3 cm<\/td>\n<\/tr>\n<tr>\n<td>Peso 0.6 kg<\/td>\n<\/tr>\n<tr>\n<td>Carcasa: pl\u00e1stico con placa de metal<\/td>\n<\/tr>\n<tr>\n<td>Indicadores led para bloqueo de n\u00fameros, desplazamiento y may\u00fasculas<\/td>\n<\/tr>\n<tr>\n<td>Requerimientos del sistema<\/td>\n<\/tr>\n<tr>\n<td>Windows xp\/vista\/7\/8\/10\/11<\/td>\n<\/tr>\n<tr>\n<td>Un puerto usb disponible<\/td>\n<\/tr>\n<tr>\n<td>Especificaciones el\u00e9ctricas (en funcionamiento)<\/td>\n<\/tr>\n<tr>\n<td>Voltaje: 5 v<\/td>\n<\/tr>\n<tr>\n<td>Corriente:   8 ma<\/td>\n<\/tr>\n<tr>\n<td>Ambiente de operaci\u00f3n<\/td>\n<\/tr>\n<tr>\n<td>Temperatura de operaci\u00f3n: 32 &#8211; 104\u00b0f (0 &#8211; 40\u00b0c)<\/td>\n<\/tr>\n<tr>\n<td>Temperatura de almacenamiento: -4 &#8211; 140\u00b0f (-20 &#8211; 60\u00b0c)<\/td>\n<\/tr>\n<tr>\n<td>Humedad (sin condensaci\u00f3n): 0 &#8211; 96%<\/td>\n<\/tr>\n<tr>\n<td>Contenido del paquete<\/td>\n<\/tr>\n<tr>\n<td>Teclado gaming led con p\u00e1nel met\u00e1lico para celular<\/td>\n<\/tr>\n<tr>\n<td>Gu\u00eda r\u00e1pida de instrucciones<\/td>\n<\/tr>\n<\/table>\n","protected":false},"excerpt":{"rendered":"<p>Teclado gaming led multicolor: disfruta de todas las ventajas del videojuego. El teclado para videojuegos manhattan combina el excelente valor de la comodidad y el de la durabilidad para mejorar tu experiencia de juego. Una estructura de teclas robusta, teclas de alta capacidad de respuesta, un p\u00e1nel de comando de f\u00e1cil acceso, varias funciones multimedia y un teclado num\u00e9rico de tama\u00f1o completo brindan la familiaridad inmediata del teclado moderno con la funcionalidad completa que los jugadores necesitan para aprovechar al m\u00e1ximo su experiencia de juego. Este teclado para juegos presenta un dise\u00f1o inteligente y robusto para garantizar la durabilidad y comodidad, mientras que cada tecla ofrece pulsaciones de teclas silenciosas y receptivas. Ya sea que est\u00e9s jugando en una intensa sesi\u00f3n de juego, navegando por hojas de c\u00e1lculo extensas o ingresando datos num\u00e9ricos, el teclado te proporciona una eficiencia silenciosa en casi cualquier entorno. La retroiluminaci\u00f3n led multicolor se puede mantener pulsante o fija lo que la hace visualmente agradable y \u00fatil en entornos con poca luz. Actualizate o complementa tu computadora windows\u00ae, con este teclado gaming de manhattan ya que es el perif\u00e9rico ideal y esencial en el campo de juego de cualquier jugador gaming. Un estilo de videojuegos atractivo con controles multimedia esenciales que ayudan a mejorar la velocidad: ideal para aplicaciones de \u00faltima generaci\u00f3n. 12 teclas con diversas funciones que ofrecen un acceso r\u00e1pido y sencillo a funciones multimedia frecuentes. Soporte integrado para celular que mejora la visibilidad de contenido. Retroiluminaci\u00f3n led en modo intermitente o modo fijo que resalta el teclado de forma clara y elegante en situaciones de poca luz. El brillo de la retroiluminaci\u00f3n es ajustable en tres combinaciones o puede desactivarse. Teclas con mecanismo de baja fuerza que brindan pulsaciones silenciosas y de f\u00e1cil respuesta t\u00e1ctil. Placa met\u00e1lica sobre teclas para garantizar robustez y comodidad. Bases de goma para evitar que resbale y proteger el escritorio de rayaduras. Grado de protecci\u00f3n ipx4 (a prueba de salpicaduras. Plug and play<\/p>\n","protected":false},"featured_media":242651,"comment_status":"open","ping_status":"open","template":"","meta":[],"product_cat":[1713,1718],"product_tag":[1487],"acf":[],"yoast_head":"<!-- This site is optimized with the Yoast SEO plugin v21.7 - https:\/\/yoast.com\/wordpress\/plugins\/seo\/ -->\n<title>[ Manhattan ] &#129351; 180610 Teclado Gaming Led , , ,con P\u00e1nel Met\u00e1lico Para Celular<\/title>\n<meta name=\"description\" content=\"Compra 180610 Teclado Gaming Led , , ,con P\u00e1nel Met\u00e1lico Para Celular + Env\u00edo a domicilio + Pago seguro + Garant\u00eda\" \/>\n<meta name=\"robots\" content=\"index, follow, max-snippet:-1, max-image-preview:large, max-video-preview:-1\" \/>\n<link rel=\"canonical\" href=\"https:\/\/compuviper.mx\/tienda\/producto\/manhattan-180610-teclado-gaming-led-con-pnel-metlico-para-celular\/\" \/>\n<meta property=\"og:locale\" content=\"es_MX\" \/>\n<meta property=\"og:type\" content=\"article\" \/>\n<meta property=\"og:title\" content=\"[ Manhattan ] &#129351; 180610 Teclado Gaming Led , , ,con P\u00e1nel Met\u00e1lico Para Celular\" \/>\n<meta property=\"og:description\" content=\"Compra 180610 Teclado Gaming Led , , ,con P\u00e1nel Met\u00e1lico Para Celular + Env\u00edo a domicilio + Pago seguro + Garant\u00eda\" \/>\n<meta property=\"og:url\" content=\"https:\/\/compuviper.mx\/tienda\/producto\/manhattan-180610-teclado-gaming-led-con-pnel-metlico-para-celular\/\" \/>\n<meta property=\"og:site_name\" content=\"Compuviper\" \/>\n<meta property=\"article:publisher\" content=\"https:\/\/www.facebook.com\/compuviper\" \/>\n<meta property=\"article:modified_time\" content=\"2026-04-02T06:42:14+00:00\" \/>\n<meta property=\"og:image\" content=\"https:\/\/compuviper.mx\/tienda\/wp-content\/uploads\/2024\/09\/Teclado-gaming-led-manhattan-180610-con-panel-metalico-para-celular.jpg\" \/>\n\t<meta property=\"og:image:width\" content=\"200\" \/>\n\t<meta property=\"og:image:height\" content=\"200\" \/>\n\t<meta property=\"og:image:type\" content=\"image\/jpeg\" \/>\n<meta name=\"twitter:card\" content=\"summary_large_image\" \/>\n<meta name=\"twitter:label1\" content=\"Precio\" \/>\n\t<meta name=\"twitter:data1\" content=\"&#36;266 con IVA\" \/>\n\t<meta name=\"twitter:label2\" content=\"Availability\" \/>\n\t<meta name=\"twitter:data2\" content=\"In stock\" \/>\n<script type=\"application\/ld+json\" class=\"yoast-schema-graph\">{\"@context\":\"https:\/\/schema.org\",\"@graph\":[{\"@type\":\"WebPage\",\"@id\":\"https:\/\/compuviper.mx\/tienda\/producto\/manhattan-180610-teclado-gaming-led-con-pnel-metlico-para-celular\/\",\"url\":\"https:\/\/compuviper.mx\/tienda\/producto\/manhattan-180610-teclado-gaming-led-con-pnel-metlico-para-celular\/\",\"name\":\"[ Manhattan ] &#129351; 180610 Teclado Gaming Led , , ,con P\u00e1nel Met\u00e1lico Para Celular\",\"isPartOf\":{\"@id\":\"https:\/\/compuviper.mx\/tienda\/#website\"},\"datePublished\":\"2026-04-02T06:42:13+00:00\",\"dateModified\":\"2026-04-02T06:42:14+00:00\",\"description\":\"Compra 180610 Teclado Gaming Led , , ,con P\u00e1nel Met\u00e1lico Para Celular + Env\u00edo a domicilio + Pago seguro + Garant\u00eda\",\"breadcrumb\":{\"@id\":\"https:\/\/compuviper.mx\/tienda\/producto\/manhattan-180610-teclado-gaming-led-con-pnel-metlico-para-celular\/#breadcrumb\"},\"inLanguage\":\"es-MX\",\"potentialAction\":[{\"@type\":\"ReadAction\",\"target\":[\"https:\/\/compuviper.mx\/tienda\/producto\/manhattan-180610-teclado-gaming-led-con-pnel-metlico-para-celular\/\"]}]},{\"@type\":\"BreadcrumbList\",\"@id\":\"https:\/\/compuviper.mx\/tienda\/producto\/manhattan-180610-teclado-gaming-led-con-pnel-metlico-para-celular\/#breadcrumb\",\"itemListElement\":[{\"@type\":\"ListItem\",\"position\":1,\"name\":\"Inicio\",\"item\":\"https:\/\/compuviper.mx\/tienda\/\"},{\"@type\":\"ListItem\",\"position\":2,\"name\":\"Productos\",\"item\":\"https:\/\/compuviper.mx\/tienda\/productos\/\"},{\"@type\":\"ListItem\",\"position\":3,\"name\":\"Teclados\",\"item\":\"https:\/\/compuviper.mx\/tienda\/categoria-producto\/teclados\/\"},{\"@type\":\"ListItem\",\"position\":4,\"name\":\"Gamers\",\"item\":\"https:\/\/compuviper.mx\/tienda\/categoria-producto\/teclados\/gamers\/\"},{\"@type\":\"ListItem\",\"position\":5,\"name\":\"Manhattan 180610 Teclado Gaming Led , , ,con P?nel Met?lico Para Celular\"}]},{\"@type\":\"WebSite\",\"@id\":\"https:\/\/compuviper.mx\/tienda\/#website\",\"url\":\"https:\/\/compuviper.mx\/tienda\/\",\"name\":\"Compuviper\",\"description\":\"Proveedor de Computadoras, Laptops, Servidores, Monitores, Puntos de Venta, Teclados,   Impresoras, T\u00f3ner, C\u00e1maras de Seguridad y m\u00e1s en tu tienda en l\u00ednea\",\"publisher\":{\"@id\":\"https:\/\/compuviper.mx\/tienda\/#organization\"},\"potentialAction\":[{\"@type\":\"SearchAction\",\"target\":{\"@type\":\"EntryPoint\",\"urlTemplate\":\"https:\/\/compuviper.mx\/tienda\/?s={search_term_string}\"},\"query-input\":\"required name=search_term_string\"}],\"inLanguage\":\"es-MX\"},{\"@type\":\"Organization\",\"@id\":\"https:\/\/compuviper.mx\/tienda\/#organization\",\"name\":\"Compuviper\",\"url\":\"https:\/\/compuviper.mx\/tienda\/\",\"logo\":{\"@type\":\"ImageObject\",\"inLanguage\":\"es-MX\",\"@id\":\"https:\/\/compuviper.mx\/tienda\/#\/schema\/logo\/image\/\",\"url\":\"https:\/\/compuviper.mx\/tienda\/wp-content\/uploads\/2021\/08\/Logo-Compuviper-10.png\",\"contentUrl\":\"https:\/\/compuviper.mx\/tienda\/wp-content\/uploads\/2021\/08\/Logo-Compuviper-10.png\",\"width\":1000,\"height\":500,\"caption\":\"Compuviper\"},\"image\":{\"@id\":\"https:\/\/compuviper.mx\/tienda\/#\/schema\/logo\/image\/\"},\"sameAs\":[\"https:\/\/www.facebook.com\/compuviper\",\"https:\/\/www.youtube.com\/channel\/UCf73dERp9Y3cfOq7q8BhLjA?view_as=subscriber\"]}]}<\/script>\n<meta property=\"product:brand\" content=\"MANHATTAN\" \/>\n<meta property=\"product:price:amount\" content=\"266\" \/>\n<meta property=\"product:price:currency\" content=\"MXN\" \/>\n<meta property=\"og:availability\" content=\"instock\" \/>\n<meta property=\"product:availability\" content=\"instock\" \/>\n<meta property=\"product:retailer_item_id\" content=\"180610\" \/>\n<meta property=\"product:condition\" content=\"new\" \/>\n<!-- \/ Yoast SEO plugin. -->","yoast_head_json":{"title":"[ Manhattan ] &#129351; 180610 Teclado Gaming Led , , ,con P\u00e1nel Met\u00e1lico Para Celular","description":"Compra 180610 Teclado Gaming Led , , ,con P\u00e1nel Met\u00e1lico Para Celular + Env\u00edo a domicilio + Pago seguro + Garant\u00eda","robots":{"index":"index","follow":"follow","max-snippet":"max-snippet:-1","max-image-preview":"max-image-preview:large","max-video-preview":"max-video-preview:-1"},"canonical":"https:\/\/compuviper.mx\/tienda\/producto\/manhattan-180610-teclado-gaming-led-con-pnel-metlico-para-celular\/","og_locale":"es_MX","og_type":"article","og_title":"[ Manhattan ] &#129351; 180610 Teclado Gaming Led , , ,con P\u00e1nel Met\u00e1lico Para Celular","og_description":"Compra 180610 Teclado Gaming Led , , ,con P\u00e1nel Met\u00e1lico Para Celular + Env\u00edo a domicilio + Pago seguro + Garant\u00eda","og_url":"https:\/\/compuviper.mx\/tienda\/producto\/manhattan-180610-teclado-gaming-led-con-pnel-metlico-para-celular\/","og_site_name":"Compuviper","article_publisher":"https:\/\/www.facebook.com\/compuviper","article_modified_time":"2026-04-02T06:42:14+00:00","og_image":[{"width":200,"height":200,"url":"https:\/\/compuviper.mx\/tienda\/wp-content\/uploads\/2024\/09\/Teclado-gaming-led-manhattan-180610-con-panel-metalico-para-celular.jpg","type":"image\/jpeg"}],"twitter_card":"summary_large_image","twitter_misc":{"Precio":"&#36;266 con IVA","Availability":"In stock"},"schema":{"@context":"https:\/\/schema.org","@graph":[{"@type":"WebPage","@id":"https:\/\/compuviper.mx\/tienda\/producto\/manhattan-180610-teclado-gaming-led-con-pnel-metlico-para-celular\/","url":"https:\/\/compuviper.mx\/tienda\/producto\/manhattan-180610-teclado-gaming-led-con-pnel-metlico-para-celular\/","name":"[ Manhattan ] &#129351; 180610 Teclado Gaming Led , , ,con P\u00e1nel Met\u00e1lico Para Celular","isPartOf":{"@id":"https:\/\/compuviper.mx\/tienda\/#website"},"datePublished":"2026-04-02T06:42:13+00:00","dateModified":"2026-04-02T06:42:14+00:00","description":"Compra 180610 Teclado Gaming Led , , ,con P\u00e1nel Met\u00e1lico Para Celular + Env\u00edo a domicilio + Pago seguro + Garant\u00eda","breadcrumb":{"@id":"https:\/\/compuviper.mx\/tienda\/producto\/manhattan-180610-teclado-gaming-led-con-pnel-metlico-para-celular\/#breadcrumb"},"inLanguage":"es-MX","potentialAction":[{"@type":"ReadAction","target":["https:\/\/compuviper.mx\/tienda\/producto\/manhattan-180610-teclado-gaming-led-con-pnel-metlico-para-celular\/"]}]},{"@type":"BreadcrumbList","@id":"https:\/\/compuviper.mx\/tienda\/producto\/manhattan-180610-teclado-gaming-led-con-pnel-metlico-para-celular\/#breadcrumb","itemListElement":[{"@type":"ListItem","position":1,"name":"Inicio","item":"https:\/\/compuviper.mx\/tienda\/"},{"@type":"ListItem","position":2,"name":"Productos","item":"https:\/\/compuviper.mx\/tienda\/productos\/"},{"@type":"ListItem","position":3,"name":"Teclados","item":"https:\/\/compuviper.mx\/tienda\/categoria-producto\/teclados\/"},{"@type":"ListItem","position":4,"name":"Gamers","item":"https:\/\/compuviper.mx\/tienda\/categoria-producto\/teclados\/gamers\/"},{"@type":"ListItem","position":5,"name":"Manhattan 180610 Teclado Gaming Led , , ,con P?nel Met?lico Para Celular"}]},{"@type":"WebSite","@id":"https:\/\/compuviper.mx\/tienda\/#website","url":"https:\/\/compuviper.mx\/tienda\/","name":"Compuviper","description":"Proveedor de Computadoras, Laptops, Servidores, Monitores, Puntos de Venta, Teclados,   Impresoras, T\u00f3ner, C\u00e1maras de Seguridad y m\u00e1s en tu tienda en l\u00ednea","publisher":{"@id":"https:\/\/compuviper.mx\/tienda\/#organization"},"potentialAction":[{"@type":"SearchAction","target":{"@type":"EntryPoint","urlTemplate":"https:\/\/compuviper.mx\/tienda\/?s={search_term_string}"},"query-input":"required name=search_term_string"}],"inLanguage":"es-MX"},{"@type":"Organization","@id":"https:\/\/compuviper.mx\/tienda\/#organization","name":"Compuviper","url":"https:\/\/compuviper.mx\/tienda\/","logo":{"@type":"ImageObject","inLanguage":"es-MX","@id":"https:\/\/compuviper.mx\/tienda\/#\/schema\/logo\/image\/","url":"https:\/\/compuviper.mx\/tienda\/wp-content\/uploads\/2021\/08\/Logo-Compuviper-10.png","contentUrl":"https:\/\/compuviper.mx\/tienda\/wp-content\/uploads\/2021\/08\/Logo-Compuviper-10.png","width":1000,"height":500,"caption":"Compuviper"},"image":{"@id":"https:\/\/compuviper.mx\/tienda\/#\/schema\/logo\/image\/"},"sameAs":["https:\/\/www.facebook.com\/compuviper","https:\/\/www.youtube.com\/channel\/UCf73dERp9Y3cfOq7q8BhLjA?view_as=subscriber"]}]},"product_brand":"MANHATTAN","product_price_amount":"266","product_price_currency":"MXN","og_availability":"instock","product_availability":"instock","product_retailer_item_id":"180610","product_condition":"new"},"_links":{"self":[{"href":"https:\/\/compuviper.mx\/tienda\/wp-json\/wp\/v2\/product\/235438"}],"collection":[{"href":"https:\/\/compuviper.mx\/tienda\/wp-json\/wp\/v2\/product"}],"about":[{"href":"https:\/\/compuviper.mx\/tienda\/wp-json\/wp\/v2\/types\/product"}],"replies":[{"embeddable":true,"href":"https:\/\/compuviper.mx\/tienda\/wp-json\/wp\/v2\/comments?post=235438"}],"wp:featuredmedia":[{"embeddable":true,"href":"https:\/\/compuviper.mx\/tienda\/wp-json\/wp\/v2\/media\/242651"}],"wp:attachment":[{"href":"https:\/\/compuviper.mx\/tienda\/wp-json\/wp\/v2\/media?parent=235438"}],"wp:term":[{"taxonomy":"product_cat","embeddable":true,"href":"https:\/\/compuviper.mx\/tienda\/wp-json\/wp\/v2\/product_cat?post=235438"},{"taxonomy":"product_tag","embeddable":true,"href":"https:\/\/compuviper.mx\/tienda\/wp-json\/wp\/v2\/product_tag?post=235438"}],"curies":[{"name":"wp","href":"https:\/\/api.w.org\/{rel}","templated":true}]}}