{"id":235423,"date":"2026-04-01T23:46:04","date_gmt":"2026-04-02T05:46:04","guid":{"rendered":"https:\/\/compuviper.mx\/tienda\/producto\/manhattan-180894-adaptador-de-red-gb-usb-a-c-hub-3-ptos-v3-0\/"},"modified":"2026-04-01T23:46:04","modified_gmt":"2026-04-02T05:46:04","slug":"manhattan-180894-adaptador-de-red-gb-usb-a-c-hub-3-ptos-v3-0","status":"publish","type":"product","link":"https:\/\/compuviper.mx\/tienda\/producto\/manhattan-180894-adaptador-de-red-gb-usb-a-c-hub-3-ptos-v3-0\/","title":{"rendered":"Manhattan 180894 Adaptador De Red,,, Gb Usb A\/c +hub 3 Ptos V3.0"},"content":{"rendered":"<table class=\"descripcion\">\n<tr>\n<td>Est\u00e1ndares y certificaciones<\/td>\n<\/tr>\n<tr>\n<td>&#8211; usb 3.2 gen 1 (usb 3.0)<\/td>\n<\/tr>\n<tr>\n<td>&#8211; ce<\/td>\n<\/tr>\n<tr>\n<td>&#8211; fcc<\/td>\n<\/tr>\n<tr>\n<td>&#8211; rohs<\/td>\n<\/tr>\n<tr>\n<td>&#8211; reach<\/td>\n<\/tr>\n<tr>\n<td>&#8211; ukca<\/td>\n<\/tr>\n<tr>\n<td>&#8211; ieee 802.1p (priorizaci\u00f3n del tr\u00e1fico)<\/td>\n<\/tr>\n<tr>\n<td>&#8211; ieee 802.1q (etiquetado vlan)<\/td>\n<\/tr>\n<tr>\n<td>&#8211; ieee 802.3 (ethernet 10base-t)<\/td>\n<\/tr>\n<tr>\n<td>&#8211; ieee 802.3ab (ethernet gigabit de par trenzado)<\/td>\n<\/tr>\n<tr>\n<td>&#8211; ieee 802.3az (ethernet con eficiencia energ\u00e9tica eee)<\/td>\n<\/tr>\n<tr>\n<td>&#8211; ieee 802.3u (100base-tx fast ethernet)<\/td>\n<\/tr>\n<tr>\n<td>General<\/td>\n<\/tr>\n<tr>\n<td>&#8211; velocidades de transferencia de datos usb 5 gbps<\/td>\n<\/tr>\n<tr>\n<td>&#8211; salida de potencia de carga usb-a: 4.5 w (5.0 v a 0.9 a) m\u00e1x.<\/td>\n<\/tr>\n<tr>\n<td>&#8211; tensi\u00f3n soportada: 300.0 v cd<\/td>\n<\/tr>\n<tr>\n<td>&#8211; resistencia de aislamiento: 10 m and #937;<\/td>\n<\/tr>\n<tr>\n<td>&#8211; resistencia conductiva: 5  and #937;<\/td>\n<\/tr>\n<tr>\n<td>&#8211; auto mdix<\/td>\n<\/tr>\n<tr>\n<td>&#8211; soporte d\u00faplex completo<\/td>\n<\/tr>\n<tr>\n<td>&#8211; tramas jumbo: hasta 9 kbytes<\/td>\n<\/tr>\n<tr>\n<td>Conexiones<\/td>\n<\/tr>\n<tr>\n<td>&#8211; un usb-c de 24 pines, macho (conector acoplable independiente)<\/td>\n<\/tr>\n<tr>\n<td>&#8211; un usb-a de 9 pines, macho<\/td>\n<\/tr>\n<tr>\n<td>&#8211; tres usb-a de 9 pines, hembra<\/td>\n<\/tr>\n<tr>\n<td>&#8211; un rj45 10\/100\/1000 mbps, hembra<\/td>\n<\/tr>\n<tr>\n<td>F\u00edsico<\/td>\n<\/tr>\n<tr>\n<td>&#8211; dimensiones (la x an x al): 90 x 25 x 19 mm (3.54 x 0.98 x 0.75 pulgadas)<\/td>\n<\/tr>\n<tr>\n<td>&#8211; peso neto: 57 g (2.01 oz.)<\/td>\n<\/tr>\n<tr>\n<td>&#8211; peso bruto: 90 g (3.17 oz.)<\/td>\n<\/tr>\n<tr>\n<td>&#8211; longitud del cable: 65 cm (25 pulg.)<\/td>\n<\/tr>\n<tr>\n<td>&#8211; di\u00e1metro del cable: 24 awg<\/td>\n<\/tr>\n<tr>\n<td>&#8211; carcasa: aluminio<\/td>\n<\/tr>\n<tr>\n<td>Entorno operativo<\/td>\n<\/tr>\n<tr>\n<td>&#8211; temperatura de funcionamiento: 0 &#8211; 40\u00b0c (32 &#8211; 104\u00b0f)<\/td>\n<\/tr>\n<tr>\n<td>&#8211; temperatura de almacenamiento: -40 &#8211; 80\u00b0c (-40 &#8211; 176\u00b0f)<\/td>\n<\/tr>\n<tr>\n<td>&#8211; humedad (sin condensaci\u00f3n): 5 &#8211; 90%<\/td>\n<\/tr>\n<tr>\n<td>Requisitos del sistema<\/td>\n<\/tr>\n<tr>\n<td>&#8211; windows xp\/vista\/7\/8.1\/10\/11, linux, chrome os o macos<\/td>\n<\/tr>\n<tr>\n<td>Contenido del paquete<\/td>\n<\/tr>\n<tr>\n<td>&#8211; hub usb 3.0, con combinaci\u00f3n de conectores usb tipo-c y tipo-a, de 3 puertos y adaptador de red gigabit ethernet<\/td>\n<\/tr>\n<tr>\n<td>&#8211; instrucciones<\/td>\n<\/tr>\n<\/table>\n","protected":false},"excerpt":{"rendered":"<p>Hub usb-c \/ usb-a de 3 puertos con adaptador de red lan gigabit ethernet para disponer de m\u00e1s formas de conectar tu computadora port\u00e1til. Utilizando uno de los puertos usb de tu dispositivo, el hub usb 3.0, con combinaci\u00f3n de conectores usb tipo-c y tipo-a, de 3 puertos y adaptador de red gigabit ethernet de manhattan a\u00f1ade conectividad a internet por cable a tu computadora port\u00e1til en lugares donde el wi-fi no es confiable o no est\u00e1 disponible. Tambi\u00e9n te ofrece tres puertos usb-a para conectar f\u00e1cilmente un teclado, un mouse, una unidad de memoria flash y mucho m\u00e1s. Los dispositivos que se ajustan a la especificaci\u00f3n usb 3.2 pueden alcanzar velocidades de transferencia de hasta 5 gbps para almacenamiento externo, impresi\u00f3n y mucho m\u00e1s. Los puertos superspeed del concentrador son compatibles con versiones anteriores de usb 2.0 o incluso 1.1. Tambi\u00e9n puedes cargar tu tel\u00e9fono o tableta, ya que el hub  suministra hasta 5 v \/ 0.9 a de potencia. Conexiones usb-a y usb-c vers\u00e1tiles para muchos sistemas operativos. Gracias a la conexi\u00f3n usb-a integrada y el adaptador usb-c incluido que encaja sobre ella, puedes conectar este concentrador a una variedad m\u00e1xima de dispositivos usb host. Elije el conector que funcione con tu pc, laptop, tableta, macbook\u00ae, chromebook\u0099 y surface\u00ae, y con\u00e9ctalo directamente. Conectividad que puedes llevar a todos lados. La carcasa resistente, el tama\u00f1o compacto y la alimentaci\u00f3n por bus de este hub usb se traducen en una mayor portabilidad para cuando tengas que hacer las maletas y viajar. No tienes que preocuparte por llevar una fuente de alimentaci\u00f3n adicional, lo que convierte al hub en el compa\u00f1ero de viaje ideal. Basta con desenchufarlo del dispositivo de subida, desconectar los perif\u00e9ricos y guardar lo que necesites en tu mochila. Universalmente compatible para una instalaci\u00f3n sencilla. Este concentrador usb 3.0 universal funciona con una amplia gama de computadoras, porque no requiere software ni controladores adicionales. Se instala autom\u00e1ticamente al conectarlo a tu laptop o pc, por lo que puede ponerse en marcha r\u00e1pidamente. Tambi\u00e9n funciona con una gama de sistemas operativos como windows\u00ae, macos\u00ae, linux y chrome os, por lo que es compatible con m\u00faltiples plataformas. Ideal para a\u00f1adir conectividad de red por cable a una consola de juegos switch. Como switch no tiene un puerto rj45 integrado, s\u00f3lo puedes usar sus funciones en l\u00ednea de forma inal\u00e1mbrica, lo que puede significar velocidades de transferencia m\u00e1s lentas, ping m\u00e1s alto y menos estabilidad de conexi\u00f3n. Este adaptador te ofrece una actualizaci\u00f3n con cable para obtener la mejor conectividad de red. Mejora la conectividad de tu dispositivo convirtiendo un puerto usb en un puerto de red gigabit y tres puertos usb de 5 gbps. Un puerto gigabit ethernet (10\/100\/1000) para acelerar las descargas, la transmisi\u00f3n multimedia y los juegos. Tres puertos usb-a para conectar mouse, teclados, unidades de memoria flash y m\u00e1s, o para cargar y sincronizar dispositivos m\u00f3viles. Dos usb 3.2 gen 1 (anteriormente usb 3.0) con puertos tipo a, con velocidad de transferencia superspeed de 5 gbps y cargas de hasta 4.5 w (5 v\/0.9 a. Cable usb-a integrado; incluye un conector adaptador usb-c independiente para mejorar la conectividad con m\u00e1s dispositivos. Ideal para pcs de escritorio, y dispositivos port\u00e1tiles como ultrabooks\u0099, laptops, chromebooks\u0099, macbooks\u00ae, surface\u00ae y m\u00e1s. Compatible con windows\u00ae, macos\u00ae, linux\u00ae y chrome os?. Ideal para a\u00f1adir conectividad de red por cable a una consola de juegos switch. Compatible con versiones anteriores de usb 2.0 y ethernet 10\/100. Alimentado por bus &#8211; no se requiere alimentaci\u00f3n externa. Leds indicadores para un f\u00e1cil monitoreo. Soporta intercambio durante su uso. Cable integrado de 65 cm (25 pulg.. Carcasa de aluminio resistente y elegante, ideal tanto para la oficina como para viajes. Dise\u00f1o port\u00e1til, compacto y ligero que cabe f\u00e1cilmente en bolsas y mochilas<\/p>\n","protected":false},"featured_media":242082,"comment_status":"open","ping_status":"open","template":"","meta":[],"product_cat":[1604,1549],"product_tag":[1487],"acf":[],"yoast_head":"<!-- This site is optimized with the Yoast SEO plugin v21.7 - https:\/\/yoast.com\/wordpress\/plugins\/seo\/ -->\n<title>[ Manhattan ] &#129351; 180894 Adaptador De Red,,, Gb Usb A\/c +hub 3 Ptos V3.0<\/title>\n<meta name=\"description\" content=\"Compra 180894 Adaptador De Red,,, Gb Usb A\/c +hub 3 Ptos V3.0 + Env\u00edo a domicilio + Pago seguro + Garant\u00eda\" \/>\n<meta name=\"robots\" content=\"index, follow, max-snippet:-1, max-image-preview:large, max-video-preview:-1\" \/>\n<link rel=\"canonical\" href=\"https:\/\/compuviper.mx\/tienda\/producto\/manhattan-180894-adaptador-de-red-gb-usb-a-c-hub-3-ptos-v3-0\/\" \/>\n<meta property=\"og:locale\" content=\"es_MX\" \/>\n<meta property=\"og:type\" content=\"article\" \/>\n<meta property=\"og:title\" content=\"[ Manhattan ] &#129351; 180894 Adaptador De Red,,, Gb Usb A\/c +hub 3 Ptos V3.0\" \/>\n<meta property=\"og:description\" content=\"Compra 180894 Adaptador De Red,,, Gb Usb A\/c +hub 3 Ptos V3.0 + Env\u00edo a domicilio + Pago seguro + Garant\u00eda\" \/>\n<meta property=\"og:url\" content=\"https:\/\/compuviper.mx\/tienda\/producto\/manhattan-180894-adaptador-de-red-gb-usb-a-c-hub-3-ptos-v3-0\/\" \/>\n<meta property=\"og:site_name\" content=\"Compuviper\" \/>\n<meta property=\"article:publisher\" content=\"https:\/\/www.facebook.com\/compuviper\" \/>\n<meta property=\"og:image\" content=\"https:\/\/compuviper.mx\/tienda\/wp-content\/uploads\/2024\/09\/Adaptador-de-redmanhattan180894-gb-usb-ac-hub-3-ptos-v3.0.jpg\" \/>\n\t<meta property=\"og:image:width\" content=\"200\" \/>\n\t<meta property=\"og:image:height\" content=\"200\" \/>\n\t<meta property=\"og:image:type\" content=\"image\/jpeg\" \/>\n<meta name=\"twitter:card\" content=\"summary_large_image\" \/>\n<meta name=\"twitter:label1\" content=\"Precio\" \/>\n\t<meta name=\"twitter:data1\" content=\"&#36;504 con IVA\" \/>\n\t<meta name=\"twitter:label2\" content=\"Availability\" \/>\n\t<meta name=\"twitter:data2\" content=\"In stock\" \/>\n<script type=\"application\/ld+json\" class=\"yoast-schema-graph\">{\"@context\":\"https:\/\/schema.org\",\"@graph\":[{\"@type\":\"WebPage\",\"@id\":\"https:\/\/compuviper.mx\/tienda\/producto\/manhattan-180894-adaptador-de-red-gb-usb-a-c-hub-3-ptos-v3-0\/\",\"url\":\"https:\/\/compuviper.mx\/tienda\/producto\/manhattan-180894-adaptador-de-red-gb-usb-a-c-hub-3-ptos-v3-0\/\",\"name\":\"[ Manhattan ] &#129351; 180894 Adaptador De Red,,, Gb Usb A\/c +hub 3 Ptos V3.0\",\"isPartOf\":{\"@id\":\"https:\/\/compuviper.mx\/tienda\/#website\"},\"datePublished\":\"2026-04-02T05:46:04+00:00\",\"dateModified\":\"2026-04-02T05:46:04+00:00\",\"description\":\"Compra 180894 Adaptador De Red,,, Gb Usb A\/c +hub 3 Ptos V3.0 + Env\u00edo a domicilio + Pago seguro + Garant\u00eda\",\"breadcrumb\":{\"@id\":\"https:\/\/compuviper.mx\/tienda\/producto\/manhattan-180894-adaptador-de-red-gb-usb-a-c-hub-3-ptos-v3-0\/#breadcrumb\"},\"inLanguage\":\"es-MX\",\"potentialAction\":[{\"@type\":\"ReadAction\",\"target\":[\"https:\/\/compuviper.mx\/tienda\/producto\/manhattan-180894-adaptador-de-red-gb-usb-a-c-hub-3-ptos-v3-0\/\"]}]},{\"@type\":\"BreadcrumbList\",\"@id\":\"https:\/\/compuviper.mx\/tienda\/producto\/manhattan-180894-adaptador-de-red-gb-usb-a-c-hub-3-ptos-v3-0\/#breadcrumb\",\"itemListElement\":[{\"@type\":\"ListItem\",\"position\":1,\"name\":\"Inicio\",\"item\":\"https:\/\/compuviper.mx\/tienda\/\"},{\"@type\":\"ListItem\",\"position\":2,\"name\":\"Productos\",\"item\":\"https:\/\/compuviper.mx\/tienda\/productos\/\"},{\"@type\":\"ListItem\",\"position\":3,\"name\":\"Cables\",\"item\":\"https:\/\/compuviper.mx\/tienda\/categoria-producto\/cables\/\"},{\"@type\":\"ListItem\",\"position\":4,\"name\":\"Cable De Datos\",\"item\":\"https:\/\/compuviper.mx\/tienda\/categoria-producto\/cables\/cable-de-datos\/\"},{\"@type\":\"ListItem\",\"position\":5,\"name\":\"Manhattan 180894 Adaptador De Red,,, Gb Usb A\/c +hub 3 Ptos V3.0\"}]},{\"@type\":\"WebSite\",\"@id\":\"https:\/\/compuviper.mx\/tienda\/#website\",\"url\":\"https:\/\/compuviper.mx\/tienda\/\",\"name\":\"Compuviper\",\"description\":\"Proveedor de Computadoras, Laptops, Servidores, Monitores, Puntos de Venta, Teclados,   Impresoras, T\u00f3ner, C\u00e1maras de Seguridad y m\u00e1s en tu tienda en l\u00ednea\",\"publisher\":{\"@id\":\"https:\/\/compuviper.mx\/tienda\/#organization\"},\"potentialAction\":[{\"@type\":\"SearchAction\",\"target\":{\"@type\":\"EntryPoint\",\"urlTemplate\":\"https:\/\/compuviper.mx\/tienda\/?s={search_term_string}\"},\"query-input\":\"required name=search_term_string\"}],\"inLanguage\":\"es-MX\"},{\"@type\":\"Organization\",\"@id\":\"https:\/\/compuviper.mx\/tienda\/#organization\",\"name\":\"Compuviper\",\"url\":\"https:\/\/compuviper.mx\/tienda\/\",\"logo\":{\"@type\":\"ImageObject\",\"inLanguage\":\"es-MX\",\"@id\":\"https:\/\/compuviper.mx\/tienda\/#\/schema\/logo\/image\/\",\"url\":\"https:\/\/compuviper.mx\/tienda\/wp-content\/uploads\/2021\/08\/Logo-Compuviper-10.png\",\"contentUrl\":\"https:\/\/compuviper.mx\/tienda\/wp-content\/uploads\/2021\/08\/Logo-Compuviper-10.png\",\"width\":1000,\"height\":500,\"caption\":\"Compuviper\"},\"image\":{\"@id\":\"https:\/\/compuviper.mx\/tienda\/#\/schema\/logo\/image\/\"},\"sameAs\":[\"https:\/\/www.facebook.com\/compuviper\",\"https:\/\/www.youtube.com\/channel\/UCf73dERp9Y3cfOq7q8BhLjA?view_as=subscriber\"]}]}<\/script>\n<meta property=\"product:brand\" content=\"MANHATTAN\" \/>\n<meta property=\"product:price:amount\" content=\"504\" \/>\n<meta property=\"product:price:currency\" content=\"MXN\" \/>\n<meta property=\"og:availability\" content=\"instock\" \/>\n<meta property=\"product:availability\" content=\"instock\" \/>\n<meta property=\"product:retailer_item_id\" content=\"180894\" \/>\n<meta property=\"product:condition\" content=\"new\" \/>\n<!-- \/ Yoast SEO plugin. -->","yoast_head_json":{"title":"[ Manhattan ] &#129351; 180894 Adaptador De Red,,, Gb Usb A\/c +hub 3 Ptos V3.0","description":"Compra 180894 Adaptador De Red,,, Gb Usb A\/c +hub 3 Ptos V3.0 + Env\u00edo a domicilio + Pago seguro + Garant\u00eda","robots":{"index":"index","follow":"follow","max-snippet":"max-snippet:-1","max-image-preview":"max-image-preview:large","max-video-preview":"max-video-preview:-1"},"canonical":"https:\/\/compuviper.mx\/tienda\/producto\/manhattan-180894-adaptador-de-red-gb-usb-a-c-hub-3-ptos-v3-0\/","og_locale":"es_MX","og_type":"article","og_title":"[ Manhattan ] &#129351; 180894 Adaptador De Red,,, Gb Usb A\/c +hub 3 Ptos V3.0","og_description":"Compra 180894 Adaptador De Red,,, Gb Usb A\/c +hub 3 Ptos V3.0 + Env\u00edo a domicilio + Pago seguro + Garant\u00eda","og_url":"https:\/\/compuviper.mx\/tienda\/producto\/manhattan-180894-adaptador-de-red-gb-usb-a-c-hub-3-ptos-v3-0\/","og_site_name":"Compuviper","article_publisher":"https:\/\/www.facebook.com\/compuviper","og_image":[{"width":200,"height":200,"url":"https:\/\/compuviper.mx\/tienda\/wp-content\/uploads\/2024\/09\/Adaptador-de-redmanhattan180894-gb-usb-ac-hub-3-ptos-v3.0.jpg","type":"image\/jpeg"}],"twitter_card":"summary_large_image","twitter_misc":{"Precio":"&#36;504 con IVA","Availability":"In stock"},"schema":{"@context":"https:\/\/schema.org","@graph":[{"@type":"WebPage","@id":"https:\/\/compuviper.mx\/tienda\/producto\/manhattan-180894-adaptador-de-red-gb-usb-a-c-hub-3-ptos-v3-0\/","url":"https:\/\/compuviper.mx\/tienda\/producto\/manhattan-180894-adaptador-de-red-gb-usb-a-c-hub-3-ptos-v3-0\/","name":"[ Manhattan ] &#129351; 180894 Adaptador De Red,,, Gb Usb A\/c +hub 3 Ptos V3.0","isPartOf":{"@id":"https:\/\/compuviper.mx\/tienda\/#website"},"datePublished":"2026-04-02T05:46:04+00:00","dateModified":"2026-04-02T05:46:04+00:00","description":"Compra 180894 Adaptador De Red,,, Gb Usb A\/c +hub 3 Ptos V3.0 + Env\u00edo a domicilio + Pago seguro + Garant\u00eda","breadcrumb":{"@id":"https:\/\/compuviper.mx\/tienda\/producto\/manhattan-180894-adaptador-de-red-gb-usb-a-c-hub-3-ptos-v3-0\/#breadcrumb"},"inLanguage":"es-MX","potentialAction":[{"@type":"ReadAction","target":["https:\/\/compuviper.mx\/tienda\/producto\/manhattan-180894-adaptador-de-red-gb-usb-a-c-hub-3-ptos-v3-0\/"]}]},{"@type":"BreadcrumbList","@id":"https:\/\/compuviper.mx\/tienda\/producto\/manhattan-180894-adaptador-de-red-gb-usb-a-c-hub-3-ptos-v3-0\/#breadcrumb","itemListElement":[{"@type":"ListItem","position":1,"name":"Inicio","item":"https:\/\/compuviper.mx\/tienda\/"},{"@type":"ListItem","position":2,"name":"Productos","item":"https:\/\/compuviper.mx\/tienda\/productos\/"},{"@type":"ListItem","position":3,"name":"Cables","item":"https:\/\/compuviper.mx\/tienda\/categoria-producto\/cables\/"},{"@type":"ListItem","position":4,"name":"Cable De Datos","item":"https:\/\/compuviper.mx\/tienda\/categoria-producto\/cables\/cable-de-datos\/"},{"@type":"ListItem","position":5,"name":"Manhattan 180894 Adaptador De Red,,, Gb Usb A\/c +hub 3 Ptos V3.0"}]},{"@type":"WebSite","@id":"https:\/\/compuviper.mx\/tienda\/#website","url":"https:\/\/compuviper.mx\/tienda\/","name":"Compuviper","description":"Proveedor de Computadoras, Laptops, Servidores, Monitores, Puntos de Venta, Teclados,   Impresoras, T\u00f3ner, C\u00e1maras de Seguridad y m\u00e1s en tu tienda en l\u00ednea","publisher":{"@id":"https:\/\/compuviper.mx\/tienda\/#organization"},"potentialAction":[{"@type":"SearchAction","target":{"@type":"EntryPoint","urlTemplate":"https:\/\/compuviper.mx\/tienda\/?s={search_term_string}"},"query-input":"required name=search_term_string"}],"inLanguage":"es-MX"},{"@type":"Organization","@id":"https:\/\/compuviper.mx\/tienda\/#organization","name":"Compuviper","url":"https:\/\/compuviper.mx\/tienda\/","logo":{"@type":"ImageObject","inLanguage":"es-MX","@id":"https:\/\/compuviper.mx\/tienda\/#\/schema\/logo\/image\/","url":"https:\/\/compuviper.mx\/tienda\/wp-content\/uploads\/2021\/08\/Logo-Compuviper-10.png","contentUrl":"https:\/\/compuviper.mx\/tienda\/wp-content\/uploads\/2021\/08\/Logo-Compuviper-10.png","width":1000,"height":500,"caption":"Compuviper"},"image":{"@id":"https:\/\/compuviper.mx\/tienda\/#\/schema\/logo\/image\/"},"sameAs":["https:\/\/www.facebook.com\/compuviper","https:\/\/www.youtube.com\/channel\/UCf73dERp9Y3cfOq7q8BhLjA?view_as=subscriber"]}]},"product_brand":"MANHATTAN","product_price_amount":"504","product_price_currency":"MXN","og_availability":"instock","product_availability":"instock","product_retailer_item_id":"180894","product_condition":"new"},"_links":{"self":[{"href":"https:\/\/compuviper.mx\/tienda\/wp-json\/wp\/v2\/product\/235423"}],"collection":[{"href":"https:\/\/compuviper.mx\/tienda\/wp-json\/wp\/v2\/product"}],"about":[{"href":"https:\/\/compuviper.mx\/tienda\/wp-json\/wp\/v2\/types\/product"}],"replies":[{"embeddable":true,"href":"https:\/\/compuviper.mx\/tienda\/wp-json\/wp\/v2\/comments?post=235423"}],"wp:featuredmedia":[{"embeddable":true,"href":"https:\/\/compuviper.mx\/tienda\/wp-json\/wp\/v2\/media\/242082"}],"wp:attachment":[{"href":"https:\/\/compuviper.mx\/tienda\/wp-json\/wp\/v2\/media?parent=235423"}],"wp:term":[{"taxonomy":"product_cat","embeddable":true,"href":"https:\/\/compuviper.mx\/tienda\/wp-json\/wp\/v2\/product_cat?post=235423"},{"taxonomy":"product_tag","embeddable":true,"href":"https:\/\/compuviper.mx\/tienda\/wp-json\/wp\/v2\/product_tag?post=235423"}],"curies":[{"name":"wp","href":"https:\/\/api.w.org\/{rel}","templated":true}]}}