{"id":235421,"date":"2026-04-10T23:44:54","date_gmt":"2026-04-11T05:44:54","guid":{"rendered":"https:\/\/compuviper.mx\/tienda\/producto\/manhattan-153560-convertidor-usb-2-0-usb-c-a-tarjeta-sonido-3-5-mm-cable-con-controles\/"},"modified":"2026-04-10T23:44:54","modified_gmt":"2026-04-11T05:44:54","slug":"manhattan-153560-convertidor-usb-2-0-usb-c-a-tarjeta-sonido-3-5-mm-cable-con-controles","status":"publish","type":"product","link":"https:\/\/compuviper.mx\/tienda\/producto\/manhattan-153560-convertidor-usb-2-0-usb-c-a-tarjeta-sonido-3-5-mm-cable-con-controles\/","title":{"rendered":"Manhattan 153560 Convertidor Usb, ,, 2.0 \/ Usb-c A Tarjeta Sonido 3.5 Mm, Cable Con Controles"},"content":{"rendered":"<table class=\"descripcion\">\n<tr>\n<td>Est\u00e1ndares and certificaciones:<\/td>\n<\/tr>\n<tr>\n<td>Usb 2.0<\/td>\n<\/tr>\n<tr>\n<td>Ce<\/td>\n<\/tr>\n<tr>\n<td>Rohs<\/td>\n<\/tr>\n<tr>\n<td>Fcc<\/td>\n<\/tr>\n<tr>\n<td>Reach<\/td>\n<\/tr>\n<tr>\n<td>Ukca<\/td>\n<\/tr>\n<tr>\n<td>Conexiones:<\/td>\n<\/tr>\n<tr>\n<td>Un usb-c de 24 pines, macho<\/td>\n<\/tr>\n<tr>\n<td>Un usb-a de 4 pines, macho<\/td>\n<\/tr>\n<tr>\n<td>Un usb-a de 9 pines, hembra<\/td>\n<\/tr>\n<tr>\n<td>Un conector hembra est\u00e9reo de 3.5 mm (trrs, 4 polos)<\/td>\n<\/tr>\n<tr>\n<td>General:<\/td>\n<\/tr>\n<tr>\n<td>Botones de control del adaptador en l\u00ednea:<\/td>\n<\/tr>\n<tr>\n<td>&#8211; micr\u00f3fono silenciado<\/td>\n<\/tr>\n<tr>\n<td>&#8211; silencio de audio<\/td>\n<\/tr>\n<tr>\n<td>&#8211; subir volumen<\/td>\n<\/tr>\n<tr>\n<td>&#8211; bajar volumen<\/td>\n<\/tr>\n<tr>\n<td>Resoluci\u00f3n de audio admitida: 16 bits<\/td>\n<\/tr>\n<tr>\n<td>Frecuencia de muestreo admitida: 48 khz<\/td>\n<\/tr>\n<tr>\n<td>Doble apantallamiento: papel de aluminio y trenza<\/td>\n<\/tr>\n<tr>\n<td>Contactos con ba\u00f1o de n\u00edquel<\/td>\n<\/tr>\n<tr>\n<td>Cableado de cobre puro<\/td>\n<\/tr>\n<tr>\n<td>Bota de pvc moldeada con alivio de tensi\u00f3n<\/td>\n<\/tr>\n<tr>\n<td>Cubierta de pvc<\/td>\n<\/tr>\n<tr>\n<td>Carcasa: pl\u00e1stico<\/td>\n<\/tr>\n<tr>\n<td>Led<\/td>\n<\/tr>\n<tr>\n<td>Rojo est\u00e1tico: micr\u00f3fono silenciado<\/td>\n<\/tr>\n<tr>\n<td>Azul est\u00e1tico: sonido silenciado<\/td>\n<\/tr>\n<tr>\n<td>Azul parpadeante: sin silenciamiento activo<\/td>\n<\/tr>\n<tr>\n<td>Dise\u00f1o<\/td>\n<\/tr>\n<tr>\n<td>Largo del cable : 1 m ( 3ft.)<\/td>\n<\/tr>\n<tr>\n<td>30 awg<\/td>\n<\/tr>\n<tr>\n<td>Di\u00e1metro exterior (od): 3 mm (0.12 in.)<\/td>\n<\/tr>\n<tr>\n<td>Dimensiones: pieza de control de volumen con conector de audio (largo x ancho x alto): 55 x 17 x 9 mm (2.17 x 0.67 x 0.35 pulg.)<\/td>\n<\/tr>\n<tr>\n<td>Dimensiones: adaptador usb-a a usb-c (largo x ancho x alto): 32 x 19 x 10 mm (1.26 x 0.75 x 0.39 pulg.)<\/td>\n<\/tr>\n<tr>\n<td>Dimensiones: conector usb-a (largo x ancho x alto): 35 x 16 x 8 mm (1.38 x 0.63 x 0.31 pulg.)<\/td>\n<\/tr>\n<tr>\n<td>Peso neto: 30 g (1,06 oz.)<\/td>\n<\/tr>\n<tr>\n<td>Peso bruto: 60 g (2.12 oz.)<\/td>\n<\/tr>\n<tr>\n<td>Ambiente de operaci\u00f3n<\/td>\n<\/tr>\n<tr>\n<td>Temperatura de funcionamiento: 0 &#8211; 40\u00b0c (32 &#8211; 104\u00b0f)<\/td>\n<\/tr>\n<tr>\n<td>Temperatura de almacenamiento: -10 &#8211; 85\u00b0c (14 &#8211; 185\u00b0f)<\/td>\n<\/tr>\n<tr>\n<td>Humedad (sin condensaci\u00f3n): 10 &#8211; 90% hr<\/td>\n<\/tr>\n<tr>\n<td>Requisitos del sistema<\/td>\n<\/tr>\n<tr>\n<td>Windows xp\/vista\/7\/8.1\/10\/11, linux, chrome os, macos, ipados o android<\/td>\n<\/tr>\n<tr>\n<td>Contenido del paquete:<\/td>\n<\/tr>\n<tr>\n<td>Cable adaptador auxiliar de audio est\u00e9reo 2 en 1 usb-c y usb-a a 3,5 mm<\/td>\n<\/tr>\n<tr>\n<td>Instrucciones<\/td>\n<\/tr>\n<\/table>\n","protected":false},"excerpt":{"rendered":"<p>Adaptador de usb-c y usb-a a conector de auriculares de 3.5 mm: conecta tus auriculares auxiliares con cable a tu tel\u00e9fono, computadora port\u00e1til o computadora de escritorio a trav\u00e9s de usb. Este adaptador de audio usb activo de manhattan es un conveniente combo 2 en 1 para conectar un dispositivo auxiliar con cable, como auriculares, aud\u00edfonos o bocinas a un dispositivo usb. Con un conector de audio de 3.5 mm en un extremo y dos conectores usb en el otro (usb tipo a y tipo c), proporciona una soluci\u00f3n de audio vers\u00e1til y accesible para tus dispositivos usb que no tienen entrada auxiliar. Es similar a tener una tarjeta de sonido externa, lo que significa que puedes reemplazar f\u00e1cilmente las tarjetas de sonido que ya no funcionan y evitar los puertos de audio da\u00f1ados. Dado que muchas pc de escritorio tienen conectores para auriculares en la parte posterior y puertos usb en la parte delantera, este adaptador de conector para auriculares te brindar\u00e1 un mejor acceso a tus conexiones de audio. M\u00e1xima compatibilidad para escuchar y hablar con flexibilidad. Si prefieres la conectividad por cable en lugar de bluetooth inal\u00e1mbrico\u00ae o tienes unos auriculares auxiliares antiguos que te encantan, este pr\u00e1ctico adaptador los conecta a tel\u00e9fonos inteligentes o tabletas como el ipad\u00ae pro o convertibles como ms surface\u00ae. El convertidor es compatible con todos los sistemas operativos desde windows\u00ae hasta macos\u00ae, linux\u00ae, chrome os\u0099, ipados\u00ae y android\u0099. Funciona igual de bien con puertos thunderbolt 3\/4. Con la instalaci\u00f3n plug  and  play, se conecta r\u00e1pidamente y puedes comenzar a usar sus dispositivos de audio al instante sin otras descargas. Control de volumen en l\u00ednea, botones de silencio y compatibilidad con micr\u00f3fono. El dise\u00f1o trrs\/4 polos del conector de 3,5 mm de este adaptador admite tanto la salida de sonido a los altavoces como la entrada del micr\u00f3fono de los auriculares, lo que es perfecto para llamadas en conferencia o grabaci\u00f3n de voz. Los pr\u00e1cticos controles ubicados en el cable facilitan el ajuste del volumen o el silenciamiento del micr\u00f3fono y el sonido de forma individual, todo sin interrumpir la llamada o el flujo de trabajo. El led integrado te muestra el estado de silencio en un vistazo. Compacto y port\u00e1til. El dise\u00f1o peque\u00f1o de este convertidor de audio tambi\u00e9n lo convierte en el compa\u00f1ero perfecto para los dise\u00f1os minimalistas que se ven en los dispositivos m\u00e1s nuevos, mientras que su portabilidad garantiza que pueda caber en estuches peque\u00f1os, lo que lo hace ideal tanto para viajes de negocios como de placer. Conecta un conector de auriculares o de diadema a un puerto usb-a \/ usb-c de una computadora o tablet. Funciona con cualquier dispositivo host usb compatible, como una pc, una laptop, una tablet, un smartphone, un macbook\u00ae, un chromebook\u0099, una surface\u00ae, un ipad\u00ae pro y m\u00e1s. Dise\u00f1o trrs\/4 polos compatible con la funcionalidad de micr\u00f3fono para llamadas y control de voz. Control de volumen integrado con botones de micr\u00f3fono y silencio. Indicador led para monitorear f\u00e1cilmente el estado de silencio. Dise\u00f1o de conector usb acoplable (del usb-a al usb-c) para trabajar con m\u00e1s de tus dispositivos usb. Conectividad usb para evitar tarjetas de sonido defectuosas y mejorar el acceso al puerto de audio en pc de escritorio. Alta calidad de sonido con una resoluci\u00f3n de audio admitida de hasta 16 bits y una frecuencia de muestreo de hasta 48 khz. Blindaje doble de l\u00e1mina y trenza para reducir la emi y otras fuentes de interferencia. Alambre de cobre puro para una m\u00e1xima conductividad. Dise\u00f1o compacto, port\u00e1til y ligero para poder viajar f\u00e1cilmente. Cubierta muy flexible, duradera y con gran resistencia. Alimentado por bus &#8211; no se requiere alimentaci\u00f3n externa. Instalaci\u00f3n plug-and-play; compatible con windows\u00ae, macos\u00ae, linux\u00ae y chrome os\u0099, ipados\u00ae y android?. Compatible con thunderbolt\u0099 3 y 4. Admite el intercambio en caliente. El cable usa la configuraci\u00f3n de polo ctia, lo que puede resultar en que s\u00f3lo funcionen los auriculares, no el micr\u00f3fono, cuando se usa con un dispositivo configurado con omtp<\/p>\n","protected":false},"featured_media":242080,"comment_status":"open","ping_status":"open","template":"","meta":[],"product_cat":[1604,1549],"product_tag":[1487],"acf":[],"yoast_head":"<!-- This site is optimized with the Yoast SEO plugin v21.7 - https:\/\/yoast.com\/wordpress\/plugins\/seo\/ -->\n<title>[ Manhattan ] &#129351; 153560 Convertidor Usb, ,, 2.0 \/ Usb-c A Tarjeta Sonido 3.5 Mm, Cable Con Controles<\/title>\n<meta name=\"description\" content=\"Compra 153560 Convertidor Usb, ,, 2.0 \/ Usb-c A Tarjeta Sonido 3.5 Mm, Cable Con Controles + Env\u00edo a domicilio + Pago seguro + Garant\u00eda\" \/>\n<meta name=\"robots\" content=\"index, follow, max-snippet:-1, max-image-preview:large, max-video-preview:-1\" \/>\n<link rel=\"canonical\" href=\"https:\/\/compuviper.mx\/tienda\/producto\/manhattan-153560-convertidor-usb-2-0-usb-c-a-tarjeta-sonido-3-5-mm-cable-con-controles\/\" \/>\n<meta property=\"og:locale\" content=\"es_MX\" \/>\n<meta property=\"og:type\" content=\"article\" \/>\n<meta property=\"og:title\" content=\"[ Manhattan ] &#129351; 153560 Convertidor Usb, ,, 2.0 \/ Usb-c A Tarjeta Sonido 3.5 Mm, Cable Con Controles\" \/>\n<meta property=\"og:description\" content=\"Compra 153560 Convertidor Usb, ,, 2.0 \/ Usb-c A Tarjeta Sonido 3.5 Mm, Cable Con Controles + Env\u00edo a domicilio + Pago seguro + Garant\u00eda\" \/>\n<meta property=\"og:url\" content=\"https:\/\/compuviper.mx\/tienda\/producto\/manhattan-153560-convertidor-usb-2-0-usb-c-a-tarjeta-sonido-3-5-mm-cable-con-controles\/\" \/>\n<meta property=\"og:site_name\" content=\"Compuviper\" \/>\n<meta property=\"article:publisher\" content=\"https:\/\/www.facebook.com\/compuviper\" \/>\n<meta property=\"og:image\" content=\"https:\/\/compuviper.mx\/tienda\/wp-content\/uploads\/2024\/09\/Convertidor-usb-manhattan153560-2.0-usb-c-a-tarjeta-sonido-3.5-mm-cable-con-controles.jpg\" \/>\n\t<meta property=\"og:image:width\" content=\"200\" \/>\n\t<meta property=\"og:image:height\" content=\"200\" \/>\n\t<meta property=\"og:image:type\" content=\"image\/jpeg\" \/>\n<meta name=\"twitter:card\" content=\"summary_large_image\" \/>\n<meta name=\"twitter:label1\" content=\"Precio\" \/>\n\t<meta name=\"twitter:data1\" content=\"&#36;196 con IVA\" \/>\n\t<meta name=\"twitter:label2\" content=\"Availability\" \/>\n\t<meta name=\"twitter:data2\" content=\"On backorder\" \/>\n<script type=\"application\/ld+json\" class=\"yoast-schema-graph\">{\"@context\":\"https:\/\/schema.org\",\"@graph\":[{\"@type\":\"WebPage\",\"@id\":\"https:\/\/compuviper.mx\/tienda\/producto\/manhattan-153560-convertidor-usb-2-0-usb-c-a-tarjeta-sonido-3-5-mm-cable-con-controles\/\",\"url\":\"https:\/\/compuviper.mx\/tienda\/producto\/manhattan-153560-convertidor-usb-2-0-usb-c-a-tarjeta-sonido-3-5-mm-cable-con-controles\/\",\"name\":\"[ Manhattan ] &#129351; 153560 Convertidor Usb, ,, 2.0 \/ Usb-c A Tarjeta Sonido 3.5 Mm, Cable Con Controles\",\"isPartOf\":{\"@id\":\"https:\/\/compuviper.mx\/tienda\/#website\"},\"datePublished\":\"2026-04-11T05:44:54+00:00\",\"dateModified\":\"2026-04-11T05:44:54+00:00\",\"description\":\"Compra 153560 Convertidor Usb, ,, 2.0 \/ Usb-c A Tarjeta Sonido 3.5 Mm, Cable Con Controles + Env\u00edo a domicilio + Pago seguro + Garant\u00eda\",\"breadcrumb\":{\"@id\":\"https:\/\/compuviper.mx\/tienda\/producto\/manhattan-153560-convertidor-usb-2-0-usb-c-a-tarjeta-sonido-3-5-mm-cable-con-controles\/#breadcrumb\"},\"inLanguage\":\"es-MX\",\"potentialAction\":[{\"@type\":\"ReadAction\",\"target\":[\"https:\/\/compuviper.mx\/tienda\/producto\/manhattan-153560-convertidor-usb-2-0-usb-c-a-tarjeta-sonido-3-5-mm-cable-con-controles\/\"]}]},{\"@type\":\"BreadcrumbList\",\"@id\":\"https:\/\/compuviper.mx\/tienda\/producto\/manhattan-153560-convertidor-usb-2-0-usb-c-a-tarjeta-sonido-3-5-mm-cable-con-controles\/#breadcrumb\",\"itemListElement\":[{\"@type\":\"ListItem\",\"position\":1,\"name\":\"Inicio\",\"item\":\"https:\/\/compuviper.mx\/tienda\/\"},{\"@type\":\"ListItem\",\"position\":2,\"name\":\"Productos\",\"item\":\"https:\/\/compuviper.mx\/tienda\/productos\/\"},{\"@type\":\"ListItem\",\"position\":3,\"name\":\"Cables\",\"item\":\"https:\/\/compuviper.mx\/tienda\/categoria-producto\/cables\/\"},{\"@type\":\"ListItem\",\"position\":4,\"name\":\"Cable De Datos\",\"item\":\"https:\/\/compuviper.mx\/tienda\/categoria-producto\/cables\/cable-de-datos\/\"},{\"@type\":\"ListItem\",\"position\":5,\"name\":\"Manhattan 153560 Convertidor Usb, ,, 2.0 \/ Usb-c A Tarjeta Sonido 3.5 Mm, Cable Con Controles\"}]},{\"@type\":\"WebSite\",\"@id\":\"https:\/\/compuviper.mx\/tienda\/#website\",\"url\":\"https:\/\/compuviper.mx\/tienda\/\",\"name\":\"Compuviper\",\"description\":\"Proveedor de Computadoras, Laptops, Servidores, Monitores, Puntos de Venta, Teclados,   Impresoras, T\u00f3ner, C\u00e1maras de Seguridad y m\u00e1s en tu tienda en l\u00ednea\",\"publisher\":{\"@id\":\"https:\/\/compuviper.mx\/tienda\/#organization\"},\"potentialAction\":[{\"@type\":\"SearchAction\",\"target\":{\"@type\":\"EntryPoint\",\"urlTemplate\":\"https:\/\/compuviper.mx\/tienda\/?s={search_term_string}\"},\"query-input\":\"required name=search_term_string\"}],\"inLanguage\":\"es-MX\"},{\"@type\":\"Organization\",\"@id\":\"https:\/\/compuviper.mx\/tienda\/#organization\",\"name\":\"Compuviper\",\"url\":\"https:\/\/compuviper.mx\/tienda\/\",\"logo\":{\"@type\":\"ImageObject\",\"inLanguage\":\"es-MX\",\"@id\":\"https:\/\/compuviper.mx\/tienda\/#\/schema\/logo\/image\/\",\"url\":\"https:\/\/compuviper.mx\/tienda\/wp-content\/uploads\/2021\/08\/Logo-Compuviper-10.png\",\"contentUrl\":\"https:\/\/compuviper.mx\/tienda\/wp-content\/uploads\/2021\/08\/Logo-Compuviper-10.png\",\"width\":1000,\"height\":500,\"caption\":\"Compuviper\"},\"image\":{\"@id\":\"https:\/\/compuviper.mx\/tienda\/#\/schema\/logo\/image\/\"},\"sameAs\":[\"https:\/\/www.facebook.com\/compuviper\",\"https:\/\/www.youtube.com\/channel\/UCf73dERp9Y3cfOq7q8BhLjA?view_as=subscriber\"]}]}<\/script>\n<meta property=\"product:brand\" content=\"MANHATTAN\" \/>\n<meta property=\"product:price:amount\" content=\"196\" \/>\n<meta property=\"product:price:currency\" content=\"MXN\" \/>\n<meta property=\"og:availability\" content=\"backorder\" \/>\n<meta property=\"product:availability\" content=\"available for order\" \/>\n<meta property=\"product:retailer_item_id\" content=\"153560\" \/>\n<meta property=\"product:condition\" content=\"new\" \/>\n<!-- \/ Yoast SEO plugin. -->","yoast_head_json":{"title":"[ Manhattan ] &#129351; 153560 Convertidor Usb, ,, 2.0 \/ Usb-c A Tarjeta Sonido 3.5 Mm, Cable Con Controles","description":"Compra 153560 Convertidor Usb, ,, 2.0 \/ Usb-c A Tarjeta Sonido 3.5 Mm, Cable Con Controles + Env\u00edo a domicilio + Pago seguro + Garant\u00eda","robots":{"index":"index","follow":"follow","max-snippet":"max-snippet:-1","max-image-preview":"max-image-preview:large","max-video-preview":"max-video-preview:-1"},"canonical":"https:\/\/compuviper.mx\/tienda\/producto\/manhattan-153560-convertidor-usb-2-0-usb-c-a-tarjeta-sonido-3-5-mm-cable-con-controles\/","og_locale":"es_MX","og_type":"article","og_title":"[ Manhattan ] &#129351; 153560 Convertidor Usb, ,, 2.0 \/ Usb-c A Tarjeta Sonido 3.5 Mm, Cable Con Controles","og_description":"Compra 153560 Convertidor Usb, ,, 2.0 \/ Usb-c A Tarjeta Sonido 3.5 Mm, Cable Con Controles + Env\u00edo a domicilio + Pago seguro + Garant\u00eda","og_url":"https:\/\/compuviper.mx\/tienda\/producto\/manhattan-153560-convertidor-usb-2-0-usb-c-a-tarjeta-sonido-3-5-mm-cable-con-controles\/","og_site_name":"Compuviper","article_publisher":"https:\/\/www.facebook.com\/compuviper","og_image":[{"width":200,"height":200,"url":"https:\/\/compuviper.mx\/tienda\/wp-content\/uploads\/2024\/09\/Convertidor-usb-manhattan153560-2.0-usb-c-a-tarjeta-sonido-3.5-mm-cable-con-controles.jpg","type":"image\/jpeg"}],"twitter_card":"summary_large_image","twitter_misc":{"Precio":"&#36;196 con IVA","Availability":"On backorder"},"schema":{"@context":"https:\/\/schema.org","@graph":[{"@type":"WebPage","@id":"https:\/\/compuviper.mx\/tienda\/producto\/manhattan-153560-convertidor-usb-2-0-usb-c-a-tarjeta-sonido-3-5-mm-cable-con-controles\/","url":"https:\/\/compuviper.mx\/tienda\/producto\/manhattan-153560-convertidor-usb-2-0-usb-c-a-tarjeta-sonido-3-5-mm-cable-con-controles\/","name":"[ Manhattan ] &#129351; 153560 Convertidor Usb, ,, 2.0 \/ Usb-c A Tarjeta Sonido 3.5 Mm, Cable Con Controles","isPartOf":{"@id":"https:\/\/compuviper.mx\/tienda\/#website"},"datePublished":"2026-04-11T05:44:54+00:00","dateModified":"2026-04-11T05:44:54+00:00","description":"Compra 153560 Convertidor Usb, ,, 2.0 \/ Usb-c A Tarjeta Sonido 3.5 Mm, Cable Con Controles + Env\u00edo a domicilio + Pago seguro + Garant\u00eda","breadcrumb":{"@id":"https:\/\/compuviper.mx\/tienda\/producto\/manhattan-153560-convertidor-usb-2-0-usb-c-a-tarjeta-sonido-3-5-mm-cable-con-controles\/#breadcrumb"},"inLanguage":"es-MX","potentialAction":[{"@type":"ReadAction","target":["https:\/\/compuviper.mx\/tienda\/producto\/manhattan-153560-convertidor-usb-2-0-usb-c-a-tarjeta-sonido-3-5-mm-cable-con-controles\/"]}]},{"@type":"BreadcrumbList","@id":"https:\/\/compuviper.mx\/tienda\/producto\/manhattan-153560-convertidor-usb-2-0-usb-c-a-tarjeta-sonido-3-5-mm-cable-con-controles\/#breadcrumb","itemListElement":[{"@type":"ListItem","position":1,"name":"Inicio","item":"https:\/\/compuviper.mx\/tienda\/"},{"@type":"ListItem","position":2,"name":"Productos","item":"https:\/\/compuviper.mx\/tienda\/productos\/"},{"@type":"ListItem","position":3,"name":"Cables","item":"https:\/\/compuviper.mx\/tienda\/categoria-producto\/cables\/"},{"@type":"ListItem","position":4,"name":"Cable De Datos","item":"https:\/\/compuviper.mx\/tienda\/categoria-producto\/cables\/cable-de-datos\/"},{"@type":"ListItem","position":5,"name":"Manhattan 153560 Convertidor Usb, ,, 2.0 \/ Usb-c A Tarjeta Sonido 3.5 Mm, Cable Con Controles"}]},{"@type":"WebSite","@id":"https:\/\/compuviper.mx\/tienda\/#website","url":"https:\/\/compuviper.mx\/tienda\/","name":"Compuviper","description":"Proveedor de Computadoras, Laptops, Servidores, Monitores, Puntos de Venta, Teclados,   Impresoras, T\u00f3ner, C\u00e1maras de Seguridad y m\u00e1s en tu tienda en l\u00ednea","publisher":{"@id":"https:\/\/compuviper.mx\/tienda\/#organization"},"potentialAction":[{"@type":"SearchAction","target":{"@type":"EntryPoint","urlTemplate":"https:\/\/compuviper.mx\/tienda\/?s={search_term_string}"},"query-input":"required name=search_term_string"}],"inLanguage":"es-MX"},{"@type":"Organization","@id":"https:\/\/compuviper.mx\/tienda\/#organization","name":"Compuviper","url":"https:\/\/compuviper.mx\/tienda\/","logo":{"@type":"ImageObject","inLanguage":"es-MX","@id":"https:\/\/compuviper.mx\/tienda\/#\/schema\/logo\/image\/","url":"https:\/\/compuviper.mx\/tienda\/wp-content\/uploads\/2021\/08\/Logo-Compuviper-10.png","contentUrl":"https:\/\/compuviper.mx\/tienda\/wp-content\/uploads\/2021\/08\/Logo-Compuviper-10.png","width":1000,"height":500,"caption":"Compuviper"},"image":{"@id":"https:\/\/compuviper.mx\/tienda\/#\/schema\/logo\/image\/"},"sameAs":["https:\/\/www.facebook.com\/compuviper","https:\/\/www.youtube.com\/channel\/UCf73dERp9Y3cfOq7q8BhLjA?view_as=subscriber"]}]},"product_brand":"MANHATTAN","product_price_amount":"196","product_price_currency":"MXN","og_availability":"backorder","product_availability":"available for order","product_retailer_item_id":"153560","product_condition":"new"},"_links":{"self":[{"href":"https:\/\/compuviper.mx\/tienda\/wp-json\/wp\/v2\/product\/235421"}],"collection":[{"href":"https:\/\/compuviper.mx\/tienda\/wp-json\/wp\/v2\/product"}],"about":[{"href":"https:\/\/compuviper.mx\/tienda\/wp-json\/wp\/v2\/types\/product"}],"replies":[{"embeddable":true,"href":"https:\/\/compuviper.mx\/tienda\/wp-json\/wp\/v2\/comments?post=235421"}],"wp:featuredmedia":[{"embeddable":true,"href":"https:\/\/compuviper.mx\/tienda\/wp-json\/wp\/v2\/media\/242080"}],"wp:attachment":[{"href":"https:\/\/compuviper.mx\/tienda\/wp-json\/wp\/v2\/media?parent=235421"}],"wp:term":[{"taxonomy":"product_cat","embeddable":true,"href":"https:\/\/compuviper.mx\/tienda\/wp-json\/wp\/v2\/product_cat?post=235421"},{"taxonomy":"product_tag","embeddable":true,"href":"https:\/\/compuviper.mx\/tienda\/wp-json\/wp\/v2\/product_tag?post=235421"}],"curies":[{"name":"wp","href":"https:\/\/api.w.org\/{rel}","templated":true}]}}