{"id":235415,"date":"2026-04-07T23:47:22","date_gmt":"2026-04-08T05:47:22","guid":{"rendered":"https:\/\/compuviper.mx\/tienda\/producto\/manhattan-356015-cable-audio-estereo-5-0mm-m-m-5-0m-negro-aluminio-plateado\/"},"modified":"2026-04-07T23:47:22","modified_gmt":"2026-04-08T05:47:22","slug":"manhattan-356015-cable-audio-estereo-5-0mm-m-m-5-0m-negro-aluminio-plateado","status":"publish","type":"product","link":"https:\/\/compuviper.mx\/tienda\/producto\/manhattan-356015-cable-audio-estereo-5-0mm-m-m-5-0m-negro-aluminio-plateado\/","title":{"rendered":"Manhattan 356015 Cable Audio Estereo , , , 5.0mm M-m 5.0m Negro\/aluminio Plateado"},"content":{"rendered":"<table class=\"descripcion\">\n<tr>\n<td>Normas y certificaciones<\/td>\n<\/tr>\n<tr>\n<td>Ce<\/td>\n<\/tr>\n<tr>\n<td>Rohs<\/td>\n<\/tr>\n<tr>\n<td>Reach<\/td>\n<\/tr>\n<tr>\n<td>Weee<\/td>\n<\/tr>\n<tr>\n<td>Generalidades<\/td>\n<\/tr>\n<tr>\n<td>Dos conectores machos est\u00e9reo de 3.5 mm (trrs, 4 polos)<\/td>\n<\/tr>\n<tr>\n<td>Contactos chapados en oro<\/td>\n<\/tr>\n<tr>\n<td>Cubierta de aluminio con alivio de tensi\u00f3n<\/td>\n<\/tr>\n<tr>\n<td>Cable de cobre ofc<\/td>\n<\/tr>\n<tr>\n<td>Cubierta de pvc<\/td>\n<\/tr>\n<tr>\n<td>28 awg<\/td>\n<\/tr>\n<tr>\n<td>Longitud: 5 m (16 ft.)<\/td>\n<\/tr>\n<tr>\n<td>Di\u00e1metro exterior (od): 3 mm (0.12 in.)<\/td>\n<\/tr>\n<tr>\n<td>Peso: 40 g (1.41 oz.)<\/td>\n<\/tr>\n<tr>\n<td>Entorno de funcionamiento<\/td>\n<\/tr>\n<tr>\n<td>Temperatura de funcionamiento: -5 &#8211; 80\u00b0c (23 &#8211; 176\u00b0f)<\/td>\n<\/tr>\n<tr>\n<td>Temperatura de almacenamiento: -10 &#8211; 85\u00b0c (14 &#8211; 185\u00b0f)<\/td>\n<\/tr>\n<tr>\n<td>Contenido del paquete<\/td>\n<\/tr>\n<tr>\n<td>Cable auxiliar de audio est\u00e9reo<\/td>\n<\/tr>\n<tr>\n<td>Este producto tambi\u00e9n est\u00e1 disponible en otras longitudes con el n\u00famero de modelo indicado:<\/td>\n<\/tr>\n<tr>\n<td>#355988 &#8211; 1 m (3 ft.)<\/td>\n<\/tr>\n<tr>\n<td>#355995 &#8211; 2 m (7 pies)<\/td>\n<\/tr>\n<tr>\n<td>#356008 &#8211; 3 m (10 ft.)<\/td>\n<\/tr>\n<\/table>\n","protected":false},"excerpt":{"rendered":"<p>Cable auxiliar &#8211; cable de audio est\u00e9reo delgado de 3.5 mm, macho a macho (m\/m), con calidad hifi de primera para un sonido brillante. El cable auxiliar de audio est\u00e9reo manhattan conecta dos dispositivos cualesquiera con conectores est\u00e9reo de 3.5 mm: tu tel\u00e9fono al sistema de sonido de tu coche, tu laptop a tus altavoces port\u00e1tiles, tu tableta a tus auriculares y mucho m\u00e1s. Gracias a su delgado dise\u00f1o, no tendr\u00e1s que quitar la carcasa de tu tel\u00e9fono o tableta para realizar la conexi\u00f3n. Conductividad perfecta con cobre sin ox\u00edgeno (ofc) y contactos chapados en oro. . Para obtener el mejor sonido en calidad hifi, la conductividad lo es todo porque mantiene la integridad de las se\u00f1ales de sonido. Para lograr la m\u00e1xima integridad de la se\u00f1al, este cable viene con contactos chapados en oro de 24 quilates e hilo ofc puro. Para una mayor durabilidad f\u00edsica, las fundas de aluminio del cable ayudan a soportar el uso diario o sobre la marcha y muchos enchufes y desenchufes. El revestimiento duradero con alivio de tensi\u00f3n sigue siendo muy flexible en todos los escenarios de conexi\u00f3n. Dos conectores auxiliares est\u00e9reo de 3.5 mm macho para conectar una fuente multimedia a un dispositivo de audio. Calidad hifi superior con contactos chapados en oro de 24 quilates y cable de cobre puro sin ox\u00edgeno (ofc. Ideal para todos los dispositivos con un conector est\u00e9reo de 3.5 mm, como sistemas de sonido para coches, auriculares, altavoces, tel\u00e9fonos inteligentes, ordenadores port\u00e1tiles, tabletas, ipods\u00ae, reproductores de mp3, amplificadores, etc. Robusta funda de aluminio para una mayor durabilidad. Dise\u00f1o delgado para que quepa en la mayor\u00eda de las fundas de tabletas y tel\u00e9fonos. Cubierta muy flexible y duradera con un resistente alivio de la tensi\u00f3n<\/p>\n","protected":false},"featured_media":242074,"comment_status":"open","ping_status":"open","template":"","meta":[],"product_cat":[1549,1551],"product_tag":[1487],"acf":[],"yoast_head":"<!-- This site is optimized with the Yoast SEO plugin v21.7 - https:\/\/yoast.com\/wordpress\/plugins\/seo\/ -->\n<title>[ Manhattan ] &#129351; 356015 Cable Audio Estereo , , , 5.0mm M-m 5.0m Negro\/aluminio Plateado<\/title>\n<meta name=\"description\" content=\"Compra 356015 Cable Audio Estereo , , , 5.0mm M-m 5.0m Negro\/aluminio Plateado + Env\u00edo a domicilio + Pago seguro + Garant\u00eda\" \/>\n<meta name=\"robots\" content=\"index, follow, max-snippet:-1, max-image-preview:large, max-video-preview:-1\" \/>\n<link rel=\"canonical\" href=\"https:\/\/compuviper.mx\/tienda\/producto\/manhattan-356015-cable-audio-estereo-5-0mm-m-m-5-0m-negro-aluminio-plateado\/\" \/>\n<meta property=\"og:locale\" content=\"es_MX\" \/>\n<meta property=\"og:type\" content=\"article\" \/>\n<meta property=\"og:title\" content=\"[ Manhattan ] &#129351; 356015 Cable Audio Estereo , , , 5.0mm M-m 5.0m Negro\/aluminio Plateado\" \/>\n<meta property=\"og:description\" content=\"Compra 356015 Cable Audio Estereo , , , 5.0mm M-m 5.0m Negro\/aluminio Plateado + Env\u00edo a domicilio + Pago seguro + Garant\u00eda\" \/>\n<meta property=\"og:url\" content=\"https:\/\/compuviper.mx\/tienda\/producto\/manhattan-356015-cable-audio-estereo-5-0mm-m-m-5-0m-negro-aluminio-plateado\/\" \/>\n<meta property=\"og:site_name\" content=\"Compuviper\" \/>\n<meta property=\"article:publisher\" content=\"https:\/\/www.facebook.com\/compuviper\" \/>\n<meta property=\"og:image\" content=\"https:\/\/compuviper.mx\/tienda\/wp-content\/uploads\/2024\/09\/Cable-audio-estereo-manhattan-356015-5.0mm-m-m-5.0m-negroaluminio-plateado.jpg\" \/>\n\t<meta property=\"og:image:width\" content=\"200\" \/>\n\t<meta property=\"og:image:height\" content=\"200\" \/>\n\t<meta property=\"og:image:type\" content=\"image\/jpeg\" \/>\n<meta name=\"twitter:card\" content=\"summary_large_image\" \/>\n<meta name=\"twitter:label1\" content=\"Precio\" \/>\n\t<meta name=\"twitter:data1\" content=\"&#36;90 con IVA\" \/>\n\t<meta name=\"twitter:label2\" content=\"Availability\" \/>\n\t<meta name=\"twitter:data2\" content=\"In stock\" \/>\n<script type=\"application\/ld+json\" class=\"yoast-schema-graph\">{\"@context\":\"https:\/\/schema.org\",\"@graph\":[{\"@type\":\"WebPage\",\"@id\":\"https:\/\/compuviper.mx\/tienda\/producto\/manhattan-356015-cable-audio-estereo-5-0mm-m-m-5-0m-negro-aluminio-plateado\/\",\"url\":\"https:\/\/compuviper.mx\/tienda\/producto\/manhattan-356015-cable-audio-estereo-5-0mm-m-m-5-0m-negro-aluminio-plateado\/\",\"name\":\"[ Manhattan ] &#129351; 356015 Cable Audio Estereo , , , 5.0mm M-m 5.0m Negro\/aluminio Plateado\",\"isPartOf\":{\"@id\":\"https:\/\/compuviper.mx\/tienda\/#website\"},\"datePublished\":\"2026-04-08T05:47:22+00:00\",\"dateModified\":\"2026-04-08T05:47:22+00:00\",\"description\":\"Compra 356015 Cable Audio Estereo , , , 5.0mm M-m 5.0m Negro\/aluminio Plateado + Env\u00edo a domicilio + Pago seguro + Garant\u00eda\",\"breadcrumb\":{\"@id\":\"https:\/\/compuviper.mx\/tienda\/producto\/manhattan-356015-cable-audio-estereo-5-0mm-m-m-5-0m-negro-aluminio-plateado\/#breadcrumb\"},\"inLanguage\":\"es-MX\",\"potentialAction\":[{\"@type\":\"ReadAction\",\"target\":[\"https:\/\/compuviper.mx\/tienda\/producto\/manhattan-356015-cable-audio-estereo-5-0mm-m-m-5-0m-negro-aluminio-plateado\/\"]}]},{\"@type\":\"BreadcrumbList\",\"@id\":\"https:\/\/compuviper.mx\/tienda\/producto\/manhattan-356015-cable-audio-estereo-5-0mm-m-m-5-0m-negro-aluminio-plateado\/#breadcrumb\",\"itemListElement\":[{\"@type\":\"ListItem\",\"position\":1,\"name\":\"Inicio\",\"item\":\"https:\/\/compuviper.mx\/tienda\/\"},{\"@type\":\"ListItem\",\"position\":2,\"name\":\"Productos\",\"item\":\"https:\/\/compuviper.mx\/tienda\/productos\/\"},{\"@type\":\"ListItem\",\"position\":3,\"name\":\"Cables\",\"item\":\"https:\/\/compuviper.mx\/tienda\/categoria-producto\/cables\/\"},{\"@type\":\"ListItem\",\"position\":4,\"name\":\"Cable De Audio\",\"item\":\"https:\/\/compuviper.mx\/tienda\/categoria-producto\/cables\/cable-de-audio\/\"},{\"@type\":\"ListItem\",\"position\":5,\"name\":\"Manhattan 356015 Cable Audio Estereo , , , 5.0mm M-m 5.0m Negro\/aluminio Plateado\"}]},{\"@type\":\"WebSite\",\"@id\":\"https:\/\/compuviper.mx\/tienda\/#website\",\"url\":\"https:\/\/compuviper.mx\/tienda\/\",\"name\":\"Compuviper\",\"description\":\"Proveedor de Computadoras, Laptops, Servidores, Monitores, Puntos de Venta, Teclados,   Impresoras, T\u00f3ner, C\u00e1maras de Seguridad y m\u00e1s en tu tienda en l\u00ednea\",\"publisher\":{\"@id\":\"https:\/\/compuviper.mx\/tienda\/#organization\"},\"potentialAction\":[{\"@type\":\"SearchAction\",\"target\":{\"@type\":\"EntryPoint\",\"urlTemplate\":\"https:\/\/compuviper.mx\/tienda\/?s={search_term_string}\"},\"query-input\":\"required name=search_term_string\"}],\"inLanguage\":\"es-MX\"},{\"@type\":\"Organization\",\"@id\":\"https:\/\/compuviper.mx\/tienda\/#organization\",\"name\":\"Compuviper\",\"url\":\"https:\/\/compuviper.mx\/tienda\/\",\"logo\":{\"@type\":\"ImageObject\",\"inLanguage\":\"es-MX\",\"@id\":\"https:\/\/compuviper.mx\/tienda\/#\/schema\/logo\/image\/\",\"url\":\"https:\/\/compuviper.mx\/tienda\/wp-content\/uploads\/2021\/08\/Logo-Compuviper-10.png\",\"contentUrl\":\"https:\/\/compuviper.mx\/tienda\/wp-content\/uploads\/2021\/08\/Logo-Compuviper-10.png\",\"width\":1000,\"height\":500,\"caption\":\"Compuviper\"},\"image\":{\"@id\":\"https:\/\/compuviper.mx\/tienda\/#\/schema\/logo\/image\/\"},\"sameAs\":[\"https:\/\/www.facebook.com\/compuviper\",\"https:\/\/www.youtube.com\/channel\/UCf73dERp9Y3cfOq7q8BhLjA?view_as=subscriber\"]}]}<\/script>\n<meta property=\"product:brand\" content=\"MANHATTAN\" \/>\n<meta property=\"product:price:amount\" content=\"90\" \/>\n<meta property=\"product:price:currency\" content=\"MXN\" \/>\n<meta property=\"og:availability\" content=\"instock\" \/>\n<meta property=\"product:availability\" content=\"instock\" \/>\n<meta property=\"product:retailer_item_id\" content=\"356015\" \/>\n<meta property=\"product:condition\" content=\"new\" \/>\n<!-- \/ Yoast SEO plugin. -->","yoast_head_json":{"title":"[ Manhattan ] &#129351; 356015 Cable Audio Estereo , , , 5.0mm M-m 5.0m Negro\/aluminio Plateado","description":"Compra 356015 Cable Audio Estereo , , , 5.0mm M-m 5.0m Negro\/aluminio Plateado + Env\u00edo a domicilio + Pago seguro + Garant\u00eda","robots":{"index":"index","follow":"follow","max-snippet":"max-snippet:-1","max-image-preview":"max-image-preview:large","max-video-preview":"max-video-preview:-1"},"canonical":"https:\/\/compuviper.mx\/tienda\/producto\/manhattan-356015-cable-audio-estereo-5-0mm-m-m-5-0m-negro-aluminio-plateado\/","og_locale":"es_MX","og_type":"article","og_title":"[ Manhattan ] &#129351; 356015 Cable Audio Estereo , , , 5.0mm M-m 5.0m Negro\/aluminio Plateado","og_description":"Compra 356015 Cable Audio Estereo , , , 5.0mm M-m 5.0m Negro\/aluminio Plateado + Env\u00edo a domicilio + Pago seguro + Garant\u00eda","og_url":"https:\/\/compuviper.mx\/tienda\/producto\/manhattan-356015-cable-audio-estereo-5-0mm-m-m-5-0m-negro-aluminio-plateado\/","og_site_name":"Compuviper","article_publisher":"https:\/\/www.facebook.com\/compuviper","og_image":[{"width":200,"height":200,"url":"https:\/\/compuviper.mx\/tienda\/wp-content\/uploads\/2024\/09\/Cable-audio-estereo-manhattan-356015-5.0mm-m-m-5.0m-negroaluminio-plateado.jpg","type":"image\/jpeg"}],"twitter_card":"summary_large_image","twitter_misc":{"Precio":"&#36;90 con IVA","Availability":"In stock"},"schema":{"@context":"https:\/\/schema.org","@graph":[{"@type":"WebPage","@id":"https:\/\/compuviper.mx\/tienda\/producto\/manhattan-356015-cable-audio-estereo-5-0mm-m-m-5-0m-negro-aluminio-plateado\/","url":"https:\/\/compuviper.mx\/tienda\/producto\/manhattan-356015-cable-audio-estereo-5-0mm-m-m-5-0m-negro-aluminio-plateado\/","name":"[ Manhattan ] &#129351; 356015 Cable Audio Estereo , , , 5.0mm M-m 5.0m Negro\/aluminio Plateado","isPartOf":{"@id":"https:\/\/compuviper.mx\/tienda\/#website"},"datePublished":"2026-04-08T05:47:22+00:00","dateModified":"2026-04-08T05:47:22+00:00","description":"Compra 356015 Cable Audio Estereo , , , 5.0mm M-m 5.0m Negro\/aluminio Plateado + Env\u00edo a domicilio + Pago seguro + Garant\u00eda","breadcrumb":{"@id":"https:\/\/compuviper.mx\/tienda\/producto\/manhattan-356015-cable-audio-estereo-5-0mm-m-m-5-0m-negro-aluminio-plateado\/#breadcrumb"},"inLanguage":"es-MX","potentialAction":[{"@type":"ReadAction","target":["https:\/\/compuviper.mx\/tienda\/producto\/manhattan-356015-cable-audio-estereo-5-0mm-m-m-5-0m-negro-aluminio-plateado\/"]}]},{"@type":"BreadcrumbList","@id":"https:\/\/compuviper.mx\/tienda\/producto\/manhattan-356015-cable-audio-estereo-5-0mm-m-m-5-0m-negro-aluminio-plateado\/#breadcrumb","itemListElement":[{"@type":"ListItem","position":1,"name":"Inicio","item":"https:\/\/compuviper.mx\/tienda\/"},{"@type":"ListItem","position":2,"name":"Productos","item":"https:\/\/compuviper.mx\/tienda\/productos\/"},{"@type":"ListItem","position":3,"name":"Cables","item":"https:\/\/compuviper.mx\/tienda\/categoria-producto\/cables\/"},{"@type":"ListItem","position":4,"name":"Cable De Audio","item":"https:\/\/compuviper.mx\/tienda\/categoria-producto\/cables\/cable-de-audio\/"},{"@type":"ListItem","position":5,"name":"Manhattan 356015 Cable Audio Estereo , , , 5.0mm M-m 5.0m Negro\/aluminio Plateado"}]},{"@type":"WebSite","@id":"https:\/\/compuviper.mx\/tienda\/#website","url":"https:\/\/compuviper.mx\/tienda\/","name":"Compuviper","description":"Proveedor de Computadoras, Laptops, Servidores, Monitores, Puntos de Venta, Teclados,   Impresoras, T\u00f3ner, C\u00e1maras de Seguridad y m\u00e1s en tu tienda en l\u00ednea","publisher":{"@id":"https:\/\/compuviper.mx\/tienda\/#organization"},"potentialAction":[{"@type":"SearchAction","target":{"@type":"EntryPoint","urlTemplate":"https:\/\/compuviper.mx\/tienda\/?s={search_term_string}"},"query-input":"required name=search_term_string"}],"inLanguage":"es-MX"},{"@type":"Organization","@id":"https:\/\/compuviper.mx\/tienda\/#organization","name":"Compuviper","url":"https:\/\/compuviper.mx\/tienda\/","logo":{"@type":"ImageObject","inLanguage":"es-MX","@id":"https:\/\/compuviper.mx\/tienda\/#\/schema\/logo\/image\/","url":"https:\/\/compuviper.mx\/tienda\/wp-content\/uploads\/2021\/08\/Logo-Compuviper-10.png","contentUrl":"https:\/\/compuviper.mx\/tienda\/wp-content\/uploads\/2021\/08\/Logo-Compuviper-10.png","width":1000,"height":500,"caption":"Compuviper"},"image":{"@id":"https:\/\/compuviper.mx\/tienda\/#\/schema\/logo\/image\/"},"sameAs":["https:\/\/www.facebook.com\/compuviper","https:\/\/www.youtube.com\/channel\/UCf73dERp9Y3cfOq7q8BhLjA?view_as=subscriber"]}]},"product_brand":"MANHATTAN","product_price_amount":"90","product_price_currency":"MXN","og_availability":"instock","product_availability":"instock","product_retailer_item_id":"356015","product_condition":"new"},"_links":{"self":[{"href":"https:\/\/compuviper.mx\/tienda\/wp-json\/wp\/v2\/product\/235415"}],"collection":[{"href":"https:\/\/compuviper.mx\/tienda\/wp-json\/wp\/v2\/product"}],"about":[{"href":"https:\/\/compuviper.mx\/tienda\/wp-json\/wp\/v2\/types\/product"}],"replies":[{"embeddable":true,"href":"https:\/\/compuviper.mx\/tienda\/wp-json\/wp\/v2\/comments?post=235415"}],"wp:featuredmedia":[{"embeddable":true,"href":"https:\/\/compuviper.mx\/tienda\/wp-json\/wp\/v2\/media\/242074"}],"wp:attachment":[{"href":"https:\/\/compuviper.mx\/tienda\/wp-json\/wp\/v2\/media?parent=235415"}],"wp:term":[{"taxonomy":"product_cat","embeddable":true,"href":"https:\/\/compuviper.mx\/tienda\/wp-json\/wp\/v2\/product_cat?post=235415"},{"taxonomy":"product_tag","embeddable":true,"href":"https:\/\/compuviper.mx\/tienda\/wp-json\/wp\/v2\/product_tag?post=235415"}],"curies":[{"name":"wp","href":"https:\/\/api.w.org\/{rel}","templated":true}]}}