{"id":235414,"date":"2026-04-27T23:11:57","date_gmt":"2026-04-28T05:11:57","guid":{"rendered":"https:\/\/compuviper.mx\/tienda\/producto\/manhattan-168397-extensor-video-hdmi-70m-hd-o-40m-4k-via-cat-6\/"},"modified":"2026-04-27T23:11:57","modified_gmt":"2026-04-28T05:11:57","slug":"manhattan-168397-extensor-video-hdmi-70m-hd-o-40m-4k-via-cat-6","status":"publish","type":"product","link":"https:\/\/compuviper.mx\/tienda\/producto\/manhattan-168397-extensor-video-hdmi-70m-hd-o-40m-4k-via-cat-6\/","title":{"rendered":"Manhattan 168397 Extensor Video Hdmi,,, 70m-hd O 40m-4k Via Cat 6"},"content":{"rendered":"<table class=\"descripcion\">\n<tr>\n<td>Normas y certificaciones<\/td>\n<\/tr>\n<tr>\n<td>&#8211; hdcp 1.4<\/td>\n<\/tr>\n<tr>\n<td>&#8211; hdmi 1.4<\/td>\n<\/tr>\n<tr>\n<td>&#8211; ce<\/td>\n<\/tr>\n<tr>\n<td>&#8211; fcc<\/td>\n<\/tr>\n<tr>\n<td>&#8211; rohs<\/td>\n<\/tr>\n<tr>\n<td>&#8211; ukca<\/td>\n<\/tr>\n<tr>\n<td>Generalidades<\/td>\n<\/tr>\n<tr>\n<td>&#8211; resoluciones soportadas: 480p\/720p\/1080i\/1080p\/4k (se recomienda un cable ethernet cat6 o superior para obtener la m\u00e1xima distancia y resoluci\u00f3n)<\/td>\n<\/tr>\n<tr>\n<td>&#8211; ancho de banda de v\u00eddeo m\u00e1ximo: 10.2 gbps\/340 mhz<\/td>\n<\/tr>\n<tr>\n<td>Conexiones\/botones<\/td>\n<\/tr>\n<tr>\n<td>&#8211; transmisor<\/td>\n<\/tr>\n<tr>\n<td>&#8211; 2 x hdmi hembra de 19 patillas (una salida en bucle para la visualizaci\u00f3n local)<\/td>\n<\/tr>\n<tr>\n<td>&#8211; 1 x entrada dc 12.0 v<\/td>\n<\/tr>\n<tr>\n<td>&#8211; 1 x rj45 hembra<\/td>\n<\/tr>\n<tr>\n<td>&#8211; 1 x 3.5 mm ir hembra<\/td>\n<\/tr>\n<tr>\n<td>&#8211; 1 x interruptor edid<\/td>\n<\/tr>\n<tr>\n<td>&#8211; receptor<\/td>\n<\/tr>\n<tr>\n<td>&#8211; 1 x hdmi hembra de 19 patillas<\/td>\n<\/tr>\n<tr>\n<td>&#8211; 1 x rj45 hembra<\/td>\n<\/tr>\n<tr>\n<td>&#8211; 1 x 3.5 mm ir hembra<\/td>\n<\/tr>\n<tr>\n<td>El\u00e9ctrico<\/td>\n<\/tr>\n<tr>\n<td>&#8211; un adaptador de alimentaci\u00f3n de cc, cable de 1,2 m<\/td>\n<\/tr>\n<tr>\n<td>&#8211; entrada: 100.0 &#8211; 240.0 vac, 50 &#8211; 60 hz<\/td>\n<\/tr>\n<tr>\n<td>&#8211; salida: 12.0 vdc; 1.0 a<\/td>\n<\/tr>\n<tr>\n<td>&#8211; consumo de energ\u00eda m\u00e1ximo: 1.86 w<\/td>\n<\/tr>\n<tr>\n<td>Se\u00f1al de entrada\/salida<\/td>\n<\/tr>\n<tr>\n<td>&#8211; se\u00f1al de v\u00eddeo de entrada: 3.3 v p-p<\/td>\n<\/tr>\n<tr>\n<td>&#8211; se\u00f1al ddc de entrada: 5.0 v p-p<\/td>\n<\/tr>\n<tr>\n<td>&#8211; salida de v\u00eddeo: hdcp 1.4<\/td>\n<\/tr>\n<tr>\n<td>F\u00edsico<\/td>\n<\/tr>\n<tr>\n<td>&#8211; dimensiones (largo x ancho x alto): 80 x 69 x 17 mm (3.15 x 2.72 x 0.67 pulgadas)<\/td>\n<\/tr>\n<tr>\n<td>&#8211; peso neto: 262 g (0.58 lbs.)<\/td>\n<\/tr>\n<tr>\n<td>&#8211; peso bruto: 510 g (1.12 lbs.)<\/td>\n<\/tr>\n<tr>\n<td>&#8211; carcasa: metal<\/td>\n<\/tr>\n<tr>\n<td>Entorno de funcionamiento<\/td>\n<\/tr>\n<tr>\n<td>&#8211; temperatura de funcionamiento: 0 &#8211; 40\u00b0c (32 &#8211; 104\u00b0f)<\/td>\n<\/tr>\n<tr>\n<td>&#8211; temperatura de almacenamiento: -20 &#8211; 60\u00b0c (-4 &#8211; 140\u00b0f)<\/td>\n<\/tr>\n<tr>\n<td>&#8211; humedad (sin condensaci\u00f3n): 20 &#8211; 90%<\/td>\n<\/tr>\n<tr>\n<td>Contenido del paquete<\/td>\n<\/tr>\n<tr>\n<td>&#8211; kit extensor hdmi sobre ethernet 4k@30hz<\/td>\n<\/tr>\n<tr>\n<td>&#8211; un adaptador de alimentaci\u00f3n de cc, cable de 1.2 m (4 pies)<\/td>\n<\/tr>\n<tr>\n<td>&#8211; dos cables de conexi\u00f3n ir, 1.5 m (5 pies)<\/td>\n<\/tr>\n<tr>\n<td>&#8211; instrucciones<\/td>\n<\/tr>\n<\/table>\n","protected":false},"excerpt":{"rendered":"<p>Extensor hdmi 4k &#8211; extiende f\u00e1cilmente una se\u00f1al de ultra alta definici\u00f3n (uhd) a trav\u00e9s de un solo cable ethernet para lograr transmisiones a larga distancia. Le permite transmitir una se\u00f1al de audio\/v\u00eddeo en 4k@30hz (3840 \u00d7 2160) hasta 40 m (164 pies) o 1080p@60hz hasta 70 m (230 pies) a trav\u00e9s de un \u00fanico cable ethernet rj45 cat6. El kit proporciona una transmisi\u00f3n fiable de v\u00eddeo y audio multicanal para su dispositivo de streaming, consola de juegos (ps4, ps4 pro, ps5, xbox series x\/s, switch, etc.), reproductor de blu-ray, receptor de sat\u00e9lite, pc, laptop, macbook u otro dispositivo hdmi a distancias m\u00e1s largas que las que pueden alcanzar los cables hdmi est\u00e1ndar por s\u00ed solos. El transmisor y el receptor tienen tomas adicionales de 3.5 mm para entradas de infrarrojos (ir) que le permiten controlar la fuente o la pantalla en cualquier extremo de la configuraci\u00f3n. Soluci\u00f3n flexible para muchas aplicaciones de a\/v. Ideal para ferias, aulas, cine en casa, salas de conferencias, oficinas comerciales y aplicaciones de venta al por menor, el kit extensor hdmi sobre ethernet manhattan 4k@30hz es una soluci\u00f3n rentable que potencia y extiende una se\u00f1al hdmi hasta donde se necesita. Ethernet cableado &#8211; blindado o sin blindaje &#8211; es menos costoso y m\u00e1s f\u00e1cil de instalar que el cableado hdmi y repetidores de se\u00f1al en l\u00ednea. Cuando se utiliza con nuestro kit extensor, el cable de red ofrece la imagen clara, n\u00edtida y v\u00edvida que se espera del cable hdmi. Construcci\u00f3n de calidad y f\u00e1cil instalaci\u00f3n. Conforme a la norma hdmi 1.4, el kit extensor hdmi sobre ethernet de manhattan est\u00e1 probado para garantizar el rendimiento y la fiabilidad. Se instala r\u00e1pidamente sin tener que ejecutar software o instalar hardware adicional. Los m\u00f3dulos llevan incorporados soportes de montaje que permiten instalar ordenadamente sus carcasas met\u00e1licas en la pared o el techo. S\u00f3lo se necesita un adaptador de corriente gracias a la alimentaci\u00f3n por cable (poc. Extienda sus se\u00f1ales hdmi a lugares que carecen de tomas de corriente. El adaptador de corriente incluido se conecta al transmisor y alimenta al receptor a trav\u00e9s del cable ethernet conectado. Extiende una se\u00f1al hdmi hasta 70 m (230 pies) desde una fuente hdmi a una pantalla utilizando un cable ethernet cat6. Resoluciones de hasta 4k@30hz a 40 m (130 pies) o hasta 1080p@60hz a 70 m (230 pies. Tecnolog\u00eda de alimentaci\u00f3n a trav\u00e9s de cable (poc) que alimenta las unidades transmisora (tx) y receptora (rx) a trav\u00e9s de un adaptador de corriente (conectado al transmisor. Salida en bucle hdmi en el transmisor para conectar una pantalla cerca de la fuente para facilitar la configuraci\u00f3n. Incluye un emisor de infrarrojos (ir) y un receptor para controlar a distancia el dispositivo de origen. Plug and play: no requiere instalaci\u00f3n ni configuraci\u00f3n de software. Ancho de banda de hasta 10.2 gbps a 340 mhz. Conmutador edid para la optimizaci\u00f3n autom\u00e1tica de la imagen en funci\u00f3n de la pantalla del receptor o del transmisor. Admite el submuestreo de color 4:4:4. Admite el protocolo mjpeg para la compresi\u00f3n de v\u00eddeo. Admite el formato de audio sin p\u00e9rdidas lpcm de 8 canales sin comprimir y el sonido envolvente 7.1. Soporta v\u00eddeo en 3d. Compatible con sistemas de juego como playstation\u00ae, xbox\u00ae, reproductores de blu-ray, decodificadores, receptores de sat\u00e9lite y m\u00e1s. Contactos chapados para conexiones libres de corrosi\u00f3n. Gabinete met\u00e1lico resistente para una m\u00e1xima durabilidad. Protecci\u00f3n esd hasta 8 kv (aire) y 4 kv (contacto. Soportes de montaje incorporados para una instalaci\u00f3n ordenada en la pared o el techo. Hdcp 1.4 compliant. Para una mayor capacidad de distancia, utilice un cable hdmi de alta velocidad manhattan de 15 m (50 pies) con ethernet tanto en el transmisor como en el receptor<\/p>\n","protected":false},"featured_media":241917,"comment_status":"open","ping_status":"open","template":"","meta":[],"product_cat":[1485,1506],"product_tag":[1487],"acf":[],"yoast_head":"<!-- This site is optimized with the Yoast SEO plugin v21.7 - https:\/\/yoast.com\/wordpress\/plugins\/seo\/ -->\n<title>[ Manhattan ] &#129351; 168397 Extensor Video Hdmi,,, 70m-hd O 40m-4k Via Cat 6<\/title>\n<meta name=\"description\" content=\"Compra 168397 Extensor Video Hdmi,,, 70m-hd O 40m-4k Via Cat 6 + Env\u00edo a domicilio + Pago seguro + Garant\u00eda\" \/>\n<meta name=\"robots\" content=\"index, follow, max-snippet:-1, max-image-preview:large, max-video-preview:-1\" \/>\n<link rel=\"canonical\" href=\"https:\/\/compuviper.mx\/tienda\/producto\/manhattan-168397-extensor-video-hdmi-70m-hd-o-40m-4k-via-cat-6\/\" \/>\n<meta property=\"og:locale\" content=\"es_MX\" \/>\n<meta property=\"og:type\" content=\"article\" \/>\n<meta property=\"og:title\" content=\"[ Manhattan ] &#129351; 168397 Extensor Video Hdmi,,, 70m-hd O 40m-4k Via Cat 6\" \/>\n<meta property=\"og:description\" content=\"Compra 168397 Extensor Video Hdmi,,, 70m-hd O 40m-4k Via Cat 6 + Env\u00edo a domicilio + Pago seguro + Garant\u00eda\" \/>\n<meta property=\"og:url\" content=\"https:\/\/compuviper.mx\/tienda\/producto\/manhattan-168397-extensor-video-hdmi-70m-hd-o-40m-4k-via-cat-6\/\" \/>\n<meta property=\"og:site_name\" content=\"Compuviper\" \/>\n<meta property=\"article:publisher\" content=\"https:\/\/www.facebook.com\/compuviper\" \/>\n<meta property=\"og:image\" content=\"https:\/\/compuviper.mx\/tienda\/wp-content\/uploads\/2024\/09\/Extensor-video-hdmimanhattan168397-70m-hd-o-40m-4k-via-cat-6.jpg\" \/>\n\t<meta property=\"og:image:width\" content=\"200\" \/>\n\t<meta property=\"og:image:height\" content=\"200\" \/>\n\t<meta property=\"og:image:type\" content=\"image\/jpeg\" \/>\n<meta name=\"twitter:card\" content=\"summary_large_image\" \/>\n<meta name=\"twitter:label1\" content=\"Precio\" \/>\n\t<meta name=\"twitter:data1\" content=\"&#36;1,339 con IVA\" \/>\n\t<meta name=\"twitter:label2\" content=\"Availability\" \/>\n\t<meta name=\"twitter:data2\" content=\"In stock\" \/>\n<script type=\"application\/ld+json\" class=\"yoast-schema-graph\">{\"@context\":\"https:\/\/schema.org\",\"@graph\":[{\"@type\":\"WebPage\",\"@id\":\"https:\/\/compuviper.mx\/tienda\/producto\/manhattan-168397-extensor-video-hdmi-70m-hd-o-40m-4k-via-cat-6\/\",\"url\":\"https:\/\/compuviper.mx\/tienda\/producto\/manhattan-168397-extensor-video-hdmi-70m-hd-o-40m-4k-via-cat-6\/\",\"name\":\"[ Manhattan ] &#129351; 168397 Extensor Video Hdmi,,, 70m-hd O 40m-4k Via Cat 6\",\"isPartOf\":{\"@id\":\"https:\/\/compuviper.mx\/tienda\/#website\"},\"datePublished\":\"2026-04-28T05:11:57+00:00\",\"dateModified\":\"2026-04-28T05:11:57+00:00\",\"description\":\"Compra 168397 Extensor Video Hdmi,,, 70m-hd O 40m-4k Via Cat 6 + Env\u00edo a domicilio + Pago seguro + Garant\u00eda\",\"breadcrumb\":{\"@id\":\"https:\/\/compuviper.mx\/tienda\/producto\/manhattan-168397-extensor-video-hdmi-70m-hd-o-40m-4k-via-cat-6\/#breadcrumb\"},\"inLanguage\":\"es-MX\",\"potentialAction\":[{\"@type\":\"ReadAction\",\"target\":[\"https:\/\/compuviper.mx\/tienda\/producto\/manhattan-168397-extensor-video-hdmi-70m-hd-o-40m-4k-via-cat-6\/\"]}]},{\"@type\":\"BreadcrumbList\",\"@id\":\"https:\/\/compuviper.mx\/tienda\/producto\/manhattan-168397-extensor-video-hdmi-70m-hd-o-40m-4k-via-cat-6\/#breadcrumb\",\"itemListElement\":[{\"@type\":\"ListItem\",\"position\":1,\"name\":\"Inicio\",\"item\":\"https:\/\/compuviper.mx\/tienda\/\"},{\"@type\":\"ListItem\",\"position\":2,\"name\":\"Productos\",\"item\":\"https:\/\/compuviper.mx\/tienda\/productos\/\"},{\"@type\":\"ListItem\",\"position\":3,\"name\":\"Accesorios\",\"item\":\"https:\/\/compuviper.mx\/tienda\/categoria-producto\/accesorios\/\"},{\"@type\":\"ListItem\",\"position\":4,\"name\":\"Conectividad\",\"item\":\"https:\/\/compuviper.mx\/tienda\/categoria-producto\/accesorios\/conectividad\/\"},{\"@type\":\"ListItem\",\"position\":5,\"name\":\"Manhattan 168397 Extensor Video Hdmi,,, 70m-hd O 40m-4k Via Cat 6\"}]},{\"@type\":\"WebSite\",\"@id\":\"https:\/\/compuviper.mx\/tienda\/#website\",\"url\":\"https:\/\/compuviper.mx\/tienda\/\",\"name\":\"Compuviper\",\"description\":\"Proveedor de Computadoras, Laptops, Servidores, Monitores, Puntos de Venta, Teclados,   Impresoras, T\u00f3ner, C\u00e1maras de Seguridad y m\u00e1s en tu tienda en l\u00ednea\",\"publisher\":{\"@id\":\"https:\/\/compuviper.mx\/tienda\/#organization\"},\"potentialAction\":[{\"@type\":\"SearchAction\",\"target\":{\"@type\":\"EntryPoint\",\"urlTemplate\":\"https:\/\/compuviper.mx\/tienda\/?s={search_term_string}\"},\"query-input\":\"required name=search_term_string\"}],\"inLanguage\":\"es-MX\"},{\"@type\":\"Organization\",\"@id\":\"https:\/\/compuviper.mx\/tienda\/#organization\",\"name\":\"Compuviper\",\"url\":\"https:\/\/compuviper.mx\/tienda\/\",\"logo\":{\"@type\":\"ImageObject\",\"inLanguage\":\"es-MX\",\"@id\":\"https:\/\/compuviper.mx\/tienda\/#\/schema\/logo\/image\/\",\"url\":\"https:\/\/compuviper.mx\/tienda\/wp-content\/uploads\/2021\/08\/Logo-Compuviper-10.png\",\"contentUrl\":\"https:\/\/compuviper.mx\/tienda\/wp-content\/uploads\/2021\/08\/Logo-Compuviper-10.png\",\"width\":1000,\"height\":500,\"caption\":\"Compuviper\"},\"image\":{\"@id\":\"https:\/\/compuviper.mx\/tienda\/#\/schema\/logo\/image\/\"},\"sameAs\":[\"https:\/\/www.facebook.com\/compuviper\",\"https:\/\/www.youtube.com\/channel\/UCf73dERp9Y3cfOq7q8BhLjA?view_as=subscriber\"]}]}<\/script>\n<meta property=\"product:brand\" content=\"MANHATTAN\" \/>\n<meta property=\"product:price:amount\" content=\"1339\" \/>\n<meta property=\"product:price:currency\" content=\"MXN\" \/>\n<meta property=\"og:availability\" content=\"instock\" \/>\n<meta property=\"product:availability\" content=\"instock\" \/>\n<meta property=\"product:retailer_item_id\" content=\"168397\" \/>\n<meta property=\"product:condition\" content=\"new\" \/>\n<!-- \/ Yoast SEO plugin. -->","yoast_head_json":{"title":"[ Manhattan ] &#129351; 168397 Extensor Video Hdmi,,, 70m-hd O 40m-4k Via Cat 6","description":"Compra 168397 Extensor Video Hdmi,,, 70m-hd O 40m-4k Via Cat 6 + Env\u00edo a domicilio + Pago seguro + Garant\u00eda","robots":{"index":"index","follow":"follow","max-snippet":"max-snippet:-1","max-image-preview":"max-image-preview:large","max-video-preview":"max-video-preview:-1"},"canonical":"https:\/\/compuviper.mx\/tienda\/producto\/manhattan-168397-extensor-video-hdmi-70m-hd-o-40m-4k-via-cat-6\/","og_locale":"es_MX","og_type":"article","og_title":"[ Manhattan ] &#129351; 168397 Extensor Video Hdmi,,, 70m-hd O 40m-4k Via Cat 6","og_description":"Compra 168397 Extensor Video Hdmi,,, 70m-hd O 40m-4k Via Cat 6 + Env\u00edo a domicilio + Pago seguro + Garant\u00eda","og_url":"https:\/\/compuviper.mx\/tienda\/producto\/manhattan-168397-extensor-video-hdmi-70m-hd-o-40m-4k-via-cat-6\/","og_site_name":"Compuviper","article_publisher":"https:\/\/www.facebook.com\/compuviper","og_image":[{"width":200,"height":200,"url":"https:\/\/compuviper.mx\/tienda\/wp-content\/uploads\/2024\/09\/Extensor-video-hdmimanhattan168397-70m-hd-o-40m-4k-via-cat-6.jpg","type":"image\/jpeg"}],"twitter_card":"summary_large_image","twitter_misc":{"Precio":"&#36;1,339 con IVA","Availability":"In stock"},"schema":{"@context":"https:\/\/schema.org","@graph":[{"@type":"WebPage","@id":"https:\/\/compuviper.mx\/tienda\/producto\/manhattan-168397-extensor-video-hdmi-70m-hd-o-40m-4k-via-cat-6\/","url":"https:\/\/compuviper.mx\/tienda\/producto\/manhattan-168397-extensor-video-hdmi-70m-hd-o-40m-4k-via-cat-6\/","name":"[ Manhattan ] &#129351; 168397 Extensor Video Hdmi,,, 70m-hd O 40m-4k Via Cat 6","isPartOf":{"@id":"https:\/\/compuviper.mx\/tienda\/#website"},"datePublished":"2026-04-28T05:11:57+00:00","dateModified":"2026-04-28T05:11:57+00:00","description":"Compra 168397 Extensor Video Hdmi,,, 70m-hd O 40m-4k Via Cat 6 + Env\u00edo a domicilio + Pago seguro + Garant\u00eda","breadcrumb":{"@id":"https:\/\/compuviper.mx\/tienda\/producto\/manhattan-168397-extensor-video-hdmi-70m-hd-o-40m-4k-via-cat-6\/#breadcrumb"},"inLanguage":"es-MX","potentialAction":[{"@type":"ReadAction","target":["https:\/\/compuviper.mx\/tienda\/producto\/manhattan-168397-extensor-video-hdmi-70m-hd-o-40m-4k-via-cat-6\/"]}]},{"@type":"BreadcrumbList","@id":"https:\/\/compuviper.mx\/tienda\/producto\/manhattan-168397-extensor-video-hdmi-70m-hd-o-40m-4k-via-cat-6\/#breadcrumb","itemListElement":[{"@type":"ListItem","position":1,"name":"Inicio","item":"https:\/\/compuviper.mx\/tienda\/"},{"@type":"ListItem","position":2,"name":"Productos","item":"https:\/\/compuviper.mx\/tienda\/productos\/"},{"@type":"ListItem","position":3,"name":"Accesorios","item":"https:\/\/compuviper.mx\/tienda\/categoria-producto\/accesorios\/"},{"@type":"ListItem","position":4,"name":"Conectividad","item":"https:\/\/compuviper.mx\/tienda\/categoria-producto\/accesorios\/conectividad\/"},{"@type":"ListItem","position":5,"name":"Manhattan 168397 Extensor Video Hdmi,,, 70m-hd O 40m-4k Via Cat 6"}]},{"@type":"WebSite","@id":"https:\/\/compuviper.mx\/tienda\/#website","url":"https:\/\/compuviper.mx\/tienda\/","name":"Compuviper","description":"Proveedor de Computadoras, Laptops, Servidores, Monitores, Puntos de Venta, Teclados,   Impresoras, T\u00f3ner, C\u00e1maras de Seguridad y m\u00e1s en tu tienda en l\u00ednea","publisher":{"@id":"https:\/\/compuviper.mx\/tienda\/#organization"},"potentialAction":[{"@type":"SearchAction","target":{"@type":"EntryPoint","urlTemplate":"https:\/\/compuviper.mx\/tienda\/?s={search_term_string}"},"query-input":"required name=search_term_string"}],"inLanguage":"es-MX"},{"@type":"Organization","@id":"https:\/\/compuviper.mx\/tienda\/#organization","name":"Compuviper","url":"https:\/\/compuviper.mx\/tienda\/","logo":{"@type":"ImageObject","inLanguage":"es-MX","@id":"https:\/\/compuviper.mx\/tienda\/#\/schema\/logo\/image\/","url":"https:\/\/compuviper.mx\/tienda\/wp-content\/uploads\/2021\/08\/Logo-Compuviper-10.png","contentUrl":"https:\/\/compuviper.mx\/tienda\/wp-content\/uploads\/2021\/08\/Logo-Compuviper-10.png","width":1000,"height":500,"caption":"Compuviper"},"image":{"@id":"https:\/\/compuviper.mx\/tienda\/#\/schema\/logo\/image\/"},"sameAs":["https:\/\/www.facebook.com\/compuviper","https:\/\/www.youtube.com\/channel\/UCf73dERp9Y3cfOq7q8BhLjA?view_as=subscriber"]}]},"product_brand":"MANHATTAN","product_price_amount":"1339","product_price_currency":"MXN","og_availability":"instock","product_availability":"instock","product_retailer_item_id":"168397","product_condition":"new"},"_links":{"self":[{"href":"https:\/\/compuviper.mx\/tienda\/wp-json\/wp\/v2\/product\/235414"}],"collection":[{"href":"https:\/\/compuviper.mx\/tienda\/wp-json\/wp\/v2\/product"}],"about":[{"href":"https:\/\/compuviper.mx\/tienda\/wp-json\/wp\/v2\/types\/product"}],"replies":[{"embeddable":true,"href":"https:\/\/compuviper.mx\/tienda\/wp-json\/wp\/v2\/comments?post=235414"}],"wp:featuredmedia":[{"embeddable":true,"href":"https:\/\/compuviper.mx\/tienda\/wp-json\/wp\/v2\/media\/241917"}],"wp:attachment":[{"href":"https:\/\/compuviper.mx\/tienda\/wp-json\/wp\/v2\/media?parent=235414"}],"wp:term":[{"taxonomy":"product_cat","embeddable":true,"href":"https:\/\/compuviper.mx\/tienda\/wp-json\/wp\/v2\/product_cat?post=235414"},{"taxonomy":"product_tag","embeddable":true,"href":"https:\/\/compuviper.mx\/tienda\/wp-json\/wp\/v2\/product_tag?post=235414"}],"curies":[{"name":"wp","href":"https:\/\/api.w.org\/{rel}","templated":true}]}}