{"id":235413,"date":"2026-04-24T23:11:39","date_gmt":"2026-04-25T05:11:39","guid":{"rendered":"https:\/\/compuviper.mx\/tienda\/producto\/intellinet-530514-cortador-y-pelador-de-cables-de-red-redondos-planos-utp-y-stp\/"},"modified":"2026-04-24T23:11:39","modified_gmt":"2026-04-25T05:11:39","slug":"intellinet-530514-cortador-y-pelador-de-cables-de-red-redondos-planos-utp-y-stp","status":"publish","type":"product","link":"https:\/\/compuviper.mx\/tienda\/producto\/intellinet-530514-cortador-y-pelador-de-cables-de-red-redondos-planos-utp-y-stp\/","title":{"rendered":"Intellinet 530514 Cortador Y Pelador De Cables,,,  De Red,  Redondos, Planos, Utp Y Stp"},"content":{"rendered":"<table class=\"descripcion\">\n<tr>\n<td>Est\u00e1ndares y certificaciones<\/td>\n<\/tr>\n<tr>\n<td>Rohs<\/td>\n<\/tr>\n<tr>\n<td>Reach<\/td>\n<\/tr>\n<tr>\n<td>Dise\u00f1o<\/td>\n<\/tr>\n<tr>\n<td>Dimensiones (l x w x h): 116 x 56 x 19 mm (4.57 x 2.2 x 0.75 in.)<\/td>\n<\/tr>\n<tr>\n<td>Peso neto: 48 g (0.11 lbs.)<\/td>\n<\/tr>\n<tr>\n<td>Peso bruto: 54 g (0.12 lbs.)<\/td>\n<\/tr>\n<tr>\n<td>Dise\u00f1o<\/td>\n<\/tr>\n<tr>\n<td>Temperatura de funcionamiento: -10 &#8211; 60\u00b0c (14 &#8211; 140\u00b0f)<\/td>\n<\/tr>\n<tr>\n<td>Temperatura de almacenamiento: -40 &#8211; 70\u00bac (-40 &#8211; 158\u00baf)<\/td>\n<\/tr>\n<tr>\n<td>Humedad de funcionamiento (sin condensaci\u00f3n): 10 &#8211; 90% hr<\/td>\n<\/tr>\n<tr>\n<td>Contenido del paquete<\/td>\n<\/tr>\n<tr>\n<td>Cortador y pelador de cables de red<\/td>\n<\/tr>\n<\/table>\n","protected":false},"excerpt":{"rendered":"<p>Cortador y pelador de cables para cables utp \/ stp ethernet, telef\u00f3nicos y de datos. Prepara los cables de red y asegura tu instalaci\u00f3n con el cortador y quita forro de cables intellinet network solutions. Una soluci\u00f3n vers\u00e1til para cualquier tipo de cable. Nuestra herramienta es una gran soluci\u00f3n para los t\u00e9cnicos inform\u00e1ticos encargados de construir longitudes de cable personalizadas. Tanto si trabaja en instalaciones de red como en sistemas telef\u00f3nicos, con cables apantallados (stp) o sin apantallar (utp), esta herramienta de pelado agiliza el proceso. Compatible con di\u00e1metros de 3,2 a 9 mm (0,13 a 0,35 pulg.), maneja con facilidad cables planos y redondos. No hay necesidad de m\u00faltiples herramientas: esto lo hace todo. Cortar con precisi\u00f3n es f\u00e1cil y sencillo. Equipada con cuchillas de acero al carbono sk5 de alta calidad, nuestra herramienta garantiza un corte preciso y eficiente en todo momento. Ajustable para un corte perfecto. Con tornillos para ajustar la altura de las cuchillas, puedes adaptar nuestra herramienta para que se ajuste perfectamente a los di\u00e1metros individuales de los cables. Esto garantiza un corte impecable en todo momento, independientemente del espesor de cada cable. Pr\u00e1ctico cortador y pelacables para el personal t\u00e9cnico inform\u00e1tico que crea cables de red o telef\u00f3nicos de longitudes personalizadas. Adecuado para di\u00e1metros de cable de 3.2 a 9 mm (0.13 to 0.35 in.. Compatible con cables planos y redondos. Navajas de acero al carbono sk5 de alta calidad para un corte preciso y eficaz. Para su uso con cables de datos, telecomunicaciones y redes de par trenzado apantallado (stp) y no apantallado (utp. Tornillos para ajustar la altura de las cuchillas a cada di\u00e1metro de cable<\/p>\n","protected":false},"featured_media":241916,"comment_status":"open","ping_status":"open","template":"","meta":[],"product_cat":[1490,1491],"product_tag":[1489],"acf":[],"yoast_head":"<!-- This site is optimized with the Yoast SEO plugin v21.7 - https:\/\/yoast.com\/wordpress\/plugins\/seo\/ -->\n<title>[ Intellinet ] &#129351; 530514 Cortador Y Pelador De Cables,,, De Red, Redondos, Planos, Utp Y Stp<\/title>\n<meta name=\"description\" content=\"Compra 530514 Cortador Y Pelador De Cables,,, De Red, Redondos, Planos, Utp Y Stp + Env\u00edo a domicilio + Pago seguro + Garant\u00eda\" \/>\n<meta name=\"robots\" content=\"index, follow, max-snippet:-1, max-image-preview:large, max-video-preview:-1\" \/>\n<link rel=\"canonical\" href=\"https:\/\/compuviper.mx\/tienda\/producto\/intellinet-530514-cortador-y-pelador-de-cables-de-red-redondos-planos-utp-y-stp\/\" \/>\n<meta property=\"og:locale\" content=\"es_MX\" \/>\n<meta property=\"og:type\" content=\"article\" \/>\n<meta property=\"og:title\" content=\"[ Intellinet ] &#129351; 530514 Cortador Y Pelador De Cables,,, De Red, Redondos, Planos, Utp Y Stp\" \/>\n<meta property=\"og:description\" content=\"Compra 530514 Cortador Y Pelador De Cables,,, De Red, Redondos, Planos, Utp Y Stp + Env\u00edo a domicilio + Pago seguro + Garant\u00eda\" \/>\n<meta property=\"og:url\" content=\"https:\/\/compuviper.mx\/tienda\/producto\/intellinet-530514-cortador-y-pelador-de-cables-de-red-redondos-planos-utp-y-stp\/\" \/>\n<meta property=\"og:site_name\" content=\"Compuviper\" \/>\n<meta property=\"article:publisher\" content=\"https:\/\/www.facebook.com\/compuviper\" \/>\n<meta property=\"og:image\" content=\"https:\/\/compuviper.mx\/tienda\/wp-content\/uploads\/2024\/09\/Cortador-y-pelador-de-cablesintellinet530514-de-red-redondos-planos-utp-y-stp.jpg\" \/>\n\t<meta property=\"og:image:width\" content=\"200\" \/>\n\t<meta property=\"og:image:height\" content=\"200\" \/>\n\t<meta property=\"og:image:type\" content=\"image\/jpeg\" \/>\n<meta name=\"twitter:card\" content=\"summary_large_image\" \/>\n<meta name=\"twitter:label1\" content=\"Precio\" \/>\n\t<meta name=\"twitter:data1\" content=\"&#36;75 con IVA\" \/>\n\t<meta name=\"twitter:label2\" content=\"Availability\" \/>\n\t<meta name=\"twitter:data2\" content=\"In stock\" \/>\n<script type=\"application\/ld+json\" class=\"yoast-schema-graph\">{\"@context\":\"https:\/\/schema.org\",\"@graph\":[{\"@type\":\"WebPage\",\"@id\":\"https:\/\/compuviper.mx\/tienda\/producto\/intellinet-530514-cortador-y-pelador-de-cables-de-red-redondos-planos-utp-y-stp\/\",\"url\":\"https:\/\/compuviper.mx\/tienda\/producto\/intellinet-530514-cortador-y-pelador-de-cables-de-red-redondos-planos-utp-y-stp\/\",\"name\":\"[ Intellinet ] &#129351; 530514 Cortador Y Pelador De Cables,,, De Red, Redondos, Planos, Utp Y Stp\",\"isPartOf\":{\"@id\":\"https:\/\/compuviper.mx\/tienda\/#website\"},\"datePublished\":\"2026-04-25T05:11:39+00:00\",\"dateModified\":\"2026-04-25T05:11:39+00:00\",\"description\":\"Compra 530514 Cortador Y Pelador De Cables,,, De Red, Redondos, Planos, Utp Y Stp + Env\u00edo a domicilio + Pago seguro + Garant\u00eda\",\"breadcrumb\":{\"@id\":\"https:\/\/compuviper.mx\/tienda\/producto\/intellinet-530514-cortador-y-pelador-de-cables-de-red-redondos-planos-utp-y-stp\/#breadcrumb\"},\"inLanguage\":\"es-MX\",\"potentialAction\":[{\"@type\":\"ReadAction\",\"target\":[\"https:\/\/compuviper.mx\/tienda\/producto\/intellinet-530514-cortador-y-pelador-de-cables-de-red-redondos-planos-utp-y-stp\/\"]}]},{\"@type\":\"BreadcrumbList\",\"@id\":\"https:\/\/compuviper.mx\/tienda\/producto\/intellinet-530514-cortador-y-pelador-de-cables-de-red-redondos-planos-utp-y-stp\/#breadcrumb\",\"itemListElement\":[{\"@type\":\"ListItem\",\"position\":1,\"name\":\"Inicio\",\"item\":\"https:\/\/compuviper.mx\/tienda\/\"},{\"@type\":\"ListItem\",\"position\":2,\"name\":\"Productos\",\"item\":\"https:\/\/compuviper.mx\/tienda\/productos\/\"},{\"@type\":\"ListItem\",\"position\":3,\"name\":\"Herramientas\",\"item\":\"https:\/\/compuviper.mx\/tienda\/categoria-producto\/herramientas\/\"},{\"@type\":\"ListItem\",\"position\":4,\"name\":\"Sin Categor\u00eda\",\"item\":\"https:\/\/compuviper.mx\/tienda\/categoria-producto\/herramientas\/sin-categoria\/\"},{\"@type\":\"ListItem\",\"position\":5,\"name\":\"Intellinet 530514 Cortador Y Pelador De Cables,,, De Red, Redondos, Planos, Utp Y Stp\"}]},{\"@type\":\"WebSite\",\"@id\":\"https:\/\/compuviper.mx\/tienda\/#website\",\"url\":\"https:\/\/compuviper.mx\/tienda\/\",\"name\":\"Compuviper\",\"description\":\"Proveedor de Computadoras, Laptops, Servidores, Monitores, Puntos de Venta, Teclados,   Impresoras, T\u00f3ner, C\u00e1maras de Seguridad y m\u00e1s en tu tienda en l\u00ednea\",\"publisher\":{\"@id\":\"https:\/\/compuviper.mx\/tienda\/#organization\"},\"potentialAction\":[{\"@type\":\"SearchAction\",\"target\":{\"@type\":\"EntryPoint\",\"urlTemplate\":\"https:\/\/compuviper.mx\/tienda\/?s={search_term_string}\"},\"query-input\":\"required name=search_term_string\"}],\"inLanguage\":\"es-MX\"},{\"@type\":\"Organization\",\"@id\":\"https:\/\/compuviper.mx\/tienda\/#organization\",\"name\":\"Compuviper\",\"url\":\"https:\/\/compuviper.mx\/tienda\/\",\"logo\":{\"@type\":\"ImageObject\",\"inLanguage\":\"es-MX\",\"@id\":\"https:\/\/compuviper.mx\/tienda\/#\/schema\/logo\/image\/\",\"url\":\"https:\/\/compuviper.mx\/tienda\/wp-content\/uploads\/2021\/08\/Logo-Compuviper-10.png\",\"contentUrl\":\"https:\/\/compuviper.mx\/tienda\/wp-content\/uploads\/2021\/08\/Logo-Compuviper-10.png\",\"width\":1000,\"height\":500,\"caption\":\"Compuviper\"},\"image\":{\"@id\":\"https:\/\/compuviper.mx\/tienda\/#\/schema\/logo\/image\/\"},\"sameAs\":[\"https:\/\/www.facebook.com\/compuviper\",\"https:\/\/www.youtube.com\/channel\/UCf73dERp9Y3cfOq7q8BhLjA?view_as=subscriber\"]}]}<\/script>\n<meta property=\"product:brand\" content=\"INTELLINET\" \/>\n<meta property=\"product:price:amount\" content=\"75\" \/>\n<meta property=\"product:price:currency\" content=\"MXN\" \/>\n<meta property=\"og:availability\" content=\"instock\" \/>\n<meta property=\"product:availability\" content=\"instock\" \/>\n<meta property=\"product:retailer_item_id\" content=\"530514\" \/>\n<meta property=\"product:condition\" content=\"new\" \/>\n<!-- \/ Yoast SEO plugin. -->","yoast_head_json":{"title":"[ Intellinet ] &#129351; 530514 Cortador Y Pelador De Cables,,, De Red, Redondos, Planos, Utp Y Stp","description":"Compra 530514 Cortador Y Pelador De Cables,,, De Red, Redondos, Planos, Utp Y Stp + Env\u00edo a domicilio + Pago seguro + Garant\u00eda","robots":{"index":"index","follow":"follow","max-snippet":"max-snippet:-1","max-image-preview":"max-image-preview:large","max-video-preview":"max-video-preview:-1"},"canonical":"https:\/\/compuviper.mx\/tienda\/producto\/intellinet-530514-cortador-y-pelador-de-cables-de-red-redondos-planos-utp-y-stp\/","og_locale":"es_MX","og_type":"article","og_title":"[ Intellinet ] &#129351; 530514 Cortador Y Pelador De Cables,,, De Red, Redondos, Planos, Utp Y Stp","og_description":"Compra 530514 Cortador Y Pelador De Cables,,, De Red, Redondos, Planos, Utp Y Stp + Env\u00edo a domicilio + Pago seguro + Garant\u00eda","og_url":"https:\/\/compuviper.mx\/tienda\/producto\/intellinet-530514-cortador-y-pelador-de-cables-de-red-redondos-planos-utp-y-stp\/","og_site_name":"Compuviper","article_publisher":"https:\/\/www.facebook.com\/compuviper","og_image":[{"width":200,"height":200,"url":"https:\/\/compuviper.mx\/tienda\/wp-content\/uploads\/2024\/09\/Cortador-y-pelador-de-cablesintellinet530514-de-red-redondos-planos-utp-y-stp.jpg","type":"image\/jpeg"}],"twitter_card":"summary_large_image","twitter_misc":{"Precio":"&#36;75 con IVA","Availability":"In stock"},"schema":{"@context":"https:\/\/schema.org","@graph":[{"@type":"WebPage","@id":"https:\/\/compuviper.mx\/tienda\/producto\/intellinet-530514-cortador-y-pelador-de-cables-de-red-redondos-planos-utp-y-stp\/","url":"https:\/\/compuviper.mx\/tienda\/producto\/intellinet-530514-cortador-y-pelador-de-cables-de-red-redondos-planos-utp-y-stp\/","name":"[ Intellinet ] &#129351; 530514 Cortador Y Pelador De Cables,,, De Red, Redondos, Planos, Utp Y Stp","isPartOf":{"@id":"https:\/\/compuviper.mx\/tienda\/#website"},"datePublished":"2026-04-25T05:11:39+00:00","dateModified":"2026-04-25T05:11:39+00:00","description":"Compra 530514 Cortador Y Pelador De Cables,,, De Red, Redondos, Planos, Utp Y Stp + Env\u00edo a domicilio + Pago seguro + Garant\u00eda","breadcrumb":{"@id":"https:\/\/compuviper.mx\/tienda\/producto\/intellinet-530514-cortador-y-pelador-de-cables-de-red-redondos-planos-utp-y-stp\/#breadcrumb"},"inLanguage":"es-MX","potentialAction":[{"@type":"ReadAction","target":["https:\/\/compuviper.mx\/tienda\/producto\/intellinet-530514-cortador-y-pelador-de-cables-de-red-redondos-planos-utp-y-stp\/"]}]},{"@type":"BreadcrumbList","@id":"https:\/\/compuviper.mx\/tienda\/producto\/intellinet-530514-cortador-y-pelador-de-cables-de-red-redondos-planos-utp-y-stp\/#breadcrumb","itemListElement":[{"@type":"ListItem","position":1,"name":"Inicio","item":"https:\/\/compuviper.mx\/tienda\/"},{"@type":"ListItem","position":2,"name":"Productos","item":"https:\/\/compuviper.mx\/tienda\/productos\/"},{"@type":"ListItem","position":3,"name":"Herramientas","item":"https:\/\/compuviper.mx\/tienda\/categoria-producto\/herramientas\/"},{"@type":"ListItem","position":4,"name":"Sin Categor\u00eda","item":"https:\/\/compuviper.mx\/tienda\/categoria-producto\/herramientas\/sin-categoria\/"},{"@type":"ListItem","position":5,"name":"Intellinet 530514 Cortador Y Pelador De Cables,,, De Red, Redondos, Planos, Utp Y Stp"}]},{"@type":"WebSite","@id":"https:\/\/compuviper.mx\/tienda\/#website","url":"https:\/\/compuviper.mx\/tienda\/","name":"Compuviper","description":"Proveedor de Computadoras, Laptops, Servidores, Monitores, Puntos de Venta, Teclados,   Impresoras, T\u00f3ner, C\u00e1maras de Seguridad y m\u00e1s en tu tienda en l\u00ednea","publisher":{"@id":"https:\/\/compuviper.mx\/tienda\/#organization"},"potentialAction":[{"@type":"SearchAction","target":{"@type":"EntryPoint","urlTemplate":"https:\/\/compuviper.mx\/tienda\/?s={search_term_string}"},"query-input":"required name=search_term_string"}],"inLanguage":"es-MX"},{"@type":"Organization","@id":"https:\/\/compuviper.mx\/tienda\/#organization","name":"Compuviper","url":"https:\/\/compuviper.mx\/tienda\/","logo":{"@type":"ImageObject","inLanguage":"es-MX","@id":"https:\/\/compuviper.mx\/tienda\/#\/schema\/logo\/image\/","url":"https:\/\/compuviper.mx\/tienda\/wp-content\/uploads\/2021\/08\/Logo-Compuviper-10.png","contentUrl":"https:\/\/compuviper.mx\/tienda\/wp-content\/uploads\/2021\/08\/Logo-Compuviper-10.png","width":1000,"height":500,"caption":"Compuviper"},"image":{"@id":"https:\/\/compuviper.mx\/tienda\/#\/schema\/logo\/image\/"},"sameAs":["https:\/\/www.facebook.com\/compuviper","https:\/\/www.youtube.com\/channel\/UCf73dERp9Y3cfOq7q8BhLjA?view_as=subscriber"]}]},"product_brand":"INTELLINET","product_price_amount":"75","product_price_currency":"MXN","og_availability":"instock","product_availability":"instock","product_retailer_item_id":"530514","product_condition":"new"},"_links":{"self":[{"href":"https:\/\/compuviper.mx\/tienda\/wp-json\/wp\/v2\/product\/235413"}],"collection":[{"href":"https:\/\/compuviper.mx\/tienda\/wp-json\/wp\/v2\/product"}],"about":[{"href":"https:\/\/compuviper.mx\/tienda\/wp-json\/wp\/v2\/types\/product"}],"replies":[{"embeddable":true,"href":"https:\/\/compuviper.mx\/tienda\/wp-json\/wp\/v2\/comments?post=235413"}],"wp:featuredmedia":[{"embeddable":true,"href":"https:\/\/compuviper.mx\/tienda\/wp-json\/wp\/v2\/media\/241916"}],"wp:attachment":[{"href":"https:\/\/compuviper.mx\/tienda\/wp-json\/wp\/v2\/media?parent=235413"}],"wp:term":[{"taxonomy":"product_cat","embeddable":true,"href":"https:\/\/compuviper.mx\/tienda\/wp-json\/wp\/v2\/product_cat?post=235413"},{"taxonomy":"product_tag","embeddable":true,"href":"https:\/\/compuviper.mx\/tienda\/wp-json\/wp\/v2\/product_tag?post=235413"}],"curies":[{"name":"wp","href":"https:\/\/api.w.org\/{rel}","templated":true}]}}