{"id":235412,"date":"2026-04-09T23:11:59","date_gmt":"2026-04-10T05:11:59","guid":{"rendered":"https:\/\/compuviper.mx\/tienda\/producto\/intellinet-716345-kit-de-carril-din-ajustable-para-rack-19-2u\/"},"modified":"2026-04-09T23:11:59","modified_gmt":"2026-04-10T05:11:59","slug":"intellinet-716345-kit-de-carril-din-ajustable-para-rack-19-2u","status":"publish","type":"product","link":"https:\/\/compuviper.mx\/tienda\/producto\/intellinet-716345-kit-de-carril-din-ajustable-para-rack-19-2u\/","title":{"rendered":"Intellinet 716345 Kit De Carril Din , , , Ajustable Para Rack 19, 2u"},"content":{"rendered":"<table class=\"descripcion\">\n<tr>\n<td>Est\u00e1ndares y certificaciones<\/td>\n<\/tr>\n<tr>\n<td>Rohs<\/td>\n<\/tr>\n<tr>\n<td>Ansi\/eia 310-e<\/td>\n<\/tr>\n<tr>\n<td>Iec 60297-3<\/td>\n<\/tr>\n<tr>\n<td>Iec\/en 60715<\/td>\n<\/tr>\n<tr>\n<td>General<\/td>\n<\/tr>\n<tr>\n<td>Dimensions (d x w x h): 210 x 487 x 89 mm (8.27 x 19.17 x 3.5 in.); 2u<\/td>\n<\/tr>\n<tr>\n<td>Niveles de ajuste de profundidad: 48\/66\/84\/102\/120\/138\/156\/174 mm (1.9\/2.6\/3.3\/4\/4.7\/5.4\/6.1\/6.9 in.)<\/td>\n<\/tr>\n<tr>\n<td>Peso neto: 1.3 kg (2.87 lbs.)<\/td>\n<\/tr>\n<tr>\n<td>Peso bruto: 1.55 kg (3.42 lbs.)<\/td>\n<\/tr>\n<tr>\n<td>Capacidad de carga m\u00e1xima: 9 kg (20 lbs.)<\/td>\n<\/tr>\n<tr>\n<td>Material: aluminio anodizado de 2 mm<\/td>\n<\/tr>\n<tr>\n<td>Color: negro<\/td>\n<\/tr>\n<tr>\n<td>Contenidos del empaque<\/td>\n<\/tr>\n<tr>\n<td>Kit de carril din ajustable para rack de 19, 2u<\/td>\n<\/tr>\n<tr>\n<td>Carril din (instalado)<\/td>\n<\/tr>\n<tr>\n<td>Juego de tuercas enjauladas para equipos de montaje en rack de 19 (4 tornillos m6x12, 4 tuercas enjauladas m6x12, 4 arandelas de pl\u00e1stico)<\/td>\n<\/tr>\n<tr>\n<td>Cuatro tornillos de cabeza plana m4x8<\/td>\n<\/tr>\n<\/table>\n","protected":false},"excerpt":{"rendered":"<p>Kit de montaje en rack de carril din ajustable en profundidad para instalar f\u00e1cilmente un equipo de perfil alto en un gabinete de 19 pulgadas. El kit ajustable de carril din para rack de 19, 2u de intellinet network solutions permite una integraci\u00f3n perfecta de tu equipo de carril din en un gabinete de red de 19 pulgadas, un rack abierto o un gabinete de servidor. Adapta tu espacio con el ajuste de profundidad. Con ocho niveles ajustables que van de 48 a 174 mm, se adapta a un amplio espectro de productos. Ya se trate de switches poe industriales, convertidores de medios, fuentes de alimentaci\u00f3n, interruptores autom\u00e1ticos, bloques de terminales, etc., este kit se adapta a tus necesidades. Cumplimiento y compatibilidad. Cumple con los est\u00e1ndares eia 310 \/ iec 60297 y se adapta a todos los racks est\u00e1ndar de 19 pulg. \/ 482.6 mm est\u00e1ndar. El ra\u00edl din, conforme a las normas iec\/en 60715, garantiza un ajuste perfecto para tus equipos. Construcci\u00f3n resistente dise\u00f1ada para durar. Fabricado con aluminio anodizado de alta resistencia de 2 mm de espesor, este kit est\u00e1 construido para resistir el paso del tiempo. Ofrece una gran resistencia y estabilidad, proporcionando una capacidad de carga m\u00e1xima de 9 kg (20 lbs.). Est\u00e1 incluido todo lo que necesitas. Te proporcionamos un paquete que incluye cuatro tornillos m6x12, cuatro tuercas enjauladas m6 y cuatro arandelas de pl\u00e1stico m6 para montaje en 19 y as\u00ed solamente necesitar\u00e1s sacarlo de la caja. Chasis para montaje en rack con carril din de perfil alto para instalar f\u00e1cilmente cualquier equipo de 35 mm (0.79) en un gabinete de red o servidor de 19 pulgadas (48 cm. Profundidad ajustable en ocho niveles de 48 a 174 mm para adaptarse a una amplia gama de productos. Ideal para equipos de carril din como switches poe industriales, convertidores de medios, fuentes de alimentaci\u00f3n, interruptores autom\u00e1ticos, bloques de terminales, etc. Conforme a iec 60297 \/ eia 310; compatible con todos los racks est\u00e1ndar de 19 pulg. \/ 482,6 mm. Carril din conforme a la norma iec\/en 60715. Construcci\u00f3n resistente con aluminio anodizado de 2 mm de espesor. Capacidad m\u00e1xima de carga: 9 kg (20 lbs.. Incluye los accesorios de montaje de 19, cuatro tornillos m6x12, cuatro tuercas enjauladas m6 y cuatro arandelas de pl\u00e1stico m6<\/p>\n","protected":false},"featured_media":241915,"comment_status":"open","ping_status":"open","template":"","meta":[],"product_cat":[1485,1488],"product_tag":[1489],"acf":[],"yoast_head":"<!-- This site is optimized with the Yoast SEO plugin v21.7 - https:\/\/yoast.com\/wordpress\/plugins\/seo\/ -->\n<title>[ Intellinet ] &#129351; 716345 Kit De Carril Din , , , Ajustable Para Rack 19, 2u<\/title>\n<meta name=\"description\" content=\"Compra 716345 Kit De Carril Din , , , Ajustable Para Rack 19, 2u + Env\u00edo a domicilio + Pago seguro + Garant\u00eda\" \/>\n<meta name=\"robots\" content=\"index, follow, max-snippet:-1, max-image-preview:large, max-video-preview:-1\" \/>\n<link rel=\"canonical\" href=\"https:\/\/compuviper.mx\/tienda\/producto\/intellinet-716345-kit-de-carril-din-ajustable-para-rack-19-2u\/\" \/>\n<meta property=\"og:locale\" content=\"es_MX\" \/>\n<meta property=\"og:type\" content=\"article\" \/>\n<meta property=\"og:title\" content=\"[ Intellinet ] &#129351; 716345 Kit De Carril Din , , , Ajustable Para Rack 19, 2u\" \/>\n<meta property=\"og:description\" content=\"Compra 716345 Kit De Carril Din , , , Ajustable Para Rack 19, 2u + Env\u00edo a domicilio + Pago seguro + Garant\u00eda\" \/>\n<meta property=\"og:url\" content=\"https:\/\/compuviper.mx\/tienda\/producto\/intellinet-716345-kit-de-carril-din-ajustable-para-rack-19-2u\/\" \/>\n<meta property=\"og:site_name\" content=\"Compuviper\" \/>\n<meta property=\"article:publisher\" content=\"https:\/\/www.facebook.com\/compuviper\" \/>\n<meta property=\"og:image\" content=\"https:\/\/compuviper.mx\/tienda\/wp-content\/uploads\/2024\/09\/Kit-de-carril-din-intellinet-716345-ajustable-para-rack-19-2u.jpg\" \/>\n\t<meta property=\"og:image:width\" content=\"200\" \/>\n\t<meta property=\"og:image:height\" content=\"200\" \/>\n\t<meta property=\"og:image:type\" content=\"image\/jpeg\" \/>\n<meta name=\"twitter:card\" content=\"summary_large_image\" \/>\n<meta name=\"twitter:label1\" content=\"Precio\" \/>\n\t<meta name=\"twitter:data1\" content=\"&#36;452 con IVA\" \/>\n\t<meta name=\"twitter:label2\" content=\"Availability\" \/>\n\t<meta name=\"twitter:data2\" content=\"Out of stock\" \/>\n<script type=\"application\/ld+json\" class=\"yoast-schema-graph\">{\"@context\":\"https:\/\/schema.org\",\"@graph\":[{\"@type\":\"WebPage\",\"@id\":\"https:\/\/compuviper.mx\/tienda\/producto\/intellinet-716345-kit-de-carril-din-ajustable-para-rack-19-2u\/\",\"url\":\"https:\/\/compuviper.mx\/tienda\/producto\/intellinet-716345-kit-de-carril-din-ajustable-para-rack-19-2u\/\",\"name\":\"[ Intellinet ] &#129351; 716345 Kit De Carril Din , , , Ajustable Para Rack 19, 2u\",\"isPartOf\":{\"@id\":\"https:\/\/compuviper.mx\/tienda\/#website\"},\"datePublished\":\"2026-04-10T05:11:59+00:00\",\"dateModified\":\"2026-04-10T05:11:59+00:00\",\"description\":\"Compra 716345 Kit De Carril Din , , , Ajustable Para Rack 19, 2u + Env\u00edo a domicilio + Pago seguro + Garant\u00eda\",\"breadcrumb\":{\"@id\":\"https:\/\/compuviper.mx\/tienda\/producto\/intellinet-716345-kit-de-carril-din-ajustable-para-rack-19-2u\/#breadcrumb\"},\"inLanguage\":\"es-MX\",\"potentialAction\":[{\"@type\":\"ReadAction\",\"target\":[\"https:\/\/compuviper.mx\/tienda\/producto\/intellinet-716345-kit-de-carril-din-ajustable-para-rack-19-2u\/\"]}]},{\"@type\":\"BreadcrumbList\",\"@id\":\"https:\/\/compuviper.mx\/tienda\/producto\/intellinet-716345-kit-de-carril-din-ajustable-para-rack-19-2u\/#breadcrumb\",\"itemListElement\":[{\"@type\":\"ListItem\",\"position\":1,\"name\":\"Inicio\",\"item\":\"https:\/\/compuviper.mx\/tienda\/\"},{\"@type\":\"ListItem\",\"position\":2,\"name\":\"Productos\",\"item\":\"https:\/\/compuviper.mx\/tienda\/productos\/\"},{\"@type\":\"ListItem\",\"position\":3,\"name\":\"Accesorios\",\"item\":\"https:\/\/compuviper.mx\/tienda\/categoria-producto\/accesorios\/\"},{\"@type\":\"ListItem\",\"position\":4,\"name\":\"Rack\",\"item\":\"https:\/\/compuviper.mx\/tienda\/categoria-producto\/accesorios\/rack\/\"},{\"@type\":\"ListItem\",\"position\":5,\"name\":\"Intellinet 716345 Kit De Carril Din , , , Ajustable Para Rack 19, 2u\"}]},{\"@type\":\"WebSite\",\"@id\":\"https:\/\/compuviper.mx\/tienda\/#website\",\"url\":\"https:\/\/compuviper.mx\/tienda\/\",\"name\":\"Compuviper\",\"description\":\"Proveedor de Computadoras, Laptops, Servidores, Monitores, Puntos de Venta, Teclados,   Impresoras, T\u00f3ner, C\u00e1maras de Seguridad y m\u00e1s en tu tienda en l\u00ednea\",\"publisher\":{\"@id\":\"https:\/\/compuviper.mx\/tienda\/#organization\"},\"potentialAction\":[{\"@type\":\"SearchAction\",\"target\":{\"@type\":\"EntryPoint\",\"urlTemplate\":\"https:\/\/compuviper.mx\/tienda\/?s={search_term_string}\"},\"query-input\":\"required name=search_term_string\"}],\"inLanguage\":\"es-MX\"},{\"@type\":\"Organization\",\"@id\":\"https:\/\/compuviper.mx\/tienda\/#organization\",\"name\":\"Compuviper\",\"url\":\"https:\/\/compuviper.mx\/tienda\/\",\"logo\":{\"@type\":\"ImageObject\",\"inLanguage\":\"es-MX\",\"@id\":\"https:\/\/compuviper.mx\/tienda\/#\/schema\/logo\/image\/\",\"url\":\"https:\/\/compuviper.mx\/tienda\/wp-content\/uploads\/2021\/08\/Logo-Compuviper-10.png\",\"contentUrl\":\"https:\/\/compuviper.mx\/tienda\/wp-content\/uploads\/2021\/08\/Logo-Compuviper-10.png\",\"width\":1000,\"height\":500,\"caption\":\"Compuviper\"},\"image\":{\"@id\":\"https:\/\/compuviper.mx\/tienda\/#\/schema\/logo\/image\/\"},\"sameAs\":[\"https:\/\/www.facebook.com\/compuviper\",\"https:\/\/www.youtube.com\/channel\/UCf73dERp9Y3cfOq7q8BhLjA?view_as=subscriber\"]}]}<\/script>\n<meta property=\"product:brand\" content=\"INTELLINET\" \/>\n<meta property=\"product:price:amount\" content=\"452\" \/>\n<meta property=\"product:price:currency\" content=\"MXN\" \/>\n<meta property=\"og:availability\" content=\"out of stock\" \/>\n<meta property=\"product:availability\" content=\"out of stock\" \/>\n<meta property=\"product:retailer_item_id\" content=\"716345\" \/>\n<meta property=\"product:condition\" content=\"new\" \/>\n<!-- \/ Yoast SEO plugin. -->","yoast_head_json":{"title":"[ Intellinet ] &#129351; 716345 Kit De Carril Din , , , Ajustable Para Rack 19, 2u","description":"Compra 716345 Kit De Carril Din , , , Ajustable Para Rack 19, 2u + Env\u00edo a domicilio + Pago seguro + Garant\u00eda","robots":{"index":"index","follow":"follow","max-snippet":"max-snippet:-1","max-image-preview":"max-image-preview:large","max-video-preview":"max-video-preview:-1"},"canonical":"https:\/\/compuviper.mx\/tienda\/producto\/intellinet-716345-kit-de-carril-din-ajustable-para-rack-19-2u\/","og_locale":"es_MX","og_type":"article","og_title":"[ Intellinet ] &#129351; 716345 Kit De Carril Din , , , Ajustable Para Rack 19, 2u","og_description":"Compra 716345 Kit De Carril Din , , , Ajustable Para Rack 19, 2u + Env\u00edo a domicilio + Pago seguro + Garant\u00eda","og_url":"https:\/\/compuviper.mx\/tienda\/producto\/intellinet-716345-kit-de-carril-din-ajustable-para-rack-19-2u\/","og_site_name":"Compuviper","article_publisher":"https:\/\/www.facebook.com\/compuviper","og_image":[{"width":200,"height":200,"url":"https:\/\/compuviper.mx\/tienda\/wp-content\/uploads\/2024\/09\/Kit-de-carril-din-intellinet-716345-ajustable-para-rack-19-2u.jpg","type":"image\/jpeg"}],"twitter_card":"summary_large_image","twitter_misc":{"Precio":"&#36;452 con IVA","Availability":"Out of stock"},"schema":{"@context":"https:\/\/schema.org","@graph":[{"@type":"WebPage","@id":"https:\/\/compuviper.mx\/tienda\/producto\/intellinet-716345-kit-de-carril-din-ajustable-para-rack-19-2u\/","url":"https:\/\/compuviper.mx\/tienda\/producto\/intellinet-716345-kit-de-carril-din-ajustable-para-rack-19-2u\/","name":"[ Intellinet ] &#129351; 716345 Kit De Carril Din , , , Ajustable Para Rack 19, 2u","isPartOf":{"@id":"https:\/\/compuviper.mx\/tienda\/#website"},"datePublished":"2026-04-10T05:11:59+00:00","dateModified":"2026-04-10T05:11:59+00:00","description":"Compra 716345 Kit De Carril Din , , , Ajustable Para Rack 19, 2u + Env\u00edo a domicilio + Pago seguro + Garant\u00eda","breadcrumb":{"@id":"https:\/\/compuviper.mx\/tienda\/producto\/intellinet-716345-kit-de-carril-din-ajustable-para-rack-19-2u\/#breadcrumb"},"inLanguage":"es-MX","potentialAction":[{"@type":"ReadAction","target":["https:\/\/compuviper.mx\/tienda\/producto\/intellinet-716345-kit-de-carril-din-ajustable-para-rack-19-2u\/"]}]},{"@type":"BreadcrumbList","@id":"https:\/\/compuviper.mx\/tienda\/producto\/intellinet-716345-kit-de-carril-din-ajustable-para-rack-19-2u\/#breadcrumb","itemListElement":[{"@type":"ListItem","position":1,"name":"Inicio","item":"https:\/\/compuviper.mx\/tienda\/"},{"@type":"ListItem","position":2,"name":"Productos","item":"https:\/\/compuviper.mx\/tienda\/productos\/"},{"@type":"ListItem","position":3,"name":"Accesorios","item":"https:\/\/compuviper.mx\/tienda\/categoria-producto\/accesorios\/"},{"@type":"ListItem","position":4,"name":"Rack","item":"https:\/\/compuviper.mx\/tienda\/categoria-producto\/accesorios\/rack\/"},{"@type":"ListItem","position":5,"name":"Intellinet 716345 Kit De Carril Din , , , Ajustable Para Rack 19, 2u"}]},{"@type":"WebSite","@id":"https:\/\/compuviper.mx\/tienda\/#website","url":"https:\/\/compuviper.mx\/tienda\/","name":"Compuviper","description":"Proveedor de Computadoras, Laptops, Servidores, Monitores, Puntos de Venta, Teclados,   Impresoras, T\u00f3ner, C\u00e1maras de Seguridad y m\u00e1s en tu tienda en l\u00ednea","publisher":{"@id":"https:\/\/compuviper.mx\/tienda\/#organization"},"potentialAction":[{"@type":"SearchAction","target":{"@type":"EntryPoint","urlTemplate":"https:\/\/compuviper.mx\/tienda\/?s={search_term_string}"},"query-input":"required name=search_term_string"}],"inLanguage":"es-MX"},{"@type":"Organization","@id":"https:\/\/compuviper.mx\/tienda\/#organization","name":"Compuviper","url":"https:\/\/compuviper.mx\/tienda\/","logo":{"@type":"ImageObject","inLanguage":"es-MX","@id":"https:\/\/compuviper.mx\/tienda\/#\/schema\/logo\/image\/","url":"https:\/\/compuviper.mx\/tienda\/wp-content\/uploads\/2021\/08\/Logo-Compuviper-10.png","contentUrl":"https:\/\/compuviper.mx\/tienda\/wp-content\/uploads\/2021\/08\/Logo-Compuviper-10.png","width":1000,"height":500,"caption":"Compuviper"},"image":{"@id":"https:\/\/compuviper.mx\/tienda\/#\/schema\/logo\/image\/"},"sameAs":["https:\/\/www.facebook.com\/compuviper","https:\/\/www.youtube.com\/channel\/UCf73dERp9Y3cfOq7q8BhLjA?view_as=subscriber"]}]},"product_brand":"INTELLINET","product_price_amount":"452","product_price_currency":"MXN","og_availability":"out of stock","product_availability":"out of stock","product_retailer_item_id":"716345","product_condition":"new"},"_links":{"self":[{"href":"https:\/\/compuviper.mx\/tienda\/wp-json\/wp\/v2\/product\/235412"}],"collection":[{"href":"https:\/\/compuviper.mx\/tienda\/wp-json\/wp\/v2\/product"}],"about":[{"href":"https:\/\/compuviper.mx\/tienda\/wp-json\/wp\/v2\/types\/product"}],"replies":[{"embeddable":true,"href":"https:\/\/compuviper.mx\/tienda\/wp-json\/wp\/v2\/comments?post=235412"}],"wp:featuredmedia":[{"embeddable":true,"href":"https:\/\/compuviper.mx\/tienda\/wp-json\/wp\/v2\/media\/241915"}],"wp:attachment":[{"href":"https:\/\/compuviper.mx\/tienda\/wp-json\/wp\/v2\/media?parent=235412"}],"wp:term":[{"taxonomy":"product_cat","embeddable":true,"href":"https:\/\/compuviper.mx\/tienda\/wp-json\/wp\/v2\/product_cat?post=235412"},{"taxonomy":"product_tag","embeddable":true,"href":"https:\/\/compuviper.mx\/tienda\/wp-json\/wp\/v2\/product_tag?post=235412"}],"curies":[{"name":"wp","href":"https:\/\/api.w.org\/{rel}","templated":true}]}}