{"id":235411,"date":"2026-04-15T23:11:10","date_gmt":"2026-04-16T05:11:10","guid":{"rendered":"https:\/\/compuviper.mx\/tienda\/producto\/intellinet-790604-plug-rj45-cat-6-utp-solido-90-pzas\/"},"modified":"2026-04-15T23:11:10","modified_gmt":"2026-04-16T05:11:10","slug":"intellinet-790604-plug-rj45-cat-6-utp-solido-90-pzas","status":"publish","type":"product","link":"https:\/\/compuviper.mx\/tienda\/producto\/intellinet-790604-plug-rj45-cat-6-utp-solido-90-pzas\/","title":{"rendered":"Intellinet 790604 Plug Rj45 , ,  , Cat 6 Utp Solido 90 Pzas"},"content":{"rendered":"<table class=\"descripcion\">\n<tr>\n<td>Est\u00e1ndar<\/td>\n<\/tr>\n<tr>\n<td>Categor\u00eda 5 (ansi\/tia\/eia-568-c)<\/td>\n<\/tr>\n<tr>\n<td>Categor\u00eda 5e (tia\/eia-568-c)<\/td>\n<\/tr>\n<tr>\n<td>Categor\u00eda 6 (ansi\/tia-568-c)<\/td>\n<\/tr>\n<tr>\n<td>Material<\/td>\n<\/tr>\n<tr>\n<td>Aislante: policarbonato catalogado ul 94v-2<\/td>\n<\/tr>\n<tr>\n<td>Contactos: f\u00f3sforo bronce<\/td>\n<\/tr>\n<tr>\n<td>Chapado de los contactos: 15 micras de oro<\/td>\n<\/tr>\n<tr>\n<td>Contenido del empaque<\/td>\n<\/tr>\n<tr>\n<td>Bote de 90 plugs rj45 con gu\u00edas, cat 6<\/td>\n<\/tr>\n<\/table>\n","protected":false},"excerpt":{"rendered":"<p>Los plugs modulares intellinet rj45 de 8 posiciones, 8 contactos (8p8c) brindan a nuestros clientes opciones para cables cat 5e, cat 6 y cat 6a en variedades blindadas y sin blindar. Ofrecemos contactos con 15 micras de oro para nuestros plugs est\u00e1ndar o un est\u00e1ndar de alta calidad con 50 micras en nuestras l\u00edneas premium y pro. Plug modular rj45 cat 6. Contactos con chapa de oro de 15?. Terminal de 3 puntas para cable s\u00f3lido. Admite 24 a 26 awg. Ajuste para cable redondo. Para aplicaciones en par trenzado sin blindar. Dise\u00f1o estandar 8p8c, compatible con todas las conexiones rj45. Completamente compatible con las especificaciones de las categor\u00edas 3, 4, 5, 5e y 6<\/p>\n","protected":false},"featured_media":241914,"comment_status":"open","ping_status":"open","template":"","meta":[],"product_cat":[1485,1504],"product_tag":[1489],"acf":[],"yoast_head":"<!-- This site is optimized with the Yoast SEO plugin v21.7 - https:\/\/yoast.com\/wordpress\/plugins\/seo\/ -->\n<title>[ Intellinet ] &#129351; 790604 Plug Rj45 , , , Cat 6 Utp Solido 90 Pzas<\/title>\n<meta name=\"description\" content=\"Compra 790604 Plug Rj45 , , , Cat 6 Utp Solido 90 Pzas + Env\u00edo a domicilio + Pago seguro + Garant\u00eda\" \/>\n<meta name=\"robots\" content=\"index, follow, max-snippet:-1, max-image-preview:large, max-video-preview:-1\" \/>\n<link rel=\"canonical\" href=\"https:\/\/compuviper.mx\/tienda\/producto\/intellinet-790604-plug-rj45-cat-6-utp-solido-90-pzas\/\" \/>\n<meta property=\"og:locale\" content=\"es_MX\" \/>\n<meta property=\"og:type\" content=\"article\" \/>\n<meta property=\"og:title\" content=\"[ Intellinet ] &#129351; 790604 Plug Rj45 , , , Cat 6 Utp Solido 90 Pzas\" \/>\n<meta property=\"og:description\" content=\"Compra 790604 Plug Rj45 , , , Cat 6 Utp Solido 90 Pzas + Env\u00edo a domicilio + Pago seguro + Garant\u00eda\" \/>\n<meta property=\"og:url\" content=\"https:\/\/compuviper.mx\/tienda\/producto\/intellinet-790604-plug-rj45-cat-6-utp-solido-90-pzas\/\" \/>\n<meta property=\"og:site_name\" content=\"Compuviper\" \/>\n<meta property=\"article:publisher\" content=\"https:\/\/www.facebook.com\/compuviper\" \/>\n<meta property=\"og:image\" content=\"https:\/\/compuviper.mx\/tienda\/wp-content\/uploads\/2024\/09\/Plug-rj45-intellinet-790604-cat-6-utp-solido-90-pzas.jpg\" \/>\n\t<meta property=\"og:image:width\" content=\"200\" \/>\n\t<meta property=\"og:image:height\" content=\"200\" \/>\n\t<meta property=\"og:image:type\" content=\"image\/jpeg\" \/>\n<meta name=\"twitter:card\" content=\"summary_large_image\" \/>\n<meta name=\"twitter:label1\" content=\"Precio\" \/>\n\t<meta name=\"twitter:data1\" content=\"&#36;506 con IVA\" \/>\n\t<meta name=\"twitter:label2\" content=\"Availability\" \/>\n\t<meta name=\"twitter:data2\" content=\"On backorder\" \/>\n<script type=\"application\/ld+json\" class=\"yoast-schema-graph\">{\"@context\":\"https:\/\/schema.org\",\"@graph\":[{\"@type\":\"WebPage\",\"@id\":\"https:\/\/compuviper.mx\/tienda\/producto\/intellinet-790604-plug-rj45-cat-6-utp-solido-90-pzas\/\",\"url\":\"https:\/\/compuviper.mx\/tienda\/producto\/intellinet-790604-plug-rj45-cat-6-utp-solido-90-pzas\/\",\"name\":\"[ Intellinet ] &#129351; 790604 Plug Rj45 , , , Cat 6 Utp Solido 90 Pzas\",\"isPartOf\":{\"@id\":\"https:\/\/compuviper.mx\/tienda\/#website\"},\"datePublished\":\"2026-04-16T05:11:10+00:00\",\"dateModified\":\"2026-04-16T05:11:10+00:00\",\"description\":\"Compra 790604 Plug Rj45 , , , Cat 6 Utp Solido 90 Pzas + Env\u00edo a domicilio + Pago seguro + Garant\u00eda\",\"breadcrumb\":{\"@id\":\"https:\/\/compuviper.mx\/tienda\/producto\/intellinet-790604-plug-rj45-cat-6-utp-solido-90-pzas\/#breadcrumb\"},\"inLanguage\":\"es-MX\",\"potentialAction\":[{\"@type\":\"ReadAction\",\"target\":[\"https:\/\/compuviper.mx\/tienda\/producto\/intellinet-790604-plug-rj45-cat-6-utp-solido-90-pzas\/\"]}]},{\"@type\":\"BreadcrumbList\",\"@id\":\"https:\/\/compuviper.mx\/tienda\/producto\/intellinet-790604-plug-rj45-cat-6-utp-solido-90-pzas\/#breadcrumb\",\"itemListElement\":[{\"@type\":\"ListItem\",\"position\":1,\"name\":\"Inicio\",\"item\":\"https:\/\/compuviper.mx\/tienda\/\"},{\"@type\":\"ListItem\",\"position\":2,\"name\":\"Productos\",\"item\":\"https:\/\/compuviper.mx\/tienda\/productos\/\"},{\"@type\":\"ListItem\",\"position\":3,\"name\":\"Accesorios\",\"item\":\"https:\/\/compuviper.mx\/tienda\/categoria-producto\/accesorios\/\"},{\"@type\":\"ListItem\",\"position\":4,\"name\":\"Jacks\",\"item\":\"https:\/\/compuviper.mx\/tienda\/categoria-producto\/accesorios\/jacks\/\"},{\"@type\":\"ListItem\",\"position\":5,\"name\":\"Intellinet 790604 Plug Rj45 , , , Cat 6 Utp Solido 90 Pzas\"}]},{\"@type\":\"WebSite\",\"@id\":\"https:\/\/compuviper.mx\/tienda\/#website\",\"url\":\"https:\/\/compuviper.mx\/tienda\/\",\"name\":\"Compuviper\",\"description\":\"Proveedor de Computadoras, Laptops, Servidores, Monitores, Puntos de Venta, Teclados,   Impresoras, T\u00f3ner, C\u00e1maras de Seguridad y m\u00e1s en tu tienda en l\u00ednea\",\"publisher\":{\"@id\":\"https:\/\/compuviper.mx\/tienda\/#organization\"},\"potentialAction\":[{\"@type\":\"SearchAction\",\"target\":{\"@type\":\"EntryPoint\",\"urlTemplate\":\"https:\/\/compuviper.mx\/tienda\/?s={search_term_string}\"},\"query-input\":\"required name=search_term_string\"}],\"inLanguage\":\"es-MX\"},{\"@type\":\"Organization\",\"@id\":\"https:\/\/compuviper.mx\/tienda\/#organization\",\"name\":\"Compuviper\",\"url\":\"https:\/\/compuviper.mx\/tienda\/\",\"logo\":{\"@type\":\"ImageObject\",\"inLanguage\":\"es-MX\",\"@id\":\"https:\/\/compuviper.mx\/tienda\/#\/schema\/logo\/image\/\",\"url\":\"https:\/\/compuviper.mx\/tienda\/wp-content\/uploads\/2021\/08\/Logo-Compuviper-10.png\",\"contentUrl\":\"https:\/\/compuviper.mx\/tienda\/wp-content\/uploads\/2021\/08\/Logo-Compuviper-10.png\",\"width\":1000,\"height\":500,\"caption\":\"Compuviper\"},\"image\":{\"@id\":\"https:\/\/compuviper.mx\/tienda\/#\/schema\/logo\/image\/\"},\"sameAs\":[\"https:\/\/www.facebook.com\/compuviper\",\"https:\/\/www.youtube.com\/channel\/UCf73dERp9Y3cfOq7q8BhLjA?view_as=subscriber\"]}]}<\/script>\n<meta property=\"product:brand\" content=\"INTELLINET\" \/>\n<meta property=\"product:price:amount\" content=\"506\" \/>\n<meta property=\"product:price:currency\" content=\"MXN\" \/>\n<meta property=\"og:availability\" content=\"backorder\" \/>\n<meta property=\"product:availability\" content=\"available for order\" \/>\n<meta property=\"product:retailer_item_id\" content=\"790604\" \/>\n<meta property=\"product:condition\" content=\"new\" \/>\n<!-- \/ Yoast SEO plugin. -->","yoast_head_json":{"title":"[ Intellinet ] &#129351; 790604 Plug Rj45 , , , Cat 6 Utp Solido 90 Pzas","description":"Compra 790604 Plug Rj45 , , , Cat 6 Utp Solido 90 Pzas + Env\u00edo a domicilio + Pago seguro + Garant\u00eda","robots":{"index":"index","follow":"follow","max-snippet":"max-snippet:-1","max-image-preview":"max-image-preview:large","max-video-preview":"max-video-preview:-1"},"canonical":"https:\/\/compuviper.mx\/tienda\/producto\/intellinet-790604-plug-rj45-cat-6-utp-solido-90-pzas\/","og_locale":"es_MX","og_type":"article","og_title":"[ Intellinet ] &#129351; 790604 Plug Rj45 , , , Cat 6 Utp Solido 90 Pzas","og_description":"Compra 790604 Plug Rj45 , , , Cat 6 Utp Solido 90 Pzas + Env\u00edo a domicilio + Pago seguro + Garant\u00eda","og_url":"https:\/\/compuviper.mx\/tienda\/producto\/intellinet-790604-plug-rj45-cat-6-utp-solido-90-pzas\/","og_site_name":"Compuviper","article_publisher":"https:\/\/www.facebook.com\/compuviper","og_image":[{"width":200,"height":200,"url":"https:\/\/compuviper.mx\/tienda\/wp-content\/uploads\/2024\/09\/Plug-rj45-intellinet-790604-cat-6-utp-solido-90-pzas.jpg","type":"image\/jpeg"}],"twitter_card":"summary_large_image","twitter_misc":{"Precio":"&#36;506 con IVA","Availability":"On backorder"},"schema":{"@context":"https:\/\/schema.org","@graph":[{"@type":"WebPage","@id":"https:\/\/compuviper.mx\/tienda\/producto\/intellinet-790604-plug-rj45-cat-6-utp-solido-90-pzas\/","url":"https:\/\/compuviper.mx\/tienda\/producto\/intellinet-790604-plug-rj45-cat-6-utp-solido-90-pzas\/","name":"[ Intellinet ] &#129351; 790604 Plug Rj45 , , , Cat 6 Utp Solido 90 Pzas","isPartOf":{"@id":"https:\/\/compuviper.mx\/tienda\/#website"},"datePublished":"2026-04-16T05:11:10+00:00","dateModified":"2026-04-16T05:11:10+00:00","description":"Compra 790604 Plug Rj45 , , , Cat 6 Utp Solido 90 Pzas + Env\u00edo a domicilio + Pago seguro + Garant\u00eda","breadcrumb":{"@id":"https:\/\/compuviper.mx\/tienda\/producto\/intellinet-790604-plug-rj45-cat-6-utp-solido-90-pzas\/#breadcrumb"},"inLanguage":"es-MX","potentialAction":[{"@type":"ReadAction","target":["https:\/\/compuviper.mx\/tienda\/producto\/intellinet-790604-plug-rj45-cat-6-utp-solido-90-pzas\/"]}]},{"@type":"BreadcrumbList","@id":"https:\/\/compuviper.mx\/tienda\/producto\/intellinet-790604-plug-rj45-cat-6-utp-solido-90-pzas\/#breadcrumb","itemListElement":[{"@type":"ListItem","position":1,"name":"Inicio","item":"https:\/\/compuviper.mx\/tienda\/"},{"@type":"ListItem","position":2,"name":"Productos","item":"https:\/\/compuviper.mx\/tienda\/productos\/"},{"@type":"ListItem","position":3,"name":"Accesorios","item":"https:\/\/compuviper.mx\/tienda\/categoria-producto\/accesorios\/"},{"@type":"ListItem","position":4,"name":"Jacks","item":"https:\/\/compuviper.mx\/tienda\/categoria-producto\/accesorios\/jacks\/"},{"@type":"ListItem","position":5,"name":"Intellinet 790604 Plug Rj45 , , , Cat 6 Utp Solido 90 Pzas"}]},{"@type":"WebSite","@id":"https:\/\/compuviper.mx\/tienda\/#website","url":"https:\/\/compuviper.mx\/tienda\/","name":"Compuviper","description":"Proveedor de Computadoras, Laptops, Servidores, Monitores, Puntos de Venta, Teclados,   Impresoras, T\u00f3ner, C\u00e1maras de Seguridad y m\u00e1s en tu tienda en l\u00ednea","publisher":{"@id":"https:\/\/compuviper.mx\/tienda\/#organization"},"potentialAction":[{"@type":"SearchAction","target":{"@type":"EntryPoint","urlTemplate":"https:\/\/compuviper.mx\/tienda\/?s={search_term_string}"},"query-input":"required name=search_term_string"}],"inLanguage":"es-MX"},{"@type":"Organization","@id":"https:\/\/compuviper.mx\/tienda\/#organization","name":"Compuviper","url":"https:\/\/compuviper.mx\/tienda\/","logo":{"@type":"ImageObject","inLanguage":"es-MX","@id":"https:\/\/compuviper.mx\/tienda\/#\/schema\/logo\/image\/","url":"https:\/\/compuviper.mx\/tienda\/wp-content\/uploads\/2021\/08\/Logo-Compuviper-10.png","contentUrl":"https:\/\/compuviper.mx\/tienda\/wp-content\/uploads\/2021\/08\/Logo-Compuviper-10.png","width":1000,"height":500,"caption":"Compuviper"},"image":{"@id":"https:\/\/compuviper.mx\/tienda\/#\/schema\/logo\/image\/"},"sameAs":["https:\/\/www.facebook.com\/compuviper","https:\/\/www.youtube.com\/channel\/UCf73dERp9Y3cfOq7q8BhLjA?view_as=subscriber"]}]},"product_brand":"INTELLINET","product_price_amount":"506","product_price_currency":"MXN","og_availability":"backorder","product_availability":"available for order","product_retailer_item_id":"790604","product_condition":"new"},"_links":{"self":[{"href":"https:\/\/compuviper.mx\/tienda\/wp-json\/wp\/v2\/product\/235411"}],"collection":[{"href":"https:\/\/compuviper.mx\/tienda\/wp-json\/wp\/v2\/product"}],"about":[{"href":"https:\/\/compuviper.mx\/tienda\/wp-json\/wp\/v2\/types\/product"}],"replies":[{"embeddable":true,"href":"https:\/\/compuviper.mx\/tienda\/wp-json\/wp\/v2\/comments?post=235411"}],"wp:featuredmedia":[{"embeddable":true,"href":"https:\/\/compuviper.mx\/tienda\/wp-json\/wp\/v2\/media\/241914"}],"wp:attachment":[{"href":"https:\/\/compuviper.mx\/tienda\/wp-json\/wp\/v2\/media?parent=235411"}],"wp:term":[{"taxonomy":"product_cat","embeddable":true,"href":"https:\/\/compuviper.mx\/tienda\/wp-json\/wp\/v2\/product_cat?post=235411"},{"taxonomy":"product_tag","embeddable":true,"href":"https:\/\/compuviper.mx\/tienda\/wp-json\/wp\/v2\/product_tag?post=235411"}],"curies":[{"name":"wp","href":"https:\/\/api.w.org\/{rel}","templated":true}]}}