{"id":235409,"date":"2026-04-24T23:11:37","date_gmt":"2026-04-25T05:11:37","guid":{"rendered":"https:\/\/compuviper.mx\/tienda\/producto\/manhattan-180917-gabinete-de-carga-de-10-contactos-de-corriente-alterna\/"},"modified":"2026-04-24T23:11:38","modified_gmt":"2026-04-25T05:11:38","slug":"manhattan-180917-gabinete-de-carga-de-10-contactos-de-corriente-alterna","status":"publish","type":"product","link":"https:\/\/compuviper.mx\/tienda\/producto\/manhattan-180917-gabinete-de-carga-de-10-contactos-de-corriente-alterna\/","title":{"rendered":"Manhattan 180917 Gabinete De Carga,,, De 10 Contactos De Corriente Alterna"},"content":{"rendered":"<table class=\"descripcion\">\n<tr>\n<td>Est\u00e1ndares y certificaciones<\/td>\n<\/tr>\n<tr>\n<td>Ul<\/td>\n<\/tr>\n<tr>\n<td>Ce<\/td>\n<\/tr>\n<tr>\n<td>Rohs<\/td>\n<\/tr>\n<tr>\n<td>Reach<\/td>\n<\/tr>\n<tr>\n<td>El\u00e9ctrico<\/td>\n<\/tr>\n<tr>\n<td>Entrada ca: 120.0 v; 15.0 a; 60 hz; c14<\/td>\n<\/tr>\n<tr>\n<td>Enchufe\/toma de corriente est\u00e1ndar: us nema 5-15r<\/td>\n<\/tr>\n<tr>\n<td>Caracter\u00edsticas de protecci\u00f3n<\/td>\n<\/tr>\n<tr>\n<td>Cortocircuito (scp) con modo de recuperaci\u00f3n autom\u00e1tica<\/td>\n<\/tr>\n<tr>\n<td>Sobrevoltaje (ovp) con modo de autorecuperaci\u00f3n<\/td>\n<\/tr>\n<tr>\n<td>Sobrecorriente (ocp) \u0097 l\u00edmite de corriente: 150% (m\u00e1x.)<\/td>\n<\/tr>\n<tr>\n<td>Caracter\u00edsticas f\u00edsicas<\/td>\n<\/tr>\n<tr>\n<td>Carcasa: acero laminado en fr\u00edo con recubrimiento de polvo<\/td>\n<\/tr>\n<tr>\n<td>Puerta de cristal de seguridad de policarbonato<\/td>\n<\/tr>\n<tr>\n<td>Dimensiones externas de la unidad (p x a x a): 18.8 x 18.1 x 19.1 pulgadas (477 x 460 x 485 mm)<\/td>\n<\/tr>\n<tr>\n<td>Dimensiones de las ranuras para dispositivos internos (10) (fondo x ancho x alto): 400 x 29 x 282 mm (15.7 x 1.1 x 11.1 pulg.)<\/td>\n<\/tr>\n<tr>\n<td>Longitud del cable de alimentaci\u00f3n de ca: 2 m (7 pies)<\/td>\n<\/tr>\n<tr>\n<td>Peso neto: 23 kg (50.71 lb)<\/td>\n<\/tr>\n<tr>\n<td>Peso bruto: (25 kg) 55.12 lbs.<\/td>\n<\/tr>\n<tr>\n<td>Ambiente de operaci\u00f3n<\/td>\n<\/tr>\n<tr>\n<td>Temperatura de funcionamiento: 0 &#8211; 45\u00b0c (32 &#8211; 113\u00b0f)<\/td>\n<\/tr>\n<tr>\n<td>Temperatura de almacenamiento: -15 &#8211; 45\u00b0c (-5 &#8211; 113\u00b0f)<\/td>\n<\/tr>\n<tr>\n<td>Humedad (sin condensaci\u00f3n): 20 &#8211; 80%<\/td>\n<\/tr>\n<tr>\n<td>Contenido del paquete:<\/td>\n<\/tr>\n<tr>\n<td>Gabinete de carga con 10 contactos ca<\/td>\n<\/tr>\n<tr>\n<td>Cable de alimentaci\u00f3n de ca de 2 m (7 pies)<\/td>\n<\/tr>\n<tr>\n<td>Dos llaves de puerta<\/td>\n<\/tr>\n<tr>\n<td>Material de instalaci\u00f3n para montaje en pared<\/td>\n<\/tr>\n<tr>\n<td>Documentaci\u00f3n<\/td>\n<\/tr>\n<\/table>\n","protected":false},"excerpt":{"rendered":"<p>Soluci\u00f3n de carga de escritorio para entornos educativos, hospitalidad y m\u00e1s. Cargar y almacenar dispositivos es f\u00e1cil con el gabinete de carga de ca de 10 puertos de manhattan. Es la soluci\u00f3n ideal para mantener los dispositivos listos y seguros en escuelas, restaurantes, gimnasios, consultorios m\u00e9dicos, universidades, hoteles, agencias de alquiler de autom\u00f3viles y m\u00e1s para que pueda ayudar de manera eficaz y eficiente a a sus estudiantes, invitados, pacientes, clientes y patrocinadores. Ideal para todos los dispositivos, desde smartphones hasta laptops. Las salidas de ca disponibles en las pdu cargan de forma segura dispositivos como tel\u00e9fonos, laptops, tabletas, macbooks\u00ae y m\u00e1s utilizando sus adaptadores de corriente o cargadores de pared. El circuito de seguridad de dispositivos de este gabinete protege tus dispositivos contra sobrecargas, sobrecorrientes, cortocircuitos y picos de voltaje. La seguridad f\u00edsica es clave. La carcasa de acero resistente y duradera hace que los ladrones tengan dificultades para intentar entrar. La cerradura de seguridad se puede abrir con una combinaci\u00f3n de cuatro d\u00edgitos o con las dos llaves incluidas. Una puerta reversible ayuda a brindar un mejor acceso a tus dispositivos, tanto para complementar el espacio como los l\u00edmites donde almacena el gabinete. Organizado y vers\u00e1til. Mant\u00e9n tus dispositivos organizados en las ranuras que ofrecen mucho espacio (15.7 x 1.1 x 11.1 pulgadas cada una ), incluso para maletines voluminosos. Los clips de gesti\u00f3n de cables incorporados en los divisores te permiten estructurar tus cables de carga (los cables usb est\u00e1n disponibles en manhattan) para una mejor organizaci\u00f3n y una apariencia m\u00e1s limpia. El cable de alimentaci\u00f3n incluido es extra\u00edble para un mejor almacenamiento. Montaje en pared y apilable. Para crear una soluci\u00f3n de carga a\u00fan m\u00e1s amplia con una mayor cantidad de puertos, puedes apilar hasta dos gabinetes. Si tienes problemas con una ubicaci\u00f3n peque\u00f1a, simplemente monta el gabinete en la pared para obtener m\u00e1s espacio y organizar tu espacio. Guarda y carga de forma segura laptops y otros dispositivos de hasta 15.6. Diez tomas de corriente alterna nema 5-15r, integradas en un pdu equipado en el compartimento superior. Protecci\u00f3n contra sobrecarga, sobrecorriente, cortocircuito y picos de tensi\u00f3n. Apilable hasta dos unidades para una carga m\u00e1s extensa con un mayor n\u00famero de puertos (requiere cuatro tornillos de mariposa m8 de 25 mm, no incluidos. Orificios de montaje en pared incorporados en la parte posterior para instalar el gabinete, ahorrar espacio y evitar robos; se incluyen todos los herrajes de montaje. Carcasa met\u00e1lica robusta y segura con recubrimiento en polvo; cierre de puerta de tres puntos en la parte delantera; se puede cerrar con dos llaves incluidas o con una combinaci\u00f3n de cuatro d\u00edgitos. Puerta de cristal de seguridad reversible en la parte delantera; puede abrirse 270\u00b0. Amplias ranuras para dispositivos (15.7 x 1.1 x 11.1 pulgadas cada una) con gesti\u00f3n de cables integrada en los separadores. Ventilador silencioso con ranuras de ventilaci\u00f3n para un flujo de aire y m\u00e1xima eficiencia de enfriamiento. Bordes redondeados para evitar lesiones en entornos concurridos. Se incluye un kit de puesta a tierra. Pies de goma antideslizantes para el uso sobre escritorio. Aprobado por ul. Entrada de ca universal con conector c14; cable de alimentaci\u00f3n con conector c13 a ee.Uu. Incluido. No incluye cargadores ni cables de carga (disponibles por separado en manhattan)<\/p>\n","protected":false},"featured_media":241912,"comment_status":"open","ping_status":"open","template":"","meta":[],"product_cat":[1493,1494],"product_tag":[1487],"acf":[],"yoast_head":"<!-- This site is optimized with the Yoast SEO plugin v21.7 - https:\/\/yoast.com\/wordpress\/plugins\/seo\/ -->\n<title>[ Manhattan ] &#129351; 180917 Gabinete De Carga,,, De 10 Contactos De Corriente Alterna<\/title>\n<meta name=\"description\" content=\"Compra 180917 Gabinete De Carga,,, De 10 Contactos De Corriente Alterna + Env\u00edo a domicilio + Pago seguro + Garant\u00eda\" \/>\n<meta name=\"robots\" content=\"index, follow, max-snippet:-1, max-image-preview:large, max-video-preview:-1\" \/>\n<link rel=\"canonical\" href=\"https:\/\/compuviper.mx\/tienda\/producto\/manhattan-180917-gabinete-de-carga-de-10-contactos-de-corriente-alterna\/\" \/>\n<meta property=\"og:locale\" content=\"es_MX\" \/>\n<meta property=\"og:type\" content=\"article\" \/>\n<meta property=\"og:title\" content=\"[ Manhattan ] &#129351; 180917 Gabinete De Carga,,, De 10 Contactos De Corriente Alterna\" \/>\n<meta property=\"og:description\" content=\"Compra 180917 Gabinete De Carga,,, De 10 Contactos De Corriente Alterna + Env\u00edo a domicilio + Pago seguro + Garant\u00eda\" \/>\n<meta property=\"og:url\" content=\"https:\/\/compuviper.mx\/tienda\/producto\/manhattan-180917-gabinete-de-carga-de-10-contactos-de-corriente-alterna\/\" \/>\n<meta property=\"og:site_name\" content=\"Compuviper\" \/>\n<meta property=\"article:publisher\" content=\"https:\/\/www.facebook.com\/compuviper\" \/>\n<meta property=\"article:modified_time\" content=\"2026-04-25T05:11:38+00:00\" \/>\n<meta property=\"og:image\" content=\"https:\/\/compuviper.mx\/tienda\/wp-content\/uploads\/2024\/09\/Gabinete-de-cargamanhattan180917-de-10-contactos-de-corriente-alterna.jpg\" \/>\n\t<meta property=\"og:image:width\" content=\"200\" \/>\n\t<meta property=\"og:image:height\" content=\"200\" \/>\n\t<meta property=\"og:image:type\" content=\"image\/jpeg\" \/>\n<meta name=\"twitter:card\" content=\"summary_large_image\" \/>\n<meta name=\"twitter:label1\" content=\"Precio\" \/>\n\t<meta name=\"twitter:data1\" content=\"&#36;6,265 con IVA\" \/>\n\t<meta name=\"twitter:label2\" content=\"Availability\" \/>\n\t<meta name=\"twitter:data2\" content=\"In stock\" \/>\n<script type=\"application\/ld+json\" class=\"yoast-schema-graph\">{\"@context\":\"https:\/\/schema.org\",\"@graph\":[{\"@type\":\"WebPage\",\"@id\":\"https:\/\/compuviper.mx\/tienda\/producto\/manhattan-180917-gabinete-de-carga-de-10-contactos-de-corriente-alterna\/\",\"url\":\"https:\/\/compuviper.mx\/tienda\/producto\/manhattan-180917-gabinete-de-carga-de-10-contactos-de-corriente-alterna\/\",\"name\":\"[ Manhattan ] &#129351; 180917 Gabinete De Carga,,, De 10 Contactos De Corriente Alterna\",\"isPartOf\":{\"@id\":\"https:\/\/compuviper.mx\/tienda\/#website\"},\"datePublished\":\"2026-04-25T05:11:37+00:00\",\"dateModified\":\"2026-04-25T05:11:38+00:00\",\"description\":\"Compra 180917 Gabinete De Carga,,, De 10 Contactos De Corriente Alterna + Env\u00edo a domicilio + Pago seguro + Garant\u00eda\",\"breadcrumb\":{\"@id\":\"https:\/\/compuviper.mx\/tienda\/producto\/manhattan-180917-gabinete-de-carga-de-10-contactos-de-corriente-alterna\/#breadcrumb\"},\"inLanguage\":\"es-MX\",\"potentialAction\":[{\"@type\":\"ReadAction\",\"target\":[\"https:\/\/compuviper.mx\/tienda\/producto\/manhattan-180917-gabinete-de-carga-de-10-contactos-de-corriente-alterna\/\"]}]},{\"@type\":\"BreadcrumbList\",\"@id\":\"https:\/\/compuviper.mx\/tienda\/producto\/manhattan-180917-gabinete-de-carga-de-10-contactos-de-corriente-alterna\/#breadcrumb\",\"itemListElement\":[{\"@type\":\"ListItem\",\"position\":1,\"name\":\"Inicio\",\"item\":\"https:\/\/compuviper.mx\/tienda\/\"},{\"@type\":\"ListItem\",\"position\":2,\"name\":\"Productos\",\"item\":\"https:\/\/compuviper.mx\/tienda\/productos\/\"},{\"@type\":\"ListItem\",\"position\":3,\"name\":\"Gabinete De Rack\",\"item\":\"https:\/\/compuviper.mx\/tienda\/categoria-producto\/gabinete-de-rack\/\"},{\"@type\":\"ListItem\",\"position\":4,\"name\":\"Sin Categor\u00eda\",\"item\":\"https:\/\/compuviper.mx\/tienda\/categoria-producto\/gabinete-de-rack\/sin-categoria-gabinete-de-rack\/\"},{\"@type\":\"ListItem\",\"position\":5,\"name\":\"Manhattan 180917 Gabinete De Carga,,, De 10 Contactos De Corriente Alterna\"}]},{\"@type\":\"WebSite\",\"@id\":\"https:\/\/compuviper.mx\/tienda\/#website\",\"url\":\"https:\/\/compuviper.mx\/tienda\/\",\"name\":\"Compuviper\",\"description\":\"Proveedor de Computadoras, Laptops, Servidores, Monitores, Puntos de Venta, Teclados,   Impresoras, T\u00f3ner, C\u00e1maras de Seguridad y m\u00e1s en tu tienda en l\u00ednea\",\"publisher\":{\"@id\":\"https:\/\/compuviper.mx\/tienda\/#organization\"},\"potentialAction\":[{\"@type\":\"SearchAction\",\"target\":{\"@type\":\"EntryPoint\",\"urlTemplate\":\"https:\/\/compuviper.mx\/tienda\/?s={search_term_string}\"},\"query-input\":\"required name=search_term_string\"}],\"inLanguage\":\"es-MX\"},{\"@type\":\"Organization\",\"@id\":\"https:\/\/compuviper.mx\/tienda\/#organization\",\"name\":\"Compuviper\",\"url\":\"https:\/\/compuviper.mx\/tienda\/\",\"logo\":{\"@type\":\"ImageObject\",\"inLanguage\":\"es-MX\",\"@id\":\"https:\/\/compuviper.mx\/tienda\/#\/schema\/logo\/image\/\",\"url\":\"https:\/\/compuviper.mx\/tienda\/wp-content\/uploads\/2021\/08\/Logo-Compuviper-10.png\",\"contentUrl\":\"https:\/\/compuviper.mx\/tienda\/wp-content\/uploads\/2021\/08\/Logo-Compuviper-10.png\",\"width\":1000,\"height\":500,\"caption\":\"Compuviper\"},\"image\":{\"@id\":\"https:\/\/compuviper.mx\/tienda\/#\/schema\/logo\/image\/\"},\"sameAs\":[\"https:\/\/www.facebook.com\/compuviper\",\"https:\/\/www.youtube.com\/channel\/UCf73dERp9Y3cfOq7q8BhLjA?view_as=subscriber\"]}]}<\/script>\n<meta property=\"product:brand\" content=\"MANHATTAN\" \/>\n<meta property=\"product:price:amount\" content=\"6265\" \/>\n<meta property=\"product:price:currency\" content=\"MXN\" \/>\n<meta property=\"og:availability\" content=\"instock\" \/>\n<meta property=\"product:availability\" content=\"instock\" \/>\n<meta property=\"product:retailer_item_id\" content=\"180917\" \/>\n<meta property=\"product:condition\" content=\"new\" \/>\n<!-- \/ Yoast SEO plugin. -->","yoast_head_json":{"title":"[ Manhattan ] &#129351; 180917 Gabinete De Carga,,, De 10 Contactos De Corriente Alterna","description":"Compra 180917 Gabinete De Carga,,, De 10 Contactos De Corriente Alterna + Env\u00edo a domicilio + Pago seguro + Garant\u00eda","robots":{"index":"index","follow":"follow","max-snippet":"max-snippet:-1","max-image-preview":"max-image-preview:large","max-video-preview":"max-video-preview:-1"},"canonical":"https:\/\/compuviper.mx\/tienda\/producto\/manhattan-180917-gabinete-de-carga-de-10-contactos-de-corriente-alterna\/","og_locale":"es_MX","og_type":"article","og_title":"[ Manhattan ] &#129351; 180917 Gabinete De Carga,,, De 10 Contactos De Corriente Alterna","og_description":"Compra 180917 Gabinete De Carga,,, De 10 Contactos De Corriente Alterna + Env\u00edo a domicilio + Pago seguro + Garant\u00eda","og_url":"https:\/\/compuviper.mx\/tienda\/producto\/manhattan-180917-gabinete-de-carga-de-10-contactos-de-corriente-alterna\/","og_site_name":"Compuviper","article_publisher":"https:\/\/www.facebook.com\/compuviper","article_modified_time":"2026-04-25T05:11:38+00:00","og_image":[{"width":200,"height":200,"url":"https:\/\/compuviper.mx\/tienda\/wp-content\/uploads\/2024\/09\/Gabinete-de-cargamanhattan180917-de-10-contactos-de-corriente-alterna.jpg","type":"image\/jpeg"}],"twitter_card":"summary_large_image","twitter_misc":{"Precio":"&#36;6,265 con IVA","Availability":"In stock"},"schema":{"@context":"https:\/\/schema.org","@graph":[{"@type":"WebPage","@id":"https:\/\/compuviper.mx\/tienda\/producto\/manhattan-180917-gabinete-de-carga-de-10-contactos-de-corriente-alterna\/","url":"https:\/\/compuviper.mx\/tienda\/producto\/manhattan-180917-gabinete-de-carga-de-10-contactos-de-corriente-alterna\/","name":"[ Manhattan ] &#129351; 180917 Gabinete De Carga,,, De 10 Contactos De Corriente Alterna","isPartOf":{"@id":"https:\/\/compuviper.mx\/tienda\/#website"},"datePublished":"2026-04-25T05:11:37+00:00","dateModified":"2026-04-25T05:11:38+00:00","description":"Compra 180917 Gabinete De Carga,,, De 10 Contactos De Corriente Alterna + Env\u00edo a domicilio + Pago seguro + Garant\u00eda","breadcrumb":{"@id":"https:\/\/compuviper.mx\/tienda\/producto\/manhattan-180917-gabinete-de-carga-de-10-contactos-de-corriente-alterna\/#breadcrumb"},"inLanguage":"es-MX","potentialAction":[{"@type":"ReadAction","target":["https:\/\/compuviper.mx\/tienda\/producto\/manhattan-180917-gabinete-de-carga-de-10-contactos-de-corriente-alterna\/"]}]},{"@type":"BreadcrumbList","@id":"https:\/\/compuviper.mx\/tienda\/producto\/manhattan-180917-gabinete-de-carga-de-10-contactos-de-corriente-alterna\/#breadcrumb","itemListElement":[{"@type":"ListItem","position":1,"name":"Inicio","item":"https:\/\/compuviper.mx\/tienda\/"},{"@type":"ListItem","position":2,"name":"Productos","item":"https:\/\/compuviper.mx\/tienda\/productos\/"},{"@type":"ListItem","position":3,"name":"Gabinete De Rack","item":"https:\/\/compuviper.mx\/tienda\/categoria-producto\/gabinete-de-rack\/"},{"@type":"ListItem","position":4,"name":"Sin Categor\u00eda","item":"https:\/\/compuviper.mx\/tienda\/categoria-producto\/gabinete-de-rack\/sin-categoria-gabinete-de-rack\/"},{"@type":"ListItem","position":5,"name":"Manhattan 180917 Gabinete De Carga,,, De 10 Contactos De Corriente Alterna"}]},{"@type":"WebSite","@id":"https:\/\/compuviper.mx\/tienda\/#website","url":"https:\/\/compuviper.mx\/tienda\/","name":"Compuviper","description":"Proveedor de Computadoras, Laptops, Servidores, Monitores, Puntos de Venta, Teclados,   Impresoras, T\u00f3ner, C\u00e1maras de Seguridad y m\u00e1s en tu tienda en l\u00ednea","publisher":{"@id":"https:\/\/compuviper.mx\/tienda\/#organization"},"potentialAction":[{"@type":"SearchAction","target":{"@type":"EntryPoint","urlTemplate":"https:\/\/compuviper.mx\/tienda\/?s={search_term_string}"},"query-input":"required name=search_term_string"}],"inLanguage":"es-MX"},{"@type":"Organization","@id":"https:\/\/compuviper.mx\/tienda\/#organization","name":"Compuviper","url":"https:\/\/compuviper.mx\/tienda\/","logo":{"@type":"ImageObject","inLanguage":"es-MX","@id":"https:\/\/compuviper.mx\/tienda\/#\/schema\/logo\/image\/","url":"https:\/\/compuviper.mx\/tienda\/wp-content\/uploads\/2021\/08\/Logo-Compuviper-10.png","contentUrl":"https:\/\/compuviper.mx\/tienda\/wp-content\/uploads\/2021\/08\/Logo-Compuviper-10.png","width":1000,"height":500,"caption":"Compuviper"},"image":{"@id":"https:\/\/compuviper.mx\/tienda\/#\/schema\/logo\/image\/"},"sameAs":["https:\/\/www.facebook.com\/compuviper","https:\/\/www.youtube.com\/channel\/UCf73dERp9Y3cfOq7q8BhLjA?view_as=subscriber"]}]},"product_brand":"MANHATTAN","product_price_amount":"6265","product_price_currency":"MXN","og_availability":"instock","product_availability":"instock","product_retailer_item_id":"180917","product_condition":"new"},"_links":{"self":[{"href":"https:\/\/compuviper.mx\/tienda\/wp-json\/wp\/v2\/product\/235409"}],"collection":[{"href":"https:\/\/compuviper.mx\/tienda\/wp-json\/wp\/v2\/product"}],"about":[{"href":"https:\/\/compuviper.mx\/tienda\/wp-json\/wp\/v2\/types\/product"}],"replies":[{"embeddable":true,"href":"https:\/\/compuviper.mx\/tienda\/wp-json\/wp\/v2\/comments?post=235409"}],"wp:featuredmedia":[{"embeddable":true,"href":"https:\/\/compuviper.mx\/tienda\/wp-json\/wp\/v2\/media\/241912"}],"wp:attachment":[{"href":"https:\/\/compuviper.mx\/tienda\/wp-json\/wp\/v2\/media?parent=235409"}],"wp:term":[{"taxonomy":"product_cat","embeddable":true,"href":"https:\/\/compuviper.mx\/tienda\/wp-json\/wp\/v2\/product_cat?post=235409"},{"taxonomy":"product_tag","embeddable":true,"href":"https:\/\/compuviper.mx\/tienda\/wp-json\/wp\/v2\/product_tag?post=235409"}],"curies":[{"name":"wp","href":"https:\/\/api.w.org\/{rel}","templated":true}]}}