{"id":235407,"date":"2026-04-17T23:13:23","date_gmt":"2026-04-18T05:13:23","guid":{"rendered":"https:\/\/compuviper.mx\/tienda\/producto\/manhattan-715942-gabinete-de-carga-de-10-puertos-usb-c-10-2-180w\/"},"modified":"2026-04-17T23:13:23","modified_gmt":"2026-04-18T05:13:23","slug":"manhattan-715942-gabinete-de-carga-de-10-puertos-usb-c-10-2-180w","status":"publish","type":"product","link":"https:\/\/compuviper.mx\/tienda\/producto\/manhattan-715942-gabinete-de-carga-de-10-puertos-usb-c-10-2-180w\/","title":{"rendered":"Manhattan 715942 Gabinete De Carga,,, De 10 Puertos Usb-c 10.2 180w"},"content":{"rendered":"<table class=\"descripcion\">\n<tr>\n<td>Est\u00e1ndares y certificaciones<\/td>\n<\/tr>\n<tr>\n<td>Pd 3.0<\/td>\n<\/tr>\n<tr>\n<td>Ce<\/td>\n<\/tr>\n<tr>\n<td>Rohs<\/td>\n<\/tr>\n<tr>\n<td>Elctrico:<\/td>\n<\/tr>\n<tr>\n<td>Entrada ac: 110 &#8211; 240 v; 16 a; 50 -60 hz<\/td>\n<\/tr>\n<tr>\n<td>Potencia de salida usb-c 5 -12 v; m\u00e1ximo 3 a; 18 w; 10 puertos de salida con 180 w en total<\/td>\n<\/tr>\n<tr>\n<td>Ajustes de voltaje\/corriente m\u00e1ximo:<\/td>\n<\/tr>\n<tr>\n<td>&#8211; usb-c:<\/td>\n<\/tr>\n<tr>\n<td>&#8211; 5 v \/ 3 a<\/td>\n<\/tr>\n<tr>\n<td>&#8211; 9 v \/ 2 a<\/td>\n<\/tr>\n<tr>\n<td>&#8211; 12 v \/ 1.5 a<\/td>\n<\/tr>\n<tr>\n<td>Caractersticas de proteccin<\/td>\n<\/tr>\n<tr>\n<td>Cortocircuito scp con modo de recuperacin autom\u00e1tica<\/td>\n<\/tr>\n<tr>\n<td>Sobrevoltaje ovp con modo de autorrecuperacin<\/td>\n<\/tr>\n<tr>\n<td>Sobrecorriente ocp \u0097 lmite de corriente: 150 m\u00e1x.<\/td>\n<\/tr>\n<tr>\n<td>Diseo<\/td>\n<\/tr>\n<tr>\n<td>Botn on\/off<\/td>\n<\/tr>\n<tr>\n<td>Indicadores led de status<\/td>\n<\/tr>\n<tr>\n<td>Carcasa: 1 &#8211; 1.5 mm acero laminado en fro<\/td>\n<\/tr>\n<tr>\n<td>Dimensiones de la carcasa 370 x 360 345 mm 14,57 x 14,17 x 13,58 pulgadas<\/td>\n<\/tr>\n<tr>\n<td>Dimensiones de la baha 10: 264 x 22 x 235 mm<\/td>\n<\/tr>\n<tr>\n<td>Longitud del cable de alimentacin de ca: 2 m 6,56 pies<\/td>\n<\/tr>\n<tr>\n<td>Peso: 15kg 33,07 libras<\/td>\n<\/tr>\n<tr>\n<td>Ambiente de operacin<\/td>\n<\/tr>\n<tr>\n<td>Temperatura de funcionamiento: 0 &#8211; 45\u00b0c 32 &#8211; 113\u00b0f<\/td>\n<\/tr>\n<tr>\n<td>Temperatura de almacenamiento: -15 &#8211; 45\u00b0c -5 &#8211; 113\u00b0f<\/td>\n<\/tr>\n<tr>\n<td>Humedad sin condensacin: 20 &#8211; 80<\/td>\n<\/tr>\n<tr>\n<td>Contenido del paquete<\/td>\n<\/tr>\n<tr>\n<td>Gabinete profesional para carga de energa con 10 puertos &#8211; 180 w<\/td>\n<\/tr>\n<tr>\n<td>Cable de alimentacin de ca, 2 m 6.56 pies<\/td>\n<\/tr>\n<tr>\n<td>Dos llaves de puerta<\/td>\n<\/tr>\n<tr>\n<td>Instrucciones<\/td>\n<\/tr>\n<\/table>\n","protected":false},"excerpt":{"rendered":"<p>Gabinete profesional para carga de energa con 10 puertos disponibles: una solucin de carga para entornos hospitalarios, educativos y m\u00e1s. Los visitantes, invitados y empleados llevan sus dispositivos mviles a todo tipo de lugares. Brinda a las personas una forma de cargar las bateras agotadas de sus telfonos inteligentes o tabletas con el gabinete de carga de escritorio de 10 puertos, 180 w de manhattan. La solucin de carga ideal para restaurantes, escuelas, gimnasios, consultorios mdicos, universidades, hoteles, agencias de alquiler de automviles y m\u00e1s. Carga r\u00e1pida con dispositivos de seguridad de ltima generacin. Los usuarios de dispositivos mviles quieren recuperar sus dispositivos r\u00e1pidamente. Gracias a la tecnologa power delivery 3.0 en los 10 puertos usb-c, no tendr\u00e1n que esperar mucho. Con una potencia por puerto de hasta 3 a \/ 18 w, los telfonos inteligentes, tabletas y otros dispositivos usb est\u00e1n listos para usar en poco tiempo. Incluso se pueden cargar chromebooks y otros dispositivos que admiten pd usb-c de 18 w. Los led montados en la parte frontal le muestran cu\u00e1ndo una batera est\u00e1 completamente cargada. Todos estos costosos dispositivos son una gran responsabilidad, pero los mecanismos de seguridad en este gabinete son igualmente extensos. Este gabinete de carga de escritorio ofrece proteccin contra sobrecargas, sobrecorrientes, cortocircuitos, picos de voltaje e incluso rayos. La seguridad fsica es clave. Los ladrones y v\u00e1ndalos no tienen ninguna posibilidad contra la carcasa de metal resistente y duradera de este gabinete de carga para escritorio. Cirralo de forma segura con el juego de llaves de 2 piezas incluido y d\u00e1 acceso solo al personal autorizado. Un ventilador incorporado y ranuras de ventilacin disipan el calor y mantienen fros todos los dispositivos. Los pies de goma evitan que el gabinete se resbale en cualquier superficie. Organizado y vers\u00e1til. Mantn tus dispositivos organizados en las 10 bahas que ofrecen mucho espacio 294 x 22 x 235 mm \/ 11.57 x 0.87 x 9.25 pulg., incluso para estuches voluminosos. Utiliza la gestin de cables integrada en los divisores para estructurar sus cables de carga disponible en manhattan. Como este gabinete de carga cuenta con puertos usb-c en lugar de salidas de ca, no necesita cargadores de pared adicionales. La entrada de ca en la parte posterior es un conector c20 que te permite reemplazar el cable de alimentacin incluido con otros cables segn su regin. Carga r\u00e1pidamente y almacena de forma segura hasta 10 dispositivos inteligentes como tabletas, y otros dispositivos usb. Puertos de carga usb-c pd 3.0 con potencia de hasta 3 a \/ 18 w por puerto y 180 w en total. Carcasa de metal resistente, segura y con recubrimiento de polvo; bloqueable con dos llaves incluidas. Proteccin contra sobrecarga, sobre corriente, cortocircuito, picos de voltaje y rayos. Compartimientos espaciosos 264 x 22 235 mm cada uno con gestin de cables integrada en los divisores. Ventilador silencioso con ranuras de ventilacin para un flujo de aire y m\u00e1xima eficiencia de enfriamiento. Leds indicadores para un f\u00e1cil monitoreo. Pies de goma antideslizante para uso en escritorio. Entrada de ca universal con conector c20; cable de alimentacin c19 a cee 7\/4 eu incluido, intercambiable para diferentes versiones regionales<\/p>\n","protected":false},"featured_media":241910,"comment_status":"open","ping_status":"open","template":"","meta":[],"product_cat":[1493,1494],"product_tag":[1487],"acf":[],"yoast_head":"<!-- This site is optimized with the Yoast SEO plugin v21.7 - https:\/\/yoast.com\/wordpress\/plugins\/seo\/ -->\n<title>[ Manhattan ] &#129351; 715942 Gabinete De Carga,,, De 10 Puertos Usb-c 10.2 180w<\/title>\n<meta name=\"description\" content=\"Compra 715942 Gabinete De Carga,,, De 10 Puertos Usb-c 10.2 180w + Env\u00edo a domicilio + Pago seguro + Garant\u00eda\" \/>\n<meta name=\"robots\" content=\"index, follow, max-snippet:-1, max-image-preview:large, max-video-preview:-1\" \/>\n<link rel=\"canonical\" href=\"https:\/\/compuviper.mx\/tienda\/producto\/manhattan-715942-gabinete-de-carga-de-10-puertos-usb-c-10-2-180w\/\" \/>\n<meta property=\"og:locale\" content=\"es_MX\" \/>\n<meta property=\"og:type\" content=\"article\" \/>\n<meta property=\"og:title\" content=\"[ Manhattan ] &#129351; 715942 Gabinete De Carga,,, De 10 Puertos Usb-c 10.2 180w\" \/>\n<meta property=\"og:description\" content=\"Compra 715942 Gabinete De Carga,,, De 10 Puertos Usb-c 10.2 180w + Env\u00edo a domicilio + Pago seguro + Garant\u00eda\" \/>\n<meta property=\"og:url\" content=\"https:\/\/compuviper.mx\/tienda\/producto\/manhattan-715942-gabinete-de-carga-de-10-puertos-usb-c-10-2-180w\/\" \/>\n<meta property=\"og:site_name\" content=\"Compuviper\" \/>\n<meta property=\"article:publisher\" content=\"https:\/\/www.facebook.com\/compuviper\" \/>\n<meta property=\"og:image\" content=\"https:\/\/compuviper.mx\/tienda\/wp-content\/uploads\/2024\/09\/Gabinete-de-cargamanhattan715942-de-10-puertos-usb-c-10.2-180w.jpg\" \/>\n\t<meta property=\"og:image:width\" content=\"200\" \/>\n\t<meta property=\"og:image:height\" content=\"200\" \/>\n\t<meta property=\"og:image:type\" content=\"image\/jpeg\" \/>\n<meta name=\"twitter:card\" content=\"summary_large_image\" \/>\n<meta name=\"twitter:label1\" content=\"Precio\" \/>\n\t<meta name=\"twitter:data1\" content=\"&#36;8,793 con IVA\" \/>\n\t<meta name=\"twitter:label2\" content=\"Availability\" \/>\n\t<meta name=\"twitter:data2\" content=\"Out of stock\" \/>\n<script type=\"application\/ld+json\" class=\"yoast-schema-graph\">{\"@context\":\"https:\/\/schema.org\",\"@graph\":[{\"@type\":\"WebPage\",\"@id\":\"https:\/\/compuviper.mx\/tienda\/producto\/manhattan-715942-gabinete-de-carga-de-10-puertos-usb-c-10-2-180w\/\",\"url\":\"https:\/\/compuviper.mx\/tienda\/producto\/manhattan-715942-gabinete-de-carga-de-10-puertos-usb-c-10-2-180w\/\",\"name\":\"[ Manhattan ] &#129351; 715942 Gabinete De Carga,,, De 10 Puertos Usb-c 10.2 180w\",\"isPartOf\":{\"@id\":\"https:\/\/compuviper.mx\/tienda\/#website\"},\"datePublished\":\"2026-04-18T05:13:23+00:00\",\"dateModified\":\"2026-04-18T05:13:23+00:00\",\"description\":\"Compra 715942 Gabinete De Carga,,, De 10 Puertos Usb-c 10.2 180w + Env\u00edo a domicilio + Pago seguro + Garant\u00eda\",\"breadcrumb\":{\"@id\":\"https:\/\/compuviper.mx\/tienda\/producto\/manhattan-715942-gabinete-de-carga-de-10-puertos-usb-c-10-2-180w\/#breadcrumb\"},\"inLanguage\":\"es-MX\",\"potentialAction\":[{\"@type\":\"ReadAction\",\"target\":[\"https:\/\/compuviper.mx\/tienda\/producto\/manhattan-715942-gabinete-de-carga-de-10-puertos-usb-c-10-2-180w\/\"]}]},{\"@type\":\"BreadcrumbList\",\"@id\":\"https:\/\/compuviper.mx\/tienda\/producto\/manhattan-715942-gabinete-de-carga-de-10-puertos-usb-c-10-2-180w\/#breadcrumb\",\"itemListElement\":[{\"@type\":\"ListItem\",\"position\":1,\"name\":\"Inicio\",\"item\":\"https:\/\/compuviper.mx\/tienda\/\"},{\"@type\":\"ListItem\",\"position\":2,\"name\":\"Productos\",\"item\":\"https:\/\/compuviper.mx\/tienda\/productos\/\"},{\"@type\":\"ListItem\",\"position\":3,\"name\":\"Gabinete De Rack\",\"item\":\"https:\/\/compuviper.mx\/tienda\/categoria-producto\/gabinete-de-rack\/\"},{\"@type\":\"ListItem\",\"position\":4,\"name\":\"Sin Categor\u00eda\",\"item\":\"https:\/\/compuviper.mx\/tienda\/categoria-producto\/gabinete-de-rack\/sin-categoria-gabinete-de-rack\/\"},{\"@type\":\"ListItem\",\"position\":5,\"name\":\"Manhattan 715942 Gabinete De Carga,,, De 10 Puertos Usb-c 10.2 180w\"}]},{\"@type\":\"WebSite\",\"@id\":\"https:\/\/compuviper.mx\/tienda\/#website\",\"url\":\"https:\/\/compuviper.mx\/tienda\/\",\"name\":\"Compuviper\",\"description\":\"Proveedor de Computadoras, Laptops, Servidores, Monitores, Puntos de Venta, Teclados,   Impresoras, T\u00f3ner, C\u00e1maras de Seguridad y m\u00e1s en tu tienda en l\u00ednea\",\"publisher\":{\"@id\":\"https:\/\/compuviper.mx\/tienda\/#organization\"},\"potentialAction\":[{\"@type\":\"SearchAction\",\"target\":{\"@type\":\"EntryPoint\",\"urlTemplate\":\"https:\/\/compuviper.mx\/tienda\/?s={search_term_string}\"},\"query-input\":\"required name=search_term_string\"}],\"inLanguage\":\"es-MX\"},{\"@type\":\"Organization\",\"@id\":\"https:\/\/compuviper.mx\/tienda\/#organization\",\"name\":\"Compuviper\",\"url\":\"https:\/\/compuviper.mx\/tienda\/\",\"logo\":{\"@type\":\"ImageObject\",\"inLanguage\":\"es-MX\",\"@id\":\"https:\/\/compuviper.mx\/tienda\/#\/schema\/logo\/image\/\",\"url\":\"https:\/\/compuviper.mx\/tienda\/wp-content\/uploads\/2021\/08\/Logo-Compuviper-10.png\",\"contentUrl\":\"https:\/\/compuviper.mx\/tienda\/wp-content\/uploads\/2021\/08\/Logo-Compuviper-10.png\",\"width\":1000,\"height\":500,\"caption\":\"Compuviper\"},\"image\":{\"@id\":\"https:\/\/compuviper.mx\/tienda\/#\/schema\/logo\/image\/\"},\"sameAs\":[\"https:\/\/www.facebook.com\/compuviper\",\"https:\/\/www.youtube.com\/channel\/UCf73dERp9Y3cfOq7q8BhLjA?view_as=subscriber\"]}]}<\/script>\n<meta property=\"product:brand\" content=\"MANHATTAN\" \/>\n<meta property=\"product:price:amount\" content=\"8793\" \/>\n<meta property=\"product:price:currency\" content=\"MXN\" \/>\n<meta property=\"og:availability\" content=\"out of stock\" \/>\n<meta property=\"product:availability\" content=\"out of stock\" \/>\n<meta property=\"product:retailer_item_id\" content=\"715942\" \/>\n<meta property=\"product:condition\" content=\"new\" \/>\n<!-- \/ Yoast SEO plugin. -->","yoast_head_json":{"title":"[ Manhattan ] &#129351; 715942 Gabinete De Carga,,, De 10 Puertos Usb-c 10.2 180w","description":"Compra 715942 Gabinete De Carga,,, De 10 Puertos Usb-c 10.2 180w + Env\u00edo a domicilio + Pago seguro + Garant\u00eda","robots":{"index":"index","follow":"follow","max-snippet":"max-snippet:-1","max-image-preview":"max-image-preview:large","max-video-preview":"max-video-preview:-1"},"canonical":"https:\/\/compuviper.mx\/tienda\/producto\/manhattan-715942-gabinete-de-carga-de-10-puertos-usb-c-10-2-180w\/","og_locale":"es_MX","og_type":"article","og_title":"[ Manhattan ] &#129351; 715942 Gabinete De Carga,,, De 10 Puertos Usb-c 10.2 180w","og_description":"Compra 715942 Gabinete De Carga,,, De 10 Puertos Usb-c 10.2 180w + Env\u00edo a domicilio + Pago seguro + Garant\u00eda","og_url":"https:\/\/compuviper.mx\/tienda\/producto\/manhattan-715942-gabinete-de-carga-de-10-puertos-usb-c-10-2-180w\/","og_site_name":"Compuviper","article_publisher":"https:\/\/www.facebook.com\/compuviper","og_image":[{"width":200,"height":200,"url":"https:\/\/compuviper.mx\/tienda\/wp-content\/uploads\/2024\/09\/Gabinete-de-cargamanhattan715942-de-10-puertos-usb-c-10.2-180w.jpg","type":"image\/jpeg"}],"twitter_card":"summary_large_image","twitter_misc":{"Precio":"&#36;8,793 con IVA","Availability":"Out of stock"},"schema":{"@context":"https:\/\/schema.org","@graph":[{"@type":"WebPage","@id":"https:\/\/compuviper.mx\/tienda\/producto\/manhattan-715942-gabinete-de-carga-de-10-puertos-usb-c-10-2-180w\/","url":"https:\/\/compuviper.mx\/tienda\/producto\/manhattan-715942-gabinete-de-carga-de-10-puertos-usb-c-10-2-180w\/","name":"[ Manhattan ] &#129351; 715942 Gabinete De Carga,,, De 10 Puertos Usb-c 10.2 180w","isPartOf":{"@id":"https:\/\/compuviper.mx\/tienda\/#website"},"datePublished":"2026-04-18T05:13:23+00:00","dateModified":"2026-04-18T05:13:23+00:00","description":"Compra 715942 Gabinete De Carga,,, De 10 Puertos Usb-c 10.2 180w + Env\u00edo a domicilio + Pago seguro + Garant\u00eda","breadcrumb":{"@id":"https:\/\/compuviper.mx\/tienda\/producto\/manhattan-715942-gabinete-de-carga-de-10-puertos-usb-c-10-2-180w\/#breadcrumb"},"inLanguage":"es-MX","potentialAction":[{"@type":"ReadAction","target":["https:\/\/compuviper.mx\/tienda\/producto\/manhattan-715942-gabinete-de-carga-de-10-puertos-usb-c-10-2-180w\/"]}]},{"@type":"BreadcrumbList","@id":"https:\/\/compuviper.mx\/tienda\/producto\/manhattan-715942-gabinete-de-carga-de-10-puertos-usb-c-10-2-180w\/#breadcrumb","itemListElement":[{"@type":"ListItem","position":1,"name":"Inicio","item":"https:\/\/compuviper.mx\/tienda\/"},{"@type":"ListItem","position":2,"name":"Productos","item":"https:\/\/compuviper.mx\/tienda\/productos\/"},{"@type":"ListItem","position":3,"name":"Gabinete De Rack","item":"https:\/\/compuviper.mx\/tienda\/categoria-producto\/gabinete-de-rack\/"},{"@type":"ListItem","position":4,"name":"Sin Categor\u00eda","item":"https:\/\/compuviper.mx\/tienda\/categoria-producto\/gabinete-de-rack\/sin-categoria-gabinete-de-rack\/"},{"@type":"ListItem","position":5,"name":"Manhattan 715942 Gabinete De Carga,,, De 10 Puertos Usb-c 10.2 180w"}]},{"@type":"WebSite","@id":"https:\/\/compuviper.mx\/tienda\/#website","url":"https:\/\/compuviper.mx\/tienda\/","name":"Compuviper","description":"Proveedor de Computadoras, Laptops, Servidores, Monitores, Puntos de Venta, Teclados,   Impresoras, T\u00f3ner, C\u00e1maras de Seguridad y m\u00e1s en tu tienda en l\u00ednea","publisher":{"@id":"https:\/\/compuviper.mx\/tienda\/#organization"},"potentialAction":[{"@type":"SearchAction","target":{"@type":"EntryPoint","urlTemplate":"https:\/\/compuviper.mx\/tienda\/?s={search_term_string}"},"query-input":"required name=search_term_string"}],"inLanguage":"es-MX"},{"@type":"Organization","@id":"https:\/\/compuviper.mx\/tienda\/#organization","name":"Compuviper","url":"https:\/\/compuviper.mx\/tienda\/","logo":{"@type":"ImageObject","inLanguage":"es-MX","@id":"https:\/\/compuviper.mx\/tienda\/#\/schema\/logo\/image\/","url":"https:\/\/compuviper.mx\/tienda\/wp-content\/uploads\/2021\/08\/Logo-Compuviper-10.png","contentUrl":"https:\/\/compuviper.mx\/tienda\/wp-content\/uploads\/2021\/08\/Logo-Compuviper-10.png","width":1000,"height":500,"caption":"Compuviper"},"image":{"@id":"https:\/\/compuviper.mx\/tienda\/#\/schema\/logo\/image\/"},"sameAs":["https:\/\/www.facebook.com\/compuviper","https:\/\/www.youtube.com\/channel\/UCf73dERp9Y3cfOq7q8BhLjA?view_as=subscriber"]}]},"product_brand":"MANHATTAN","product_price_amount":"8793","product_price_currency":"MXN","og_availability":"out of stock","product_availability":"out of stock","product_retailer_item_id":"715942","product_condition":"new"},"_links":{"self":[{"href":"https:\/\/compuviper.mx\/tienda\/wp-json\/wp\/v2\/product\/235407"}],"collection":[{"href":"https:\/\/compuviper.mx\/tienda\/wp-json\/wp\/v2\/product"}],"about":[{"href":"https:\/\/compuviper.mx\/tienda\/wp-json\/wp\/v2\/types\/product"}],"replies":[{"embeddable":true,"href":"https:\/\/compuviper.mx\/tienda\/wp-json\/wp\/v2\/comments?post=235407"}],"wp:featuredmedia":[{"embeddable":true,"href":"https:\/\/compuviper.mx\/tienda\/wp-json\/wp\/v2\/media\/241910"}],"wp:attachment":[{"href":"https:\/\/compuviper.mx\/tienda\/wp-json\/wp\/v2\/media?parent=235407"}],"wp:term":[{"taxonomy":"product_cat","embeddable":true,"href":"https:\/\/compuviper.mx\/tienda\/wp-json\/wp\/v2\/product_cat?post=235407"},{"taxonomy":"product_tag","embeddable":true,"href":"https:\/\/compuviper.mx\/tienda\/wp-json\/wp\/v2\/product_tag?post=235407"}],"curies":[{"name":"wp","href":"https:\/\/api.w.org\/{rel}","templated":true}]}}