{"id":235405,"date":"2026-04-08T23:11:07","date_gmt":"2026-04-09T05:11:07","guid":{"rendered":"https:\/\/compuviper.mx\/tienda\/producto\/manhattan-439817-maletin-portafolio-15-6-seattle\/"},"modified":"2026-04-08T23:11:07","modified_gmt":"2026-04-09T05:11:07","slug":"manhattan-439817-maletin-portafolio-15-6-seattle","status":"publish","type":"product","link":"https:\/\/compuviper.mx\/tienda\/producto\/manhattan-439817-maletin-portafolio-15-6-seattle\/","title":{"rendered":"Manhattan 439817 Maletin Portafolio, , , 15.6 Seattle"},"content":{"rendered":"<table class=\"descripcion\">\n<tr>\n<td>Exterior<\/td>\n<\/tr>\n<tr>\n<td>Poli\u00e9ster con revestimiento resistente al agua<\/td>\n<\/tr>\n<tr>\n<td>Tela 300d<\/td>\n<\/tr>\n<tr>\n<td>Bolsillo de almacenamiento delantero, un cierre<\/td>\n<\/tr>\n<tr>\n<td>Asa<\/td>\n<\/tr>\n<tr>\n<td>Interior<\/td>\n<\/tr>\n<tr>\n<td>Forro polar suave al tacto<\/td>\n<\/tr>\n<tr>\n<td>Compartimiento para notebook con dos cierres para dispositivos de hasta 15.6<\/td>\n<\/tr>\n<tr>\n<td>Dise\u00f1o<\/td>\n<\/tr>\n<tr>\n<td>Dimensiones exteriores: 400 x 270 x 25 mm (15,74 x 10,63 x 0,98 pulg.)<\/td>\n<\/tr>\n<tr>\n<td>Dimensiones interiores: 385 x 263 x 22 mm (14,37 x 10,35 x 0,87 pulg.)<\/td>\n<\/tr>\n<tr>\n<td>Peso: 260 g (0.57 lbs.)<\/td>\n<\/tr>\n<tr>\n<td>* siempre mida el exterior de la computadora para determinar la compatibilidad. las dimensiones de los maletines son aproximadas y pueden variar significativamente<\/td>\n<\/tr>\n<\/table>\n","protected":false},"excerpt":{"rendered":"<p>Funda para laptop con calidad premium. La funda seattle de manhattan de 15.6 es un elegante compa\u00f1ero de viaje para tu ultrabook\u0099, notebook o macbook\u00ae. Su interior extra suave y su exterior resistente al agua, ofrecen una protecci\u00f3n de primera calidad para su dispositivo contra los accidentes del d\u00eda a d\u00eda como derrames, golpes y ara\u00f1azos. El bolsillo delantero adicional con cierre tiene mucho espacio para objetos peque\u00f1os como cargadores o audifonos. Una c\u00f3moda asa hace que el transporte del dispositivo sea m\u00e1s f\u00e1cil y seguro. Su dise\u00f1o compacto se puede guardar f\u00e1cilmente en los bolsillos de los asientos o en los compartimentos superiores. Funda acolchada y extra suave con dos cierres para adaptarse a la mayor\u00eda de los dispositivos de hasta 15,6. Material exterior resistente al agua y duradero que protege contra el clima, derrames y desgaste. Bolsillo frontal con cierre para guardar cargadores, auriculares, cables y otros art\u00edculos peque\u00f1os. Pr\u00e1ctico manejo para una f\u00e1cil y segura transportaci\u00f3n. Dise\u00f1o delgado y liviano para usar como un estuche independiente o en bolsas de mano y mochilas. Aspecto moderno y estilizado con un toque elegante. Ideal para laptops, ultrabooks\u0099, macbooks\u00ae y m\u00e1s. Gran compa\u00f1ero para viajes en avi\u00f3n, ya que ofrece el tama\u00f1o perfecto para guardar en los bolsillos de los asientos o en los compartimentos superiores<\/p>\n","protected":false},"featured_media":241908,"comment_status":"open","ping_status":"open","template":"","meta":[],"product_cat":[1483,1482],"product_tag":[1487],"acf":[],"yoast_head":"<!-- This site is optimized with the Yoast SEO plugin v21.7 - https:\/\/yoast.com\/wordpress\/plugins\/seo\/ -->\n<title>[ Manhattan ] &#129351; 439817 Maletin Portafolio, , , 15.6 Seattle<\/title>\n<meta name=\"description\" content=\"Compra 439817 Maletin Portafolio, , , 15.6 Seattle + Env\u00edo a domicilio + Pago seguro + Garant\u00eda\" \/>\n<meta name=\"robots\" content=\"index, follow, max-snippet:-1, max-image-preview:large, max-video-preview:-1\" \/>\n<link rel=\"canonical\" href=\"https:\/\/compuviper.mx\/tienda\/producto\/manhattan-439817-maletin-portafolio-15-6-seattle\/\" \/>\n<meta property=\"og:locale\" content=\"es_MX\" \/>\n<meta property=\"og:type\" content=\"article\" \/>\n<meta property=\"og:title\" content=\"[ Manhattan ] &#129351; 439817 Maletin Portafolio, , , 15.6 Seattle\" \/>\n<meta property=\"og:description\" content=\"Compra 439817 Maletin Portafolio, , , 15.6 Seattle + Env\u00edo a domicilio + Pago seguro + Garant\u00eda\" \/>\n<meta property=\"og:url\" content=\"https:\/\/compuviper.mx\/tienda\/producto\/manhattan-439817-maletin-portafolio-15-6-seattle\/\" \/>\n<meta property=\"og:site_name\" content=\"Compuviper\" \/>\n<meta property=\"article:publisher\" content=\"https:\/\/www.facebook.com\/compuviper\" \/>\n<meta property=\"og:image\" content=\"https:\/\/compuviper.mx\/tienda\/wp-content\/uploads\/2024\/09\/Maletin-portafolio-manhattan-439817-15.6-seattle.jpg\" \/>\n\t<meta property=\"og:image:width\" content=\"200\" \/>\n\t<meta property=\"og:image:height\" content=\"200\" \/>\n\t<meta property=\"og:image:type\" content=\"image\/jpeg\" \/>\n<meta name=\"twitter:card\" content=\"summary_large_image\" \/>\n<meta name=\"twitter:label1\" content=\"Precio\" \/>\n\t<meta name=\"twitter:data1\" content=\"&#36;165 con IVA\" \/>\n\t<meta name=\"twitter:label2\" content=\"Availability\" \/>\n\t<meta name=\"twitter:data2\" content=\"In stock\" \/>\n<script type=\"application\/ld+json\" class=\"yoast-schema-graph\">{\"@context\":\"https:\/\/schema.org\",\"@graph\":[{\"@type\":\"WebPage\",\"@id\":\"https:\/\/compuviper.mx\/tienda\/producto\/manhattan-439817-maletin-portafolio-15-6-seattle\/\",\"url\":\"https:\/\/compuviper.mx\/tienda\/producto\/manhattan-439817-maletin-portafolio-15-6-seattle\/\",\"name\":\"[ Manhattan ] &#129351; 439817 Maletin Portafolio, , , 15.6 Seattle\",\"isPartOf\":{\"@id\":\"https:\/\/compuviper.mx\/tienda\/#website\"},\"datePublished\":\"2026-04-09T05:11:07+00:00\",\"dateModified\":\"2026-04-09T05:11:07+00:00\",\"description\":\"Compra 439817 Maletin Portafolio, , , 15.6 Seattle + Env\u00edo a domicilio + Pago seguro + Garant\u00eda\",\"breadcrumb\":{\"@id\":\"https:\/\/compuviper.mx\/tienda\/producto\/manhattan-439817-maletin-portafolio-15-6-seattle\/#breadcrumb\"},\"inLanguage\":\"es-MX\",\"potentialAction\":[{\"@type\":\"ReadAction\",\"target\":[\"https:\/\/compuviper.mx\/tienda\/producto\/manhattan-439817-maletin-portafolio-15-6-seattle\/\"]}]},{\"@type\":\"BreadcrumbList\",\"@id\":\"https:\/\/compuviper.mx\/tienda\/producto\/manhattan-439817-maletin-portafolio-15-6-seattle\/#breadcrumb\",\"itemListElement\":[{\"@type\":\"ListItem\",\"position\":1,\"name\":\"Inicio\",\"item\":\"https:\/\/compuviper.mx\/tienda\/\"},{\"@type\":\"ListItem\",\"position\":2,\"name\":\"Productos\",\"item\":\"https:\/\/compuviper.mx\/tienda\/productos\/\"},{\"@type\":\"ListItem\",\"position\":3,\"name\":\"Maletines\",\"item\":\"https:\/\/compuviper.mx\/tienda\/categoria-producto\/maletines\/\"},{\"@type\":\"ListItem\",\"position\":4,\"name\":\"Maletin Clasico\",\"item\":\"https:\/\/compuviper.mx\/tienda\/categoria-producto\/maletines\/maletin-clasico\/\"},{\"@type\":\"ListItem\",\"position\":5,\"name\":\"Manhattan 439817 Maletin Portafolio, , , 15.6 Seattle\"}]},{\"@type\":\"WebSite\",\"@id\":\"https:\/\/compuviper.mx\/tienda\/#website\",\"url\":\"https:\/\/compuviper.mx\/tienda\/\",\"name\":\"Compuviper\",\"description\":\"Proveedor de Computadoras, Laptops, Servidores, Monitores, Puntos de Venta, Teclados,   Impresoras, T\u00f3ner, C\u00e1maras de Seguridad y m\u00e1s en tu tienda en l\u00ednea\",\"publisher\":{\"@id\":\"https:\/\/compuviper.mx\/tienda\/#organization\"},\"potentialAction\":[{\"@type\":\"SearchAction\",\"target\":{\"@type\":\"EntryPoint\",\"urlTemplate\":\"https:\/\/compuviper.mx\/tienda\/?s={search_term_string}\"},\"query-input\":\"required name=search_term_string\"}],\"inLanguage\":\"es-MX\"},{\"@type\":\"Organization\",\"@id\":\"https:\/\/compuviper.mx\/tienda\/#organization\",\"name\":\"Compuviper\",\"url\":\"https:\/\/compuviper.mx\/tienda\/\",\"logo\":{\"@type\":\"ImageObject\",\"inLanguage\":\"es-MX\",\"@id\":\"https:\/\/compuviper.mx\/tienda\/#\/schema\/logo\/image\/\",\"url\":\"https:\/\/compuviper.mx\/tienda\/wp-content\/uploads\/2021\/08\/Logo-Compuviper-10.png\",\"contentUrl\":\"https:\/\/compuviper.mx\/tienda\/wp-content\/uploads\/2021\/08\/Logo-Compuviper-10.png\",\"width\":1000,\"height\":500,\"caption\":\"Compuviper\"},\"image\":{\"@id\":\"https:\/\/compuviper.mx\/tienda\/#\/schema\/logo\/image\/\"},\"sameAs\":[\"https:\/\/www.facebook.com\/compuviper\",\"https:\/\/www.youtube.com\/channel\/UCf73dERp9Y3cfOq7q8BhLjA?view_as=subscriber\"]}]}<\/script>\n<meta property=\"product:brand\" content=\"MANHATTAN\" \/>\n<meta property=\"product:price:amount\" content=\"165\" \/>\n<meta property=\"product:price:currency\" content=\"MXN\" \/>\n<meta property=\"og:availability\" content=\"instock\" \/>\n<meta property=\"product:availability\" content=\"instock\" \/>\n<meta property=\"product:retailer_item_id\" content=\"439817\" \/>\n<meta property=\"product:condition\" content=\"new\" \/>\n<!-- \/ Yoast SEO plugin. -->","yoast_head_json":{"title":"[ Manhattan ] &#129351; 439817 Maletin Portafolio, , , 15.6 Seattle","description":"Compra 439817 Maletin Portafolio, , , 15.6 Seattle + Env\u00edo a domicilio + Pago seguro + Garant\u00eda","robots":{"index":"index","follow":"follow","max-snippet":"max-snippet:-1","max-image-preview":"max-image-preview:large","max-video-preview":"max-video-preview:-1"},"canonical":"https:\/\/compuviper.mx\/tienda\/producto\/manhattan-439817-maletin-portafolio-15-6-seattle\/","og_locale":"es_MX","og_type":"article","og_title":"[ Manhattan ] &#129351; 439817 Maletin Portafolio, , , 15.6 Seattle","og_description":"Compra 439817 Maletin Portafolio, , , 15.6 Seattle + Env\u00edo a domicilio + Pago seguro + Garant\u00eda","og_url":"https:\/\/compuviper.mx\/tienda\/producto\/manhattan-439817-maletin-portafolio-15-6-seattle\/","og_site_name":"Compuviper","article_publisher":"https:\/\/www.facebook.com\/compuviper","og_image":[{"width":200,"height":200,"url":"https:\/\/compuviper.mx\/tienda\/wp-content\/uploads\/2024\/09\/Maletin-portafolio-manhattan-439817-15.6-seattle.jpg","type":"image\/jpeg"}],"twitter_card":"summary_large_image","twitter_misc":{"Precio":"&#36;165 con IVA","Availability":"In stock"},"schema":{"@context":"https:\/\/schema.org","@graph":[{"@type":"WebPage","@id":"https:\/\/compuviper.mx\/tienda\/producto\/manhattan-439817-maletin-portafolio-15-6-seattle\/","url":"https:\/\/compuviper.mx\/tienda\/producto\/manhattan-439817-maletin-portafolio-15-6-seattle\/","name":"[ Manhattan ] &#129351; 439817 Maletin Portafolio, , , 15.6 Seattle","isPartOf":{"@id":"https:\/\/compuviper.mx\/tienda\/#website"},"datePublished":"2026-04-09T05:11:07+00:00","dateModified":"2026-04-09T05:11:07+00:00","description":"Compra 439817 Maletin Portafolio, , , 15.6 Seattle + Env\u00edo a domicilio + Pago seguro + Garant\u00eda","breadcrumb":{"@id":"https:\/\/compuviper.mx\/tienda\/producto\/manhattan-439817-maletin-portafolio-15-6-seattle\/#breadcrumb"},"inLanguage":"es-MX","potentialAction":[{"@type":"ReadAction","target":["https:\/\/compuviper.mx\/tienda\/producto\/manhattan-439817-maletin-portafolio-15-6-seattle\/"]}]},{"@type":"BreadcrumbList","@id":"https:\/\/compuviper.mx\/tienda\/producto\/manhattan-439817-maletin-portafolio-15-6-seattle\/#breadcrumb","itemListElement":[{"@type":"ListItem","position":1,"name":"Inicio","item":"https:\/\/compuviper.mx\/tienda\/"},{"@type":"ListItem","position":2,"name":"Productos","item":"https:\/\/compuviper.mx\/tienda\/productos\/"},{"@type":"ListItem","position":3,"name":"Maletines","item":"https:\/\/compuviper.mx\/tienda\/categoria-producto\/maletines\/"},{"@type":"ListItem","position":4,"name":"Maletin Clasico","item":"https:\/\/compuviper.mx\/tienda\/categoria-producto\/maletines\/maletin-clasico\/"},{"@type":"ListItem","position":5,"name":"Manhattan 439817 Maletin Portafolio, , , 15.6 Seattle"}]},{"@type":"WebSite","@id":"https:\/\/compuviper.mx\/tienda\/#website","url":"https:\/\/compuviper.mx\/tienda\/","name":"Compuviper","description":"Proveedor de Computadoras, Laptops, Servidores, Monitores, Puntos de Venta, Teclados,   Impresoras, T\u00f3ner, C\u00e1maras de Seguridad y m\u00e1s en tu tienda en l\u00ednea","publisher":{"@id":"https:\/\/compuviper.mx\/tienda\/#organization"},"potentialAction":[{"@type":"SearchAction","target":{"@type":"EntryPoint","urlTemplate":"https:\/\/compuviper.mx\/tienda\/?s={search_term_string}"},"query-input":"required name=search_term_string"}],"inLanguage":"es-MX"},{"@type":"Organization","@id":"https:\/\/compuviper.mx\/tienda\/#organization","name":"Compuviper","url":"https:\/\/compuviper.mx\/tienda\/","logo":{"@type":"ImageObject","inLanguage":"es-MX","@id":"https:\/\/compuviper.mx\/tienda\/#\/schema\/logo\/image\/","url":"https:\/\/compuviper.mx\/tienda\/wp-content\/uploads\/2021\/08\/Logo-Compuviper-10.png","contentUrl":"https:\/\/compuviper.mx\/tienda\/wp-content\/uploads\/2021\/08\/Logo-Compuviper-10.png","width":1000,"height":500,"caption":"Compuviper"},"image":{"@id":"https:\/\/compuviper.mx\/tienda\/#\/schema\/logo\/image\/"},"sameAs":["https:\/\/www.facebook.com\/compuviper","https:\/\/www.youtube.com\/channel\/UCf73dERp9Y3cfOq7q8BhLjA?view_as=subscriber"]}]},"product_brand":"MANHATTAN","product_price_amount":"165","product_price_currency":"MXN","og_availability":"instock","product_availability":"instock","product_retailer_item_id":"439817","product_condition":"new"},"_links":{"self":[{"href":"https:\/\/compuviper.mx\/tienda\/wp-json\/wp\/v2\/product\/235405"}],"collection":[{"href":"https:\/\/compuviper.mx\/tienda\/wp-json\/wp\/v2\/product"}],"about":[{"href":"https:\/\/compuviper.mx\/tienda\/wp-json\/wp\/v2\/types\/product"}],"replies":[{"embeddable":true,"href":"https:\/\/compuviper.mx\/tienda\/wp-json\/wp\/v2\/comments?post=235405"}],"wp:featuredmedia":[{"embeddable":true,"href":"https:\/\/compuviper.mx\/tienda\/wp-json\/wp\/v2\/media\/241908"}],"wp:attachment":[{"href":"https:\/\/compuviper.mx\/tienda\/wp-json\/wp\/v2\/media?parent=235405"}],"wp:term":[{"taxonomy":"product_cat","embeddable":true,"href":"https:\/\/compuviper.mx\/tienda\/wp-json\/wp\/v2\/product_cat?post=235405"},{"taxonomy":"product_tag","embeddable":true,"href":"https:\/\/compuviper.mx\/tienda\/wp-json\/wp\/v2\/product_tag?post=235405"}],"curies":[{"name":"wp","href":"https:\/\/api.w.org\/{rel}","templated":true}]}}