{"id":235404,"date":"2026-04-09T23:11:55","date_gmt":"2026-04-10T05:11:55","guid":{"rendered":"https:\/\/compuviper.mx\/tienda\/producto\/manhattan-462501-soporte-monitor-p-2-monitor-13-a-27-escritorio-gas\/"},"modified":"2026-04-09T23:11:55","modified_gmt":"2026-04-10T05:11:55","slug":"manhattan-462501-soporte-monitor-p-2-monitor-13-a-27-escritorio-gas","status":"publish","type":"product","link":"https:\/\/compuviper.mx\/tienda\/producto\/manhattan-462501-soporte-monitor-p-2-monitor-13-a-27-escritorio-gas\/","title":{"rendered":"Manhattan 462501 Soporte Monitor , ,  ,p\/2 Monitor 13 A 27 Escritorio, Gas"},"content":{"rendered":"<table class=\"descripcion\">\n<tr>\n<td>General<\/td>\n<\/tr>\n<tr>\n<td>Certificaciones: rohs<\/td>\n<\/tr>\n<tr>\n<td>Dise\u00f1ado para la mayor\u00eda de pantallas planas y curvas de 17 a 32<\/td>\n<\/tr>\n<tr>\n<td>Capacidad de peso: de 2 a 9 kg por brazo<\/td>\n<\/tr>\n<tr>\n<td>Giro 180\u00b0<\/td>\n<\/tr>\n<tr>\n<td>Inclinaci\u00f3n: +90\/-45\u00b0<\/td>\n<\/tr>\n<tr>\n<td>Rotaci\u00f3n: 360\u00b0<\/td>\n<\/tr>\n<tr>\n<td>Ajuste de altura: 158 a 406 mm (6,2 a 16 pulg.)<\/td>\n<\/tr>\n<tr>\n<td>Dimensiones<\/td>\n<\/tr>\n<tr>\n<td>&#8211; total (largo x ancho x alto): 570 x 112 x 942 mm (22.44 x 4.41 x 37.09 pulg.)<\/td>\n<\/tr>\n<tr>\n<td>&#8211; longitud del brazo (totalmente extendido) 450 mm (17.7 pulg.)<\/td>\n<\/tr>\n<tr>\n<td>Peso neto: 3.83 kg (8.44 lbs.)<\/td>\n<\/tr>\n<tr>\n<td>Peso bruto: 4.36 kg (9.61 lbs.)<\/td>\n<\/tr>\n<tr>\n<td>Material: aluminio<\/td>\n<\/tr>\n<tr>\n<td>Grosor de la superficie para la instalaci\u00f3n de abrazaderas 10 a 83 mm (0.4 a 3.3 pulg.)<\/td>\n<\/tr>\n<tr>\n<td>Di\u00e1metro del orificio para la instalaci\u00f3n del pasacables: 10 a 83 mm (0.4 a 3.3 pulgadas)<\/td>\n<\/tr>\n<tr>\n<td>Est\u00e1ndar vesa: 75&#215;75, 100&#215;100 (verifique que su monitor cumpla con este est\u00e1ndar)<\/td>\n<\/tr>\n<tr>\n<td>Contenido del paquete<\/td>\n<\/tr>\n<tr>\n<td>Soporte de aluminio con pistones de gas para dos monitores<\/td>\n<\/tr>\n<tr>\n<td>Piezas para montaje y herramienta<\/td>\n<\/tr>\n<tr>\n<td>Este producto forma parte de un grupo, la lista completa de variaciones es la siguiente:<\/td>\n<\/tr>\n<tr>\n<td>#462495 &#8211; soporte de aluminio con pist\u00f3n de gas para un monitor<\/td>\n<\/tr>\n<tr>\n<td>#462501 &#8211; soporte de aluminio con pist\u00f3n de gas para dos monitores<\/td>\n<\/tr>\n<\/table>\n","protected":false},"excerpt":{"rendered":"<p>Soporte con brazos articulados para dos monitores y pistones de gas para ajustar con un solo toque: ergon\u00f3micos, con movimiento completo y altura ajustable. Convierte el escritorio de tu oficina (en casa) en un entorno ergon\u00f3mico y recupera un valioso espacio de trabajo con este soporte para monitor manhattan. Dado que utiliza un pist\u00f3n de gas para sostener las pantallas, estos brazos para monitor solo necesitan un ligero toque para mover la pantalla al mejor \u00e1ngulo de visi\u00f3n. El soporte vesa para dos monitores admite pantallas de 17 a 32 con una capacidad de peso de hasta 9 kg (19.8 lb) cada una. Un atractivo acabado en negro complementa su espacio de trabajo. Ajuste de altura con un toque ligero. Un pist\u00f3n de gas facilita subir o bajar la pantalla entre 158 y 406 mm (6.2 a 16 pulgadas) para que pueda ubicarse en el mejor lugar de la l\u00ednea de visi\u00f3n. Ajusta la tensi\u00f3n seg\u00fan el peso de tus monitores para reposicionarlos sin esfuerzo. Optimizaci\u00f3n de la vista en movimiento completo. Los brazos de movimiento completo te permiten extender, inclinar y girar en m\u00faltiples ejes, por lo que es f\u00e1cil crear un espacio de trabajo ergon\u00f3mico que se adapte exactamente a tus necesidades. Tambi\u00e9n puedes rotar los monitores de orientaci\u00f3n horizontal a vertical para ver fotos en modo vertical o ver p\u00e1ginas y bloques de c\u00f3digo m\u00e1s largos sin tener que desplazarse hacia abajo. F\u00e1cil instalaci\u00f3n. Puedes sujetar el soporte al costado de un escritorio, mesa o mostrador que tenga de 10 a 83 mm (0.4 a 3.3 pulg.) de espesor, o puedes montarlo a trav\u00e9s del hojal pasacables de 10 a 83 mm ( 0.4 a 3.3 pulgadas) de ancho. Todo los accesorios de instalaci\u00f3n est\u00e1n incluidos en la caja. Gesti\u00f3n limpia de cables. La gesti\u00f3n de cables integrada mantiene los cables de tu escritorio ordenados y organizados. Brazos giratorios articulados de doble articulaci\u00f3n para soportar dos monitores led\/lcd de 17 a 32 de hasta 9 kg. Vistas optimizadas con inclinaci\u00f3n de +90\/-45\u00b0, giro de 180\u00b0 y ajuste de altura de 158 a 406 mm (6.2 a 16 pulg.. Pist\u00f3n de gas para ajustar la visualizaci\u00f3n con un ligero toque. Rotaci\u00f3n de 360\u00b0 para orientaci\u00f3n horizontal o vertical. Opciones de montaje: abrazadera en c en el borde de un escritorio (para superficies de 10 a 83 mm [0.4 a 3.3 pulgadas] de grosor) o montaje con pasacables a trav\u00e9s de un orificio taladrado (para pasacables de 10 a 83 mm [0.4 a 3.3 pulgadas] de ancho. Ajuste de presi\u00f3n integrado para adaptarse al peso del monitor. Construcci\u00f3n duradera de aluminio. Organizadores de cables integrados para evitar el desorden. Ideal para oficinas (en casa), estudio, redes inform\u00e1ticas y aplicaciones de seguridad. Instalaci\u00f3n f\u00e1cil y r\u00e1pida, se incluye toda la torniller\u00eda. Cumple con los est\u00e1ndares vesa: 75&#215;75, 100&#215;100<\/p>\n","protected":false},"featured_media":241907,"comment_status":"open","ping_status":"open","template":"","meta":[],"product_cat":[2321,2265],"product_tag":[1487],"acf":[],"yoast_head":"<!-- This site is optimized with the Yoast SEO plugin v21.7 - https:\/\/yoast.com\/wordpress\/plugins\/seo\/ -->\n<title>[ Manhattan ] &#129351; 462501 Soporte Monitor , , ,p\/2 Monitor 13 A 27 Escritorio, Gas<\/title>\n<meta name=\"description\" content=\"Compra 462501 Soporte Monitor , , ,p\/2 Monitor 13 A 27 Escritorio, Gas + Env\u00edo a domicilio + Pago seguro + Garant\u00eda\" \/>\n<meta name=\"robots\" content=\"index, follow, max-snippet:-1, max-image-preview:large, max-video-preview:-1\" \/>\n<link rel=\"canonical\" href=\"https:\/\/compuviper.mx\/tienda\/producto\/manhattan-462501-soporte-monitor-p-2-monitor-13-a-27-escritorio-gas\/\" \/>\n<meta property=\"og:locale\" content=\"es_MX\" \/>\n<meta property=\"og:type\" content=\"article\" \/>\n<meta property=\"og:title\" content=\"[ Manhattan ] &#129351; 462501 Soporte Monitor , , ,p\/2 Monitor 13 A 27 Escritorio, Gas\" \/>\n<meta property=\"og:description\" content=\"Compra 462501 Soporte Monitor , , ,p\/2 Monitor 13 A 27 Escritorio, Gas + Env\u00edo a domicilio + Pago seguro + Garant\u00eda\" \/>\n<meta property=\"og:url\" content=\"https:\/\/compuviper.mx\/tienda\/producto\/manhattan-462501-soporte-monitor-p-2-monitor-13-a-27-escritorio-gas\/\" \/>\n<meta property=\"og:site_name\" content=\"Compuviper\" \/>\n<meta property=\"article:publisher\" content=\"https:\/\/www.facebook.com\/compuviper\" \/>\n<meta property=\"og:image\" content=\"https:\/\/compuviper.mx\/tienda\/wp-content\/uploads\/2024\/09\/Soporte-monitor-manhattan-462501-p2-monitor-13-a-27-escritorio-gas.jpg\" \/>\n\t<meta property=\"og:image:width\" content=\"200\" \/>\n\t<meta property=\"og:image:height\" content=\"200\" \/>\n\t<meta property=\"og:image:type\" content=\"image\/jpeg\" \/>\n<meta name=\"twitter:card\" content=\"summary_large_image\" \/>\n<meta name=\"twitter:label1\" content=\"Precio\" \/>\n\t<meta name=\"twitter:data1\" content=\"&#36;1,674 con IVA\" \/>\n\t<meta name=\"twitter:label2\" content=\"Availability\" \/>\n\t<meta name=\"twitter:data2\" content=\"Out of stock\" \/>\n<script type=\"application\/ld+json\" class=\"yoast-schema-graph\">{\"@context\":\"https:\/\/schema.org\",\"@graph\":[{\"@type\":\"WebPage\",\"@id\":\"https:\/\/compuviper.mx\/tienda\/producto\/manhattan-462501-soporte-monitor-p-2-monitor-13-a-27-escritorio-gas\/\",\"url\":\"https:\/\/compuviper.mx\/tienda\/producto\/manhattan-462501-soporte-monitor-p-2-monitor-13-a-27-escritorio-gas\/\",\"name\":\"[ Manhattan ] &#129351; 462501 Soporte Monitor , , ,p\/2 Monitor 13 A 27 Escritorio, Gas\",\"isPartOf\":{\"@id\":\"https:\/\/compuviper.mx\/tienda\/#website\"},\"datePublished\":\"2026-04-10T05:11:55+00:00\",\"dateModified\":\"2026-04-10T05:11:55+00:00\",\"description\":\"Compra 462501 Soporte Monitor , , ,p\/2 Monitor 13 A 27 Escritorio, Gas + Env\u00edo a domicilio + Pago seguro + Garant\u00eda\",\"breadcrumb\":{\"@id\":\"https:\/\/compuviper.mx\/tienda\/producto\/manhattan-462501-soporte-monitor-p-2-monitor-13-a-27-escritorio-gas\/#breadcrumb\"},\"inLanguage\":\"es-MX\",\"potentialAction\":[{\"@type\":\"ReadAction\",\"target\":[\"https:\/\/compuviper.mx\/tienda\/producto\/manhattan-462501-soporte-monitor-p-2-monitor-13-a-27-escritorio-gas\/\"]}]},{\"@type\":\"BreadcrumbList\",\"@id\":\"https:\/\/compuviper.mx\/tienda\/producto\/manhattan-462501-soporte-monitor-p-2-monitor-13-a-27-escritorio-gas\/#breadcrumb\",\"itemListElement\":[{\"@type\":\"ListItem\",\"position\":1,\"name\":\"Inicio\",\"item\":\"https:\/\/compuviper.mx\/tienda\/\"},{\"@type\":\"ListItem\",\"position\":2,\"name\":\"Productos\",\"item\":\"https:\/\/compuviper.mx\/tienda\/productos\/\"},{\"@type\":\"ListItem\",\"position\":3,\"name\":\"Soportes Y Bases P\/tv\/ Proyectores\/dvd\/consolas\/bocinas\/pantallas\/monotores\",\"item\":\"https:\/\/compuviper.mx\/tienda\/categoria-producto\/soportes-y-bases-p-tv-proyectores-dvd-consolas-bocinas-pantallas-monotores\/\"},{\"@type\":\"ListItem\",\"position\":4,\"name\":\"Soporte Y Base Para Tv\/pantallas\/monitores\/kiosko\",\"item\":\"https:\/\/compuviper.mx\/tienda\/categoria-producto\/soportes-y-bases-p-tv-proyectores-dvd-consolas-bocinas-pantallas-monotores\/soporte-y-base-para-tv-pantallas-monitores-kiosko\/\"},{\"@type\":\"ListItem\",\"position\":5,\"name\":\"Manhattan 462501 Soporte Monitor , , ,p\/2 Monitor 13 A 27 Escritorio, Gas\"}]},{\"@type\":\"WebSite\",\"@id\":\"https:\/\/compuviper.mx\/tienda\/#website\",\"url\":\"https:\/\/compuviper.mx\/tienda\/\",\"name\":\"Compuviper\",\"description\":\"Proveedor de Computadoras, Laptops, Servidores, Monitores, Puntos de Venta, Teclados,   Impresoras, T\u00f3ner, C\u00e1maras de Seguridad y m\u00e1s en tu tienda en l\u00ednea\",\"publisher\":{\"@id\":\"https:\/\/compuviper.mx\/tienda\/#organization\"},\"potentialAction\":[{\"@type\":\"SearchAction\",\"target\":{\"@type\":\"EntryPoint\",\"urlTemplate\":\"https:\/\/compuviper.mx\/tienda\/?s={search_term_string}\"},\"query-input\":\"required name=search_term_string\"}],\"inLanguage\":\"es-MX\"},{\"@type\":\"Organization\",\"@id\":\"https:\/\/compuviper.mx\/tienda\/#organization\",\"name\":\"Compuviper\",\"url\":\"https:\/\/compuviper.mx\/tienda\/\",\"logo\":{\"@type\":\"ImageObject\",\"inLanguage\":\"es-MX\",\"@id\":\"https:\/\/compuviper.mx\/tienda\/#\/schema\/logo\/image\/\",\"url\":\"https:\/\/compuviper.mx\/tienda\/wp-content\/uploads\/2021\/08\/Logo-Compuviper-10.png\",\"contentUrl\":\"https:\/\/compuviper.mx\/tienda\/wp-content\/uploads\/2021\/08\/Logo-Compuviper-10.png\",\"width\":1000,\"height\":500,\"caption\":\"Compuviper\"},\"image\":{\"@id\":\"https:\/\/compuviper.mx\/tienda\/#\/schema\/logo\/image\/\"},\"sameAs\":[\"https:\/\/www.facebook.com\/compuviper\",\"https:\/\/www.youtube.com\/channel\/UCf73dERp9Y3cfOq7q8BhLjA?view_as=subscriber\"]}]}<\/script>\n<meta property=\"product:brand\" content=\"MANHATTAN\" \/>\n<meta property=\"product:price:amount\" content=\"1674\" \/>\n<meta property=\"product:price:currency\" content=\"MXN\" \/>\n<meta property=\"og:availability\" content=\"out of stock\" \/>\n<meta property=\"product:availability\" content=\"out of stock\" \/>\n<meta property=\"product:retailer_item_id\" content=\"462501\" \/>\n<meta property=\"product:condition\" content=\"new\" \/>\n<!-- \/ Yoast SEO plugin. -->","yoast_head_json":{"title":"[ Manhattan ] &#129351; 462501 Soporte Monitor , , ,p\/2 Monitor 13 A 27 Escritorio, Gas","description":"Compra 462501 Soporte Monitor , , ,p\/2 Monitor 13 A 27 Escritorio, Gas + Env\u00edo a domicilio + Pago seguro + Garant\u00eda","robots":{"index":"index","follow":"follow","max-snippet":"max-snippet:-1","max-image-preview":"max-image-preview:large","max-video-preview":"max-video-preview:-1"},"canonical":"https:\/\/compuviper.mx\/tienda\/producto\/manhattan-462501-soporte-monitor-p-2-monitor-13-a-27-escritorio-gas\/","og_locale":"es_MX","og_type":"article","og_title":"[ Manhattan ] &#129351; 462501 Soporte Monitor , , ,p\/2 Monitor 13 A 27 Escritorio, Gas","og_description":"Compra 462501 Soporte Monitor , , ,p\/2 Monitor 13 A 27 Escritorio, Gas + Env\u00edo a domicilio + Pago seguro + Garant\u00eda","og_url":"https:\/\/compuviper.mx\/tienda\/producto\/manhattan-462501-soporte-monitor-p-2-monitor-13-a-27-escritorio-gas\/","og_site_name":"Compuviper","article_publisher":"https:\/\/www.facebook.com\/compuviper","og_image":[{"width":200,"height":200,"url":"https:\/\/compuviper.mx\/tienda\/wp-content\/uploads\/2024\/09\/Soporte-monitor-manhattan-462501-p2-monitor-13-a-27-escritorio-gas.jpg","type":"image\/jpeg"}],"twitter_card":"summary_large_image","twitter_misc":{"Precio":"&#36;1,674 con IVA","Availability":"Out of stock"},"schema":{"@context":"https:\/\/schema.org","@graph":[{"@type":"WebPage","@id":"https:\/\/compuviper.mx\/tienda\/producto\/manhattan-462501-soporte-monitor-p-2-monitor-13-a-27-escritorio-gas\/","url":"https:\/\/compuviper.mx\/tienda\/producto\/manhattan-462501-soporte-monitor-p-2-monitor-13-a-27-escritorio-gas\/","name":"[ Manhattan ] &#129351; 462501 Soporte Monitor , , ,p\/2 Monitor 13 A 27 Escritorio, Gas","isPartOf":{"@id":"https:\/\/compuviper.mx\/tienda\/#website"},"datePublished":"2026-04-10T05:11:55+00:00","dateModified":"2026-04-10T05:11:55+00:00","description":"Compra 462501 Soporte Monitor , , ,p\/2 Monitor 13 A 27 Escritorio, Gas + Env\u00edo a domicilio + Pago seguro + Garant\u00eda","breadcrumb":{"@id":"https:\/\/compuviper.mx\/tienda\/producto\/manhattan-462501-soporte-monitor-p-2-monitor-13-a-27-escritorio-gas\/#breadcrumb"},"inLanguage":"es-MX","potentialAction":[{"@type":"ReadAction","target":["https:\/\/compuviper.mx\/tienda\/producto\/manhattan-462501-soporte-monitor-p-2-monitor-13-a-27-escritorio-gas\/"]}]},{"@type":"BreadcrumbList","@id":"https:\/\/compuviper.mx\/tienda\/producto\/manhattan-462501-soporte-monitor-p-2-monitor-13-a-27-escritorio-gas\/#breadcrumb","itemListElement":[{"@type":"ListItem","position":1,"name":"Inicio","item":"https:\/\/compuviper.mx\/tienda\/"},{"@type":"ListItem","position":2,"name":"Productos","item":"https:\/\/compuviper.mx\/tienda\/productos\/"},{"@type":"ListItem","position":3,"name":"Soportes Y Bases P\/tv\/ Proyectores\/dvd\/consolas\/bocinas\/pantallas\/monotores","item":"https:\/\/compuviper.mx\/tienda\/categoria-producto\/soportes-y-bases-p-tv-proyectores-dvd-consolas-bocinas-pantallas-monotores\/"},{"@type":"ListItem","position":4,"name":"Soporte Y Base Para Tv\/pantallas\/monitores\/kiosko","item":"https:\/\/compuviper.mx\/tienda\/categoria-producto\/soportes-y-bases-p-tv-proyectores-dvd-consolas-bocinas-pantallas-monotores\/soporte-y-base-para-tv-pantallas-monitores-kiosko\/"},{"@type":"ListItem","position":5,"name":"Manhattan 462501 Soporte Monitor , , ,p\/2 Monitor 13 A 27 Escritorio, Gas"}]},{"@type":"WebSite","@id":"https:\/\/compuviper.mx\/tienda\/#website","url":"https:\/\/compuviper.mx\/tienda\/","name":"Compuviper","description":"Proveedor de Computadoras, Laptops, Servidores, Monitores, Puntos de Venta, Teclados,   Impresoras, T\u00f3ner, C\u00e1maras de Seguridad y m\u00e1s en tu tienda en l\u00ednea","publisher":{"@id":"https:\/\/compuviper.mx\/tienda\/#organization"},"potentialAction":[{"@type":"SearchAction","target":{"@type":"EntryPoint","urlTemplate":"https:\/\/compuviper.mx\/tienda\/?s={search_term_string}"},"query-input":"required name=search_term_string"}],"inLanguage":"es-MX"},{"@type":"Organization","@id":"https:\/\/compuviper.mx\/tienda\/#organization","name":"Compuviper","url":"https:\/\/compuviper.mx\/tienda\/","logo":{"@type":"ImageObject","inLanguage":"es-MX","@id":"https:\/\/compuviper.mx\/tienda\/#\/schema\/logo\/image\/","url":"https:\/\/compuviper.mx\/tienda\/wp-content\/uploads\/2021\/08\/Logo-Compuviper-10.png","contentUrl":"https:\/\/compuviper.mx\/tienda\/wp-content\/uploads\/2021\/08\/Logo-Compuviper-10.png","width":1000,"height":500,"caption":"Compuviper"},"image":{"@id":"https:\/\/compuviper.mx\/tienda\/#\/schema\/logo\/image\/"},"sameAs":["https:\/\/www.facebook.com\/compuviper","https:\/\/www.youtube.com\/channel\/UCf73dERp9Y3cfOq7q8BhLjA?view_as=subscriber"]}]},"product_brand":"MANHATTAN","product_price_amount":"1674","product_price_currency":"MXN","og_availability":"out of stock","product_availability":"out of stock","product_retailer_item_id":"462501","product_condition":"new"},"_links":{"self":[{"href":"https:\/\/compuviper.mx\/tienda\/wp-json\/wp\/v2\/product\/235404"}],"collection":[{"href":"https:\/\/compuviper.mx\/tienda\/wp-json\/wp\/v2\/product"}],"about":[{"href":"https:\/\/compuviper.mx\/tienda\/wp-json\/wp\/v2\/types\/product"}],"replies":[{"embeddable":true,"href":"https:\/\/compuviper.mx\/tienda\/wp-json\/wp\/v2\/comments?post=235404"}],"wp:featuredmedia":[{"embeddable":true,"href":"https:\/\/compuviper.mx\/tienda\/wp-json\/wp\/v2\/media\/241907"}],"wp:attachment":[{"href":"https:\/\/compuviper.mx\/tienda\/wp-json\/wp\/v2\/media?parent=235404"}],"wp:term":[{"taxonomy":"product_cat","embeddable":true,"href":"https:\/\/compuviper.mx\/tienda\/wp-json\/wp\/v2\/product_cat?post=235404"},{"taxonomy":"product_tag","embeddable":true,"href":"https:\/\/compuviper.mx\/tienda\/wp-json\/wp\/v2\/product_tag?post=235404"}],"curies":[{"name":"wp","href":"https:\/\/api.w.org\/{rel}","templated":true}]}}