{"id":235402,"date":"2026-04-01T23:12:57","date_gmt":"2026-04-02T05:12:57","guid":{"rendered":"https:\/\/compuviper.mx\/tienda\/producto\/manhattan-462396-soporte-tv-p-pared-30kg-32-a-40-fijo\/"},"modified":"2026-04-01T23:12:57","modified_gmt":"2026-04-02T05:12:57","slug":"manhattan-462396-soporte-tv-p-pared-30kg-32-a-40-fijo","status":"publish","type":"product","link":"https:\/\/compuviper.mx\/tienda\/producto\/manhattan-462396-soporte-tv-p-pared-30kg-32-a-40-fijo\/","title":{"rendered":"Manhattan 462396 Soporte Tv , , , P\/pared 30kg, 32 A 40 Fijo"},"content":{"rendered":"<table class=\"descripcion\">\n<tr>\n<td>General<\/td>\n<\/tr>\n<tr>\n<td>Dise\u00f1ado para la mayor\u00eda de pantallas planas y curvas de 32 a 70<\/td>\n<\/tr>\n<tr>\n<td>Capacidad de peso: 45 kg (100 lbs.)<\/td>\n<\/tr>\n<tr>\n<td>Dimensiones (l x w x h): 418 x 440 x 20 mm (16.46 x 17.32 x 0.79 in.)<\/td>\n<\/tr>\n<tr>\n<td>Peso neto: 800 g (1.76 lbs.)<\/td>\n<\/tr>\n<tr>\n<td>Peso bruto: 1 kg (2.2 lbs.)<\/td>\n<\/tr>\n<tr>\n<td>Material: acero<\/td>\n<\/tr>\n<tr>\n<td>Est\u00e1ndares vesa: 75&#215;75, 100&#215;100, 100&#215;150, 100&#215;200, 150&#215;100, 150&#215;150, 200&#215;100, 200&#215;200, 200&#215;300, 200&#215;400, 300&#215;200, 300&#215;300, 300&#215;400, 400&#215;200, 400&#215;300, 400&#215;400<\/td>\n<\/tr>\n<tr>\n<td>Contenidos del envase<\/td>\n<\/tr>\n<tr>\n<td>Soporte fijo ultradelgado para pantallas de 32 a 70<\/td>\n<\/tr>\n<tr>\n<td>Piezas para montaje y herramienta<\/td>\n<\/tr>\n<\/table>\n","protected":false},"excerpt":{"rendered":"<p>Soporte ultradelgado de pared para pantalla &#8211; soporte resistente para instalaciones de tv al ras de pared. Cuando las ubicaciones de visualizaci\u00f3n y las alturas de las pantallas se fijan en posiciones \u00f3ptimas, el soporte fijo de pared manhattan para tv de perfil bajo crea una instalaci\u00f3n casi al ras, cerca de la pared, que realza las siluetas delgadas y modernas de las pantallas. Este soporte de tv ultra delgado se extiende s\u00f3lo 20 mm (0.8 pulgadas) de la pared. Fabricado en acero con recubrimiento en polvo de alta calidad, este soporte para tv se adapta a pantallas lcd, oled o de plasma planos y curvos de hasta 70 y un peso de hasta 45 kg (100 lbs.) con conformidad vesa de hasta 400&#215;400. Ya est\u00e1 todo listo para una instalaci\u00f3n segura por encima del suelo que le permite colocar la pantalla en su sitio de forma f\u00e1cil y segura. Es ideal para aplicaciones residenciales, de oficina, hosteler\u00eda, aulas, salas de conferencias, se\u00f1alizaci\u00f3n digital y otras aplicaciones comerciales. Por encima del suelo. Soporta una pantalla plana o curva de 32 a 70 de hasta 45 kg (100 lbs.. Sostiene el televisor a s\u00f3lo 20 mm (0,8 pulg.) de la pared para una instalaci\u00f3n casi al ras, pegada a la pared, que realza la silueta delgada y moderna del la pantalla. Construcci\u00f3n de acero resistente con recubrimiento en polvo. Instalaci\u00f3n fija de bajo perfil; ideal para aplicaciones dom\u00e9sticas, de oficina y comerciales. Cumple los est\u00e1ndares vesa de 75&#215;75 a 400&#215;400 (e.G., 75&#215;75, 100&#215;100, 100&#215;150, 100&#215;200, 150&#215;100, 150&#215;150, 200&#215;100, 200&#215;200, 200&#215;300, 200&#215;400, 300&#215;200, 300&#215;300, 300&#215;400, 400&#215;200, 400&#215;300, 400&#215;400)<\/p>\n","protected":false},"featured_media":241905,"comment_status":"open","ping_status":"open","template":"","meta":[],"product_cat":[2321,2265],"product_tag":[1487],"acf":[],"yoast_head":"<!-- This site is optimized with the Yoast SEO plugin v21.7 - https:\/\/yoast.com\/wordpress\/plugins\/seo\/ -->\n<title>[ Manhattan ] &#129351; 462396 Soporte Tv , , , P\/pared 30kg, 32 A 40 Fijo<\/title>\n<meta name=\"description\" content=\"Compra 462396 Soporte Tv , , , P\/pared 30kg, 32 A 40 Fijo + Env\u00edo a domicilio + Pago seguro + Garant\u00eda\" \/>\n<meta name=\"robots\" content=\"index, follow, max-snippet:-1, max-image-preview:large, max-video-preview:-1\" \/>\n<link rel=\"canonical\" href=\"https:\/\/compuviper.mx\/tienda\/producto\/manhattan-462396-soporte-tv-p-pared-30kg-32-a-40-fijo\/\" \/>\n<meta property=\"og:locale\" content=\"es_MX\" \/>\n<meta property=\"og:type\" content=\"article\" \/>\n<meta property=\"og:title\" content=\"[ Manhattan ] &#129351; 462396 Soporte Tv , , , P\/pared 30kg, 32 A 40 Fijo\" \/>\n<meta property=\"og:description\" content=\"Compra 462396 Soporte Tv , , , P\/pared 30kg, 32 A 40 Fijo + Env\u00edo a domicilio + Pago seguro + Garant\u00eda\" \/>\n<meta property=\"og:url\" content=\"https:\/\/compuviper.mx\/tienda\/producto\/manhattan-462396-soporte-tv-p-pared-30kg-32-a-40-fijo\/\" \/>\n<meta property=\"og:site_name\" content=\"Compuviper\" \/>\n<meta property=\"article:publisher\" content=\"https:\/\/www.facebook.com\/compuviper\" \/>\n<meta property=\"og:image\" content=\"https:\/\/compuviper.mx\/tienda\/wp-content\/uploads\/2024\/09\/Soporte-tv-manhattan-462396-ppared-30kg-32-a-40-fijo.jpg\" \/>\n\t<meta property=\"og:image:width\" content=\"200\" \/>\n\t<meta property=\"og:image:height\" content=\"200\" \/>\n\t<meta property=\"og:image:type\" content=\"image\/jpeg\" \/>\n<meta name=\"twitter:card\" content=\"summary_large_image\" \/>\n<meta name=\"twitter:label1\" content=\"Precio\" \/>\n\t<meta name=\"twitter:data1\" content=\"&#36;257 con IVA\" \/>\n\t<meta name=\"twitter:label2\" content=\"Availability\" \/>\n\t<meta name=\"twitter:data2\" content=\"In stock\" \/>\n<script type=\"application\/ld+json\" class=\"yoast-schema-graph\">{\"@context\":\"https:\/\/schema.org\",\"@graph\":[{\"@type\":\"WebPage\",\"@id\":\"https:\/\/compuviper.mx\/tienda\/producto\/manhattan-462396-soporte-tv-p-pared-30kg-32-a-40-fijo\/\",\"url\":\"https:\/\/compuviper.mx\/tienda\/producto\/manhattan-462396-soporte-tv-p-pared-30kg-32-a-40-fijo\/\",\"name\":\"[ Manhattan ] &#129351; 462396 Soporte Tv , , , P\/pared 30kg, 32 A 40 Fijo\",\"isPartOf\":{\"@id\":\"https:\/\/compuviper.mx\/tienda\/#website\"},\"datePublished\":\"2026-04-02T05:12:57+00:00\",\"dateModified\":\"2026-04-02T05:12:57+00:00\",\"description\":\"Compra 462396 Soporte Tv , , , P\/pared 30kg, 32 A 40 Fijo + Env\u00edo a domicilio + Pago seguro + Garant\u00eda\",\"breadcrumb\":{\"@id\":\"https:\/\/compuviper.mx\/tienda\/producto\/manhattan-462396-soporte-tv-p-pared-30kg-32-a-40-fijo\/#breadcrumb\"},\"inLanguage\":\"es-MX\",\"potentialAction\":[{\"@type\":\"ReadAction\",\"target\":[\"https:\/\/compuviper.mx\/tienda\/producto\/manhattan-462396-soporte-tv-p-pared-30kg-32-a-40-fijo\/\"]}]},{\"@type\":\"BreadcrumbList\",\"@id\":\"https:\/\/compuviper.mx\/tienda\/producto\/manhattan-462396-soporte-tv-p-pared-30kg-32-a-40-fijo\/#breadcrumb\",\"itemListElement\":[{\"@type\":\"ListItem\",\"position\":1,\"name\":\"Inicio\",\"item\":\"https:\/\/compuviper.mx\/tienda\/\"},{\"@type\":\"ListItem\",\"position\":2,\"name\":\"Productos\",\"item\":\"https:\/\/compuviper.mx\/tienda\/productos\/\"},{\"@type\":\"ListItem\",\"position\":3,\"name\":\"Soportes Y Bases P\/tv\/ Proyectores\/dvd\/consolas\/bocinas\/pantallas\/monotores\",\"item\":\"https:\/\/compuviper.mx\/tienda\/categoria-producto\/soportes-y-bases-p-tv-proyectores-dvd-consolas-bocinas-pantallas-monotores\/\"},{\"@type\":\"ListItem\",\"position\":4,\"name\":\"Soporte Y Base Para Tv\/pantallas\/monitores\/kiosko\",\"item\":\"https:\/\/compuviper.mx\/tienda\/categoria-producto\/soportes-y-bases-p-tv-proyectores-dvd-consolas-bocinas-pantallas-monotores\/soporte-y-base-para-tv-pantallas-monitores-kiosko\/\"},{\"@type\":\"ListItem\",\"position\":5,\"name\":\"Manhattan 462396 Soporte Tv , , , P\/pared 30kg, 32 A 40 Fijo\"}]},{\"@type\":\"WebSite\",\"@id\":\"https:\/\/compuviper.mx\/tienda\/#website\",\"url\":\"https:\/\/compuviper.mx\/tienda\/\",\"name\":\"Compuviper\",\"description\":\"Proveedor de Computadoras, Laptops, Servidores, Monitores, Puntos de Venta, Teclados,   Impresoras, T\u00f3ner, C\u00e1maras de Seguridad y m\u00e1s en tu tienda en l\u00ednea\",\"publisher\":{\"@id\":\"https:\/\/compuviper.mx\/tienda\/#organization\"},\"potentialAction\":[{\"@type\":\"SearchAction\",\"target\":{\"@type\":\"EntryPoint\",\"urlTemplate\":\"https:\/\/compuviper.mx\/tienda\/?s={search_term_string}\"},\"query-input\":\"required name=search_term_string\"}],\"inLanguage\":\"es-MX\"},{\"@type\":\"Organization\",\"@id\":\"https:\/\/compuviper.mx\/tienda\/#organization\",\"name\":\"Compuviper\",\"url\":\"https:\/\/compuviper.mx\/tienda\/\",\"logo\":{\"@type\":\"ImageObject\",\"inLanguage\":\"es-MX\",\"@id\":\"https:\/\/compuviper.mx\/tienda\/#\/schema\/logo\/image\/\",\"url\":\"https:\/\/compuviper.mx\/tienda\/wp-content\/uploads\/2021\/08\/Logo-Compuviper-10.png\",\"contentUrl\":\"https:\/\/compuviper.mx\/tienda\/wp-content\/uploads\/2021\/08\/Logo-Compuviper-10.png\",\"width\":1000,\"height\":500,\"caption\":\"Compuviper\"},\"image\":{\"@id\":\"https:\/\/compuviper.mx\/tienda\/#\/schema\/logo\/image\/\"},\"sameAs\":[\"https:\/\/www.facebook.com\/compuviper\",\"https:\/\/www.youtube.com\/channel\/UCf73dERp9Y3cfOq7q8BhLjA?view_as=subscriber\"]}]}<\/script>\n<meta property=\"product:brand\" content=\"MANHATTAN\" \/>\n<meta property=\"product:price:amount\" content=\"257\" \/>\n<meta property=\"product:price:currency\" content=\"MXN\" \/>\n<meta property=\"og:availability\" content=\"instock\" \/>\n<meta property=\"product:availability\" content=\"instock\" \/>\n<meta property=\"product:retailer_item_id\" content=\"462396\" \/>\n<meta property=\"product:condition\" content=\"new\" \/>\n<!-- \/ Yoast SEO plugin. -->","yoast_head_json":{"title":"[ Manhattan ] &#129351; 462396 Soporte Tv , , , P\/pared 30kg, 32 A 40 Fijo","description":"Compra 462396 Soporte Tv , , , P\/pared 30kg, 32 A 40 Fijo + Env\u00edo a domicilio + Pago seguro + Garant\u00eda","robots":{"index":"index","follow":"follow","max-snippet":"max-snippet:-1","max-image-preview":"max-image-preview:large","max-video-preview":"max-video-preview:-1"},"canonical":"https:\/\/compuviper.mx\/tienda\/producto\/manhattan-462396-soporte-tv-p-pared-30kg-32-a-40-fijo\/","og_locale":"es_MX","og_type":"article","og_title":"[ Manhattan ] &#129351; 462396 Soporte Tv , , , P\/pared 30kg, 32 A 40 Fijo","og_description":"Compra 462396 Soporte Tv , , , P\/pared 30kg, 32 A 40 Fijo + Env\u00edo a domicilio + Pago seguro + Garant\u00eda","og_url":"https:\/\/compuviper.mx\/tienda\/producto\/manhattan-462396-soporte-tv-p-pared-30kg-32-a-40-fijo\/","og_site_name":"Compuviper","article_publisher":"https:\/\/www.facebook.com\/compuviper","og_image":[{"width":200,"height":200,"url":"https:\/\/compuviper.mx\/tienda\/wp-content\/uploads\/2024\/09\/Soporte-tv-manhattan-462396-ppared-30kg-32-a-40-fijo.jpg","type":"image\/jpeg"}],"twitter_card":"summary_large_image","twitter_misc":{"Precio":"&#36;257 con IVA","Availability":"In stock"},"schema":{"@context":"https:\/\/schema.org","@graph":[{"@type":"WebPage","@id":"https:\/\/compuviper.mx\/tienda\/producto\/manhattan-462396-soporte-tv-p-pared-30kg-32-a-40-fijo\/","url":"https:\/\/compuviper.mx\/tienda\/producto\/manhattan-462396-soporte-tv-p-pared-30kg-32-a-40-fijo\/","name":"[ Manhattan ] &#129351; 462396 Soporte Tv , , , P\/pared 30kg, 32 A 40 Fijo","isPartOf":{"@id":"https:\/\/compuviper.mx\/tienda\/#website"},"datePublished":"2026-04-02T05:12:57+00:00","dateModified":"2026-04-02T05:12:57+00:00","description":"Compra 462396 Soporte Tv , , , P\/pared 30kg, 32 A 40 Fijo + Env\u00edo a domicilio + Pago seguro + Garant\u00eda","breadcrumb":{"@id":"https:\/\/compuviper.mx\/tienda\/producto\/manhattan-462396-soporte-tv-p-pared-30kg-32-a-40-fijo\/#breadcrumb"},"inLanguage":"es-MX","potentialAction":[{"@type":"ReadAction","target":["https:\/\/compuviper.mx\/tienda\/producto\/manhattan-462396-soporte-tv-p-pared-30kg-32-a-40-fijo\/"]}]},{"@type":"BreadcrumbList","@id":"https:\/\/compuviper.mx\/tienda\/producto\/manhattan-462396-soporte-tv-p-pared-30kg-32-a-40-fijo\/#breadcrumb","itemListElement":[{"@type":"ListItem","position":1,"name":"Inicio","item":"https:\/\/compuviper.mx\/tienda\/"},{"@type":"ListItem","position":2,"name":"Productos","item":"https:\/\/compuviper.mx\/tienda\/productos\/"},{"@type":"ListItem","position":3,"name":"Soportes Y Bases P\/tv\/ Proyectores\/dvd\/consolas\/bocinas\/pantallas\/monotores","item":"https:\/\/compuviper.mx\/tienda\/categoria-producto\/soportes-y-bases-p-tv-proyectores-dvd-consolas-bocinas-pantallas-monotores\/"},{"@type":"ListItem","position":4,"name":"Soporte Y Base Para Tv\/pantallas\/monitores\/kiosko","item":"https:\/\/compuviper.mx\/tienda\/categoria-producto\/soportes-y-bases-p-tv-proyectores-dvd-consolas-bocinas-pantallas-monotores\/soporte-y-base-para-tv-pantallas-monitores-kiosko\/"},{"@type":"ListItem","position":5,"name":"Manhattan 462396 Soporte Tv , , , P\/pared 30kg, 32 A 40 Fijo"}]},{"@type":"WebSite","@id":"https:\/\/compuviper.mx\/tienda\/#website","url":"https:\/\/compuviper.mx\/tienda\/","name":"Compuviper","description":"Proveedor de Computadoras, Laptops, Servidores, Monitores, Puntos de Venta, Teclados,   Impresoras, T\u00f3ner, C\u00e1maras de Seguridad y m\u00e1s en tu tienda en l\u00ednea","publisher":{"@id":"https:\/\/compuviper.mx\/tienda\/#organization"},"potentialAction":[{"@type":"SearchAction","target":{"@type":"EntryPoint","urlTemplate":"https:\/\/compuviper.mx\/tienda\/?s={search_term_string}"},"query-input":"required name=search_term_string"}],"inLanguage":"es-MX"},{"@type":"Organization","@id":"https:\/\/compuviper.mx\/tienda\/#organization","name":"Compuviper","url":"https:\/\/compuviper.mx\/tienda\/","logo":{"@type":"ImageObject","inLanguage":"es-MX","@id":"https:\/\/compuviper.mx\/tienda\/#\/schema\/logo\/image\/","url":"https:\/\/compuviper.mx\/tienda\/wp-content\/uploads\/2021\/08\/Logo-Compuviper-10.png","contentUrl":"https:\/\/compuviper.mx\/tienda\/wp-content\/uploads\/2021\/08\/Logo-Compuviper-10.png","width":1000,"height":500,"caption":"Compuviper"},"image":{"@id":"https:\/\/compuviper.mx\/tienda\/#\/schema\/logo\/image\/"},"sameAs":["https:\/\/www.facebook.com\/compuviper","https:\/\/www.youtube.com\/channel\/UCf73dERp9Y3cfOq7q8BhLjA?view_as=subscriber"]}]},"product_brand":"MANHATTAN","product_price_amount":"257","product_price_currency":"MXN","og_availability":"instock","product_availability":"instock","product_retailer_item_id":"462396","product_condition":"new"},"_links":{"self":[{"href":"https:\/\/compuviper.mx\/tienda\/wp-json\/wp\/v2\/product\/235402"}],"collection":[{"href":"https:\/\/compuviper.mx\/tienda\/wp-json\/wp\/v2\/product"}],"about":[{"href":"https:\/\/compuviper.mx\/tienda\/wp-json\/wp\/v2\/types\/product"}],"replies":[{"embeddable":true,"href":"https:\/\/compuviper.mx\/tienda\/wp-json\/wp\/v2\/comments?post=235402"}],"wp:featuredmedia":[{"embeddable":true,"href":"https:\/\/compuviper.mx\/tienda\/wp-json\/wp\/v2\/media\/241905"}],"wp:attachment":[{"href":"https:\/\/compuviper.mx\/tienda\/wp-json\/wp\/v2\/media?parent=235402"}],"wp:term":[{"taxonomy":"product_cat","embeddable":true,"href":"https:\/\/compuviper.mx\/tienda\/wp-json\/wp\/v2\/product_cat?post=235402"},{"taxonomy":"product_tag","embeddable":true,"href":"https:\/\/compuviper.mx\/tienda\/wp-json\/wp\/v2\/product_tag?post=235402"}],"curies":[{"name":"wp","href":"https:\/\/api.w.org\/{rel}","templated":true}]}}