{"id":235400,"date":"2026-04-01T23:12:56","date_gmt":"2026-04-02T05:12:56","guid":{"rendered":"https:\/\/compuviper.mx\/tienda\/producto\/manhattan-440486-candado-laptop-nano-llave-1-8mts-gris\/"},"modified":"2026-04-01T23:12:56","modified_gmt":"2026-04-02T05:12:56","slug":"manhattan-440486-candado-laptop-nano-llave-1-8mts-gris","status":"publish","type":"product","link":"https:\/\/compuviper.mx\/tienda\/producto\/manhattan-440486-candado-laptop-nano-llave-1-8mts-gris\/","title":{"rendered":"Manhattan 440486 Candado Laptop , ,  ,nano Llave 1.8mts Gris"},"content":{"rendered":"<table class=\"descripcion\">\n<tr>\n<td>Generalidades<\/td>\n<\/tr>\n<tr>\n<td>Compatibilidad: ranura de seguridad kensington nano<\/td>\n<\/tr>\n<tr>\n<td>Caracter\u00edsticas f\u00edsicas<\/td>\n<\/tr>\n<tr>\n<td>Dimensiones (l x w x h): 1800 x 21 x 27 mm (70.87 x 0.83 x 1.06 in.)<\/td>\n<\/tr>\n<tr>\n<td>Longitud del cable: 1.8 m<\/td>\n<\/tr>\n<tr>\n<td>Di\u00e1metro del cable de acero 4.4 mm (0.17 pulg.)<\/td>\n<\/tr>\n<tr>\n<td>Tama\u00f1o de la ranura de bloqueo: 6 x 2.5 mm (0.24 x 0.1 pulg.)<\/td>\n<\/tr>\n<tr>\n<td>Peso neto: 105 g (0.23 lbs.)<\/td>\n<\/tr>\n<tr>\n<td>Peso bruto: 113 g (0.25 lbs.)<\/td>\n<\/tr>\n<tr>\n<td>Cerradura<\/td>\n<\/tr>\n<tr>\n<td>Dos llaves<\/td>\n<\/tr>\n<tr>\n<td>Materiales<\/td>\n<\/tr>\n<tr>\n<td>Aleaci\u00f3n de zinc fundido a presi\u00f3n<\/td>\n<\/tr>\n<tr>\n<td>Cable de acero<\/td>\n<\/tr>\n<tr>\n<td>Cubierta de pvc negro transl\u00facido<\/td>\n<\/tr>\n<tr>\n<td>Contenido del paquete<\/td>\n<\/tr>\n<tr>\n<td>Candado de seguridad nano para laptop<\/td>\n<\/tr>\n<tr>\n<td>2 llaves<\/td>\n<\/tr>\n<tr>\n<td>Correa autoadherente<\/td>\n<\/tr>\n<tr>\n<td>Nota: no compatible con la ranura de seguridad kensington de tama\u00f1o est\u00e1ndar, tambi\u00e9n conocida como k-slot o noble\u00ae locks wedge slot<\/td>\n<\/tr>\n<\/table>\n","protected":false},"excerpt":{"rendered":"<p>Candado de seguridad antirrobo para laptop, protege tu dispositivo cuando viajas o en \u00e1reas de baja supervisi\u00f3n. Este candado nano de manhattan es tu compa\u00f1ero de seguridad fiable en el mundo actual de trabajos de viaje y tendencias byod. Protege tus costosos dispositivos m\u00f3viles y la informaci\u00f3n confidencial que contienen, dondequiera que te lleve la vida laboral. Es f\u00e1cil de usar y transportar para que tu laptop permanezca justo donde debe estar. Protecci\u00f3n fiable para laptops y tabletas ultradelgadas. Este candado se engancha directamente en la ranura de bloqueo de tama\u00f1o nanom\u00e9trico m\u00e1s com\u00fan del sector, la ranura de seguridad nano de kensington, que se utiliza en muchas laptops ultradelgadas y en algunas tabletas. Su cabezal de bloqueo es muy delgado por lo que no levantar\u00e1 tu dispositivo de la superficie, lo que le permite permanecer en su lugar de forma estable. . Dos llaves incluidas: no es necesario recordar combinaciones. El mecanismo de llave permite un bloqueo y desbloqueo r\u00e1pidos sin necesidad de recordar n\u00fameros secuenciales. Adem\u00e1s, est\u00e1 equipado con un espaciador protector cerca de la punta de la cerradura para evitar rozaduras o abolladuras en la ranura de la laptop. La cerradura es muy resistente y f\u00e1cil de usar. Cable de acero fuerte, duradero y resistente a los cortes. Con 1.8 metros (6 pies) de acero galvanizado enfundado, el cable del candado resiste con fuerza los intentos de corte. La construcci\u00f3n flexible se dobla f\u00e1cilmente para hacer un bucle alrededor de un poste estacionario, escritorio, mesa u otro punto de fijaci\u00f3n. Una cubierta de pvc duradero ayuda a proteger los aparatos electr\u00f3nicos, muebles y otros objetos de ara\u00f1azos y da\u00f1os. Seguridad ante todo. Primera seguridad en comercios, entornos educativos y stands de ferias. La mayor\u00eda de los robos de aparatos electr\u00f3nicos son delitos de oportunidad, y s\u00f3lo tardan un segundo en robar una laptop o dispoistivo electr\u00f3nico que no este asegurado de una mesa o escritorio. M\u00e1s vale prevenir ante estos hechos principalmente en lugares como bibliotecas, laboratorios inform\u00e1ticos, oficinas gubernamentales, universidades, aeropuertos y muchos otros espacios p\u00fablicos. Mejor prevenir que lamentar. Se adapta a la ranura de seguridad nano de kensington. Cable de acero fuerte y resistente a los cortes y una construcci\u00f3n s\u00f3lida totalmente met\u00e1lica para evitar manipulaciones. Incluye un juego de dos llaves para cerrar y abrir r\u00e1pidamente sin preocuparse de las combinaciones. Apto para todos los dispositivos con la ranura est\u00e1ndar de 6 x 2.5 mm, como laptops y tabletas ultradelgadas. El delgado cabezal de bloqueo no levanta la laptop de su superficie, lo que permite que los dispositivos delgados queden planos y estables. Cable flexible de 1.8 m de longitud para anclar f\u00e1cilmente el dispositivo a un escritorio fijo, poste u otro punto de fijaci\u00f3n. Revestimiento de pvc duradero que protege de rayones a los dispositivos electr\u00f3nicos, los muebles y otros objetos. Seguridad maximizada para viajes y en \u00e1reas de baja supervisi\u00f3n como tiendas minoristas, bibliotecas, laboratorios de computaci\u00f3n, oficinas, escuelas o stands de ferias comerciales. Incluye una correa autoadherente (velcro) que ayuda cuando se va a guardar o transportar. El espaciador de espuma cerca de la punta del cierre evita que se raye la laptop o el dispositivo<\/p>\n","protected":false},"featured_media":241903,"comment_status":"open","ping_status":"open","template":"","meta":[],"product_cat":[1485,1486],"product_tag":[1487],"acf":[],"yoast_head":"<!-- This site is optimized with the Yoast SEO plugin v21.7 - https:\/\/yoast.com\/wordpress\/plugins\/seo\/ -->\n<title>[ Manhattan ] &#129351; 440486 Candado Laptop , , ,nano Llave 1.8mts Gris<\/title>\n<meta name=\"description\" content=\"Compra 440486 Candado Laptop , , ,nano Llave 1.8mts Gris + Env\u00edo a domicilio + Pago seguro + Garant\u00eda\" \/>\n<meta name=\"robots\" content=\"index, follow, max-snippet:-1, max-image-preview:large, max-video-preview:-1\" \/>\n<link rel=\"canonical\" href=\"https:\/\/compuviper.mx\/tienda\/producto\/manhattan-440486-candado-laptop-nano-llave-1-8mts-gris\/\" \/>\n<meta property=\"og:locale\" content=\"es_MX\" \/>\n<meta property=\"og:type\" content=\"article\" \/>\n<meta property=\"og:title\" content=\"[ Manhattan ] &#129351; 440486 Candado Laptop , , ,nano Llave 1.8mts Gris\" \/>\n<meta property=\"og:description\" content=\"Compra 440486 Candado Laptop , , ,nano Llave 1.8mts Gris + Env\u00edo a domicilio + Pago seguro + Garant\u00eda\" \/>\n<meta property=\"og:url\" content=\"https:\/\/compuviper.mx\/tienda\/producto\/manhattan-440486-candado-laptop-nano-llave-1-8mts-gris\/\" \/>\n<meta property=\"og:site_name\" content=\"Compuviper\" \/>\n<meta property=\"article:publisher\" content=\"https:\/\/www.facebook.com\/compuviper\" \/>\n<meta property=\"og:image\" content=\"https:\/\/compuviper.mx\/tienda\/wp-content\/uploads\/2024\/09\/Candado-laptop-manhattan-440486-nano-llave-1.8mts-gris.jpg\" \/>\n\t<meta property=\"og:image:width\" content=\"200\" \/>\n\t<meta property=\"og:image:height\" content=\"200\" \/>\n\t<meta property=\"og:image:type\" content=\"image\/jpeg\" \/>\n<meta name=\"twitter:card\" content=\"summary_large_image\" \/>\n<meta name=\"twitter:label1\" content=\"Precio\" \/>\n\t<meta name=\"twitter:data1\" content=\"&#36;289 con IVA\" \/>\n\t<meta name=\"twitter:label2\" content=\"Availability\" \/>\n\t<meta name=\"twitter:data2\" content=\"In stock\" \/>\n<script type=\"application\/ld+json\" class=\"yoast-schema-graph\">{\"@context\":\"https:\/\/schema.org\",\"@graph\":[{\"@type\":\"WebPage\",\"@id\":\"https:\/\/compuviper.mx\/tienda\/producto\/manhattan-440486-candado-laptop-nano-llave-1-8mts-gris\/\",\"url\":\"https:\/\/compuviper.mx\/tienda\/producto\/manhattan-440486-candado-laptop-nano-llave-1-8mts-gris\/\",\"name\":\"[ Manhattan ] &#129351; 440486 Candado Laptop , , ,nano Llave 1.8mts Gris\",\"isPartOf\":{\"@id\":\"https:\/\/compuviper.mx\/tienda\/#website\"},\"datePublished\":\"2026-04-02T05:12:56+00:00\",\"dateModified\":\"2026-04-02T05:12:56+00:00\",\"description\":\"Compra 440486 Candado Laptop , , ,nano Llave 1.8mts Gris + Env\u00edo a domicilio + Pago seguro + Garant\u00eda\",\"breadcrumb\":{\"@id\":\"https:\/\/compuviper.mx\/tienda\/producto\/manhattan-440486-candado-laptop-nano-llave-1-8mts-gris\/#breadcrumb\"},\"inLanguage\":\"es-MX\",\"potentialAction\":[{\"@type\":\"ReadAction\",\"target\":[\"https:\/\/compuviper.mx\/tienda\/producto\/manhattan-440486-candado-laptop-nano-llave-1-8mts-gris\/\"]}]},{\"@type\":\"BreadcrumbList\",\"@id\":\"https:\/\/compuviper.mx\/tienda\/producto\/manhattan-440486-candado-laptop-nano-llave-1-8mts-gris\/#breadcrumb\",\"itemListElement\":[{\"@type\":\"ListItem\",\"position\":1,\"name\":\"Inicio\",\"item\":\"https:\/\/compuviper.mx\/tienda\/\"},{\"@type\":\"ListItem\",\"position\":2,\"name\":\"Productos\",\"item\":\"https:\/\/compuviper.mx\/tienda\/productos\/\"},{\"@type\":\"ListItem\",\"position\":3,\"name\":\"Accesorios\",\"item\":\"https:\/\/compuviper.mx\/tienda\/categoria-producto\/accesorios\/\"},{\"@type\":\"ListItem\",\"position\":4,\"name\":\"Portatil\",\"item\":\"https:\/\/compuviper.mx\/tienda\/categoria-producto\/accesorios\/portatil\/\"},{\"@type\":\"ListItem\",\"position\":5,\"name\":\"Manhattan 440486 Candado Laptop , , ,nano Llave 1.8mts Gris\"}]},{\"@type\":\"WebSite\",\"@id\":\"https:\/\/compuviper.mx\/tienda\/#website\",\"url\":\"https:\/\/compuviper.mx\/tienda\/\",\"name\":\"Compuviper\",\"description\":\"Proveedor de Computadoras, Laptops, Servidores, Monitores, Puntos de Venta, Teclados,   Impresoras, T\u00f3ner, C\u00e1maras de Seguridad y m\u00e1s en tu tienda en l\u00ednea\",\"publisher\":{\"@id\":\"https:\/\/compuviper.mx\/tienda\/#organization\"},\"potentialAction\":[{\"@type\":\"SearchAction\",\"target\":{\"@type\":\"EntryPoint\",\"urlTemplate\":\"https:\/\/compuviper.mx\/tienda\/?s={search_term_string}\"},\"query-input\":\"required name=search_term_string\"}],\"inLanguage\":\"es-MX\"},{\"@type\":\"Organization\",\"@id\":\"https:\/\/compuviper.mx\/tienda\/#organization\",\"name\":\"Compuviper\",\"url\":\"https:\/\/compuviper.mx\/tienda\/\",\"logo\":{\"@type\":\"ImageObject\",\"inLanguage\":\"es-MX\",\"@id\":\"https:\/\/compuviper.mx\/tienda\/#\/schema\/logo\/image\/\",\"url\":\"https:\/\/compuviper.mx\/tienda\/wp-content\/uploads\/2021\/08\/Logo-Compuviper-10.png\",\"contentUrl\":\"https:\/\/compuviper.mx\/tienda\/wp-content\/uploads\/2021\/08\/Logo-Compuviper-10.png\",\"width\":1000,\"height\":500,\"caption\":\"Compuviper\"},\"image\":{\"@id\":\"https:\/\/compuviper.mx\/tienda\/#\/schema\/logo\/image\/\"},\"sameAs\":[\"https:\/\/www.facebook.com\/compuviper\",\"https:\/\/www.youtube.com\/channel\/UCf73dERp9Y3cfOq7q8BhLjA?view_as=subscriber\"]}]}<\/script>\n<meta property=\"product:brand\" content=\"MANHATTAN\" \/>\n<meta property=\"product:price:amount\" content=\"289\" \/>\n<meta property=\"product:price:currency\" content=\"MXN\" \/>\n<meta property=\"og:availability\" content=\"instock\" \/>\n<meta property=\"product:availability\" content=\"instock\" \/>\n<meta property=\"product:retailer_item_id\" content=\"440486\" \/>\n<meta property=\"product:condition\" content=\"new\" \/>\n<!-- \/ Yoast SEO plugin. -->","yoast_head_json":{"title":"[ Manhattan ] &#129351; 440486 Candado Laptop , , ,nano Llave 1.8mts Gris","description":"Compra 440486 Candado Laptop , , ,nano Llave 1.8mts Gris + Env\u00edo a domicilio + Pago seguro + Garant\u00eda","robots":{"index":"index","follow":"follow","max-snippet":"max-snippet:-1","max-image-preview":"max-image-preview:large","max-video-preview":"max-video-preview:-1"},"canonical":"https:\/\/compuviper.mx\/tienda\/producto\/manhattan-440486-candado-laptop-nano-llave-1-8mts-gris\/","og_locale":"es_MX","og_type":"article","og_title":"[ Manhattan ] &#129351; 440486 Candado Laptop , , ,nano Llave 1.8mts Gris","og_description":"Compra 440486 Candado Laptop , , ,nano Llave 1.8mts Gris + Env\u00edo a domicilio + Pago seguro + Garant\u00eda","og_url":"https:\/\/compuviper.mx\/tienda\/producto\/manhattan-440486-candado-laptop-nano-llave-1-8mts-gris\/","og_site_name":"Compuviper","article_publisher":"https:\/\/www.facebook.com\/compuviper","og_image":[{"width":200,"height":200,"url":"https:\/\/compuviper.mx\/tienda\/wp-content\/uploads\/2024\/09\/Candado-laptop-manhattan-440486-nano-llave-1.8mts-gris.jpg","type":"image\/jpeg"}],"twitter_card":"summary_large_image","twitter_misc":{"Precio":"&#36;289 con IVA","Availability":"In stock"},"schema":{"@context":"https:\/\/schema.org","@graph":[{"@type":"WebPage","@id":"https:\/\/compuviper.mx\/tienda\/producto\/manhattan-440486-candado-laptop-nano-llave-1-8mts-gris\/","url":"https:\/\/compuviper.mx\/tienda\/producto\/manhattan-440486-candado-laptop-nano-llave-1-8mts-gris\/","name":"[ Manhattan ] &#129351; 440486 Candado Laptop , , ,nano Llave 1.8mts Gris","isPartOf":{"@id":"https:\/\/compuviper.mx\/tienda\/#website"},"datePublished":"2026-04-02T05:12:56+00:00","dateModified":"2026-04-02T05:12:56+00:00","description":"Compra 440486 Candado Laptop , , ,nano Llave 1.8mts Gris + Env\u00edo a domicilio + Pago seguro + Garant\u00eda","breadcrumb":{"@id":"https:\/\/compuviper.mx\/tienda\/producto\/manhattan-440486-candado-laptop-nano-llave-1-8mts-gris\/#breadcrumb"},"inLanguage":"es-MX","potentialAction":[{"@type":"ReadAction","target":["https:\/\/compuviper.mx\/tienda\/producto\/manhattan-440486-candado-laptop-nano-llave-1-8mts-gris\/"]}]},{"@type":"BreadcrumbList","@id":"https:\/\/compuviper.mx\/tienda\/producto\/manhattan-440486-candado-laptop-nano-llave-1-8mts-gris\/#breadcrumb","itemListElement":[{"@type":"ListItem","position":1,"name":"Inicio","item":"https:\/\/compuviper.mx\/tienda\/"},{"@type":"ListItem","position":2,"name":"Productos","item":"https:\/\/compuviper.mx\/tienda\/productos\/"},{"@type":"ListItem","position":3,"name":"Accesorios","item":"https:\/\/compuviper.mx\/tienda\/categoria-producto\/accesorios\/"},{"@type":"ListItem","position":4,"name":"Portatil","item":"https:\/\/compuviper.mx\/tienda\/categoria-producto\/accesorios\/portatil\/"},{"@type":"ListItem","position":5,"name":"Manhattan 440486 Candado Laptop , , ,nano Llave 1.8mts Gris"}]},{"@type":"WebSite","@id":"https:\/\/compuviper.mx\/tienda\/#website","url":"https:\/\/compuviper.mx\/tienda\/","name":"Compuviper","description":"Proveedor de Computadoras, Laptops, Servidores, Monitores, Puntos de Venta, Teclados,   Impresoras, T\u00f3ner, C\u00e1maras de Seguridad y m\u00e1s en tu tienda en l\u00ednea","publisher":{"@id":"https:\/\/compuviper.mx\/tienda\/#organization"},"potentialAction":[{"@type":"SearchAction","target":{"@type":"EntryPoint","urlTemplate":"https:\/\/compuviper.mx\/tienda\/?s={search_term_string}"},"query-input":"required name=search_term_string"}],"inLanguage":"es-MX"},{"@type":"Organization","@id":"https:\/\/compuviper.mx\/tienda\/#organization","name":"Compuviper","url":"https:\/\/compuviper.mx\/tienda\/","logo":{"@type":"ImageObject","inLanguage":"es-MX","@id":"https:\/\/compuviper.mx\/tienda\/#\/schema\/logo\/image\/","url":"https:\/\/compuviper.mx\/tienda\/wp-content\/uploads\/2021\/08\/Logo-Compuviper-10.png","contentUrl":"https:\/\/compuviper.mx\/tienda\/wp-content\/uploads\/2021\/08\/Logo-Compuviper-10.png","width":1000,"height":500,"caption":"Compuviper"},"image":{"@id":"https:\/\/compuviper.mx\/tienda\/#\/schema\/logo\/image\/"},"sameAs":["https:\/\/www.facebook.com\/compuviper","https:\/\/www.youtube.com\/channel\/UCf73dERp9Y3cfOq7q8BhLjA?view_as=subscriber"]}]},"product_brand":"MANHATTAN","product_price_amount":"289","product_price_currency":"MXN","og_availability":"instock","product_availability":"instock","product_retailer_item_id":"440486","product_condition":"new"},"_links":{"self":[{"href":"https:\/\/compuviper.mx\/tienda\/wp-json\/wp\/v2\/product\/235400"}],"collection":[{"href":"https:\/\/compuviper.mx\/tienda\/wp-json\/wp\/v2\/product"}],"about":[{"href":"https:\/\/compuviper.mx\/tienda\/wp-json\/wp\/v2\/types\/product"}],"replies":[{"embeddable":true,"href":"https:\/\/compuviper.mx\/tienda\/wp-json\/wp\/v2\/comments?post=235400"}],"wp:featuredmedia":[{"embeddable":true,"href":"https:\/\/compuviper.mx\/tienda\/wp-json\/wp\/v2\/media\/241903"}],"wp:attachment":[{"href":"https:\/\/compuviper.mx\/tienda\/wp-json\/wp\/v2\/media?parent=235400"}],"wp:term":[{"taxonomy":"product_cat","embeddable":true,"href":"https:\/\/compuviper.mx\/tienda\/wp-json\/wp\/v2\/product_cat?post=235400"},{"taxonomy":"product_tag","embeddable":true,"href":"https:\/\/compuviper.mx\/tienda\/wp-json\/wp\/v2\/product_tag?post=235400"}],"curies":[{"name":"wp","href":"https:\/\/api.w.org\/{rel}","templated":true}]}}