{"id":235397,"date":"2026-04-01T23:12:54","date_gmt":"2026-04-02T05:12:54","guid":{"rendered":"https:\/\/compuviper.mx\/tienda\/producto\/manhattan-462402-soporte-tv-p-pared-45kg-32-a-70-inclinacin\/"},"modified":"2026-04-01T23:12:54","modified_gmt":"2026-04-02T05:12:54","slug":"manhattan-462402-soporte-tv-p-pared-45kg-32-a-70-inclinacin","status":"publish","type":"product","link":"https:\/\/compuviper.mx\/tienda\/producto\/manhattan-462402-soporte-tv-p-pared-45kg-32-a-70-inclinacin\/","title":{"rendered":"Manhattan 462402 Soporte Tv P\/pared ,  ,, 45kg, 32 A 70 Inclinaci?n"},"content":{"rendered":"<table class=\"descripcion\">\n<tr>\n<td>General<\/td>\n<\/tr>\n<tr>\n<td>Dise\u00f1ado para la mayor\u00eda de pantallas planas de 32 a 70<\/td>\n<\/tr>\n<tr>\n<td>Capacidad de peso: hasta 45 kg (100 lbs.)<\/td>\n<\/tr>\n<tr>\n<td>Inclinaci\u00f3n 0 a -8\u00b0<\/td>\n<\/tr>\n<tr>\n<td>Dimensiones (l x w x h): 418 x 440 x 20 mm (16.46 x 17.32 x 0.79 in.)<\/td>\n<\/tr>\n<tr>\n<td>Perfil de pared 20 mm (0.8 in.)<\/td>\n<\/tr>\n<tr>\n<td>Peso neto: 700 g (1.54 lbs.)<\/td>\n<\/tr>\n<tr>\n<td>Peso bruto: 1 kg (2.2 lbs.)<\/td>\n<\/tr>\n<tr>\n<td>Material: acero<\/td>\n<\/tr>\n<tr>\n<td>Est\u00e1ndares vesa: 75&#215;75, 100&#215;100, 100&#215;150, 100&#215;200, 150&#215;100, 150&#215;150, 200&#215;100, 200&#215;200, 200&#215;300, 200&#215;400, 300&#215;200, 300&#215;300, 300&#215;400, 400&#215;200, 400&#215;300, 400&#215;400<\/td>\n<\/tr>\n<tr>\n<td>Contenido del paquete<\/td>\n<\/tr>\n<tr>\n<td>Soporte ultradelgado con inclinaci\u00f3n para pantalla<\/td>\n<\/tr>\n<tr>\n<td>Piezas para montaje y herramienta<\/td>\n<\/tr>\n<\/table>\n","protected":false},"excerpt":{"rendered":"<p>Soporte de pared para pantalla con inclinaci\u00f3n, ultra delgado y resistente: el soporte de montaje ajustable coloca las pantallas en la perspectiva correcta y evita los molestos reflejos. Este soporte de pared inclinable para pantalla de manhattan sostiene tu pantalla de forma segura y ofrece un ajuste de inclinaci\u00f3n sin herramientas de 0 a -8\u00b0 para vistas optimizadas. Se adapta a pantallas planas lcd, oled o plasma de hasta 70 y con un peso de hasta 45 kg (100 lbs.) compatibles con vesa de hasta 400&#215;400. Est\u00e1 todo listo para una instalaci\u00f3n confiable sobre el piso con un complemento intuitivo, cerraduras de resorte con cordones de liberaci\u00f3n que te permiten colocar la pantalla en su lugar de manera f\u00e1cil y segura. Es ideal para aplicaciones residenciales, de oficina, hoteler\u00eda, aulas, salas de conferencias, se\u00f1alizaci\u00f3n digital y otras aplicaciones comerciales. Soporta un televisor plano de 32 a 70 de hasta 45 kg (100 lbs.. Ajuste vertical para vistas optimizadas de 0\u00b0 a -8?. Sostiene el televisor a s\u00f3lo 20 mm (0,8 pulg.) de la pared para una instalaci\u00f3n casi al ras, pegada a la pared, que realza la silueta delgada y moderna del la pantalla. Construcci\u00f3n de acero resistente con recubrimiento en polvo. F\u00e1cil instalaci\u00f3n; ideal para aplicaciones dom\u00e9sticas, de oficina y comerciales. Seguros de muelle a presi\u00f3n con cordones de liberaci\u00f3n para facilitar la instalaci\u00f3n o el desmontaje y aumentar la seguridad. Cumple los est\u00e1ndares vesa de 75&#215;75 a 400&#215;400 (e.G., 75&#215;75, 100&#215;100, 100&#215;150, 100&#215;200, 150&#215;100, 150&#215;150, 200&#215;100, 200&#215;200, 200&#215;300, 200&#215;400, 300&#215;200, 300&#215;300, 300&#215;400, 400&#215;200, 400&#215;300, 400&#215;400)<\/p>\n","protected":false},"featured_media":241900,"comment_status":"open","ping_status":"open","template":"","meta":[],"product_cat":[2321,2265],"product_tag":[1487],"acf":[],"yoast_head":"<!-- This site is optimized with the Yoast SEO plugin v21.7 - https:\/\/yoast.com\/wordpress\/plugins\/seo\/ -->\n<title>[ Manhattan ] &#129351; 462402 Soporte Tv P\/pared , ,, 45kg, 32 A 70 Inclinaci\u00f3n<\/title>\n<meta name=\"description\" content=\"Compra 462402 Soporte Tv P\/pared , ,, 45kg, 32 A 70 Inclinaci\u00f3n + Env\u00edo a domicilio + Pago seguro + Garant\u00eda\" \/>\n<meta name=\"robots\" content=\"index, follow, max-snippet:-1, max-image-preview:large, max-video-preview:-1\" \/>\n<link rel=\"canonical\" href=\"https:\/\/compuviper.mx\/tienda\/producto\/manhattan-462402-soporte-tv-p-pared-45kg-32-a-70-inclinacin\/\" \/>\n<meta property=\"og:locale\" content=\"es_MX\" \/>\n<meta property=\"og:type\" content=\"article\" \/>\n<meta property=\"og:title\" content=\"[ Manhattan ] &#129351; 462402 Soporte Tv P\/pared , ,, 45kg, 32 A 70 Inclinaci\u00f3n\" \/>\n<meta property=\"og:description\" content=\"Compra 462402 Soporte Tv P\/pared , ,, 45kg, 32 A 70 Inclinaci\u00f3n + Env\u00edo a domicilio + Pago seguro + Garant\u00eda\" \/>\n<meta property=\"og:url\" content=\"https:\/\/compuviper.mx\/tienda\/producto\/manhattan-462402-soporte-tv-p-pared-45kg-32-a-70-inclinacin\/\" \/>\n<meta property=\"og:site_name\" content=\"Compuviper\" \/>\n<meta property=\"article:publisher\" content=\"https:\/\/www.facebook.com\/compuviper\" \/>\n<meta property=\"og:image\" content=\"https:\/\/compuviper.mx\/tienda\/wp-content\/uploads\/2024\/09\/Soporte-tv-ppared-manhattan-462402-45kg-32-a-70-inclinacion.jpg\" \/>\n\t<meta property=\"og:image:width\" content=\"200\" \/>\n\t<meta property=\"og:image:height\" content=\"200\" \/>\n\t<meta property=\"og:image:type\" content=\"image\/jpeg\" \/>\n<meta name=\"twitter:card\" content=\"summary_large_image\" \/>\n<meta name=\"twitter:label1\" content=\"Precio\" \/>\n\t<meta name=\"twitter:data1\" content=\"&#36;259 con IVA\" \/>\n\t<meta name=\"twitter:label2\" content=\"Availability\" \/>\n\t<meta name=\"twitter:data2\" content=\"In stock\" \/>\n<script type=\"application\/ld+json\" class=\"yoast-schema-graph\">{\"@context\":\"https:\/\/schema.org\",\"@graph\":[{\"@type\":\"WebPage\",\"@id\":\"https:\/\/compuviper.mx\/tienda\/producto\/manhattan-462402-soporte-tv-p-pared-45kg-32-a-70-inclinacin\/\",\"url\":\"https:\/\/compuviper.mx\/tienda\/producto\/manhattan-462402-soporte-tv-p-pared-45kg-32-a-70-inclinacin\/\",\"name\":\"[ Manhattan ] &#129351; 462402 Soporte Tv P\/pared , ,, 45kg, 32 A 70 Inclinaci\u00f3n\",\"isPartOf\":{\"@id\":\"https:\/\/compuviper.mx\/tienda\/#website\"},\"datePublished\":\"2026-04-02T05:12:54+00:00\",\"dateModified\":\"2026-04-02T05:12:54+00:00\",\"description\":\"Compra 462402 Soporte Tv P\/pared , ,, 45kg, 32 A 70 Inclinaci\u00f3n + Env\u00edo a domicilio + Pago seguro + Garant\u00eda\",\"breadcrumb\":{\"@id\":\"https:\/\/compuviper.mx\/tienda\/producto\/manhattan-462402-soporte-tv-p-pared-45kg-32-a-70-inclinacin\/#breadcrumb\"},\"inLanguage\":\"es-MX\",\"potentialAction\":[{\"@type\":\"ReadAction\",\"target\":[\"https:\/\/compuviper.mx\/tienda\/producto\/manhattan-462402-soporte-tv-p-pared-45kg-32-a-70-inclinacin\/\"]}]},{\"@type\":\"BreadcrumbList\",\"@id\":\"https:\/\/compuviper.mx\/tienda\/producto\/manhattan-462402-soporte-tv-p-pared-45kg-32-a-70-inclinacin\/#breadcrumb\",\"itemListElement\":[{\"@type\":\"ListItem\",\"position\":1,\"name\":\"Inicio\",\"item\":\"https:\/\/compuviper.mx\/tienda\/\"},{\"@type\":\"ListItem\",\"position\":2,\"name\":\"Productos\",\"item\":\"https:\/\/compuviper.mx\/tienda\/productos\/\"},{\"@type\":\"ListItem\",\"position\":3,\"name\":\"Soportes Y Bases P\/tv\/ Proyectores\/dvd\/consolas\/bocinas\/pantallas\/monotores\",\"item\":\"https:\/\/compuviper.mx\/tienda\/categoria-producto\/soportes-y-bases-p-tv-proyectores-dvd-consolas-bocinas-pantallas-monotores\/\"},{\"@type\":\"ListItem\",\"position\":4,\"name\":\"Soporte Y Base Para Tv\/pantallas\/monitores\/kiosko\",\"item\":\"https:\/\/compuviper.mx\/tienda\/categoria-producto\/soportes-y-bases-p-tv-proyectores-dvd-consolas-bocinas-pantallas-monotores\/soporte-y-base-para-tv-pantallas-monitores-kiosko\/\"},{\"@type\":\"ListItem\",\"position\":5,\"name\":\"Manhattan 462402 Soporte Tv P\/pared , ,, 45kg, 32 A 70 Inclinaci?n\"}]},{\"@type\":\"WebSite\",\"@id\":\"https:\/\/compuviper.mx\/tienda\/#website\",\"url\":\"https:\/\/compuviper.mx\/tienda\/\",\"name\":\"Compuviper\",\"description\":\"Proveedor de Computadoras, Laptops, Servidores, Monitores, Puntos de Venta, Teclados,   Impresoras, T\u00f3ner, C\u00e1maras de Seguridad y m\u00e1s en tu tienda en l\u00ednea\",\"publisher\":{\"@id\":\"https:\/\/compuviper.mx\/tienda\/#organization\"},\"potentialAction\":[{\"@type\":\"SearchAction\",\"target\":{\"@type\":\"EntryPoint\",\"urlTemplate\":\"https:\/\/compuviper.mx\/tienda\/?s={search_term_string}\"},\"query-input\":\"required name=search_term_string\"}],\"inLanguage\":\"es-MX\"},{\"@type\":\"Organization\",\"@id\":\"https:\/\/compuviper.mx\/tienda\/#organization\",\"name\":\"Compuviper\",\"url\":\"https:\/\/compuviper.mx\/tienda\/\",\"logo\":{\"@type\":\"ImageObject\",\"inLanguage\":\"es-MX\",\"@id\":\"https:\/\/compuviper.mx\/tienda\/#\/schema\/logo\/image\/\",\"url\":\"https:\/\/compuviper.mx\/tienda\/wp-content\/uploads\/2021\/08\/Logo-Compuviper-10.png\",\"contentUrl\":\"https:\/\/compuviper.mx\/tienda\/wp-content\/uploads\/2021\/08\/Logo-Compuviper-10.png\",\"width\":1000,\"height\":500,\"caption\":\"Compuviper\"},\"image\":{\"@id\":\"https:\/\/compuviper.mx\/tienda\/#\/schema\/logo\/image\/\"},\"sameAs\":[\"https:\/\/www.facebook.com\/compuviper\",\"https:\/\/www.youtube.com\/channel\/UCf73dERp9Y3cfOq7q8BhLjA?view_as=subscriber\"]}]}<\/script>\n<meta property=\"product:brand\" content=\"MANHATTAN\" \/>\n<meta property=\"product:price:amount\" content=\"259\" \/>\n<meta property=\"product:price:currency\" content=\"MXN\" \/>\n<meta property=\"og:availability\" content=\"instock\" \/>\n<meta property=\"product:availability\" content=\"instock\" \/>\n<meta property=\"product:retailer_item_id\" content=\"462402\" \/>\n<meta property=\"product:condition\" content=\"new\" \/>\n<!-- \/ Yoast SEO plugin. -->","yoast_head_json":{"title":"[ Manhattan ] &#129351; 462402 Soporte Tv P\/pared , ,, 45kg, 32 A 70 Inclinaci\u00f3n","description":"Compra 462402 Soporte Tv P\/pared , ,, 45kg, 32 A 70 Inclinaci\u00f3n + Env\u00edo a domicilio + Pago seguro + Garant\u00eda","robots":{"index":"index","follow":"follow","max-snippet":"max-snippet:-1","max-image-preview":"max-image-preview:large","max-video-preview":"max-video-preview:-1"},"canonical":"https:\/\/compuviper.mx\/tienda\/producto\/manhattan-462402-soporte-tv-p-pared-45kg-32-a-70-inclinacin\/","og_locale":"es_MX","og_type":"article","og_title":"[ Manhattan ] &#129351; 462402 Soporte Tv P\/pared , ,, 45kg, 32 A 70 Inclinaci\u00f3n","og_description":"Compra 462402 Soporte Tv P\/pared , ,, 45kg, 32 A 70 Inclinaci\u00f3n + Env\u00edo a domicilio + Pago seguro + Garant\u00eda","og_url":"https:\/\/compuviper.mx\/tienda\/producto\/manhattan-462402-soporte-tv-p-pared-45kg-32-a-70-inclinacin\/","og_site_name":"Compuviper","article_publisher":"https:\/\/www.facebook.com\/compuviper","og_image":[{"width":200,"height":200,"url":"https:\/\/compuviper.mx\/tienda\/wp-content\/uploads\/2024\/09\/Soporte-tv-ppared-manhattan-462402-45kg-32-a-70-inclinacion.jpg","type":"image\/jpeg"}],"twitter_card":"summary_large_image","twitter_misc":{"Precio":"&#36;259 con IVA","Availability":"In stock"},"schema":{"@context":"https:\/\/schema.org","@graph":[{"@type":"WebPage","@id":"https:\/\/compuviper.mx\/tienda\/producto\/manhattan-462402-soporte-tv-p-pared-45kg-32-a-70-inclinacin\/","url":"https:\/\/compuviper.mx\/tienda\/producto\/manhattan-462402-soporte-tv-p-pared-45kg-32-a-70-inclinacin\/","name":"[ Manhattan ] &#129351; 462402 Soporte Tv P\/pared , ,, 45kg, 32 A 70 Inclinaci\u00f3n","isPartOf":{"@id":"https:\/\/compuviper.mx\/tienda\/#website"},"datePublished":"2026-04-02T05:12:54+00:00","dateModified":"2026-04-02T05:12:54+00:00","description":"Compra 462402 Soporte Tv P\/pared , ,, 45kg, 32 A 70 Inclinaci\u00f3n + Env\u00edo a domicilio + Pago seguro + Garant\u00eda","breadcrumb":{"@id":"https:\/\/compuviper.mx\/tienda\/producto\/manhattan-462402-soporte-tv-p-pared-45kg-32-a-70-inclinacin\/#breadcrumb"},"inLanguage":"es-MX","potentialAction":[{"@type":"ReadAction","target":["https:\/\/compuviper.mx\/tienda\/producto\/manhattan-462402-soporte-tv-p-pared-45kg-32-a-70-inclinacin\/"]}]},{"@type":"BreadcrumbList","@id":"https:\/\/compuviper.mx\/tienda\/producto\/manhattan-462402-soporte-tv-p-pared-45kg-32-a-70-inclinacin\/#breadcrumb","itemListElement":[{"@type":"ListItem","position":1,"name":"Inicio","item":"https:\/\/compuviper.mx\/tienda\/"},{"@type":"ListItem","position":2,"name":"Productos","item":"https:\/\/compuviper.mx\/tienda\/productos\/"},{"@type":"ListItem","position":3,"name":"Soportes Y Bases P\/tv\/ Proyectores\/dvd\/consolas\/bocinas\/pantallas\/monotores","item":"https:\/\/compuviper.mx\/tienda\/categoria-producto\/soportes-y-bases-p-tv-proyectores-dvd-consolas-bocinas-pantallas-monotores\/"},{"@type":"ListItem","position":4,"name":"Soporte Y Base Para Tv\/pantallas\/monitores\/kiosko","item":"https:\/\/compuviper.mx\/tienda\/categoria-producto\/soportes-y-bases-p-tv-proyectores-dvd-consolas-bocinas-pantallas-monotores\/soporte-y-base-para-tv-pantallas-monitores-kiosko\/"},{"@type":"ListItem","position":5,"name":"Manhattan 462402 Soporte Tv P\/pared , ,, 45kg, 32 A 70 Inclinaci?n"}]},{"@type":"WebSite","@id":"https:\/\/compuviper.mx\/tienda\/#website","url":"https:\/\/compuviper.mx\/tienda\/","name":"Compuviper","description":"Proveedor de Computadoras, Laptops, Servidores, Monitores, Puntos de Venta, Teclados,   Impresoras, T\u00f3ner, C\u00e1maras de Seguridad y m\u00e1s en tu tienda en l\u00ednea","publisher":{"@id":"https:\/\/compuviper.mx\/tienda\/#organization"},"potentialAction":[{"@type":"SearchAction","target":{"@type":"EntryPoint","urlTemplate":"https:\/\/compuviper.mx\/tienda\/?s={search_term_string}"},"query-input":"required name=search_term_string"}],"inLanguage":"es-MX"},{"@type":"Organization","@id":"https:\/\/compuviper.mx\/tienda\/#organization","name":"Compuviper","url":"https:\/\/compuviper.mx\/tienda\/","logo":{"@type":"ImageObject","inLanguage":"es-MX","@id":"https:\/\/compuviper.mx\/tienda\/#\/schema\/logo\/image\/","url":"https:\/\/compuviper.mx\/tienda\/wp-content\/uploads\/2021\/08\/Logo-Compuviper-10.png","contentUrl":"https:\/\/compuviper.mx\/tienda\/wp-content\/uploads\/2021\/08\/Logo-Compuviper-10.png","width":1000,"height":500,"caption":"Compuviper"},"image":{"@id":"https:\/\/compuviper.mx\/tienda\/#\/schema\/logo\/image\/"},"sameAs":["https:\/\/www.facebook.com\/compuviper","https:\/\/www.youtube.com\/channel\/UCf73dERp9Y3cfOq7q8BhLjA?view_as=subscriber"]}]},"product_brand":"MANHATTAN","product_price_amount":"259","product_price_currency":"MXN","og_availability":"instock","product_availability":"instock","product_retailer_item_id":"462402","product_condition":"new"},"_links":{"self":[{"href":"https:\/\/compuviper.mx\/tienda\/wp-json\/wp\/v2\/product\/235397"}],"collection":[{"href":"https:\/\/compuviper.mx\/tienda\/wp-json\/wp\/v2\/product"}],"about":[{"href":"https:\/\/compuviper.mx\/tienda\/wp-json\/wp\/v2\/types\/product"}],"replies":[{"embeddable":true,"href":"https:\/\/compuviper.mx\/tienda\/wp-json\/wp\/v2\/comments?post=235397"}],"wp:featuredmedia":[{"embeddable":true,"href":"https:\/\/compuviper.mx\/tienda\/wp-json\/wp\/v2\/media\/241900"}],"wp:attachment":[{"href":"https:\/\/compuviper.mx\/tienda\/wp-json\/wp\/v2\/media?parent=235397"}],"wp:term":[{"taxonomy":"product_cat","embeddable":true,"href":"https:\/\/compuviper.mx\/tienda\/wp-json\/wp\/v2\/product_cat?post=235397"},{"taxonomy":"product_tag","embeddable":true,"href":"https:\/\/compuviper.mx\/tienda\/wp-json\/wp\/v2\/product_tag?post=235397"}],"curies":[{"name":"wp","href":"https:\/\/api.w.org\/{rel}","templated":true}]}}