{"id":235396,"date":"2026-04-01T23:12:54","date_gmt":"2026-04-02T05:12:54","guid":{"rendered":"https:\/\/compuviper.mx\/tienda\/producto\/manhattan-462419-soporte-tv-p-pared-30kg-37-a-40-articulado\/"},"modified":"2026-04-01T23:12:54","modified_gmt":"2026-04-02T05:12:54","slug":"manhattan-462419-soporte-tv-p-pared-30kg-37-a-40-articulado","status":"publish","type":"product","link":"https:\/\/compuviper.mx\/tienda\/producto\/manhattan-462419-soporte-tv-p-pared-30kg-37-a-40-articulado\/","title":{"rendered":"Manhattan 462419 Soporte Tv P\/pared, , , 30kg, 37 A 40 Articulado"},"content":{"rendered":"<table class=\"descripcion\">\n<tr>\n<td>General<\/td>\n<\/tr>\n<tr>\n<td>Dise\u00f1ado para la mayor\u00eda de pantallas planas y curvas de 32 a 55<\/td>\n<\/tr>\n<tr>\n<td>Capacidad de peso: 35 kg (77 lbs.)<\/td>\n<\/tr>\n<tr>\n<td>Inclinaci\u00f3n +3 a -15<\/td>\n<\/tr>\n<tr>\n<td>Giro +\/-90\u00b0<\/td>\n<\/tr>\n<tr>\n<td>Ajuste de nivelaci\u00f3n tras la instalaci\u00f3n +\/-3\u00b0<\/td>\n<\/tr>\n<tr>\n<td>Dimensiones (l x w x h): 358 x 440 x 420 mm (14.09 x 17.32 x 16.54 in.)<\/td>\n<\/tr>\n<tr>\n<td>Perfil de pared: 63 a 358 mm (2.5 a 14.1 pulg.)<\/td>\n<\/tr>\n<tr>\n<td>Peso neto: 2.2 kg (4.85 lbs.)<\/td>\n<\/tr>\n<tr>\n<td>Peso bruto: 2.63 kg (5.8 lbs.)<\/td>\n<\/tr>\n<tr>\n<td>Material: acero<\/td>\n<\/tr>\n<tr>\n<td>Est\u00e1ndares vesa: 100&#215;100, 100&#215;150, 150&#215;100, 100&#215;200, 200&#215;100, 150&#215;150, 200&#215;200, 300&#215;200, 400&#215;200, 300&#215;300, 400&#215;300, 400&#215;400<\/td>\n<\/tr>\n<tr>\n<td>Contenido del paquete<\/td>\n<\/tr>\n<tr>\n<td>Soporte con brazo articulado para pantalla<\/td>\n<\/tr>\n<tr>\n<td>Nivel de burbuja adherible<\/td>\n<\/tr>\n<tr>\n<td>Piezas para montaje y herramienta<\/td>\n<\/tr>\n<\/table>\n","protected":false},"excerpt":{"rendered":"<p>Soporte de pared con brazo articulado para una pantalla &#8211; montaje totalmente ajustable para adaptarse a casi cualquier espacio. Este resistente soporte de pared para pantalla de manhattan sujeta con seguridad tu pantalla en dos brazos articulados y proporciona vistas optimizadas con un ajuste de inclinaci\u00f3n de +3 a -15\u00b0 y de giro de +\/-90\u00b0. Se adapta a pantallas lcd, oled o de plasma planos y curvos de hasta 55 y con un peso de hasta 35 kg (77 lbs.) con compatibilidad vesa de hasta 400&#215;400. Con el nivel de burbuja incluido y el ajuste de nivelaci\u00f3n del poste de +\/-3\u00b0, ayuda a que el soporte quede perfectamente horizontal en la pared, tendr\u00e1 todo listo para una instalaci\u00f3n segura por encima del suelo. Este soporte es ideal para aplicaciones residenciales, de oficina, hosteler\u00eda, aulas, salas de conferencias, se\u00f1alizaci\u00f3n digital y otras aplicaciones comerciales. Dondequiera que lo instales, el soporte de pared universal manhattan brinda la mejor experiencia de visualizaci\u00f3n de una pantalla al frente y al centro. Soporta un televisor plano o curvo de 32 a 55 de hasta 35 kg (77 lbs.. Vistas optimizadas con inclinaci\u00f3n de +3 a -15\u00b0, giro de +\/-90\u00b0 y ajuste de nivelaci\u00f3n posterior a la instalaci\u00f3n de +\/- 3\u00b0. Extiende el televisor de 63 mm a 358 mm (2.5 a 14.1 in.) de la pared. Construcci\u00f3n de acero resistente con recubrimiento en polvo. Incluye nivel de burbuja desmontable. Organizadores de cables integrados para evitar el desorden. F\u00e1cil instalaci\u00f3n; ideal para aplicaciones dom\u00e9sticas, de oficina y comerciales. Cumple est\u00e1ndares vesa: 100&#215;100, 100&#215;150, 150&#215;100, 100&#215;200, 200&#215;100, 150&#215;150, 200&#215;200, 300&#215;200, 400&#215;200, 300&#215;300, 400&#215;300, 400&#215;400<\/p>\n","protected":false},"featured_media":241899,"comment_status":"open","ping_status":"open","template":"","meta":[],"product_cat":[2321,2265],"product_tag":[1487],"acf":[],"yoast_head":"<!-- This site is optimized with the Yoast SEO plugin v21.7 - https:\/\/yoast.com\/wordpress\/plugins\/seo\/ -->\n<title>[ Manhattan ] &#129351; 462419 Soporte Tv P\/pared, , , 30kg, 37 A 40 Articulado<\/title>\n<meta name=\"description\" content=\"Compra 462419 Soporte Tv P\/pared, , , 30kg, 37 A 40 Articulado + Env\u00edo a domicilio + Pago seguro + Garant\u00eda\" \/>\n<meta name=\"robots\" content=\"index, follow, max-snippet:-1, max-image-preview:large, max-video-preview:-1\" \/>\n<link rel=\"canonical\" href=\"https:\/\/compuviper.mx\/tienda\/producto\/manhattan-462419-soporte-tv-p-pared-30kg-37-a-40-articulado\/\" \/>\n<meta property=\"og:locale\" content=\"es_MX\" \/>\n<meta property=\"og:type\" content=\"article\" \/>\n<meta property=\"og:title\" content=\"[ Manhattan ] &#129351; 462419 Soporte Tv P\/pared, , , 30kg, 37 A 40 Articulado\" \/>\n<meta property=\"og:description\" content=\"Compra 462419 Soporte Tv P\/pared, , , 30kg, 37 A 40 Articulado + Env\u00edo a domicilio + Pago seguro + Garant\u00eda\" \/>\n<meta property=\"og:url\" content=\"https:\/\/compuviper.mx\/tienda\/producto\/manhattan-462419-soporte-tv-p-pared-30kg-37-a-40-articulado\/\" \/>\n<meta property=\"og:site_name\" content=\"Compuviper\" \/>\n<meta property=\"article:publisher\" content=\"https:\/\/www.facebook.com\/compuviper\" \/>\n<meta property=\"og:image\" content=\"https:\/\/compuviper.mx\/tienda\/wp-content\/uploads\/2024\/09\/Soporte-tv-ppared-manhattan-462419-30kg-37-a-40-articulado.jpg\" \/>\n\t<meta property=\"og:image:width\" content=\"200\" \/>\n\t<meta property=\"og:image:height\" content=\"200\" \/>\n\t<meta property=\"og:image:type\" content=\"image\/jpeg\" \/>\n<meta name=\"twitter:card\" content=\"summary_large_image\" \/>\n<meta name=\"twitter:label1\" content=\"Precio\" \/>\n\t<meta name=\"twitter:data1\" content=\"&#36;526 con IVA\" \/>\n\t<meta name=\"twitter:label2\" content=\"Availability\" \/>\n\t<meta name=\"twitter:data2\" content=\"Out of stock\" \/>\n<script type=\"application\/ld+json\" class=\"yoast-schema-graph\">{\"@context\":\"https:\/\/schema.org\",\"@graph\":[{\"@type\":\"WebPage\",\"@id\":\"https:\/\/compuviper.mx\/tienda\/producto\/manhattan-462419-soporte-tv-p-pared-30kg-37-a-40-articulado\/\",\"url\":\"https:\/\/compuviper.mx\/tienda\/producto\/manhattan-462419-soporte-tv-p-pared-30kg-37-a-40-articulado\/\",\"name\":\"[ Manhattan ] &#129351; 462419 Soporte Tv P\/pared, , , 30kg, 37 A 40 Articulado\",\"isPartOf\":{\"@id\":\"https:\/\/compuviper.mx\/tienda\/#website\"},\"datePublished\":\"2026-04-02T05:12:54+00:00\",\"dateModified\":\"2026-04-02T05:12:54+00:00\",\"description\":\"Compra 462419 Soporte Tv P\/pared, , , 30kg, 37 A 40 Articulado + Env\u00edo a domicilio + Pago seguro + Garant\u00eda\",\"breadcrumb\":{\"@id\":\"https:\/\/compuviper.mx\/tienda\/producto\/manhattan-462419-soporte-tv-p-pared-30kg-37-a-40-articulado\/#breadcrumb\"},\"inLanguage\":\"es-MX\",\"potentialAction\":[{\"@type\":\"ReadAction\",\"target\":[\"https:\/\/compuviper.mx\/tienda\/producto\/manhattan-462419-soporte-tv-p-pared-30kg-37-a-40-articulado\/\"]}]},{\"@type\":\"BreadcrumbList\",\"@id\":\"https:\/\/compuviper.mx\/tienda\/producto\/manhattan-462419-soporte-tv-p-pared-30kg-37-a-40-articulado\/#breadcrumb\",\"itemListElement\":[{\"@type\":\"ListItem\",\"position\":1,\"name\":\"Inicio\",\"item\":\"https:\/\/compuviper.mx\/tienda\/\"},{\"@type\":\"ListItem\",\"position\":2,\"name\":\"Productos\",\"item\":\"https:\/\/compuviper.mx\/tienda\/productos\/\"},{\"@type\":\"ListItem\",\"position\":3,\"name\":\"Soportes Y Bases P\/tv\/ Proyectores\/dvd\/consolas\/bocinas\/pantallas\/monotores\",\"item\":\"https:\/\/compuviper.mx\/tienda\/categoria-producto\/soportes-y-bases-p-tv-proyectores-dvd-consolas-bocinas-pantallas-monotores\/\"},{\"@type\":\"ListItem\",\"position\":4,\"name\":\"Soporte Y Base Para Tv\/pantallas\/monitores\/kiosko\",\"item\":\"https:\/\/compuviper.mx\/tienda\/categoria-producto\/soportes-y-bases-p-tv-proyectores-dvd-consolas-bocinas-pantallas-monotores\/soporte-y-base-para-tv-pantallas-monitores-kiosko\/\"},{\"@type\":\"ListItem\",\"position\":5,\"name\":\"Manhattan 462419 Soporte Tv P\/pared, , , 30kg, 37 A 40 Articulado\"}]},{\"@type\":\"WebSite\",\"@id\":\"https:\/\/compuviper.mx\/tienda\/#website\",\"url\":\"https:\/\/compuviper.mx\/tienda\/\",\"name\":\"Compuviper\",\"description\":\"Proveedor de Computadoras, Laptops, Servidores, Monitores, Puntos de Venta, Teclados,   Impresoras, T\u00f3ner, C\u00e1maras de Seguridad y m\u00e1s en tu tienda en l\u00ednea\",\"publisher\":{\"@id\":\"https:\/\/compuviper.mx\/tienda\/#organization\"},\"potentialAction\":[{\"@type\":\"SearchAction\",\"target\":{\"@type\":\"EntryPoint\",\"urlTemplate\":\"https:\/\/compuviper.mx\/tienda\/?s={search_term_string}\"},\"query-input\":\"required name=search_term_string\"}],\"inLanguage\":\"es-MX\"},{\"@type\":\"Organization\",\"@id\":\"https:\/\/compuviper.mx\/tienda\/#organization\",\"name\":\"Compuviper\",\"url\":\"https:\/\/compuviper.mx\/tienda\/\",\"logo\":{\"@type\":\"ImageObject\",\"inLanguage\":\"es-MX\",\"@id\":\"https:\/\/compuviper.mx\/tienda\/#\/schema\/logo\/image\/\",\"url\":\"https:\/\/compuviper.mx\/tienda\/wp-content\/uploads\/2021\/08\/Logo-Compuviper-10.png\",\"contentUrl\":\"https:\/\/compuviper.mx\/tienda\/wp-content\/uploads\/2021\/08\/Logo-Compuviper-10.png\",\"width\":1000,\"height\":500,\"caption\":\"Compuviper\"},\"image\":{\"@id\":\"https:\/\/compuviper.mx\/tienda\/#\/schema\/logo\/image\/\"},\"sameAs\":[\"https:\/\/www.facebook.com\/compuviper\",\"https:\/\/www.youtube.com\/channel\/UCf73dERp9Y3cfOq7q8BhLjA?view_as=subscriber\"]}]}<\/script>\n<meta property=\"product:brand\" content=\"MANHATTAN\" \/>\n<meta property=\"product:price:amount\" content=\"526\" \/>\n<meta property=\"product:price:currency\" content=\"MXN\" \/>\n<meta property=\"og:availability\" content=\"out of stock\" \/>\n<meta property=\"product:availability\" content=\"out of stock\" \/>\n<meta property=\"product:retailer_item_id\" content=\"462419\" \/>\n<meta property=\"product:condition\" content=\"new\" \/>\n<!-- \/ Yoast SEO plugin. -->","yoast_head_json":{"title":"[ Manhattan ] &#129351; 462419 Soporte Tv P\/pared, , , 30kg, 37 A 40 Articulado","description":"Compra 462419 Soporte Tv P\/pared, , , 30kg, 37 A 40 Articulado + Env\u00edo a domicilio + Pago seguro + Garant\u00eda","robots":{"index":"index","follow":"follow","max-snippet":"max-snippet:-1","max-image-preview":"max-image-preview:large","max-video-preview":"max-video-preview:-1"},"canonical":"https:\/\/compuviper.mx\/tienda\/producto\/manhattan-462419-soporte-tv-p-pared-30kg-37-a-40-articulado\/","og_locale":"es_MX","og_type":"article","og_title":"[ Manhattan ] &#129351; 462419 Soporte Tv P\/pared, , , 30kg, 37 A 40 Articulado","og_description":"Compra 462419 Soporte Tv P\/pared, , , 30kg, 37 A 40 Articulado + Env\u00edo a domicilio + Pago seguro + Garant\u00eda","og_url":"https:\/\/compuviper.mx\/tienda\/producto\/manhattan-462419-soporte-tv-p-pared-30kg-37-a-40-articulado\/","og_site_name":"Compuviper","article_publisher":"https:\/\/www.facebook.com\/compuviper","og_image":[{"width":200,"height":200,"url":"https:\/\/compuviper.mx\/tienda\/wp-content\/uploads\/2024\/09\/Soporte-tv-ppared-manhattan-462419-30kg-37-a-40-articulado.jpg","type":"image\/jpeg"}],"twitter_card":"summary_large_image","twitter_misc":{"Precio":"&#36;526 con IVA","Availability":"Out of stock"},"schema":{"@context":"https:\/\/schema.org","@graph":[{"@type":"WebPage","@id":"https:\/\/compuviper.mx\/tienda\/producto\/manhattan-462419-soporte-tv-p-pared-30kg-37-a-40-articulado\/","url":"https:\/\/compuviper.mx\/tienda\/producto\/manhattan-462419-soporte-tv-p-pared-30kg-37-a-40-articulado\/","name":"[ Manhattan ] &#129351; 462419 Soporte Tv P\/pared, , , 30kg, 37 A 40 Articulado","isPartOf":{"@id":"https:\/\/compuviper.mx\/tienda\/#website"},"datePublished":"2026-04-02T05:12:54+00:00","dateModified":"2026-04-02T05:12:54+00:00","description":"Compra 462419 Soporte Tv P\/pared, , , 30kg, 37 A 40 Articulado + Env\u00edo a domicilio + Pago seguro + Garant\u00eda","breadcrumb":{"@id":"https:\/\/compuviper.mx\/tienda\/producto\/manhattan-462419-soporte-tv-p-pared-30kg-37-a-40-articulado\/#breadcrumb"},"inLanguage":"es-MX","potentialAction":[{"@type":"ReadAction","target":["https:\/\/compuviper.mx\/tienda\/producto\/manhattan-462419-soporte-tv-p-pared-30kg-37-a-40-articulado\/"]}]},{"@type":"BreadcrumbList","@id":"https:\/\/compuviper.mx\/tienda\/producto\/manhattan-462419-soporte-tv-p-pared-30kg-37-a-40-articulado\/#breadcrumb","itemListElement":[{"@type":"ListItem","position":1,"name":"Inicio","item":"https:\/\/compuviper.mx\/tienda\/"},{"@type":"ListItem","position":2,"name":"Productos","item":"https:\/\/compuviper.mx\/tienda\/productos\/"},{"@type":"ListItem","position":3,"name":"Soportes Y Bases P\/tv\/ Proyectores\/dvd\/consolas\/bocinas\/pantallas\/monotores","item":"https:\/\/compuviper.mx\/tienda\/categoria-producto\/soportes-y-bases-p-tv-proyectores-dvd-consolas-bocinas-pantallas-monotores\/"},{"@type":"ListItem","position":4,"name":"Soporte Y Base Para Tv\/pantallas\/monitores\/kiosko","item":"https:\/\/compuviper.mx\/tienda\/categoria-producto\/soportes-y-bases-p-tv-proyectores-dvd-consolas-bocinas-pantallas-monotores\/soporte-y-base-para-tv-pantallas-monitores-kiosko\/"},{"@type":"ListItem","position":5,"name":"Manhattan 462419 Soporte Tv P\/pared, , , 30kg, 37 A 40 Articulado"}]},{"@type":"WebSite","@id":"https:\/\/compuviper.mx\/tienda\/#website","url":"https:\/\/compuviper.mx\/tienda\/","name":"Compuviper","description":"Proveedor de Computadoras, Laptops, Servidores, Monitores, Puntos de Venta, Teclados,   Impresoras, T\u00f3ner, C\u00e1maras de Seguridad y m\u00e1s en tu tienda en l\u00ednea","publisher":{"@id":"https:\/\/compuviper.mx\/tienda\/#organization"},"potentialAction":[{"@type":"SearchAction","target":{"@type":"EntryPoint","urlTemplate":"https:\/\/compuviper.mx\/tienda\/?s={search_term_string}"},"query-input":"required name=search_term_string"}],"inLanguage":"es-MX"},{"@type":"Organization","@id":"https:\/\/compuviper.mx\/tienda\/#organization","name":"Compuviper","url":"https:\/\/compuviper.mx\/tienda\/","logo":{"@type":"ImageObject","inLanguage":"es-MX","@id":"https:\/\/compuviper.mx\/tienda\/#\/schema\/logo\/image\/","url":"https:\/\/compuviper.mx\/tienda\/wp-content\/uploads\/2021\/08\/Logo-Compuviper-10.png","contentUrl":"https:\/\/compuviper.mx\/tienda\/wp-content\/uploads\/2021\/08\/Logo-Compuviper-10.png","width":1000,"height":500,"caption":"Compuviper"},"image":{"@id":"https:\/\/compuviper.mx\/tienda\/#\/schema\/logo\/image\/"},"sameAs":["https:\/\/www.facebook.com\/compuviper","https:\/\/www.youtube.com\/channel\/UCf73dERp9Y3cfOq7q8BhLjA?view_as=subscriber"]}]},"product_brand":"MANHATTAN","product_price_amount":"526","product_price_currency":"MXN","og_availability":"out of stock","product_availability":"out of stock","product_retailer_item_id":"462419","product_condition":"new"},"_links":{"self":[{"href":"https:\/\/compuviper.mx\/tienda\/wp-json\/wp\/v2\/product\/235396"}],"collection":[{"href":"https:\/\/compuviper.mx\/tienda\/wp-json\/wp\/v2\/product"}],"about":[{"href":"https:\/\/compuviper.mx\/tienda\/wp-json\/wp\/v2\/types\/product"}],"replies":[{"embeddable":true,"href":"https:\/\/compuviper.mx\/tienda\/wp-json\/wp\/v2\/comments?post=235396"}],"wp:featuredmedia":[{"embeddable":true,"href":"https:\/\/compuviper.mx\/tienda\/wp-json\/wp\/v2\/media\/241899"}],"wp:attachment":[{"href":"https:\/\/compuviper.mx\/tienda\/wp-json\/wp\/v2\/media?parent=235396"}],"wp:term":[{"taxonomy":"product_cat","embeddable":true,"href":"https:\/\/compuviper.mx\/tienda\/wp-json\/wp\/v2\/product_cat?post=235396"},{"taxonomy":"product_tag","embeddable":true,"href":"https:\/\/compuviper.mx\/tienda\/wp-json\/wp\/v2\/product_tag?post=235396"}],"curies":[{"name":"wp","href":"https:\/\/api.w.org\/{rel}","templated":true}]}}