{"id":235357,"date":"2026-04-02T01:23:31","date_gmt":"2026-04-02T07:23:31","guid":{"rendered":"https:\/\/compuviper.mx\/tienda\/producto\/dahua-dhi-nvr5832-16p-ei-nvr-nvr-de-32-canales-ip-4k-16-pts-poe-8-pts-epoe-deteccion-y-reconocimiento-facial-smd-proteccin-perimetral-8-bahias-para-discos-duros-admite-raid0-1-5-6-10-384-mb\/"},"modified":"2026-04-02T01:23:32","modified_gmt":"2026-04-02T07:23:32","slug":"dahua-dhi-nvr5832-16p-ei-nvr-nvr-de-32-canales-ip-4k-16-pts-poe-8-pts-epoe-deteccion-y-reconocimiento-facial-smd-proteccin-perimetral-8-bahias-para-discos-duros-admite-raid0-1-5-6-10-384-mbp","status":"publish","type":"product","link":"https:\/\/compuviper.mx\/tienda\/producto\/dahua-dhi-nvr5832-16p-ei-nvr-nvr-de-32-canales-ip-4k-16-pts-poe-8-pts-epoe-deteccion-y-reconocimiento-facial-smd-proteccin-perimetral-8-bahias-para-discos-duros-admite-raid0-1-5-6-10-384-mbp\/","title":{"rendered":"Dahua Dhi-nvr5832-16p-ei Nvr\/\/\/ Nvr De 32 Canales Ip 4k\/ 16 Pts Poe\/ 8 Pts Epoe\/ Deteccion Y Reconocimiento Facial\/ Smd\/ Proteccin Perimetral\/ 8 Bahias Para Discos Duros\/admite Raid0\/1\/5\/6\/10\/ 384 Mbp"},"content":{"rendered":"<table class=\"descripcion\">\n<tr>\n<td>Caracteristicas principales<\/td>\n<\/tr>\n<tr>\n<td>\u0095 acceso a video ip de 16\/32\/64 canales<\/td>\n<\/tr>\n<tr>\n<td>\u0095 h.265+ inteligente\/h.264+ inteligente\/h.265\/h.264\/mjpeg; cambio automatico h.265<\/td>\n<\/tr>\n<tr>\n<td>\u0095 ancho de banda entrante maximo de 320 mbps<\/td>\n<\/tr>\n<tr>\n<td>\u0095 resolucion de hasta 24mp para reproduccion y visualizacion en vivo<\/td>\n<\/tr>\n<tr>\n<td>\u0095 ia por camara: proteccion perimetral; deteccion y reconocimiento de rostros; smd plus; metadatos de video; anpr; conteo de personas; analisis estereo; distribucion de multitudes; mapa de calor<\/td>\n<\/tr>\n<tr>\n<td>\u0095 \u00b7admite ipc upnp, 16 puertos poe<\/td>\n<\/tr>\n<tr>\n<td>Especificaciones tecnicas<\/td>\n<\/tr>\n<tr>\n<td>\u0095 microprocesador integrado industrial<\/td>\n<\/tr>\n<tr>\n<td>\u0095 sistema operativo; linux integrado<\/td>\n<\/tr>\n<tr>\n<td>\u0095 interfaz de operaci\u00f3n; web, interfaz de usuario local<\/td>\n<\/tr>\n<tr>\n<td>\u0095 busqueda de ia; busque imagenes por canal, hora y tipo de evento<\/td>\n<\/tr>\n<\/table>\n","protected":false},"excerpt":{"rendered":"<p>Informacion general. El nvr es compatible con numerosos dispositivos de terceros, lo que lo convierte en la solucion perfecta para los sistemas de vigilancia que funcionan independientemente del sistema de gesti\u00f3n de video (vms). Cuenta con una arquitectura abierta que admite acceso multiusuario y es compatible con el protocolo onvif 2.4, lo que permite la interoperabilidad con c\u00e1maras 4k. Proteccion perimetral. Filtra automaticamente las falsas alarmas causadas por animales, hojas que se mueven, luces brillantes y mas. Permite que el sistema actue como un reconocimiento secundario para los objetivos. Mejora de la precision de las alarmas. Reconocimiento facial por camara. La tecnologia de reconocimiento facial de dahua extrae las caracteristicas de los rostros capturados y los compara con los de la base de datos de rostros para reconocer la identidad de la persona. Smd plus por camara. Con un algoritmo inteligente, la tecnologia de deteccion de movimiento inteligente de dahua puede categorizar los objetivos que activan la deteccion de movimiento y filtrar la alarma de deteccion de movimiento activada por objetivos no afectados para generar una alarma efectiva y precisa. Conteo de personas. Con un algoritmo de aprendizaje profundo, la tecnologia de conteo de personas de dahua puede rastrear y procesar objetivos en movimiento del cuerpo humano para obtener estad\u00edsticas precisas de n\u00famero de entrada, numero de salida y numero de area. Trabajando con la plataforma de gesti\u00f3n, produce resultados anuales\/mensuales\/semanales\/diarios informes para satisfacer sus necesidades.<\/p>\n","protected":false},"featured_media":243032,"comment_status":"open","ping_status":"open","template":"","meta":[],"product_cat":[1689,1768],"product_tag":[1555],"acf":[],"yoast_head":"<!-- This site is optimized with the Yoast SEO plugin v21.7 - https:\/\/yoast.com\/wordpress\/plugins\/seo\/ -->\n<title>[ Dahua ] &#129351; Dhi-nvr5832-16p-ei Nvr\/\/\/ Nvr De 32 Canales Ip 4k\/ 16 Pts Poe\/ 8 Pts Epoe\/ Deteccion Y Reconocimiento Facial\/ Smd\/ Proteccin Perimetral\/ 8 Bahias Para Discos Duros\/admite Raid0\/1\/5\/6\/10\/ 384 Mbp<\/title>\n<meta name=\"description\" content=\"Compra Dhi-nvr5832-16p-ei Nvr\/\/\/ Nvr De 32 Canales Ip 4k\/ 16 Pts Poe\/ 8 Pts Epoe\/ Deteccion Y Reconocimiento Facial\/ Smd\/ Proteccin Perimetral\/ 8 Bahias Para Discos Duros\/admite Raid0\/1\/5\/6\/10\/ 384 Mbp + Env\u00edo a domicilio + Pago seguro + Garant\u00eda\" \/>\n<meta name=\"robots\" content=\"index, follow, max-snippet:-1, max-image-preview:large, max-video-preview:-1\" \/>\n<link rel=\"canonical\" href=\"https:\/\/compuviper.mx\/tienda\/producto\/dahua-dhi-nvr5832-16p-ei-nvr-nvr-de-32-canales-ip-4k-16-pts-poe-8-pts-epoe-deteccion-y-reconocimiento-facial-smd-proteccin-perimetral-8-bahias-para-discos-duros-admite-raid0-1-5-6-10-384-mbp\/\" \/>\n<meta property=\"og:locale\" content=\"es_MX\" \/>\n<meta property=\"og:type\" content=\"article\" \/>\n<meta property=\"og:title\" content=\"[ Dahua ] &#129351; Dhi-nvr5832-16p-ei Nvr\/\/\/ Nvr De 32 Canales Ip 4k\/ 16 Pts Poe\/ 8 Pts Epoe\/ Deteccion Y Reconocimiento Facial\/ Smd\/ Proteccin Perimetral\/ 8 Bahias Para Discos Duros\/admite Raid0\/1\/5\/6\/10\/ 384 Mbp\" \/>\n<meta property=\"og:description\" content=\"Compra Dhi-nvr5832-16p-ei Nvr\/\/\/ Nvr De 32 Canales Ip 4k\/ 16 Pts Poe\/ 8 Pts Epoe\/ Deteccion Y Reconocimiento Facial\/ Smd\/ Proteccin Perimetral\/ 8 Bahias Para Discos Duros\/admite Raid0\/1\/5\/6\/10\/ 384 Mbp + Env\u00edo a domicilio + Pago seguro + Garant\u00eda\" \/>\n<meta property=\"og:url\" content=\"https:\/\/compuviper.mx\/tienda\/producto\/dahua-dhi-nvr5832-16p-ei-nvr-nvr-de-32-canales-ip-4k-16-pts-poe-8-pts-epoe-deteccion-y-reconocimiento-facial-smd-proteccin-perimetral-8-bahias-para-discos-duros-admite-raid0-1-5-6-10-384-mbp\/\" \/>\n<meta property=\"og:site_name\" content=\"Compuviper\" \/>\n<meta property=\"article:publisher\" content=\"https:\/\/www.facebook.com\/compuviper\" \/>\n<meta property=\"article:modified_time\" content=\"2026-04-02T07:23:32+00:00\" \/>\n<meta property=\"og:image\" content=\"https:\/\/compuviper.mx\/tienda\/wp-content\/uploads\/2024\/09\/Nvrdahuadhi-nvr5832-16p-ei-nvr-de-32-canales-ip-4k-16-pts-poe-8-pts-epoe-deteccion-y-reconocimiento-facial-smd-proteccion-perimetral-8-bahias-para-discos-durosadmite-raid015610-384-mbp.jpg\" \/>\n\t<meta property=\"og:image:width\" content=\"200\" \/>\n\t<meta property=\"og:image:height\" content=\"200\" \/>\n\t<meta property=\"og:image:type\" content=\"image\/jpeg\" \/>\n<meta name=\"twitter:card\" content=\"summary_large_image\" \/>\n<meta name=\"twitter:label1\" content=\"Precio\" \/>\n\t<meta name=\"twitter:data1\" content=\"&#36;19,873 con IVA\" \/>\n\t<meta name=\"twitter:label2\" content=\"Availability\" \/>\n\t<meta name=\"twitter:data2\" content=\"Out of stock\" \/>\n<script type=\"application\/ld+json\" class=\"yoast-schema-graph\">{\"@context\":\"https:\/\/schema.org\",\"@graph\":[{\"@type\":\"WebPage\",\"@id\":\"https:\/\/compuviper.mx\/tienda\/producto\/dahua-dhi-nvr5832-16p-ei-nvr-nvr-de-32-canales-ip-4k-16-pts-poe-8-pts-epoe-deteccion-y-reconocimiento-facial-smd-proteccin-perimetral-8-bahias-para-discos-duros-admite-raid0-1-5-6-10-384-mbp\/\",\"url\":\"https:\/\/compuviper.mx\/tienda\/producto\/dahua-dhi-nvr5832-16p-ei-nvr-nvr-de-32-canales-ip-4k-16-pts-poe-8-pts-epoe-deteccion-y-reconocimiento-facial-smd-proteccin-perimetral-8-bahias-para-discos-duros-admite-raid0-1-5-6-10-384-mbp\/\",\"name\":\"[ Dahua ] &#129351; Dhi-nvr5832-16p-ei Nvr\/\/\/ Nvr De 32 Canales Ip 4k\/ 16 Pts Poe\/ 8 Pts Epoe\/ Deteccion Y Reconocimiento Facial\/ Smd\/ Proteccin Perimetral\/ 8 Bahias Para Discos Duros\/admite Raid0\/1\/5\/6\/10\/ 384 Mbp\",\"isPartOf\":{\"@id\":\"https:\/\/compuviper.mx\/tienda\/#website\"},\"datePublished\":\"2026-04-02T07:23:31+00:00\",\"dateModified\":\"2026-04-02T07:23:32+00:00\",\"description\":\"Compra Dhi-nvr5832-16p-ei Nvr\/\/\/ Nvr De 32 Canales Ip 4k\/ 16 Pts Poe\/ 8 Pts Epoe\/ Deteccion Y Reconocimiento Facial\/ Smd\/ Proteccin Perimetral\/ 8 Bahias Para Discos Duros\/admite Raid0\/1\/5\/6\/10\/ 384 Mbp + Env\u00edo a domicilio + Pago seguro + Garant\u00eda\",\"breadcrumb\":{\"@id\":\"https:\/\/compuviper.mx\/tienda\/producto\/dahua-dhi-nvr5832-16p-ei-nvr-nvr-de-32-canales-ip-4k-16-pts-poe-8-pts-epoe-deteccion-y-reconocimiento-facial-smd-proteccin-perimetral-8-bahias-para-discos-duros-admite-raid0-1-5-6-10-384-mbp\/#breadcrumb\"},\"inLanguage\":\"es-MX\",\"potentialAction\":[{\"@type\":\"ReadAction\",\"target\":[\"https:\/\/compuviper.mx\/tienda\/producto\/dahua-dhi-nvr5832-16p-ei-nvr-nvr-de-32-canales-ip-4k-16-pts-poe-8-pts-epoe-deteccion-y-reconocimiento-facial-smd-proteccin-perimetral-8-bahias-para-discos-duros-admite-raid0-1-5-6-10-384-mbp\/\"]}]},{\"@type\":\"BreadcrumbList\",\"@id\":\"https:\/\/compuviper.mx\/tienda\/producto\/dahua-dhi-nvr5832-16p-ei-nvr-nvr-de-32-canales-ip-4k-16-pts-poe-8-pts-epoe-deteccion-y-reconocimiento-facial-smd-proteccin-perimetral-8-bahias-para-discos-duros-admite-raid0-1-5-6-10-384-mbp\/#breadcrumb\",\"itemListElement\":[{\"@type\":\"ListItem\",\"position\":1,\"name\":\"Inicio\",\"item\":\"https:\/\/compuviper.mx\/tienda\/\"},{\"@type\":\"ListItem\",\"position\":2,\"name\":\"Productos\",\"item\":\"https:\/\/compuviper.mx\/tienda\/productos\/\"},{\"@type\":\"ListItem\",\"position\":3,\"name\":\"Videograbadores\",\"item\":\"https:\/\/compuviper.mx\/tienda\/categoria-producto\/videograbadores\/\"},{\"@type\":\"ListItem\",\"position\":4,\"name\":\"Nvr\",\"item\":\"https:\/\/compuviper.mx\/tienda\/categoria-producto\/videograbadores\/nvr\/\"},{\"@type\":\"ListItem\",\"position\":5,\"name\":\"Dahua Dhi-nvr5832-16p-ei Nvr\/\/\/ Nvr De 32 Canales Ip 4k\/ 16 Pts Poe\/ 8 Pts Epoe\/ Deteccion Y Reconocimiento Facial\/ Smd\/ Proteccin Perimetral\/ 8 Bahias Para Discos Duros\/admite Raid0\/1\/5\/6\/10\/ 384 Mbp\"}]},{\"@type\":\"WebSite\",\"@id\":\"https:\/\/compuviper.mx\/tienda\/#website\",\"url\":\"https:\/\/compuviper.mx\/tienda\/\",\"name\":\"Compuviper\",\"description\":\"Proveedor de Computadoras, Laptops, Servidores, Monitores, Puntos de Venta, Teclados,   Impresoras, T\u00f3ner, C\u00e1maras de Seguridad y m\u00e1s en tu tienda en l\u00ednea\",\"publisher\":{\"@id\":\"https:\/\/compuviper.mx\/tienda\/#organization\"},\"potentialAction\":[{\"@type\":\"SearchAction\",\"target\":{\"@type\":\"EntryPoint\",\"urlTemplate\":\"https:\/\/compuviper.mx\/tienda\/?s={search_term_string}\"},\"query-input\":\"required name=search_term_string\"}],\"inLanguage\":\"es-MX\"},{\"@type\":\"Organization\",\"@id\":\"https:\/\/compuviper.mx\/tienda\/#organization\",\"name\":\"Compuviper\",\"url\":\"https:\/\/compuviper.mx\/tienda\/\",\"logo\":{\"@type\":\"ImageObject\",\"inLanguage\":\"es-MX\",\"@id\":\"https:\/\/compuviper.mx\/tienda\/#\/schema\/logo\/image\/\",\"url\":\"https:\/\/compuviper.mx\/tienda\/wp-content\/uploads\/2021\/08\/Logo-Compuviper-10.png\",\"contentUrl\":\"https:\/\/compuviper.mx\/tienda\/wp-content\/uploads\/2021\/08\/Logo-Compuviper-10.png\",\"width\":1000,\"height\":500,\"caption\":\"Compuviper\"},\"image\":{\"@id\":\"https:\/\/compuviper.mx\/tienda\/#\/schema\/logo\/image\/\"},\"sameAs\":[\"https:\/\/www.facebook.com\/compuviper\",\"https:\/\/www.youtube.com\/channel\/UCf73dERp9Y3cfOq7q8BhLjA?view_as=subscriber\"]}]}<\/script>\n<meta property=\"product:brand\" content=\"DAHUA\" \/>\n<meta property=\"product:price:amount\" content=\"19873\" \/>\n<meta property=\"product:price:currency\" content=\"MXN\" \/>\n<meta property=\"og:availability\" content=\"out of stock\" \/>\n<meta property=\"product:availability\" content=\"out of stock\" \/>\n<meta property=\"product:retailer_item_id\" content=\"DHI-NVR5832-16P-EI\" \/>\n<meta property=\"product:condition\" content=\"new\" \/>\n<!-- \/ Yoast SEO plugin. -->","yoast_head_json":{"title":"[ Dahua ] &#129351; Dhi-nvr5832-16p-ei Nvr\/\/\/ Nvr De 32 Canales Ip 4k\/ 16 Pts Poe\/ 8 Pts Epoe\/ Deteccion Y Reconocimiento Facial\/ Smd\/ Proteccin Perimetral\/ 8 Bahias Para Discos Duros\/admite Raid0\/1\/5\/6\/10\/ 384 Mbp","description":"Compra Dhi-nvr5832-16p-ei Nvr\/\/\/ Nvr De 32 Canales Ip 4k\/ 16 Pts Poe\/ 8 Pts Epoe\/ Deteccion Y Reconocimiento Facial\/ Smd\/ Proteccin Perimetral\/ 8 Bahias Para Discos Duros\/admite Raid0\/1\/5\/6\/10\/ 384 Mbp + Env\u00edo a domicilio + Pago seguro + Garant\u00eda","robots":{"index":"index","follow":"follow","max-snippet":"max-snippet:-1","max-image-preview":"max-image-preview:large","max-video-preview":"max-video-preview:-1"},"canonical":"https:\/\/compuviper.mx\/tienda\/producto\/dahua-dhi-nvr5832-16p-ei-nvr-nvr-de-32-canales-ip-4k-16-pts-poe-8-pts-epoe-deteccion-y-reconocimiento-facial-smd-proteccin-perimetral-8-bahias-para-discos-duros-admite-raid0-1-5-6-10-384-mbp\/","og_locale":"es_MX","og_type":"article","og_title":"[ Dahua ] &#129351; Dhi-nvr5832-16p-ei Nvr\/\/\/ Nvr De 32 Canales Ip 4k\/ 16 Pts Poe\/ 8 Pts Epoe\/ Deteccion Y Reconocimiento Facial\/ Smd\/ Proteccin Perimetral\/ 8 Bahias Para Discos Duros\/admite Raid0\/1\/5\/6\/10\/ 384 Mbp","og_description":"Compra Dhi-nvr5832-16p-ei Nvr\/\/\/ Nvr De 32 Canales Ip 4k\/ 16 Pts Poe\/ 8 Pts Epoe\/ Deteccion Y Reconocimiento Facial\/ Smd\/ Proteccin Perimetral\/ 8 Bahias Para Discos Duros\/admite Raid0\/1\/5\/6\/10\/ 384 Mbp + Env\u00edo a domicilio + Pago seguro + Garant\u00eda","og_url":"https:\/\/compuviper.mx\/tienda\/producto\/dahua-dhi-nvr5832-16p-ei-nvr-nvr-de-32-canales-ip-4k-16-pts-poe-8-pts-epoe-deteccion-y-reconocimiento-facial-smd-proteccin-perimetral-8-bahias-para-discos-duros-admite-raid0-1-5-6-10-384-mbp\/","og_site_name":"Compuviper","article_publisher":"https:\/\/www.facebook.com\/compuviper","article_modified_time":"2026-04-02T07:23:32+00:00","og_image":[{"width":200,"height":200,"url":"https:\/\/compuviper.mx\/tienda\/wp-content\/uploads\/2024\/09\/Nvrdahuadhi-nvr5832-16p-ei-nvr-de-32-canales-ip-4k-16-pts-poe-8-pts-epoe-deteccion-y-reconocimiento-facial-smd-proteccion-perimetral-8-bahias-para-discos-durosadmite-raid015610-384-mbp.jpg","type":"image\/jpeg"}],"twitter_card":"summary_large_image","twitter_misc":{"Precio":"&#36;19,873 con IVA","Availability":"Out of stock"},"schema":{"@context":"https:\/\/schema.org","@graph":[{"@type":"WebPage","@id":"https:\/\/compuviper.mx\/tienda\/producto\/dahua-dhi-nvr5832-16p-ei-nvr-nvr-de-32-canales-ip-4k-16-pts-poe-8-pts-epoe-deteccion-y-reconocimiento-facial-smd-proteccin-perimetral-8-bahias-para-discos-duros-admite-raid0-1-5-6-10-384-mbp\/","url":"https:\/\/compuviper.mx\/tienda\/producto\/dahua-dhi-nvr5832-16p-ei-nvr-nvr-de-32-canales-ip-4k-16-pts-poe-8-pts-epoe-deteccion-y-reconocimiento-facial-smd-proteccin-perimetral-8-bahias-para-discos-duros-admite-raid0-1-5-6-10-384-mbp\/","name":"[ Dahua ] &#129351; Dhi-nvr5832-16p-ei Nvr\/\/\/ Nvr De 32 Canales Ip 4k\/ 16 Pts Poe\/ 8 Pts Epoe\/ Deteccion Y Reconocimiento Facial\/ Smd\/ Proteccin Perimetral\/ 8 Bahias Para Discos Duros\/admite Raid0\/1\/5\/6\/10\/ 384 Mbp","isPartOf":{"@id":"https:\/\/compuviper.mx\/tienda\/#website"},"datePublished":"2026-04-02T07:23:31+00:00","dateModified":"2026-04-02T07:23:32+00:00","description":"Compra Dhi-nvr5832-16p-ei Nvr\/\/\/ Nvr De 32 Canales Ip 4k\/ 16 Pts Poe\/ 8 Pts Epoe\/ Deteccion Y Reconocimiento Facial\/ Smd\/ Proteccin Perimetral\/ 8 Bahias Para Discos Duros\/admite Raid0\/1\/5\/6\/10\/ 384 Mbp + Env\u00edo a domicilio + Pago seguro + Garant\u00eda","breadcrumb":{"@id":"https:\/\/compuviper.mx\/tienda\/producto\/dahua-dhi-nvr5832-16p-ei-nvr-nvr-de-32-canales-ip-4k-16-pts-poe-8-pts-epoe-deteccion-y-reconocimiento-facial-smd-proteccin-perimetral-8-bahias-para-discos-duros-admite-raid0-1-5-6-10-384-mbp\/#breadcrumb"},"inLanguage":"es-MX","potentialAction":[{"@type":"ReadAction","target":["https:\/\/compuviper.mx\/tienda\/producto\/dahua-dhi-nvr5832-16p-ei-nvr-nvr-de-32-canales-ip-4k-16-pts-poe-8-pts-epoe-deteccion-y-reconocimiento-facial-smd-proteccin-perimetral-8-bahias-para-discos-duros-admite-raid0-1-5-6-10-384-mbp\/"]}]},{"@type":"BreadcrumbList","@id":"https:\/\/compuviper.mx\/tienda\/producto\/dahua-dhi-nvr5832-16p-ei-nvr-nvr-de-32-canales-ip-4k-16-pts-poe-8-pts-epoe-deteccion-y-reconocimiento-facial-smd-proteccin-perimetral-8-bahias-para-discos-duros-admite-raid0-1-5-6-10-384-mbp\/#breadcrumb","itemListElement":[{"@type":"ListItem","position":1,"name":"Inicio","item":"https:\/\/compuviper.mx\/tienda\/"},{"@type":"ListItem","position":2,"name":"Productos","item":"https:\/\/compuviper.mx\/tienda\/productos\/"},{"@type":"ListItem","position":3,"name":"Videograbadores","item":"https:\/\/compuviper.mx\/tienda\/categoria-producto\/videograbadores\/"},{"@type":"ListItem","position":4,"name":"Nvr","item":"https:\/\/compuviper.mx\/tienda\/categoria-producto\/videograbadores\/nvr\/"},{"@type":"ListItem","position":5,"name":"Dahua Dhi-nvr5832-16p-ei Nvr\/\/\/ Nvr De 32 Canales Ip 4k\/ 16 Pts Poe\/ 8 Pts Epoe\/ Deteccion Y Reconocimiento Facial\/ Smd\/ Proteccin Perimetral\/ 8 Bahias Para Discos Duros\/admite Raid0\/1\/5\/6\/10\/ 384 Mbp"}]},{"@type":"WebSite","@id":"https:\/\/compuviper.mx\/tienda\/#website","url":"https:\/\/compuviper.mx\/tienda\/","name":"Compuviper","description":"Proveedor de Computadoras, Laptops, Servidores, Monitores, Puntos de Venta, Teclados,   Impresoras, T\u00f3ner, C\u00e1maras de Seguridad y m\u00e1s en tu tienda en l\u00ednea","publisher":{"@id":"https:\/\/compuviper.mx\/tienda\/#organization"},"potentialAction":[{"@type":"SearchAction","target":{"@type":"EntryPoint","urlTemplate":"https:\/\/compuviper.mx\/tienda\/?s={search_term_string}"},"query-input":"required name=search_term_string"}],"inLanguage":"es-MX"},{"@type":"Organization","@id":"https:\/\/compuviper.mx\/tienda\/#organization","name":"Compuviper","url":"https:\/\/compuviper.mx\/tienda\/","logo":{"@type":"ImageObject","inLanguage":"es-MX","@id":"https:\/\/compuviper.mx\/tienda\/#\/schema\/logo\/image\/","url":"https:\/\/compuviper.mx\/tienda\/wp-content\/uploads\/2021\/08\/Logo-Compuviper-10.png","contentUrl":"https:\/\/compuviper.mx\/tienda\/wp-content\/uploads\/2021\/08\/Logo-Compuviper-10.png","width":1000,"height":500,"caption":"Compuviper"},"image":{"@id":"https:\/\/compuviper.mx\/tienda\/#\/schema\/logo\/image\/"},"sameAs":["https:\/\/www.facebook.com\/compuviper","https:\/\/www.youtube.com\/channel\/UCf73dERp9Y3cfOq7q8BhLjA?view_as=subscriber"]}]},"product_brand":"DAHUA","product_price_amount":"19873","product_price_currency":"MXN","og_availability":"out of stock","product_availability":"out of stock","product_retailer_item_id":"DHI-NVR5832-16P-EI","product_condition":"new"},"_links":{"self":[{"href":"https:\/\/compuviper.mx\/tienda\/wp-json\/wp\/v2\/product\/235357"}],"collection":[{"href":"https:\/\/compuviper.mx\/tienda\/wp-json\/wp\/v2\/product"}],"about":[{"href":"https:\/\/compuviper.mx\/tienda\/wp-json\/wp\/v2\/types\/product"}],"replies":[{"embeddable":true,"href":"https:\/\/compuviper.mx\/tienda\/wp-json\/wp\/v2\/comments?post=235357"}],"wp:featuredmedia":[{"embeddable":true,"href":"https:\/\/compuviper.mx\/tienda\/wp-json\/wp\/v2\/media\/243032"}],"wp:attachment":[{"href":"https:\/\/compuviper.mx\/tienda\/wp-json\/wp\/v2\/media?parent=235357"}],"wp:term":[{"taxonomy":"product_cat","embeddable":true,"href":"https:\/\/compuviper.mx\/tienda\/wp-json\/wp\/v2\/product_cat?post=235357"},{"taxonomy":"product_tag","embeddable":true,"href":"https:\/\/compuviper.mx\/tienda\/wp-json\/wp\/v2\/product_tag?post=235357"}],"curies":[{"name":"wp","href":"https:\/\/api.w.org\/{rel}","templated":true}]}}