{"id":235177,"date":"2026-04-21T02:22:58","date_gmt":"2026-04-21T08:22:58","guid":{"rendered":"https:\/\/compuviper.mx\/tienda\/producto\/aspel-banco12m-v-banco-licencia-anual-electronica\/"},"modified":"2026-04-21T02:22:59","modified_gmt":"2026-04-21T08:22:59","slug":"aspel-banco12m-v-banco-licencia-anual-electronica","status":"publish","type":"product","link":"https:\/\/compuviper.mx\/tienda\/producto\/aspel-banco12m-v-banco-licencia-anual-electronica\/","title":{"rendered":"Aspel Banco12m V  Banco Licencia Anual Electronica"},"content":{"rendered":"<table class=\"descripcion\">\n<tr>\n<td>Requerimientos mnimos de hardware y software<\/td>\n<\/tr>\n<tr>\n<td>Procesador de 32 bits x86 a 1 ghz. o m\u00e1s.<\/td>\n<\/tr>\n<tr>\n<td>1 gb. de ram.<\/td>\n<\/tr>\n<tr>\n<td>320 mb. de espacio libre en disco duro.<\/td>\n<\/tr>\n<tr>\n<td>Microsoft windows\u00ae vista, 2008, 7, 2012 u 8.<\/td>\n<\/tr>\n<tr>\n<td>Considerar que los requerimientos del sistema operativo pueden ser mayores.<\/td>\n<\/tr>\n<tr>\n<td>Con aspel-banco puedes:<\/td>\n<\/tr>\n<tr>\n<td>Manejar cuentas en moneda nacional y extranjera.<\/td>\n<\/tr>\n<tr>\n<td>Programar movimientos periodicos.<\/td>\n<\/tr>\n<tr>\n<td>Realizar conciliaciones bancarias.<\/td>\n<\/tr>\n<tr>\n<td>Consultar todas tus operaciones financieras.<\/td>\n<\/tr>\n<tr>\n<td>Aspel-banco 6.0 tiene interfaz con: sae, noi y coi<\/td>\n<\/tr>\n<\/table>\n","protected":false},"excerpt":{"rendered":"<p>Controla eficientemente los ingresos, egresos y movimientos de cualquier cuenta bancaria, tanto en moneda nacional como extranjera. Ofrece informacion financiera en todo momento como estados de cuenta, diarios de bancos, flujo de efectivo, entre otros. Adem\u00e1s, permite la programacion de movimientos periodicos, as como la conciliacion electronica con las principales instituciones financieras.<\/p>\n","protected":false},"featured_media":243557,"comment_status":"open","ping_status":"open","template":"","meta":[],"product_cat":[1827,2122],"product_tag":[1875],"acf":[],"yoast_head":"<!-- This site is optimized with the Yoast SEO plugin v21.7 - https:\/\/yoast.com\/wordpress\/plugins\/seo\/ -->\n<title>[ Aspel ] &#129351; Banco12m V Banco Licencia Anual Electronica<\/title>\n<meta name=\"description\" content=\"Compra Banco12m V Banco Licencia Anual Electronica + Env\u00edo a domicilio + Pago seguro + Garant\u00eda\" \/>\n<meta name=\"robots\" content=\"index, follow, max-snippet:-1, max-image-preview:large, max-video-preview:-1\" \/>\n<link rel=\"canonical\" href=\"https:\/\/compuviper.mx\/tienda\/producto\/aspel-banco12m-v-banco-licencia-anual-electronica\/\" \/>\n<meta property=\"og:locale\" content=\"es_MX\" \/>\n<meta property=\"og:type\" content=\"article\" \/>\n<meta property=\"og:title\" content=\"[ Aspel ] &#129351; Banco12m V Banco Licencia Anual Electronica\" \/>\n<meta property=\"og:description\" content=\"Compra Banco12m V Banco Licencia Anual Electronica + Env\u00edo a domicilio + Pago seguro + Garant\u00eda\" \/>\n<meta property=\"og:url\" content=\"https:\/\/compuviper.mx\/tienda\/producto\/aspel-banco12m-v-banco-licencia-anual-electronica\/\" \/>\n<meta property=\"og:site_name\" content=\"Compuviper\" \/>\n<meta property=\"article:publisher\" content=\"https:\/\/www.facebook.com\/compuviper\" \/>\n<meta property=\"article:modified_time\" content=\"2026-04-21T08:22:59+00:00\" \/>\n<meta property=\"og:image\" content=\"https:\/\/compuviper.mx\/tienda\/wp-content\/uploads\/2024\/09\/Aspel-banco-licencia-anual-electronica.jpg\" \/>\n\t<meta property=\"og:image:width\" content=\"200\" \/>\n\t<meta property=\"og:image:height\" content=\"200\" \/>\n\t<meta property=\"og:image:type\" content=\"image\/jpeg\" \/>\n<meta name=\"twitter:card\" content=\"summary_large_image\" \/>\n<meta name=\"twitter:label1\" content=\"Precio\" \/>\n\t<meta name=\"twitter:data1\" content=\"&#36;5,152 con IVA\" \/>\n\t<meta name=\"twitter:label2\" content=\"Availability\" \/>\n\t<meta name=\"twitter:data2\" content=\"On backorder\" \/>\n<script type=\"application\/ld+json\" class=\"yoast-schema-graph\">{\"@context\":\"https:\/\/schema.org\",\"@graph\":[{\"@type\":\"WebPage\",\"@id\":\"https:\/\/compuviper.mx\/tienda\/producto\/aspel-banco12m-v-banco-licencia-anual-electronica\/\",\"url\":\"https:\/\/compuviper.mx\/tienda\/producto\/aspel-banco12m-v-banco-licencia-anual-electronica\/\",\"name\":\"[ Aspel ] &#129351; Banco12m V Banco Licencia Anual Electronica\",\"isPartOf\":{\"@id\":\"https:\/\/compuviper.mx\/tienda\/#website\"},\"datePublished\":\"2026-04-21T08:22:58+00:00\",\"dateModified\":\"2026-04-21T08:22:59+00:00\",\"description\":\"Compra Banco12m V Banco Licencia Anual Electronica + Env\u00edo a domicilio + Pago seguro + Garant\u00eda\",\"breadcrumb\":{\"@id\":\"https:\/\/compuviper.mx\/tienda\/producto\/aspel-banco12m-v-banco-licencia-anual-electronica\/#breadcrumb\"},\"inLanguage\":\"es-MX\",\"potentialAction\":[{\"@type\":\"ReadAction\",\"target\":[\"https:\/\/compuviper.mx\/tienda\/producto\/aspel-banco12m-v-banco-licencia-anual-electronica\/\"]}]},{\"@type\":\"BreadcrumbList\",\"@id\":\"https:\/\/compuviper.mx\/tienda\/producto\/aspel-banco12m-v-banco-licencia-anual-electronica\/#breadcrumb\",\"itemListElement\":[{\"@type\":\"ListItem\",\"position\":1,\"name\":\"Inicio\",\"item\":\"https:\/\/compuviper.mx\/tienda\/\"},{\"@type\":\"ListItem\",\"position\":2,\"name\":\"Productos\",\"item\":\"https:\/\/compuviper.mx\/tienda\/productos\/\"},{\"@type\":\"ListItem\",\"position\":3,\"name\":\"Software\",\"item\":\"https:\/\/compuviper.mx\/tienda\/categoria-producto\/software\/\"},{\"@type\":\"ListItem\",\"position\":4,\"name\":\"Sin Categor\u00eda\",\"item\":\"https:\/\/compuviper.mx\/tienda\/categoria-producto\/software\/sin-categoria-software\/\"},{\"@type\":\"ListItem\",\"position\":5,\"name\":\"Aspel Banco12m V Banco Licencia Anual Electronica\"}]},{\"@type\":\"WebSite\",\"@id\":\"https:\/\/compuviper.mx\/tienda\/#website\",\"url\":\"https:\/\/compuviper.mx\/tienda\/\",\"name\":\"Compuviper\",\"description\":\"Proveedor de Computadoras, Laptops, Servidores, Monitores, Puntos de Venta, Teclados,   Impresoras, T\u00f3ner, C\u00e1maras de Seguridad y m\u00e1s en tu tienda en l\u00ednea\",\"publisher\":{\"@id\":\"https:\/\/compuviper.mx\/tienda\/#organization\"},\"potentialAction\":[{\"@type\":\"SearchAction\",\"target\":{\"@type\":\"EntryPoint\",\"urlTemplate\":\"https:\/\/compuviper.mx\/tienda\/?s={search_term_string}\"},\"query-input\":\"required name=search_term_string\"}],\"inLanguage\":\"es-MX\"},{\"@type\":\"Organization\",\"@id\":\"https:\/\/compuviper.mx\/tienda\/#organization\",\"name\":\"Compuviper\",\"url\":\"https:\/\/compuviper.mx\/tienda\/\",\"logo\":{\"@type\":\"ImageObject\",\"inLanguage\":\"es-MX\",\"@id\":\"https:\/\/compuviper.mx\/tienda\/#\/schema\/logo\/image\/\",\"url\":\"https:\/\/compuviper.mx\/tienda\/wp-content\/uploads\/2021\/08\/Logo-Compuviper-10.png\",\"contentUrl\":\"https:\/\/compuviper.mx\/tienda\/wp-content\/uploads\/2021\/08\/Logo-Compuviper-10.png\",\"width\":1000,\"height\":500,\"caption\":\"Compuviper\"},\"image\":{\"@id\":\"https:\/\/compuviper.mx\/tienda\/#\/schema\/logo\/image\/\"},\"sameAs\":[\"https:\/\/www.facebook.com\/compuviper\",\"https:\/\/www.youtube.com\/channel\/UCf73dERp9Y3cfOq7q8BhLjA?view_as=subscriber\"]}]}<\/script>\n<meta property=\"product:brand\" content=\"ASPEL\" \/>\n<meta property=\"product:price:amount\" content=\"5152\" \/>\n<meta property=\"product:price:currency\" content=\"MXN\" \/>\n<meta property=\"og:availability\" content=\"backorder\" \/>\n<meta property=\"product:availability\" content=\"available for order\" \/>\n<meta property=\"product:retailer_item_id\" content=\"BANCO12M V\" \/>\n<meta property=\"product:condition\" content=\"new\" \/>\n<!-- \/ Yoast SEO plugin. -->","yoast_head_json":{"title":"[ Aspel ] &#129351; Banco12m V Banco Licencia Anual Electronica","description":"Compra Banco12m V Banco Licencia Anual Electronica + Env\u00edo a domicilio + Pago seguro + Garant\u00eda","robots":{"index":"index","follow":"follow","max-snippet":"max-snippet:-1","max-image-preview":"max-image-preview:large","max-video-preview":"max-video-preview:-1"},"canonical":"https:\/\/compuviper.mx\/tienda\/producto\/aspel-banco12m-v-banco-licencia-anual-electronica\/","og_locale":"es_MX","og_type":"article","og_title":"[ Aspel ] &#129351; Banco12m V Banco Licencia Anual Electronica","og_description":"Compra Banco12m V Banco Licencia Anual Electronica + Env\u00edo a domicilio + Pago seguro + Garant\u00eda","og_url":"https:\/\/compuviper.mx\/tienda\/producto\/aspel-banco12m-v-banco-licencia-anual-electronica\/","og_site_name":"Compuviper","article_publisher":"https:\/\/www.facebook.com\/compuviper","article_modified_time":"2026-04-21T08:22:59+00:00","og_image":[{"width":200,"height":200,"url":"https:\/\/compuviper.mx\/tienda\/wp-content\/uploads\/2024\/09\/Aspel-banco-licencia-anual-electronica.jpg","type":"image\/jpeg"}],"twitter_card":"summary_large_image","twitter_misc":{"Precio":"&#36;5,152 con IVA","Availability":"On backorder"},"schema":{"@context":"https:\/\/schema.org","@graph":[{"@type":"WebPage","@id":"https:\/\/compuviper.mx\/tienda\/producto\/aspel-banco12m-v-banco-licencia-anual-electronica\/","url":"https:\/\/compuviper.mx\/tienda\/producto\/aspel-banco12m-v-banco-licencia-anual-electronica\/","name":"[ Aspel ] &#129351; Banco12m V Banco Licencia Anual Electronica","isPartOf":{"@id":"https:\/\/compuviper.mx\/tienda\/#website"},"datePublished":"2026-04-21T08:22:58+00:00","dateModified":"2026-04-21T08:22:59+00:00","description":"Compra Banco12m V Banco Licencia Anual Electronica + Env\u00edo a domicilio + Pago seguro + Garant\u00eda","breadcrumb":{"@id":"https:\/\/compuviper.mx\/tienda\/producto\/aspel-banco12m-v-banco-licencia-anual-electronica\/#breadcrumb"},"inLanguage":"es-MX","potentialAction":[{"@type":"ReadAction","target":["https:\/\/compuviper.mx\/tienda\/producto\/aspel-banco12m-v-banco-licencia-anual-electronica\/"]}]},{"@type":"BreadcrumbList","@id":"https:\/\/compuviper.mx\/tienda\/producto\/aspel-banco12m-v-banco-licencia-anual-electronica\/#breadcrumb","itemListElement":[{"@type":"ListItem","position":1,"name":"Inicio","item":"https:\/\/compuviper.mx\/tienda\/"},{"@type":"ListItem","position":2,"name":"Productos","item":"https:\/\/compuviper.mx\/tienda\/productos\/"},{"@type":"ListItem","position":3,"name":"Software","item":"https:\/\/compuviper.mx\/tienda\/categoria-producto\/software\/"},{"@type":"ListItem","position":4,"name":"Sin Categor\u00eda","item":"https:\/\/compuviper.mx\/tienda\/categoria-producto\/software\/sin-categoria-software\/"},{"@type":"ListItem","position":5,"name":"Aspel Banco12m V Banco Licencia Anual Electronica"}]},{"@type":"WebSite","@id":"https:\/\/compuviper.mx\/tienda\/#website","url":"https:\/\/compuviper.mx\/tienda\/","name":"Compuviper","description":"Proveedor de Computadoras, Laptops, Servidores, Monitores, Puntos de Venta, Teclados,   Impresoras, T\u00f3ner, C\u00e1maras de Seguridad y m\u00e1s en tu tienda en l\u00ednea","publisher":{"@id":"https:\/\/compuviper.mx\/tienda\/#organization"},"potentialAction":[{"@type":"SearchAction","target":{"@type":"EntryPoint","urlTemplate":"https:\/\/compuviper.mx\/tienda\/?s={search_term_string}"},"query-input":"required name=search_term_string"}],"inLanguage":"es-MX"},{"@type":"Organization","@id":"https:\/\/compuviper.mx\/tienda\/#organization","name":"Compuviper","url":"https:\/\/compuviper.mx\/tienda\/","logo":{"@type":"ImageObject","inLanguage":"es-MX","@id":"https:\/\/compuviper.mx\/tienda\/#\/schema\/logo\/image\/","url":"https:\/\/compuviper.mx\/tienda\/wp-content\/uploads\/2021\/08\/Logo-Compuviper-10.png","contentUrl":"https:\/\/compuviper.mx\/tienda\/wp-content\/uploads\/2021\/08\/Logo-Compuviper-10.png","width":1000,"height":500,"caption":"Compuviper"},"image":{"@id":"https:\/\/compuviper.mx\/tienda\/#\/schema\/logo\/image\/"},"sameAs":["https:\/\/www.facebook.com\/compuviper","https:\/\/www.youtube.com\/channel\/UCf73dERp9Y3cfOq7q8BhLjA?view_as=subscriber"]}]},"product_brand":"ASPEL","product_price_amount":"5152","product_price_currency":"MXN","og_availability":"backorder","product_availability":"available for order","product_retailer_item_id":"BANCO12M V","product_condition":"new"},"_links":{"self":[{"href":"https:\/\/compuviper.mx\/tienda\/wp-json\/wp\/v2\/product\/235177"}],"collection":[{"href":"https:\/\/compuviper.mx\/tienda\/wp-json\/wp\/v2\/product"}],"about":[{"href":"https:\/\/compuviper.mx\/tienda\/wp-json\/wp\/v2\/types\/product"}],"replies":[{"embeddable":true,"href":"https:\/\/compuviper.mx\/tienda\/wp-json\/wp\/v2\/comments?post=235177"}],"wp:featuredmedia":[{"embeddable":true,"href":"https:\/\/compuviper.mx\/tienda\/wp-json\/wp\/v2\/media\/243557"}],"wp:attachment":[{"href":"https:\/\/compuviper.mx\/tienda\/wp-json\/wp\/v2\/media?parent=235177"}],"wp:term":[{"taxonomy":"product_cat","embeddable":true,"href":"https:\/\/compuviper.mx\/tienda\/wp-json\/wp\/v2\/product_cat?post=235177"},{"taxonomy":"product_tag","embeddable":true,"href":"https:\/\/compuviper.mx\/tienda\/wp-json\/wp\/v2\/product_tag?post=235177"}],"curies":[{"name":"wp","href":"https:\/\/api.w.org\/{rel}","templated":true}]}}