{"id":235120,"date":"2026-04-01T23:12:53","date_gmt":"2026-04-02T05:12:53","guid":{"rendered":"https:\/\/compuviper.mx\/tienda\/producto\/startech-com-sv565hdip-extensor-kvm-hdmi-kvm-por-ip-hdmi-4k-30hz-y-usb-2-0-por-ip-lan-o-ethernet-cat5e-cat6\/"},"modified":"2026-04-01T23:12:53","modified_gmt":"2026-04-02T05:12:53","slug":"startech-com-sv565hdip-extensor-kvm-hdmi-kvm-por-ip-hdmi-4k-30hz-y-usb-2-0-por-ip-lan-o-ethernet-cat5e-cat6","status":"publish","type":"product","link":"https:\/\/compuviper.mx\/tienda\/producto\/startech-com-sv565hdip-extensor-kvm-hdmi-kvm-por-ip-hdmi-4k-30hz-y-usb-2-0-por-ip-lan-o-ethernet-cat5e-cat6\/","title":{"rendered":"Startech.com Sv565hdip Extensor Kvm Hdmi Kvm Por Ip &#8211; Hdmi 4k 30hz Y Usb 2.0 Por Ip, Lan O Ethernet Cat5e\/cat6"},"content":{"rendered":"<table class=\"descripcion\">\n<tr>\n<td>Acceso remoto: el extensor kvm hdmi sobre ip controla un conmutador\/consola kvm o un pc desde una distancia de hasta 100m a traves de un cable ethernet cat5e\/6 o a trav\u00e9s de una red de area local (lan) habilitada para ip para un alcance ilimitado<\/td>\n<\/tr>\n<tr>\n<td>Calidad de video 4k: el kit transmisor y extensor hdmi alcanza resoluciones ultra hd de hasta 3840 x 2160 4k a 30hz y admite la visualizacion de formato grande de video en lugares remotos; hardware de montaje incluido<\/td>\n<\/tr>\n<tr>\n<td>Hdmi 4k 30hz 3840 x 2160 | usb 2.0 hid | independiente del sistema operativo | 2 x 3.5 mm de audio analogico mas microfono | audio envolvente digital 7.1 | paso de edid  enrutable\/conmutable por ip 100 m de conexion directa m\u00e1xima | 2 a\u00f1os de garantia<\/td>\n<\/tr>\n<tr>\n<td>Audio y video avanzados: el paso de edid transfiere las capacidades de la pantalla a la fuente de video, maximizando la compatibilidad entre dispositivos; el audio envolvente digital 7.1 a trav\u00e9s de hdmi ofrece un sonido de calidad teatral<\/td>\n<\/tr>\n<tr>\n<td>Soporte de pared de video: conecte los receptores (se venden por separado) para distribuir la se\u00f1al hdmi a varias pantallas en una ubicacion remota o combine la fuente para crear una videowall de 9&#215;9; config\u00farela mediante una gui intuitiva<\/td>\n<\/tr>\n<\/table>\n","protected":false},"excerpt":{"rendered":"<p>Extensor kvm hdmi kvm por ip &#8211; hdmi 4k 30hz y usb 2.0 por ip, lan o ethernet cat5e\/cat6 (100m\/330ft) &#8211; kit extensor para transmisor\/receptor\/conmutador\/switch kvm remoto<\/p>\n","protected":false},"featured_media":241894,"comment_status":"open","ping_status":"open","template":"","meta":[],"product_cat":[1485,1581],"product_tag":[1590],"acf":[],"yoast_head":"<!-- This site is optimized with the Yoast SEO plugin v21.7 - https:\/\/yoast.com\/wordpress\/plugins\/seo\/ -->\n<title>[ Startech.com ] &#129351; Sv565hdip Extensor Kvm Hdmi Kvm Por Ip - Hdmi 4k 30hz Y Usb 2.0 Por Ip, Lan O Ethernet Cat5e\/cat6<\/title>\n<meta name=\"description\" content=\"Compra Sv565hdip Extensor Kvm Hdmi Kvm Por Ip - Hdmi 4k 30hz Y Usb 2.0 Por Ip, Lan O Ethernet Cat5e\/cat6 + Env\u00edo a domicilio + Pago seguro + Garant\u00eda\" \/>\n<meta name=\"robots\" content=\"index, follow, max-snippet:-1, max-image-preview:large, max-video-preview:-1\" \/>\n<link rel=\"canonical\" href=\"https:\/\/compuviper.mx\/tienda\/producto\/startech-com-sv565hdip-extensor-kvm-hdmi-kvm-por-ip-hdmi-4k-30hz-y-usb-2-0-por-ip-lan-o-ethernet-cat5e-cat6\/\" \/>\n<meta property=\"og:locale\" content=\"es_MX\" \/>\n<meta property=\"og:type\" content=\"article\" \/>\n<meta property=\"og:title\" content=\"[ Startech.com ] &#129351; Sv565hdip Extensor Kvm Hdmi Kvm Por Ip - Hdmi 4k 30hz Y Usb 2.0 Por Ip, Lan O Ethernet Cat5e\/cat6\" \/>\n<meta property=\"og:description\" content=\"Compra Sv565hdip Extensor Kvm Hdmi Kvm Por Ip - Hdmi 4k 30hz Y Usb 2.0 Por Ip, Lan O Ethernet Cat5e\/cat6 + Env\u00edo a domicilio + Pago seguro + Garant\u00eda\" \/>\n<meta property=\"og:url\" content=\"https:\/\/compuviper.mx\/tienda\/producto\/startech-com-sv565hdip-extensor-kvm-hdmi-kvm-por-ip-hdmi-4k-30hz-y-usb-2-0-por-ip-lan-o-ethernet-cat5e-cat6\/\" \/>\n<meta property=\"og:site_name\" content=\"Compuviper\" \/>\n<meta property=\"article:publisher\" content=\"https:\/\/www.facebook.com\/compuviper\" \/>\n<meta property=\"og:image\" content=\"https:\/\/compuviper.mx\/tienda\/wp-content\/uploads\/2024\/09\/Extensor-kvm-hdmi-kvm-por-ip-hdmi-4k-30hz-y-usb-2.0-por-ip-lan-o-ethernet-cat5ecat6.jpg\" \/>\n\t<meta property=\"og:image:width\" content=\"200\" \/>\n\t<meta property=\"og:image:height\" content=\"200\" \/>\n\t<meta property=\"og:image:type\" content=\"image\/jpeg\" \/>\n<meta name=\"twitter:card\" content=\"summary_large_image\" \/>\n<meta name=\"twitter:label1\" content=\"Precio\" \/>\n\t<meta name=\"twitter:data1\" content=\"&#36;13,965 con IVA\" \/>\n\t<meta name=\"twitter:label2\" content=\"Availability\" \/>\n\t<meta name=\"twitter:data2\" content=\"On backorder\" \/>\n<script type=\"application\/ld+json\" class=\"yoast-schema-graph\">{\"@context\":\"https:\/\/schema.org\",\"@graph\":[{\"@type\":\"WebPage\",\"@id\":\"https:\/\/compuviper.mx\/tienda\/producto\/startech-com-sv565hdip-extensor-kvm-hdmi-kvm-por-ip-hdmi-4k-30hz-y-usb-2-0-por-ip-lan-o-ethernet-cat5e-cat6\/\",\"url\":\"https:\/\/compuviper.mx\/tienda\/producto\/startech-com-sv565hdip-extensor-kvm-hdmi-kvm-por-ip-hdmi-4k-30hz-y-usb-2-0-por-ip-lan-o-ethernet-cat5e-cat6\/\",\"name\":\"[ Startech.com ] &#129351; Sv565hdip Extensor Kvm Hdmi Kvm Por Ip - Hdmi 4k 30hz Y Usb 2.0 Por Ip, Lan O Ethernet Cat5e\/cat6\",\"isPartOf\":{\"@id\":\"https:\/\/compuviper.mx\/tienda\/#website\"},\"datePublished\":\"2026-04-02T05:12:53+00:00\",\"dateModified\":\"2026-04-02T05:12:53+00:00\",\"description\":\"Compra Sv565hdip Extensor Kvm Hdmi Kvm Por Ip - Hdmi 4k 30hz Y Usb 2.0 Por Ip, Lan O Ethernet Cat5e\/cat6 + Env\u00edo a domicilio + Pago seguro + Garant\u00eda\",\"breadcrumb\":{\"@id\":\"https:\/\/compuviper.mx\/tienda\/producto\/startech-com-sv565hdip-extensor-kvm-hdmi-kvm-por-ip-hdmi-4k-30hz-y-usb-2-0-por-ip-lan-o-ethernet-cat5e-cat6\/#breadcrumb\"},\"inLanguage\":\"es-MX\",\"potentialAction\":[{\"@type\":\"ReadAction\",\"target\":[\"https:\/\/compuviper.mx\/tienda\/producto\/startech-com-sv565hdip-extensor-kvm-hdmi-kvm-por-ip-hdmi-4k-30hz-y-usb-2-0-por-ip-lan-o-ethernet-cat5e-cat6\/\"]}]},{\"@type\":\"BreadcrumbList\",\"@id\":\"https:\/\/compuviper.mx\/tienda\/producto\/startech-com-sv565hdip-extensor-kvm-hdmi-kvm-por-ip-hdmi-4k-30hz-y-usb-2-0-por-ip-lan-o-ethernet-cat5e-cat6\/#breadcrumb\",\"itemListElement\":[{\"@type\":\"ListItem\",\"position\":1,\"name\":\"Inicio\",\"item\":\"https:\/\/compuviper.mx\/tienda\/\"},{\"@type\":\"ListItem\",\"position\":2,\"name\":\"Productos\",\"item\":\"https:\/\/compuviper.mx\/tienda\/productos\/\"},{\"@type\":\"ListItem\",\"position\":3,\"name\":\"Accesorios\",\"item\":\"https:\/\/compuviper.mx\/tienda\/categoria-producto\/accesorios\/\"},{\"@type\":\"ListItem\",\"position\":4,\"name\":\"Redes\",\"item\":\"https:\/\/compuviper.mx\/tienda\/categoria-producto\/accesorios\/redes-accesorios\/\"},{\"@type\":\"ListItem\",\"position\":5,\"name\":\"Startech.com Sv565hdip Extensor Kvm Hdmi Kvm Por Ip &#8211; Hdmi 4k 30hz Y Usb 2.0 Por Ip, Lan O Ethernet Cat5e\/cat6\"}]},{\"@type\":\"WebSite\",\"@id\":\"https:\/\/compuviper.mx\/tienda\/#website\",\"url\":\"https:\/\/compuviper.mx\/tienda\/\",\"name\":\"Compuviper\",\"description\":\"Proveedor de Computadoras, Laptops, Servidores, Monitores, Puntos de Venta, Teclados,   Impresoras, T\u00f3ner, C\u00e1maras de Seguridad y m\u00e1s en tu tienda en l\u00ednea\",\"publisher\":{\"@id\":\"https:\/\/compuviper.mx\/tienda\/#organization\"},\"potentialAction\":[{\"@type\":\"SearchAction\",\"target\":{\"@type\":\"EntryPoint\",\"urlTemplate\":\"https:\/\/compuviper.mx\/tienda\/?s={search_term_string}\"},\"query-input\":\"required name=search_term_string\"}],\"inLanguage\":\"es-MX\"},{\"@type\":\"Organization\",\"@id\":\"https:\/\/compuviper.mx\/tienda\/#organization\",\"name\":\"Compuviper\",\"url\":\"https:\/\/compuviper.mx\/tienda\/\",\"logo\":{\"@type\":\"ImageObject\",\"inLanguage\":\"es-MX\",\"@id\":\"https:\/\/compuviper.mx\/tienda\/#\/schema\/logo\/image\/\",\"url\":\"https:\/\/compuviper.mx\/tienda\/wp-content\/uploads\/2021\/08\/Logo-Compuviper-10.png\",\"contentUrl\":\"https:\/\/compuviper.mx\/tienda\/wp-content\/uploads\/2021\/08\/Logo-Compuviper-10.png\",\"width\":1000,\"height\":500,\"caption\":\"Compuviper\"},\"image\":{\"@id\":\"https:\/\/compuviper.mx\/tienda\/#\/schema\/logo\/image\/\"},\"sameAs\":[\"https:\/\/www.facebook.com\/compuviper\",\"https:\/\/www.youtube.com\/channel\/UCf73dERp9Y3cfOq7q8BhLjA?view_as=subscriber\"]}]}<\/script>\n<meta property=\"product:brand\" content=\"STARTECH.COM\" \/>\n<meta property=\"product:price:amount\" content=\"13965\" \/>\n<meta property=\"product:price:currency\" content=\"MXN\" \/>\n<meta property=\"og:availability\" content=\"backorder\" \/>\n<meta property=\"product:availability\" content=\"available for order\" \/>\n<meta property=\"product:retailer_item_id\" content=\"SV565HDIP\" \/>\n<meta property=\"product:condition\" content=\"new\" \/>\n<!-- \/ Yoast SEO plugin. -->","yoast_head_json":{"title":"[ Startech.com ] &#129351; Sv565hdip Extensor Kvm Hdmi Kvm Por Ip - Hdmi 4k 30hz Y Usb 2.0 Por Ip, Lan O Ethernet Cat5e\/cat6","description":"Compra Sv565hdip Extensor Kvm Hdmi Kvm Por Ip - Hdmi 4k 30hz Y Usb 2.0 Por Ip, Lan O Ethernet Cat5e\/cat6 + Env\u00edo a domicilio + Pago seguro + Garant\u00eda","robots":{"index":"index","follow":"follow","max-snippet":"max-snippet:-1","max-image-preview":"max-image-preview:large","max-video-preview":"max-video-preview:-1"},"canonical":"https:\/\/compuviper.mx\/tienda\/producto\/startech-com-sv565hdip-extensor-kvm-hdmi-kvm-por-ip-hdmi-4k-30hz-y-usb-2-0-por-ip-lan-o-ethernet-cat5e-cat6\/","og_locale":"es_MX","og_type":"article","og_title":"[ Startech.com ] &#129351; Sv565hdip Extensor Kvm Hdmi Kvm Por Ip - Hdmi 4k 30hz Y Usb 2.0 Por Ip, Lan O Ethernet Cat5e\/cat6","og_description":"Compra Sv565hdip Extensor Kvm Hdmi Kvm Por Ip - Hdmi 4k 30hz Y Usb 2.0 Por Ip, Lan O Ethernet Cat5e\/cat6 + Env\u00edo a domicilio + Pago seguro + Garant\u00eda","og_url":"https:\/\/compuviper.mx\/tienda\/producto\/startech-com-sv565hdip-extensor-kvm-hdmi-kvm-por-ip-hdmi-4k-30hz-y-usb-2-0-por-ip-lan-o-ethernet-cat5e-cat6\/","og_site_name":"Compuviper","article_publisher":"https:\/\/www.facebook.com\/compuviper","og_image":[{"width":200,"height":200,"url":"https:\/\/compuviper.mx\/tienda\/wp-content\/uploads\/2024\/09\/Extensor-kvm-hdmi-kvm-por-ip-hdmi-4k-30hz-y-usb-2.0-por-ip-lan-o-ethernet-cat5ecat6.jpg","type":"image\/jpeg"}],"twitter_card":"summary_large_image","twitter_misc":{"Precio":"&#36;13,965 con IVA","Availability":"On backorder"},"schema":{"@context":"https:\/\/schema.org","@graph":[{"@type":"WebPage","@id":"https:\/\/compuviper.mx\/tienda\/producto\/startech-com-sv565hdip-extensor-kvm-hdmi-kvm-por-ip-hdmi-4k-30hz-y-usb-2-0-por-ip-lan-o-ethernet-cat5e-cat6\/","url":"https:\/\/compuviper.mx\/tienda\/producto\/startech-com-sv565hdip-extensor-kvm-hdmi-kvm-por-ip-hdmi-4k-30hz-y-usb-2-0-por-ip-lan-o-ethernet-cat5e-cat6\/","name":"[ Startech.com ] &#129351; Sv565hdip Extensor Kvm Hdmi Kvm Por Ip - Hdmi 4k 30hz Y Usb 2.0 Por Ip, Lan O Ethernet Cat5e\/cat6","isPartOf":{"@id":"https:\/\/compuviper.mx\/tienda\/#website"},"datePublished":"2026-04-02T05:12:53+00:00","dateModified":"2026-04-02T05:12:53+00:00","description":"Compra Sv565hdip Extensor Kvm Hdmi Kvm Por Ip - Hdmi 4k 30hz Y Usb 2.0 Por Ip, Lan O Ethernet Cat5e\/cat6 + Env\u00edo a domicilio + Pago seguro + Garant\u00eda","breadcrumb":{"@id":"https:\/\/compuviper.mx\/tienda\/producto\/startech-com-sv565hdip-extensor-kvm-hdmi-kvm-por-ip-hdmi-4k-30hz-y-usb-2-0-por-ip-lan-o-ethernet-cat5e-cat6\/#breadcrumb"},"inLanguage":"es-MX","potentialAction":[{"@type":"ReadAction","target":["https:\/\/compuviper.mx\/tienda\/producto\/startech-com-sv565hdip-extensor-kvm-hdmi-kvm-por-ip-hdmi-4k-30hz-y-usb-2-0-por-ip-lan-o-ethernet-cat5e-cat6\/"]}]},{"@type":"BreadcrumbList","@id":"https:\/\/compuviper.mx\/tienda\/producto\/startech-com-sv565hdip-extensor-kvm-hdmi-kvm-por-ip-hdmi-4k-30hz-y-usb-2-0-por-ip-lan-o-ethernet-cat5e-cat6\/#breadcrumb","itemListElement":[{"@type":"ListItem","position":1,"name":"Inicio","item":"https:\/\/compuviper.mx\/tienda\/"},{"@type":"ListItem","position":2,"name":"Productos","item":"https:\/\/compuviper.mx\/tienda\/productos\/"},{"@type":"ListItem","position":3,"name":"Accesorios","item":"https:\/\/compuviper.mx\/tienda\/categoria-producto\/accesorios\/"},{"@type":"ListItem","position":4,"name":"Redes","item":"https:\/\/compuviper.mx\/tienda\/categoria-producto\/accesorios\/redes-accesorios\/"},{"@type":"ListItem","position":5,"name":"Startech.com Sv565hdip Extensor Kvm Hdmi Kvm Por Ip &#8211; Hdmi 4k 30hz Y Usb 2.0 Por Ip, Lan O Ethernet Cat5e\/cat6"}]},{"@type":"WebSite","@id":"https:\/\/compuviper.mx\/tienda\/#website","url":"https:\/\/compuviper.mx\/tienda\/","name":"Compuviper","description":"Proveedor de Computadoras, Laptops, Servidores, Monitores, Puntos de Venta, Teclados,   Impresoras, T\u00f3ner, C\u00e1maras de Seguridad y m\u00e1s en tu tienda en l\u00ednea","publisher":{"@id":"https:\/\/compuviper.mx\/tienda\/#organization"},"potentialAction":[{"@type":"SearchAction","target":{"@type":"EntryPoint","urlTemplate":"https:\/\/compuviper.mx\/tienda\/?s={search_term_string}"},"query-input":"required name=search_term_string"}],"inLanguage":"es-MX"},{"@type":"Organization","@id":"https:\/\/compuviper.mx\/tienda\/#organization","name":"Compuviper","url":"https:\/\/compuviper.mx\/tienda\/","logo":{"@type":"ImageObject","inLanguage":"es-MX","@id":"https:\/\/compuviper.mx\/tienda\/#\/schema\/logo\/image\/","url":"https:\/\/compuviper.mx\/tienda\/wp-content\/uploads\/2021\/08\/Logo-Compuviper-10.png","contentUrl":"https:\/\/compuviper.mx\/tienda\/wp-content\/uploads\/2021\/08\/Logo-Compuviper-10.png","width":1000,"height":500,"caption":"Compuviper"},"image":{"@id":"https:\/\/compuviper.mx\/tienda\/#\/schema\/logo\/image\/"},"sameAs":["https:\/\/www.facebook.com\/compuviper","https:\/\/www.youtube.com\/channel\/UCf73dERp9Y3cfOq7q8BhLjA?view_as=subscriber"]}]},"product_brand":"STARTECH.COM","product_price_amount":"13965","product_price_currency":"MXN","og_availability":"backorder","product_availability":"available for order","product_retailer_item_id":"SV565HDIP","product_condition":"new"},"_links":{"self":[{"href":"https:\/\/compuviper.mx\/tienda\/wp-json\/wp\/v2\/product\/235120"}],"collection":[{"href":"https:\/\/compuviper.mx\/tienda\/wp-json\/wp\/v2\/product"}],"about":[{"href":"https:\/\/compuviper.mx\/tienda\/wp-json\/wp\/v2\/types\/product"}],"replies":[{"embeddable":true,"href":"https:\/\/compuviper.mx\/tienda\/wp-json\/wp\/v2\/comments?post=235120"}],"wp:featuredmedia":[{"embeddable":true,"href":"https:\/\/compuviper.mx\/tienda\/wp-json\/wp\/v2\/media\/241894"}],"wp:attachment":[{"href":"https:\/\/compuviper.mx\/tienda\/wp-json\/wp\/v2\/media?parent=235120"}],"wp:term":[{"taxonomy":"product_cat","embeddable":true,"href":"https:\/\/compuviper.mx\/tienda\/wp-json\/wp\/v2\/product_cat?post=235120"},{"taxonomy":"product_tag","embeddable":true,"href":"https:\/\/compuviper.mx\/tienda\/wp-json\/wp\/v2\/product_tag?post=235120"}],"curies":[{"name":"wp","href":"https:\/\/api.w.org\/{rel}","templated":true}]}}