{"id":235118,"date":"2026-04-07T02:06:20","date_gmt":"2026-04-07T08:06:20","guid":{"rendered":"https:\/\/compuviper.mx\/tienda\/producto\/aspel-coi6-v-coi-10-0-virtual-semestral-electrnico\/"},"modified":"2026-04-07T02:06:20","modified_gmt":"2026-04-07T08:06:20","slug":"aspel-coi6-v-siigo-coi-sistema-base-renta-semestral-electronico","status":"publish","type":"product","link":"https:\/\/compuviper.mx\/tienda\/producto\/aspel-coi6-v-siigo-coi-sistema-base-renta-semestral-electronico\/","title":{"rendered":"Aspel Coi6 V Siigo  Coi Sistema Base Renta Semestral (electronico)"},"content":{"rendered":"<table class=\"descripcion\">\n<tr>\n<td>Version licencia anual 1 usuario , soporte tcnico y actualizaciones sin costo<\/td>\n<\/tr>\n<tr>\n<td>Idioma: completamente en espaol.<\/td>\n<\/tr>\n<tr>\n<td>Base de datos en formato firebird\u00ae y posibilidad de uso en formato ms-sql\u00ae.<\/td>\n<\/tr>\n<tr>\n<td>Traductor autom\u00e1tico de datos de versiones aspel-coi 5.x y 6.0.<\/td>\n<\/tr>\n<tr>\n<td>Actualizacin en lnea va internet a las ltimas mejoras de la versin aspel-al.<\/td>\n<\/tr>\n<tr>\n<td>Perfiles de usuario para un acceso seguro a la informacin.<\/td>\n<\/tr>\n<tr>\n<td>Disponible en versiones de 1 usuario con 99 empresas<\/td>\n<\/tr>\n<\/table>\n","protected":false},"excerpt":{"rendered":"<p>Forma segura y confiable. Cumple con las diferentes especificaciones y funciones para el manejo de la contabilidad electrnica, de acuerdo a las disposiciones fiscales vigentes. Adem\u00e1s, proporciona diversos reportes, documentos de trabajo y gr\u00e1ficas que permiten soportar y evaluar el estado financiero de la organizacin, as como generar oportunamente las diferentes declaraciones fiscales e informativas como las correspondientes a iva, isr y diot. Mantiene interfaz con los sistemas aspel y hojas de c\u00e1lculo, lo que contribuye a lograr una eficiente administracin de la empresa. Como parte de la reforma fiscal 2014, se establecen reglas a las que se debe llevar la contabilidad de la empresa, como su registro en medios electrnicos y la obligacin de asociar los documentos comprobatorios a los asientos contables incluyendo los cfdi, entre muchos aspectos m\u00e1s. Por ello, aspel-coi 7.0 cuenta con las siguientes caractersticas. Manejo total de la contabilidad electrnica. Registro contable en medios electrnicos. Identificacin del comprobante relacionado a los asientos contables, incluyendo el folio fiscal de los cfdi comprobantes fiscales digitales por internet. Envo de la informacin requerida por la autoridad, es los formatos y periodos establecidos por la misma.  Algunas funciones estar\u00e1n disponibles en los siguientes re-instalables, conforme la autoridad publique los lineamientos. Adem\u00e1s. Integra el manejo de plizas inteligentes, con las que se facilita de captura de plizas similares pues el sistema determina los montos autom\u00e1ticamente a partir de los registros anteriores. Es posible administrar f\u00e1cilmente los cfdi asociados al sistema, as como validar la estructura, datos fiscales, contenido, operaciones aritmticas y timbrado de los comprobantes, generando un reporte de validacin por cada uno de los archivos revisados.<\/p>\n","protected":false},"featured_media":243555,"comment_status":"open","ping_status":"open","template":"","meta":[],"product_cat":[2001,1827],"product_tag":[1875],"acf":[],"yoast_head":"<!-- This site is optimized with the Yoast SEO plugin v21.7 - https:\/\/yoast.com\/wordpress\/plugins\/seo\/ -->\n<title>[ Aspel ] &#129351; Coi6 V Siigo Coi Sistema Base Renta Semestral (electronico)<\/title>\n<meta name=\"description\" content=\"Compra Coi6 V Siigo Coi Sistema Base Renta Semestral (electronico) + Env\u00edo a domicilio + Pago seguro + Garant\u00eda\" \/>\n<meta name=\"robots\" content=\"index, follow, max-snippet:-1, max-image-preview:large, max-video-preview:-1\" \/>\n<link rel=\"canonical\" href=\"https:\/\/compuviper.mx\/tienda\/producto\/aspel-coi6-v-siigo-coi-sistema-base-renta-semestral-electronico\/\" \/>\n<meta property=\"og:locale\" content=\"es_MX\" \/>\n<meta property=\"og:type\" content=\"article\" \/>\n<meta property=\"og:title\" content=\"[ Aspel ] &#129351; Coi6 V Siigo Coi Sistema Base Renta Semestral (electronico)\" \/>\n<meta property=\"og:description\" content=\"Compra Coi6 V Siigo Coi Sistema Base Renta Semestral (electronico) + Env\u00edo a domicilio + Pago seguro + Garant\u00eda\" \/>\n<meta property=\"og:url\" content=\"https:\/\/compuviper.mx\/tienda\/producto\/aspel-coi6-v-siigo-coi-sistema-base-renta-semestral-electronico\/\" \/>\n<meta property=\"og:site_name\" content=\"Compuviper\" \/>\n<meta property=\"article:publisher\" content=\"https:\/\/www.facebook.com\/compuviper\" \/>\n<meta property=\"og:image\" content=\"https:\/\/compuviper.mx\/tienda\/wp-content\/uploads\/2024\/09\/Aspel-coi-10.0-virtual-semestral-electronico.jpg\" \/>\n\t<meta property=\"og:image:width\" content=\"200\" \/>\n\t<meta property=\"og:image:height\" content=\"200\" \/>\n\t<meta property=\"og:image:type\" content=\"image\/jpeg\" \/>\n<meta name=\"twitter:card\" content=\"summary_large_image\" \/>\n<meta name=\"twitter:label1\" content=\"Precio\" \/>\n\t<meta name=\"twitter:data1\" content=\"&#36;2,394 con IVA\" \/>\n\t<meta name=\"twitter:label2\" content=\"Availability\" \/>\n\t<meta name=\"twitter:data2\" content=\"On backorder\" \/>\n<script type=\"application\/ld+json\" class=\"yoast-schema-graph\">{\"@context\":\"https:\/\/schema.org\",\"@graph\":[{\"@type\":\"WebPage\",\"@id\":\"https:\/\/compuviper.mx\/tienda\/producto\/aspel-coi6-v-siigo-coi-sistema-base-renta-semestral-electronico\/\",\"url\":\"https:\/\/compuviper.mx\/tienda\/producto\/aspel-coi6-v-siigo-coi-sistema-base-renta-semestral-electronico\/\",\"name\":\"[ Aspel ] &#129351; Coi6 V Siigo Coi Sistema Base Renta Semestral (electronico)\",\"isPartOf\":{\"@id\":\"https:\/\/compuviper.mx\/tienda\/#website\"},\"datePublished\":\"2026-04-07T08:06:20+00:00\",\"dateModified\":\"2026-04-07T08:06:20+00:00\",\"description\":\"Compra Coi6 V Siigo Coi Sistema Base Renta Semestral (electronico) + Env\u00edo a domicilio + Pago seguro + Garant\u00eda\",\"breadcrumb\":{\"@id\":\"https:\/\/compuviper.mx\/tienda\/producto\/aspel-coi6-v-siigo-coi-sistema-base-renta-semestral-electronico\/#breadcrumb\"},\"inLanguage\":\"es-MX\",\"potentialAction\":[{\"@type\":\"ReadAction\",\"target\":[\"https:\/\/compuviper.mx\/tienda\/producto\/aspel-coi6-v-siigo-coi-sistema-base-renta-semestral-electronico\/\"]}]},{\"@type\":\"BreadcrumbList\",\"@id\":\"https:\/\/compuviper.mx\/tienda\/producto\/aspel-coi6-v-siigo-coi-sistema-base-renta-semestral-electronico\/#breadcrumb\",\"itemListElement\":[{\"@type\":\"ListItem\",\"position\":1,\"name\":\"Inicio\",\"item\":\"https:\/\/compuviper.mx\/tienda\/\"},{\"@type\":\"ListItem\",\"position\":2,\"name\":\"Productos\",\"item\":\"https:\/\/compuviper.mx\/tienda\/productos\/\"},{\"@type\":\"ListItem\",\"position\":3,\"name\":\"Software\",\"item\":\"https:\/\/compuviper.mx\/tienda\/categoria-producto\/software\/\"},{\"@type\":\"ListItem\",\"position\":4,\"name\":\"Licenciamiento Electronico\",\"item\":\"https:\/\/compuviper.mx\/tienda\/categoria-producto\/software\/licenciamiento-electronico\/\"},{\"@type\":\"ListItem\",\"position\":5,\"name\":\"Aspel Coi6 V Siigo Coi Sistema Base Renta Semestral (electronico)\"}]},{\"@type\":\"WebSite\",\"@id\":\"https:\/\/compuviper.mx\/tienda\/#website\",\"url\":\"https:\/\/compuviper.mx\/tienda\/\",\"name\":\"Compuviper\",\"description\":\"Proveedor de Computadoras, Laptops, Servidores, Monitores, Puntos de Venta, Teclados,   Impresoras, T\u00f3ner, C\u00e1maras de Seguridad y m\u00e1s en tu tienda en l\u00ednea\",\"publisher\":{\"@id\":\"https:\/\/compuviper.mx\/tienda\/#organization\"},\"potentialAction\":[{\"@type\":\"SearchAction\",\"target\":{\"@type\":\"EntryPoint\",\"urlTemplate\":\"https:\/\/compuviper.mx\/tienda\/?s={search_term_string}\"},\"query-input\":\"required name=search_term_string\"}],\"inLanguage\":\"es-MX\"},{\"@type\":\"Organization\",\"@id\":\"https:\/\/compuviper.mx\/tienda\/#organization\",\"name\":\"Compuviper\",\"url\":\"https:\/\/compuviper.mx\/tienda\/\",\"logo\":{\"@type\":\"ImageObject\",\"inLanguage\":\"es-MX\",\"@id\":\"https:\/\/compuviper.mx\/tienda\/#\/schema\/logo\/image\/\",\"url\":\"https:\/\/compuviper.mx\/tienda\/wp-content\/uploads\/2021\/08\/Logo-Compuviper-10.png\",\"contentUrl\":\"https:\/\/compuviper.mx\/tienda\/wp-content\/uploads\/2021\/08\/Logo-Compuviper-10.png\",\"width\":1000,\"height\":500,\"caption\":\"Compuviper\"},\"image\":{\"@id\":\"https:\/\/compuviper.mx\/tienda\/#\/schema\/logo\/image\/\"},\"sameAs\":[\"https:\/\/www.facebook.com\/compuviper\",\"https:\/\/www.youtube.com\/channel\/UCf73dERp9Y3cfOq7q8BhLjA?view_as=subscriber\"]}]}<\/script>\n<meta property=\"product:brand\" content=\"ASPEL\" \/>\n<meta property=\"product:price:amount\" content=\"2394\" \/>\n<meta property=\"product:price:currency\" content=\"MXN\" \/>\n<meta property=\"og:availability\" content=\"backorder\" \/>\n<meta property=\"product:availability\" content=\"available for order\" \/>\n<meta property=\"product:retailer_item_id\" content=\"COI6 V\" \/>\n<meta property=\"product:condition\" content=\"new\" \/>\n<!-- \/ Yoast SEO plugin. -->","yoast_head_json":{"title":"[ Aspel ] &#129351; Coi6 V Siigo Coi Sistema Base Renta Semestral (electronico)","description":"Compra Coi6 V Siigo Coi Sistema Base Renta Semestral (electronico) + Env\u00edo a domicilio + Pago seguro + Garant\u00eda","robots":{"index":"index","follow":"follow","max-snippet":"max-snippet:-1","max-image-preview":"max-image-preview:large","max-video-preview":"max-video-preview:-1"},"canonical":"https:\/\/compuviper.mx\/tienda\/producto\/aspel-coi6-v-siigo-coi-sistema-base-renta-semestral-electronico\/","og_locale":"es_MX","og_type":"article","og_title":"[ Aspel ] &#129351; Coi6 V Siigo Coi Sistema Base Renta Semestral (electronico)","og_description":"Compra Coi6 V Siigo Coi Sistema Base Renta Semestral (electronico) + Env\u00edo a domicilio + Pago seguro + Garant\u00eda","og_url":"https:\/\/compuviper.mx\/tienda\/producto\/aspel-coi6-v-siigo-coi-sistema-base-renta-semestral-electronico\/","og_site_name":"Compuviper","article_publisher":"https:\/\/www.facebook.com\/compuviper","og_image":[{"width":200,"height":200,"url":"https:\/\/compuviper.mx\/tienda\/wp-content\/uploads\/2024\/09\/Aspel-coi-10.0-virtual-semestral-electronico.jpg","type":"image\/jpeg"}],"twitter_card":"summary_large_image","twitter_misc":{"Precio":"&#36;2,394 con IVA","Availability":"On backorder"},"schema":{"@context":"https:\/\/schema.org","@graph":[{"@type":"WebPage","@id":"https:\/\/compuviper.mx\/tienda\/producto\/aspel-coi6-v-siigo-coi-sistema-base-renta-semestral-electronico\/","url":"https:\/\/compuviper.mx\/tienda\/producto\/aspel-coi6-v-siigo-coi-sistema-base-renta-semestral-electronico\/","name":"[ Aspel ] &#129351; Coi6 V Siigo Coi Sistema Base Renta Semestral (electronico)","isPartOf":{"@id":"https:\/\/compuviper.mx\/tienda\/#website"},"datePublished":"2026-04-07T08:06:20+00:00","dateModified":"2026-04-07T08:06:20+00:00","description":"Compra Coi6 V Siigo Coi Sistema Base Renta Semestral (electronico) + Env\u00edo a domicilio + Pago seguro + Garant\u00eda","breadcrumb":{"@id":"https:\/\/compuviper.mx\/tienda\/producto\/aspel-coi6-v-siigo-coi-sistema-base-renta-semestral-electronico\/#breadcrumb"},"inLanguage":"es-MX","potentialAction":[{"@type":"ReadAction","target":["https:\/\/compuviper.mx\/tienda\/producto\/aspel-coi6-v-siigo-coi-sistema-base-renta-semestral-electronico\/"]}]},{"@type":"BreadcrumbList","@id":"https:\/\/compuviper.mx\/tienda\/producto\/aspel-coi6-v-siigo-coi-sistema-base-renta-semestral-electronico\/#breadcrumb","itemListElement":[{"@type":"ListItem","position":1,"name":"Inicio","item":"https:\/\/compuviper.mx\/tienda\/"},{"@type":"ListItem","position":2,"name":"Productos","item":"https:\/\/compuviper.mx\/tienda\/productos\/"},{"@type":"ListItem","position":3,"name":"Software","item":"https:\/\/compuviper.mx\/tienda\/categoria-producto\/software\/"},{"@type":"ListItem","position":4,"name":"Licenciamiento Electronico","item":"https:\/\/compuviper.mx\/tienda\/categoria-producto\/software\/licenciamiento-electronico\/"},{"@type":"ListItem","position":5,"name":"Aspel Coi6 V Siigo Coi Sistema Base Renta Semestral (electronico)"}]},{"@type":"WebSite","@id":"https:\/\/compuviper.mx\/tienda\/#website","url":"https:\/\/compuviper.mx\/tienda\/","name":"Compuviper","description":"Proveedor de Computadoras, Laptops, Servidores, Monitores, Puntos de Venta, Teclados,   Impresoras, T\u00f3ner, C\u00e1maras de Seguridad y m\u00e1s en tu tienda en l\u00ednea","publisher":{"@id":"https:\/\/compuviper.mx\/tienda\/#organization"},"potentialAction":[{"@type":"SearchAction","target":{"@type":"EntryPoint","urlTemplate":"https:\/\/compuviper.mx\/tienda\/?s={search_term_string}"},"query-input":"required name=search_term_string"}],"inLanguage":"es-MX"},{"@type":"Organization","@id":"https:\/\/compuviper.mx\/tienda\/#organization","name":"Compuviper","url":"https:\/\/compuviper.mx\/tienda\/","logo":{"@type":"ImageObject","inLanguage":"es-MX","@id":"https:\/\/compuviper.mx\/tienda\/#\/schema\/logo\/image\/","url":"https:\/\/compuviper.mx\/tienda\/wp-content\/uploads\/2021\/08\/Logo-Compuviper-10.png","contentUrl":"https:\/\/compuviper.mx\/tienda\/wp-content\/uploads\/2021\/08\/Logo-Compuviper-10.png","width":1000,"height":500,"caption":"Compuviper"},"image":{"@id":"https:\/\/compuviper.mx\/tienda\/#\/schema\/logo\/image\/"},"sameAs":["https:\/\/www.facebook.com\/compuviper","https:\/\/www.youtube.com\/channel\/UCf73dERp9Y3cfOq7q8BhLjA?view_as=subscriber"]}]},"product_brand":"ASPEL","product_price_amount":"2394","product_price_currency":"MXN","og_availability":"backorder","product_availability":"available for order","product_retailer_item_id":"COI6 V","product_condition":"new"},"_links":{"self":[{"href":"https:\/\/compuviper.mx\/tienda\/wp-json\/wp\/v2\/product\/235118"}],"collection":[{"href":"https:\/\/compuviper.mx\/tienda\/wp-json\/wp\/v2\/product"}],"about":[{"href":"https:\/\/compuviper.mx\/tienda\/wp-json\/wp\/v2\/types\/product"}],"replies":[{"embeddable":true,"href":"https:\/\/compuviper.mx\/tienda\/wp-json\/wp\/v2\/comments?post=235118"}],"wp:featuredmedia":[{"embeddable":true,"href":"https:\/\/compuviper.mx\/tienda\/wp-json\/wp\/v2\/media\/243555"}],"wp:attachment":[{"href":"https:\/\/compuviper.mx\/tienda\/wp-json\/wp\/v2\/media?parent=235118"}],"wp:term":[{"taxonomy":"product_cat","embeddable":true,"href":"https:\/\/compuviper.mx\/tienda\/wp-json\/wp\/v2\/product_cat?post=235118"},{"taxonomy":"product_tag","embeddable":true,"href":"https:\/\/compuviper.mx\/tienda\/wp-json\/wp\/v2\/product_tag?post=235118"}],"curies":[{"name":"wp","href":"https:\/\/api.w.org\/{rel}","templated":true}]}}