{"id":235071,"date":"2026-04-23T00:14:17","date_gmt":"2026-04-23T06:14:17","guid":{"rendered":"https:\/\/compuviper.mx\/tienda\/producto\/dahua-dh-ipc-hfw3241e-s-s2-camara-ip-ipc-hfw3241e-s-s2-bullet-de-2-mp-wizsense-con-ia-lente-de-2-8-mm-107-de-apertura-micrfono-integrado-ir-de-50-m-smd-4-0-ai-ssa-quick-pick-ranura-microsd-wdr\/"},"modified":"2026-04-23T00:14:18","modified_gmt":"2026-04-23T06:14:18","slug":"dahua-dh-ipc-hfw3241e-s-s2-camara-ip-ipc-hfw3241e-s-s2-bullet-de-2-mp-wizsense-con-ia-lente-de-2-8-mm-107-de-apertura-micrfono-integrado-ir-de-50-m-smd-4-0-ai-ssa-quick-pick-ranura-microsd-wdr-r","status":"publish","type":"product","link":"https:\/\/compuviper.mx\/tienda\/producto\/dahua-dh-ipc-hfw3241e-s-s2-camara-ip-ipc-hfw3241e-s-s2-bullet-de-2-mp-wizsense-con-ia-lente-de-2-8-mm-107-de-apertura-micrfono-integrado-ir-de-50-m-smd-4-0-ai-ssa-quick-pick-ranura-microsd-wdr-r\/","title":{"rendered":"Dahua Dh-ipc-hfw3241e-s-s2 Camara Ip\/\/ipc-hfw3241e-s-s2\/bullet De 2 Mp\/ Wizsense\/con Ia\/ Lente De 2.8 Mm\/ 107 De Apertura\/micrfono Integrado\/ir De 50 M\/smd 4.0 \/ai Ssa \/quick Pick\/ranura Microsd\/wdr Real De 120 Db \/poe\/"},"content":{"rendered":"<table class=\"descripcion\">\n<tr>\n<td>Caracteristicas principales<\/td>\n<\/tr>\n<tr>\n<td>\u00b7 deteccion inteligente: intrusion, cable trampa (admite la clasificacion y deteccion precisa de vehiculos y humanos)<\/td>\n<\/tr>\n<tr>\n<td>\u00b7 deteccion de anomalias: deteccion de movimiento, enmascaramiento de privacidad, cambio de escena, deteccion de audio, sin tarjeta sd, tarjeta sd llena, error de tarjeta sd, desconexion de red, conflicto de ip, acceso ilegal y deteccion de voltaje<\/td>\n<\/tr>\n<tr>\n<td>\u00b7 alarma: 1 entrada, 1 salida (solo compatible con as); audio: 1 entrada, 1 salida (solo compatible con as); m\u00e1x. tarjeta micro sd de 256g. microfono incorporado<\/td>\n<\/tr>\n<tr>\n<td>\u00b7 la fuente de alimentacion de 12 vcc\/poe facilita la instalacion<\/td>\n<\/tr>\n<tr>\n<td>\u00b7 proteccion ip67<\/td>\n<\/tr>\n<tr>\n<td>\u00b7 smd 4.0, ai ssa<\/td>\n<\/tr>\n<tr>\n<td>Especificaciones tecnicas<\/td>\n<\/tr>\n<tr>\n<td>\u00b7 sensor de imagen cmos de 2 mp 1\/2,8, excelente rendimiento de baja luminancia y alta definicion de imagenes<\/td>\n<\/tr>\n<tr>\n<td>\u00b7 salidas max. 2 mp (1920 \u00d7 1080) a 25\/30 fps<\/td>\n<\/tr>\n<tr>\n<td>\u00b7 codec h.265, alta tasa de compresion, tasa de bits ultrabaja<\/td>\n<\/tr>\n<tr>\n<td>\u00b7 led ir integrado, max. distancia ir: 50 m<\/td>\n<\/tr>\n<tr>\n<td>\u00b7 roi, smart h.264 +\/h.265+, ia h.264\/h.265. codificacion flexible, aplicable a varios entornos de almacenamiento y ancho de banda<\/td>\n<\/tr>\n<tr>\n<td>\u00b7 modo de rotacion, wdr, 3d nr, hlc, blc, marca de agua digital, aplicable a varias escenas de monitoreo<\/td>\n<\/tr>\n<\/table>\n","protected":false},"excerpt":{"rendered":"<p>Informacion general. La camara de red dahua wizsense serie 3 ahorra mucho ancho de banda y espacio de almacenamiento a traves de su tecnologia de codificacion ai. Impulsada por sus algoritmos avanzados de aprendizaje profundo, la camara admite funciones inteligentes como proteccion perimetral, deteccion de movimiento inteligente (smd), seleccion rapida y ai ssa (autoadaptaci\u00f3n de escena ai), lo que la hace facil y conveniente de usar. La tecnologia starlight y su lente de gran apertura tambien permiten que la camara produzca imagenes claras y vividas incluso en condiciones de poca luz. Smd 4.0. La tecnologia de deteccion de movimiento inteligente de dahua funciona con algoritmos inteligentes para clasificar los objetivos que activan las alarmas de detecci\u00f3n de movimiento. Filtra objetos que no son objetivos, como animales peque\u00f1os y grandes, para evitar activar falsas alarmas. Con un ai nvr, la tecnolog\u00eda quick pick est\u00e1 disponible, lo que le permite buscar y seleccionar facilmente objetivos humanos y de vehiculos de videos de eventos smd, priorizando las coincidencias mas altas. Proteccion perimetral. Con un algoritmo de aprendizaje profundo, la tecnologia de proteccion perimetral de dahua puede reconocer a humanos y vehiculos con precision. En \u00e1reas restringidas (como areas para peatones y vehiculos), las falsas alarmas de deteccion inteligente basadas en el tipo de objetivo (como cable trampa, intrusion) se reducen en gran medida. H.265+ inteligente y h.264+ inteligente. Con un algoritmo avanzado de control de velocidad adaptable a la escena, la tecnologia de codificacion inteligente de dahua logra una mayor eficiencia de codificacion que h.265 y h.264, proporciona video de alta calidad y reduce el costo de almacenamiento y transmision. Proteccion (ip67, amplio voltaje. Ip67: la camara pasa una serie de pruebas estrictas sobre polvo y remojo. Tiene una funcion a prueba de polvo y la carcasa puede funcionar normalmente despues de sumergirse en agua a 1 m de profundidad durante 30 minutos. Amplio voltaje: la camara permite una tolerancia de voltaje de entrada de \u00b130 % (para algunas fuentes de alimentacion) (amplio rango de voltaje) y se aplica ampliamente en ambientes exteriores con voltaje inestable.<\/p>\n","protected":false},"featured_media":242449,"comment_status":"open","ping_status":"open","template":"","meta":[],"product_cat":[1608,1681],"product_tag":[1555],"acf":[],"yoast_head":"<!-- This site is optimized with the Yoast SEO plugin v21.7 - https:\/\/yoast.com\/wordpress\/plugins\/seo\/ -->\n<title>[ Dahua ] &#129351; Dh-ipc-hfw3241e-s-s2 Camara Ip\/\/ipc-hfw3241e-s-s2\/bullet De 2 Mp\/ Wizsense\/con Ia\/ Lente De 2.8 Mm\/ 107 De Apertura\/micrfono Integrado\/ir De 50 M\/smd 4.0 \/ai Ssa \/quick Pick\/ranura Microsd\/wdr Real De 120 Db \/poe\/<\/title>\n<meta name=\"description\" content=\"Compra Dh-ipc-hfw3241e-s-s2 Camara Ip\/\/ipc-hfw3241e-s-s2\/bullet De 2 Mp\/ Wizsense\/con Ia\/ Lente De 2.8 Mm\/ 107 De Apertura\/micrfono Integrado\/ir De 50 M\/smd 4.0 \/ai Ssa \/quick Pick\/ranura Microsd\/wdr Real De 120 Db \/poe\/ + Env\u00edo a domicilio + Pago seguro + Garant\u00eda\" \/>\n<meta name=\"robots\" content=\"index, follow, max-snippet:-1, max-image-preview:large, max-video-preview:-1\" \/>\n<link rel=\"canonical\" href=\"https:\/\/compuviper.mx\/tienda\/producto\/dahua-dh-ipc-hfw3241e-s-s2-camara-ip-ipc-hfw3241e-s-s2-bullet-de-2-mp-wizsense-con-ia-lente-de-2-8-mm-107-de-apertura-micrfono-integrado-ir-de-50-m-smd-4-0-ai-ssa-quick-pick-ranura-microsd-wdr-r\/\" \/>\n<meta property=\"og:locale\" content=\"es_MX\" \/>\n<meta property=\"og:type\" content=\"article\" \/>\n<meta property=\"og:title\" content=\"[ Dahua ] &#129351; Dh-ipc-hfw3241e-s-s2 Camara Ip\/\/ipc-hfw3241e-s-s2\/bullet De 2 Mp\/ Wizsense\/con Ia\/ Lente De 2.8 Mm\/ 107 De Apertura\/micrfono Integrado\/ir De 50 M\/smd 4.0 \/ai Ssa \/quick Pick\/ranura Microsd\/wdr Real De 120 Db \/poe\/\" \/>\n<meta property=\"og:description\" content=\"Compra Dh-ipc-hfw3241e-s-s2 Camara Ip\/\/ipc-hfw3241e-s-s2\/bullet De 2 Mp\/ Wizsense\/con Ia\/ Lente De 2.8 Mm\/ 107 De Apertura\/micrfono Integrado\/ir De 50 M\/smd 4.0 \/ai Ssa \/quick Pick\/ranura Microsd\/wdr Real De 120 Db \/poe\/ + Env\u00edo a domicilio + Pago seguro + Garant\u00eda\" \/>\n<meta property=\"og:url\" content=\"https:\/\/compuviper.mx\/tienda\/producto\/dahua-dh-ipc-hfw3241e-s-s2-camara-ip-ipc-hfw3241e-s-s2-bullet-de-2-mp-wizsense-con-ia-lente-de-2-8-mm-107-de-apertura-micrfono-integrado-ir-de-50-m-smd-4-0-ai-ssa-quick-pick-ranura-microsd-wdr-r\/\" \/>\n<meta property=\"og:site_name\" content=\"Compuviper\" \/>\n<meta property=\"article:publisher\" content=\"https:\/\/www.facebook.com\/compuviper\" \/>\n<meta property=\"article:modified_time\" content=\"2026-04-23T06:14:18+00:00\" \/>\n<meta property=\"og:image\" content=\"https:\/\/compuviper.mx\/tienda\/wp-content\/uploads\/2024\/09\/Camara-ipdahuaipc-hfw3241e-s-s2bullet-de-2-mp-wizsensecon-ia-lente-de-2.8-mm-107-de-aperturamicrfono-integradoir-de-50-msmd-4.0-ai-ssa-quick-pickranura-microsdwdr-real-de-120-db-poe.jpg\" \/>\n\t<meta property=\"og:image:width\" content=\"200\" \/>\n\t<meta property=\"og:image:height\" content=\"200\" \/>\n\t<meta property=\"og:image:type\" content=\"image\/jpeg\" \/>\n<meta name=\"twitter:card\" content=\"summary_large_image\" \/>\n<meta name=\"twitter:label1\" content=\"Precio\" \/>\n\t<meta name=\"twitter:data1\" content=\"&#36;1,441 con IVA\" \/>\n\t<meta name=\"twitter:label2\" content=\"Availability\" \/>\n\t<meta name=\"twitter:data2\" content=\"On backorder\" \/>\n<script type=\"application\/ld+json\" class=\"yoast-schema-graph\">{\"@context\":\"https:\/\/schema.org\",\"@graph\":[{\"@type\":\"WebPage\",\"@id\":\"https:\/\/compuviper.mx\/tienda\/producto\/dahua-dh-ipc-hfw3241e-s-s2-camara-ip-ipc-hfw3241e-s-s2-bullet-de-2-mp-wizsense-con-ia-lente-de-2-8-mm-107-de-apertura-micrfono-integrado-ir-de-50-m-smd-4-0-ai-ssa-quick-pick-ranura-microsd-wdr-r\/\",\"url\":\"https:\/\/compuviper.mx\/tienda\/producto\/dahua-dh-ipc-hfw3241e-s-s2-camara-ip-ipc-hfw3241e-s-s2-bullet-de-2-mp-wizsense-con-ia-lente-de-2-8-mm-107-de-apertura-micrfono-integrado-ir-de-50-m-smd-4-0-ai-ssa-quick-pick-ranura-microsd-wdr-r\/\",\"name\":\"[ Dahua ] &#129351; Dh-ipc-hfw3241e-s-s2 Camara Ip\/\/ipc-hfw3241e-s-s2\/bullet De 2 Mp\/ Wizsense\/con Ia\/ Lente De 2.8 Mm\/ 107 De Apertura\/micrfono Integrado\/ir De 50 M\/smd 4.0 \/ai Ssa \/quick Pick\/ranura Microsd\/wdr Real De 120 Db \/poe\/\",\"isPartOf\":{\"@id\":\"https:\/\/compuviper.mx\/tienda\/#website\"},\"datePublished\":\"2026-04-23T06:14:17+00:00\",\"dateModified\":\"2026-04-23T06:14:18+00:00\",\"description\":\"Compra Dh-ipc-hfw3241e-s-s2 Camara Ip\/\/ipc-hfw3241e-s-s2\/bullet De 2 Mp\/ Wizsense\/con Ia\/ Lente De 2.8 Mm\/ 107 De Apertura\/micrfono Integrado\/ir De 50 M\/smd 4.0 \/ai Ssa \/quick Pick\/ranura Microsd\/wdr Real De 120 Db \/poe\/ + Env\u00edo a domicilio + Pago seguro + Garant\u00eda\",\"breadcrumb\":{\"@id\":\"https:\/\/compuviper.mx\/tienda\/producto\/dahua-dh-ipc-hfw3241e-s-s2-camara-ip-ipc-hfw3241e-s-s2-bullet-de-2-mp-wizsense-con-ia-lente-de-2-8-mm-107-de-apertura-micrfono-integrado-ir-de-50-m-smd-4-0-ai-ssa-quick-pick-ranura-microsd-wdr-r\/#breadcrumb\"},\"inLanguage\":\"es-MX\",\"potentialAction\":[{\"@type\":\"ReadAction\",\"target\":[\"https:\/\/compuviper.mx\/tienda\/producto\/dahua-dh-ipc-hfw3241e-s-s2-camara-ip-ipc-hfw3241e-s-s2-bullet-de-2-mp-wizsense-con-ia-lente-de-2-8-mm-107-de-apertura-micrfono-integrado-ir-de-50-m-smd-4-0-ai-ssa-quick-pick-ranura-microsd-wdr-r\/\"]}]},{\"@type\":\"BreadcrumbList\",\"@id\":\"https:\/\/compuviper.mx\/tienda\/producto\/dahua-dh-ipc-hfw3241e-s-s2-camara-ip-ipc-hfw3241e-s-s2-bullet-de-2-mp-wizsense-con-ia-lente-de-2-8-mm-107-de-apertura-micrfono-integrado-ir-de-50-m-smd-4-0-ai-ssa-quick-pick-ranura-microsd-wdr-r\/#breadcrumb\",\"itemListElement\":[{\"@type\":\"ListItem\",\"position\":1,\"name\":\"Inicio\",\"item\":\"https:\/\/compuviper.mx\/tienda\/\"},{\"@type\":\"ListItem\",\"position\":2,\"name\":\"Productos\",\"item\":\"https:\/\/compuviper.mx\/tienda\/productos\/\"},{\"@type\":\"ListItem\",\"position\":3,\"name\":\"Camaras\",\"item\":\"https:\/\/compuviper.mx\/tienda\/categoria-producto\/camaras-2\/\"},{\"@type\":\"ListItem\",\"position\":4,\"name\":\"Camara De Videovigilancia\",\"item\":\"https:\/\/compuviper.mx\/tienda\/categoria-producto\/camaras-2\/camara-de-videovigilancia\/\"},{\"@type\":\"ListItem\",\"position\":5,\"name\":\"Dahua Dh-ipc-hfw3241e-s-s2 Camara Ip\/\/ipc-hfw3241e-s-s2\/bullet De 2 Mp\/ Wizsense\/con Ia\/ Lente De 2.8 Mm\/ 107 De Apertura\/micrfono Integrado\/ir De 50 M\/smd 4.0 \/ai Ssa \/quick Pick\/ranura Microsd\/wdr Real De 120 Db \/poe\/\"}]},{\"@type\":\"WebSite\",\"@id\":\"https:\/\/compuviper.mx\/tienda\/#website\",\"url\":\"https:\/\/compuviper.mx\/tienda\/\",\"name\":\"Compuviper\",\"description\":\"Proveedor de Computadoras, Laptops, Servidores, Monitores, Puntos de Venta, Teclados,   Impresoras, T\u00f3ner, C\u00e1maras de Seguridad y m\u00e1s en tu tienda en l\u00ednea\",\"publisher\":{\"@id\":\"https:\/\/compuviper.mx\/tienda\/#organization\"},\"potentialAction\":[{\"@type\":\"SearchAction\",\"target\":{\"@type\":\"EntryPoint\",\"urlTemplate\":\"https:\/\/compuviper.mx\/tienda\/?s={search_term_string}\"},\"query-input\":\"required name=search_term_string\"}],\"inLanguage\":\"es-MX\"},{\"@type\":\"Organization\",\"@id\":\"https:\/\/compuviper.mx\/tienda\/#organization\",\"name\":\"Compuviper\",\"url\":\"https:\/\/compuviper.mx\/tienda\/\",\"logo\":{\"@type\":\"ImageObject\",\"inLanguage\":\"es-MX\",\"@id\":\"https:\/\/compuviper.mx\/tienda\/#\/schema\/logo\/image\/\",\"url\":\"https:\/\/compuviper.mx\/tienda\/wp-content\/uploads\/2021\/08\/Logo-Compuviper-10.png\",\"contentUrl\":\"https:\/\/compuviper.mx\/tienda\/wp-content\/uploads\/2021\/08\/Logo-Compuviper-10.png\",\"width\":1000,\"height\":500,\"caption\":\"Compuviper\"},\"image\":{\"@id\":\"https:\/\/compuviper.mx\/tienda\/#\/schema\/logo\/image\/\"},\"sameAs\":[\"https:\/\/www.facebook.com\/compuviper\",\"https:\/\/www.youtube.com\/channel\/UCf73dERp9Y3cfOq7q8BhLjA?view_as=subscriber\"]}]}<\/script>\n<meta property=\"product:brand\" content=\"DAHUA\" \/>\n<meta property=\"product:price:amount\" content=\"1441\" \/>\n<meta property=\"product:price:currency\" content=\"MXN\" \/>\n<meta property=\"og:availability\" content=\"backorder\" \/>\n<meta property=\"product:availability\" content=\"available for order\" \/>\n<meta property=\"product:retailer_item_id\" content=\"DH-IPC-HFW3241E-S-S2\" \/>\n<meta property=\"product:condition\" content=\"new\" \/>\n<!-- \/ Yoast SEO plugin. -->","yoast_head_json":{"title":"[ Dahua ] &#129351; Dh-ipc-hfw3241e-s-s2 Camara Ip\/\/ipc-hfw3241e-s-s2\/bullet De 2 Mp\/ Wizsense\/con Ia\/ Lente De 2.8 Mm\/ 107 De Apertura\/micrfono Integrado\/ir De 50 M\/smd 4.0 \/ai Ssa \/quick Pick\/ranura Microsd\/wdr Real De 120 Db \/poe\/","description":"Compra Dh-ipc-hfw3241e-s-s2 Camara Ip\/\/ipc-hfw3241e-s-s2\/bullet De 2 Mp\/ Wizsense\/con Ia\/ Lente De 2.8 Mm\/ 107 De Apertura\/micrfono Integrado\/ir De 50 M\/smd 4.0 \/ai Ssa \/quick Pick\/ranura Microsd\/wdr Real De 120 Db \/poe\/ + Env\u00edo a domicilio + Pago seguro + Garant\u00eda","robots":{"index":"index","follow":"follow","max-snippet":"max-snippet:-1","max-image-preview":"max-image-preview:large","max-video-preview":"max-video-preview:-1"},"canonical":"https:\/\/compuviper.mx\/tienda\/producto\/dahua-dh-ipc-hfw3241e-s-s2-camara-ip-ipc-hfw3241e-s-s2-bullet-de-2-mp-wizsense-con-ia-lente-de-2-8-mm-107-de-apertura-micrfono-integrado-ir-de-50-m-smd-4-0-ai-ssa-quick-pick-ranura-microsd-wdr-r\/","og_locale":"es_MX","og_type":"article","og_title":"[ Dahua ] &#129351; Dh-ipc-hfw3241e-s-s2 Camara Ip\/\/ipc-hfw3241e-s-s2\/bullet De 2 Mp\/ Wizsense\/con Ia\/ Lente De 2.8 Mm\/ 107 De Apertura\/micrfono Integrado\/ir De 50 M\/smd 4.0 \/ai Ssa \/quick Pick\/ranura Microsd\/wdr Real De 120 Db \/poe\/","og_description":"Compra Dh-ipc-hfw3241e-s-s2 Camara Ip\/\/ipc-hfw3241e-s-s2\/bullet De 2 Mp\/ Wizsense\/con Ia\/ Lente De 2.8 Mm\/ 107 De Apertura\/micrfono Integrado\/ir De 50 M\/smd 4.0 \/ai Ssa \/quick Pick\/ranura Microsd\/wdr Real De 120 Db \/poe\/ + Env\u00edo a domicilio + Pago seguro + Garant\u00eda","og_url":"https:\/\/compuviper.mx\/tienda\/producto\/dahua-dh-ipc-hfw3241e-s-s2-camara-ip-ipc-hfw3241e-s-s2-bullet-de-2-mp-wizsense-con-ia-lente-de-2-8-mm-107-de-apertura-micrfono-integrado-ir-de-50-m-smd-4-0-ai-ssa-quick-pick-ranura-microsd-wdr-r\/","og_site_name":"Compuviper","article_publisher":"https:\/\/www.facebook.com\/compuviper","article_modified_time":"2026-04-23T06:14:18+00:00","og_image":[{"width":200,"height":200,"url":"https:\/\/compuviper.mx\/tienda\/wp-content\/uploads\/2024\/09\/Camara-ipdahuaipc-hfw3241e-s-s2bullet-de-2-mp-wizsensecon-ia-lente-de-2.8-mm-107-de-aperturamicrfono-integradoir-de-50-msmd-4.0-ai-ssa-quick-pickranura-microsdwdr-real-de-120-db-poe.jpg","type":"image\/jpeg"}],"twitter_card":"summary_large_image","twitter_misc":{"Precio":"&#36;1,441 con IVA","Availability":"On backorder"},"schema":{"@context":"https:\/\/schema.org","@graph":[{"@type":"WebPage","@id":"https:\/\/compuviper.mx\/tienda\/producto\/dahua-dh-ipc-hfw3241e-s-s2-camara-ip-ipc-hfw3241e-s-s2-bullet-de-2-mp-wizsense-con-ia-lente-de-2-8-mm-107-de-apertura-micrfono-integrado-ir-de-50-m-smd-4-0-ai-ssa-quick-pick-ranura-microsd-wdr-r\/","url":"https:\/\/compuviper.mx\/tienda\/producto\/dahua-dh-ipc-hfw3241e-s-s2-camara-ip-ipc-hfw3241e-s-s2-bullet-de-2-mp-wizsense-con-ia-lente-de-2-8-mm-107-de-apertura-micrfono-integrado-ir-de-50-m-smd-4-0-ai-ssa-quick-pick-ranura-microsd-wdr-r\/","name":"[ Dahua ] &#129351; Dh-ipc-hfw3241e-s-s2 Camara Ip\/\/ipc-hfw3241e-s-s2\/bullet De 2 Mp\/ Wizsense\/con Ia\/ Lente De 2.8 Mm\/ 107 De Apertura\/micrfono Integrado\/ir De 50 M\/smd 4.0 \/ai Ssa \/quick Pick\/ranura Microsd\/wdr Real De 120 Db \/poe\/","isPartOf":{"@id":"https:\/\/compuviper.mx\/tienda\/#website"},"datePublished":"2026-04-23T06:14:17+00:00","dateModified":"2026-04-23T06:14:18+00:00","description":"Compra Dh-ipc-hfw3241e-s-s2 Camara Ip\/\/ipc-hfw3241e-s-s2\/bullet De 2 Mp\/ Wizsense\/con Ia\/ Lente De 2.8 Mm\/ 107 De Apertura\/micrfono Integrado\/ir De 50 M\/smd 4.0 \/ai Ssa \/quick Pick\/ranura Microsd\/wdr Real De 120 Db \/poe\/ + Env\u00edo a domicilio + Pago seguro + Garant\u00eda","breadcrumb":{"@id":"https:\/\/compuviper.mx\/tienda\/producto\/dahua-dh-ipc-hfw3241e-s-s2-camara-ip-ipc-hfw3241e-s-s2-bullet-de-2-mp-wizsense-con-ia-lente-de-2-8-mm-107-de-apertura-micrfono-integrado-ir-de-50-m-smd-4-0-ai-ssa-quick-pick-ranura-microsd-wdr-r\/#breadcrumb"},"inLanguage":"es-MX","potentialAction":[{"@type":"ReadAction","target":["https:\/\/compuviper.mx\/tienda\/producto\/dahua-dh-ipc-hfw3241e-s-s2-camara-ip-ipc-hfw3241e-s-s2-bullet-de-2-mp-wizsense-con-ia-lente-de-2-8-mm-107-de-apertura-micrfono-integrado-ir-de-50-m-smd-4-0-ai-ssa-quick-pick-ranura-microsd-wdr-r\/"]}]},{"@type":"BreadcrumbList","@id":"https:\/\/compuviper.mx\/tienda\/producto\/dahua-dh-ipc-hfw3241e-s-s2-camara-ip-ipc-hfw3241e-s-s2-bullet-de-2-mp-wizsense-con-ia-lente-de-2-8-mm-107-de-apertura-micrfono-integrado-ir-de-50-m-smd-4-0-ai-ssa-quick-pick-ranura-microsd-wdr-r\/#breadcrumb","itemListElement":[{"@type":"ListItem","position":1,"name":"Inicio","item":"https:\/\/compuviper.mx\/tienda\/"},{"@type":"ListItem","position":2,"name":"Productos","item":"https:\/\/compuviper.mx\/tienda\/productos\/"},{"@type":"ListItem","position":3,"name":"Camaras","item":"https:\/\/compuviper.mx\/tienda\/categoria-producto\/camaras-2\/"},{"@type":"ListItem","position":4,"name":"Camara De Videovigilancia","item":"https:\/\/compuviper.mx\/tienda\/categoria-producto\/camaras-2\/camara-de-videovigilancia\/"},{"@type":"ListItem","position":5,"name":"Dahua Dh-ipc-hfw3241e-s-s2 Camara Ip\/\/ipc-hfw3241e-s-s2\/bullet De 2 Mp\/ Wizsense\/con Ia\/ Lente De 2.8 Mm\/ 107 De Apertura\/micrfono Integrado\/ir De 50 M\/smd 4.0 \/ai Ssa \/quick Pick\/ranura Microsd\/wdr Real De 120 Db \/poe\/"}]},{"@type":"WebSite","@id":"https:\/\/compuviper.mx\/tienda\/#website","url":"https:\/\/compuviper.mx\/tienda\/","name":"Compuviper","description":"Proveedor de Computadoras, Laptops, Servidores, Monitores, Puntos de Venta, Teclados,   Impresoras, T\u00f3ner, C\u00e1maras de Seguridad y m\u00e1s en tu tienda en l\u00ednea","publisher":{"@id":"https:\/\/compuviper.mx\/tienda\/#organization"},"potentialAction":[{"@type":"SearchAction","target":{"@type":"EntryPoint","urlTemplate":"https:\/\/compuviper.mx\/tienda\/?s={search_term_string}"},"query-input":"required name=search_term_string"}],"inLanguage":"es-MX"},{"@type":"Organization","@id":"https:\/\/compuviper.mx\/tienda\/#organization","name":"Compuviper","url":"https:\/\/compuviper.mx\/tienda\/","logo":{"@type":"ImageObject","inLanguage":"es-MX","@id":"https:\/\/compuviper.mx\/tienda\/#\/schema\/logo\/image\/","url":"https:\/\/compuviper.mx\/tienda\/wp-content\/uploads\/2021\/08\/Logo-Compuviper-10.png","contentUrl":"https:\/\/compuviper.mx\/tienda\/wp-content\/uploads\/2021\/08\/Logo-Compuviper-10.png","width":1000,"height":500,"caption":"Compuviper"},"image":{"@id":"https:\/\/compuviper.mx\/tienda\/#\/schema\/logo\/image\/"},"sameAs":["https:\/\/www.facebook.com\/compuviper","https:\/\/www.youtube.com\/channel\/UCf73dERp9Y3cfOq7q8BhLjA?view_as=subscriber"]}]},"product_brand":"DAHUA","product_price_amount":"1441","product_price_currency":"MXN","og_availability":"backorder","product_availability":"available for order","product_retailer_item_id":"DH-IPC-HFW3241E-S-S2","product_condition":"new"},"_links":{"self":[{"href":"https:\/\/compuviper.mx\/tienda\/wp-json\/wp\/v2\/product\/235071"}],"collection":[{"href":"https:\/\/compuviper.mx\/tienda\/wp-json\/wp\/v2\/product"}],"about":[{"href":"https:\/\/compuviper.mx\/tienda\/wp-json\/wp\/v2\/types\/product"}],"replies":[{"embeddable":true,"href":"https:\/\/compuviper.mx\/tienda\/wp-json\/wp\/v2\/comments?post=235071"}],"wp:featuredmedia":[{"embeddable":true,"href":"https:\/\/compuviper.mx\/tienda\/wp-json\/wp\/v2\/media\/242449"}],"wp:attachment":[{"href":"https:\/\/compuviper.mx\/tienda\/wp-json\/wp\/v2\/media?parent=235071"}],"wp:term":[{"taxonomy":"product_cat","embeddable":true,"href":"https:\/\/compuviper.mx\/tienda\/wp-json\/wp\/v2\/product_cat?post=235071"},{"taxonomy":"product_tag","embeddable":true,"href":"https:\/\/compuviper.mx\/tienda\/wp-json\/wp\/v2\/product_tag?post=235071"}],"curies":[{"name":"wp","href":"https:\/\/api.w.org\/{rel}","templated":true}]}}