{"id":235031,"date":"2026-04-17T02:01:40","date_gmt":"2026-04-17T08:01:40","guid":{"rendered":"https:\/\/compuviper.mx\/tienda\/producto\/qnap-ts-h2287xu-rp-e2378-64g-us-nas-22bahias16sata3-56sata2-5-rack3u-intelxeon-8n-hasta4-8ghz-64gbram-hasta128gb-2-5gbe2-10gbe2-10gbase-t-pcie3-usb4-fuentered-hotswap-no-incluye-discos\/"},"modified":"2026-04-17T02:01:40","modified_gmt":"2026-04-17T08:01:40","slug":"qnap-ts-h2287xu-rp-e2378-64g-us-nas-22bahias16sata3-56sata2-5-rack3u-intelxeon-8n-hasta4-8ghz-64gbram-hasta128gb-2-5gbe2-10gbe2-10gbase-t-pcie3-usb4-fuentered-hotswap-no-incluye-discos","status":"publish","type":"product","link":"https:\/\/compuviper.mx\/tienda\/producto\/qnap-ts-h2287xu-rp-e2378-64g-us-nas-22bahias16sata3-56sata2-5-rack3u-intelxeon-8n-hasta4-8ghz-64gbram-hasta128gb-2-5gbe2-10gbe2-10gbase-t-pcie3-usb4-fuentered-hotswap-no-incluye-discos\/","title":{"rendered":"Qnap Ts-h2287xu-rp-e2378-64g-us Nas  \/22bahias16sata3.56sata2.5\/rack3u\/intelxeon 8n Hasta4.8ghz\/64gbram Hasta128gb\/2.5gbe2\/10gbe2 10gbase-t\/pcie3\/usb4\/fuentered\/hotswap\/no Incluye Discos"},"content":{"rendered":"<table class=\"descripcion\">\n<tr>\n<td>Cpu: intel\u00ae xeon\u00ae e-2336 de 6 ncleos y 12 hilos a 2,9 ghz con potencia de hasta 4,8 ghz<\/td>\n<\/tr>\n<tr>\n<td>Arquitectura de cpu: x86 de 64 bits<\/td>\n<\/tr>\n<tr>\n<td>Procesadores gr\u00e1ficos: opcional a travs de un adaptador pcie<\/td>\n<\/tr>\n<tr>\n<td>Unidad de coma flotante: si<\/td>\n<\/tr>\n<tr>\n<td>Motor de cifrado: aes-ni: si<\/td>\n<\/tr>\n<tr>\n<td>Memoria del sistema: 32 gb ecc ddr4 1 x 32 gb<\/td>\n<\/tr>\n<tr>\n<td>Memoria m\u00e1xima: 128 gb 4 mdulos de 32 gb<\/td>\n<\/tr>\n<tr>\n<td>Ranura para memoria: 4 mdulos de memoria ddr4 udimm ecc.<\/td>\n<\/tr>\n<tr>\n<td>Para configuraciones dimm dobles, debe usar un par de mdulos ddr4 idnticos.<\/td>\n<\/tr>\n<tr>\n<td>Memoria flash: 5 gb proteccin del sistema operativo de doble arranque<\/td>\n<\/tr>\n<tr>\n<td>Baha de unidades: 22 16 unidades sata de 3,5  6 unidades sata de 2,5<\/td>\n<\/tr>\n<tr>\n<td>Compatibilidad de unidades:<\/td>\n<\/tr>\n<tr>\n<td>3.5-inch bays:<\/td>\n<\/tr>\n<tr>\n<td>3.5-inch sata hard disk drives<\/td>\n<\/tr>\n<tr>\n<td>2.5-inch sata solid state drives:<\/td>\n<\/tr>\n<tr>\n<td>2.5-inch bays:<\/td>\n<\/tr>\n<tr>\n<td>2.5-inch sata solid state drives<\/td>\n<\/tr>\n<tr>\n<td>Intercambiable en caliente: si<\/td>\n<\/tr>\n<tr>\n<td>Ranura m.2: opcional a travs de un adaptador pcie qm2<\/td>\n<\/tr>\n<tr>\n<td>Compatibilidad con aceleracin de cach ssd: si<\/td>\n<\/tr>\n<tr>\n<td>Salida directa de gpu: si<\/td>\n<\/tr>\n<tr>\n<td>Puerto 2,5 gbe 2,5g\/1g\/100m: 2 2,5g\/1g\/100m<\/td>\n<\/tr>\n<tr>\n<td>Puerto 10 gbe: 2 puertos 10gbase-t 10g\/5g\/2,5g\/1g\/100m<\/td>\n<\/tr>\n<tr>\n<td>Puerto 25 gbe: opcional a travs de un adaptador pcie<\/td>\n<\/tr>\n<tr>\n<td>Wake-on-lan wol: si<\/td>\n<\/tr>\n<tr>\n<td>Ranura pcie: 3 2 ranuras gen4 x4 1 ranura gen 4 x8<\/td>\n<\/tr>\n<tr>\n<td>Dimensiones de la tarjeta para la ranura pcie 1: 200 x 111,15 x 23,76 mm \/ 9,84 x 4,38 x 0,94 pulgadas.<\/td>\n<\/tr>\n<tr>\n<td>Dimensiones de la tarjeta para la ranura pcie 2: 250 x 111,15 x 18,76 mm \/ 9,84 x 4,38 x 0,74 pulgadas.<\/td>\n<\/tr>\n<tr>\n<td>Dimensiones de la tarjeta para la ranura pcie 3: 250 x 111,15 x 18,76 mm \/ 9,84 x 4,38 x 0,74 pulgadas.<\/td>\n<\/tr>\n<tr>\n<td>Se pueden instalar tarjetas m\u00e1s anchas si la siguiente ranura pcie no se va a utilizar.<\/td>\n<\/tr>\n<tr>\n<td>Puerto usb 3.2 gen 2 10 gbps: 4 puerto usb 3.2 gen 2 tipo-a de 5 v\/1a 10gbps<\/td>\n<\/tr>\n<tr>\n<td>Salida hdmi: opcional a travs de un adaptador pcie<\/td>\n<\/tr>\n<tr>\n<td>Factor de forma: montaje en rack de 3u<\/td>\n<\/tr>\n<tr>\n<td>Indicadores led: estado verde\/rojo lan verde usb azul estado de hdd verde\/rojo<\/td>\n<\/tr>\n<tr>\n<td>Botones: encendido, reinicio<\/td>\n<\/tr>\n<tr>\n<td>Dimensiones: altura x anchura x profundidad131.3  432  511.5 mm<\/td>\n<\/tr>\n<tr>\n<td>Peso neto: 17.47 kg<\/td>\n<\/tr>\n<tr>\n<td>Peso bruto: 21.84 kg<\/td>\n<\/tr>\n<tr>\n<td>Temperatura operativa: 0 &#8211; 40 \u00b0c 32 \u00b0f &#8211; 104 \u00b0f<\/td>\n<\/tr>\n<tr>\n<td>Temperatura de almacenamiento: -20 &#8211; 70\u00b0c -4\u00b0f &#8211; 158\u00b0f<\/td>\n<\/tr>\n<tr>\n<td>Humedad relativa: 5 ~ 95  de humedad relativa sin condensacin, bulbo hmedo: 27  and 730;c 80,6  and 730;f<\/td>\n<\/tr>\n<tr>\n<td>Unidad de alimentacin elctrica: 2 psu de 550 w<\/td>\n<\/tr>\n<tr>\n<td>Consumo de energa: modo suspensin de disco duro: 165.39 w<\/td>\n<\/tr>\n<tr>\n<td>Consumo de energa: modo de funcionamiento, tpico: 228 w<\/td>\n<\/tr>\n<tr>\n<td>Ventilador: 3 de 60 mm,  1 de 80 mm, 12 v de cc<\/td>\n<\/tr>\n<tr>\n<td>Garanta est\u00e1ndar: 5 aos en centro de servicio<\/td>\n<\/tr>\n<tr>\n<td>N.\u00ba m\u00e1x. de conexiones simult\u00e1neas cifs: con memoria m\u00e1x: 11000<\/td>\n<\/tr>\n<\/table>\n","protected":false},"excerpt":{"rendered":"<p>El ts-h2287xu-rp de alta capacidad est\u00e1 equipado con un procesador intel\u00ae xeon\u00ae serie e-2300 de ltima generacin, admite hasta 128 gb de memoria ddr4 ecc y proporciona una arquitectura de almacenamiento hbrido de unidad de disco duro\/ssd que mantiene el equilibrio entre rendimiento y coste para ofrecer un rendimiento fiable de categora de servidor. Con el sistema operativo quts hero basado en zfs, el ts-h2287xu-rp destaca la integridad de los datos con la deduplicacin de datos en lnea, instant\u00e1neas pr\u00e1cticamente ilimitadas, snapsync en tiempo real y qsal qnap ssd antiwear leveling, ofreciendo una solucin de almacenamiento ideal que responde a las necesidades empresariales actuales para servidores de archivos, servidores de virtualizacin, vdi y copia de seguridad\/restauracin.<\/p>\n","protected":false},"featured_media":243391,"comment_status":"open","ping_status":"open","template":"","meta":[],"product_cat":[1803,1804],"product_tag":[2110],"acf":[],"yoast_head":"<!-- This site is optimized with the Yoast SEO plugin v21.7 - https:\/\/yoast.com\/wordpress\/plugins\/seo\/ -->\n<title>[ Qnap ] &#129351; Ts-h2287xu-rp-e2378-64g-us Nas \/22bahias16sata3.56sata2.5\/rack3u\/intelxeon 8n Hasta4.8ghz\/64gbram Hasta128gb\/2.5gbe2\/10gbe2 10gbase-t\/pcie3\/usb4\/fuentered\/hotswap\/no Incluye Discos<\/title>\n<meta name=\"description\" content=\"Compra Ts-h2287xu-rp-e2378-64g-us Nas \/22bahias16sata3.56sata2.5\/rack3u\/intelxeon 8n Hasta4.8ghz\/64gbram Hasta128gb\/2.5gbe2\/10gbe2 10gbase-t\/pcie3\/usb4\/fuentered\/hotswap\/no Incluye Discos + Env\u00edo a domicilio + Pago seguro + Garant\u00eda\" \/>\n<meta name=\"robots\" content=\"index, follow, max-snippet:-1, max-image-preview:large, max-video-preview:-1\" \/>\n<link rel=\"canonical\" href=\"https:\/\/compuviper.mx\/tienda\/producto\/qnap-ts-h2287xu-rp-e2378-64g-us-nas-22bahias16sata3-56sata2-5-rack3u-intelxeon-8n-hasta4-8ghz-64gbram-hasta128gb-2-5gbe2-10gbe2-10gbase-t-pcie3-usb4-fuentered-hotswap-no-incluye-discos\/\" \/>\n<meta property=\"og:locale\" content=\"es_MX\" \/>\n<meta property=\"og:type\" content=\"article\" \/>\n<meta property=\"og:title\" content=\"[ Qnap ] &#129351; Ts-h2287xu-rp-e2378-64g-us Nas \/22bahias16sata3.56sata2.5\/rack3u\/intelxeon 8n Hasta4.8ghz\/64gbram Hasta128gb\/2.5gbe2\/10gbe2 10gbase-t\/pcie3\/usb4\/fuentered\/hotswap\/no Incluye Discos\" \/>\n<meta property=\"og:description\" content=\"Compra Ts-h2287xu-rp-e2378-64g-us Nas \/22bahias16sata3.56sata2.5\/rack3u\/intelxeon 8n Hasta4.8ghz\/64gbram Hasta128gb\/2.5gbe2\/10gbe2 10gbase-t\/pcie3\/usb4\/fuentered\/hotswap\/no Incluye Discos + Env\u00edo a domicilio + Pago seguro + Garant\u00eda\" \/>\n<meta property=\"og:url\" content=\"https:\/\/compuviper.mx\/tienda\/producto\/qnap-ts-h2287xu-rp-e2378-64g-us-nas-22bahias16sata3-56sata2-5-rack3u-intelxeon-8n-hasta4-8ghz-64gbram-hasta128gb-2-5gbe2-10gbe2-10gbase-t-pcie3-usb4-fuentered-hotswap-no-incluye-discos\/\" \/>\n<meta property=\"og:site_name\" content=\"Compuviper\" \/>\n<meta property=\"article:publisher\" content=\"https:\/\/www.facebook.com\/compuviper\" \/>\n<meta property=\"og:image\" content=\"https:\/\/compuviper.mx\/tienda\/wp-content\/uploads\/2024\/09\/Nas-qnap-ts-h2287xu-rp-e2378-64g-us22bahias16sata3.56sata2.5rack3uintelxeon-8n-hasta4.8ghz64gbram-hasta128gb2.5gbe210gbe2-10gbase-tpcie3usb4fuenteredhotswapno-incluye-discos.jpg\" \/>\n\t<meta property=\"og:image:width\" content=\"200\" \/>\n\t<meta property=\"og:image:height\" content=\"200\" \/>\n\t<meta property=\"og:image:type\" content=\"image\/jpeg\" \/>\n<meta name=\"twitter:card\" content=\"summary_large_image\" \/>\n<meta name=\"twitter:label1\" content=\"Precio\" \/>\n\t<meta name=\"twitter:data1\" content=\"&#36;181,398 con IVA\" \/>\n\t<meta name=\"twitter:label2\" content=\"Availability\" \/>\n\t<meta name=\"twitter:data2\" content=\"On backorder\" \/>\n<script type=\"application\/ld+json\" class=\"yoast-schema-graph\">{\"@context\":\"https:\/\/schema.org\",\"@graph\":[{\"@type\":\"WebPage\",\"@id\":\"https:\/\/compuviper.mx\/tienda\/producto\/qnap-ts-h2287xu-rp-e2378-64g-us-nas-22bahias16sata3-56sata2-5-rack3u-intelxeon-8n-hasta4-8ghz-64gbram-hasta128gb-2-5gbe2-10gbe2-10gbase-t-pcie3-usb4-fuentered-hotswap-no-incluye-discos\/\",\"url\":\"https:\/\/compuviper.mx\/tienda\/producto\/qnap-ts-h2287xu-rp-e2378-64g-us-nas-22bahias16sata3-56sata2-5-rack3u-intelxeon-8n-hasta4-8ghz-64gbram-hasta128gb-2-5gbe2-10gbe2-10gbase-t-pcie3-usb4-fuentered-hotswap-no-incluye-discos\/\",\"name\":\"[ Qnap ] &#129351; Ts-h2287xu-rp-e2378-64g-us Nas \/22bahias16sata3.56sata2.5\/rack3u\/intelxeon 8n Hasta4.8ghz\/64gbram Hasta128gb\/2.5gbe2\/10gbe2 10gbase-t\/pcie3\/usb4\/fuentered\/hotswap\/no Incluye Discos\",\"isPartOf\":{\"@id\":\"https:\/\/compuviper.mx\/tienda\/#website\"},\"datePublished\":\"2026-04-17T08:01:40+00:00\",\"dateModified\":\"2026-04-17T08:01:40+00:00\",\"description\":\"Compra Ts-h2287xu-rp-e2378-64g-us Nas \/22bahias16sata3.56sata2.5\/rack3u\/intelxeon 8n Hasta4.8ghz\/64gbram Hasta128gb\/2.5gbe2\/10gbe2 10gbase-t\/pcie3\/usb4\/fuentered\/hotswap\/no Incluye Discos + Env\u00edo a domicilio + Pago seguro + Garant\u00eda\",\"breadcrumb\":{\"@id\":\"https:\/\/compuviper.mx\/tienda\/producto\/qnap-ts-h2287xu-rp-e2378-64g-us-nas-22bahias16sata3-56sata2-5-rack3u-intelxeon-8n-hasta4-8ghz-64gbram-hasta128gb-2-5gbe2-10gbe2-10gbase-t-pcie3-usb4-fuentered-hotswap-no-incluye-discos\/#breadcrumb\"},\"inLanguage\":\"es-MX\",\"potentialAction\":[{\"@type\":\"ReadAction\",\"target\":[\"https:\/\/compuviper.mx\/tienda\/producto\/qnap-ts-h2287xu-rp-e2378-64g-us-nas-22bahias16sata3-56sata2-5-rack3u-intelxeon-8n-hasta4-8ghz-64gbram-hasta128gb-2-5gbe2-10gbe2-10gbase-t-pcie3-usb4-fuentered-hotswap-no-incluye-discos\/\"]}]},{\"@type\":\"BreadcrumbList\",\"@id\":\"https:\/\/compuviper.mx\/tienda\/producto\/qnap-ts-h2287xu-rp-e2378-64g-us-nas-22bahias16sata3-56sata2-5-rack3u-intelxeon-8n-hasta4-8ghz-64gbram-hasta128gb-2-5gbe2-10gbe2-10gbase-t-pcie3-usb4-fuentered-hotswap-no-incluye-discos\/#breadcrumb\",\"itemListElement\":[{\"@type\":\"ListItem\",\"position\":1,\"name\":\"Inicio\",\"item\":\"https:\/\/compuviper.mx\/tienda\/\"},{\"@type\":\"ListItem\",\"position\":2,\"name\":\"Productos\",\"item\":\"https:\/\/compuviper.mx\/tienda\/productos\/\"},{\"@type\":\"ListItem\",\"position\":3,\"name\":\"Almacenamiento\",\"item\":\"https:\/\/compuviper.mx\/tienda\/categoria-producto\/almacenamiento\/\"},{\"@type\":\"ListItem\",\"position\":4,\"name\":\"Sistema De Almacenamiento\",\"item\":\"https:\/\/compuviper.mx\/tienda\/categoria-producto\/almacenamiento\/sistema-de-almacenamiento\/\"},{\"@type\":\"ListItem\",\"position\":5,\"name\":\"Qnap Ts-h2287xu-rp-e2378-64g-us Nas \/22bahias16sata3.56sata2.5\/rack3u\/intelxeon 8n Hasta4.8ghz\/64gbram Hasta128gb\/2.5gbe2\/10gbe2 10gbase-t\/pcie3\/usb4\/fuentered\/hotswap\/no Incluye Discos\"}]},{\"@type\":\"WebSite\",\"@id\":\"https:\/\/compuviper.mx\/tienda\/#website\",\"url\":\"https:\/\/compuviper.mx\/tienda\/\",\"name\":\"Compuviper\",\"description\":\"Proveedor de Computadoras, Laptops, Servidores, Monitores, Puntos de Venta, Teclados,   Impresoras, T\u00f3ner, C\u00e1maras de Seguridad y m\u00e1s en tu tienda en l\u00ednea\",\"publisher\":{\"@id\":\"https:\/\/compuviper.mx\/tienda\/#organization\"},\"potentialAction\":[{\"@type\":\"SearchAction\",\"target\":{\"@type\":\"EntryPoint\",\"urlTemplate\":\"https:\/\/compuviper.mx\/tienda\/?s={search_term_string}\"},\"query-input\":\"required name=search_term_string\"}],\"inLanguage\":\"es-MX\"},{\"@type\":\"Organization\",\"@id\":\"https:\/\/compuviper.mx\/tienda\/#organization\",\"name\":\"Compuviper\",\"url\":\"https:\/\/compuviper.mx\/tienda\/\",\"logo\":{\"@type\":\"ImageObject\",\"inLanguage\":\"es-MX\",\"@id\":\"https:\/\/compuviper.mx\/tienda\/#\/schema\/logo\/image\/\",\"url\":\"https:\/\/compuviper.mx\/tienda\/wp-content\/uploads\/2021\/08\/Logo-Compuviper-10.png\",\"contentUrl\":\"https:\/\/compuviper.mx\/tienda\/wp-content\/uploads\/2021\/08\/Logo-Compuviper-10.png\",\"width\":1000,\"height\":500,\"caption\":\"Compuviper\"},\"image\":{\"@id\":\"https:\/\/compuviper.mx\/tienda\/#\/schema\/logo\/image\/\"},\"sameAs\":[\"https:\/\/www.facebook.com\/compuviper\",\"https:\/\/www.youtube.com\/channel\/UCf73dERp9Y3cfOq7q8BhLjA?view_as=subscriber\"]}]}<\/script>\n<meta property=\"product:brand\" content=\"Qnap\" \/>\n<meta property=\"product:price:amount\" content=\"181398\" \/>\n<meta property=\"product:price:currency\" content=\"MXN\" \/>\n<meta property=\"og:availability\" content=\"backorder\" \/>\n<meta property=\"product:availability\" content=\"available for order\" \/>\n<meta property=\"product:retailer_item_id\" content=\"TS-H2287XU-RP-E2378-64G-US\" \/>\n<meta property=\"product:condition\" content=\"new\" \/>\n<!-- \/ Yoast SEO plugin. -->","yoast_head_json":{"title":"[ Qnap ] &#129351; Ts-h2287xu-rp-e2378-64g-us Nas \/22bahias16sata3.56sata2.5\/rack3u\/intelxeon 8n Hasta4.8ghz\/64gbram Hasta128gb\/2.5gbe2\/10gbe2 10gbase-t\/pcie3\/usb4\/fuentered\/hotswap\/no Incluye Discos","description":"Compra Ts-h2287xu-rp-e2378-64g-us Nas \/22bahias16sata3.56sata2.5\/rack3u\/intelxeon 8n Hasta4.8ghz\/64gbram Hasta128gb\/2.5gbe2\/10gbe2 10gbase-t\/pcie3\/usb4\/fuentered\/hotswap\/no Incluye Discos + Env\u00edo a domicilio + Pago seguro + Garant\u00eda","robots":{"index":"index","follow":"follow","max-snippet":"max-snippet:-1","max-image-preview":"max-image-preview:large","max-video-preview":"max-video-preview:-1"},"canonical":"https:\/\/compuviper.mx\/tienda\/producto\/qnap-ts-h2287xu-rp-e2378-64g-us-nas-22bahias16sata3-56sata2-5-rack3u-intelxeon-8n-hasta4-8ghz-64gbram-hasta128gb-2-5gbe2-10gbe2-10gbase-t-pcie3-usb4-fuentered-hotswap-no-incluye-discos\/","og_locale":"es_MX","og_type":"article","og_title":"[ Qnap ] &#129351; Ts-h2287xu-rp-e2378-64g-us Nas \/22bahias16sata3.56sata2.5\/rack3u\/intelxeon 8n Hasta4.8ghz\/64gbram Hasta128gb\/2.5gbe2\/10gbe2 10gbase-t\/pcie3\/usb4\/fuentered\/hotswap\/no Incluye Discos","og_description":"Compra Ts-h2287xu-rp-e2378-64g-us Nas \/22bahias16sata3.56sata2.5\/rack3u\/intelxeon 8n Hasta4.8ghz\/64gbram Hasta128gb\/2.5gbe2\/10gbe2 10gbase-t\/pcie3\/usb4\/fuentered\/hotswap\/no Incluye Discos + Env\u00edo a domicilio + Pago seguro + Garant\u00eda","og_url":"https:\/\/compuviper.mx\/tienda\/producto\/qnap-ts-h2287xu-rp-e2378-64g-us-nas-22bahias16sata3-56sata2-5-rack3u-intelxeon-8n-hasta4-8ghz-64gbram-hasta128gb-2-5gbe2-10gbe2-10gbase-t-pcie3-usb4-fuentered-hotswap-no-incluye-discos\/","og_site_name":"Compuviper","article_publisher":"https:\/\/www.facebook.com\/compuviper","og_image":[{"width":200,"height":200,"url":"https:\/\/compuviper.mx\/tienda\/wp-content\/uploads\/2024\/09\/Nas-qnap-ts-h2287xu-rp-e2378-64g-us22bahias16sata3.56sata2.5rack3uintelxeon-8n-hasta4.8ghz64gbram-hasta128gb2.5gbe210gbe2-10gbase-tpcie3usb4fuenteredhotswapno-incluye-discos.jpg","type":"image\/jpeg"}],"twitter_card":"summary_large_image","twitter_misc":{"Precio":"&#36;181,398 con IVA","Availability":"On backorder"},"schema":{"@context":"https:\/\/schema.org","@graph":[{"@type":"WebPage","@id":"https:\/\/compuviper.mx\/tienda\/producto\/qnap-ts-h2287xu-rp-e2378-64g-us-nas-22bahias16sata3-56sata2-5-rack3u-intelxeon-8n-hasta4-8ghz-64gbram-hasta128gb-2-5gbe2-10gbe2-10gbase-t-pcie3-usb4-fuentered-hotswap-no-incluye-discos\/","url":"https:\/\/compuviper.mx\/tienda\/producto\/qnap-ts-h2287xu-rp-e2378-64g-us-nas-22bahias16sata3-56sata2-5-rack3u-intelxeon-8n-hasta4-8ghz-64gbram-hasta128gb-2-5gbe2-10gbe2-10gbase-t-pcie3-usb4-fuentered-hotswap-no-incluye-discos\/","name":"[ Qnap ] &#129351; Ts-h2287xu-rp-e2378-64g-us Nas \/22bahias16sata3.56sata2.5\/rack3u\/intelxeon 8n Hasta4.8ghz\/64gbram Hasta128gb\/2.5gbe2\/10gbe2 10gbase-t\/pcie3\/usb4\/fuentered\/hotswap\/no Incluye Discos","isPartOf":{"@id":"https:\/\/compuviper.mx\/tienda\/#website"},"datePublished":"2026-04-17T08:01:40+00:00","dateModified":"2026-04-17T08:01:40+00:00","description":"Compra Ts-h2287xu-rp-e2378-64g-us Nas \/22bahias16sata3.56sata2.5\/rack3u\/intelxeon 8n Hasta4.8ghz\/64gbram Hasta128gb\/2.5gbe2\/10gbe2 10gbase-t\/pcie3\/usb4\/fuentered\/hotswap\/no Incluye Discos + Env\u00edo a domicilio + Pago seguro + Garant\u00eda","breadcrumb":{"@id":"https:\/\/compuviper.mx\/tienda\/producto\/qnap-ts-h2287xu-rp-e2378-64g-us-nas-22bahias16sata3-56sata2-5-rack3u-intelxeon-8n-hasta4-8ghz-64gbram-hasta128gb-2-5gbe2-10gbe2-10gbase-t-pcie3-usb4-fuentered-hotswap-no-incluye-discos\/#breadcrumb"},"inLanguage":"es-MX","potentialAction":[{"@type":"ReadAction","target":["https:\/\/compuviper.mx\/tienda\/producto\/qnap-ts-h2287xu-rp-e2378-64g-us-nas-22bahias16sata3-56sata2-5-rack3u-intelxeon-8n-hasta4-8ghz-64gbram-hasta128gb-2-5gbe2-10gbe2-10gbase-t-pcie3-usb4-fuentered-hotswap-no-incluye-discos\/"]}]},{"@type":"BreadcrumbList","@id":"https:\/\/compuviper.mx\/tienda\/producto\/qnap-ts-h2287xu-rp-e2378-64g-us-nas-22bahias16sata3-56sata2-5-rack3u-intelxeon-8n-hasta4-8ghz-64gbram-hasta128gb-2-5gbe2-10gbe2-10gbase-t-pcie3-usb4-fuentered-hotswap-no-incluye-discos\/#breadcrumb","itemListElement":[{"@type":"ListItem","position":1,"name":"Inicio","item":"https:\/\/compuviper.mx\/tienda\/"},{"@type":"ListItem","position":2,"name":"Productos","item":"https:\/\/compuviper.mx\/tienda\/productos\/"},{"@type":"ListItem","position":3,"name":"Almacenamiento","item":"https:\/\/compuviper.mx\/tienda\/categoria-producto\/almacenamiento\/"},{"@type":"ListItem","position":4,"name":"Sistema De Almacenamiento","item":"https:\/\/compuviper.mx\/tienda\/categoria-producto\/almacenamiento\/sistema-de-almacenamiento\/"},{"@type":"ListItem","position":5,"name":"Qnap Ts-h2287xu-rp-e2378-64g-us Nas \/22bahias16sata3.56sata2.5\/rack3u\/intelxeon 8n Hasta4.8ghz\/64gbram Hasta128gb\/2.5gbe2\/10gbe2 10gbase-t\/pcie3\/usb4\/fuentered\/hotswap\/no Incluye Discos"}]},{"@type":"WebSite","@id":"https:\/\/compuviper.mx\/tienda\/#website","url":"https:\/\/compuviper.mx\/tienda\/","name":"Compuviper","description":"Proveedor de Computadoras, Laptops, Servidores, Monitores, Puntos de Venta, Teclados,   Impresoras, T\u00f3ner, C\u00e1maras de Seguridad y m\u00e1s en tu tienda en l\u00ednea","publisher":{"@id":"https:\/\/compuviper.mx\/tienda\/#organization"},"potentialAction":[{"@type":"SearchAction","target":{"@type":"EntryPoint","urlTemplate":"https:\/\/compuviper.mx\/tienda\/?s={search_term_string}"},"query-input":"required name=search_term_string"}],"inLanguage":"es-MX"},{"@type":"Organization","@id":"https:\/\/compuviper.mx\/tienda\/#organization","name":"Compuviper","url":"https:\/\/compuviper.mx\/tienda\/","logo":{"@type":"ImageObject","inLanguage":"es-MX","@id":"https:\/\/compuviper.mx\/tienda\/#\/schema\/logo\/image\/","url":"https:\/\/compuviper.mx\/tienda\/wp-content\/uploads\/2021\/08\/Logo-Compuviper-10.png","contentUrl":"https:\/\/compuviper.mx\/tienda\/wp-content\/uploads\/2021\/08\/Logo-Compuviper-10.png","width":1000,"height":500,"caption":"Compuviper"},"image":{"@id":"https:\/\/compuviper.mx\/tienda\/#\/schema\/logo\/image\/"},"sameAs":["https:\/\/www.facebook.com\/compuviper","https:\/\/www.youtube.com\/channel\/UCf73dERp9Y3cfOq7q8BhLjA?view_as=subscriber"]}]},"product_brand":"Qnap","product_price_amount":"181398","product_price_currency":"MXN","og_availability":"backorder","product_availability":"available for order","product_retailer_item_id":"TS-H2287XU-RP-E2378-64G-US","product_condition":"new"},"_links":{"self":[{"href":"https:\/\/compuviper.mx\/tienda\/wp-json\/wp\/v2\/product\/235031"}],"collection":[{"href":"https:\/\/compuviper.mx\/tienda\/wp-json\/wp\/v2\/product"}],"about":[{"href":"https:\/\/compuviper.mx\/tienda\/wp-json\/wp\/v2\/types\/product"}],"replies":[{"embeddable":true,"href":"https:\/\/compuviper.mx\/tienda\/wp-json\/wp\/v2\/comments?post=235031"}],"wp:featuredmedia":[{"embeddable":true,"href":"https:\/\/compuviper.mx\/tienda\/wp-json\/wp\/v2\/media\/243391"}],"wp:attachment":[{"href":"https:\/\/compuviper.mx\/tienda\/wp-json\/wp\/v2\/media?parent=235031"}],"wp:term":[{"taxonomy":"product_cat","embeddable":true,"href":"https:\/\/compuviper.mx\/tienda\/wp-json\/wp\/v2\/product_cat?post=235031"},{"taxonomy":"product_tag","embeddable":true,"href":"https:\/\/compuviper.mx\/tienda\/wp-json\/wp\/v2\/product_tag?post=235031"}],"curies":[{"name":"wp","href":"https:\/\/api.w.org\/{rel}","templated":true}]}}