{"id":235021,"date":"2026-04-18T01:11:49","date_gmt":"2026-04-18T07:11:49","guid":{"rendered":"https:\/\/compuviper.mx\/tienda\/producto\/qnap-qxg-10g1t-tarjeta-de-expansion-single-port-10gbase-t-10gbe-pcie-gen3-x4-soporte-de-perfil-bajo-precargado-soportes-planos-de-perfil-bajo-y-de-altura-completa-incluidos\/"},"modified":"2026-04-18T01:11:49","modified_gmt":"2026-04-18T07:11:49","slug":"qnap-qxg-10g1t-tarjeta-de-expansion-single-port-10gbase-t-10gbe-pcie-gen3-x4-soporte-de-perfil-bajo-precargado-soportes-planos-de-perfil-bajo-y-de-altura-completa-incluidos","status":"publish","type":"product","link":"https:\/\/compuviper.mx\/tienda\/producto\/qnap-qxg-10g1t-tarjeta-de-expansion-single-port-10gbase-t-10gbe-pcie-gen3-x4-soporte-de-perfil-bajo-precargado-soportes-planos-de-perfil-bajo-y-de-altura-completa-incluidos\/","title":{"rendered":"Qnap Qxg-10g1t Tarjeta De Expansion   \/ Single-port 10gbase-t \/ 10gbe \/ Pcie Gen3 X4 \/ Soporte De Perfil Bajo Precargado \/ Soportes Planos De Perfil Bajo Y De Altura Completa Incluidos"},"content":{"rendered":"<table class=\"descripcion\">\n<tr>\n<td>Tarjeta de expansion qnap qxg-10g1t  single-port, 5-speed 10 gbe<\/td>\n<\/tr>\n<tr>\n<td>Dimensiones (longitud x anchura x altura): 89.3 mm length \u00d7 1-slot width \u00d7 low-profile (the dimension is based on pcba size \u00d7 not including the bracket) mm<\/td>\n<\/tr>\n<tr>\n<td>Controlador: marvell aqtion aqc107<\/td>\n<\/tr>\n<tr>\n<td>N\u00famero de puertos: 1 nbase-t (rj45)<\/td>\n<\/tr>\n<tr>\n<td>Conector: nbase-t (rj45)<\/td>\n<\/tr>\n<tr>\n<td>Pcie y carriles: pcie 3.0 x4<\/td>\n<\/tr>\n<tr>\n<td>Velocidades de transmisi\u00f3n: 10gbps\/5gbps\/2,5gbps\/1gbps\/100mbps<\/td>\n<\/tr>\n<tr>\n<td>Est\u00e1ndares ieee: ieee 802.3an \/ ieee 802.3bz<\/td>\n<\/tr>\n<tr>\n<td>Soporte: soporte de perfil bajo preinstalado; soportes de altura completa y especializados (para determinados nas de qnap) incluidos<\/td>\n<\/tr>\n<tr>\n<td>Sistemas operativos de nas compatibles: at least qts\/quts hero 5.0.0.2309<\/td>\n<\/tr>\n<tr>\n<td>Nas de qnap compatible: modelos con ranura(s) pcie (se necesita 1 ranura libre)<\/td>\n<\/tr>\n<tr>\n<td>Puerto y cable: rj-45; cable de clase superior a cat-6<\/td>\n<\/tr>\n<tr>\n<td>Package contents: 1 tarjeta de red; 1 qig; 3 soportes<\/td>\n<\/tr>\n<tr>\n<td>Garantia: 3 a\u00f1os<\/td>\n<\/tr>\n<\/table>\n","protected":false},"excerpt":{"rendered":"<p>Qnap ofrece varias tarjetas de expansi\u00f3n de red econ\u00f3micas para empresas y usuarios dom\u00e9sticos para actualizar f\u00e1cilmente el ancho de banda de sus nas qnap, servidores y ordenadores para adaptar la transferencia de datos de alta velocidad y las aplicaciones que requieren mucho ancho de banda<\/p>\n","protected":false},"featured_media":242859,"comment_status":"open","ping_status":"open","template":"","meta":[],"product_cat":[1563,1572],"product_tag":[2110],"acf":[],"yoast_head":"<!-- This site is optimized with the Yoast SEO plugin v21.7 - https:\/\/yoast.com\/wordpress\/plugins\/seo\/ -->\n<title>[ Qnap ] &#129351; Qxg-10g1t Tarjeta De Expansion \/ Single-port 10gbase-t \/ 10gbe \/ Pcie Gen3 X4 \/ Soporte De Perfil Bajo Precargado \/ Soportes Planos De Perfil Bajo Y De Altura Completa Incluidos<\/title>\n<meta name=\"description\" content=\"Compra Qxg-10g1t Tarjeta De Expansion \/ Single-port 10gbase-t \/ 10gbe \/ Pcie Gen3 X4 \/ Soporte De Perfil Bajo Precargado \/ Soportes Planos De Perfil Bajo Y De Altura Completa Incluidos + Env\u00edo a domicilio + Pago seguro + Garant\u00eda\" \/>\n<meta name=\"robots\" content=\"index, follow, max-snippet:-1, max-image-preview:large, max-video-preview:-1\" \/>\n<link rel=\"canonical\" href=\"https:\/\/compuviper.mx\/tienda\/producto\/qnap-qxg-10g1t-tarjeta-de-expansion-single-port-10gbase-t-10gbe-pcie-gen3-x4-soporte-de-perfil-bajo-precargado-soportes-planos-de-perfil-bajo-y-de-altura-completa-incluidos\/\" \/>\n<meta property=\"og:locale\" content=\"es_MX\" \/>\n<meta property=\"og:type\" content=\"article\" \/>\n<meta property=\"og:title\" content=\"[ Qnap ] &#129351; Qxg-10g1t Tarjeta De Expansion \/ Single-port 10gbase-t \/ 10gbe \/ Pcie Gen3 X4 \/ Soporte De Perfil Bajo Precargado \/ Soportes Planos De Perfil Bajo Y De Altura Completa Incluidos\" \/>\n<meta property=\"og:description\" content=\"Compra Qxg-10g1t Tarjeta De Expansion \/ Single-port 10gbase-t \/ 10gbe \/ Pcie Gen3 X4 \/ Soporte De Perfil Bajo Precargado \/ Soportes Planos De Perfil Bajo Y De Altura Completa Incluidos + Env\u00edo a domicilio + Pago seguro + Garant\u00eda\" \/>\n<meta property=\"og:url\" content=\"https:\/\/compuviper.mx\/tienda\/producto\/qnap-qxg-10g1t-tarjeta-de-expansion-single-port-10gbase-t-10gbe-pcie-gen3-x4-soporte-de-perfil-bajo-precargado-soportes-planos-de-perfil-bajo-y-de-altura-completa-incluidos\/\" \/>\n<meta property=\"og:site_name\" content=\"Compuviper\" \/>\n<meta property=\"article:publisher\" content=\"https:\/\/www.facebook.com\/compuviper\" \/>\n<meta property=\"og:image\" content=\"https:\/\/compuviper.mx\/tienda\/wp-content\/uploads\/2024\/09\/Tarjeta-de-expansion-qnap-qxg-10g1t-single-port-10gbase-t-10gbe-pcie-gen3-x4-soporte-de-perfil-bajo-precargado-soportes-planos-de-perfil-bajo-y-de-altura-completa-incluidos.jpg\" \/>\n\t<meta property=\"og:image:width\" content=\"200\" \/>\n\t<meta property=\"og:image:height\" content=\"200\" \/>\n\t<meta property=\"og:image:type\" content=\"image\/jpeg\" \/>\n<meta name=\"twitter:card\" content=\"summary_large_image\" \/>\n<meta name=\"twitter:label1\" content=\"Precio\" \/>\n\t<meta name=\"twitter:data1\" content=\"&#36;2,745 con IVA\" \/>\n\t<meta name=\"twitter:label2\" content=\"Availability\" \/>\n\t<meta name=\"twitter:data2\" content=\"On backorder\" \/>\n<script type=\"application\/ld+json\" class=\"yoast-schema-graph\">{\"@context\":\"https:\/\/schema.org\",\"@graph\":[{\"@type\":\"WebPage\",\"@id\":\"https:\/\/compuviper.mx\/tienda\/producto\/qnap-qxg-10g1t-tarjeta-de-expansion-single-port-10gbase-t-10gbe-pcie-gen3-x4-soporte-de-perfil-bajo-precargado-soportes-planos-de-perfil-bajo-y-de-altura-completa-incluidos\/\",\"url\":\"https:\/\/compuviper.mx\/tienda\/producto\/qnap-qxg-10g1t-tarjeta-de-expansion-single-port-10gbase-t-10gbe-pcie-gen3-x4-soporte-de-perfil-bajo-precargado-soportes-planos-de-perfil-bajo-y-de-altura-completa-incluidos\/\",\"name\":\"[ Qnap ] &#129351; Qxg-10g1t Tarjeta De Expansion \/ Single-port 10gbase-t \/ 10gbe \/ Pcie Gen3 X4 \/ Soporte De Perfil Bajo Precargado \/ Soportes Planos De Perfil Bajo Y De Altura Completa Incluidos\",\"isPartOf\":{\"@id\":\"https:\/\/compuviper.mx\/tienda\/#website\"},\"datePublished\":\"2026-04-18T07:11:49+00:00\",\"dateModified\":\"2026-04-18T07:11:49+00:00\",\"description\":\"Compra Qxg-10g1t Tarjeta De Expansion \/ Single-port 10gbase-t \/ 10gbe \/ Pcie Gen3 X4 \/ Soporte De Perfil Bajo Precargado \/ Soportes Planos De Perfil Bajo Y De Altura Completa Incluidos + Env\u00edo a domicilio + Pago seguro + Garant\u00eda\",\"breadcrumb\":{\"@id\":\"https:\/\/compuviper.mx\/tienda\/producto\/qnap-qxg-10g1t-tarjeta-de-expansion-single-port-10gbase-t-10gbe-pcie-gen3-x4-soporte-de-perfil-bajo-precargado-soportes-planos-de-perfil-bajo-y-de-altura-completa-incluidos\/#breadcrumb\"},\"inLanguage\":\"es-MX\",\"potentialAction\":[{\"@type\":\"ReadAction\",\"target\":[\"https:\/\/compuviper.mx\/tienda\/producto\/qnap-qxg-10g1t-tarjeta-de-expansion-single-port-10gbase-t-10gbe-pcie-gen3-x4-soporte-de-perfil-bajo-precargado-soportes-planos-de-perfil-bajo-y-de-altura-completa-incluidos\/\"]}]},{\"@type\":\"BreadcrumbList\",\"@id\":\"https:\/\/compuviper.mx\/tienda\/producto\/qnap-qxg-10g1t-tarjeta-de-expansion-single-port-10gbase-t-10gbe-pcie-gen3-x4-soporte-de-perfil-bajo-precargado-soportes-planos-de-perfil-bajo-y-de-altura-completa-incluidos\/#breadcrumb\",\"itemListElement\":[{\"@type\":\"ListItem\",\"position\":1,\"name\":\"Inicio\",\"item\":\"https:\/\/compuviper.mx\/tienda\/\"},{\"@type\":\"ListItem\",\"position\":2,\"name\":\"Productos\",\"item\":\"https:\/\/compuviper.mx\/tienda\/productos\/\"},{\"@type\":\"ListItem\",\"position\":3,\"name\":\"Redes\",\"item\":\"https:\/\/compuviper.mx\/tienda\/categoria-producto\/redes\/\"},{\"@type\":\"ListItem\",\"position\":4,\"name\":\"Tarjetas De Red\",\"item\":\"https:\/\/compuviper.mx\/tienda\/categoria-producto\/redes\/tarjetas-de-red\/\"},{\"@type\":\"ListItem\",\"position\":5,\"name\":\"Qnap Qxg-10g1t Tarjeta De Expansion \/ Single-port 10gbase-t \/ 10gbe \/ Pcie Gen3 X4 \/ Soporte De Perfil Bajo Precargado \/ Soportes Planos De Perfil Bajo Y De Altura Completa Incluidos\"}]},{\"@type\":\"WebSite\",\"@id\":\"https:\/\/compuviper.mx\/tienda\/#website\",\"url\":\"https:\/\/compuviper.mx\/tienda\/\",\"name\":\"Compuviper\",\"description\":\"Proveedor de Computadoras, Laptops, Servidores, Monitores, Puntos de Venta, Teclados,   Impresoras, T\u00f3ner, C\u00e1maras de Seguridad y m\u00e1s en tu tienda en l\u00ednea\",\"publisher\":{\"@id\":\"https:\/\/compuviper.mx\/tienda\/#organization\"},\"potentialAction\":[{\"@type\":\"SearchAction\",\"target\":{\"@type\":\"EntryPoint\",\"urlTemplate\":\"https:\/\/compuviper.mx\/tienda\/?s={search_term_string}\"},\"query-input\":\"required name=search_term_string\"}],\"inLanguage\":\"es-MX\"},{\"@type\":\"Organization\",\"@id\":\"https:\/\/compuviper.mx\/tienda\/#organization\",\"name\":\"Compuviper\",\"url\":\"https:\/\/compuviper.mx\/tienda\/\",\"logo\":{\"@type\":\"ImageObject\",\"inLanguage\":\"es-MX\",\"@id\":\"https:\/\/compuviper.mx\/tienda\/#\/schema\/logo\/image\/\",\"url\":\"https:\/\/compuviper.mx\/tienda\/wp-content\/uploads\/2021\/08\/Logo-Compuviper-10.png\",\"contentUrl\":\"https:\/\/compuviper.mx\/tienda\/wp-content\/uploads\/2021\/08\/Logo-Compuviper-10.png\",\"width\":1000,\"height\":500,\"caption\":\"Compuviper\"},\"image\":{\"@id\":\"https:\/\/compuviper.mx\/tienda\/#\/schema\/logo\/image\/\"},\"sameAs\":[\"https:\/\/www.facebook.com\/compuviper\",\"https:\/\/www.youtube.com\/channel\/UCf73dERp9Y3cfOq7q8BhLjA?view_as=subscriber\"]}]}<\/script>\n<meta property=\"product:brand\" content=\"Qnap\" \/>\n<meta property=\"product:price:amount\" content=\"2745\" \/>\n<meta property=\"product:price:currency\" content=\"MXN\" \/>\n<meta property=\"og:availability\" content=\"backorder\" \/>\n<meta property=\"product:availability\" content=\"available for order\" \/>\n<meta property=\"product:retailer_item_id\" content=\"QXG-10G1T\" \/>\n<meta property=\"product:condition\" content=\"new\" \/>\n<!-- \/ Yoast SEO plugin. -->","yoast_head_json":{"title":"[ Qnap ] &#129351; Qxg-10g1t Tarjeta De Expansion \/ Single-port 10gbase-t \/ 10gbe \/ Pcie Gen3 X4 \/ Soporte De Perfil Bajo Precargado \/ Soportes Planos De Perfil Bajo Y De Altura Completa Incluidos","description":"Compra Qxg-10g1t Tarjeta De Expansion \/ Single-port 10gbase-t \/ 10gbe \/ Pcie Gen3 X4 \/ Soporte De Perfil Bajo Precargado \/ Soportes Planos De Perfil Bajo Y De Altura Completa Incluidos + Env\u00edo a domicilio + Pago seguro + Garant\u00eda","robots":{"index":"index","follow":"follow","max-snippet":"max-snippet:-1","max-image-preview":"max-image-preview:large","max-video-preview":"max-video-preview:-1"},"canonical":"https:\/\/compuviper.mx\/tienda\/producto\/qnap-qxg-10g1t-tarjeta-de-expansion-single-port-10gbase-t-10gbe-pcie-gen3-x4-soporte-de-perfil-bajo-precargado-soportes-planos-de-perfil-bajo-y-de-altura-completa-incluidos\/","og_locale":"es_MX","og_type":"article","og_title":"[ Qnap ] &#129351; Qxg-10g1t Tarjeta De Expansion \/ Single-port 10gbase-t \/ 10gbe \/ Pcie Gen3 X4 \/ Soporte De Perfil Bajo Precargado \/ Soportes Planos De Perfil Bajo Y De Altura Completa Incluidos","og_description":"Compra Qxg-10g1t Tarjeta De Expansion \/ Single-port 10gbase-t \/ 10gbe \/ Pcie Gen3 X4 \/ Soporte De Perfil Bajo Precargado \/ Soportes Planos De Perfil Bajo Y De Altura Completa Incluidos + Env\u00edo a domicilio + Pago seguro + Garant\u00eda","og_url":"https:\/\/compuviper.mx\/tienda\/producto\/qnap-qxg-10g1t-tarjeta-de-expansion-single-port-10gbase-t-10gbe-pcie-gen3-x4-soporte-de-perfil-bajo-precargado-soportes-planos-de-perfil-bajo-y-de-altura-completa-incluidos\/","og_site_name":"Compuviper","article_publisher":"https:\/\/www.facebook.com\/compuviper","og_image":[{"width":200,"height":200,"url":"https:\/\/compuviper.mx\/tienda\/wp-content\/uploads\/2024\/09\/Tarjeta-de-expansion-qnap-qxg-10g1t-single-port-10gbase-t-10gbe-pcie-gen3-x4-soporte-de-perfil-bajo-precargado-soportes-planos-de-perfil-bajo-y-de-altura-completa-incluidos.jpg","type":"image\/jpeg"}],"twitter_card":"summary_large_image","twitter_misc":{"Precio":"&#36;2,745 con IVA","Availability":"On backorder"},"schema":{"@context":"https:\/\/schema.org","@graph":[{"@type":"WebPage","@id":"https:\/\/compuviper.mx\/tienda\/producto\/qnap-qxg-10g1t-tarjeta-de-expansion-single-port-10gbase-t-10gbe-pcie-gen3-x4-soporte-de-perfil-bajo-precargado-soportes-planos-de-perfil-bajo-y-de-altura-completa-incluidos\/","url":"https:\/\/compuviper.mx\/tienda\/producto\/qnap-qxg-10g1t-tarjeta-de-expansion-single-port-10gbase-t-10gbe-pcie-gen3-x4-soporte-de-perfil-bajo-precargado-soportes-planos-de-perfil-bajo-y-de-altura-completa-incluidos\/","name":"[ Qnap ] &#129351; Qxg-10g1t Tarjeta De Expansion \/ Single-port 10gbase-t \/ 10gbe \/ Pcie Gen3 X4 \/ Soporte De Perfil Bajo Precargado \/ Soportes Planos De Perfil Bajo Y De Altura Completa Incluidos","isPartOf":{"@id":"https:\/\/compuviper.mx\/tienda\/#website"},"datePublished":"2026-04-18T07:11:49+00:00","dateModified":"2026-04-18T07:11:49+00:00","description":"Compra Qxg-10g1t Tarjeta De Expansion \/ Single-port 10gbase-t \/ 10gbe \/ Pcie Gen3 X4 \/ Soporte De Perfil Bajo Precargado \/ Soportes Planos De Perfil Bajo Y De Altura Completa Incluidos + Env\u00edo a domicilio + Pago seguro + Garant\u00eda","breadcrumb":{"@id":"https:\/\/compuviper.mx\/tienda\/producto\/qnap-qxg-10g1t-tarjeta-de-expansion-single-port-10gbase-t-10gbe-pcie-gen3-x4-soporte-de-perfil-bajo-precargado-soportes-planos-de-perfil-bajo-y-de-altura-completa-incluidos\/#breadcrumb"},"inLanguage":"es-MX","potentialAction":[{"@type":"ReadAction","target":["https:\/\/compuviper.mx\/tienda\/producto\/qnap-qxg-10g1t-tarjeta-de-expansion-single-port-10gbase-t-10gbe-pcie-gen3-x4-soporte-de-perfil-bajo-precargado-soportes-planos-de-perfil-bajo-y-de-altura-completa-incluidos\/"]}]},{"@type":"BreadcrumbList","@id":"https:\/\/compuviper.mx\/tienda\/producto\/qnap-qxg-10g1t-tarjeta-de-expansion-single-port-10gbase-t-10gbe-pcie-gen3-x4-soporte-de-perfil-bajo-precargado-soportes-planos-de-perfil-bajo-y-de-altura-completa-incluidos\/#breadcrumb","itemListElement":[{"@type":"ListItem","position":1,"name":"Inicio","item":"https:\/\/compuviper.mx\/tienda\/"},{"@type":"ListItem","position":2,"name":"Productos","item":"https:\/\/compuviper.mx\/tienda\/productos\/"},{"@type":"ListItem","position":3,"name":"Redes","item":"https:\/\/compuviper.mx\/tienda\/categoria-producto\/redes\/"},{"@type":"ListItem","position":4,"name":"Tarjetas De Red","item":"https:\/\/compuviper.mx\/tienda\/categoria-producto\/redes\/tarjetas-de-red\/"},{"@type":"ListItem","position":5,"name":"Qnap Qxg-10g1t Tarjeta De Expansion \/ Single-port 10gbase-t \/ 10gbe \/ Pcie Gen3 X4 \/ Soporte De Perfil Bajo Precargado \/ Soportes Planos De Perfil Bajo Y De Altura Completa Incluidos"}]},{"@type":"WebSite","@id":"https:\/\/compuviper.mx\/tienda\/#website","url":"https:\/\/compuviper.mx\/tienda\/","name":"Compuviper","description":"Proveedor de Computadoras, Laptops, Servidores, Monitores, Puntos de Venta, Teclados,   Impresoras, T\u00f3ner, C\u00e1maras de Seguridad y m\u00e1s en tu tienda en l\u00ednea","publisher":{"@id":"https:\/\/compuviper.mx\/tienda\/#organization"},"potentialAction":[{"@type":"SearchAction","target":{"@type":"EntryPoint","urlTemplate":"https:\/\/compuviper.mx\/tienda\/?s={search_term_string}"},"query-input":"required name=search_term_string"}],"inLanguage":"es-MX"},{"@type":"Organization","@id":"https:\/\/compuviper.mx\/tienda\/#organization","name":"Compuviper","url":"https:\/\/compuviper.mx\/tienda\/","logo":{"@type":"ImageObject","inLanguage":"es-MX","@id":"https:\/\/compuviper.mx\/tienda\/#\/schema\/logo\/image\/","url":"https:\/\/compuviper.mx\/tienda\/wp-content\/uploads\/2021\/08\/Logo-Compuviper-10.png","contentUrl":"https:\/\/compuviper.mx\/tienda\/wp-content\/uploads\/2021\/08\/Logo-Compuviper-10.png","width":1000,"height":500,"caption":"Compuviper"},"image":{"@id":"https:\/\/compuviper.mx\/tienda\/#\/schema\/logo\/image\/"},"sameAs":["https:\/\/www.facebook.com\/compuviper","https:\/\/www.youtube.com\/channel\/UCf73dERp9Y3cfOq7q8BhLjA?view_as=subscriber"]}]},"product_brand":"Qnap","product_price_amount":"2745","product_price_currency":"MXN","og_availability":"backorder","product_availability":"available for order","product_retailer_item_id":"QXG-10G1T","product_condition":"new"},"_links":{"self":[{"href":"https:\/\/compuviper.mx\/tienda\/wp-json\/wp\/v2\/product\/235021"}],"collection":[{"href":"https:\/\/compuviper.mx\/tienda\/wp-json\/wp\/v2\/product"}],"about":[{"href":"https:\/\/compuviper.mx\/tienda\/wp-json\/wp\/v2\/types\/product"}],"replies":[{"embeddable":true,"href":"https:\/\/compuviper.mx\/tienda\/wp-json\/wp\/v2\/comments?post=235021"}],"wp:featuredmedia":[{"embeddable":true,"href":"https:\/\/compuviper.mx\/tienda\/wp-json\/wp\/v2\/media\/242859"}],"wp:attachment":[{"href":"https:\/\/compuviper.mx\/tienda\/wp-json\/wp\/v2\/media?parent=235021"}],"wp:term":[{"taxonomy":"product_cat","embeddable":true,"href":"https:\/\/compuviper.mx\/tienda\/wp-json\/wp\/v2\/product_cat?post=235021"},{"taxonomy":"product_tag","embeddable":true,"href":"https:\/\/compuviper.mx\/tienda\/wp-json\/wp\/v2\/product_tag?post=235021"}],"curies":[{"name":"wp","href":"https:\/\/api.w.org\/{rel}","templated":true}]}}