{"id":234981,"date":"2026-04-07T00:28:21","date_gmt":"2026-04-07T06:28:21","guid":{"rendered":"https:\/\/compuviper.mx\/tienda\/producto\/cyberpower-ols10kert5u-nema-no-break-ols10kert5u-10000-va-10000-watts-doble-conversion-en-linea-online-rack-torre-2-x-nema-l6-20r-2-x-nema-l6-30r\/"},"modified":"2026-04-07T00:28:21","modified_gmt":"2026-04-07T06:28:21","slug":"cyberpower-ols10kert5u-nema-no-break-ols10kert5u-10000-va-10000-watts-doble-conversion-en-linea-online-rack-torre-2-x-nema-l6-20r-2-x-nema-l6-30r","status":"publish","type":"product","link":"https:\/\/compuviper.mx\/tienda\/producto\/cyberpower-ols10kert5u-nema-no-break-ols10kert5u-10000-va-10000-watts-doble-conversion-en-linea-online-rack-torre-2-x-nema-l6-20r-2-x-nema-l6-30r\/","title":{"rendered":"Cyberpower Ols10kert5u-nema No Break  (ols10kert5u) 10000 Va\/ 10000 Watts, Doble Conversion En Linea (online), Rack\/torre, 2 X Nema L6-20r, 2 X Nema L6-30r,"},"content":{"rendered":"<table class=\"descripcion\">\n<tr>\n<td>General<\/td>\n<\/tr>\n<tr>\n<td>Factor de forma                    rack\/torre<\/td>\n<\/tr>\n<tr>\n<td>Topolog\u00eda de ups                    doble conversi\u00f3n en linea<\/td>\n<\/tr>\n<tr>\n<td>Tecnolog\u00eda de ahorro de energia  eficiencia de modo eco en l\u00ednea   98%<\/td>\n<\/tr>\n<tr>\n<td>Compatible con active pfc           si<\/td>\n<\/tr>\n<tr>\n<td>Compatatible con generador           si<\/td>\n<\/tr>\n<tr>\n<td>Voltaje nominal de entrada (vac)          230<\/td>\n<\/tr>\n<tr>\n<td>Rango de voltaje de entrada (vac)          110 ~ 300<\/td>\n<\/tr>\n<tr>\n<td>Frecuencia de entrada (hz)                   50, 60<\/td>\n<\/tr>\n<tr>\n<td>Deteccion de frecuencia de entrada  sensor automatico<\/td>\n<\/tr>\n<tr>\n<td>Corriente de entrada nominal (a)           49.5<\/td>\n<\/tr>\n<tr>\n<td>Factor de potencia de entrada    .99<\/td>\n<\/tr>\n<tr>\n<td>Tipo de conector de entrada            bloque de terminales de cableado permanente<\/td>\n<\/tr>\n<tr>\n<td>Salida<\/td>\n<\/tr>\n<tr>\n<td>Capacidad (va)             10000<\/td>\n<\/tr>\n<tr>\n<td>Capacidad (watts)            10000<\/td>\n<\/tr>\n<tr>\n<td>Forma de onda en bateria   onda senoidal pura<\/td>\n<\/tr>\n<tr>\n<td>Voltaje(s) en bateria (vac)   200 \u00b1 1%, 208 \u00b1 1%, 220 \u00b1 1%, 230 \u00b1 1%, 240 \u00b1 1%<\/td>\n<\/tr>\n<tr>\n<td>Ajustes de voltade de salida         configurable<\/td>\n<\/tr>\n<tr>\n<td>Frecuencia en bateria (hz)   50 \u00b1 0.5%, 60 \u00b1 0.5%<\/td>\n<\/tr>\n<tr>\n<td>Ajustes de frecuencia de salida configurable<\/td>\n<\/tr>\n<tr>\n<td>Factor de potencia    1<\/td>\n<\/tr>\n<tr>\n<td>Proteccion contra sobrecargas    limitacion de voltaje interna, disyuntor, fusible<\/td>\n<\/tr>\n<tr>\n<td>Bateria<\/td>\n<\/tr>\n<tr>\n<td>Tiempo de ejecucion a media carga (min)        11.2<\/td>\n<\/tr>\n<tr>\n<td>Tiempo de ejecucion a carga completa (min)  2.9<\/td>\n<\/tr>\n<tr>\n<td>Tiempo de recarga tipico (horas)                   4<\/td>\n<\/tr>\n<tr>\n<td>Corrente de carga ajustable (a)                   1 ~ 4<\/td>\n<\/tr>\n<tr>\n<td>Gestion inteligente de baterias (sbm)           si<\/td>\n<\/tr>\n<tr>\n<td>Reemplazable por el usuario                    si<\/td>\n<\/tr>\n<tr>\n<td>Intecrcambiables en caliente                    si<\/td>\n<\/tr>\n<tr>\n<td>Tipo de bateria                                      plomo acido sellada<\/td>\n<\/tr>\n<tr>\n<td>Modulos de bateria exptendida compatibles (ebm) bps240v9art3u<\/td>\n<\/tr>\n<tr>\n<td>Cantidad de ebm maximo (pzas)                    10<\/td>\n<\/tr>\n<tr>\n<td>Proteccion contra sobretensiones y filtrado<\/td>\n<\/tr>\n<tr>\n<td>Supresion de sobretensiones (joules)   1335<\/td>\n<\/tr>\n<tr>\n<td>Filtracion emi y rfi                             si<\/td>\n<\/tr>\n<tr>\n<td>Fisico<\/td>\n<\/tr>\n<tr>\n<td>Tama\u00f1o fisico \u0096 modulo de ups<\/td>\n<\/tr>\n<tr>\n<td>Dimensiones (anxalxp) (mm.)  433 x 213.5 x 661<\/td>\n<\/tr>\n<tr>\n<td>Peso (kg.)                            80<\/td>\n<\/tr>\n<tr>\n<td>Altura del rack instalado (u)  5<\/td>\n<\/tr>\n<tr>\n<td>Certificaciones<\/td>\n<\/tr>\n<tr>\n<td>Certificaciones    ce<\/td>\n<\/tr>\n<tr>\n<td>Rohs                     si<\/td>\n<\/tr>\n<\/table>\n","protected":false},"excerpt":{"rendered":"<p>El ups doble conversion en linea con tarjeta de nube remota incorporada para una facil supervision y gestion remora dise\u00f1ada para aplicaciones de oficina y centros de datos, la serie smart app online s (avancado) adopta una topologia de doble conversion en linea para proporcionar una salida perfecta de onda senoidal pura. El factor de portencia de salida del ups es 1, lo que significa que es capaz de conectar a mas gargas criticas y ahorrar mas espacio en rack que los sistemas ups convencionales. Los productos cuentan con capacidad de expansion paralela para alcanzar una mayor capacidad y proteger los sistemas contra fallas de nergia medianta redundancia.<\/p>\n","protected":false},"featured_media":242576,"comment_status":"open","ping_status":"open","template":"","meta":[],"product_cat":[1508,1691],"product_tag":[1692],"acf":[],"yoast_head":"<!-- This site is optimized with the Yoast SEO plugin v21.7 - https:\/\/yoast.com\/wordpress\/plugins\/seo\/ -->\n<title>[ Cyberpower ] &#129351; Ols10kert5u-nema No Break (ols10kert5u) 10000 Va\/ 10000 Watts, Doble Conversion En Linea (online), Rack\/torre, 2 X Nema L6-20r, 2 X Nema L6-30r,<\/title>\n<meta name=\"description\" content=\"Compra Ols10kert5u-nema No Break (ols10kert5u) 10000 Va\/ 10000 Watts, Doble Conversion En Linea (online), Rack\/torre, 2 X Nema L6-20r, 2 X Nema L6-30r, + Env\u00edo a domicilio + Pago seguro + Garant\u00eda\" \/>\n<meta name=\"robots\" content=\"index, follow, max-snippet:-1, max-image-preview:large, max-video-preview:-1\" \/>\n<link rel=\"canonical\" href=\"https:\/\/compuviper.mx\/tienda\/producto\/cyberpower-ols10kert5u-nema-no-break-ols10kert5u-10000-va-10000-watts-doble-conversion-en-linea-online-rack-torre-2-x-nema-l6-20r-2-x-nema-l6-30r\/\" \/>\n<meta property=\"og:locale\" content=\"es_MX\" \/>\n<meta property=\"og:type\" content=\"article\" \/>\n<meta property=\"og:title\" content=\"[ Cyberpower ] &#129351; Ols10kert5u-nema No Break (ols10kert5u) 10000 Va\/ 10000 Watts, Doble Conversion En Linea (online), Rack\/torre, 2 X Nema L6-20r, 2 X Nema L6-30r,\" \/>\n<meta property=\"og:description\" content=\"Compra Ols10kert5u-nema No Break (ols10kert5u) 10000 Va\/ 10000 Watts, Doble Conversion En Linea (online), Rack\/torre, 2 X Nema L6-20r, 2 X Nema L6-30r, + Env\u00edo a domicilio + Pago seguro + Garant\u00eda\" \/>\n<meta property=\"og:url\" content=\"https:\/\/compuviper.mx\/tienda\/producto\/cyberpower-ols10kert5u-nema-no-break-ols10kert5u-10000-va-10000-watts-doble-conversion-en-linea-online-rack-torre-2-x-nema-l6-20r-2-x-nema-l6-30r\/\" \/>\n<meta property=\"og:site_name\" content=\"Compuviper\" \/>\n<meta property=\"article:publisher\" content=\"https:\/\/www.facebook.com\/compuviper\" \/>\n<meta property=\"og:image\" content=\"https:\/\/compuviper.mx\/tienda\/wp-content\/uploads\/2024\/09\/No-break-cyberpower-ols10kert5u-10000-va-10000-watts-doble-conversion-en-linea-online-racktorre-2-x-nema-l6-20r-2-x-nema-l6-30r.jpg\" \/>\n\t<meta property=\"og:image:width\" content=\"200\" \/>\n\t<meta property=\"og:image:height\" content=\"200\" \/>\n\t<meta property=\"og:image:type\" content=\"image\/jpeg\" \/>\n<meta name=\"twitter:card\" content=\"summary_large_image\" \/>\n<meta name=\"twitter:label1\" content=\"Precio\" \/>\n\t<meta name=\"twitter:data1\" content=\"&#36;51,181 con IVA\" \/>\n\t<meta name=\"twitter:label2\" content=\"Availability\" \/>\n\t<meta name=\"twitter:data2\" content=\"Out of stock\" \/>\n<script type=\"application\/ld+json\" class=\"yoast-schema-graph\">{\"@context\":\"https:\/\/schema.org\",\"@graph\":[{\"@type\":\"WebPage\",\"@id\":\"https:\/\/compuviper.mx\/tienda\/producto\/cyberpower-ols10kert5u-nema-no-break-ols10kert5u-10000-va-10000-watts-doble-conversion-en-linea-online-rack-torre-2-x-nema-l6-20r-2-x-nema-l6-30r\/\",\"url\":\"https:\/\/compuviper.mx\/tienda\/producto\/cyberpower-ols10kert5u-nema-no-break-ols10kert5u-10000-va-10000-watts-doble-conversion-en-linea-online-rack-torre-2-x-nema-l6-20r-2-x-nema-l6-30r\/\",\"name\":\"[ Cyberpower ] &#129351; Ols10kert5u-nema No Break (ols10kert5u) 10000 Va\/ 10000 Watts, Doble Conversion En Linea (online), Rack\/torre, 2 X Nema L6-20r, 2 X Nema L6-30r,\",\"isPartOf\":{\"@id\":\"https:\/\/compuviper.mx\/tienda\/#website\"},\"datePublished\":\"2026-04-07T06:28:21+00:00\",\"dateModified\":\"2026-04-07T06:28:21+00:00\",\"description\":\"Compra Ols10kert5u-nema No Break (ols10kert5u) 10000 Va\/ 10000 Watts, Doble Conversion En Linea (online), Rack\/torre, 2 X Nema L6-20r, 2 X Nema L6-30r, + Env\u00edo a domicilio + Pago seguro + Garant\u00eda\",\"breadcrumb\":{\"@id\":\"https:\/\/compuviper.mx\/tienda\/producto\/cyberpower-ols10kert5u-nema-no-break-ols10kert5u-10000-va-10000-watts-doble-conversion-en-linea-online-rack-torre-2-x-nema-l6-20r-2-x-nema-l6-30r\/#breadcrumb\"},\"inLanguage\":\"es-MX\",\"potentialAction\":[{\"@type\":\"ReadAction\",\"target\":[\"https:\/\/compuviper.mx\/tienda\/producto\/cyberpower-ols10kert5u-nema-no-break-ols10kert5u-10000-va-10000-watts-doble-conversion-en-linea-online-rack-torre-2-x-nema-l6-20r-2-x-nema-l6-30r\/\"]}]},{\"@type\":\"BreadcrumbList\",\"@id\":\"https:\/\/compuviper.mx\/tienda\/producto\/cyberpower-ols10kert5u-nema-no-break-ols10kert5u-10000-va-10000-watts-doble-conversion-en-linea-online-rack-torre-2-x-nema-l6-20r-2-x-nema-l6-30r\/#breadcrumb\",\"itemListElement\":[{\"@type\":\"ListItem\",\"position\":1,\"name\":\"Inicio\",\"item\":\"https:\/\/compuviper.mx\/tienda\/\"},{\"@type\":\"ListItem\",\"position\":2,\"name\":\"Productos\",\"item\":\"https:\/\/compuviper.mx\/tienda\/productos\/\"},{\"@type\":\"ListItem\",\"position\":3,\"name\":\"Energia\",\"item\":\"https:\/\/compuviper.mx\/tienda\/categoria-producto\/energia\/\"},{\"@type\":\"ListItem\",\"position\":4,\"name\":\"No Break\",\"item\":\"https:\/\/compuviper.mx\/tienda\/categoria-producto\/energia\/no-break\/\"},{\"@type\":\"ListItem\",\"position\":5,\"name\":\"Cyberpower Ols10kert5u-nema No Break (ols10kert5u) 10000 Va\/ 10000 Watts, Doble Conversion En Linea (online), Rack\/torre, 2 X Nema L6-20r, 2 X Nema L6-30r,\"}]},{\"@type\":\"WebSite\",\"@id\":\"https:\/\/compuviper.mx\/tienda\/#website\",\"url\":\"https:\/\/compuviper.mx\/tienda\/\",\"name\":\"Compuviper\",\"description\":\"Proveedor de Computadoras, Laptops, Servidores, Monitores, Puntos de Venta, Teclados,   Impresoras, T\u00f3ner, C\u00e1maras de Seguridad y m\u00e1s en tu tienda en l\u00ednea\",\"publisher\":{\"@id\":\"https:\/\/compuviper.mx\/tienda\/#organization\"},\"potentialAction\":[{\"@type\":\"SearchAction\",\"target\":{\"@type\":\"EntryPoint\",\"urlTemplate\":\"https:\/\/compuviper.mx\/tienda\/?s={search_term_string}\"},\"query-input\":\"required name=search_term_string\"}],\"inLanguage\":\"es-MX\"},{\"@type\":\"Organization\",\"@id\":\"https:\/\/compuviper.mx\/tienda\/#organization\",\"name\":\"Compuviper\",\"url\":\"https:\/\/compuviper.mx\/tienda\/\",\"logo\":{\"@type\":\"ImageObject\",\"inLanguage\":\"es-MX\",\"@id\":\"https:\/\/compuviper.mx\/tienda\/#\/schema\/logo\/image\/\",\"url\":\"https:\/\/compuviper.mx\/tienda\/wp-content\/uploads\/2021\/08\/Logo-Compuviper-10.png\",\"contentUrl\":\"https:\/\/compuviper.mx\/tienda\/wp-content\/uploads\/2021\/08\/Logo-Compuviper-10.png\",\"width\":1000,\"height\":500,\"caption\":\"Compuviper\"},\"image\":{\"@id\":\"https:\/\/compuviper.mx\/tienda\/#\/schema\/logo\/image\/\"},\"sameAs\":[\"https:\/\/www.facebook.com\/compuviper\",\"https:\/\/www.youtube.com\/channel\/UCf73dERp9Y3cfOq7q8BhLjA?view_as=subscriber\"]}]}<\/script>\n<meta property=\"product:brand\" content=\"CYBERPOWER\" \/>\n<meta property=\"product:price:amount\" content=\"51181\" \/>\n<meta property=\"product:price:currency\" content=\"MXN\" \/>\n<meta property=\"og:availability\" content=\"out of stock\" \/>\n<meta property=\"product:availability\" content=\"out of stock\" \/>\n<meta property=\"product:retailer_item_id\" content=\"OLS10KERT5U-NEMA\" \/>\n<meta property=\"product:condition\" content=\"new\" \/>\n<!-- \/ Yoast SEO plugin. -->","yoast_head_json":{"title":"[ Cyberpower ] &#129351; Ols10kert5u-nema No Break (ols10kert5u) 10000 Va\/ 10000 Watts, Doble Conversion En Linea (online), Rack\/torre, 2 X Nema L6-20r, 2 X Nema L6-30r,","description":"Compra Ols10kert5u-nema No Break (ols10kert5u) 10000 Va\/ 10000 Watts, Doble Conversion En Linea (online), Rack\/torre, 2 X Nema L6-20r, 2 X Nema L6-30r, + Env\u00edo a domicilio + Pago seguro + Garant\u00eda","robots":{"index":"index","follow":"follow","max-snippet":"max-snippet:-1","max-image-preview":"max-image-preview:large","max-video-preview":"max-video-preview:-1"},"canonical":"https:\/\/compuviper.mx\/tienda\/producto\/cyberpower-ols10kert5u-nema-no-break-ols10kert5u-10000-va-10000-watts-doble-conversion-en-linea-online-rack-torre-2-x-nema-l6-20r-2-x-nema-l6-30r\/","og_locale":"es_MX","og_type":"article","og_title":"[ Cyberpower ] &#129351; Ols10kert5u-nema No Break (ols10kert5u) 10000 Va\/ 10000 Watts, Doble Conversion En Linea (online), Rack\/torre, 2 X Nema L6-20r, 2 X Nema L6-30r,","og_description":"Compra Ols10kert5u-nema No Break (ols10kert5u) 10000 Va\/ 10000 Watts, Doble Conversion En Linea (online), Rack\/torre, 2 X Nema L6-20r, 2 X Nema L6-30r, + Env\u00edo a domicilio + Pago seguro + Garant\u00eda","og_url":"https:\/\/compuviper.mx\/tienda\/producto\/cyberpower-ols10kert5u-nema-no-break-ols10kert5u-10000-va-10000-watts-doble-conversion-en-linea-online-rack-torre-2-x-nema-l6-20r-2-x-nema-l6-30r\/","og_site_name":"Compuviper","article_publisher":"https:\/\/www.facebook.com\/compuviper","og_image":[{"width":200,"height":200,"url":"https:\/\/compuviper.mx\/tienda\/wp-content\/uploads\/2024\/09\/No-break-cyberpower-ols10kert5u-10000-va-10000-watts-doble-conversion-en-linea-online-racktorre-2-x-nema-l6-20r-2-x-nema-l6-30r.jpg","type":"image\/jpeg"}],"twitter_card":"summary_large_image","twitter_misc":{"Precio":"&#36;51,181 con IVA","Availability":"Out of stock"},"schema":{"@context":"https:\/\/schema.org","@graph":[{"@type":"WebPage","@id":"https:\/\/compuviper.mx\/tienda\/producto\/cyberpower-ols10kert5u-nema-no-break-ols10kert5u-10000-va-10000-watts-doble-conversion-en-linea-online-rack-torre-2-x-nema-l6-20r-2-x-nema-l6-30r\/","url":"https:\/\/compuviper.mx\/tienda\/producto\/cyberpower-ols10kert5u-nema-no-break-ols10kert5u-10000-va-10000-watts-doble-conversion-en-linea-online-rack-torre-2-x-nema-l6-20r-2-x-nema-l6-30r\/","name":"[ Cyberpower ] &#129351; Ols10kert5u-nema No Break (ols10kert5u) 10000 Va\/ 10000 Watts, Doble Conversion En Linea (online), Rack\/torre, 2 X Nema L6-20r, 2 X Nema L6-30r,","isPartOf":{"@id":"https:\/\/compuviper.mx\/tienda\/#website"},"datePublished":"2026-04-07T06:28:21+00:00","dateModified":"2026-04-07T06:28:21+00:00","description":"Compra Ols10kert5u-nema No Break (ols10kert5u) 10000 Va\/ 10000 Watts, Doble Conversion En Linea (online), Rack\/torre, 2 X Nema L6-20r, 2 X Nema L6-30r, + Env\u00edo a domicilio + Pago seguro + Garant\u00eda","breadcrumb":{"@id":"https:\/\/compuviper.mx\/tienda\/producto\/cyberpower-ols10kert5u-nema-no-break-ols10kert5u-10000-va-10000-watts-doble-conversion-en-linea-online-rack-torre-2-x-nema-l6-20r-2-x-nema-l6-30r\/#breadcrumb"},"inLanguage":"es-MX","potentialAction":[{"@type":"ReadAction","target":["https:\/\/compuviper.mx\/tienda\/producto\/cyberpower-ols10kert5u-nema-no-break-ols10kert5u-10000-va-10000-watts-doble-conversion-en-linea-online-rack-torre-2-x-nema-l6-20r-2-x-nema-l6-30r\/"]}]},{"@type":"BreadcrumbList","@id":"https:\/\/compuviper.mx\/tienda\/producto\/cyberpower-ols10kert5u-nema-no-break-ols10kert5u-10000-va-10000-watts-doble-conversion-en-linea-online-rack-torre-2-x-nema-l6-20r-2-x-nema-l6-30r\/#breadcrumb","itemListElement":[{"@type":"ListItem","position":1,"name":"Inicio","item":"https:\/\/compuviper.mx\/tienda\/"},{"@type":"ListItem","position":2,"name":"Productos","item":"https:\/\/compuviper.mx\/tienda\/productos\/"},{"@type":"ListItem","position":3,"name":"Energia","item":"https:\/\/compuviper.mx\/tienda\/categoria-producto\/energia\/"},{"@type":"ListItem","position":4,"name":"No Break","item":"https:\/\/compuviper.mx\/tienda\/categoria-producto\/energia\/no-break\/"},{"@type":"ListItem","position":5,"name":"Cyberpower Ols10kert5u-nema No Break (ols10kert5u) 10000 Va\/ 10000 Watts, Doble Conversion En Linea (online), Rack\/torre, 2 X Nema L6-20r, 2 X Nema L6-30r,"}]},{"@type":"WebSite","@id":"https:\/\/compuviper.mx\/tienda\/#website","url":"https:\/\/compuviper.mx\/tienda\/","name":"Compuviper","description":"Proveedor de Computadoras, Laptops, Servidores, Monitores, Puntos de Venta, Teclados,   Impresoras, T\u00f3ner, C\u00e1maras de Seguridad y m\u00e1s en tu tienda en l\u00ednea","publisher":{"@id":"https:\/\/compuviper.mx\/tienda\/#organization"},"potentialAction":[{"@type":"SearchAction","target":{"@type":"EntryPoint","urlTemplate":"https:\/\/compuviper.mx\/tienda\/?s={search_term_string}"},"query-input":"required name=search_term_string"}],"inLanguage":"es-MX"},{"@type":"Organization","@id":"https:\/\/compuviper.mx\/tienda\/#organization","name":"Compuviper","url":"https:\/\/compuviper.mx\/tienda\/","logo":{"@type":"ImageObject","inLanguage":"es-MX","@id":"https:\/\/compuviper.mx\/tienda\/#\/schema\/logo\/image\/","url":"https:\/\/compuviper.mx\/tienda\/wp-content\/uploads\/2021\/08\/Logo-Compuviper-10.png","contentUrl":"https:\/\/compuviper.mx\/tienda\/wp-content\/uploads\/2021\/08\/Logo-Compuviper-10.png","width":1000,"height":500,"caption":"Compuviper"},"image":{"@id":"https:\/\/compuviper.mx\/tienda\/#\/schema\/logo\/image\/"},"sameAs":["https:\/\/www.facebook.com\/compuviper","https:\/\/www.youtube.com\/channel\/UCf73dERp9Y3cfOq7q8BhLjA?view_as=subscriber"]}]},"product_brand":"CYBERPOWER","product_price_amount":"51181","product_price_currency":"MXN","og_availability":"out of stock","product_availability":"out of stock","product_retailer_item_id":"OLS10KERT5U-NEMA","product_condition":"new"},"_links":{"self":[{"href":"https:\/\/compuviper.mx\/tienda\/wp-json\/wp\/v2\/product\/234981"}],"collection":[{"href":"https:\/\/compuviper.mx\/tienda\/wp-json\/wp\/v2\/product"}],"about":[{"href":"https:\/\/compuviper.mx\/tienda\/wp-json\/wp\/v2\/types\/product"}],"replies":[{"embeddable":true,"href":"https:\/\/compuviper.mx\/tienda\/wp-json\/wp\/v2\/comments?post=234981"}],"wp:featuredmedia":[{"embeddable":true,"href":"https:\/\/compuviper.mx\/tienda\/wp-json\/wp\/v2\/media\/242576"}],"wp:attachment":[{"href":"https:\/\/compuviper.mx\/tienda\/wp-json\/wp\/v2\/media?parent=234981"}],"wp:term":[{"taxonomy":"product_cat","embeddable":true,"href":"https:\/\/compuviper.mx\/tienda\/wp-json\/wp\/v2\/product_cat?post=234981"},{"taxonomy":"product_tag","embeddable":true,"href":"https:\/\/compuviper.mx\/tienda\/wp-json\/wp\/v2\/product_tag?post=234981"}],"curies":[{"name":"wp","href":"https:\/\/api.w.org\/{rel}","templated":true}]}}