{"id":234980,"date":"2026-04-07T00:28:20","date_gmt":"2026-04-07T06:28:20","guid":{"rendered":"https:\/\/compuviper.mx\/tienda\/producto\/cyberpower-ols6kert5u-nema-no-break-ols6kert5u-6000-va-6000-watts-doble-conversion-en-linea-online-rack-torre-2-x-nema-l6-20r-2-x-nema-l6-30r\/"},"modified":"2026-04-07T00:28:21","modified_gmt":"2026-04-07T06:28:21","slug":"cyberpower-ols6kert5u-nema-no-break-ols6kert5u-6000-va-6000-watts-doble-conversion-en-linea-online-rack-torre-2-x-nema-l6-20r-2-x-nema-l6-30r","status":"publish","type":"product","link":"https:\/\/compuviper.mx\/tienda\/producto\/cyberpower-ols6kert5u-nema-no-break-ols6kert5u-6000-va-6000-watts-doble-conversion-en-linea-online-rack-torre-2-x-nema-l6-20r-2-x-nema-l6-30r\/","title":{"rendered":"Cyberpower Ols6kert5u-nema No Break  (ols6kert5u) 6000 Va\/ 6000 Watts, Doble Conversion En Linea (online), Rack\/torre, 2 X Nema L6-20r, 2 X Nema L6-30r,"},"content":{"rendered":"<table class=\"descripcion\">\n<tr>\n<td>El ups doble conversion en linea con tarjeta de nube remota incorporada para una facil supervision y gestion remora dise\u00f1ada para aplicaciones de oficina y centros de datos, la serie smart app online s (avancado) adopta una topologia de doble conversion en linea para proporcionar una salida perfecta de onda senoidal pura. el factor de portencia de salida del ups es 1, lo que significa que es capaz de conectar a mas gargas criticas y ahorrar mas espacio en rack que los sistemas ups convencionales. los productos cuentan con capacidad de expansion paralela para alcanzar una mayor capacidad y proteger los sistemas contra fallas de nergia medianta redundancia.<\/td>\n<\/tr>\n<\/table>\n","protected":false},"excerpt":{"rendered":"<p>General. Factor de forma                    rack\/torre. Topolog\u00eda de ups                    doble conversi\u00f3n en linea. Tecnolog\u00eda de ahorro de energia  eficiencia de modo eco en l\u00ednea   98. Compatible con active pfc   si. Entrada. Compatatible con generador    si. Voltaje nominal de entrada (vac)  230. Rango de voltaje de entrada (vac)   110 ~ 300. Frecuencia de entrada (hz)   50, 60. Deteccion de frecuencia de entrada  sensor automatico. Corriente de entrada nominal (a)  30. Factor de potencia de entrada   .99. Tipo de conector de entrada   bloque de terminales de cableado permanente. Salida. Capacidad (va)     6000. Capacidad (watts)    6000. Forma de onda en bateria   onda senoidal pura. Voltaje(s) en bateria (vac)   200 \u00b1 1%, 208 \u00b1 1%, 220 \u00b1 1%, 230 \u00b1 1%, 240 \u00b1 1. Ajustes de voltade de salida   configurable. Frecuencia en bateria (hz)   50 \u00b1 0.5%, 60 \u00b1 0.5. Ajustes de frecuencia de salida  configurable. Factor de potencia    1. Proteccion contra sobrecargas                          limitacion de voltaje interna, disyuntor, fusible. Bateria. Tiempo de ejecucion a media carga (min)  17.7. Tiempo de ejecucion a carga completa (min)  5.6. Tiempo de recarga tipico (horas)   4. Corrente de carga ajustable (a)   1 ~ 4. Gestion inteligente de baterias (sbm)   si. Reemplazable por el usuario    si. Intecrcambiables en caliente    si. Tipo de bateria      plomo acido sellada. Modulos de bateria exptendida compatibles (ebm) bps240v7art3u. Cantidad de ebm maximo (pzas)    10. Proteccion contra sobretensiones y filtrado. Supresion de sobretensiones (joules)   1335. Filtracion emi y rfi     si. Fisico. Tama\u00f1o fisico \u0096 modulo de ups. Dimensiones (anxalxp) (mm.)  433 x 213.5 x 661. Peso (kg.)    69. Altura del rack instalado (u)  5. Certificaciones. Certificaciones    ce. Rohs                     si<\/p>\n","protected":false},"featured_media":242575,"comment_status":"open","ping_status":"open","template":"","meta":[],"product_cat":[1508,1691],"product_tag":[1692],"acf":[],"yoast_head":"<!-- This site is optimized with the Yoast SEO plugin v21.7 - https:\/\/yoast.com\/wordpress\/plugins\/seo\/ -->\n<title>[ Cyberpower ] &#129351; Ols6kert5u-nema No Break (ols6kert5u) 6000 Va\/ 6000 Watts, Doble Conversion En Linea (online), Rack\/torre, 2 X Nema L6-20r, 2 X Nema L6-30r,<\/title>\n<meta name=\"description\" content=\"Compra Ols6kert5u-nema No Break (ols6kert5u) 6000 Va\/ 6000 Watts, Doble Conversion En Linea (online), Rack\/torre, 2 X Nema L6-20r, 2 X Nema L6-30r, + Env\u00edo a domicilio + Pago seguro + Garant\u00eda\" \/>\n<meta name=\"robots\" content=\"index, follow, max-snippet:-1, max-image-preview:large, max-video-preview:-1\" \/>\n<link rel=\"canonical\" href=\"https:\/\/compuviper.mx\/tienda\/producto\/cyberpower-ols6kert5u-nema-no-break-ols6kert5u-6000-va-6000-watts-doble-conversion-en-linea-online-rack-torre-2-x-nema-l6-20r-2-x-nema-l6-30r\/\" \/>\n<meta property=\"og:locale\" content=\"es_MX\" \/>\n<meta property=\"og:type\" content=\"article\" \/>\n<meta property=\"og:title\" content=\"[ Cyberpower ] &#129351; Ols6kert5u-nema No Break (ols6kert5u) 6000 Va\/ 6000 Watts, Doble Conversion En Linea (online), Rack\/torre, 2 X Nema L6-20r, 2 X Nema L6-30r,\" \/>\n<meta property=\"og:description\" content=\"Compra Ols6kert5u-nema No Break (ols6kert5u) 6000 Va\/ 6000 Watts, Doble Conversion En Linea (online), Rack\/torre, 2 X Nema L6-20r, 2 X Nema L6-30r, + Env\u00edo a domicilio + Pago seguro + Garant\u00eda\" \/>\n<meta property=\"og:url\" content=\"https:\/\/compuviper.mx\/tienda\/producto\/cyberpower-ols6kert5u-nema-no-break-ols6kert5u-6000-va-6000-watts-doble-conversion-en-linea-online-rack-torre-2-x-nema-l6-20r-2-x-nema-l6-30r\/\" \/>\n<meta property=\"og:site_name\" content=\"Compuviper\" \/>\n<meta property=\"article:publisher\" content=\"https:\/\/www.facebook.com\/compuviper\" \/>\n<meta property=\"article:modified_time\" content=\"2026-04-07T06:28:21+00:00\" \/>\n<meta property=\"og:image\" content=\"https:\/\/compuviper.mx\/tienda\/wp-content\/uploads\/2024\/09\/No-break-cyberpower-ols6kert5u-6000-va-6000-watts-doble-conversion-en-linea-online-racktorre-2-x-nema-l6-20r-2-x-nema-l6-30r.jpg\" \/>\n\t<meta property=\"og:image:width\" content=\"200\" \/>\n\t<meta property=\"og:image:height\" content=\"200\" \/>\n\t<meta property=\"og:image:type\" content=\"image\/jpeg\" \/>\n<meta name=\"twitter:card\" content=\"summary_large_image\" \/>\n<meta name=\"twitter:label1\" content=\"Precio\" \/>\n\t<meta name=\"twitter:data1\" content=\"&#36;40,519 con IVA\" \/>\n\t<meta name=\"twitter:label2\" content=\"Availability\" \/>\n\t<meta name=\"twitter:data2\" content=\"Out of stock\" \/>\n<script type=\"application\/ld+json\" class=\"yoast-schema-graph\">{\"@context\":\"https:\/\/schema.org\",\"@graph\":[{\"@type\":\"WebPage\",\"@id\":\"https:\/\/compuviper.mx\/tienda\/producto\/cyberpower-ols6kert5u-nema-no-break-ols6kert5u-6000-va-6000-watts-doble-conversion-en-linea-online-rack-torre-2-x-nema-l6-20r-2-x-nema-l6-30r\/\",\"url\":\"https:\/\/compuviper.mx\/tienda\/producto\/cyberpower-ols6kert5u-nema-no-break-ols6kert5u-6000-va-6000-watts-doble-conversion-en-linea-online-rack-torre-2-x-nema-l6-20r-2-x-nema-l6-30r\/\",\"name\":\"[ Cyberpower ] &#129351; Ols6kert5u-nema No Break (ols6kert5u) 6000 Va\/ 6000 Watts, Doble Conversion En Linea (online), Rack\/torre, 2 X Nema L6-20r, 2 X Nema L6-30r,\",\"isPartOf\":{\"@id\":\"https:\/\/compuviper.mx\/tienda\/#website\"},\"datePublished\":\"2026-04-07T06:28:20+00:00\",\"dateModified\":\"2026-04-07T06:28:21+00:00\",\"description\":\"Compra Ols6kert5u-nema No Break (ols6kert5u) 6000 Va\/ 6000 Watts, Doble Conversion En Linea (online), Rack\/torre, 2 X Nema L6-20r, 2 X Nema L6-30r, + Env\u00edo a domicilio + Pago seguro + Garant\u00eda\",\"breadcrumb\":{\"@id\":\"https:\/\/compuviper.mx\/tienda\/producto\/cyberpower-ols6kert5u-nema-no-break-ols6kert5u-6000-va-6000-watts-doble-conversion-en-linea-online-rack-torre-2-x-nema-l6-20r-2-x-nema-l6-30r\/#breadcrumb\"},\"inLanguage\":\"es-MX\",\"potentialAction\":[{\"@type\":\"ReadAction\",\"target\":[\"https:\/\/compuviper.mx\/tienda\/producto\/cyberpower-ols6kert5u-nema-no-break-ols6kert5u-6000-va-6000-watts-doble-conversion-en-linea-online-rack-torre-2-x-nema-l6-20r-2-x-nema-l6-30r\/\"]}]},{\"@type\":\"BreadcrumbList\",\"@id\":\"https:\/\/compuviper.mx\/tienda\/producto\/cyberpower-ols6kert5u-nema-no-break-ols6kert5u-6000-va-6000-watts-doble-conversion-en-linea-online-rack-torre-2-x-nema-l6-20r-2-x-nema-l6-30r\/#breadcrumb\",\"itemListElement\":[{\"@type\":\"ListItem\",\"position\":1,\"name\":\"Inicio\",\"item\":\"https:\/\/compuviper.mx\/tienda\/\"},{\"@type\":\"ListItem\",\"position\":2,\"name\":\"Productos\",\"item\":\"https:\/\/compuviper.mx\/tienda\/productos\/\"},{\"@type\":\"ListItem\",\"position\":3,\"name\":\"Energia\",\"item\":\"https:\/\/compuviper.mx\/tienda\/categoria-producto\/energia\/\"},{\"@type\":\"ListItem\",\"position\":4,\"name\":\"No Break\",\"item\":\"https:\/\/compuviper.mx\/tienda\/categoria-producto\/energia\/no-break\/\"},{\"@type\":\"ListItem\",\"position\":5,\"name\":\"Cyberpower Ols6kert5u-nema No Break (ols6kert5u) 6000 Va\/ 6000 Watts, Doble Conversion En Linea (online), Rack\/torre, 2 X Nema L6-20r, 2 X Nema L6-30r,\"}]},{\"@type\":\"WebSite\",\"@id\":\"https:\/\/compuviper.mx\/tienda\/#website\",\"url\":\"https:\/\/compuviper.mx\/tienda\/\",\"name\":\"Compuviper\",\"description\":\"Proveedor de Computadoras, Laptops, Servidores, Monitores, Puntos de Venta, Teclados,   Impresoras, T\u00f3ner, C\u00e1maras de Seguridad y m\u00e1s en tu tienda en l\u00ednea\",\"publisher\":{\"@id\":\"https:\/\/compuviper.mx\/tienda\/#organization\"},\"potentialAction\":[{\"@type\":\"SearchAction\",\"target\":{\"@type\":\"EntryPoint\",\"urlTemplate\":\"https:\/\/compuviper.mx\/tienda\/?s={search_term_string}\"},\"query-input\":\"required name=search_term_string\"}],\"inLanguage\":\"es-MX\"},{\"@type\":\"Organization\",\"@id\":\"https:\/\/compuviper.mx\/tienda\/#organization\",\"name\":\"Compuviper\",\"url\":\"https:\/\/compuviper.mx\/tienda\/\",\"logo\":{\"@type\":\"ImageObject\",\"inLanguage\":\"es-MX\",\"@id\":\"https:\/\/compuviper.mx\/tienda\/#\/schema\/logo\/image\/\",\"url\":\"https:\/\/compuviper.mx\/tienda\/wp-content\/uploads\/2021\/08\/Logo-Compuviper-10.png\",\"contentUrl\":\"https:\/\/compuviper.mx\/tienda\/wp-content\/uploads\/2021\/08\/Logo-Compuviper-10.png\",\"width\":1000,\"height\":500,\"caption\":\"Compuviper\"},\"image\":{\"@id\":\"https:\/\/compuviper.mx\/tienda\/#\/schema\/logo\/image\/\"},\"sameAs\":[\"https:\/\/www.facebook.com\/compuviper\",\"https:\/\/www.youtube.com\/channel\/UCf73dERp9Y3cfOq7q8BhLjA?view_as=subscriber\"]}]}<\/script>\n<meta property=\"product:brand\" content=\"CYBERPOWER\" \/>\n<meta property=\"product:price:amount\" content=\"40519\" \/>\n<meta property=\"product:price:currency\" content=\"MXN\" \/>\n<meta property=\"og:availability\" content=\"out of stock\" \/>\n<meta property=\"product:availability\" content=\"out of stock\" \/>\n<meta property=\"product:retailer_item_id\" content=\"OLS6KERT5U-NEMA\" \/>\n<meta property=\"product:condition\" content=\"new\" \/>\n<!-- \/ Yoast SEO plugin. -->","yoast_head_json":{"title":"[ Cyberpower ] &#129351; Ols6kert5u-nema No Break (ols6kert5u) 6000 Va\/ 6000 Watts, Doble Conversion En Linea (online), Rack\/torre, 2 X Nema L6-20r, 2 X Nema L6-30r,","description":"Compra Ols6kert5u-nema No Break (ols6kert5u) 6000 Va\/ 6000 Watts, Doble Conversion En Linea (online), Rack\/torre, 2 X Nema L6-20r, 2 X Nema L6-30r, + Env\u00edo a domicilio + Pago seguro + Garant\u00eda","robots":{"index":"index","follow":"follow","max-snippet":"max-snippet:-1","max-image-preview":"max-image-preview:large","max-video-preview":"max-video-preview:-1"},"canonical":"https:\/\/compuviper.mx\/tienda\/producto\/cyberpower-ols6kert5u-nema-no-break-ols6kert5u-6000-va-6000-watts-doble-conversion-en-linea-online-rack-torre-2-x-nema-l6-20r-2-x-nema-l6-30r\/","og_locale":"es_MX","og_type":"article","og_title":"[ Cyberpower ] &#129351; Ols6kert5u-nema No Break (ols6kert5u) 6000 Va\/ 6000 Watts, Doble Conversion En Linea (online), Rack\/torre, 2 X Nema L6-20r, 2 X Nema L6-30r,","og_description":"Compra Ols6kert5u-nema No Break (ols6kert5u) 6000 Va\/ 6000 Watts, Doble Conversion En Linea (online), Rack\/torre, 2 X Nema L6-20r, 2 X Nema L6-30r, + Env\u00edo a domicilio + Pago seguro + Garant\u00eda","og_url":"https:\/\/compuviper.mx\/tienda\/producto\/cyberpower-ols6kert5u-nema-no-break-ols6kert5u-6000-va-6000-watts-doble-conversion-en-linea-online-rack-torre-2-x-nema-l6-20r-2-x-nema-l6-30r\/","og_site_name":"Compuviper","article_publisher":"https:\/\/www.facebook.com\/compuviper","article_modified_time":"2026-04-07T06:28:21+00:00","og_image":[{"width":200,"height":200,"url":"https:\/\/compuviper.mx\/tienda\/wp-content\/uploads\/2024\/09\/No-break-cyberpower-ols6kert5u-6000-va-6000-watts-doble-conversion-en-linea-online-racktorre-2-x-nema-l6-20r-2-x-nema-l6-30r.jpg","type":"image\/jpeg"}],"twitter_card":"summary_large_image","twitter_misc":{"Precio":"&#36;40,519 con IVA","Availability":"Out of stock"},"schema":{"@context":"https:\/\/schema.org","@graph":[{"@type":"WebPage","@id":"https:\/\/compuviper.mx\/tienda\/producto\/cyberpower-ols6kert5u-nema-no-break-ols6kert5u-6000-va-6000-watts-doble-conversion-en-linea-online-rack-torre-2-x-nema-l6-20r-2-x-nema-l6-30r\/","url":"https:\/\/compuviper.mx\/tienda\/producto\/cyberpower-ols6kert5u-nema-no-break-ols6kert5u-6000-va-6000-watts-doble-conversion-en-linea-online-rack-torre-2-x-nema-l6-20r-2-x-nema-l6-30r\/","name":"[ Cyberpower ] &#129351; Ols6kert5u-nema No Break (ols6kert5u) 6000 Va\/ 6000 Watts, Doble Conversion En Linea (online), Rack\/torre, 2 X Nema L6-20r, 2 X Nema L6-30r,","isPartOf":{"@id":"https:\/\/compuviper.mx\/tienda\/#website"},"datePublished":"2026-04-07T06:28:20+00:00","dateModified":"2026-04-07T06:28:21+00:00","description":"Compra Ols6kert5u-nema No Break (ols6kert5u) 6000 Va\/ 6000 Watts, Doble Conversion En Linea (online), Rack\/torre, 2 X Nema L6-20r, 2 X Nema L6-30r, + Env\u00edo a domicilio + Pago seguro + Garant\u00eda","breadcrumb":{"@id":"https:\/\/compuviper.mx\/tienda\/producto\/cyberpower-ols6kert5u-nema-no-break-ols6kert5u-6000-va-6000-watts-doble-conversion-en-linea-online-rack-torre-2-x-nema-l6-20r-2-x-nema-l6-30r\/#breadcrumb"},"inLanguage":"es-MX","potentialAction":[{"@type":"ReadAction","target":["https:\/\/compuviper.mx\/tienda\/producto\/cyberpower-ols6kert5u-nema-no-break-ols6kert5u-6000-va-6000-watts-doble-conversion-en-linea-online-rack-torre-2-x-nema-l6-20r-2-x-nema-l6-30r\/"]}]},{"@type":"BreadcrumbList","@id":"https:\/\/compuviper.mx\/tienda\/producto\/cyberpower-ols6kert5u-nema-no-break-ols6kert5u-6000-va-6000-watts-doble-conversion-en-linea-online-rack-torre-2-x-nema-l6-20r-2-x-nema-l6-30r\/#breadcrumb","itemListElement":[{"@type":"ListItem","position":1,"name":"Inicio","item":"https:\/\/compuviper.mx\/tienda\/"},{"@type":"ListItem","position":2,"name":"Productos","item":"https:\/\/compuviper.mx\/tienda\/productos\/"},{"@type":"ListItem","position":3,"name":"Energia","item":"https:\/\/compuviper.mx\/tienda\/categoria-producto\/energia\/"},{"@type":"ListItem","position":4,"name":"No Break","item":"https:\/\/compuviper.mx\/tienda\/categoria-producto\/energia\/no-break\/"},{"@type":"ListItem","position":5,"name":"Cyberpower Ols6kert5u-nema No Break (ols6kert5u) 6000 Va\/ 6000 Watts, Doble Conversion En Linea (online), Rack\/torre, 2 X Nema L6-20r, 2 X Nema L6-30r,"}]},{"@type":"WebSite","@id":"https:\/\/compuviper.mx\/tienda\/#website","url":"https:\/\/compuviper.mx\/tienda\/","name":"Compuviper","description":"Proveedor de Computadoras, Laptops, Servidores, Monitores, Puntos de Venta, Teclados,   Impresoras, T\u00f3ner, C\u00e1maras de Seguridad y m\u00e1s en tu tienda en l\u00ednea","publisher":{"@id":"https:\/\/compuviper.mx\/tienda\/#organization"},"potentialAction":[{"@type":"SearchAction","target":{"@type":"EntryPoint","urlTemplate":"https:\/\/compuviper.mx\/tienda\/?s={search_term_string}"},"query-input":"required name=search_term_string"}],"inLanguage":"es-MX"},{"@type":"Organization","@id":"https:\/\/compuviper.mx\/tienda\/#organization","name":"Compuviper","url":"https:\/\/compuviper.mx\/tienda\/","logo":{"@type":"ImageObject","inLanguage":"es-MX","@id":"https:\/\/compuviper.mx\/tienda\/#\/schema\/logo\/image\/","url":"https:\/\/compuviper.mx\/tienda\/wp-content\/uploads\/2021\/08\/Logo-Compuviper-10.png","contentUrl":"https:\/\/compuviper.mx\/tienda\/wp-content\/uploads\/2021\/08\/Logo-Compuviper-10.png","width":1000,"height":500,"caption":"Compuviper"},"image":{"@id":"https:\/\/compuviper.mx\/tienda\/#\/schema\/logo\/image\/"},"sameAs":["https:\/\/www.facebook.com\/compuviper","https:\/\/www.youtube.com\/channel\/UCf73dERp9Y3cfOq7q8BhLjA?view_as=subscriber"]}]},"product_brand":"CYBERPOWER","product_price_amount":"40519","product_price_currency":"MXN","og_availability":"out of stock","product_availability":"out of stock","product_retailer_item_id":"OLS6KERT5U-NEMA","product_condition":"new"},"_links":{"self":[{"href":"https:\/\/compuviper.mx\/tienda\/wp-json\/wp\/v2\/product\/234980"}],"collection":[{"href":"https:\/\/compuviper.mx\/tienda\/wp-json\/wp\/v2\/product"}],"about":[{"href":"https:\/\/compuviper.mx\/tienda\/wp-json\/wp\/v2\/types\/product"}],"replies":[{"embeddable":true,"href":"https:\/\/compuviper.mx\/tienda\/wp-json\/wp\/v2\/comments?post=234980"}],"wp:featuredmedia":[{"embeddable":true,"href":"https:\/\/compuviper.mx\/tienda\/wp-json\/wp\/v2\/media\/242575"}],"wp:attachment":[{"href":"https:\/\/compuviper.mx\/tienda\/wp-json\/wp\/v2\/media?parent=234980"}],"wp:term":[{"taxonomy":"product_cat","embeddable":true,"href":"https:\/\/compuviper.mx\/tienda\/wp-json\/wp\/v2\/product_cat?post=234980"},{"taxonomy":"product_tag","embeddable":true,"href":"https:\/\/compuviper.mx\/tienda\/wp-json\/wp\/v2\/product_tag?post=234980"}],"curies":[{"name":"wp","href":"https:\/\/api.w.org\/{rel}","templated":true}]}}