{"id":234976,"date":"2026-04-23T00:14:17","date_gmt":"2026-04-23T06:14:17","guid":{"rendered":"https:\/\/compuviper.mx\/tienda\/producto\/dahua-dh-hac-hdw1500tn-il-a-camara-ip-hac-hdw1500t-il-a-domo-de-5-megapixeles-iluminadores-duales-inteligentes-lente-de-2-8mm-106-de-apertura-40-mts-de-iluminacion-ir-y-luz-visible-super-adapt-micr\/"},"modified":"2026-04-23T00:14:17","modified_gmt":"2026-04-23T06:14:17","slug":"dahua-dh-hac-hdw1500tn-il-a-camara-analoga-hac-hdw1500t-il-a-domo-de-5-mp-iluminadores-duales-inteligentes-lente-de-2-8mm-106-de-apertura-40-mts-de-iluminacion-ir-y-luz-visible-super-adapt-microfono","status":"publish","type":"product","link":"https:\/\/compuviper.mx\/tienda\/producto\/dahua-dh-hac-hdw1500tn-il-a-camara-analoga-hac-hdw1500t-il-a-domo-de-5-mp-iluminadores-duales-inteligentes-lente-de-2-8mm-106-de-apertura-40-mts-de-iluminacion-ir-y-luz-visible-super-adapt-microfono\/","title":{"rendered":"Dahua Dh-hac-hdw1500tn-il-a Camara Analoga\/\/hac-hdw1500t-il-a\/domo De 5 Mp\/iluminadores Duales Inteligentes\/lente De 2.8mm\/ 106 De Apertura\/40 Mts De Iluminacion Ir Y Luz Visible\/super Adapt\/microfono Integrado\/ip67"},"content":{"rendered":"<table class=\"descripcion\">\n<tr>\n<td>Caracteristicas principales<\/td>\n<\/tr>\n<tr>\n<td>\u0095 maximo 25 fps a 5 mp (salida de video 16:9).<\/td>\n<\/tr>\n<tr>\n<td>\u0095 luz dual inteligente.<\/td>\n<\/tr>\n<tr>\n<td>\u0095 distancia de iluminacion de 40 m.<\/td>\n<\/tr>\n<tr>\n<td>\u0095 super adaptacion.<\/td>\n<\/tr>\n<tr>\n<td>\u0095 microfono incorporado.<\/td>\n<\/tr>\n<tr>\n<td>\u0095 lente fija de 3,6 mm (2,8 mm opcional).<\/td>\n<\/tr>\n<tr>\n<td>\u0095 cvi\/cvbs\/ahd\/tvi conmutable.<\/td>\n<\/tr>\n<tr>\n<td>\u0095 ip67, 12 vcc.<\/td>\n<\/tr>\n<tr>\n<td>Especificaciones tecnicas<\/td>\n<\/tr>\n<tr>\n<td>\u0095 temperatura de funcionamiento \u009640 \u00b0c a +60 \u00b0c (\u009640 \u00b0f a +140 \u00b0f)<\/td>\n<\/tr>\n<tr>\n<td>\u0095 humedad de funcionamiento  95% (rh), sin condensaci\u00f3n<\/td>\n<\/tr>\n<tr>\n<td>\u0095 temperatura de almacenamiento \u009640 \u00b0c a +60 \u00b0c (\u009640 \u00b0f a +140 \u00b0f)<\/td>\n<\/tr>\n<tr>\n<td>\u0095 humedad de almacenamiento  95% (rh), sin condensaci\u00f3n<\/td>\n<\/tr>\n<tr>\n<td>\u0095 proteccion ip67<\/td>\n<\/tr>\n<tr>\n<td>\u0095 material de la carcasa metal<\/td>\n<\/tr>\n<tr>\n<td>\u0095 dimensiones del producto  and #934;106,0 mm \u00d7 93,6 mm ( and #934;4,17 \u00d7 3,69)<\/td>\n<\/tr>\n<tr>\n<td>\u0095 peso neto 0,47 kg (1,04 libras)<\/td>\n<\/tr>\n<tr>\n<td>\u0095 peso bruto 0,6 kg (1,32 libras)<\/td>\n<\/tr>\n<tr>\n<td>\u0095 instalacion montaje en pared; montaje en techo; montaje en poste vertical<\/td>\n<\/tr>\n<\/table>\n","protected":false},"excerpt":{"rendered":"<p>Informacion general. La serie lite es una excelente opci\u00f3n para los consumidores que buscan productos de monitoreo de alta calidad a un precio razonable. Su bajo costo y alto rendimiento lo hacen ideal para \u00e1reas residenciales y soluciones para pymes. Esta serie est\u00e1 equipada con una amplia gama de tecnolog\u00edas, como full color y starlight, proporcionando diversas soluciones para diferentes escenarios. Luz dual inteligente. Con su mecanismo inteligente de luz dual, la c\u00e1mara enciende automaticamente la luz blanca cuando la funci\u00f3n protecci\u00f3n perimetral\/smd plus de ai xvr detecta un objetivo en el \u00e1rea reglada para capturar imagenes claras y v\u00edvidas. Cuando el objetivo abandona el area reglamentada, la camara cambia automaticamente de la luz blanca a la luz ir para reducir significativamente la contaminacion luminica. Proteccion (ip67, amplio voltaje. Ip67: la c\u00e1mara paso una serie de rigurosas pruebas de polvo e inmersion. Su carcasa es a prueba de polvo e impermeable y puede funcionar normalmente mientras se sumerge en agua a 1 m de profundidad durante hasta 30 minutos. Amplio voltaje: la c\u00e1mara tiene una tolerancia de voltaje de entrada de \u00b130 % (para algunas fuentes de alimentaci\u00f3n) y un amplio rango de voltaje, lo que la hace adecuada para una variedad de escenarios al aire libre. Osd en varios idiomas. El osd ofrece m\u00faltiples funciones para cumplir con los numerosos requisitos de una escena de monitoreo, como modo de retroiluminacion, modo d\u00eda\/noche, balance de blancos, mascara de privacidad y detecci\u00f3n de movimiento. Hay 11 idiomas disponibles para osd: chino, ingles, frances, aleman, espa\u00f1ol, portugues, italiano, japones, coreano, ruso y polaco.<\/p>\n","protected":false},"featured_media":242448,"comment_status":"open","ping_status":"open","template":"","meta":[],"product_cat":[1681,1608],"product_tag":[1555],"acf":[],"yoast_head":"<!-- This site is optimized with the Yoast SEO plugin v21.7 - https:\/\/yoast.com\/wordpress\/plugins\/seo\/ -->\n<title>[ Dahua ] &#129351; Dh-hac-hdw1500tn-il-a Camara Analoga\/\/hac-hdw1500t-il-a\/domo De 5 Mp\/iluminadores Duales Inteligentes\/lente De 2.8mm\/ 106 De Apertura\/40 Mts De Iluminacion Ir Y Luz Visible\/super Adapt\/microfono Integrado\/ip67<\/title>\n<meta name=\"description\" content=\"Compra Dh-hac-hdw1500tn-il-a Camara Analoga\/\/hac-hdw1500t-il-a\/domo De 5 Mp\/iluminadores Duales Inteligentes\/lente De 2.8mm\/ 106 De Apertura\/40 Mts De Iluminacion Ir Y Luz Visible\/super Adapt\/microfono Integrado\/ip67 + Env\u00edo a domicilio + Pago seguro + Garant\u00eda\" \/>\n<meta name=\"robots\" content=\"index, follow, max-snippet:-1, max-image-preview:large, max-video-preview:-1\" \/>\n<link rel=\"canonical\" href=\"https:\/\/compuviper.mx\/tienda\/producto\/dahua-dh-hac-hdw1500tn-il-a-camara-analoga-hac-hdw1500t-il-a-domo-de-5-mp-iluminadores-duales-inteligentes-lente-de-2-8mm-106-de-apertura-40-mts-de-iluminacion-ir-y-luz-visible-super-adapt-microfono\/\" \/>\n<meta property=\"og:locale\" content=\"es_MX\" \/>\n<meta property=\"og:type\" content=\"article\" \/>\n<meta property=\"og:title\" content=\"[ Dahua ] &#129351; Dh-hac-hdw1500tn-il-a Camara Analoga\/\/hac-hdw1500t-il-a\/domo De 5 Mp\/iluminadores Duales Inteligentes\/lente De 2.8mm\/ 106 De Apertura\/40 Mts De Iluminacion Ir Y Luz Visible\/super Adapt\/microfono Integrado\/ip67\" \/>\n<meta property=\"og:description\" content=\"Compra Dh-hac-hdw1500tn-il-a Camara Analoga\/\/hac-hdw1500t-il-a\/domo De 5 Mp\/iluminadores Duales Inteligentes\/lente De 2.8mm\/ 106 De Apertura\/40 Mts De Iluminacion Ir Y Luz Visible\/super Adapt\/microfono Integrado\/ip67 + Env\u00edo a domicilio + Pago seguro + Garant\u00eda\" \/>\n<meta property=\"og:url\" content=\"https:\/\/compuviper.mx\/tienda\/producto\/dahua-dh-hac-hdw1500tn-il-a-camara-analoga-hac-hdw1500t-il-a-domo-de-5-mp-iluminadores-duales-inteligentes-lente-de-2-8mm-106-de-apertura-40-mts-de-iluminacion-ir-y-luz-visible-super-adapt-microfono\/\" \/>\n<meta property=\"og:site_name\" content=\"Compuviper\" \/>\n<meta property=\"article:publisher\" content=\"https:\/\/www.facebook.com\/compuviper\" \/>\n<meta property=\"og:image\" content=\"https:\/\/compuviper.mx\/tienda\/wp-content\/uploads\/2024\/09\/Camara-ipdahuahac-hdw1500t-il-adomo-de-5-megapixelesiluminadores-duales-inteligenteslente-de-2.8mm-106\u00b0-de-apertura40-mts-de-iluminacion-ir-y-luz-visiblesuper-adaptmicrofono-integradoip67.jpg\" \/>\n\t<meta property=\"og:image:width\" content=\"200\" \/>\n\t<meta property=\"og:image:height\" content=\"200\" \/>\n\t<meta property=\"og:image:type\" content=\"image\/jpeg\" \/>\n<meta name=\"twitter:card\" content=\"summary_large_image\" \/>\n<meta name=\"twitter:label1\" content=\"Precio\" \/>\n\t<meta name=\"twitter:data1\" content=\"&#36;905 con IVA\" \/>\n\t<meta name=\"twitter:label2\" content=\"Availability\" \/>\n\t<meta name=\"twitter:data2\" content=\"Out of stock\" \/>\n<script type=\"application\/ld+json\" class=\"yoast-schema-graph\">{\"@context\":\"https:\/\/schema.org\",\"@graph\":[{\"@type\":\"WebPage\",\"@id\":\"https:\/\/compuviper.mx\/tienda\/producto\/dahua-dh-hac-hdw1500tn-il-a-camara-analoga-hac-hdw1500t-il-a-domo-de-5-mp-iluminadores-duales-inteligentes-lente-de-2-8mm-106-de-apertura-40-mts-de-iluminacion-ir-y-luz-visible-super-adapt-microfono\/\",\"url\":\"https:\/\/compuviper.mx\/tienda\/producto\/dahua-dh-hac-hdw1500tn-il-a-camara-analoga-hac-hdw1500t-il-a-domo-de-5-mp-iluminadores-duales-inteligentes-lente-de-2-8mm-106-de-apertura-40-mts-de-iluminacion-ir-y-luz-visible-super-adapt-microfono\/\",\"name\":\"[ Dahua ] &#129351; Dh-hac-hdw1500tn-il-a Camara Analoga\/\/hac-hdw1500t-il-a\/domo De 5 Mp\/iluminadores Duales Inteligentes\/lente De 2.8mm\/ 106 De Apertura\/40 Mts De Iluminacion Ir Y Luz Visible\/super Adapt\/microfono Integrado\/ip67\",\"isPartOf\":{\"@id\":\"https:\/\/compuviper.mx\/tienda\/#website\"},\"datePublished\":\"2026-04-23T06:14:17+00:00\",\"dateModified\":\"2026-04-23T06:14:17+00:00\",\"description\":\"Compra Dh-hac-hdw1500tn-il-a Camara Analoga\/\/hac-hdw1500t-il-a\/domo De 5 Mp\/iluminadores Duales Inteligentes\/lente De 2.8mm\/ 106 De Apertura\/40 Mts De Iluminacion Ir Y Luz Visible\/super Adapt\/microfono Integrado\/ip67 + Env\u00edo a domicilio + Pago seguro + Garant\u00eda\",\"breadcrumb\":{\"@id\":\"https:\/\/compuviper.mx\/tienda\/producto\/dahua-dh-hac-hdw1500tn-il-a-camara-analoga-hac-hdw1500t-il-a-domo-de-5-mp-iluminadores-duales-inteligentes-lente-de-2-8mm-106-de-apertura-40-mts-de-iluminacion-ir-y-luz-visible-super-adapt-microfono\/#breadcrumb\"},\"inLanguage\":\"es-MX\",\"potentialAction\":[{\"@type\":\"ReadAction\",\"target\":[\"https:\/\/compuviper.mx\/tienda\/producto\/dahua-dh-hac-hdw1500tn-il-a-camara-analoga-hac-hdw1500t-il-a-domo-de-5-mp-iluminadores-duales-inteligentes-lente-de-2-8mm-106-de-apertura-40-mts-de-iluminacion-ir-y-luz-visible-super-adapt-microfono\/\"]}]},{\"@type\":\"BreadcrumbList\",\"@id\":\"https:\/\/compuviper.mx\/tienda\/producto\/dahua-dh-hac-hdw1500tn-il-a-camara-analoga-hac-hdw1500t-il-a-domo-de-5-mp-iluminadores-duales-inteligentes-lente-de-2-8mm-106-de-apertura-40-mts-de-iluminacion-ir-y-luz-visible-super-adapt-microfono\/#breadcrumb\",\"itemListElement\":[{\"@type\":\"ListItem\",\"position\":1,\"name\":\"Inicio\",\"item\":\"https:\/\/compuviper.mx\/tienda\/\"},{\"@type\":\"ListItem\",\"position\":2,\"name\":\"Productos\",\"item\":\"https:\/\/compuviper.mx\/tienda\/productos\/\"},{\"@type\":\"ListItem\",\"position\":3,\"name\":\"Camaras\",\"item\":\"https:\/\/compuviper.mx\/tienda\/categoria-producto\/camaras-2\/\"},{\"@type\":\"ListItem\",\"position\":4,\"name\":\"Camara De Videovigilancia\",\"item\":\"https:\/\/compuviper.mx\/tienda\/categoria-producto\/camaras-2\/camara-de-videovigilancia\/\"},{\"@type\":\"ListItem\",\"position\":5,\"name\":\"Dahua Dh-hac-hdw1500tn-il-a Camara Analoga\/\/hac-hdw1500t-il-a\/domo De 5 Mp\/iluminadores Duales Inteligentes\/lente De 2.8mm\/ 106 De Apertura\/40 Mts De Iluminacion Ir Y Luz Visible\/super Adapt\/microfono Integrado\/ip67\"}]},{\"@type\":\"WebSite\",\"@id\":\"https:\/\/compuviper.mx\/tienda\/#website\",\"url\":\"https:\/\/compuviper.mx\/tienda\/\",\"name\":\"Compuviper\",\"description\":\"Proveedor de Computadoras, Laptops, Servidores, Monitores, Puntos de Venta, Teclados,   Impresoras, T\u00f3ner, C\u00e1maras de Seguridad y m\u00e1s en tu tienda en l\u00ednea\",\"publisher\":{\"@id\":\"https:\/\/compuviper.mx\/tienda\/#organization\"},\"potentialAction\":[{\"@type\":\"SearchAction\",\"target\":{\"@type\":\"EntryPoint\",\"urlTemplate\":\"https:\/\/compuviper.mx\/tienda\/?s={search_term_string}\"},\"query-input\":\"required name=search_term_string\"}],\"inLanguage\":\"es-MX\"},{\"@type\":\"Organization\",\"@id\":\"https:\/\/compuviper.mx\/tienda\/#organization\",\"name\":\"Compuviper\",\"url\":\"https:\/\/compuviper.mx\/tienda\/\",\"logo\":{\"@type\":\"ImageObject\",\"inLanguage\":\"es-MX\",\"@id\":\"https:\/\/compuviper.mx\/tienda\/#\/schema\/logo\/image\/\",\"url\":\"https:\/\/compuviper.mx\/tienda\/wp-content\/uploads\/2021\/08\/Logo-Compuviper-10.png\",\"contentUrl\":\"https:\/\/compuviper.mx\/tienda\/wp-content\/uploads\/2021\/08\/Logo-Compuviper-10.png\",\"width\":1000,\"height\":500,\"caption\":\"Compuviper\"},\"image\":{\"@id\":\"https:\/\/compuviper.mx\/tienda\/#\/schema\/logo\/image\/\"},\"sameAs\":[\"https:\/\/www.facebook.com\/compuviper\",\"https:\/\/www.youtube.com\/channel\/UCf73dERp9Y3cfOq7q8BhLjA?view_as=subscriber\"]}]}<\/script>\n<meta property=\"product:brand\" content=\"DAHUA\" \/>\n<meta property=\"product:price:amount\" content=\"905\" \/>\n<meta property=\"product:price:currency\" content=\"MXN\" \/>\n<meta property=\"og:availability\" content=\"out of stock\" \/>\n<meta property=\"product:availability\" content=\"out of stock\" \/>\n<meta property=\"product:retailer_item_id\" content=\"DH-HAC-HDW1500TN-IL-A\" \/>\n<meta property=\"product:condition\" content=\"new\" \/>\n<!-- \/ Yoast SEO plugin. -->","yoast_head_json":{"title":"[ Dahua ] &#129351; Dh-hac-hdw1500tn-il-a Camara Analoga\/\/hac-hdw1500t-il-a\/domo De 5 Mp\/iluminadores Duales Inteligentes\/lente De 2.8mm\/ 106 De Apertura\/40 Mts De Iluminacion Ir Y Luz Visible\/super Adapt\/microfono Integrado\/ip67","description":"Compra Dh-hac-hdw1500tn-il-a Camara Analoga\/\/hac-hdw1500t-il-a\/domo De 5 Mp\/iluminadores Duales Inteligentes\/lente De 2.8mm\/ 106 De Apertura\/40 Mts De Iluminacion Ir Y Luz Visible\/super Adapt\/microfono Integrado\/ip67 + Env\u00edo a domicilio + Pago seguro + Garant\u00eda","robots":{"index":"index","follow":"follow","max-snippet":"max-snippet:-1","max-image-preview":"max-image-preview:large","max-video-preview":"max-video-preview:-1"},"canonical":"https:\/\/compuviper.mx\/tienda\/producto\/dahua-dh-hac-hdw1500tn-il-a-camara-analoga-hac-hdw1500t-il-a-domo-de-5-mp-iluminadores-duales-inteligentes-lente-de-2-8mm-106-de-apertura-40-mts-de-iluminacion-ir-y-luz-visible-super-adapt-microfono\/","og_locale":"es_MX","og_type":"article","og_title":"[ Dahua ] &#129351; Dh-hac-hdw1500tn-il-a Camara Analoga\/\/hac-hdw1500t-il-a\/domo De 5 Mp\/iluminadores Duales Inteligentes\/lente De 2.8mm\/ 106 De Apertura\/40 Mts De Iluminacion Ir Y Luz Visible\/super Adapt\/microfono Integrado\/ip67","og_description":"Compra Dh-hac-hdw1500tn-il-a Camara Analoga\/\/hac-hdw1500t-il-a\/domo De 5 Mp\/iluminadores Duales Inteligentes\/lente De 2.8mm\/ 106 De Apertura\/40 Mts De Iluminacion Ir Y Luz Visible\/super Adapt\/microfono Integrado\/ip67 + Env\u00edo a domicilio + Pago seguro + Garant\u00eda","og_url":"https:\/\/compuviper.mx\/tienda\/producto\/dahua-dh-hac-hdw1500tn-il-a-camara-analoga-hac-hdw1500t-il-a-domo-de-5-mp-iluminadores-duales-inteligentes-lente-de-2-8mm-106-de-apertura-40-mts-de-iluminacion-ir-y-luz-visible-super-adapt-microfono\/","og_site_name":"Compuviper","article_publisher":"https:\/\/www.facebook.com\/compuviper","og_image":[{"width":200,"height":200,"url":"https:\/\/compuviper.mx\/tienda\/wp-content\/uploads\/2024\/09\/Camara-ipdahuahac-hdw1500t-il-adomo-de-5-megapixelesiluminadores-duales-inteligenteslente-de-2.8mm-106\u00b0-de-apertura40-mts-de-iluminacion-ir-y-luz-visiblesuper-adaptmicrofono-integradoip67.jpg","type":"image\/jpeg"}],"twitter_card":"summary_large_image","twitter_misc":{"Precio":"&#36;905 con IVA","Availability":"Out of stock"},"schema":{"@context":"https:\/\/schema.org","@graph":[{"@type":"WebPage","@id":"https:\/\/compuviper.mx\/tienda\/producto\/dahua-dh-hac-hdw1500tn-il-a-camara-analoga-hac-hdw1500t-il-a-domo-de-5-mp-iluminadores-duales-inteligentes-lente-de-2-8mm-106-de-apertura-40-mts-de-iluminacion-ir-y-luz-visible-super-adapt-microfono\/","url":"https:\/\/compuviper.mx\/tienda\/producto\/dahua-dh-hac-hdw1500tn-il-a-camara-analoga-hac-hdw1500t-il-a-domo-de-5-mp-iluminadores-duales-inteligentes-lente-de-2-8mm-106-de-apertura-40-mts-de-iluminacion-ir-y-luz-visible-super-adapt-microfono\/","name":"[ Dahua ] &#129351; Dh-hac-hdw1500tn-il-a Camara Analoga\/\/hac-hdw1500t-il-a\/domo De 5 Mp\/iluminadores Duales Inteligentes\/lente De 2.8mm\/ 106 De Apertura\/40 Mts De Iluminacion Ir Y Luz Visible\/super Adapt\/microfono Integrado\/ip67","isPartOf":{"@id":"https:\/\/compuviper.mx\/tienda\/#website"},"datePublished":"2026-04-23T06:14:17+00:00","dateModified":"2026-04-23T06:14:17+00:00","description":"Compra Dh-hac-hdw1500tn-il-a Camara Analoga\/\/hac-hdw1500t-il-a\/domo De 5 Mp\/iluminadores Duales Inteligentes\/lente De 2.8mm\/ 106 De Apertura\/40 Mts De Iluminacion Ir Y Luz Visible\/super Adapt\/microfono Integrado\/ip67 + Env\u00edo a domicilio + Pago seguro + Garant\u00eda","breadcrumb":{"@id":"https:\/\/compuviper.mx\/tienda\/producto\/dahua-dh-hac-hdw1500tn-il-a-camara-analoga-hac-hdw1500t-il-a-domo-de-5-mp-iluminadores-duales-inteligentes-lente-de-2-8mm-106-de-apertura-40-mts-de-iluminacion-ir-y-luz-visible-super-adapt-microfono\/#breadcrumb"},"inLanguage":"es-MX","potentialAction":[{"@type":"ReadAction","target":["https:\/\/compuviper.mx\/tienda\/producto\/dahua-dh-hac-hdw1500tn-il-a-camara-analoga-hac-hdw1500t-il-a-domo-de-5-mp-iluminadores-duales-inteligentes-lente-de-2-8mm-106-de-apertura-40-mts-de-iluminacion-ir-y-luz-visible-super-adapt-microfono\/"]}]},{"@type":"BreadcrumbList","@id":"https:\/\/compuviper.mx\/tienda\/producto\/dahua-dh-hac-hdw1500tn-il-a-camara-analoga-hac-hdw1500t-il-a-domo-de-5-mp-iluminadores-duales-inteligentes-lente-de-2-8mm-106-de-apertura-40-mts-de-iluminacion-ir-y-luz-visible-super-adapt-microfono\/#breadcrumb","itemListElement":[{"@type":"ListItem","position":1,"name":"Inicio","item":"https:\/\/compuviper.mx\/tienda\/"},{"@type":"ListItem","position":2,"name":"Productos","item":"https:\/\/compuviper.mx\/tienda\/productos\/"},{"@type":"ListItem","position":3,"name":"Camaras","item":"https:\/\/compuviper.mx\/tienda\/categoria-producto\/camaras-2\/"},{"@type":"ListItem","position":4,"name":"Camara De Videovigilancia","item":"https:\/\/compuviper.mx\/tienda\/categoria-producto\/camaras-2\/camara-de-videovigilancia\/"},{"@type":"ListItem","position":5,"name":"Dahua Dh-hac-hdw1500tn-il-a Camara Analoga\/\/hac-hdw1500t-il-a\/domo De 5 Mp\/iluminadores Duales Inteligentes\/lente De 2.8mm\/ 106 De Apertura\/40 Mts De Iluminacion Ir Y Luz Visible\/super Adapt\/microfono Integrado\/ip67"}]},{"@type":"WebSite","@id":"https:\/\/compuviper.mx\/tienda\/#website","url":"https:\/\/compuviper.mx\/tienda\/","name":"Compuviper","description":"Proveedor de Computadoras, Laptops, Servidores, Monitores, Puntos de Venta, Teclados,   Impresoras, T\u00f3ner, C\u00e1maras de Seguridad y m\u00e1s en tu tienda en l\u00ednea","publisher":{"@id":"https:\/\/compuviper.mx\/tienda\/#organization"},"potentialAction":[{"@type":"SearchAction","target":{"@type":"EntryPoint","urlTemplate":"https:\/\/compuviper.mx\/tienda\/?s={search_term_string}"},"query-input":"required name=search_term_string"}],"inLanguage":"es-MX"},{"@type":"Organization","@id":"https:\/\/compuviper.mx\/tienda\/#organization","name":"Compuviper","url":"https:\/\/compuviper.mx\/tienda\/","logo":{"@type":"ImageObject","inLanguage":"es-MX","@id":"https:\/\/compuviper.mx\/tienda\/#\/schema\/logo\/image\/","url":"https:\/\/compuviper.mx\/tienda\/wp-content\/uploads\/2021\/08\/Logo-Compuviper-10.png","contentUrl":"https:\/\/compuviper.mx\/tienda\/wp-content\/uploads\/2021\/08\/Logo-Compuviper-10.png","width":1000,"height":500,"caption":"Compuviper"},"image":{"@id":"https:\/\/compuviper.mx\/tienda\/#\/schema\/logo\/image\/"},"sameAs":["https:\/\/www.facebook.com\/compuviper","https:\/\/www.youtube.com\/channel\/UCf73dERp9Y3cfOq7q8BhLjA?view_as=subscriber"]}]},"product_brand":"DAHUA","product_price_amount":"905","product_price_currency":"MXN","og_availability":"out of stock","product_availability":"out of stock","product_retailer_item_id":"DH-HAC-HDW1500TN-IL-A","product_condition":"new"},"_links":{"self":[{"href":"https:\/\/compuviper.mx\/tienda\/wp-json\/wp\/v2\/product\/234976"}],"collection":[{"href":"https:\/\/compuviper.mx\/tienda\/wp-json\/wp\/v2\/product"}],"about":[{"href":"https:\/\/compuviper.mx\/tienda\/wp-json\/wp\/v2\/types\/product"}],"replies":[{"embeddable":true,"href":"https:\/\/compuviper.mx\/tienda\/wp-json\/wp\/v2\/comments?post=234976"}],"wp:featuredmedia":[{"embeddable":true,"href":"https:\/\/compuviper.mx\/tienda\/wp-json\/wp\/v2\/media\/242448"}],"wp:attachment":[{"href":"https:\/\/compuviper.mx\/tienda\/wp-json\/wp\/v2\/media?parent=234976"}],"wp:term":[{"taxonomy":"product_cat","embeddable":true,"href":"https:\/\/compuviper.mx\/tienda\/wp-json\/wp\/v2\/product_cat?post=234976"},{"taxonomy":"product_tag","embeddable":true,"href":"https:\/\/compuviper.mx\/tienda\/wp-json\/wp\/v2\/product_tag?post=234976"}],"curies":[{"name":"wp","href":"https:\/\/api.w.org\/{rel}","templated":true}]}}