{"id":234975,"date":"2026-04-23T00:14:16","date_gmt":"2026-04-23T06:14:16","guid":{"rendered":"https:\/\/compuviper.mx\/tienda\/producto\/dahua-dh-hac-me1509hn-a-pv-camara-ip-hac-me1509h-a-pv-s2domo-tioc-de-5-mp-iluminador-dual-inteligente-lente-2-8mm-111-de-apertura-40-mts-de-iluminacin-visible-e-ir-estrobo-de-luz-roja-y-azul-sup\/"},"modified":"2026-04-23T00:14:17","modified_gmt":"2026-04-23T06:14:17","slug":"dahua-dh-hac-me1509hn-a-pv-camara-hac-me1509h-a-pv-s2domo-tioc-de-5-mp-iluminador-dual-inteligente-lente-2-8mm-111-de-apertura-40-mts-de-iluminacin-visible-e-ir-estrobo-de-luz-roja-y-azul-super-a","status":"publish","type":"product","link":"https:\/\/compuviper.mx\/tienda\/producto\/dahua-dh-hac-me1509hn-a-pv-camara-hac-me1509h-a-pv-s2domo-tioc-de-5-mp-iluminador-dual-inteligente-lente-2-8mm-111-de-apertura-40-mts-de-iluminacin-visible-e-ir-estrobo-de-luz-roja-y-azul-super-a\/","title":{"rendered":"Dahua Dh-hac-me1509hn-a-pv Camara\/ \/ Hac-me1509h-a-pv-s2domo Tioc De 5 Mp\/ Iluminador Dual Inteligente\/lente 2.8mm\/111 De Apertura\/40 Mts De Iluminacin Visible E Ir\/estrobo De Luz Roja Y Azul\/ Super Adap\/microfono In"},"content":{"rendered":"<table class=\"descripcion\">\n<tr>\n<td>Caracteristicas principales<\/td>\n<\/tr>\n<tr>\n<td>\u00b7 m\u00e1x. 25 fps@5 mp (salida de video 16:9).<\/td>\n<\/tr>\n<tr>\n<td>\u00b7 wdr real de 120 db, 3d nr.<\/td>\n<\/tr>\n<tr>\n<td>\u00b7 iluminadores duales inteligentes.<\/td>\n<\/tr>\n<tr>\n<td>\u00b7 proteccion contra interferencias de luz roja-azul.<\/td>\n<\/tr>\n<tr>\n<td>\u00b7 disuasion activa con luz azul roja, sirena e interfaz de salida de alarma.<\/td>\n<\/tr>\n<tr>\n<td>\u00b7 distancia de iluminacion de 40 m.<\/td>\n<\/tr>\n<tr>\n<td>\u00b7 s\u00faper adaptado.<\/td>\n<\/tr>\n<tr>\n<td>\u00b7 lente fija de 2,8 mm.<\/td>\n<\/tr>\n<tr>\n<td>\u00b7 cvi\/cvbs\/ahd\/tvi conmutable.<\/td>\n<\/tr>\n<tr>\n<td>\u00b7 ip67, 12 v cc.<\/td>\n<\/tr>\n<tr>\n<td>Especificaciones tecnicas<\/td>\n<\/tr>\n<tr>\n<td>Sensor de imagen: cmos de 5 ms-p<\/td>\n<\/tr>\n<tr>\n<td>M\u00e1x. resoluci\u00f3n: 2880(h) x 1620(v)<\/td>\n<\/tr>\n<tr>\n<td>Sistema de escaneo: progresivo<\/td>\n<\/tr>\n<tr>\n<td>Velocidad de obturaci\u00f3n electronica: pal 1\/3s &#8211; 1\/100000s; ntsc: 1\/4-1\/100000s<\/td>\n<\/tr>\n<tr>\n<td>M\u00edn. iluminacion: 0,001 lux a f1,0 (color, 30 ire) 0,0001 lux a f1,0 (b\/n, 30 ire) 0 lux (iluminador encendido)<\/td>\n<\/tr>\n<tr>\n<td>Relaci\u00f3n se\u00f1al\/ruido:   65db<\/td>\n<\/tr>\n<\/table>\n","protected":false},"excerpt":{"rendered":"<p>Informacion general. La serie active deterrence ofrece un sistema multidimensional que vincula videos de vigilancia con alarmas, avisos de audio y varios tipos de informaci\u00f3n para ayudar a verificar los riesgos potenciales. Las c\u00e1maras de esta serie advierten activamente a los intrusos con luz y sonido, mientras lo mantienen actualizado de los eventos en tiempo real a trav\u00e9s de la alarma por coaxial y su vista en vivo. 3dnr avanzado. La tecnolog\u00eda avanzada 3dnr de dahua reduce el ruido de la imagen con poco o ning\u00fan impacto en la nitidez de la imagen, especialmente en condiciones de poca luz. Detecta el ruido y compara los cuadros secuenciales para reducir el ruido de manera efectiva. Tambi\u00e9n hace un uso eficiente del ancho de banda, ahorrando espacio de almacenamiento. Disuasion activo. Dise\u00f1ada con tecnolog\u00eda de disuasi\u00f3n activa, la c\u00e1mara enciende una sirena y una luz roja y azul que parpadea en intervalos para disuadir y advertir a los intrusos. La sirena tiene configuraciones personalizables. Amplio rango dinamico. Con su avanzada tecnolog\u00eda de amplio rango din\u00e1mico (wdr), la c\u00e1mara captura im\u00e1genes muy detalladas y produce grabaciones de alta definici\u00f3n en condiciones de iluminaci\u00f3n de alto contraste y en escenas con luz de fondo o sombras. Iluminadores duales in. Con su mecanismo inteligente de iluminaci\u00f3n dual, la c\u00e1mara enciende autom\u00e1ticamente la luz blanca cuando la funci\u00f3n protecci\u00f3n perimetral\/smd plus de ai xvr detecta un objetivo en el \u00e1rea reglamentaria para capturar im\u00e1genes n\u00edtidas y v\u00edvidas. Cuando el objetivo abandona el \u00e1rea de la regla, la c\u00e1mara cambia autom\u00e1ticamente de la luz blanca al iluminador ir para reducir significativamente la contaminaci\u00f3n lum\u00ednica.<\/p>\n","protected":false},"featured_media":242447,"comment_status":"open","ping_status":"open","template":"","meta":[],"product_cat":[1608,1681],"product_tag":[1555],"acf":[],"yoast_head":"<!-- This site is optimized with the Yoast SEO plugin v21.7 - https:\/\/yoast.com\/wordpress\/plugins\/seo\/ -->\n<title>[ Dahua ] &#129351; Dh-hac-me1509hn-a-pv Camara\/ \/ Hac-me1509h-a-pv-s2domo Tioc De 5 Mp\/ Iluminador Dual Inteligente\/lente 2.8mm\/111 De Apertura\/40 Mts De Iluminacin Visible E Ir\/estrobo De Luz Roja Y Azul\/ Super Adap\/microfono In<\/title>\n<meta name=\"description\" content=\"Compra Dh-hac-me1509hn-a-pv Camara\/ \/ Hac-me1509h-a-pv-s2domo Tioc De 5 Mp\/ Iluminador Dual Inteligente\/lente 2.8mm\/111 De Apertura\/40 Mts De Iluminacin Visible E Ir\/estrobo De Luz Roja Y Azul\/ Super Adap\/microfono In + Env\u00edo a domicilio + Pago seguro + Garant\u00eda\" \/>\n<meta name=\"robots\" content=\"index, follow, max-snippet:-1, max-image-preview:large, max-video-preview:-1\" \/>\n<link rel=\"canonical\" href=\"https:\/\/compuviper.mx\/tienda\/producto\/dahua-dh-hac-me1509hn-a-pv-camara-hac-me1509h-a-pv-s2domo-tioc-de-5-mp-iluminador-dual-inteligente-lente-2-8mm-111-de-apertura-40-mts-de-iluminacin-visible-e-ir-estrobo-de-luz-roja-y-azul-super-a\/\" \/>\n<meta property=\"og:locale\" content=\"es_MX\" \/>\n<meta property=\"og:type\" content=\"article\" \/>\n<meta property=\"og:title\" content=\"[ Dahua ] &#129351; Dh-hac-me1509hn-a-pv Camara\/ \/ Hac-me1509h-a-pv-s2domo Tioc De 5 Mp\/ Iluminador Dual Inteligente\/lente 2.8mm\/111 De Apertura\/40 Mts De Iluminacin Visible E Ir\/estrobo De Luz Roja Y Azul\/ Super Adap\/microfono In\" \/>\n<meta property=\"og:description\" content=\"Compra Dh-hac-me1509hn-a-pv Camara\/ \/ Hac-me1509h-a-pv-s2domo Tioc De 5 Mp\/ Iluminador Dual Inteligente\/lente 2.8mm\/111 De Apertura\/40 Mts De Iluminacin Visible E Ir\/estrobo De Luz Roja Y Azul\/ Super Adap\/microfono In + Env\u00edo a domicilio + Pago seguro + Garant\u00eda\" \/>\n<meta property=\"og:url\" content=\"https:\/\/compuviper.mx\/tienda\/producto\/dahua-dh-hac-me1509hn-a-pv-camara-hac-me1509h-a-pv-s2domo-tioc-de-5-mp-iluminador-dual-inteligente-lente-2-8mm-111-de-apertura-40-mts-de-iluminacin-visible-e-ir-estrobo-de-luz-roja-y-azul-super-a\/\" \/>\n<meta property=\"og:site_name\" content=\"Compuviper\" \/>\n<meta property=\"article:publisher\" content=\"https:\/\/www.facebook.com\/compuviper\" \/>\n<meta property=\"article:modified_time\" content=\"2026-04-23T06:14:17+00:00\" \/>\n<meta property=\"og:image\" content=\"https:\/\/compuviper.mx\/tienda\/wp-content\/uploads\/2024\/09\/Camara-ipdahua-hac-me1509h-a-pv-s2domo-tioc-de-5-mp-iluminador-dual-inteligentelente-2.8mm111\u00b0-de-apertura40-mts-de-iluminacion-visible-e-irestrobo-de-luz-roja-y-azul-super-adapmicrofono-int.jpg\" \/>\n\t<meta property=\"og:image:width\" content=\"200\" \/>\n\t<meta property=\"og:image:height\" content=\"200\" \/>\n\t<meta property=\"og:image:type\" content=\"image\/jpeg\" \/>\n<meta name=\"twitter:card\" content=\"summary_large_image\" \/>\n<meta name=\"twitter:label1\" content=\"Precio\" \/>\n\t<meta name=\"twitter:data1\" content=\"&#36;1,142 &#36;1,130 con IVA\" \/>\n\t<meta name=\"twitter:label2\" content=\"Availability\" \/>\n\t<meta name=\"twitter:data2\" content=\"In stock\" \/>\n<script type=\"application\/ld+json\" class=\"yoast-schema-graph\">{\"@context\":\"https:\/\/schema.org\",\"@graph\":[{\"@type\":\"WebPage\",\"@id\":\"https:\/\/compuviper.mx\/tienda\/producto\/dahua-dh-hac-me1509hn-a-pv-camara-hac-me1509h-a-pv-s2domo-tioc-de-5-mp-iluminador-dual-inteligente-lente-2-8mm-111-de-apertura-40-mts-de-iluminacin-visible-e-ir-estrobo-de-luz-roja-y-azul-super-a\/\",\"url\":\"https:\/\/compuviper.mx\/tienda\/producto\/dahua-dh-hac-me1509hn-a-pv-camara-hac-me1509h-a-pv-s2domo-tioc-de-5-mp-iluminador-dual-inteligente-lente-2-8mm-111-de-apertura-40-mts-de-iluminacin-visible-e-ir-estrobo-de-luz-roja-y-azul-super-a\/\",\"name\":\"[ Dahua ] &#129351; Dh-hac-me1509hn-a-pv Camara\/ \/ Hac-me1509h-a-pv-s2domo Tioc De 5 Mp\/ Iluminador Dual Inteligente\/lente 2.8mm\/111 De Apertura\/40 Mts De Iluminacin Visible E Ir\/estrobo De Luz Roja Y Azul\/ Super Adap\/microfono In\",\"isPartOf\":{\"@id\":\"https:\/\/compuviper.mx\/tienda\/#website\"},\"datePublished\":\"2026-04-23T06:14:16+00:00\",\"dateModified\":\"2026-04-23T06:14:17+00:00\",\"description\":\"Compra Dh-hac-me1509hn-a-pv Camara\/ \/ Hac-me1509h-a-pv-s2domo Tioc De 5 Mp\/ Iluminador Dual Inteligente\/lente 2.8mm\/111 De Apertura\/40 Mts De Iluminacin Visible E Ir\/estrobo De Luz Roja Y Azul\/ Super Adap\/microfono In + Env\u00edo a domicilio + Pago seguro + Garant\u00eda\",\"breadcrumb\":{\"@id\":\"https:\/\/compuviper.mx\/tienda\/producto\/dahua-dh-hac-me1509hn-a-pv-camara-hac-me1509h-a-pv-s2domo-tioc-de-5-mp-iluminador-dual-inteligente-lente-2-8mm-111-de-apertura-40-mts-de-iluminacin-visible-e-ir-estrobo-de-luz-roja-y-azul-super-a\/#breadcrumb\"},\"inLanguage\":\"es-MX\",\"potentialAction\":[{\"@type\":\"ReadAction\",\"target\":[\"https:\/\/compuviper.mx\/tienda\/producto\/dahua-dh-hac-me1509hn-a-pv-camara-hac-me1509h-a-pv-s2domo-tioc-de-5-mp-iluminador-dual-inteligente-lente-2-8mm-111-de-apertura-40-mts-de-iluminacin-visible-e-ir-estrobo-de-luz-roja-y-azul-super-a\/\"]}]},{\"@type\":\"BreadcrumbList\",\"@id\":\"https:\/\/compuviper.mx\/tienda\/producto\/dahua-dh-hac-me1509hn-a-pv-camara-hac-me1509h-a-pv-s2domo-tioc-de-5-mp-iluminador-dual-inteligente-lente-2-8mm-111-de-apertura-40-mts-de-iluminacin-visible-e-ir-estrobo-de-luz-roja-y-azul-super-a\/#breadcrumb\",\"itemListElement\":[{\"@type\":\"ListItem\",\"position\":1,\"name\":\"Inicio\",\"item\":\"https:\/\/compuviper.mx\/tienda\/\"},{\"@type\":\"ListItem\",\"position\":2,\"name\":\"Productos\",\"item\":\"https:\/\/compuviper.mx\/tienda\/productos\/\"},{\"@type\":\"ListItem\",\"position\":3,\"name\":\"Camaras\",\"item\":\"https:\/\/compuviper.mx\/tienda\/categoria-producto\/camaras-2\/\"},{\"@type\":\"ListItem\",\"position\":4,\"name\":\"Camara De Videovigilancia\",\"item\":\"https:\/\/compuviper.mx\/tienda\/categoria-producto\/camaras-2\/camara-de-videovigilancia\/\"},{\"@type\":\"ListItem\",\"position\":5,\"name\":\"Dahua Dh-hac-me1509hn-a-pv Camara\/ \/ Hac-me1509h-a-pv-s2domo Tioc De 5 Mp\/ Iluminador Dual Inteligente\/lente 2.8mm\/111 De Apertura\/40 Mts De Iluminacin Visible E Ir\/estrobo De Luz Roja Y Azul\/ Super Adap\/microfono In\"}]},{\"@type\":\"WebSite\",\"@id\":\"https:\/\/compuviper.mx\/tienda\/#website\",\"url\":\"https:\/\/compuviper.mx\/tienda\/\",\"name\":\"Compuviper\",\"description\":\"Proveedor de Computadoras, Laptops, Servidores, Monitores, Puntos de Venta, Teclados,   Impresoras, T\u00f3ner, C\u00e1maras de Seguridad y m\u00e1s en tu tienda en l\u00ednea\",\"publisher\":{\"@id\":\"https:\/\/compuviper.mx\/tienda\/#organization\"},\"potentialAction\":[{\"@type\":\"SearchAction\",\"target\":{\"@type\":\"EntryPoint\",\"urlTemplate\":\"https:\/\/compuviper.mx\/tienda\/?s={search_term_string}\"},\"query-input\":\"required name=search_term_string\"}],\"inLanguage\":\"es-MX\"},{\"@type\":\"Organization\",\"@id\":\"https:\/\/compuviper.mx\/tienda\/#organization\",\"name\":\"Compuviper\",\"url\":\"https:\/\/compuviper.mx\/tienda\/\",\"logo\":{\"@type\":\"ImageObject\",\"inLanguage\":\"es-MX\",\"@id\":\"https:\/\/compuviper.mx\/tienda\/#\/schema\/logo\/image\/\",\"url\":\"https:\/\/compuviper.mx\/tienda\/wp-content\/uploads\/2021\/08\/Logo-Compuviper-10.png\",\"contentUrl\":\"https:\/\/compuviper.mx\/tienda\/wp-content\/uploads\/2021\/08\/Logo-Compuviper-10.png\",\"width\":1000,\"height\":500,\"caption\":\"Compuviper\"},\"image\":{\"@id\":\"https:\/\/compuviper.mx\/tienda\/#\/schema\/logo\/image\/\"},\"sameAs\":[\"https:\/\/www.facebook.com\/compuviper\",\"https:\/\/www.youtube.com\/channel\/UCf73dERp9Y3cfOq7q8BhLjA?view_as=subscriber\"]}]}<\/script>\n<meta property=\"product:brand\" content=\"DAHUA\" \/>\n<meta property=\"product:price:amount\" content=\"1130\" \/>\n<meta property=\"product:price:currency\" content=\"MXN\" \/>\n<meta property=\"og:availability\" content=\"instock\" \/>\n<meta property=\"product:availability\" content=\"instock\" \/>\n<meta property=\"product:retailer_item_id\" content=\"DH-HAC-ME1509HN-A-PV\" \/>\n<meta property=\"product:condition\" content=\"new\" \/>\n<!-- \/ Yoast SEO plugin. -->","yoast_head_json":{"title":"[ Dahua ] &#129351; Dh-hac-me1509hn-a-pv Camara\/ \/ Hac-me1509h-a-pv-s2domo Tioc De 5 Mp\/ Iluminador Dual Inteligente\/lente 2.8mm\/111 De Apertura\/40 Mts De Iluminacin Visible E Ir\/estrobo De Luz Roja Y Azul\/ Super Adap\/microfono In","description":"Compra Dh-hac-me1509hn-a-pv Camara\/ \/ Hac-me1509h-a-pv-s2domo Tioc De 5 Mp\/ Iluminador Dual Inteligente\/lente 2.8mm\/111 De Apertura\/40 Mts De Iluminacin Visible E Ir\/estrobo De Luz Roja Y Azul\/ Super Adap\/microfono In + Env\u00edo a domicilio + Pago seguro + Garant\u00eda","robots":{"index":"index","follow":"follow","max-snippet":"max-snippet:-1","max-image-preview":"max-image-preview:large","max-video-preview":"max-video-preview:-1"},"canonical":"https:\/\/compuviper.mx\/tienda\/producto\/dahua-dh-hac-me1509hn-a-pv-camara-hac-me1509h-a-pv-s2domo-tioc-de-5-mp-iluminador-dual-inteligente-lente-2-8mm-111-de-apertura-40-mts-de-iluminacin-visible-e-ir-estrobo-de-luz-roja-y-azul-super-a\/","og_locale":"es_MX","og_type":"article","og_title":"[ Dahua ] &#129351; Dh-hac-me1509hn-a-pv Camara\/ \/ Hac-me1509h-a-pv-s2domo Tioc De 5 Mp\/ Iluminador Dual Inteligente\/lente 2.8mm\/111 De Apertura\/40 Mts De Iluminacin Visible E Ir\/estrobo De Luz Roja Y Azul\/ Super Adap\/microfono In","og_description":"Compra Dh-hac-me1509hn-a-pv Camara\/ \/ Hac-me1509h-a-pv-s2domo Tioc De 5 Mp\/ Iluminador Dual Inteligente\/lente 2.8mm\/111 De Apertura\/40 Mts De Iluminacin Visible E Ir\/estrobo De Luz Roja Y Azul\/ Super Adap\/microfono In + Env\u00edo a domicilio + Pago seguro + Garant\u00eda","og_url":"https:\/\/compuviper.mx\/tienda\/producto\/dahua-dh-hac-me1509hn-a-pv-camara-hac-me1509h-a-pv-s2domo-tioc-de-5-mp-iluminador-dual-inteligente-lente-2-8mm-111-de-apertura-40-mts-de-iluminacin-visible-e-ir-estrobo-de-luz-roja-y-azul-super-a\/","og_site_name":"Compuviper","article_publisher":"https:\/\/www.facebook.com\/compuviper","article_modified_time":"2026-04-23T06:14:17+00:00","og_image":[{"width":200,"height":200,"url":"https:\/\/compuviper.mx\/tienda\/wp-content\/uploads\/2024\/09\/Camara-ipdahua-hac-me1509h-a-pv-s2domo-tioc-de-5-mp-iluminador-dual-inteligentelente-2.8mm111\u00b0-de-apertura40-mts-de-iluminacion-visible-e-irestrobo-de-luz-roja-y-azul-super-adapmicrofono-int.jpg","type":"image\/jpeg"}],"twitter_card":"summary_large_image","twitter_misc":{"Precio":"&#36;1,142 &#36;1,130 con IVA","Availability":"In stock"},"schema":{"@context":"https:\/\/schema.org","@graph":[{"@type":"WebPage","@id":"https:\/\/compuviper.mx\/tienda\/producto\/dahua-dh-hac-me1509hn-a-pv-camara-hac-me1509h-a-pv-s2domo-tioc-de-5-mp-iluminador-dual-inteligente-lente-2-8mm-111-de-apertura-40-mts-de-iluminacin-visible-e-ir-estrobo-de-luz-roja-y-azul-super-a\/","url":"https:\/\/compuviper.mx\/tienda\/producto\/dahua-dh-hac-me1509hn-a-pv-camara-hac-me1509h-a-pv-s2domo-tioc-de-5-mp-iluminador-dual-inteligente-lente-2-8mm-111-de-apertura-40-mts-de-iluminacin-visible-e-ir-estrobo-de-luz-roja-y-azul-super-a\/","name":"[ Dahua ] &#129351; Dh-hac-me1509hn-a-pv Camara\/ \/ Hac-me1509h-a-pv-s2domo Tioc De 5 Mp\/ Iluminador Dual Inteligente\/lente 2.8mm\/111 De Apertura\/40 Mts De Iluminacin Visible E Ir\/estrobo De Luz Roja Y Azul\/ Super Adap\/microfono In","isPartOf":{"@id":"https:\/\/compuviper.mx\/tienda\/#website"},"datePublished":"2026-04-23T06:14:16+00:00","dateModified":"2026-04-23T06:14:17+00:00","description":"Compra Dh-hac-me1509hn-a-pv Camara\/ \/ Hac-me1509h-a-pv-s2domo Tioc De 5 Mp\/ Iluminador Dual Inteligente\/lente 2.8mm\/111 De Apertura\/40 Mts De Iluminacin Visible E Ir\/estrobo De Luz Roja Y Azul\/ Super Adap\/microfono In + Env\u00edo a domicilio + Pago seguro + Garant\u00eda","breadcrumb":{"@id":"https:\/\/compuviper.mx\/tienda\/producto\/dahua-dh-hac-me1509hn-a-pv-camara-hac-me1509h-a-pv-s2domo-tioc-de-5-mp-iluminador-dual-inteligente-lente-2-8mm-111-de-apertura-40-mts-de-iluminacin-visible-e-ir-estrobo-de-luz-roja-y-azul-super-a\/#breadcrumb"},"inLanguage":"es-MX","potentialAction":[{"@type":"ReadAction","target":["https:\/\/compuviper.mx\/tienda\/producto\/dahua-dh-hac-me1509hn-a-pv-camara-hac-me1509h-a-pv-s2domo-tioc-de-5-mp-iluminador-dual-inteligente-lente-2-8mm-111-de-apertura-40-mts-de-iluminacin-visible-e-ir-estrobo-de-luz-roja-y-azul-super-a\/"]}]},{"@type":"BreadcrumbList","@id":"https:\/\/compuviper.mx\/tienda\/producto\/dahua-dh-hac-me1509hn-a-pv-camara-hac-me1509h-a-pv-s2domo-tioc-de-5-mp-iluminador-dual-inteligente-lente-2-8mm-111-de-apertura-40-mts-de-iluminacin-visible-e-ir-estrobo-de-luz-roja-y-azul-super-a\/#breadcrumb","itemListElement":[{"@type":"ListItem","position":1,"name":"Inicio","item":"https:\/\/compuviper.mx\/tienda\/"},{"@type":"ListItem","position":2,"name":"Productos","item":"https:\/\/compuviper.mx\/tienda\/productos\/"},{"@type":"ListItem","position":3,"name":"Camaras","item":"https:\/\/compuviper.mx\/tienda\/categoria-producto\/camaras-2\/"},{"@type":"ListItem","position":4,"name":"Camara De Videovigilancia","item":"https:\/\/compuviper.mx\/tienda\/categoria-producto\/camaras-2\/camara-de-videovigilancia\/"},{"@type":"ListItem","position":5,"name":"Dahua Dh-hac-me1509hn-a-pv Camara\/ \/ Hac-me1509h-a-pv-s2domo Tioc De 5 Mp\/ Iluminador Dual Inteligente\/lente 2.8mm\/111 De Apertura\/40 Mts De Iluminacin Visible E Ir\/estrobo De Luz Roja Y Azul\/ Super Adap\/microfono In"}]},{"@type":"WebSite","@id":"https:\/\/compuviper.mx\/tienda\/#website","url":"https:\/\/compuviper.mx\/tienda\/","name":"Compuviper","description":"Proveedor de Computadoras, Laptops, Servidores, Monitores, Puntos de Venta, Teclados,   Impresoras, T\u00f3ner, C\u00e1maras de Seguridad y m\u00e1s en tu tienda en l\u00ednea","publisher":{"@id":"https:\/\/compuviper.mx\/tienda\/#organization"},"potentialAction":[{"@type":"SearchAction","target":{"@type":"EntryPoint","urlTemplate":"https:\/\/compuviper.mx\/tienda\/?s={search_term_string}"},"query-input":"required name=search_term_string"}],"inLanguage":"es-MX"},{"@type":"Organization","@id":"https:\/\/compuviper.mx\/tienda\/#organization","name":"Compuviper","url":"https:\/\/compuviper.mx\/tienda\/","logo":{"@type":"ImageObject","inLanguage":"es-MX","@id":"https:\/\/compuviper.mx\/tienda\/#\/schema\/logo\/image\/","url":"https:\/\/compuviper.mx\/tienda\/wp-content\/uploads\/2021\/08\/Logo-Compuviper-10.png","contentUrl":"https:\/\/compuviper.mx\/tienda\/wp-content\/uploads\/2021\/08\/Logo-Compuviper-10.png","width":1000,"height":500,"caption":"Compuviper"},"image":{"@id":"https:\/\/compuviper.mx\/tienda\/#\/schema\/logo\/image\/"},"sameAs":["https:\/\/www.facebook.com\/compuviper","https:\/\/www.youtube.com\/channel\/UCf73dERp9Y3cfOq7q8BhLjA?view_as=subscriber"]}]},"product_brand":"DAHUA","product_price_amount":"1130","product_price_currency":"MXN","og_availability":"instock","product_availability":"instock","product_retailer_item_id":"DH-HAC-ME1509HN-A-PV","product_condition":"new"},"_links":{"self":[{"href":"https:\/\/compuviper.mx\/tienda\/wp-json\/wp\/v2\/product\/234975"}],"collection":[{"href":"https:\/\/compuviper.mx\/tienda\/wp-json\/wp\/v2\/product"}],"about":[{"href":"https:\/\/compuviper.mx\/tienda\/wp-json\/wp\/v2\/types\/product"}],"replies":[{"embeddable":true,"href":"https:\/\/compuviper.mx\/tienda\/wp-json\/wp\/v2\/comments?post=234975"}],"wp:featuredmedia":[{"embeddable":true,"href":"https:\/\/compuviper.mx\/tienda\/wp-json\/wp\/v2\/media\/242447"}],"wp:attachment":[{"href":"https:\/\/compuviper.mx\/tienda\/wp-json\/wp\/v2\/media?parent=234975"}],"wp:term":[{"taxonomy":"product_cat","embeddable":true,"href":"https:\/\/compuviper.mx\/tienda\/wp-json\/wp\/v2\/product_cat?post=234975"},{"taxonomy":"product_tag","embeddable":true,"href":"https:\/\/compuviper.mx\/tienda\/wp-json\/wp\/v2\/product_tag?post=234975"}],"curies":[{"name":"wp","href":"https:\/\/api.w.org\/{rel}","templated":true}]}}