{"id":234964,"date":"2026-04-02T01:23:31","date_gmt":"2026-04-02T07:23:31","guid":{"rendered":"https:\/\/compuviper.mx\/tienda\/producto\/dahua-dhi-nvr4232-16p-4ks3-nvr-8-mp-4k-32-canales-ip-16-puertos-poe-rendimiento-de-160-mbps-smart-h-265-2-bahas-de-disco-duro-4-and-2-e-and-s-de-alarma-soporta-cmaras-wizsense-2-canales\/"},"modified":"2026-04-02T01:23:31","modified_gmt":"2026-04-02T07:23:31","slug":"dahua-dhi-nvr4232-16p-4ks3-nvr-8-mp-4k-32-canales-ip-16-puertos-poe-rendimiento-de-160-mbps-smart-h-265-2-bahas-de-disco-duro-42-es-de-alarma-soporta-cmaras-wizsense-2-canales-smd-plus","status":"publish","type":"product","link":"https:\/\/compuviper.mx\/tienda\/producto\/dahua-dhi-nvr4232-16p-4ks3-nvr-8-mp-4k-32-canales-ip-16-puertos-poe-rendimiento-de-160-mbps-smart-h-265-2-bahas-de-disco-duro-42-es-de-alarma-soporta-cmaras-wizsense-2-canales-smd-plus\/","title":{"rendered":"Dahua Dhi-nvr4232-16p-4ks3 Nvr\/\/\/8 Mp\/ 4k \/32 Canales Ip \/ 16 Puertos Poe\/ Rendimiento De 160 Mbps\/ Smart H.265\/ 2 Bahas De Disco Duro\/ 42 Es De Alarma\/ Soporta Cmaras Wizsense\/ 2 Canales Smd Plus"},"content":{"rendered":"<table class=\"descripcion\">\n<tr>\n<td>Caracter\u00edsticas principales<\/td>\n<\/tr>\n<tr>\n<td>\u0095 nueva interfaz de usuario 4.0, base de seguridad 2.1<\/td>\n<\/tr>\n<tr>\n<td>\u0095 h.264, h.265, inteligente h.264+ y inteligente h.265+. detector magn\u00e9tico h.265<\/td>\n<\/tr>\n<tr>\n<td>\u0095 m\u00e1x. capacidad de decodificaci\u00f3n: 8 \u00d7 1080p@30 fps.<\/td>\n<\/tr>\n<tr>\n<td>\u0095 admite decodificaci\u00f3n adaptativa<\/td>\n<\/tr>\n<tr>\n<td>\u0095 admite c\u00e1maras convencionales de protocolos onvif y rtsp<\/td>\n<\/tr>\n<tr>\n<td>\u0095 vigilancia remota p2p, reproducci\u00f3n de v\u00eddeo en dispositivo m\u00f3vil<\/td>\n<\/tr>\n<tr>\n<td>\u0095 salida de v\u00eddeo simult\u00e1nea vga\/hdmi, la resoluci\u00f3n m\u00e1xima de hdmi es 4k<\/td>\n<\/tr>\n<\/table>\n","protected":false},"excerpt":{"rendered":"<p>Informaci\u00f3n general. Dahua nvr4000-4ks2\/l se presenta como el nvr de la serie lite que admite tecnolog\u00eda de codificaci\u00f3n 4k y h.265 con un rendimiento excelente a un precio asequible. Para aplicaciones donde los detalles de la imagen son muy necesarios, ofrece la capacidad de procesamiento con resoluci\u00f3n 4k. El nvr puede funcionar como almacenamiento local, almacenamiento central o almacenamiento de respaldo con un men\u00fa de operaci\u00f3n de acceso directo intuitivo para administraci\u00f3n y control remotos. Protecci\u00f3n perimetral por c\u00e1mara. Filtrar autom\u00e1ticamente falsas alarmas causadas por animales, crujidos de hojas, luces brillantes, etc. Permite que el sistema act\u00fae como reconocimiento secundario de los objetivos. Mejora de la precisi\u00f3n de las alarmas. Smd plus por c\u00e1mara. Con un algoritmo inteligente, la tecnolog\u00eda de detecci\u00f3n de movimiento inteligente de dahua puede categorizar los objetivos que activan la detecci\u00f3n de movimiento y filtrar la alarma de detecci\u00f3n de movimiento activada por objetivos no afectados para realizar una alarma efectiva y precisa.<\/p>\n","protected":false},"featured_media":243031,"comment_status":"open","ping_status":"open","template":"","meta":[],"product_cat":[1689,1768],"product_tag":[1555],"acf":[],"yoast_head":"<!-- This site is optimized with the Yoast SEO plugin v21.7 - https:\/\/yoast.com\/wordpress\/plugins\/seo\/ -->\n<title>[ Dahua ] &#129351; Dhi-nvr4232-16p-4ks3 Nvr\/\/\/8 Mp\/ 4k \/32 Canales Ip \/ 16 Puertos Poe\/ Rendimiento De 160 Mbps\/ Smart H.265\/ 2 Bahas De Disco Duro\/ 42 Es De Alarma\/ Soporta Cmaras Wizsense\/ 2 Canales Smd Plus<\/title>\n<meta name=\"description\" content=\"Compra Dhi-nvr4232-16p-4ks3 Nvr\/\/\/8 Mp\/ 4k \/32 Canales Ip \/ 16 Puertos Poe\/ Rendimiento De 160 Mbps\/ Smart H.265\/ 2 Bahas De Disco Duro\/ 42 Es De Alarma\/ Soporta Cmaras Wizsense\/ 2 Canales Smd Plus + Env\u00edo a domicilio + Pago seguro + Garant\u00eda\" \/>\n<meta name=\"robots\" content=\"index, follow, max-snippet:-1, max-image-preview:large, max-video-preview:-1\" \/>\n<link rel=\"canonical\" href=\"https:\/\/compuviper.mx\/tienda\/producto\/dahua-dhi-nvr4232-16p-4ks3-nvr-8-mp-4k-32-canales-ip-16-puertos-poe-rendimiento-de-160-mbps-smart-h-265-2-bahas-de-disco-duro-42-es-de-alarma-soporta-cmaras-wizsense-2-canales-smd-plus\/\" \/>\n<meta property=\"og:locale\" content=\"es_MX\" \/>\n<meta property=\"og:type\" content=\"article\" \/>\n<meta property=\"og:title\" content=\"[ Dahua ] &#129351; Dhi-nvr4232-16p-4ks3 Nvr\/\/\/8 Mp\/ 4k \/32 Canales Ip \/ 16 Puertos Poe\/ Rendimiento De 160 Mbps\/ Smart H.265\/ 2 Bahas De Disco Duro\/ 42 Es De Alarma\/ Soporta Cmaras Wizsense\/ 2 Canales Smd Plus\" \/>\n<meta property=\"og:description\" content=\"Compra Dhi-nvr4232-16p-4ks3 Nvr\/\/\/8 Mp\/ 4k \/32 Canales Ip \/ 16 Puertos Poe\/ Rendimiento De 160 Mbps\/ Smart H.265\/ 2 Bahas De Disco Duro\/ 42 Es De Alarma\/ Soporta Cmaras Wizsense\/ 2 Canales Smd Plus + Env\u00edo a domicilio + Pago seguro + Garant\u00eda\" \/>\n<meta property=\"og:url\" content=\"https:\/\/compuviper.mx\/tienda\/producto\/dahua-dhi-nvr4232-16p-4ks3-nvr-8-mp-4k-32-canales-ip-16-puertos-poe-rendimiento-de-160-mbps-smart-h-265-2-bahas-de-disco-duro-42-es-de-alarma-soporta-cmaras-wizsense-2-canales-smd-plus\/\" \/>\n<meta property=\"og:site_name\" content=\"Compuviper\" \/>\n<meta property=\"article:publisher\" content=\"https:\/\/www.facebook.com\/compuviper\" \/>\n<meta property=\"og:image\" content=\"https:\/\/compuviper.mx\/tienda\/wp-content\/uploads\/2024\/09\/Nvrdahuadhi-nvr4232-16p-4ks38-mp-4k-32-canales-ip-16-puertos-poe-rendimiento-de-160-mbps-smart-h.265-2-bahias-de-disco-duro-4-and-2-e-and-s-de-alarma-soporta-camaras-wizsense-2-canales-smd-plus.jpg\" \/>\n\t<meta property=\"og:image:width\" content=\"200\" \/>\n\t<meta property=\"og:image:height\" content=\"200\" \/>\n\t<meta property=\"og:image:type\" content=\"image\/jpeg\" \/>\n<meta name=\"twitter:card\" content=\"summary_large_image\" \/>\n<meta name=\"twitter:label1\" content=\"Precio\" \/>\n\t<meta name=\"twitter:data1\" content=\"&#36;4,878 con IVA\" \/>\n\t<meta name=\"twitter:label2\" content=\"Availability\" \/>\n\t<meta name=\"twitter:data2\" content=\"Out of stock\" \/>\n<script type=\"application\/ld+json\" class=\"yoast-schema-graph\">{\"@context\":\"https:\/\/schema.org\",\"@graph\":[{\"@type\":\"WebPage\",\"@id\":\"https:\/\/compuviper.mx\/tienda\/producto\/dahua-dhi-nvr4232-16p-4ks3-nvr-8-mp-4k-32-canales-ip-16-puertos-poe-rendimiento-de-160-mbps-smart-h-265-2-bahas-de-disco-duro-42-es-de-alarma-soporta-cmaras-wizsense-2-canales-smd-plus\/\",\"url\":\"https:\/\/compuviper.mx\/tienda\/producto\/dahua-dhi-nvr4232-16p-4ks3-nvr-8-mp-4k-32-canales-ip-16-puertos-poe-rendimiento-de-160-mbps-smart-h-265-2-bahas-de-disco-duro-42-es-de-alarma-soporta-cmaras-wizsense-2-canales-smd-plus\/\",\"name\":\"[ Dahua ] &#129351; Dhi-nvr4232-16p-4ks3 Nvr\/\/\/8 Mp\/ 4k \/32 Canales Ip \/ 16 Puertos Poe\/ Rendimiento De 160 Mbps\/ Smart H.265\/ 2 Bahas De Disco Duro\/ 42 Es De Alarma\/ Soporta Cmaras Wizsense\/ 2 Canales Smd Plus\",\"isPartOf\":{\"@id\":\"https:\/\/compuviper.mx\/tienda\/#website\"},\"datePublished\":\"2026-04-02T07:23:31+00:00\",\"dateModified\":\"2026-04-02T07:23:31+00:00\",\"description\":\"Compra Dhi-nvr4232-16p-4ks3 Nvr\/\/\/8 Mp\/ 4k \/32 Canales Ip \/ 16 Puertos Poe\/ Rendimiento De 160 Mbps\/ Smart H.265\/ 2 Bahas De Disco Duro\/ 42 Es De Alarma\/ Soporta Cmaras Wizsense\/ 2 Canales Smd Plus + Env\u00edo a domicilio + Pago seguro + Garant\u00eda\",\"breadcrumb\":{\"@id\":\"https:\/\/compuviper.mx\/tienda\/producto\/dahua-dhi-nvr4232-16p-4ks3-nvr-8-mp-4k-32-canales-ip-16-puertos-poe-rendimiento-de-160-mbps-smart-h-265-2-bahas-de-disco-duro-42-es-de-alarma-soporta-cmaras-wizsense-2-canales-smd-plus\/#breadcrumb\"},\"inLanguage\":\"es-MX\",\"potentialAction\":[{\"@type\":\"ReadAction\",\"target\":[\"https:\/\/compuviper.mx\/tienda\/producto\/dahua-dhi-nvr4232-16p-4ks3-nvr-8-mp-4k-32-canales-ip-16-puertos-poe-rendimiento-de-160-mbps-smart-h-265-2-bahas-de-disco-duro-42-es-de-alarma-soporta-cmaras-wizsense-2-canales-smd-plus\/\"]}]},{\"@type\":\"BreadcrumbList\",\"@id\":\"https:\/\/compuviper.mx\/tienda\/producto\/dahua-dhi-nvr4232-16p-4ks3-nvr-8-mp-4k-32-canales-ip-16-puertos-poe-rendimiento-de-160-mbps-smart-h-265-2-bahas-de-disco-duro-42-es-de-alarma-soporta-cmaras-wizsense-2-canales-smd-plus\/#breadcrumb\",\"itemListElement\":[{\"@type\":\"ListItem\",\"position\":1,\"name\":\"Inicio\",\"item\":\"https:\/\/compuviper.mx\/tienda\/\"},{\"@type\":\"ListItem\",\"position\":2,\"name\":\"Productos\",\"item\":\"https:\/\/compuviper.mx\/tienda\/productos\/\"},{\"@type\":\"ListItem\",\"position\":3,\"name\":\"Videograbadores\",\"item\":\"https:\/\/compuviper.mx\/tienda\/categoria-producto\/videograbadores\/\"},{\"@type\":\"ListItem\",\"position\":4,\"name\":\"Nvr\",\"item\":\"https:\/\/compuviper.mx\/tienda\/categoria-producto\/videograbadores\/nvr\/\"},{\"@type\":\"ListItem\",\"position\":5,\"name\":\"Dahua Dhi-nvr4232-16p-4ks3 Nvr\/\/\/8 Mp\/ 4k \/32 Canales Ip \/ 16 Puertos Poe\/ Rendimiento De 160 Mbps\/ Smart H.265\/ 2 Bahas De Disco Duro\/ 42 Es De Alarma\/ Soporta Cmaras Wizsense\/ 2 Canales Smd Plus\"}]},{\"@type\":\"WebSite\",\"@id\":\"https:\/\/compuviper.mx\/tienda\/#website\",\"url\":\"https:\/\/compuviper.mx\/tienda\/\",\"name\":\"Compuviper\",\"description\":\"Proveedor de Computadoras, Laptops, Servidores, Monitores, Puntos de Venta, Teclados,   Impresoras, T\u00f3ner, C\u00e1maras de Seguridad y m\u00e1s en tu tienda en l\u00ednea\",\"publisher\":{\"@id\":\"https:\/\/compuviper.mx\/tienda\/#organization\"},\"potentialAction\":[{\"@type\":\"SearchAction\",\"target\":{\"@type\":\"EntryPoint\",\"urlTemplate\":\"https:\/\/compuviper.mx\/tienda\/?s={search_term_string}\"},\"query-input\":\"required name=search_term_string\"}],\"inLanguage\":\"es-MX\"},{\"@type\":\"Organization\",\"@id\":\"https:\/\/compuviper.mx\/tienda\/#organization\",\"name\":\"Compuviper\",\"url\":\"https:\/\/compuviper.mx\/tienda\/\",\"logo\":{\"@type\":\"ImageObject\",\"inLanguage\":\"es-MX\",\"@id\":\"https:\/\/compuviper.mx\/tienda\/#\/schema\/logo\/image\/\",\"url\":\"https:\/\/compuviper.mx\/tienda\/wp-content\/uploads\/2021\/08\/Logo-Compuviper-10.png\",\"contentUrl\":\"https:\/\/compuviper.mx\/tienda\/wp-content\/uploads\/2021\/08\/Logo-Compuviper-10.png\",\"width\":1000,\"height\":500,\"caption\":\"Compuviper\"},\"image\":{\"@id\":\"https:\/\/compuviper.mx\/tienda\/#\/schema\/logo\/image\/\"},\"sameAs\":[\"https:\/\/www.facebook.com\/compuviper\",\"https:\/\/www.youtube.com\/channel\/UCf73dERp9Y3cfOq7q8BhLjA?view_as=subscriber\"]}]}<\/script>\n<meta property=\"product:brand\" content=\"DAHUA\" \/>\n<meta property=\"product:price:amount\" content=\"4878\" \/>\n<meta property=\"product:price:currency\" content=\"MXN\" \/>\n<meta property=\"og:availability\" content=\"out of stock\" \/>\n<meta property=\"product:availability\" content=\"out of stock\" \/>\n<meta property=\"product:retailer_item_id\" content=\"DHI-NVR4232-16P-4KS3\" \/>\n<meta property=\"product:condition\" content=\"new\" \/>\n<!-- \/ Yoast SEO plugin. -->","yoast_head_json":{"title":"[ Dahua ] &#129351; Dhi-nvr4232-16p-4ks3 Nvr\/\/\/8 Mp\/ 4k \/32 Canales Ip \/ 16 Puertos Poe\/ Rendimiento De 160 Mbps\/ Smart H.265\/ 2 Bahas De Disco Duro\/ 42 Es De Alarma\/ Soporta Cmaras Wizsense\/ 2 Canales Smd Plus","description":"Compra Dhi-nvr4232-16p-4ks3 Nvr\/\/\/8 Mp\/ 4k \/32 Canales Ip \/ 16 Puertos Poe\/ Rendimiento De 160 Mbps\/ Smart H.265\/ 2 Bahas De Disco Duro\/ 42 Es De Alarma\/ Soporta Cmaras Wizsense\/ 2 Canales Smd Plus + Env\u00edo a domicilio + Pago seguro + Garant\u00eda","robots":{"index":"index","follow":"follow","max-snippet":"max-snippet:-1","max-image-preview":"max-image-preview:large","max-video-preview":"max-video-preview:-1"},"canonical":"https:\/\/compuviper.mx\/tienda\/producto\/dahua-dhi-nvr4232-16p-4ks3-nvr-8-mp-4k-32-canales-ip-16-puertos-poe-rendimiento-de-160-mbps-smart-h-265-2-bahas-de-disco-duro-42-es-de-alarma-soporta-cmaras-wizsense-2-canales-smd-plus\/","og_locale":"es_MX","og_type":"article","og_title":"[ Dahua ] &#129351; Dhi-nvr4232-16p-4ks3 Nvr\/\/\/8 Mp\/ 4k \/32 Canales Ip \/ 16 Puertos Poe\/ Rendimiento De 160 Mbps\/ Smart H.265\/ 2 Bahas De Disco Duro\/ 42 Es De Alarma\/ Soporta Cmaras Wizsense\/ 2 Canales Smd Plus","og_description":"Compra Dhi-nvr4232-16p-4ks3 Nvr\/\/\/8 Mp\/ 4k \/32 Canales Ip \/ 16 Puertos Poe\/ Rendimiento De 160 Mbps\/ Smart H.265\/ 2 Bahas De Disco Duro\/ 42 Es De Alarma\/ Soporta Cmaras Wizsense\/ 2 Canales Smd Plus + Env\u00edo a domicilio + Pago seguro + Garant\u00eda","og_url":"https:\/\/compuviper.mx\/tienda\/producto\/dahua-dhi-nvr4232-16p-4ks3-nvr-8-mp-4k-32-canales-ip-16-puertos-poe-rendimiento-de-160-mbps-smart-h-265-2-bahas-de-disco-duro-42-es-de-alarma-soporta-cmaras-wizsense-2-canales-smd-plus\/","og_site_name":"Compuviper","article_publisher":"https:\/\/www.facebook.com\/compuviper","og_image":[{"width":200,"height":200,"url":"https:\/\/compuviper.mx\/tienda\/wp-content\/uploads\/2024\/09\/Nvrdahuadhi-nvr4232-16p-4ks38-mp-4k-32-canales-ip-16-puertos-poe-rendimiento-de-160-mbps-smart-h.265-2-bahias-de-disco-duro-4-and-2-e-and-s-de-alarma-soporta-camaras-wizsense-2-canales-smd-plus.jpg","type":"image\/jpeg"}],"twitter_card":"summary_large_image","twitter_misc":{"Precio":"&#36;4,878 con IVA","Availability":"Out of stock"},"schema":{"@context":"https:\/\/schema.org","@graph":[{"@type":"WebPage","@id":"https:\/\/compuviper.mx\/tienda\/producto\/dahua-dhi-nvr4232-16p-4ks3-nvr-8-mp-4k-32-canales-ip-16-puertos-poe-rendimiento-de-160-mbps-smart-h-265-2-bahas-de-disco-duro-42-es-de-alarma-soporta-cmaras-wizsense-2-canales-smd-plus\/","url":"https:\/\/compuviper.mx\/tienda\/producto\/dahua-dhi-nvr4232-16p-4ks3-nvr-8-mp-4k-32-canales-ip-16-puertos-poe-rendimiento-de-160-mbps-smart-h-265-2-bahas-de-disco-duro-42-es-de-alarma-soporta-cmaras-wizsense-2-canales-smd-plus\/","name":"[ Dahua ] &#129351; Dhi-nvr4232-16p-4ks3 Nvr\/\/\/8 Mp\/ 4k \/32 Canales Ip \/ 16 Puertos Poe\/ Rendimiento De 160 Mbps\/ Smart H.265\/ 2 Bahas De Disco Duro\/ 42 Es De Alarma\/ Soporta Cmaras Wizsense\/ 2 Canales Smd Plus","isPartOf":{"@id":"https:\/\/compuviper.mx\/tienda\/#website"},"datePublished":"2026-04-02T07:23:31+00:00","dateModified":"2026-04-02T07:23:31+00:00","description":"Compra Dhi-nvr4232-16p-4ks3 Nvr\/\/\/8 Mp\/ 4k \/32 Canales Ip \/ 16 Puertos Poe\/ Rendimiento De 160 Mbps\/ Smart H.265\/ 2 Bahas De Disco Duro\/ 42 Es De Alarma\/ Soporta Cmaras Wizsense\/ 2 Canales Smd Plus + Env\u00edo a domicilio + Pago seguro + Garant\u00eda","breadcrumb":{"@id":"https:\/\/compuviper.mx\/tienda\/producto\/dahua-dhi-nvr4232-16p-4ks3-nvr-8-mp-4k-32-canales-ip-16-puertos-poe-rendimiento-de-160-mbps-smart-h-265-2-bahas-de-disco-duro-42-es-de-alarma-soporta-cmaras-wizsense-2-canales-smd-plus\/#breadcrumb"},"inLanguage":"es-MX","potentialAction":[{"@type":"ReadAction","target":["https:\/\/compuviper.mx\/tienda\/producto\/dahua-dhi-nvr4232-16p-4ks3-nvr-8-mp-4k-32-canales-ip-16-puertos-poe-rendimiento-de-160-mbps-smart-h-265-2-bahas-de-disco-duro-42-es-de-alarma-soporta-cmaras-wizsense-2-canales-smd-plus\/"]}]},{"@type":"BreadcrumbList","@id":"https:\/\/compuviper.mx\/tienda\/producto\/dahua-dhi-nvr4232-16p-4ks3-nvr-8-mp-4k-32-canales-ip-16-puertos-poe-rendimiento-de-160-mbps-smart-h-265-2-bahas-de-disco-duro-42-es-de-alarma-soporta-cmaras-wizsense-2-canales-smd-plus\/#breadcrumb","itemListElement":[{"@type":"ListItem","position":1,"name":"Inicio","item":"https:\/\/compuviper.mx\/tienda\/"},{"@type":"ListItem","position":2,"name":"Productos","item":"https:\/\/compuviper.mx\/tienda\/productos\/"},{"@type":"ListItem","position":3,"name":"Videograbadores","item":"https:\/\/compuviper.mx\/tienda\/categoria-producto\/videograbadores\/"},{"@type":"ListItem","position":4,"name":"Nvr","item":"https:\/\/compuviper.mx\/tienda\/categoria-producto\/videograbadores\/nvr\/"},{"@type":"ListItem","position":5,"name":"Dahua Dhi-nvr4232-16p-4ks3 Nvr\/\/\/8 Mp\/ 4k \/32 Canales Ip \/ 16 Puertos Poe\/ Rendimiento De 160 Mbps\/ Smart H.265\/ 2 Bahas De Disco Duro\/ 42 Es De Alarma\/ Soporta Cmaras Wizsense\/ 2 Canales Smd Plus"}]},{"@type":"WebSite","@id":"https:\/\/compuviper.mx\/tienda\/#website","url":"https:\/\/compuviper.mx\/tienda\/","name":"Compuviper","description":"Proveedor de Computadoras, Laptops, Servidores, Monitores, Puntos de Venta, Teclados,   Impresoras, T\u00f3ner, C\u00e1maras de Seguridad y m\u00e1s en tu tienda en l\u00ednea","publisher":{"@id":"https:\/\/compuviper.mx\/tienda\/#organization"},"potentialAction":[{"@type":"SearchAction","target":{"@type":"EntryPoint","urlTemplate":"https:\/\/compuviper.mx\/tienda\/?s={search_term_string}"},"query-input":"required name=search_term_string"}],"inLanguage":"es-MX"},{"@type":"Organization","@id":"https:\/\/compuviper.mx\/tienda\/#organization","name":"Compuviper","url":"https:\/\/compuviper.mx\/tienda\/","logo":{"@type":"ImageObject","inLanguage":"es-MX","@id":"https:\/\/compuviper.mx\/tienda\/#\/schema\/logo\/image\/","url":"https:\/\/compuviper.mx\/tienda\/wp-content\/uploads\/2021\/08\/Logo-Compuviper-10.png","contentUrl":"https:\/\/compuviper.mx\/tienda\/wp-content\/uploads\/2021\/08\/Logo-Compuviper-10.png","width":1000,"height":500,"caption":"Compuviper"},"image":{"@id":"https:\/\/compuviper.mx\/tienda\/#\/schema\/logo\/image\/"},"sameAs":["https:\/\/www.facebook.com\/compuviper","https:\/\/www.youtube.com\/channel\/UCf73dERp9Y3cfOq7q8BhLjA?view_as=subscriber"]}]},"product_brand":"DAHUA","product_price_amount":"4878","product_price_currency":"MXN","og_availability":"out of stock","product_availability":"out of stock","product_retailer_item_id":"DHI-NVR4232-16P-4KS3","product_condition":"new"},"_links":{"self":[{"href":"https:\/\/compuviper.mx\/tienda\/wp-json\/wp\/v2\/product\/234964"}],"collection":[{"href":"https:\/\/compuviper.mx\/tienda\/wp-json\/wp\/v2\/product"}],"about":[{"href":"https:\/\/compuviper.mx\/tienda\/wp-json\/wp\/v2\/types\/product"}],"replies":[{"embeddable":true,"href":"https:\/\/compuviper.mx\/tienda\/wp-json\/wp\/v2\/comments?post=234964"}],"wp:featuredmedia":[{"embeddable":true,"href":"https:\/\/compuviper.mx\/tienda\/wp-json\/wp\/v2\/media\/243031"}],"wp:attachment":[{"href":"https:\/\/compuviper.mx\/tienda\/wp-json\/wp\/v2\/media?parent=234964"}],"wp:term":[{"taxonomy":"product_cat","embeddable":true,"href":"https:\/\/compuviper.mx\/tienda\/wp-json\/wp\/v2\/product_cat?post=234964"},{"taxonomy":"product_tag","embeddable":true,"href":"https:\/\/compuviper.mx\/tienda\/wp-json\/wp\/v2\/product_tag?post=234964"}],"curies":[{"name":"wp","href":"https:\/\/api.w.org\/{rel}","templated":true}]}}