{"id":234937,"date":"2026-04-02T02:06:29","date_gmt":"2026-04-02T08:06:29","guid":{"rendered":"https:\/\/compuviper.mx\/tienda\/producto\/poly-7s447aaaba-diadema-hp-inalambrica-dect-version-microsoft-teams-conecta-telefono-de-escritorio-celular-y-pc-alcance-de-hasta-180-metros\/"},"modified":"2026-04-02T02:06:29","modified_gmt":"2026-04-02T08:06:29","slug":"poly-7s447aaaba-diadema-hp-7s447aaaba-savi-8210-m-office-inalambrica-dect-version-microsoft-teams-conecta-telefono-de-escritorio-celular-y-pc-alcance-de-hasta-180-metros","status":"publish","type":"product","link":"https:\/\/compuviper.mx\/tienda\/producto\/poly-7s447aaaba-diadema-hp-7s447aaaba-savi-8210-m-office-inalambrica-dect-version-microsoft-teams-conecta-telefono-de-escritorio-celular-y-pc-alcance-de-hasta-180-metros\/","title":{"rendered":"Poly 7s447aa#aba Diadema Hp  7s447aaaba Savi 8210-m Office\/ Inalambrica Dect Version Microsoft Teams Conecta Telefono De Escritorio, Celular Y Pc Alcance De Hasta 180 Metros"},"content":{"rendered":"<table class=\"descripcion\">\n<tr>\n<td>Especificaciones t\u00e9cnicas<\/td>\n<\/tr>\n<tr>\n<td>Audio<\/td>\n<\/tr>\n<tr>\n<td>Monoaural (savi 8210, savi 8240, savi 8245) o biaural (savi 8220), perfil de distribuci\u00f3n de audio avanzado (a2dp), avrcp, bluetooth<\/td>\n<\/tr>\n<tr>\n<td>Manos libres (hfp) (variantes de oficina), perfil bluetooth aud\u00edfonos (hsp) (variantes de oficina), cancelaci\u00f3n de ruido y banda ancha: de 100 hz a 6.8 khz<\/td>\n<\/tr>\n<tr>\n<td>Conexi\u00f3n conpc, smartphones\/tabletas y tel\u00e9fonos de escritorio con bluetooth (variantes de oficina)<\/td>\n<\/tr>\n<tr>\n<td>Alcance inal\u00e1mbricocampo visual: 180 m, entorno de oficina t\u00edpico: 55 m<\/td>\n<\/tr>\n<tr>\n<td>Conectividad inal\u00e1mbricadect, conectividad multipunto (variantes de oficina)<\/td>\n<\/tr>\n<tr>\n<td>Peso del productosavi 8210: 115 gramos, savi 8220: 160 gramos, savi 8240\/savi 8245: 21 gramos<\/td>\n<\/tr>\n<tr>\n<td>Garant\u00edaun a\u00f1o de garant\u00eda limitada en norteam\u00e9rica; dos a\u00f1os en el resto del mundo\/ https:\/\/www.plantronics.com\/mx\/es\/legal\/warranty<\/td>\n<\/tr>\n<tr>\n<td>Bater\u00eda<\/td>\n<\/tr>\n<tr>\n<td>Savi 8210 y savi 8220<\/td>\n<\/tr>\n<tr>\n<td>Tiempo de conversaci\u00f3n: hasta 13 horas<\/td>\n<\/tr>\n<tr>\n<td>Tiempo de espera: hasta 50 horas<\/td>\n<\/tr>\n<tr>\n<td>Savi 8240<\/td>\n<\/tr>\n<tr>\n<td>Tiempo de conversaci\u00f3n: hasta 7 horas<\/td>\n<\/tr>\n<tr>\n<td>Tiempo de espera: hasta 30 horas<\/td>\n<\/tr>\n<tr>\n<td>Tiempo de espera: hasta 50 horas<\/td>\n<\/tr>\n<tr>\n<td>Savi 8245<\/td>\n<\/tr>\n<tr>\n<td>Tiempo de conversaci\u00f3n ilimitado con bater\u00eda intercambiable en caliente<\/td>\n<\/tr>\n<\/table>\n","protected":false},"excerpt":{"rendered":"<p>Poly savi de la serie 8200 para oficina. Sistema inal\u00e1mbrico de auriculares dect. Realiza conferencias en hasta dos dispositivos a la vez. Aseg\u00farate de que tus conversaciones sean privadas y escuches claramente. Elecci\u00f3n de tres estilos de uso. Libertad de movimiento y tiempos de conversaci\u00f3n prolongados<\/p>\n","protected":false},"featured_media":243475,"comment_status":"open","ping_status":"open","template":"","meta":[],"product_cat":[1816,1552],"product_tag":[2035],"acf":[],"yoast_head":"<!-- This site is optimized with the Yoast SEO plugin v21.7 - https:\/\/yoast.com\/wordpress\/plugins\/seo\/ -->\n<title>[ Poly ] &#129351; 7s447aa#aba Diadema Hp 7s447aaaba Savi 8210-m Office\/ Inalambrica Dect Version Microsoft Teams Conecta Telefono De Escritorio, Celular Y Pc Alcance De Hasta 180 Metros<\/title>\n<meta name=\"description\" content=\"Compra 7s447aa#aba Diadema Hp 7s447aaaba Savi 8210-m Office\/ Inalambrica Dect Version Microsoft Teams Conecta Telefono De Escritorio, Celular Y Pc Alcance De Hasta 180 Metros + Env\u00edo a domicilio + Pago seguro + Garant\u00eda\" \/>\n<meta name=\"robots\" content=\"index, follow, max-snippet:-1, max-image-preview:large, max-video-preview:-1\" \/>\n<link rel=\"canonical\" href=\"https:\/\/compuviper.mx\/tienda\/producto\/poly-7s447aaaba-diadema-hp-7s447aaaba-savi-8210-m-office-inalambrica-dect-version-microsoft-teams-conecta-telefono-de-escritorio-celular-y-pc-alcance-de-hasta-180-metros\/\" \/>\n<meta property=\"og:locale\" content=\"es_MX\" \/>\n<meta property=\"og:type\" content=\"article\" \/>\n<meta property=\"og:title\" content=\"[ Poly ] &#129351; 7s447aa#aba Diadema Hp 7s447aaaba Savi 8210-m Office\/ Inalambrica Dect Version Microsoft Teams Conecta Telefono De Escritorio, Celular Y Pc Alcance De Hasta 180 Metros\" \/>\n<meta property=\"og:description\" content=\"Compra 7s447aa#aba Diadema Hp 7s447aaaba Savi 8210-m Office\/ Inalambrica Dect Version Microsoft Teams Conecta Telefono De Escritorio, Celular Y Pc Alcance De Hasta 180 Metros + Env\u00edo a domicilio + Pago seguro + Garant\u00eda\" \/>\n<meta property=\"og:url\" content=\"https:\/\/compuviper.mx\/tienda\/producto\/poly-7s447aaaba-diadema-hp-7s447aaaba-savi-8210-m-office-inalambrica-dect-version-microsoft-teams-conecta-telefono-de-escritorio-celular-y-pc-alcance-de-hasta-180-metros\/\" \/>\n<meta property=\"og:site_name\" content=\"Compuviper\" \/>\n<meta property=\"article:publisher\" content=\"https:\/\/www.facebook.com\/compuviper\" \/>\n<meta property=\"og:image\" content=\"https:\/\/compuviper.mx\/tienda\/wp-content\/uploads\/2024\/09\/Diadema-hp-poly-7s447aaaba-savi-8210-m-office-inalambrica-dect-version-microsoft-teams-conecta-telefono-de-escritorio-celular-y-pc-alcance-de-hasta-180-metros.jpg\" \/>\n\t<meta property=\"og:image:width\" content=\"200\" \/>\n\t<meta property=\"og:image:height\" content=\"200\" \/>\n\t<meta property=\"og:image:type\" content=\"image\/jpeg\" \/>\n<meta name=\"twitter:card\" content=\"summary_large_image\" \/>\n<meta name=\"twitter:label1\" content=\"Precio\" \/>\n\t<meta name=\"twitter:data1\" content=\"&#36;7,004 con IVA\" \/>\n\t<meta name=\"twitter:label2\" content=\"Availability\" \/>\n\t<meta name=\"twitter:data2\" content=\"On backorder\" \/>\n<script type=\"application\/ld+json\" class=\"yoast-schema-graph\">{\"@context\":\"https:\/\/schema.org\",\"@graph\":[{\"@type\":\"WebPage\",\"@id\":\"https:\/\/compuviper.mx\/tienda\/producto\/poly-7s447aaaba-diadema-hp-7s447aaaba-savi-8210-m-office-inalambrica-dect-version-microsoft-teams-conecta-telefono-de-escritorio-celular-y-pc-alcance-de-hasta-180-metros\/\",\"url\":\"https:\/\/compuviper.mx\/tienda\/producto\/poly-7s447aaaba-diadema-hp-7s447aaaba-savi-8210-m-office-inalambrica-dect-version-microsoft-teams-conecta-telefono-de-escritorio-celular-y-pc-alcance-de-hasta-180-metros\/\",\"name\":\"[ Poly ] &#129351; 7s447aa#aba Diadema Hp 7s447aaaba Savi 8210-m Office\/ Inalambrica Dect Version Microsoft Teams Conecta Telefono De Escritorio, Celular Y Pc Alcance De Hasta 180 Metros\",\"isPartOf\":{\"@id\":\"https:\/\/compuviper.mx\/tienda\/#website\"},\"datePublished\":\"2026-04-02T08:06:29+00:00\",\"dateModified\":\"2026-04-02T08:06:29+00:00\",\"description\":\"Compra 7s447aa#aba Diadema Hp 7s447aaaba Savi 8210-m Office\/ Inalambrica Dect Version Microsoft Teams Conecta Telefono De Escritorio, Celular Y Pc Alcance De Hasta 180 Metros + Env\u00edo a domicilio + Pago seguro + Garant\u00eda\",\"breadcrumb\":{\"@id\":\"https:\/\/compuviper.mx\/tienda\/producto\/poly-7s447aaaba-diadema-hp-7s447aaaba-savi-8210-m-office-inalambrica-dect-version-microsoft-teams-conecta-telefono-de-escritorio-celular-y-pc-alcance-de-hasta-180-metros\/#breadcrumb\"},\"inLanguage\":\"es-MX\",\"potentialAction\":[{\"@type\":\"ReadAction\",\"target\":[\"https:\/\/compuviper.mx\/tienda\/producto\/poly-7s447aaaba-diadema-hp-7s447aaaba-savi-8210-m-office-inalambrica-dect-version-microsoft-teams-conecta-telefono-de-escritorio-celular-y-pc-alcance-de-hasta-180-metros\/\"]}]},{\"@type\":\"BreadcrumbList\",\"@id\":\"https:\/\/compuviper.mx\/tienda\/producto\/poly-7s447aaaba-diadema-hp-7s447aaaba-savi-8210-m-office-inalambrica-dect-version-microsoft-teams-conecta-telefono-de-escritorio-celular-y-pc-alcance-de-hasta-180-metros\/#breadcrumb\",\"itemListElement\":[{\"@type\":\"ListItem\",\"position\":1,\"name\":\"Inicio\",\"item\":\"https:\/\/compuviper.mx\/tienda\/\"},{\"@type\":\"ListItem\",\"position\":2,\"name\":\"Productos\",\"item\":\"https:\/\/compuviper.mx\/tienda\/productos\/\"},{\"@type\":\"ListItem\",\"position\":3,\"name\":\"Audifonos Y Micro\",\"item\":\"https:\/\/compuviper.mx\/tienda\/categoria-producto\/audifonos-y-micro\/\"},{\"@type\":\"ListItem\",\"position\":4,\"name\":\"Audifono Con Microfono\",\"item\":\"https:\/\/compuviper.mx\/tienda\/categoria-producto\/audifonos-y-micro\/audifono-con-microfono\/\"},{\"@type\":\"ListItem\",\"position\":5,\"name\":\"Poly 7s447aa#aba Diadema Hp 7s447aaaba Savi 8210-m Office\/ Inalambrica Dect Version Microsoft Teams Conecta Telefono De Escritorio, Celular Y Pc Alcance De Hasta 180 Metros\"}]},{\"@type\":\"WebSite\",\"@id\":\"https:\/\/compuviper.mx\/tienda\/#website\",\"url\":\"https:\/\/compuviper.mx\/tienda\/\",\"name\":\"Compuviper\",\"description\":\"Proveedor de Computadoras, Laptops, Servidores, Monitores, Puntos de Venta, Teclados,   Impresoras, T\u00f3ner, C\u00e1maras de Seguridad y m\u00e1s en tu tienda en l\u00ednea\",\"publisher\":{\"@id\":\"https:\/\/compuviper.mx\/tienda\/#organization\"},\"potentialAction\":[{\"@type\":\"SearchAction\",\"target\":{\"@type\":\"EntryPoint\",\"urlTemplate\":\"https:\/\/compuviper.mx\/tienda\/?s={search_term_string}\"},\"query-input\":\"required name=search_term_string\"}],\"inLanguage\":\"es-MX\"},{\"@type\":\"Organization\",\"@id\":\"https:\/\/compuviper.mx\/tienda\/#organization\",\"name\":\"Compuviper\",\"url\":\"https:\/\/compuviper.mx\/tienda\/\",\"logo\":{\"@type\":\"ImageObject\",\"inLanguage\":\"es-MX\",\"@id\":\"https:\/\/compuviper.mx\/tienda\/#\/schema\/logo\/image\/\",\"url\":\"https:\/\/compuviper.mx\/tienda\/wp-content\/uploads\/2021\/08\/Logo-Compuviper-10.png\",\"contentUrl\":\"https:\/\/compuviper.mx\/tienda\/wp-content\/uploads\/2021\/08\/Logo-Compuviper-10.png\",\"width\":1000,\"height\":500,\"caption\":\"Compuviper\"},\"image\":{\"@id\":\"https:\/\/compuviper.mx\/tienda\/#\/schema\/logo\/image\/\"},\"sameAs\":[\"https:\/\/www.facebook.com\/compuviper\",\"https:\/\/www.youtube.com\/channel\/UCf73dERp9Y3cfOq7q8BhLjA?view_as=subscriber\"]}]}<\/script>\n<meta property=\"product:brand\" content=\"POLY\" \/>\n<meta property=\"product:price:amount\" content=\"7004\" \/>\n<meta property=\"product:price:currency\" content=\"MXN\" \/>\n<meta property=\"og:availability\" content=\"backorder\" \/>\n<meta property=\"product:availability\" content=\"available for order\" \/>\n<meta property=\"product:retailer_item_id\" content=\"7S447AA#ABA\" \/>\n<meta property=\"product:condition\" content=\"new\" \/>\n<!-- \/ Yoast SEO plugin. -->","yoast_head_json":{"title":"[ Poly ] &#129351; 7s447aa#aba Diadema Hp 7s447aaaba Savi 8210-m Office\/ Inalambrica Dect Version Microsoft Teams Conecta Telefono De Escritorio, Celular Y Pc Alcance De Hasta 180 Metros","description":"Compra 7s447aa#aba Diadema Hp 7s447aaaba Savi 8210-m Office\/ Inalambrica Dect Version Microsoft Teams Conecta Telefono De Escritorio, Celular Y Pc Alcance De Hasta 180 Metros + Env\u00edo a domicilio + Pago seguro + Garant\u00eda","robots":{"index":"index","follow":"follow","max-snippet":"max-snippet:-1","max-image-preview":"max-image-preview:large","max-video-preview":"max-video-preview:-1"},"canonical":"https:\/\/compuviper.mx\/tienda\/producto\/poly-7s447aaaba-diadema-hp-7s447aaaba-savi-8210-m-office-inalambrica-dect-version-microsoft-teams-conecta-telefono-de-escritorio-celular-y-pc-alcance-de-hasta-180-metros\/","og_locale":"es_MX","og_type":"article","og_title":"[ Poly ] &#129351; 7s447aa#aba Diadema Hp 7s447aaaba Savi 8210-m Office\/ Inalambrica Dect Version Microsoft Teams Conecta Telefono De Escritorio, Celular Y Pc Alcance De Hasta 180 Metros","og_description":"Compra 7s447aa#aba Diadema Hp 7s447aaaba Savi 8210-m Office\/ Inalambrica Dect Version Microsoft Teams Conecta Telefono De Escritorio, Celular Y Pc Alcance De Hasta 180 Metros + Env\u00edo a domicilio + Pago seguro + Garant\u00eda","og_url":"https:\/\/compuviper.mx\/tienda\/producto\/poly-7s447aaaba-diadema-hp-7s447aaaba-savi-8210-m-office-inalambrica-dect-version-microsoft-teams-conecta-telefono-de-escritorio-celular-y-pc-alcance-de-hasta-180-metros\/","og_site_name":"Compuviper","article_publisher":"https:\/\/www.facebook.com\/compuviper","og_image":[{"width":200,"height":200,"url":"https:\/\/compuviper.mx\/tienda\/wp-content\/uploads\/2024\/09\/Diadema-hp-poly-7s447aaaba-savi-8210-m-office-inalambrica-dect-version-microsoft-teams-conecta-telefono-de-escritorio-celular-y-pc-alcance-de-hasta-180-metros.jpg","type":"image\/jpeg"}],"twitter_card":"summary_large_image","twitter_misc":{"Precio":"&#36;7,004 con IVA","Availability":"On backorder"},"schema":{"@context":"https:\/\/schema.org","@graph":[{"@type":"WebPage","@id":"https:\/\/compuviper.mx\/tienda\/producto\/poly-7s447aaaba-diadema-hp-7s447aaaba-savi-8210-m-office-inalambrica-dect-version-microsoft-teams-conecta-telefono-de-escritorio-celular-y-pc-alcance-de-hasta-180-metros\/","url":"https:\/\/compuviper.mx\/tienda\/producto\/poly-7s447aaaba-diadema-hp-7s447aaaba-savi-8210-m-office-inalambrica-dect-version-microsoft-teams-conecta-telefono-de-escritorio-celular-y-pc-alcance-de-hasta-180-metros\/","name":"[ Poly ] &#129351; 7s447aa#aba Diadema Hp 7s447aaaba Savi 8210-m Office\/ Inalambrica Dect Version Microsoft Teams Conecta Telefono De Escritorio, Celular Y Pc Alcance De Hasta 180 Metros","isPartOf":{"@id":"https:\/\/compuviper.mx\/tienda\/#website"},"datePublished":"2026-04-02T08:06:29+00:00","dateModified":"2026-04-02T08:06:29+00:00","description":"Compra 7s447aa#aba Diadema Hp 7s447aaaba Savi 8210-m Office\/ Inalambrica Dect Version Microsoft Teams Conecta Telefono De Escritorio, Celular Y Pc Alcance De Hasta 180 Metros + Env\u00edo a domicilio + Pago seguro + Garant\u00eda","breadcrumb":{"@id":"https:\/\/compuviper.mx\/tienda\/producto\/poly-7s447aaaba-diadema-hp-7s447aaaba-savi-8210-m-office-inalambrica-dect-version-microsoft-teams-conecta-telefono-de-escritorio-celular-y-pc-alcance-de-hasta-180-metros\/#breadcrumb"},"inLanguage":"es-MX","potentialAction":[{"@type":"ReadAction","target":["https:\/\/compuviper.mx\/tienda\/producto\/poly-7s447aaaba-diadema-hp-7s447aaaba-savi-8210-m-office-inalambrica-dect-version-microsoft-teams-conecta-telefono-de-escritorio-celular-y-pc-alcance-de-hasta-180-metros\/"]}]},{"@type":"BreadcrumbList","@id":"https:\/\/compuviper.mx\/tienda\/producto\/poly-7s447aaaba-diadema-hp-7s447aaaba-savi-8210-m-office-inalambrica-dect-version-microsoft-teams-conecta-telefono-de-escritorio-celular-y-pc-alcance-de-hasta-180-metros\/#breadcrumb","itemListElement":[{"@type":"ListItem","position":1,"name":"Inicio","item":"https:\/\/compuviper.mx\/tienda\/"},{"@type":"ListItem","position":2,"name":"Productos","item":"https:\/\/compuviper.mx\/tienda\/productos\/"},{"@type":"ListItem","position":3,"name":"Audifonos Y Micro","item":"https:\/\/compuviper.mx\/tienda\/categoria-producto\/audifonos-y-micro\/"},{"@type":"ListItem","position":4,"name":"Audifono Con Microfono","item":"https:\/\/compuviper.mx\/tienda\/categoria-producto\/audifonos-y-micro\/audifono-con-microfono\/"},{"@type":"ListItem","position":5,"name":"Poly 7s447aa#aba Diadema Hp 7s447aaaba Savi 8210-m Office\/ Inalambrica Dect Version Microsoft Teams Conecta Telefono De Escritorio, Celular Y Pc Alcance De Hasta 180 Metros"}]},{"@type":"WebSite","@id":"https:\/\/compuviper.mx\/tienda\/#website","url":"https:\/\/compuviper.mx\/tienda\/","name":"Compuviper","description":"Proveedor de Computadoras, Laptops, Servidores, Monitores, Puntos de Venta, Teclados,   Impresoras, T\u00f3ner, C\u00e1maras de Seguridad y m\u00e1s en tu tienda en l\u00ednea","publisher":{"@id":"https:\/\/compuviper.mx\/tienda\/#organization"},"potentialAction":[{"@type":"SearchAction","target":{"@type":"EntryPoint","urlTemplate":"https:\/\/compuviper.mx\/tienda\/?s={search_term_string}"},"query-input":"required name=search_term_string"}],"inLanguage":"es-MX"},{"@type":"Organization","@id":"https:\/\/compuviper.mx\/tienda\/#organization","name":"Compuviper","url":"https:\/\/compuviper.mx\/tienda\/","logo":{"@type":"ImageObject","inLanguage":"es-MX","@id":"https:\/\/compuviper.mx\/tienda\/#\/schema\/logo\/image\/","url":"https:\/\/compuviper.mx\/tienda\/wp-content\/uploads\/2021\/08\/Logo-Compuviper-10.png","contentUrl":"https:\/\/compuviper.mx\/tienda\/wp-content\/uploads\/2021\/08\/Logo-Compuviper-10.png","width":1000,"height":500,"caption":"Compuviper"},"image":{"@id":"https:\/\/compuviper.mx\/tienda\/#\/schema\/logo\/image\/"},"sameAs":["https:\/\/www.facebook.com\/compuviper","https:\/\/www.youtube.com\/channel\/UCf73dERp9Y3cfOq7q8BhLjA?view_as=subscriber"]}]},"product_brand":"POLY","product_price_amount":"7004","product_price_currency":"MXN","og_availability":"backorder","product_availability":"available for order","product_retailer_item_id":"7S447AA#ABA","product_condition":"new"},"_links":{"self":[{"href":"https:\/\/compuviper.mx\/tienda\/wp-json\/wp\/v2\/product\/234937"}],"collection":[{"href":"https:\/\/compuviper.mx\/tienda\/wp-json\/wp\/v2\/product"}],"about":[{"href":"https:\/\/compuviper.mx\/tienda\/wp-json\/wp\/v2\/types\/product"}],"replies":[{"embeddable":true,"href":"https:\/\/compuviper.mx\/tienda\/wp-json\/wp\/v2\/comments?post=234937"}],"wp:featuredmedia":[{"embeddable":true,"href":"https:\/\/compuviper.mx\/tienda\/wp-json\/wp\/v2\/media\/243475"}],"wp:attachment":[{"href":"https:\/\/compuviper.mx\/tienda\/wp-json\/wp\/v2\/media?parent=234937"}],"wp:term":[{"taxonomy":"product_cat","embeddable":true,"href":"https:\/\/compuviper.mx\/tienda\/wp-json\/wp\/v2\/product_cat?post=234937"},{"taxonomy":"product_tag","embeddable":true,"href":"https:\/\/compuviper.mx\/tienda\/wp-json\/wp\/v2\/product_tag?post=234937"}],"curies":[{"name":"wp","href":"https:\/\/api.w.org\/{rel}","templated":true}]}}