{"id":234928,"date":"2026-04-18T01:11:48","date_gmt":"2026-04-18T07:11:48","guid":{"rendered":"https:\/\/compuviper.mx\/tienda\/producto\/grandstream-gwn7002-router-gigabit-vpn-balanceador-de-cargas-30000-sesiones-nat-4-puertos-10-100-1000-mbps-2-puertos-sfp-wan-lan-1-puerto-entrada-poeaf-at-2-puertos-salida-poe-af-at\/"},"modified":"2026-04-18T01:11:48","modified_gmt":"2026-04-18T07:11:48","slug":"grandstream-gwn7002-router-gigabit-vpn-balanceador-de-cargas-30000-sesiones-nat-4-puertos-10-100-1000-mbps-2-puertos-sfp-wan-lan-1-puerto-entrada-poeaf-at-2-puertos-salida-poe-af-at","status":"publish","type":"product","link":"https:\/\/compuviper.mx\/tienda\/producto\/grandstream-gwn7002-router-gigabit-vpn-balanceador-de-cargas-30000-sesiones-nat-4-puertos-10-100-1000-mbps-2-puertos-sfp-wan-lan-1-puerto-entrada-poeaf-at-2-puertos-salida-poe-af-at\/","title":{"rendered":"Grandstream Gwn7002 Router   \/gigabit Vpn Balanceador De Cargas 30,000 Sesiones Nat 4 Puertos 10\/100\/1000 Mbps 2 Puertos Sfp Wan\/lan 1 Puerto Entrada Poeaf\/at 2 Puertos Salida Poe Af\/at"},"content":{"rendered":"<table class=\"descripcion\">\n<tr>\n<td>Especificaciones<\/td>\n<\/tr>\n<tr>\n<td>Sesiones de memoria y nat256 mb de ram, 256 mb de flash, 30 000 sesiones nat<\/td>\n<\/tr>\n<tr>\n<td>Enrutamiento nat y rendimiento de vpn ipsecenrutamiento nat de 2,2 gbps y rendimiento vpn ipsec de 530 mbps<\/td>\n<\/tr>\n<tr>\n<td>Est\u00e1ndares wi-fin \/ a<\/td>\n<\/tr>\n<tr>\n<td>Interfaces de red2 puertos wan\/lan 2,5 gigabit sfp, 4 puertos wan\/lan gigabit ethernet<\/td>\n<\/tr>\n<tr>\n<td>Protocolos de redipv4, ipv6, ieee802.1q, ieee 802.1p, ieee802.1x, ieee802.3, ieee 802.3u, ieee 802.3x, ieee802.3ab<\/td>\n<\/tr>\n<tr>\n<td>Salida poe<\/td>\n<\/tr>\n<tr>\n<td>Est\u00e1ndar: ieee 802.3af\/at<\/td>\n<\/tr>\n<tr>\n<td>2x puertos de salida poe<\/td>\n<\/tr>\n<tr>\n<td>Pasivo 48v o ieee802.3af<\/td>\n<\/tr>\n<tr>\n<td>Calidad de serviciovlan, tos, compatibilidad con m\u00faltiples clases de tr\u00e1fico, filtrado por puerto, direcci\u00f3n ip, dscp y vigilancia, app qos, priorizaci\u00f3n de voip<\/td>\n<\/tr>\n<tr>\n<td>Cortafuegosddns, reenv\u00edo de puertos, dmz, upnp, anti-dos, reglas de tr\u00e1fico, nat, alg, servicio turn<\/td>\n<\/tr>\n<tr>\n<td>Vpn<\/td>\n<\/tr>\n<tr>\n<td>Servidor vpn ssl \/ cliente a sitio<\/td>\n<\/tr>\n<tr>\n<td>Vpn ipsec de cliente a sitio \/ de sitio a sitio<\/td>\n<\/tr>\n<tr>\n<td>Servidor vpn pptp \/ cliente a sitio<\/td>\n<\/tr>\n<tr>\n<td>Cliente l2tp a sitio<\/td>\n<\/tr>\n<tr>\n<td>Wireguard (pendiente)<\/td>\n<\/tr>\n<tr>\n<td>Cifrado ipsec: des, 3des, aes<\/td>\n<\/tr>\n<tr>\n<td>Autenticaci\u00f3n ipsec: md5, sha-1, sha2-256<\/td>\n<\/tr>\n<tr>\n<td>Intercambio de claves ipsec: modo principal\/agresivo, clave previamente compartida, grupos dh 1\/2\/5\/14<\/td>\n<\/tr>\n<tr>\n<td>Protocolos ipsec: esp<\/td>\n<\/tr>\n<tr>\n<td>Recorrido nat ipsec<\/td>\n<\/tr>\n<tr>\n<td>Cifrado ssl vpn: aes, des<\/td>\n<\/tr>\n<tr>\n<td>Autenticaci\u00f3n ssl: md5, sha-1, sha2-256, sha2-384, sha2-512<\/td>\n<\/tr>\n<tr>\n<td>Certificado ssl vpn: rsa<\/td>\n<\/tr>\n<tr>\n<td>Cifrado pptp: mppe de 40 bits, 128 bits, ipsec<\/td>\n<\/tr>\n<tr>\n<td>Autenticaci\u00f3n pptp\/l2tp: ms-chapv1\/2<\/td>\n<\/tr>\n<\/table>\n","protected":false},"excerpt":{"rendered":"<p>Los gwn7001\/7002\/7003 son routers vpn gigabit con m\u00faltiple wan y firewalls integrados que permiten a las empresas crear redes. Vpn, inal\u00e1mbricas y por cable para una o varias ubicaciones. Ofrecen enrutamiento de alto rendimiento y potencia de switching. Con soporte vpn integrado para una conectividad segura en la oficina y entre las oficinas. Para brindar protecci\u00f3n de seguridad de. Nivel empresarial y garantizar un funcionamiento estable de la red, el gwn 7001\/7002\/7003 cuenta con un firewall incorporado con. Seguridad de contenido avanzada, filtrado, detecci\u00f3n de amenazas, prevenci\u00f3n de ataques y m\u00e1s. Para maximizar la confiabilidad. De la red, permite capacidades de balance de carga de tr\u00e1fico, switching por error y administraci\u00f3n de ancho de banda. El gwn7001. Incluye 6 puertos gigabit ethernet. El gwn7002\/7003 incluye 2 puertos gigabit sfp, 4\/9 puertos gigabit ethernet y 2 puertos de. Salida poe que les permiten proporcionar energ\u00eda a otros terminales. Estos routers pueden administrarse a s\u00ed mismos y hasta. 150 puntos de acceso wi-fi de la serie grandstream gwn gracias a su controlador integrado ubicado en la interfaz de usuario. Web de los productos. Estos routers tambi\u00e9n se pueden administrar con gwn.Cloud y gwn manager, las herramientas gratuitas. De administraci\u00f3n de redes locales y en la nube de grandstream. Al permitir triple play, se pueden asignar diferentes vlan y. Prioridades a diferentes servicios como internet, iptv y voip al proporcionar enrutamiento de alto rendimiento, compatibilidad con. Vpn, protecci\u00f3n de seguridad potente y herramientas de administraci\u00f3n de red f\u00e1ciles de usar, los routers vpn gigabit gwn son. Ideales p<\/p>\n","protected":false},"featured_media":242856,"comment_status":"open","ping_status":"open","template":"","meta":[],"product_cat":[1563,1753],"product_tag":[1576],"acf":[],"yoast_head":"<!-- This site is optimized with the Yoast SEO plugin v21.7 - https:\/\/yoast.com\/wordpress\/plugins\/seo\/ -->\n<title>[ Grandstream ] &#129351; Gwn7002 Router \/gigabit Vpn Balanceador De Cargas 30,000 Sesiones Nat 4 Puertos 10\/100\/1000 Mbps 2 Puertos Sfp Wan\/lan 1 Puerto Entrada Poeaf\/at 2 Puertos Salida Poe Af\/at<\/title>\n<meta name=\"description\" content=\"Compra Gwn7002 Router \/gigabit Vpn Balanceador De Cargas 30,000 Sesiones Nat 4 Puertos 10\/100\/1000 Mbps 2 Puertos Sfp Wan\/lan 1 Puerto Entrada Poeaf\/at 2 Puertos Salida Poe Af\/at + Env\u00edo a domicilio + Pago seguro + Garant\u00eda\" \/>\n<meta name=\"robots\" content=\"index, follow, max-snippet:-1, max-image-preview:large, max-video-preview:-1\" \/>\n<link rel=\"canonical\" href=\"https:\/\/compuviper.mx\/tienda\/producto\/grandstream-gwn7002-router-gigabit-vpn-balanceador-de-cargas-30000-sesiones-nat-4-puertos-10-100-1000-mbps-2-puertos-sfp-wan-lan-1-puerto-entrada-poeaf-at-2-puertos-salida-poe-af-at\/\" \/>\n<meta property=\"og:locale\" content=\"es_MX\" \/>\n<meta property=\"og:type\" content=\"article\" \/>\n<meta property=\"og:title\" content=\"[ Grandstream ] &#129351; Gwn7002 Router \/gigabit Vpn Balanceador De Cargas 30,000 Sesiones Nat 4 Puertos 10\/100\/1000 Mbps 2 Puertos Sfp Wan\/lan 1 Puerto Entrada Poeaf\/at 2 Puertos Salida Poe Af\/at\" \/>\n<meta property=\"og:description\" content=\"Compra Gwn7002 Router \/gigabit Vpn Balanceador De Cargas 30,000 Sesiones Nat 4 Puertos 10\/100\/1000 Mbps 2 Puertos Sfp Wan\/lan 1 Puerto Entrada Poeaf\/at 2 Puertos Salida Poe Af\/at + Env\u00edo a domicilio + Pago seguro + Garant\u00eda\" \/>\n<meta property=\"og:url\" content=\"https:\/\/compuviper.mx\/tienda\/producto\/grandstream-gwn7002-router-gigabit-vpn-balanceador-de-cargas-30000-sesiones-nat-4-puertos-10-100-1000-mbps-2-puertos-sfp-wan-lan-1-puerto-entrada-poeaf-at-2-puertos-salida-poe-af-at\/\" \/>\n<meta property=\"og:site_name\" content=\"Compuviper\" \/>\n<meta property=\"article:publisher\" content=\"https:\/\/www.facebook.com\/compuviper\" \/>\n<meta property=\"og:image\" content=\"https:\/\/compuviper.mx\/tienda\/wp-content\/uploads\/2024\/09\/Router-grandstream-gwn7002-gigabit-vpn-balanceador-de-cargas-30000-sesiones-nat-4-puertos-101001000-mbps-2-puertos-sfp-wanlan-1-puerto-entrada-poeafat-2-puertos-salida-poe-afat.jpg\" \/>\n\t<meta property=\"og:image:width\" content=\"200\" \/>\n\t<meta property=\"og:image:height\" content=\"200\" \/>\n\t<meta property=\"og:image:type\" content=\"image\/jpeg\" \/>\n<meta name=\"twitter:card\" content=\"summary_large_image\" \/>\n<meta name=\"twitter:label1\" content=\"Precio\" \/>\n\t<meta name=\"twitter:data1\" content=\"&#36;1,179 con IVA\" \/>\n\t<meta name=\"twitter:label2\" content=\"Availability\" \/>\n\t<meta name=\"twitter:data2\" content=\"On backorder\" \/>\n<script type=\"application\/ld+json\" class=\"yoast-schema-graph\">{\"@context\":\"https:\/\/schema.org\",\"@graph\":[{\"@type\":\"WebPage\",\"@id\":\"https:\/\/compuviper.mx\/tienda\/producto\/grandstream-gwn7002-router-gigabit-vpn-balanceador-de-cargas-30000-sesiones-nat-4-puertos-10-100-1000-mbps-2-puertos-sfp-wan-lan-1-puerto-entrada-poeaf-at-2-puertos-salida-poe-af-at\/\",\"url\":\"https:\/\/compuviper.mx\/tienda\/producto\/grandstream-gwn7002-router-gigabit-vpn-balanceador-de-cargas-30000-sesiones-nat-4-puertos-10-100-1000-mbps-2-puertos-sfp-wan-lan-1-puerto-entrada-poeaf-at-2-puertos-salida-poe-af-at\/\",\"name\":\"[ Grandstream ] &#129351; Gwn7002 Router \/gigabit Vpn Balanceador De Cargas 30,000 Sesiones Nat 4 Puertos 10\/100\/1000 Mbps 2 Puertos Sfp Wan\/lan 1 Puerto Entrada Poeaf\/at 2 Puertos Salida Poe Af\/at\",\"isPartOf\":{\"@id\":\"https:\/\/compuviper.mx\/tienda\/#website\"},\"datePublished\":\"2026-04-18T07:11:48+00:00\",\"dateModified\":\"2026-04-18T07:11:48+00:00\",\"description\":\"Compra Gwn7002 Router \/gigabit Vpn Balanceador De Cargas 30,000 Sesiones Nat 4 Puertos 10\/100\/1000 Mbps 2 Puertos Sfp Wan\/lan 1 Puerto Entrada Poeaf\/at 2 Puertos Salida Poe Af\/at + Env\u00edo a domicilio + Pago seguro + Garant\u00eda\",\"breadcrumb\":{\"@id\":\"https:\/\/compuviper.mx\/tienda\/producto\/grandstream-gwn7002-router-gigabit-vpn-balanceador-de-cargas-30000-sesiones-nat-4-puertos-10-100-1000-mbps-2-puertos-sfp-wan-lan-1-puerto-entrada-poeaf-at-2-puertos-salida-poe-af-at\/#breadcrumb\"},\"inLanguage\":\"es-MX\",\"potentialAction\":[{\"@type\":\"ReadAction\",\"target\":[\"https:\/\/compuviper.mx\/tienda\/producto\/grandstream-gwn7002-router-gigabit-vpn-balanceador-de-cargas-30000-sesiones-nat-4-puertos-10-100-1000-mbps-2-puertos-sfp-wan-lan-1-puerto-entrada-poeaf-at-2-puertos-salida-poe-af-at\/\"]}]},{\"@type\":\"BreadcrumbList\",\"@id\":\"https:\/\/compuviper.mx\/tienda\/producto\/grandstream-gwn7002-router-gigabit-vpn-balanceador-de-cargas-30000-sesiones-nat-4-puertos-10-100-1000-mbps-2-puertos-sfp-wan-lan-1-puerto-entrada-poeaf-at-2-puertos-salida-poe-af-at\/#breadcrumb\",\"itemListElement\":[{\"@type\":\"ListItem\",\"position\":1,\"name\":\"Inicio\",\"item\":\"https:\/\/compuviper.mx\/tienda\/\"},{\"@type\":\"ListItem\",\"position\":2,\"name\":\"Productos\",\"item\":\"https:\/\/compuviper.mx\/tienda\/productos\/\"},{\"@type\":\"ListItem\",\"position\":3,\"name\":\"Redes\",\"item\":\"https:\/\/compuviper.mx\/tienda\/categoria-producto\/redes\/\"},{\"@type\":\"ListItem\",\"position\":4,\"name\":\"Router\",\"item\":\"https:\/\/compuviper.mx\/tienda\/categoria-producto\/redes\/router\/\"},{\"@type\":\"ListItem\",\"position\":5,\"name\":\"Grandstream Gwn7002 Router \/gigabit Vpn Balanceador De Cargas 30,000 Sesiones Nat 4 Puertos 10\/100\/1000 Mbps 2 Puertos Sfp Wan\/lan 1 Puerto Entrada Poeaf\/at 2 Puertos Salida Poe Af\/at\"}]},{\"@type\":\"WebSite\",\"@id\":\"https:\/\/compuviper.mx\/tienda\/#website\",\"url\":\"https:\/\/compuviper.mx\/tienda\/\",\"name\":\"Compuviper\",\"description\":\"Proveedor de Computadoras, Laptops, Servidores, Monitores, Puntos de Venta, Teclados,   Impresoras, T\u00f3ner, C\u00e1maras de Seguridad y m\u00e1s en tu tienda en l\u00ednea\",\"publisher\":{\"@id\":\"https:\/\/compuviper.mx\/tienda\/#organization\"},\"potentialAction\":[{\"@type\":\"SearchAction\",\"target\":{\"@type\":\"EntryPoint\",\"urlTemplate\":\"https:\/\/compuviper.mx\/tienda\/?s={search_term_string}\"},\"query-input\":\"required name=search_term_string\"}],\"inLanguage\":\"es-MX\"},{\"@type\":\"Organization\",\"@id\":\"https:\/\/compuviper.mx\/tienda\/#organization\",\"name\":\"Compuviper\",\"url\":\"https:\/\/compuviper.mx\/tienda\/\",\"logo\":{\"@type\":\"ImageObject\",\"inLanguage\":\"es-MX\",\"@id\":\"https:\/\/compuviper.mx\/tienda\/#\/schema\/logo\/image\/\",\"url\":\"https:\/\/compuviper.mx\/tienda\/wp-content\/uploads\/2021\/08\/Logo-Compuviper-10.png\",\"contentUrl\":\"https:\/\/compuviper.mx\/tienda\/wp-content\/uploads\/2021\/08\/Logo-Compuviper-10.png\",\"width\":1000,\"height\":500,\"caption\":\"Compuviper\"},\"image\":{\"@id\":\"https:\/\/compuviper.mx\/tienda\/#\/schema\/logo\/image\/\"},\"sameAs\":[\"https:\/\/www.facebook.com\/compuviper\",\"https:\/\/www.youtube.com\/channel\/UCf73dERp9Y3cfOq7q8BhLjA?view_as=subscriber\"]}]}<\/script>\n<meta property=\"product:brand\" content=\"GRANDSTREAM\" \/>\n<meta property=\"product:price:amount\" content=\"1179\" \/>\n<meta property=\"product:price:currency\" content=\"MXN\" \/>\n<meta property=\"og:availability\" content=\"backorder\" \/>\n<meta property=\"product:availability\" content=\"available for order\" \/>\n<meta property=\"product:retailer_item_id\" content=\"GWN7002\" \/>\n<meta property=\"product:condition\" content=\"new\" \/>\n<!-- \/ Yoast SEO plugin. -->","yoast_head_json":{"title":"[ Grandstream ] &#129351; Gwn7002 Router \/gigabit Vpn Balanceador De Cargas 30,000 Sesiones Nat 4 Puertos 10\/100\/1000 Mbps 2 Puertos Sfp Wan\/lan 1 Puerto Entrada Poeaf\/at 2 Puertos Salida Poe Af\/at","description":"Compra Gwn7002 Router \/gigabit Vpn Balanceador De Cargas 30,000 Sesiones Nat 4 Puertos 10\/100\/1000 Mbps 2 Puertos Sfp Wan\/lan 1 Puerto Entrada Poeaf\/at 2 Puertos Salida Poe Af\/at + Env\u00edo a domicilio + Pago seguro + Garant\u00eda","robots":{"index":"index","follow":"follow","max-snippet":"max-snippet:-1","max-image-preview":"max-image-preview:large","max-video-preview":"max-video-preview:-1"},"canonical":"https:\/\/compuviper.mx\/tienda\/producto\/grandstream-gwn7002-router-gigabit-vpn-balanceador-de-cargas-30000-sesiones-nat-4-puertos-10-100-1000-mbps-2-puertos-sfp-wan-lan-1-puerto-entrada-poeaf-at-2-puertos-salida-poe-af-at\/","og_locale":"es_MX","og_type":"article","og_title":"[ Grandstream ] &#129351; Gwn7002 Router \/gigabit Vpn Balanceador De Cargas 30,000 Sesiones Nat 4 Puertos 10\/100\/1000 Mbps 2 Puertos Sfp Wan\/lan 1 Puerto Entrada Poeaf\/at 2 Puertos Salida Poe Af\/at","og_description":"Compra Gwn7002 Router \/gigabit Vpn Balanceador De Cargas 30,000 Sesiones Nat 4 Puertos 10\/100\/1000 Mbps 2 Puertos Sfp Wan\/lan 1 Puerto Entrada Poeaf\/at 2 Puertos Salida Poe Af\/at + Env\u00edo a domicilio + Pago seguro + Garant\u00eda","og_url":"https:\/\/compuviper.mx\/tienda\/producto\/grandstream-gwn7002-router-gigabit-vpn-balanceador-de-cargas-30000-sesiones-nat-4-puertos-10-100-1000-mbps-2-puertos-sfp-wan-lan-1-puerto-entrada-poeaf-at-2-puertos-salida-poe-af-at\/","og_site_name":"Compuviper","article_publisher":"https:\/\/www.facebook.com\/compuviper","og_image":[{"width":200,"height":200,"url":"https:\/\/compuviper.mx\/tienda\/wp-content\/uploads\/2024\/09\/Router-grandstream-gwn7002-gigabit-vpn-balanceador-de-cargas-30000-sesiones-nat-4-puertos-101001000-mbps-2-puertos-sfp-wanlan-1-puerto-entrada-poeafat-2-puertos-salida-poe-afat.jpg","type":"image\/jpeg"}],"twitter_card":"summary_large_image","twitter_misc":{"Precio":"&#36;1,179 con IVA","Availability":"On backorder"},"schema":{"@context":"https:\/\/schema.org","@graph":[{"@type":"WebPage","@id":"https:\/\/compuviper.mx\/tienda\/producto\/grandstream-gwn7002-router-gigabit-vpn-balanceador-de-cargas-30000-sesiones-nat-4-puertos-10-100-1000-mbps-2-puertos-sfp-wan-lan-1-puerto-entrada-poeaf-at-2-puertos-salida-poe-af-at\/","url":"https:\/\/compuviper.mx\/tienda\/producto\/grandstream-gwn7002-router-gigabit-vpn-balanceador-de-cargas-30000-sesiones-nat-4-puertos-10-100-1000-mbps-2-puertos-sfp-wan-lan-1-puerto-entrada-poeaf-at-2-puertos-salida-poe-af-at\/","name":"[ Grandstream ] &#129351; Gwn7002 Router \/gigabit Vpn Balanceador De Cargas 30,000 Sesiones Nat 4 Puertos 10\/100\/1000 Mbps 2 Puertos Sfp Wan\/lan 1 Puerto Entrada Poeaf\/at 2 Puertos Salida Poe Af\/at","isPartOf":{"@id":"https:\/\/compuviper.mx\/tienda\/#website"},"datePublished":"2026-04-18T07:11:48+00:00","dateModified":"2026-04-18T07:11:48+00:00","description":"Compra Gwn7002 Router \/gigabit Vpn Balanceador De Cargas 30,000 Sesiones Nat 4 Puertos 10\/100\/1000 Mbps 2 Puertos Sfp Wan\/lan 1 Puerto Entrada Poeaf\/at 2 Puertos Salida Poe Af\/at + Env\u00edo a domicilio + Pago seguro + Garant\u00eda","breadcrumb":{"@id":"https:\/\/compuviper.mx\/tienda\/producto\/grandstream-gwn7002-router-gigabit-vpn-balanceador-de-cargas-30000-sesiones-nat-4-puertos-10-100-1000-mbps-2-puertos-sfp-wan-lan-1-puerto-entrada-poeaf-at-2-puertos-salida-poe-af-at\/#breadcrumb"},"inLanguage":"es-MX","potentialAction":[{"@type":"ReadAction","target":["https:\/\/compuviper.mx\/tienda\/producto\/grandstream-gwn7002-router-gigabit-vpn-balanceador-de-cargas-30000-sesiones-nat-4-puertos-10-100-1000-mbps-2-puertos-sfp-wan-lan-1-puerto-entrada-poeaf-at-2-puertos-salida-poe-af-at\/"]}]},{"@type":"BreadcrumbList","@id":"https:\/\/compuviper.mx\/tienda\/producto\/grandstream-gwn7002-router-gigabit-vpn-balanceador-de-cargas-30000-sesiones-nat-4-puertos-10-100-1000-mbps-2-puertos-sfp-wan-lan-1-puerto-entrada-poeaf-at-2-puertos-salida-poe-af-at\/#breadcrumb","itemListElement":[{"@type":"ListItem","position":1,"name":"Inicio","item":"https:\/\/compuviper.mx\/tienda\/"},{"@type":"ListItem","position":2,"name":"Productos","item":"https:\/\/compuviper.mx\/tienda\/productos\/"},{"@type":"ListItem","position":3,"name":"Redes","item":"https:\/\/compuviper.mx\/tienda\/categoria-producto\/redes\/"},{"@type":"ListItem","position":4,"name":"Router","item":"https:\/\/compuviper.mx\/tienda\/categoria-producto\/redes\/router\/"},{"@type":"ListItem","position":5,"name":"Grandstream Gwn7002 Router \/gigabit Vpn Balanceador De Cargas 30,000 Sesiones Nat 4 Puertos 10\/100\/1000 Mbps 2 Puertos Sfp Wan\/lan 1 Puerto Entrada Poeaf\/at 2 Puertos Salida Poe Af\/at"}]},{"@type":"WebSite","@id":"https:\/\/compuviper.mx\/tienda\/#website","url":"https:\/\/compuviper.mx\/tienda\/","name":"Compuviper","description":"Proveedor de Computadoras, Laptops, Servidores, Monitores, Puntos de Venta, Teclados,   Impresoras, T\u00f3ner, C\u00e1maras de Seguridad y m\u00e1s en tu tienda en l\u00ednea","publisher":{"@id":"https:\/\/compuviper.mx\/tienda\/#organization"},"potentialAction":[{"@type":"SearchAction","target":{"@type":"EntryPoint","urlTemplate":"https:\/\/compuviper.mx\/tienda\/?s={search_term_string}"},"query-input":"required name=search_term_string"}],"inLanguage":"es-MX"},{"@type":"Organization","@id":"https:\/\/compuviper.mx\/tienda\/#organization","name":"Compuviper","url":"https:\/\/compuviper.mx\/tienda\/","logo":{"@type":"ImageObject","inLanguage":"es-MX","@id":"https:\/\/compuviper.mx\/tienda\/#\/schema\/logo\/image\/","url":"https:\/\/compuviper.mx\/tienda\/wp-content\/uploads\/2021\/08\/Logo-Compuviper-10.png","contentUrl":"https:\/\/compuviper.mx\/tienda\/wp-content\/uploads\/2021\/08\/Logo-Compuviper-10.png","width":1000,"height":500,"caption":"Compuviper"},"image":{"@id":"https:\/\/compuviper.mx\/tienda\/#\/schema\/logo\/image\/"},"sameAs":["https:\/\/www.facebook.com\/compuviper","https:\/\/www.youtube.com\/channel\/UCf73dERp9Y3cfOq7q8BhLjA?view_as=subscriber"]}]},"product_brand":"GRANDSTREAM","product_price_amount":"1179","product_price_currency":"MXN","og_availability":"backorder","product_availability":"available for order","product_retailer_item_id":"GWN7002","product_condition":"new"},"_links":{"self":[{"href":"https:\/\/compuviper.mx\/tienda\/wp-json\/wp\/v2\/product\/234928"}],"collection":[{"href":"https:\/\/compuviper.mx\/tienda\/wp-json\/wp\/v2\/product"}],"about":[{"href":"https:\/\/compuviper.mx\/tienda\/wp-json\/wp\/v2\/types\/product"}],"replies":[{"embeddable":true,"href":"https:\/\/compuviper.mx\/tienda\/wp-json\/wp\/v2\/comments?post=234928"}],"wp:featuredmedia":[{"embeddable":true,"href":"https:\/\/compuviper.mx\/tienda\/wp-json\/wp\/v2\/media\/242856"}],"wp:attachment":[{"href":"https:\/\/compuviper.mx\/tienda\/wp-json\/wp\/v2\/media?parent=234928"}],"wp:term":[{"taxonomy":"product_cat","embeddable":true,"href":"https:\/\/compuviper.mx\/tienda\/wp-json\/wp\/v2\/product_cat?post=234928"},{"taxonomy":"product_tag","embeddable":true,"href":"https:\/\/compuviper.mx\/tienda\/wp-json\/wp\/v2\/product_tag?post=234928"}],"curies":[{"name":"wp","href":"https:\/\/api.w.org\/{rel}","templated":true}]}}