{"id":234926,"date":"2026-04-02T00:50:10","date_gmt":"2026-04-02T06:50:10","guid":{"rendered":"https:\/\/compuviper.mx\/tienda\/producto\/samsung-lh32qmcebgcxza-monitor-sealizacion-digital-32-qm32c-uhd-3840x2160-400nit-24-7\/"},"modified":"2026-04-02T00:50:10","modified_gmt":"2026-04-02T06:50:10","slug":"samsung-lh32qmcebgcxza887276790404-monitor-sealizacion-digital-32-qm32c-fhd-1920-x-1080-8ms-hdmi-usb-rs232-h-v-wifi-bluetooth-400nit-24-7","status":"publish","type":"product","link":"https:\/\/compuviper.mx\/tienda\/producto\/samsung-lh32qmcebgcxza887276790404-monitor-sealizacion-digital-32-qm32c-fhd-1920-x-1080-8ms-hdmi-usb-rs232-h-v-wifi-bluetooth-400nit-24-7\/","title":{"rendered":"Samsung Lh32qmcebgcxza,887276790404 Monitor Se?alizacion Digital  32 Qm32c Fhd 1920 X 1080, 8ms, Hdmi, Usb, Rs232, H\/v, Wifi, Bluetooth, 400nit, 24\/7"},"content":{"rendered":"<table class=\"descripcion\">\n<tr>\n<td>Tama\u00f1o diagonal<\/td>\n<\/tr>\n<tr>\n<td>    32<\/td>\n<\/tr>\n<tr>\n<td>    tipo de panel<\/td>\n<\/tr>\n<tr>\n<td>    virginia<\/td>\n<\/tr>\n<tr>\n<td>    resoluci\u00f3n<\/td>\n<\/tr>\n<tr>\n<td>    1.920 x 1.080<\/td>\n<\/tr>\n<tr>\n<td>    paso de p\u00edxeles (hxv)<\/td>\n<\/tr>\n<tr>\n<td>    0,36375 x 0,36375 (mm)<\/td>\n<\/tr>\n<tr>\n<td>    brillo (tipo)<\/td>\n<\/tr>\n<tr>\n<td>    400 nits<\/td>\n<\/tr>\n<tr>\n<td>    relaci\u00f3n de contraste<\/td>\n<\/tr>\n<tr>\n<td>    4.000:1<\/td>\n<\/tr>\n<tr>\n<td>    \u00e1ngulo de visi\u00f3n (h\/v)<\/td>\n<\/tr>\n<tr>\n<td>    178\/178<\/td>\n<\/tr>\n<tr>\n<td>    tiempo de respuesta<\/td>\n<\/tr>\n<tr>\n<td>    8ms<\/td>\n<\/tr>\n<tr>\n<td>    gama de colores<\/td>\n<\/tr>\n<tr>\n<td>    72% (ntsc)<\/td>\n<\/tr>\n<tr>\n<td>    neblina de vidrio<\/td>\n<\/tr>\n<tr>\n<td>    2%<\/td>\n<\/tr>\n<tr>\n<td>    frecuencia de escaneo h<\/td>\n<\/tr>\n<tr>\n<td>    30 ~ 81 khz<\/td>\n<\/tr>\n<tr>\n<td>    frecuencia m\u00e1xima de p\u00edxeles<\/td>\n<\/tr>\n<tr>\n<td>    148,5mhz<\/td>\n<\/tr>\n<tr>\n<td>    frecuencia de escaneo v<\/td>\n<\/tr>\n<tr>\n<td>    48 ~ 75hz<\/td>\n<\/tr>\n<tr>\n<td>    relaci\u00f3n de contraste (din\u00e1mico)<\/td>\n<\/tr>\n<tr>\n<td>    mega<\/td>\n<\/tr>\n<tr>\n<td>    soporte de tiempo de operaci\u00f3n<\/td>\n<\/tr>\n<tr>\n<td>    24\/7<\/td>\n<\/tr>\n<tr>\n<td>Conectividad<\/td>\n<\/tr>\n<tr>\n<td>    entrada hdmi<\/td>\n<\/tr>\n<tr>\n<td>    3<\/td>\n<\/tr>\n<tr>\n<td>    dp en<\/td>\n<\/tr>\n<tr>\n<td>    no<\/td>\n<\/tr>\n<tr>\n<td>    versi\u00f3n de hdmi<\/td>\n<\/tr>\n<tr>\n<td>    1.4<\/td>\n<\/tr>\n<tr>\n<td>    versi\u00f3n de hdcp<\/td>\n<\/tr>\n<tr>\n<td>    2.2<\/td>\n<\/tr>\n<tr>\n<td>    usb<\/td>\n<\/tr>\n<tr>\n<td>    2<\/td>\n<\/tr>\n<tr>\n<td>    entrada de infrarrojos<\/td>\n<\/tr>\n<tr>\n<td>    s\u00ed<\/td>\n<\/tr>\n<tr>\n<td>    audio en<\/td>\n<\/tr>\n<tr>\n<td>    no<\/td>\n<\/tr>\n<tr>\n<td>    salida de audio<\/td>\n<\/tr>\n<tr>\n<td>    miniconector est\u00e9reo<\/td>\n<\/tr>\n<tr>\n<td>    entrada rs232<\/td>\n<\/tr>\n<tr>\n<td>    s\u00ed<\/td>\n<\/tr>\n<tr>\n<td>    salida rs232<\/td>\n<\/tr>\n<tr>\n<td>    s\u00ed<\/td>\n<\/tr>\n<tr>\n<td>    entrada rj45<\/td>\n<\/tr>\n<tr>\n<td>    s\u00ed<\/td>\n<\/tr>\n<tr>\n<td>    wifi<\/td>\n<\/tr>\n<tr>\n<td>    s\u00ed<\/td>\n<\/tr>\n<tr>\n<td>    bluetooth<\/td>\n<\/tr>\n<tr>\n<td>    s\u00ed<\/td>\n<\/tr>\n<tr>\n<td>Power<\/td>\n<\/tr>\n<tr>\n<td>    fuente de alimentaci\u00f3n<\/td>\n<\/tr>\n<tr>\n<td>    ca100 &#8211; 240v 50\/60hz<\/td>\n<\/tr>\n<tr>\n<td>    consumo de energ\u00eda (modo encendido)<\/td>\n<\/tr>\n<tr>\n<td>    55w<\/td>\n<\/tr>\n<tr>\n<td>    consumo de energ\u00eda (modo de suspensi\u00f3n)<\/td>\n<\/tr>\n<tr>\n<td>    0,5w<\/td>\n<\/tr>\n<tr>\n<td>Dimensi\u00f3n<\/td>\n<\/tr>\n<tr>\n<td>    establecer dimensiones (anxalxpr)<\/td>\n<\/tr>\n<tr>\n<td>    727,3 x 421,9 x 28,5 mm<\/td>\n<\/tr>\n<tr>\n<td>    dimensiones del paquete (anchoxaltoxlargo)<\/td>\n<\/tr>\n<tr>\n<td>    817x507x119mm<\/td>\n<\/tr>\n<tr>\n<td>Peso<\/td>\n<\/tr>\n<tr>\n<td>    establecer peso<\/td>\n<\/tr>\n<tr>\n<td>    5,2 kilos<\/td>\n<\/tr>\n<tr>\n<td>    peso del paquete<\/td>\n<\/tr>\n<tr>\n<td>    6,9 kilos<\/td>\n<\/tr>\n<tr>\n<td>Condiciones de operaci\u00f3n<\/td>\n<\/tr>\n<tr>\n<td>    temperatura<\/td>\n<\/tr>\n<tr>\n<td>    0  and #8451; ~ 40  and #8451;<\/td>\n<\/tr>\n<tr>\n<td>    humedad<\/td>\n<\/tr>\n<tr>\n<td>    10 ~ 80%, sin condensaci\u00f3n<\/td>\n<\/tr>\n<tr>\n<td>Especificaciones mec\u00e1nicas<\/td>\n<\/tr>\n<tr>\n<td>    montaje vesa<\/td>\n<\/tr>\n<tr>\n<td>    100x100mm<\/td>\n<\/tr>\n<tr>\n<td>    ancho del bisel<\/td>\n<\/tr>\n<tr>\n<td>    11,5(u\/d\/l\/r)<\/td>\n<\/tr>\n<tr>\n<td>    material del marco<\/td>\n<\/tr>\n<tr>\n<td>    no brillante<\/td>\n<\/tr>\n<tr>\n<td>Caracter\u00edstica opcional<\/td>\n<\/tr>\n<tr>\n<td>    pararse<\/td>\n<\/tr>\n<tr>\n<td>    stn-l3200c<\/td>\n<\/tr>\n<tr>\n<td>Soc<\/td>\n<\/tr>\n<tr>\n<td>    versi\u00f3n del sistema operativo<\/td>\n<\/tr>\n<tr>\n<td>    tizen 7.0<\/td>\n<\/tr>\n<tr>\n<td>    tama\u00f1o de la memoria flash<\/td>\n<\/tr>\n<tr>\n<td>    8gb<\/td>\n<\/tr>\n<tr>\n<td>Certificaci\u00f3n y cumplimiento<\/td>\n<\/tr>\n<tr>\n<td>    cem<\/td>\n<\/tr>\n<tr>\n<td>    clase b<\/td>\n<\/tr>\n<tr>\n<td>    seguridad<\/td>\n<\/tr>\n<tr>\n<td>    60950-1, 62368-1<\/td>\n<\/tr>\n<\/table>\n","protected":false},"excerpt":{"rendered":"<p>Tama\u00f1o diagonal 32 tipo de panel virginia resoluci\u00f3n 1.920 x 1.080 paso de p\u00edxeles (hxv) 0,36375 x 0,36375 (mm) brillo (tipo) 400 nits relaci\u00f3n de contraste 4.000:1 \u00e1ngulo de visi\u00f3n (h\/v) 178\/178 tiempo de respuesta 8ms gama de colores 72% (ntsc) neblina de vidrio 2% frecuencia de escaneo h 30 ~ 81 khz frecuencia m\u00e1xima [&hellip;]<\/p>\n","protected":false},"featured_media":242738,"comment_status":"open","ping_status":"open","template":"","meta":[],"product_cat":[1740,1741],"product_tag":[1743],"acf":[],"yoast_head":"<!-- This site is optimized with the Yoast SEO plugin v21.7 - https:\/\/yoast.com\/wordpress\/plugins\/seo\/ -->\n<title>[ Samsung ] &#129351; Lh32qmcebgcxza,887276790404 Monitor Se\u00f1alizacion Digital 32 Qm32c Fhd 1920 X 1080, 8ms, Hdmi, Usb, Rs232, H\/v, Wifi, Bluetooth, 400nit, 24\/7<\/title>\n<meta name=\"description\" content=\"Compra Lh32qmcebgcxza,887276790404 Monitor Se\u00f1alizacion Digital 32 Qm32c Fhd 1920 X 1080, 8ms, Hdmi, Usb, Rs232, H\/v, Wifi, Bluetooth, 400nit, 24\/7 + Env\u00edo a domicilio + Pago seguro + Garant\u00eda\" \/>\n<meta name=\"robots\" content=\"index, follow, max-snippet:-1, max-image-preview:large, max-video-preview:-1\" \/>\n<link rel=\"canonical\" href=\"https:\/\/compuviper.mx\/tienda\/producto\/samsung-lh32qmcebgcxza887276790404-monitor-sealizacion-digital-32-qm32c-fhd-1920-x-1080-8ms-hdmi-usb-rs232-h-v-wifi-bluetooth-400nit-24-7\/\" \/>\n<meta property=\"og:locale\" content=\"es_MX\" \/>\n<meta property=\"og:type\" content=\"article\" \/>\n<meta property=\"og:title\" content=\"[ Samsung ] &#129351; Lh32qmcebgcxza,887276790404 Monitor Se\u00f1alizacion Digital 32 Qm32c Fhd 1920 X 1080, 8ms, Hdmi, Usb, Rs232, H\/v, Wifi, Bluetooth, 400nit, 24\/7\" \/>\n<meta property=\"og:description\" content=\"Compra Lh32qmcebgcxza,887276790404 Monitor Se\u00f1alizacion Digital 32 Qm32c Fhd 1920 X 1080, 8ms, Hdmi, Usb, Rs232, H\/v, Wifi, Bluetooth, 400nit, 24\/7 + Env\u00edo a domicilio + Pago seguro + Garant\u00eda\" \/>\n<meta property=\"og:url\" content=\"https:\/\/compuviper.mx\/tienda\/producto\/samsung-lh32qmcebgcxza887276790404-monitor-sealizacion-digital-32-qm32c-fhd-1920-x-1080-8ms-hdmi-usb-rs232-h-v-wifi-bluetooth-400nit-24-7\/\" \/>\n<meta property=\"og:site_name\" content=\"Compuviper\" \/>\n<meta property=\"article:publisher\" content=\"https:\/\/www.facebook.com\/compuviper\" \/>\n<meta property=\"og:image\" content=\"https:\/\/compuviper.mx\/tienda\/wp-content\/uploads\/2024\/09\/Monitor-senalizacion-digital-samsung-32-qm32c-uhd-3840x2160-400nit-247.jpg\" \/>\n\t<meta property=\"og:image:width\" content=\"200\" \/>\n\t<meta property=\"og:image:height\" content=\"200\" \/>\n\t<meta property=\"og:image:type\" content=\"image\/jpeg\" \/>\n<meta name=\"twitter:card\" content=\"summary_large_image\" \/>\n<meta name=\"twitter:label1\" content=\"Precio\" \/>\n\t<meta name=\"twitter:data1\" content=\"&#36;9,354 con IVA\" \/>\n\t<meta name=\"twitter:label2\" content=\"Availability\" \/>\n\t<meta name=\"twitter:data2\" content=\"In stock\" \/>\n<script type=\"application\/ld+json\" class=\"yoast-schema-graph\">{\"@context\":\"https:\/\/schema.org\",\"@graph\":[{\"@type\":\"WebPage\",\"@id\":\"https:\/\/compuviper.mx\/tienda\/producto\/samsung-lh32qmcebgcxza887276790404-monitor-sealizacion-digital-32-qm32c-fhd-1920-x-1080-8ms-hdmi-usb-rs232-h-v-wifi-bluetooth-400nit-24-7\/\",\"url\":\"https:\/\/compuviper.mx\/tienda\/producto\/samsung-lh32qmcebgcxza887276790404-monitor-sealizacion-digital-32-qm32c-fhd-1920-x-1080-8ms-hdmi-usb-rs232-h-v-wifi-bluetooth-400nit-24-7\/\",\"name\":\"[ Samsung ] &#129351; Lh32qmcebgcxza,887276790404 Monitor Se\u00f1alizacion Digital 32 Qm32c Fhd 1920 X 1080, 8ms, Hdmi, Usb, Rs232, H\/v, Wifi, Bluetooth, 400nit, 24\/7\",\"isPartOf\":{\"@id\":\"https:\/\/compuviper.mx\/tienda\/#website\"},\"datePublished\":\"2026-04-02T06:50:10+00:00\",\"dateModified\":\"2026-04-02T06:50:10+00:00\",\"description\":\"Compra Lh32qmcebgcxza,887276790404 Monitor Se\u00f1alizacion Digital 32 Qm32c Fhd 1920 X 1080, 8ms, Hdmi, Usb, Rs232, H\/v, Wifi, Bluetooth, 400nit, 24\/7 + Env\u00edo a domicilio + Pago seguro + Garant\u00eda\",\"breadcrumb\":{\"@id\":\"https:\/\/compuviper.mx\/tienda\/producto\/samsung-lh32qmcebgcxza887276790404-monitor-sealizacion-digital-32-qm32c-fhd-1920-x-1080-8ms-hdmi-usb-rs232-h-v-wifi-bluetooth-400nit-24-7\/#breadcrumb\"},\"inLanguage\":\"es-MX\",\"potentialAction\":[{\"@type\":\"ReadAction\",\"target\":[\"https:\/\/compuviper.mx\/tienda\/producto\/samsung-lh32qmcebgcxza887276790404-monitor-sealizacion-digital-32-qm32c-fhd-1920-x-1080-8ms-hdmi-usb-rs232-h-v-wifi-bluetooth-400nit-24-7\/\"]}]},{\"@type\":\"BreadcrumbList\",\"@id\":\"https:\/\/compuviper.mx\/tienda\/producto\/samsung-lh32qmcebgcxza887276790404-monitor-sealizacion-digital-32-qm32c-fhd-1920-x-1080-8ms-hdmi-usb-rs232-h-v-wifi-bluetooth-400nit-24-7\/#breadcrumb\",\"itemListElement\":[{\"@type\":\"ListItem\",\"position\":1,\"name\":\"Inicio\",\"item\":\"https:\/\/compuviper.mx\/tienda\/\"},{\"@type\":\"ListItem\",\"position\":2,\"name\":\"Productos\",\"item\":\"https:\/\/compuviper.mx\/tienda\/productos\/\"},{\"@type\":\"ListItem\",\"position\":3,\"name\":\"Monitores\",\"item\":\"https:\/\/compuviper.mx\/tienda\/categoria-producto\/monitores\/\"},{\"@type\":\"ListItem\",\"position\":4,\"name\":\"Led\",\"item\":\"https:\/\/compuviper.mx\/tienda\/categoria-producto\/monitores\/led\/\"},{\"@type\":\"ListItem\",\"position\":5,\"name\":\"Samsung Lh32qmcebgcxza,887276790404 Monitor Se?alizacion Digital 32 Qm32c Fhd 1920 X 1080, 8ms, Hdmi, Usb, Rs232, H\/v, Wifi, Bluetooth, 400nit, 24\/7\"}]},{\"@type\":\"WebSite\",\"@id\":\"https:\/\/compuviper.mx\/tienda\/#website\",\"url\":\"https:\/\/compuviper.mx\/tienda\/\",\"name\":\"Compuviper\",\"description\":\"Proveedor de Computadoras, Laptops, Servidores, Monitores, Puntos de Venta, Teclados,   Impresoras, T\u00f3ner, C\u00e1maras de Seguridad y m\u00e1s en tu tienda en l\u00ednea\",\"publisher\":{\"@id\":\"https:\/\/compuviper.mx\/tienda\/#organization\"},\"potentialAction\":[{\"@type\":\"SearchAction\",\"target\":{\"@type\":\"EntryPoint\",\"urlTemplate\":\"https:\/\/compuviper.mx\/tienda\/?s={search_term_string}\"},\"query-input\":\"required name=search_term_string\"}],\"inLanguage\":\"es-MX\"},{\"@type\":\"Organization\",\"@id\":\"https:\/\/compuviper.mx\/tienda\/#organization\",\"name\":\"Compuviper\",\"url\":\"https:\/\/compuviper.mx\/tienda\/\",\"logo\":{\"@type\":\"ImageObject\",\"inLanguage\":\"es-MX\",\"@id\":\"https:\/\/compuviper.mx\/tienda\/#\/schema\/logo\/image\/\",\"url\":\"https:\/\/compuviper.mx\/tienda\/wp-content\/uploads\/2021\/08\/Logo-Compuviper-10.png\",\"contentUrl\":\"https:\/\/compuviper.mx\/tienda\/wp-content\/uploads\/2021\/08\/Logo-Compuviper-10.png\",\"width\":1000,\"height\":500,\"caption\":\"Compuviper\"},\"image\":{\"@id\":\"https:\/\/compuviper.mx\/tienda\/#\/schema\/logo\/image\/\"},\"sameAs\":[\"https:\/\/www.facebook.com\/compuviper\",\"https:\/\/www.youtube.com\/channel\/UCf73dERp9Y3cfOq7q8BhLjA?view_as=subscriber\"]}]}<\/script>\n<meta property=\"product:brand\" content=\"SAMSUNG\" \/>\n<meta property=\"product:price:amount\" content=\"9354\" \/>\n<meta property=\"product:price:currency\" content=\"MXN\" \/>\n<meta property=\"og:availability\" content=\"instock\" \/>\n<meta property=\"product:availability\" content=\"instock\" \/>\n<meta property=\"product:retailer_item_id\" content=\"LH32QMCEBGCXZA,887276790404\" \/>\n<meta property=\"product:condition\" content=\"new\" \/>\n<!-- \/ Yoast SEO plugin. -->","yoast_head_json":{"title":"[ Samsung ] &#129351; Lh32qmcebgcxza,887276790404 Monitor Se\u00f1alizacion Digital 32 Qm32c Fhd 1920 X 1080, 8ms, Hdmi, Usb, Rs232, H\/v, Wifi, Bluetooth, 400nit, 24\/7","description":"Compra Lh32qmcebgcxza,887276790404 Monitor Se\u00f1alizacion Digital 32 Qm32c Fhd 1920 X 1080, 8ms, Hdmi, Usb, Rs232, H\/v, Wifi, Bluetooth, 400nit, 24\/7 + Env\u00edo a domicilio + Pago seguro + Garant\u00eda","robots":{"index":"index","follow":"follow","max-snippet":"max-snippet:-1","max-image-preview":"max-image-preview:large","max-video-preview":"max-video-preview:-1"},"canonical":"https:\/\/compuviper.mx\/tienda\/producto\/samsung-lh32qmcebgcxza887276790404-monitor-sealizacion-digital-32-qm32c-fhd-1920-x-1080-8ms-hdmi-usb-rs232-h-v-wifi-bluetooth-400nit-24-7\/","og_locale":"es_MX","og_type":"article","og_title":"[ Samsung ] &#129351; Lh32qmcebgcxza,887276790404 Monitor Se\u00f1alizacion Digital 32 Qm32c Fhd 1920 X 1080, 8ms, Hdmi, Usb, Rs232, H\/v, Wifi, Bluetooth, 400nit, 24\/7","og_description":"Compra Lh32qmcebgcxza,887276790404 Monitor Se\u00f1alizacion Digital 32 Qm32c Fhd 1920 X 1080, 8ms, Hdmi, Usb, Rs232, H\/v, Wifi, Bluetooth, 400nit, 24\/7 + Env\u00edo a domicilio + Pago seguro + Garant\u00eda","og_url":"https:\/\/compuviper.mx\/tienda\/producto\/samsung-lh32qmcebgcxza887276790404-monitor-sealizacion-digital-32-qm32c-fhd-1920-x-1080-8ms-hdmi-usb-rs232-h-v-wifi-bluetooth-400nit-24-7\/","og_site_name":"Compuviper","article_publisher":"https:\/\/www.facebook.com\/compuviper","og_image":[{"width":200,"height":200,"url":"https:\/\/compuviper.mx\/tienda\/wp-content\/uploads\/2024\/09\/Monitor-senalizacion-digital-samsung-32-qm32c-uhd-3840x2160-400nit-247.jpg","type":"image\/jpeg"}],"twitter_card":"summary_large_image","twitter_misc":{"Precio":"&#36;9,354 con IVA","Availability":"In stock"},"schema":{"@context":"https:\/\/schema.org","@graph":[{"@type":"WebPage","@id":"https:\/\/compuviper.mx\/tienda\/producto\/samsung-lh32qmcebgcxza887276790404-monitor-sealizacion-digital-32-qm32c-fhd-1920-x-1080-8ms-hdmi-usb-rs232-h-v-wifi-bluetooth-400nit-24-7\/","url":"https:\/\/compuviper.mx\/tienda\/producto\/samsung-lh32qmcebgcxza887276790404-monitor-sealizacion-digital-32-qm32c-fhd-1920-x-1080-8ms-hdmi-usb-rs232-h-v-wifi-bluetooth-400nit-24-7\/","name":"[ Samsung ] &#129351; Lh32qmcebgcxza,887276790404 Monitor Se\u00f1alizacion Digital 32 Qm32c Fhd 1920 X 1080, 8ms, Hdmi, Usb, Rs232, H\/v, Wifi, Bluetooth, 400nit, 24\/7","isPartOf":{"@id":"https:\/\/compuviper.mx\/tienda\/#website"},"datePublished":"2026-04-02T06:50:10+00:00","dateModified":"2026-04-02T06:50:10+00:00","description":"Compra Lh32qmcebgcxza,887276790404 Monitor Se\u00f1alizacion Digital 32 Qm32c Fhd 1920 X 1080, 8ms, Hdmi, Usb, Rs232, H\/v, Wifi, Bluetooth, 400nit, 24\/7 + Env\u00edo a domicilio + Pago seguro + Garant\u00eda","breadcrumb":{"@id":"https:\/\/compuviper.mx\/tienda\/producto\/samsung-lh32qmcebgcxza887276790404-monitor-sealizacion-digital-32-qm32c-fhd-1920-x-1080-8ms-hdmi-usb-rs232-h-v-wifi-bluetooth-400nit-24-7\/#breadcrumb"},"inLanguage":"es-MX","potentialAction":[{"@type":"ReadAction","target":["https:\/\/compuviper.mx\/tienda\/producto\/samsung-lh32qmcebgcxza887276790404-monitor-sealizacion-digital-32-qm32c-fhd-1920-x-1080-8ms-hdmi-usb-rs232-h-v-wifi-bluetooth-400nit-24-7\/"]}]},{"@type":"BreadcrumbList","@id":"https:\/\/compuviper.mx\/tienda\/producto\/samsung-lh32qmcebgcxza887276790404-monitor-sealizacion-digital-32-qm32c-fhd-1920-x-1080-8ms-hdmi-usb-rs232-h-v-wifi-bluetooth-400nit-24-7\/#breadcrumb","itemListElement":[{"@type":"ListItem","position":1,"name":"Inicio","item":"https:\/\/compuviper.mx\/tienda\/"},{"@type":"ListItem","position":2,"name":"Productos","item":"https:\/\/compuviper.mx\/tienda\/productos\/"},{"@type":"ListItem","position":3,"name":"Monitores","item":"https:\/\/compuviper.mx\/tienda\/categoria-producto\/monitores\/"},{"@type":"ListItem","position":4,"name":"Led","item":"https:\/\/compuviper.mx\/tienda\/categoria-producto\/monitores\/led\/"},{"@type":"ListItem","position":5,"name":"Samsung Lh32qmcebgcxza,887276790404 Monitor Se?alizacion Digital 32 Qm32c Fhd 1920 X 1080, 8ms, Hdmi, Usb, Rs232, H\/v, Wifi, Bluetooth, 400nit, 24\/7"}]},{"@type":"WebSite","@id":"https:\/\/compuviper.mx\/tienda\/#website","url":"https:\/\/compuviper.mx\/tienda\/","name":"Compuviper","description":"Proveedor de Computadoras, Laptops, Servidores, Monitores, Puntos de Venta, Teclados,   Impresoras, T\u00f3ner, C\u00e1maras de Seguridad y m\u00e1s en tu tienda en l\u00ednea","publisher":{"@id":"https:\/\/compuviper.mx\/tienda\/#organization"},"potentialAction":[{"@type":"SearchAction","target":{"@type":"EntryPoint","urlTemplate":"https:\/\/compuviper.mx\/tienda\/?s={search_term_string}"},"query-input":"required name=search_term_string"}],"inLanguage":"es-MX"},{"@type":"Organization","@id":"https:\/\/compuviper.mx\/tienda\/#organization","name":"Compuviper","url":"https:\/\/compuviper.mx\/tienda\/","logo":{"@type":"ImageObject","inLanguage":"es-MX","@id":"https:\/\/compuviper.mx\/tienda\/#\/schema\/logo\/image\/","url":"https:\/\/compuviper.mx\/tienda\/wp-content\/uploads\/2021\/08\/Logo-Compuviper-10.png","contentUrl":"https:\/\/compuviper.mx\/tienda\/wp-content\/uploads\/2021\/08\/Logo-Compuviper-10.png","width":1000,"height":500,"caption":"Compuviper"},"image":{"@id":"https:\/\/compuviper.mx\/tienda\/#\/schema\/logo\/image\/"},"sameAs":["https:\/\/www.facebook.com\/compuviper","https:\/\/www.youtube.com\/channel\/UCf73dERp9Y3cfOq7q8BhLjA?view_as=subscriber"]}]},"product_brand":"SAMSUNG","product_price_amount":"9354","product_price_currency":"MXN","og_availability":"instock","product_availability":"instock","product_retailer_item_id":"LH32QMCEBGCXZA,887276790404","product_condition":"new"},"_links":{"self":[{"href":"https:\/\/compuviper.mx\/tienda\/wp-json\/wp\/v2\/product\/234926"}],"collection":[{"href":"https:\/\/compuviper.mx\/tienda\/wp-json\/wp\/v2\/product"}],"about":[{"href":"https:\/\/compuviper.mx\/tienda\/wp-json\/wp\/v2\/types\/product"}],"replies":[{"embeddable":true,"href":"https:\/\/compuviper.mx\/tienda\/wp-json\/wp\/v2\/comments?post=234926"}],"wp:featuredmedia":[{"embeddable":true,"href":"https:\/\/compuviper.mx\/tienda\/wp-json\/wp\/v2\/media\/242738"}],"wp:attachment":[{"href":"https:\/\/compuviper.mx\/tienda\/wp-json\/wp\/v2\/media?parent=234926"}],"wp:term":[{"taxonomy":"product_cat","embeddable":true,"href":"https:\/\/compuviper.mx\/tienda\/wp-json\/wp\/v2\/product_cat?post=234926"},{"taxonomy":"product_tag","embeddable":true,"href":"https:\/\/compuviper.mx\/tienda\/wp-json\/wp\/v2\/product_tag?post=234926"}],"curies":[{"name":"wp","href":"https:\/\/api.w.org\/{rel}","templated":true}]}}