{"id":234864,"date":"2026-04-16T23:11:40","date_gmt":"2026-04-17T05:11:40","guid":{"rendered":"https:\/\/compuviper.mx\/tienda\/producto\/dahua-dhi-vth5341g-w-monitor-para-videoportero-vth5341g-w-10-pulgadas-android-wifi-y-rj45-pantalla-touch-ranura-para-microsd-poe-estndar\/"},"modified":"2026-04-16T23:11:41","modified_gmt":"2026-04-17T05:11:41","slug":"dahua-dhi-vth5341g-w-monitor-para-videoportero-vth5341g-w-10-pulgadas-android-wifi-y-rj45-pantalla-touch-ranura-para-microsd-poe-estndar","status":"publish","type":"product","link":"https:\/\/compuviper.mx\/tienda\/producto\/dahua-dhi-vth5341g-w-monitor-para-videoportero-vth5341g-w-10-pulgadas-android-wifi-y-rj45-pantalla-touch-ranura-para-microsd-poe-estndar\/","title":{"rendered":"Dahua Dhi-vth5341g-w Monitor Para Videoportero\/ \/ Vth5341g-w\/ 10 Pulgadas\/ Android\/ Wifi Y Rj45\/ Pantalla Touch\/ Ranura Para Microsd\/ Poe Estndar"},"content":{"rendered":"<table class=\"descripcion\">\n<tr>\n<td>Principales caractersticas.<\/td>\n<\/tr>\n<tr>\n<td>\u0095mdulo wi-fi &#8211; 2.4 ghz ieee 802.11 b\/g\/n,<\/td>\n<\/tr>\n<tr>\n<td>\u0095protecciones : wep 64\/128-bit, wpa\/wpa2, wpa-psk\/wpa2-psk, wps,<\/td>\n<\/tr>\n<tr>\n<td>\u0095micrfono integrado,<\/td>\n<\/tr>\n<tr>\n<td>\u0095altavoz incorporado,<\/td>\n<\/tr>\n<tr>\n<td>\u0095supresin y reduccin de eco \/ reduccin digital de ruido,<\/td>\n<\/tr>\n<tr>\n<td>\u0095comunicacin bidireccional,<\/td>\n<\/tr>\n<tr>\n<td>\u0095ajuste continuo de los par\u00e1metros del monitor: brillo, volumen del timbre y volumen de la conversacin,<\/td>\n<\/tr>\n<tr>\n<td>\u0095capacidad de captura autom\u00e1tica y almacenamiento de im\u00e1genes en ausencia de respuesta al timbre,<\/td>\n<\/tr>\n<tr>\n<td>\u0095capacidad de grabacin autom\u00e1tica de un corto mensaje de vdeo en ausencia de respuesta al botn del timbre,<\/td>\n<\/tr>\n<tr>\n<td>\u0095capacidad de comunicacin directa entre dos o m\u00e1s paneles,<\/td>\n<\/tr>\n<tr>\n<td>\u0095soporte para c\u00e1maras ip dahua,<\/td>\n<\/tr>\n<tr>\n<td>\u0095interfaz rs-485,<\/td>\n<\/tr>\n<tr>\n<td>\u0095salida de alimentacin : 12 v dc \/ 100 ma,<\/td>\n<\/tr>\n<tr>\n<td>\u0095modo dnd,<\/td>\n<\/tr>\n<tr>\n<td>\u0095soporte para sos<\/td>\n<\/tr>\n<tr>\n<td>\u0095sistema android 8.1<\/td>\n<\/tr>\n<tr>\n<td>Especificaciones<\/td>\n<\/tr>\n<tr>\n<td>\u0095instalacin de intercomunicacin &#8211; dahua ip<\/td>\n<\/tr>\n<tr>\n<td>\u0095pantalla:10  pantalla t\u00e1ctil capacitiva<\/td>\n<\/tr>\n<tr>\n<td>\u0095resolucin:1024 x 600<\/td>\n<\/tr>\n<tr>\n<td>\u0095ranura para tarjeta de memoria: es compatible con tarjetas micro sd hasta 256gb<\/td>\n<\/tr>\n<tr>\n<td>\u0095control: pantalla t\u00e1ctil capacitiva<\/td>\n<\/tr>\n<tr>\n<td>\u0095entradas de alarma:8<\/td>\n<\/tr>\n<tr>\n<td>\u0095alimentacin: 12 v dc \/ 1 a, poe 802.3af<\/td>\n<\/tr>\n<\/table>\n","protected":false},"excerpt":{"rendered":"<p>Informacin general. El equipo dahua modelo vth5341g-w es un monitor de video portero con pantalla de 10 pulgadas que nos brinda una excelente calidad de video, el cual le permite ver a los visitantes de la vivienda desde el frente de calle hasta nuestro monitor. Cuenta con 8 entradas de alarma para conectar sensores pueden ser de movimiento, magntico y una salida de alarma para conectar un estrobo o sirena. Entradas de alarma. Cuenta con 8 entradas de alarma cableadas las cuales permiten la conexin de contactos secos configurables como no o nc, dentro de la configuracin se pueden manejar como sensor ir, gas, humo, botn de emergencia, puerta, alarma anti-robo, perimetral o timbre. Sip. Los video porteros sip dahua adoptan el protocolo sip est\u00e1ndar, compatible con productos de terceros. El uso de la tecnologa ip y el protocolo sip ofrece al intercomunicador varias opciones para conectarse a los sistemas telefnicos. Realmente puede experimentar la vida perfecta de comunidad inteligente y hogar digital. Compatible con asi7213xt1. El vth5341g-w es compatible con el control de acceso facial y temperatura asi7213xt1, para la captura de temperatura, deteccin de cubrebocas, toma de fotos y notificacin de alerta por temperatura elevada. F\u00e1cil de integrar. La alimentacin poe est\u00e1ndar 802.3af power over ethernet permite a los dispositivos de red a tener la alimentacin mediante el mismo cable lo que se traduce a reducir costos de instalacin, as como el trabajo para la misma. El vth5341g-w cuenta con una gran versatilidad para diferentes soluciones dentro de la familia dahua pues, puede ser emparejado en soluciones que solo requieran un equipo o m\u00e1s en una solucin departamental.<\/p>\n","protected":false},"featured_media":241887,"comment_status":"open","ping_status":"open","template":"","meta":[],"product_cat":[1540,1556],"product_tag":[1555],"acf":[],"yoast_head":"<!-- This site is optimized with the Yoast SEO plugin v21.7 - https:\/\/yoast.com\/wordpress\/plugins\/seo\/ -->\n<title>[ Dahua ] &#129351; Dhi-vth5341g-w Monitor Para Videoportero\/ \/ Vth5341g-w\/ 10 Pulgadas\/ Android\/ Wifi Y Rj45\/ Pantalla Touch\/ Ranura Para Microsd\/ Poe Estndar<\/title>\n<meta name=\"description\" content=\"Compra Dhi-vth5341g-w Monitor Para Videoportero\/ \/ Vth5341g-w\/ 10 Pulgadas\/ Android\/ Wifi Y Rj45\/ Pantalla Touch\/ Ranura Para Microsd\/ Poe Estndar + Env\u00edo a domicilio + Pago seguro + Garant\u00eda\" \/>\n<meta name=\"robots\" content=\"index, follow, max-snippet:-1, max-image-preview:large, max-video-preview:-1\" \/>\n<link rel=\"canonical\" href=\"https:\/\/compuviper.mx\/tienda\/producto\/dahua-dhi-vth5341g-w-monitor-para-videoportero-vth5341g-w-10-pulgadas-android-wifi-y-rj45-pantalla-touch-ranura-para-microsd-poe-estndar\/\" \/>\n<meta property=\"og:locale\" content=\"es_MX\" \/>\n<meta property=\"og:type\" content=\"article\" \/>\n<meta property=\"og:title\" content=\"[ Dahua ] &#129351; Dhi-vth5341g-w Monitor Para Videoportero\/ \/ Vth5341g-w\/ 10 Pulgadas\/ Android\/ Wifi Y Rj45\/ Pantalla Touch\/ Ranura Para Microsd\/ Poe Estndar\" \/>\n<meta property=\"og:description\" content=\"Compra Dhi-vth5341g-w Monitor Para Videoportero\/ \/ Vth5341g-w\/ 10 Pulgadas\/ Android\/ Wifi Y Rj45\/ Pantalla Touch\/ Ranura Para Microsd\/ Poe Estndar + Env\u00edo a domicilio + Pago seguro + Garant\u00eda\" \/>\n<meta property=\"og:url\" content=\"https:\/\/compuviper.mx\/tienda\/producto\/dahua-dhi-vth5341g-w-monitor-para-videoportero-vth5341g-w-10-pulgadas-android-wifi-y-rj45-pantalla-touch-ranura-para-microsd-poe-estndar\/\" \/>\n<meta property=\"og:site_name\" content=\"Compuviper\" \/>\n<meta property=\"article:publisher\" content=\"https:\/\/www.facebook.com\/compuviper\" \/>\n<meta property=\"article:modified_time\" content=\"2026-04-17T05:11:41+00:00\" \/>\n<meta property=\"og:image\" content=\"https:\/\/compuviper.mx\/tienda\/wp-content\/uploads\/2024\/09\/Monitor-para-videoportero-dahua-vth5341g-w-10-pulgadas-android-wifi-y-rj45-pantalla-touch-ranura-para-microsd-poe-estandar.jpg\" \/>\n\t<meta property=\"og:image:width\" content=\"200\" \/>\n\t<meta property=\"og:image:height\" content=\"200\" \/>\n\t<meta property=\"og:image:type\" content=\"image\/jpeg\" \/>\n<meta name=\"twitter:card\" content=\"summary_large_image\" \/>\n<meta name=\"twitter:label1\" content=\"Precio\" \/>\n\t<meta name=\"twitter:data1\" content=\"&#36;4,239 con IVA\" \/>\n\t<meta name=\"twitter:label2\" content=\"Availability\" \/>\n\t<meta name=\"twitter:data2\" content=\"Out of stock\" \/>\n<script type=\"application\/ld+json\" class=\"yoast-schema-graph\">{\"@context\":\"https:\/\/schema.org\",\"@graph\":[{\"@type\":\"WebPage\",\"@id\":\"https:\/\/compuviper.mx\/tienda\/producto\/dahua-dhi-vth5341g-w-monitor-para-videoportero-vth5341g-w-10-pulgadas-android-wifi-y-rj45-pantalla-touch-ranura-para-microsd-poe-estndar\/\",\"url\":\"https:\/\/compuviper.mx\/tienda\/producto\/dahua-dhi-vth5341g-w-monitor-para-videoportero-vth5341g-w-10-pulgadas-android-wifi-y-rj45-pantalla-touch-ranura-para-microsd-poe-estndar\/\",\"name\":\"[ Dahua ] &#129351; Dhi-vth5341g-w Monitor Para Videoportero\/ \/ Vth5341g-w\/ 10 Pulgadas\/ Android\/ Wifi Y Rj45\/ Pantalla Touch\/ Ranura Para Microsd\/ Poe Estndar\",\"isPartOf\":{\"@id\":\"https:\/\/compuviper.mx\/tienda\/#website\"},\"datePublished\":\"2026-04-17T05:11:40+00:00\",\"dateModified\":\"2026-04-17T05:11:41+00:00\",\"description\":\"Compra Dhi-vth5341g-w Monitor Para Videoportero\/ \/ Vth5341g-w\/ 10 Pulgadas\/ Android\/ Wifi Y Rj45\/ Pantalla Touch\/ Ranura Para Microsd\/ Poe Estndar + Env\u00edo a domicilio + Pago seguro + Garant\u00eda\",\"breadcrumb\":{\"@id\":\"https:\/\/compuviper.mx\/tienda\/producto\/dahua-dhi-vth5341g-w-monitor-para-videoportero-vth5341g-w-10-pulgadas-android-wifi-y-rj45-pantalla-touch-ranura-para-microsd-poe-estndar\/#breadcrumb\"},\"inLanguage\":\"es-MX\",\"potentialAction\":[{\"@type\":\"ReadAction\",\"target\":[\"https:\/\/compuviper.mx\/tienda\/producto\/dahua-dhi-vth5341g-w-monitor-para-videoportero-vth5341g-w-10-pulgadas-android-wifi-y-rj45-pantalla-touch-ranura-para-microsd-poe-estndar\/\"]}]},{\"@type\":\"BreadcrumbList\",\"@id\":\"https:\/\/compuviper.mx\/tienda\/producto\/dahua-dhi-vth5341g-w-monitor-para-videoportero-vth5341g-w-10-pulgadas-android-wifi-y-rj45-pantalla-touch-ranura-para-microsd-poe-estndar\/#breadcrumb\",\"itemListElement\":[{\"@type\":\"ListItem\",\"position\":1,\"name\":\"Inicio\",\"item\":\"https:\/\/compuviper.mx\/tienda\/\"},{\"@type\":\"ListItem\",\"position\":2,\"name\":\"Productos\",\"item\":\"https:\/\/compuviper.mx\/tienda\/productos\/\"},{\"@type\":\"ListItem\",\"position\":3,\"name\":\"Control De Acceso Y Asistencia\",\"item\":\"https:\/\/compuviper.mx\/tienda\/categoria-producto\/control-de-acceso-y-asistencia\/\"},{\"@type\":\"ListItem\",\"position\":4,\"name\":\"Videoporteros\",\"item\":\"https:\/\/compuviper.mx\/tienda\/categoria-producto\/control-de-acceso-y-asistencia\/videoporteros\/\"},{\"@type\":\"ListItem\",\"position\":5,\"name\":\"Dahua Dhi-vth5341g-w Monitor Para Videoportero\/ \/ Vth5341g-w\/ 10 Pulgadas\/ Android\/ Wifi Y Rj45\/ Pantalla Touch\/ Ranura Para Microsd\/ Poe Estndar\"}]},{\"@type\":\"WebSite\",\"@id\":\"https:\/\/compuviper.mx\/tienda\/#website\",\"url\":\"https:\/\/compuviper.mx\/tienda\/\",\"name\":\"Compuviper\",\"description\":\"Proveedor de Computadoras, Laptops, Servidores, Monitores, Puntos de Venta, Teclados,   Impresoras, T\u00f3ner, C\u00e1maras de Seguridad y m\u00e1s en tu tienda en l\u00ednea\",\"publisher\":{\"@id\":\"https:\/\/compuviper.mx\/tienda\/#organization\"},\"potentialAction\":[{\"@type\":\"SearchAction\",\"target\":{\"@type\":\"EntryPoint\",\"urlTemplate\":\"https:\/\/compuviper.mx\/tienda\/?s={search_term_string}\"},\"query-input\":\"required name=search_term_string\"}],\"inLanguage\":\"es-MX\"},{\"@type\":\"Organization\",\"@id\":\"https:\/\/compuviper.mx\/tienda\/#organization\",\"name\":\"Compuviper\",\"url\":\"https:\/\/compuviper.mx\/tienda\/\",\"logo\":{\"@type\":\"ImageObject\",\"inLanguage\":\"es-MX\",\"@id\":\"https:\/\/compuviper.mx\/tienda\/#\/schema\/logo\/image\/\",\"url\":\"https:\/\/compuviper.mx\/tienda\/wp-content\/uploads\/2021\/08\/Logo-Compuviper-10.png\",\"contentUrl\":\"https:\/\/compuviper.mx\/tienda\/wp-content\/uploads\/2021\/08\/Logo-Compuviper-10.png\",\"width\":1000,\"height\":500,\"caption\":\"Compuviper\"},\"image\":{\"@id\":\"https:\/\/compuviper.mx\/tienda\/#\/schema\/logo\/image\/\"},\"sameAs\":[\"https:\/\/www.facebook.com\/compuviper\",\"https:\/\/www.youtube.com\/channel\/UCf73dERp9Y3cfOq7q8BhLjA?view_as=subscriber\"]}]}<\/script>\n<meta property=\"product:brand\" content=\"DAHUA\" \/>\n<meta property=\"product:price:amount\" content=\"4239\" \/>\n<meta property=\"product:price:currency\" content=\"MXN\" \/>\n<meta property=\"og:availability\" content=\"out of stock\" \/>\n<meta property=\"product:availability\" content=\"out of stock\" \/>\n<meta property=\"product:retailer_item_id\" content=\"DHI-VTH5341G-W\" \/>\n<meta property=\"product:condition\" content=\"new\" \/>\n<!-- \/ Yoast SEO plugin. -->","yoast_head_json":{"title":"[ Dahua ] &#129351; Dhi-vth5341g-w Monitor Para Videoportero\/ \/ Vth5341g-w\/ 10 Pulgadas\/ Android\/ Wifi Y Rj45\/ Pantalla Touch\/ Ranura Para Microsd\/ Poe Estndar","description":"Compra Dhi-vth5341g-w Monitor Para Videoportero\/ \/ Vth5341g-w\/ 10 Pulgadas\/ Android\/ Wifi Y Rj45\/ Pantalla Touch\/ Ranura Para Microsd\/ Poe Estndar + Env\u00edo a domicilio + Pago seguro + Garant\u00eda","robots":{"index":"index","follow":"follow","max-snippet":"max-snippet:-1","max-image-preview":"max-image-preview:large","max-video-preview":"max-video-preview:-1"},"canonical":"https:\/\/compuviper.mx\/tienda\/producto\/dahua-dhi-vth5341g-w-monitor-para-videoportero-vth5341g-w-10-pulgadas-android-wifi-y-rj45-pantalla-touch-ranura-para-microsd-poe-estndar\/","og_locale":"es_MX","og_type":"article","og_title":"[ Dahua ] &#129351; Dhi-vth5341g-w Monitor Para Videoportero\/ \/ Vth5341g-w\/ 10 Pulgadas\/ Android\/ Wifi Y Rj45\/ Pantalla Touch\/ Ranura Para Microsd\/ Poe Estndar","og_description":"Compra Dhi-vth5341g-w Monitor Para Videoportero\/ \/ Vth5341g-w\/ 10 Pulgadas\/ Android\/ Wifi Y Rj45\/ Pantalla Touch\/ Ranura Para Microsd\/ Poe Estndar + Env\u00edo a domicilio + Pago seguro + Garant\u00eda","og_url":"https:\/\/compuviper.mx\/tienda\/producto\/dahua-dhi-vth5341g-w-monitor-para-videoportero-vth5341g-w-10-pulgadas-android-wifi-y-rj45-pantalla-touch-ranura-para-microsd-poe-estndar\/","og_site_name":"Compuviper","article_publisher":"https:\/\/www.facebook.com\/compuviper","article_modified_time":"2026-04-17T05:11:41+00:00","og_image":[{"width":200,"height":200,"url":"https:\/\/compuviper.mx\/tienda\/wp-content\/uploads\/2024\/09\/Monitor-para-videoportero-dahua-vth5341g-w-10-pulgadas-android-wifi-y-rj45-pantalla-touch-ranura-para-microsd-poe-estandar.jpg","type":"image\/jpeg"}],"twitter_card":"summary_large_image","twitter_misc":{"Precio":"&#36;4,239 con IVA","Availability":"Out of stock"},"schema":{"@context":"https:\/\/schema.org","@graph":[{"@type":"WebPage","@id":"https:\/\/compuviper.mx\/tienda\/producto\/dahua-dhi-vth5341g-w-monitor-para-videoportero-vth5341g-w-10-pulgadas-android-wifi-y-rj45-pantalla-touch-ranura-para-microsd-poe-estndar\/","url":"https:\/\/compuviper.mx\/tienda\/producto\/dahua-dhi-vth5341g-w-monitor-para-videoportero-vth5341g-w-10-pulgadas-android-wifi-y-rj45-pantalla-touch-ranura-para-microsd-poe-estndar\/","name":"[ Dahua ] &#129351; Dhi-vth5341g-w Monitor Para Videoportero\/ \/ Vth5341g-w\/ 10 Pulgadas\/ Android\/ Wifi Y Rj45\/ Pantalla Touch\/ Ranura Para Microsd\/ Poe Estndar","isPartOf":{"@id":"https:\/\/compuviper.mx\/tienda\/#website"},"datePublished":"2026-04-17T05:11:40+00:00","dateModified":"2026-04-17T05:11:41+00:00","description":"Compra Dhi-vth5341g-w Monitor Para Videoportero\/ \/ Vth5341g-w\/ 10 Pulgadas\/ Android\/ Wifi Y Rj45\/ Pantalla Touch\/ Ranura Para Microsd\/ Poe Estndar + Env\u00edo a domicilio + Pago seguro + Garant\u00eda","breadcrumb":{"@id":"https:\/\/compuviper.mx\/tienda\/producto\/dahua-dhi-vth5341g-w-monitor-para-videoportero-vth5341g-w-10-pulgadas-android-wifi-y-rj45-pantalla-touch-ranura-para-microsd-poe-estndar\/#breadcrumb"},"inLanguage":"es-MX","potentialAction":[{"@type":"ReadAction","target":["https:\/\/compuviper.mx\/tienda\/producto\/dahua-dhi-vth5341g-w-monitor-para-videoportero-vth5341g-w-10-pulgadas-android-wifi-y-rj45-pantalla-touch-ranura-para-microsd-poe-estndar\/"]}]},{"@type":"BreadcrumbList","@id":"https:\/\/compuviper.mx\/tienda\/producto\/dahua-dhi-vth5341g-w-monitor-para-videoportero-vth5341g-w-10-pulgadas-android-wifi-y-rj45-pantalla-touch-ranura-para-microsd-poe-estndar\/#breadcrumb","itemListElement":[{"@type":"ListItem","position":1,"name":"Inicio","item":"https:\/\/compuviper.mx\/tienda\/"},{"@type":"ListItem","position":2,"name":"Productos","item":"https:\/\/compuviper.mx\/tienda\/productos\/"},{"@type":"ListItem","position":3,"name":"Control De Acceso Y Asistencia","item":"https:\/\/compuviper.mx\/tienda\/categoria-producto\/control-de-acceso-y-asistencia\/"},{"@type":"ListItem","position":4,"name":"Videoporteros","item":"https:\/\/compuviper.mx\/tienda\/categoria-producto\/control-de-acceso-y-asistencia\/videoporteros\/"},{"@type":"ListItem","position":5,"name":"Dahua Dhi-vth5341g-w Monitor Para Videoportero\/ \/ Vth5341g-w\/ 10 Pulgadas\/ Android\/ Wifi Y Rj45\/ Pantalla Touch\/ Ranura Para Microsd\/ Poe Estndar"}]},{"@type":"WebSite","@id":"https:\/\/compuviper.mx\/tienda\/#website","url":"https:\/\/compuviper.mx\/tienda\/","name":"Compuviper","description":"Proveedor de Computadoras, Laptops, Servidores, Monitores, Puntos de Venta, Teclados,   Impresoras, T\u00f3ner, C\u00e1maras de Seguridad y m\u00e1s en tu tienda en l\u00ednea","publisher":{"@id":"https:\/\/compuviper.mx\/tienda\/#organization"},"potentialAction":[{"@type":"SearchAction","target":{"@type":"EntryPoint","urlTemplate":"https:\/\/compuviper.mx\/tienda\/?s={search_term_string}"},"query-input":"required name=search_term_string"}],"inLanguage":"es-MX"},{"@type":"Organization","@id":"https:\/\/compuviper.mx\/tienda\/#organization","name":"Compuviper","url":"https:\/\/compuviper.mx\/tienda\/","logo":{"@type":"ImageObject","inLanguage":"es-MX","@id":"https:\/\/compuviper.mx\/tienda\/#\/schema\/logo\/image\/","url":"https:\/\/compuviper.mx\/tienda\/wp-content\/uploads\/2021\/08\/Logo-Compuviper-10.png","contentUrl":"https:\/\/compuviper.mx\/tienda\/wp-content\/uploads\/2021\/08\/Logo-Compuviper-10.png","width":1000,"height":500,"caption":"Compuviper"},"image":{"@id":"https:\/\/compuviper.mx\/tienda\/#\/schema\/logo\/image\/"},"sameAs":["https:\/\/www.facebook.com\/compuviper","https:\/\/www.youtube.com\/channel\/UCf73dERp9Y3cfOq7q8BhLjA?view_as=subscriber"]}]},"product_brand":"DAHUA","product_price_amount":"4239","product_price_currency":"MXN","og_availability":"out of stock","product_availability":"out of stock","product_retailer_item_id":"DHI-VTH5341G-W","product_condition":"new"},"_links":{"self":[{"href":"https:\/\/compuviper.mx\/tienda\/wp-json\/wp\/v2\/product\/234864"}],"collection":[{"href":"https:\/\/compuviper.mx\/tienda\/wp-json\/wp\/v2\/product"}],"about":[{"href":"https:\/\/compuviper.mx\/tienda\/wp-json\/wp\/v2\/types\/product"}],"replies":[{"embeddable":true,"href":"https:\/\/compuviper.mx\/tienda\/wp-json\/wp\/v2\/comments?post=234864"}],"wp:featuredmedia":[{"embeddable":true,"href":"https:\/\/compuviper.mx\/tienda\/wp-json\/wp\/v2\/media\/241887"}],"wp:attachment":[{"href":"https:\/\/compuviper.mx\/tienda\/wp-json\/wp\/v2\/media?parent=234864"}],"wp:term":[{"taxonomy":"product_cat","embeddable":true,"href":"https:\/\/compuviper.mx\/tienda\/wp-json\/wp\/v2\/product_cat?post=234864"},{"taxonomy":"product_tag","embeddable":true,"href":"https:\/\/compuviper.mx\/tienda\/wp-json\/wp\/v2\/product_tag?post=234864"}],"curies":[{"name":"wp","href":"https:\/\/api.w.org\/{rel}","templated":true}]}}