{"id":234853,"date":"2026-04-14T02:04:24","date_gmt":"2026-04-14T08:04:24","guid":{"rendered":"https:\/\/compuviper.mx\/tienda\/producto\/poly-77p36aa-altavoz-manos-libres-sync40-version-microsoft-teams-altavoz-portatil-conectividad-usb-a-usb-c-y-bluetooth-alcance-de-microfono-2-5-metros-ip64-bateria-hasta-30-horas\/"},"modified":"2026-04-14T02:04:24","modified_gmt":"2026-04-14T08:04:24","slug":"poly-77p36aa-altavoz-manos-libres-hp-sync40-version-microsoft-teams-altavoz-portatil-conectividad-usb-a-usb-c-y-bluetooth-alcance-de-microfono-2-5-metros-ip64-bateria-hasta-30-horas","status":"publish","type":"product","link":"https:\/\/compuviper.mx\/tienda\/producto\/poly-77p36aa-altavoz-manos-libres-hp-sync40-version-microsoft-teams-altavoz-portatil-conectividad-usb-a-usb-c-y-bluetooth-alcance-de-microfono-2-5-metros-ip64-bateria-hasta-30-horas\/","title":{"rendered":"Poly 77p36aa Altavoz Manos Libres Hp   Sync40 \/ Version Microsoft Teams Altavoz Portatil Conectividad Usb-a-usb-c Y Bluetooth Alcance De Microfono 2.5 Metros Ip64 Bateria Hasta 30 Horas"},"content":{"rendered":"<table class=\"descripcion\">\n<tr>\n<td>Version de microsoft teams<\/td>\n<\/tr>\n<tr>\n<td>Informacion tecnica:<\/td>\n<\/tr>\n<tr>\n<td>Especificaciones<\/td>\n<\/tr>\n<tr>\n<td>Se conecta a<\/td>\n<\/tr>\n<tr>\n<td>\u0095 poly sync 40: pc a travs de un cable<\/td>\n<\/tr>\n<tr>\n<td>Combinado usb-a y usb-c; telfono<\/td>\n<\/tr>\n<tr>\n<td>Inteligente a travs de bluetooth<\/td>\n<\/tr>\n<tr>\n<td>\u0095 poly sync 40: pc a travs de un cable<\/td>\n<\/tr>\n<tr>\n<td>Combinado usb-a o usb-c o de forma<\/td>\n<\/tr>\n<tr>\n<td>Inalmbrica mediante el adaptador<\/td>\n<\/tr>\n<tr>\n<td>Bluetooth bt600 incluido; telfono<\/td>\n<\/tr>\n<tr>\n<td>Inteligente mediante bluetooth<\/td>\n<\/tr>\n<tr>\n<td>Compatible con<\/td>\n<\/tr>\n<tr>\n<td>\u0095 windows\u00ae o mac os<\/td>\n<\/tr>\n<tr>\n<td>Caractersticas de la interfaz de<\/td>\n<\/tr>\n<tr>\n<td>Usuario<\/td>\n<\/tr>\n<tr>\n<td>\u0095 controles tctiles de usuario para:<\/td>\n<\/tr>\n<tr>\n<td>&#8211; llamar\/contestar\/finalizar llamadas<\/td>\n<\/tr>\n<tr>\n<td>&#8211; silenciar<\/td>\n<\/tr>\n<tr>\n<td>&#8211; subir y bajar el volumen<\/td>\n<\/tr>\n<tr>\n<td>&#8211; botn de funcin programable<\/td>\n<\/tr>\n<tr>\n<td>&#8211; emparejamiento por bluetooth.<\/td>\n<\/tr>\n<tr>\n<td>&#8211; usar microsoft teams solo versiones<\/td>\n<\/tr>\n<tr>\n<td>De microsoft teams<\/td>\n<\/tr>\n<tr>\n<td>\u0095 controles de usuario con botones que<\/td>\n<\/tr>\n<tr>\n<td>Se deben presionar para:<\/td>\n<\/tr>\n<tr>\n<td>&#8211; encendido\/apagado<\/td>\n<\/tr>\n<tr>\n<td>&#8211; conexin en cadena inalmbrica<\/td>\n<\/tr>\n<tr>\n<td>\u0095 dos barras de luz de estado con alta<\/td>\n<\/tr>\n<tr>\n<td>Visibilidad para una indicacin del<\/td>\n<\/tr>\n<tr>\n<td>Estado de la llamada de 360 grados<\/td>\n<\/tr>\n<tr>\n<td>\u0095 cables usb-a y usb-c<\/td>\n<\/tr>\n<tr>\n<td>Integrados combinados<\/td>\n<\/tr>\n<tr>\n<td>\u0095 un puerto usb-a para cargar el<\/td>\n<\/tr>\n<tr>\n<td>Telfono inteligente<\/td>\n<\/tr>\n<tr>\n<td>\u0095 conector de seguridad<\/td>\n<\/tr>\n<tr>\n<td>Kensington<\/td>\n<\/tr>\n<tr>\n<td>Inal\u00e1mbricas<\/td>\n<\/tr>\n<tr>\n<td>\u0095 bluetooth v5.1<\/td>\n<\/tr>\n<tr>\n<td>\u0095 perfiles bluetooth compatibles: a2dp,<\/td>\n<\/tr>\n<tr>\n<td>Avrcp, hfp, hsp, ble<\/td>\n<\/tr>\n<tr>\n<td>\u0095 conecta de forma inalmbrica dos<\/td>\n<\/tr>\n<tr>\n<td>Unidades poly sync 40 para salas de<\/td>\n<\/tr>\n<tr>\n<td>Reuniones ms grandes cuando se<\/td>\n<\/tr>\n<tr>\n<td>Conecta de forma inalmbrica a pc<\/td>\n<\/tr>\n<tr>\n<td>O telfono inteligente a travs de<\/td>\n<\/tr>\n<tr>\n<td>Bluetooth<\/td>\n<\/tr>\n<tr>\n<td>\u0095 la conexin segura permite tener<\/td>\n<\/tr>\n<tr>\n<td>Reuniones y un uso compartido privados<\/td>\n<\/tr>\n<tr>\n<td>Funciones de audio<\/td>\n<\/tr>\n<tr>\n<td>\u0095 conjunto dirigible de tres micrfonos<\/td>\n<\/tr>\n<tr>\n<td>\u0095 alcance de recepcin del micrfono<\/td>\n<\/tr>\n<tr>\n<td>&#8211; 2,5 m 8 pies<\/td>\n<\/tr>\n<tr>\n<td>\u0095 tamaos de sala recomendados<\/td>\n<\/tr>\n<tr>\n<td>&#8211; hasta 5 m x 5 m<\/td>\n<\/tr>\n<tr>\n<td>\u0095 respuesta de frecuencia del micrfono<\/td>\n<\/tr>\n<tr>\n<td>&#8211; 100 hz a 6,7 khz<\/td>\n<\/tr>\n<tr>\n<td>\u0095 audio full dplex<\/td>\n<\/tr>\n<tr>\n<td>\u0095 reduccin de ruido y de eco<\/td>\n<\/tr>\n<tr>\n<td>\u0095 altavoces: un altavoz de msica de alto<\/td>\n<\/tr>\n<tr>\n<td>Rendimiento de 50 mm<\/td>\n<\/tr>\n<tr>\n<td>\u0095 respuesta de frecuencia del altavoz<\/td>\n<\/tr>\n<tr>\n<td>&#8211; de 75 hz a 20 khz<\/td>\n<\/tr>\n<tr>\n<td>\u0095 reflector de bajos con radiadores<\/td>\n<\/tr>\n<tr>\n<td>Pasivos dobles<\/td>\n<\/tr>\n<tr>\n<td>Batera<\/td>\n<\/tr>\n<tr>\n<td>\u0095 tipo de batera<\/td>\n<\/tr>\n<tr>\n<td>&#8211; iones de litio<\/td>\n<\/tr>\n<tr>\n<td>\u0095 capacidad de la batera<\/td>\n<\/tr>\n<tr>\n<td>&#8211; 5000 mah<\/td>\n<\/tr>\n<tr>\n<td>\u0095 tiempo de conversacin<\/td>\n<\/tr>\n<tr>\n<td>&#8211; hasta 30 horas<\/td>\n<\/tr>\n<tr>\n<td>\u0095 tiempo de carga<\/td>\n<\/tr>\n<tr>\n<td>&#8211; 5 horas<\/td>\n<\/tr>\n<tr>\n<td>Dimensiones<\/td>\n<\/tr>\n<tr>\n<td>\u0095 38 x 102 x 273 mm<\/td>\n<\/tr>\n<tr>\n<td>\u0095 1,5 x 4,0 x 10,7<\/td>\n<\/tr>\n<tr>\n<td>Peso<\/td>\n<\/tr>\n<tr>\n<td>\u0095 610 g\/21,5 oz<\/td>\n<\/tr>\n<tr>\n<td>Longitud del cable<\/td>\n<\/tr>\n<tr>\n<td>\u0095 1050 mm 41<\/td>\n<\/tr>\n<tr>\n<td>Factores ambientales<\/td>\n<\/tr>\n<tr>\n<td>\u0095 resistente al polvo y al agua con<\/td>\n<\/tr>\n<tr>\n<td>Clasificacin ip64<\/td>\n<\/tr>\n<tr>\n<td>Accesorios opcional<\/td>\n<\/tr>\n<tr>\n<td>\u0095 soporte de carga<\/td>\n<\/tr>\n<tr>\n<td>\u0095 montaje para escritorio seguro<\/td>\n<\/tr>\n<tr>\n<td>Aplicaciones compatibles<\/td>\n<\/tr>\n<tr>\n<td>\u0095 versiones de escritorio y mviles de<\/td>\n<\/tr>\n<tr>\n<td>Plantronics hub.<\/td>\n<\/tr>\n<tr>\n<td>\u0095 conjuntos de plantronics manager pro<\/td>\n<\/tr>\n<tr>\n<td>&#8211; administracin y adopcin de activos<\/td>\n<\/tr>\n<tr>\n<td>Certificacin de plataformas<\/td>\n<\/tr>\n<tr>\n<td>\u0095 enfoque certificado para salas de<\/td>\n<\/tr>\n<tr>\n<td>Microsoft teams pendiente<\/td>\n<\/tr>\n<tr>\n<td>\u0095 zoom pendiente<\/td>\n<\/tr>\n<tr>\n<td>\u0095 compatible con una amplia gama<\/td>\n<\/tr>\n<tr>\n<td>De plataformas<\/td>\n<\/tr>\n<tr>\n<td> solo en la versin de microsoft teams<\/td>\n<\/tr>\n<\/table>\n","protected":false},"excerpt":{"rendered":"<p>Version de microsoft teams. Las empresas avanzan con rapidez. Unirse a las reuniones virtuales tambin. Debera ser rpido. El altavoz manos libres inteligente usb\/bluetooth poly. Sync 40 les permite a los usuarios comenzar a trabajar de inmediato. Ya que. Est diseado para espacios de trabajo flexibles y de reuniones, su sonido es. Extraordinario. Todos pueden escuchar y ser escuchados sin perderse una. Palabra con su conjunto de varios micrfonos y el audio full dplex. \u00bfno tienes. Conexin elctrica? no hay problema. Poly sync 40 funciona con batera durante. Horas para que los equipos puedan usarlo en cualquier lugar de la sala. Pueden. Emparejar dos unidades para reuniones ms grandes con mayor volumen, ms. Micrfonos y una recepcin de voz ms amplia. Ya que es inteligente y sencillo. Este altavoz es tan flexible como el espacio en el que se encuentra. \u0095 funciona con computadoras a travs de usb y con telfonos inteligentes a travs. De bluetooth. \u0095 se conecta a dispositivos personales y funciona con aplicaciones existentes. \u0095 el botn programable borra los dispositivos bluetooth emparejados con anterioridad. Debe estar activado. \u0095 poly sync 40 se conecta de forma inalmbrica a computadoras mediante el. Adaptador bt600 incluido. \u0095 barra de luz de estado con alta visibilidad<\/p>\n","protected":false},"featured_media":243474,"comment_status":"open","ping_status":"open","template":"","meta":[],"product_cat":[1817,1823],"product_tag":[2035],"acf":[],"yoast_head":"<!-- This site is optimized with the Yoast SEO plugin v21.7 - https:\/\/yoast.com\/wordpress\/plugins\/seo\/ -->\n<title>[ Poly ] &#129351; 77p36aa Altavoz Manos Libres Hp Sync40 \/ Version Microsoft Teams Altavoz Portatil Conectividad Usb-a-usb-c Y Bluetooth Alcance De Microfono 2.5 Metros Ip64 Bateria Hasta 30 Horas<\/title>\n<meta name=\"description\" content=\"Compra 77p36aa Altavoz Manos Libres Hp Sync40 \/ Version Microsoft Teams Altavoz Portatil Conectividad Usb-a-usb-c Y Bluetooth Alcance De Microfono 2.5 Metros Ip64 Bateria Hasta 30 Horas + Env\u00edo a domicilio + Pago seguro + Garant\u00eda\" \/>\n<meta name=\"robots\" content=\"index, follow, max-snippet:-1, max-image-preview:large, max-video-preview:-1\" \/>\n<link rel=\"canonical\" href=\"https:\/\/compuviper.mx\/tienda\/producto\/poly-77p36aa-altavoz-manos-libres-hp-sync40-version-microsoft-teams-altavoz-portatil-conectividad-usb-a-usb-c-y-bluetooth-alcance-de-microfono-2-5-metros-ip64-bateria-hasta-30-horas\/\" \/>\n<meta property=\"og:locale\" content=\"es_MX\" \/>\n<meta property=\"og:type\" content=\"article\" \/>\n<meta property=\"og:title\" content=\"[ Poly ] &#129351; 77p36aa Altavoz Manos Libres Hp Sync40 \/ Version Microsoft Teams Altavoz Portatil Conectividad Usb-a-usb-c Y Bluetooth Alcance De Microfono 2.5 Metros Ip64 Bateria Hasta 30 Horas\" \/>\n<meta property=\"og:description\" content=\"Compra 77p36aa Altavoz Manos Libres Hp Sync40 \/ Version Microsoft Teams Altavoz Portatil Conectividad Usb-a-usb-c Y Bluetooth Alcance De Microfono 2.5 Metros Ip64 Bateria Hasta 30 Horas + Env\u00edo a domicilio + Pago seguro + Garant\u00eda\" \/>\n<meta property=\"og:url\" content=\"https:\/\/compuviper.mx\/tienda\/producto\/poly-77p36aa-altavoz-manos-libres-hp-sync40-version-microsoft-teams-altavoz-portatil-conectividad-usb-a-usb-c-y-bluetooth-alcance-de-microfono-2-5-metros-ip64-bateria-hasta-30-horas\/\" \/>\n<meta property=\"og:site_name\" content=\"Compuviper\" \/>\n<meta property=\"article:publisher\" content=\"https:\/\/www.facebook.com\/compuviper\" \/>\n<meta property=\"og:image\" content=\"https:\/\/compuviper.mx\/tienda\/wp-content\/uploads\/2024\/09\/Altavoz-manos-libres-hp-poly-77p36aa-sync40-version-microsoft-teams-altavoz-portatil-conectividad-usb-a-usb-c-y-bluetooth-alcance-de-microfono-2.5-metros-ip64-bateria-hasta-30-horas.jpg\" \/>\n\t<meta property=\"og:image:width\" content=\"200\" \/>\n\t<meta property=\"og:image:height\" content=\"200\" \/>\n\t<meta property=\"og:image:type\" content=\"image\/jpeg\" \/>\n<meta name=\"twitter:card\" content=\"summary_large_image\" \/>\n<meta name=\"twitter:label1\" content=\"Precio\" \/>\n\t<meta name=\"twitter:data1\" content=\"&#36;6,313 &#36;5,991 con IVA\" \/>\n\t<meta name=\"twitter:label2\" content=\"Availability\" \/>\n\t<meta name=\"twitter:data2\" content=\"Out of stock\" \/>\n<script type=\"application\/ld+json\" class=\"yoast-schema-graph\">{\"@context\":\"https:\/\/schema.org\",\"@graph\":[{\"@type\":\"WebPage\",\"@id\":\"https:\/\/compuviper.mx\/tienda\/producto\/poly-77p36aa-altavoz-manos-libres-hp-sync40-version-microsoft-teams-altavoz-portatil-conectividad-usb-a-usb-c-y-bluetooth-alcance-de-microfono-2-5-metros-ip64-bateria-hasta-30-horas\/\",\"url\":\"https:\/\/compuviper.mx\/tienda\/producto\/poly-77p36aa-altavoz-manos-libres-hp-sync40-version-microsoft-teams-altavoz-portatil-conectividad-usb-a-usb-c-y-bluetooth-alcance-de-microfono-2-5-metros-ip64-bateria-hasta-30-horas\/\",\"name\":\"[ Poly ] &#129351; 77p36aa Altavoz Manos Libres Hp Sync40 \/ Version Microsoft Teams Altavoz Portatil Conectividad Usb-a-usb-c Y Bluetooth Alcance De Microfono 2.5 Metros Ip64 Bateria Hasta 30 Horas\",\"isPartOf\":{\"@id\":\"https:\/\/compuviper.mx\/tienda\/#website\"},\"datePublished\":\"2026-04-14T08:04:24+00:00\",\"dateModified\":\"2026-04-14T08:04:24+00:00\",\"description\":\"Compra 77p36aa Altavoz Manos Libres Hp Sync40 \/ Version Microsoft Teams Altavoz Portatil Conectividad Usb-a-usb-c Y Bluetooth Alcance De Microfono 2.5 Metros Ip64 Bateria Hasta 30 Horas + Env\u00edo a domicilio + Pago seguro + Garant\u00eda\",\"breadcrumb\":{\"@id\":\"https:\/\/compuviper.mx\/tienda\/producto\/poly-77p36aa-altavoz-manos-libres-hp-sync40-version-microsoft-teams-altavoz-portatil-conectividad-usb-a-usb-c-y-bluetooth-alcance-de-microfono-2-5-metros-ip64-bateria-hasta-30-horas\/#breadcrumb\"},\"inLanguage\":\"es-MX\",\"potentialAction\":[{\"@type\":\"ReadAction\",\"target\":[\"https:\/\/compuviper.mx\/tienda\/producto\/poly-77p36aa-altavoz-manos-libres-hp-sync40-version-microsoft-teams-altavoz-portatil-conectividad-usb-a-usb-c-y-bluetooth-alcance-de-microfono-2-5-metros-ip64-bateria-hasta-30-horas\/\"]}]},{\"@type\":\"BreadcrumbList\",\"@id\":\"https:\/\/compuviper.mx\/tienda\/producto\/poly-77p36aa-altavoz-manos-libres-hp-sync40-version-microsoft-teams-altavoz-portatil-conectividad-usb-a-usb-c-y-bluetooth-alcance-de-microfono-2-5-metros-ip64-bateria-hasta-30-horas\/#breadcrumb\",\"itemListElement\":[{\"@type\":\"ListItem\",\"position\":1,\"name\":\"Inicio\",\"item\":\"https:\/\/compuviper.mx\/tienda\/\"},{\"@type\":\"ListItem\",\"position\":2,\"name\":\"Productos\",\"item\":\"https:\/\/compuviper.mx\/tienda\/productos\/\"},{\"@type\":\"ListItem\",\"position\":3,\"name\":\"Bocinas\",\"item\":\"https:\/\/compuviper.mx\/tienda\/categoria-producto\/bocinas\/\"},{\"@type\":\"ListItem\",\"position\":4,\"name\":\"Bocinas Bluetooth\",\"item\":\"https:\/\/compuviper.mx\/tienda\/categoria-producto\/bocinas\/bocinas-bluetooth\/\"},{\"@type\":\"ListItem\",\"position\":5,\"name\":\"Poly 77p36aa Altavoz Manos Libres Hp Sync40 \/ Version Microsoft Teams Altavoz Portatil Conectividad Usb-a-usb-c Y Bluetooth Alcance De Microfono 2.5 Metros Ip64 Bateria Hasta 30 Horas\"}]},{\"@type\":\"WebSite\",\"@id\":\"https:\/\/compuviper.mx\/tienda\/#website\",\"url\":\"https:\/\/compuviper.mx\/tienda\/\",\"name\":\"Compuviper\",\"description\":\"Proveedor de Computadoras, Laptops, Servidores, Monitores, Puntos de Venta, Teclados,   Impresoras, T\u00f3ner, C\u00e1maras de Seguridad y m\u00e1s en tu tienda en l\u00ednea\",\"publisher\":{\"@id\":\"https:\/\/compuviper.mx\/tienda\/#organization\"},\"potentialAction\":[{\"@type\":\"SearchAction\",\"target\":{\"@type\":\"EntryPoint\",\"urlTemplate\":\"https:\/\/compuviper.mx\/tienda\/?s={search_term_string}\"},\"query-input\":\"required name=search_term_string\"}],\"inLanguage\":\"es-MX\"},{\"@type\":\"Organization\",\"@id\":\"https:\/\/compuviper.mx\/tienda\/#organization\",\"name\":\"Compuviper\",\"url\":\"https:\/\/compuviper.mx\/tienda\/\",\"logo\":{\"@type\":\"ImageObject\",\"inLanguage\":\"es-MX\",\"@id\":\"https:\/\/compuviper.mx\/tienda\/#\/schema\/logo\/image\/\",\"url\":\"https:\/\/compuviper.mx\/tienda\/wp-content\/uploads\/2021\/08\/Logo-Compuviper-10.png\",\"contentUrl\":\"https:\/\/compuviper.mx\/tienda\/wp-content\/uploads\/2021\/08\/Logo-Compuviper-10.png\",\"width\":1000,\"height\":500,\"caption\":\"Compuviper\"},\"image\":{\"@id\":\"https:\/\/compuviper.mx\/tienda\/#\/schema\/logo\/image\/\"},\"sameAs\":[\"https:\/\/www.facebook.com\/compuviper\",\"https:\/\/www.youtube.com\/channel\/UCf73dERp9Y3cfOq7q8BhLjA?view_as=subscriber\"]}]}<\/script>\n<meta property=\"product:brand\" content=\"POLY\" \/>\n<meta property=\"product:price:amount\" content=\"5991\" \/>\n<meta property=\"product:price:currency\" content=\"MXN\" \/>\n<meta property=\"og:availability\" content=\"out of stock\" \/>\n<meta property=\"product:availability\" content=\"out of stock\" \/>\n<meta property=\"product:retailer_item_id\" content=\"77P36AA\" \/>\n<meta property=\"product:condition\" content=\"new\" \/>\n<!-- \/ Yoast SEO plugin. -->","yoast_head_json":{"title":"[ Poly ] &#129351; 77p36aa Altavoz Manos Libres Hp Sync40 \/ Version Microsoft Teams Altavoz Portatil Conectividad Usb-a-usb-c Y Bluetooth Alcance De Microfono 2.5 Metros Ip64 Bateria Hasta 30 Horas","description":"Compra 77p36aa Altavoz Manos Libres Hp Sync40 \/ Version Microsoft Teams Altavoz Portatil Conectividad Usb-a-usb-c Y Bluetooth Alcance De Microfono 2.5 Metros Ip64 Bateria Hasta 30 Horas + Env\u00edo a domicilio + Pago seguro + Garant\u00eda","robots":{"index":"index","follow":"follow","max-snippet":"max-snippet:-1","max-image-preview":"max-image-preview:large","max-video-preview":"max-video-preview:-1"},"canonical":"https:\/\/compuviper.mx\/tienda\/producto\/poly-77p36aa-altavoz-manos-libres-hp-sync40-version-microsoft-teams-altavoz-portatil-conectividad-usb-a-usb-c-y-bluetooth-alcance-de-microfono-2-5-metros-ip64-bateria-hasta-30-horas\/","og_locale":"es_MX","og_type":"article","og_title":"[ Poly ] &#129351; 77p36aa Altavoz Manos Libres Hp Sync40 \/ Version Microsoft Teams Altavoz Portatil Conectividad Usb-a-usb-c Y Bluetooth Alcance De Microfono 2.5 Metros Ip64 Bateria Hasta 30 Horas","og_description":"Compra 77p36aa Altavoz Manos Libres Hp Sync40 \/ Version Microsoft Teams Altavoz Portatil Conectividad Usb-a-usb-c Y Bluetooth Alcance De Microfono 2.5 Metros Ip64 Bateria Hasta 30 Horas + Env\u00edo a domicilio + Pago seguro + Garant\u00eda","og_url":"https:\/\/compuviper.mx\/tienda\/producto\/poly-77p36aa-altavoz-manos-libres-hp-sync40-version-microsoft-teams-altavoz-portatil-conectividad-usb-a-usb-c-y-bluetooth-alcance-de-microfono-2-5-metros-ip64-bateria-hasta-30-horas\/","og_site_name":"Compuviper","article_publisher":"https:\/\/www.facebook.com\/compuviper","og_image":[{"width":200,"height":200,"url":"https:\/\/compuviper.mx\/tienda\/wp-content\/uploads\/2024\/09\/Altavoz-manos-libres-hp-poly-77p36aa-sync40-version-microsoft-teams-altavoz-portatil-conectividad-usb-a-usb-c-y-bluetooth-alcance-de-microfono-2.5-metros-ip64-bateria-hasta-30-horas.jpg","type":"image\/jpeg"}],"twitter_card":"summary_large_image","twitter_misc":{"Precio":"&#36;6,313 &#36;5,991 con IVA","Availability":"Out of stock"},"schema":{"@context":"https:\/\/schema.org","@graph":[{"@type":"WebPage","@id":"https:\/\/compuviper.mx\/tienda\/producto\/poly-77p36aa-altavoz-manos-libres-hp-sync40-version-microsoft-teams-altavoz-portatil-conectividad-usb-a-usb-c-y-bluetooth-alcance-de-microfono-2-5-metros-ip64-bateria-hasta-30-horas\/","url":"https:\/\/compuviper.mx\/tienda\/producto\/poly-77p36aa-altavoz-manos-libres-hp-sync40-version-microsoft-teams-altavoz-portatil-conectividad-usb-a-usb-c-y-bluetooth-alcance-de-microfono-2-5-metros-ip64-bateria-hasta-30-horas\/","name":"[ Poly ] &#129351; 77p36aa Altavoz Manos Libres Hp Sync40 \/ Version Microsoft Teams Altavoz Portatil Conectividad Usb-a-usb-c Y Bluetooth Alcance De Microfono 2.5 Metros Ip64 Bateria Hasta 30 Horas","isPartOf":{"@id":"https:\/\/compuviper.mx\/tienda\/#website"},"datePublished":"2026-04-14T08:04:24+00:00","dateModified":"2026-04-14T08:04:24+00:00","description":"Compra 77p36aa Altavoz Manos Libres Hp Sync40 \/ Version Microsoft Teams Altavoz Portatil Conectividad Usb-a-usb-c Y Bluetooth Alcance De Microfono 2.5 Metros Ip64 Bateria Hasta 30 Horas + Env\u00edo a domicilio + Pago seguro + Garant\u00eda","breadcrumb":{"@id":"https:\/\/compuviper.mx\/tienda\/producto\/poly-77p36aa-altavoz-manos-libres-hp-sync40-version-microsoft-teams-altavoz-portatil-conectividad-usb-a-usb-c-y-bluetooth-alcance-de-microfono-2-5-metros-ip64-bateria-hasta-30-horas\/#breadcrumb"},"inLanguage":"es-MX","potentialAction":[{"@type":"ReadAction","target":["https:\/\/compuviper.mx\/tienda\/producto\/poly-77p36aa-altavoz-manos-libres-hp-sync40-version-microsoft-teams-altavoz-portatil-conectividad-usb-a-usb-c-y-bluetooth-alcance-de-microfono-2-5-metros-ip64-bateria-hasta-30-horas\/"]}]},{"@type":"BreadcrumbList","@id":"https:\/\/compuviper.mx\/tienda\/producto\/poly-77p36aa-altavoz-manos-libres-hp-sync40-version-microsoft-teams-altavoz-portatil-conectividad-usb-a-usb-c-y-bluetooth-alcance-de-microfono-2-5-metros-ip64-bateria-hasta-30-horas\/#breadcrumb","itemListElement":[{"@type":"ListItem","position":1,"name":"Inicio","item":"https:\/\/compuviper.mx\/tienda\/"},{"@type":"ListItem","position":2,"name":"Productos","item":"https:\/\/compuviper.mx\/tienda\/productos\/"},{"@type":"ListItem","position":3,"name":"Bocinas","item":"https:\/\/compuviper.mx\/tienda\/categoria-producto\/bocinas\/"},{"@type":"ListItem","position":4,"name":"Bocinas Bluetooth","item":"https:\/\/compuviper.mx\/tienda\/categoria-producto\/bocinas\/bocinas-bluetooth\/"},{"@type":"ListItem","position":5,"name":"Poly 77p36aa Altavoz Manos Libres Hp Sync40 \/ Version Microsoft Teams Altavoz Portatil Conectividad Usb-a-usb-c Y Bluetooth Alcance De Microfono 2.5 Metros Ip64 Bateria Hasta 30 Horas"}]},{"@type":"WebSite","@id":"https:\/\/compuviper.mx\/tienda\/#website","url":"https:\/\/compuviper.mx\/tienda\/","name":"Compuviper","description":"Proveedor de Computadoras, Laptops, Servidores, Monitores, Puntos de Venta, Teclados,   Impresoras, T\u00f3ner, C\u00e1maras de Seguridad y m\u00e1s en tu tienda en l\u00ednea","publisher":{"@id":"https:\/\/compuviper.mx\/tienda\/#organization"},"potentialAction":[{"@type":"SearchAction","target":{"@type":"EntryPoint","urlTemplate":"https:\/\/compuviper.mx\/tienda\/?s={search_term_string}"},"query-input":"required name=search_term_string"}],"inLanguage":"es-MX"},{"@type":"Organization","@id":"https:\/\/compuviper.mx\/tienda\/#organization","name":"Compuviper","url":"https:\/\/compuviper.mx\/tienda\/","logo":{"@type":"ImageObject","inLanguage":"es-MX","@id":"https:\/\/compuviper.mx\/tienda\/#\/schema\/logo\/image\/","url":"https:\/\/compuviper.mx\/tienda\/wp-content\/uploads\/2021\/08\/Logo-Compuviper-10.png","contentUrl":"https:\/\/compuviper.mx\/tienda\/wp-content\/uploads\/2021\/08\/Logo-Compuviper-10.png","width":1000,"height":500,"caption":"Compuviper"},"image":{"@id":"https:\/\/compuviper.mx\/tienda\/#\/schema\/logo\/image\/"},"sameAs":["https:\/\/www.facebook.com\/compuviper","https:\/\/www.youtube.com\/channel\/UCf73dERp9Y3cfOq7q8BhLjA?view_as=subscriber"]}]},"product_brand":"POLY","product_price_amount":"5991","product_price_currency":"MXN","og_availability":"out of stock","product_availability":"out of stock","product_retailer_item_id":"77P36AA","product_condition":"new"},"_links":{"self":[{"href":"https:\/\/compuviper.mx\/tienda\/wp-json\/wp\/v2\/product\/234853"}],"collection":[{"href":"https:\/\/compuviper.mx\/tienda\/wp-json\/wp\/v2\/product"}],"about":[{"href":"https:\/\/compuviper.mx\/tienda\/wp-json\/wp\/v2\/types\/product"}],"replies":[{"embeddable":true,"href":"https:\/\/compuviper.mx\/tienda\/wp-json\/wp\/v2\/comments?post=234853"}],"wp:featuredmedia":[{"embeddable":true,"href":"https:\/\/compuviper.mx\/tienda\/wp-json\/wp\/v2\/media\/243474"}],"wp:attachment":[{"href":"https:\/\/compuviper.mx\/tienda\/wp-json\/wp\/v2\/media?parent=234853"}],"wp:term":[{"taxonomy":"product_cat","embeddable":true,"href":"https:\/\/compuviper.mx\/tienda\/wp-json\/wp\/v2\/product_cat?post=234853"},{"taxonomy":"product_tag","embeddable":true,"href":"https:\/\/compuviper.mx\/tienda\/wp-json\/wp\/v2\/product_tag?post=234853"}],"curies":[{"name":"wp","href":"https:\/\/api.w.org\/{rel}","templated":true}]}}