{"id":233522,"date":"2026-04-09T00:50:04","date_gmt":"2026-04-09T06:50:04","guid":{"rendered":"https:\/\/compuviper.mx\/tienda\/producto\/logitech-920-012594-teclado-mouse-mk950-signature-slim-inalambrico-usb-bolt-blanco\/"},"modified":"2026-04-09T00:50:04","modified_gmt":"2026-04-09T06:50:04","slug":"logitech-920-012594-teclado-y-mouse-mk950-signature-slim-inalambrico-receptor-usb-bolt-espaol-blanco","status":"publish","type":"product","link":"https:\/\/compuviper.mx\/tienda\/producto\/logitech-920-012594-teclado-y-mouse-mk950-signature-slim-inalambrico-receptor-usb-bolt-espaol-blanco\/","title":{"rendered":"Logitech 920-012594 Teclado Y Mouse  Mk950 Signature Slim Inalambrico Receptor Usb Bolt (espa?ol) Blanco"},"content":{"rendered":"<table class=\"descripcion\">\n<tr>\n<td>Especificaciones y detalles<\/td>\n<\/tr>\n<tr>\n<td>Dimensiones<\/td>\n<\/tr>\n<tr>\n<td>Teclado<\/td>\n<\/tr>\n<tr>\n<td>Altura: 134,8 mm<\/td>\n<\/tr>\n<tr>\n<td>Ancho: 433,8 mm<\/td>\n<\/tr>\n<tr>\n<td>Profundidad: 23,1 mm<\/td>\n<\/tr>\n<tr>\n<td>Peso (con bater\u00eda): 685 g \/(sin pilas, sin receptor): 662,6 g<\/td>\n<\/tr>\n<tr>\n<td>Mouse<\/td>\n<\/tr>\n<tr>\n<td>Altura: 108,2 mm<\/td>\n<\/tr>\n<tr>\n<td>Ancho: 61 mm<\/td>\n<\/tr>\n<tr>\n<td>Profundidad: 38,8 mm<\/td>\n<\/tr>\n<tr>\n<td>Peso (con bater\u00eda): 101,3 g \/ (sin bater\u00eda &#8211; sin receptor): 76,3 g<\/td>\n<\/tr>\n<tr>\n<td>Teclado con bater\u00edas<\/td>\n<\/tr>\n<tr>\n<td>Tipo de bater\u00edas: no recargables, alcalinas<\/td>\n<\/tr>\n<tr>\n<td>N\u00famero de bater\u00edas: 2 aaa (incluidas)<\/td>\n<\/tr>\n<tr>\n<td>Duraci\u00f3n de las bater\u00edas: 36 meses 1la duraci\u00f3n de las bater\u00edas depende del uso y de los dispositivos.<\/td>\n<\/tr>\n<tr>\n<td>Bater\u00edas del mouse<\/td>\n<\/tr>\n<tr>\n<td>Tipo de bater\u00edas: no recargables, alcalinas<\/td>\n<\/tr>\n<tr>\n<td>N\u00famero de bater\u00edas: 1 aa (incluido)<\/td>\n<\/tr>\n<tr>\n<td>Duraci\u00f3n de las bater\u00edas: 24 meses 2la duraci\u00f3n de las bater\u00edas depende del uso y de los dispositivos.<\/td>\n<\/tr>\n<tr>\n<td>Compatibilidad con diversos sistemas operativos<\/td>\n<\/tr>\n<tr>\n<td>Bot\u00f3n easy-switch (se pueden conectar 3 dispositivos multisistema operativo)<\/td>\n<\/tr>\n<tr>\n<td>Compatible con tecnolog\u00eda logitech flow 5logi options+ debe estar instalado y todos los ordenadores conectados a la misma red. personalice el dispositivo instalando la aplicaci\u00f3n logi options+ disponible para versiones recientes de windows y macos en logi.com\/optionsplus<\/td>\n<\/tr>\n<tr>\n<td>Tecnolog\u00eda de sensor<\/td>\n<\/tr>\n<tr>\n<td>\u00f3ptica avanzada de logitech<\/td>\n<\/tr>\n<tr>\n<td>Valor nominal: 1000 dpi<\/td>\n<\/tr>\n<tr>\n<td>Dpi (valores m\u00ednimo y m\u00e1ximo): 400-4000 dpi (ajustable en incrementos de 100 dpi)<\/td>\n<\/tr>\n<tr>\n<td>Compatibilidad con tipo de conexi\u00f3n<\/td>\n<\/tr>\n<tr>\n<td>Receptor usb logi bolt (incluido)<\/td>\n<\/tr>\n<tr>\n<td>Tecnolog\u00eda bluetooth\u00ae low energy (bluetooth 5.1)<\/td>\n<\/tr>\n<tr>\n<td>Radio de acci\u00f3n inal\u00e1mbrico<\/td>\n<\/tr>\n<tr>\n<td>Radio de acci\u00f3n inal\u00e1mbrico: 10 m 6el radio de acci\u00f3n inal\u00e1mbrico depende de las condiciones de uso, del entorno y de los dispositivos.<\/td>\n<\/tr>\n<\/table>\n","protected":false},"excerpt":{"rendered":"<p>Una combinacion de teclado y raton disenada para vidas mixtas que combinan el trabajo y la vida. Te resultara magico alternar entre el ordenador del trabajo y el personal, personalizar los accesos directos y disfrutar de una escritura y un clic silencioso. Puedes emparejar signature slim keyboard k950 a tres dispositivos y alternar entre ellos con solo pulsar un boton<\/p>\n","protected":false},"featured_media":234060,"comment_status":"open","ping_status":"open","template":"","meta":[],"product_cat":[1712,1711],"product_tag":[1500],"acf":[],"yoast_head":"<!-- This site is optimized with the Yoast SEO plugin v21.7 - https:\/\/yoast.com\/wordpress\/plugins\/seo\/ -->\n<title>[ Logitech ] &#129351; 920-012594 Teclado Y Mouse Mk950 Signature Slim Inalambrico Receptor Usb Bolt (espa\u00f1ol) Blanco<\/title>\n<meta name=\"description\" content=\"Compra 920-012594 Teclado Y Mouse Mk950 Signature Slim Inalambrico Receptor Usb Bolt (espa\u00f1ol) Blanco + Env\u00edo a domicilio + Pago seguro + Garant\u00eda\" \/>\n<meta name=\"robots\" content=\"index, follow, max-snippet:-1, max-image-preview:large, max-video-preview:-1\" \/>\n<link rel=\"canonical\" href=\"https:\/\/compuviper.mx\/tienda\/producto\/logitech-920-012594-teclado-y-mouse-mk950-signature-slim-inalambrico-receptor-usb-bolt-espaol-blanco\/\" \/>\n<meta property=\"og:locale\" content=\"es_MX\" \/>\n<meta property=\"og:type\" content=\"article\" \/>\n<meta property=\"og:title\" content=\"[ Logitech ] &#129351; 920-012594 Teclado Y Mouse Mk950 Signature Slim Inalambrico Receptor Usb Bolt (espa\u00f1ol) Blanco\" \/>\n<meta property=\"og:description\" content=\"Compra 920-012594 Teclado Y Mouse Mk950 Signature Slim Inalambrico Receptor Usb Bolt (espa\u00f1ol) Blanco + Env\u00edo a domicilio + Pago seguro + Garant\u00eda\" \/>\n<meta property=\"og:url\" content=\"https:\/\/compuviper.mx\/tienda\/producto\/logitech-920-012594-teclado-y-mouse-mk950-signature-slim-inalambrico-receptor-usb-bolt-espaol-blanco\/\" \/>\n<meta property=\"og:site_name\" content=\"Compuviper\" \/>\n<meta property=\"article:publisher\" content=\"https:\/\/www.facebook.com\/compuviper\" \/>\n<meta property=\"og:image\" content=\"https:\/\/compuviper.mx\/tienda\/wp-content\/uploads\/2024\/05\/Tecladomouse-logitech-mk950-signature-slim-inalambrico-usb-bolt-blanco.jpg\" \/>\n\t<meta property=\"og:image:width\" content=\"200\" \/>\n\t<meta property=\"og:image:height\" content=\"200\" \/>\n\t<meta property=\"og:image:type\" content=\"image\/jpeg\" \/>\n<meta name=\"twitter:card\" content=\"summary_large_image\" \/>\n<meta name=\"twitter:label1\" content=\"Precio\" \/>\n\t<meta name=\"twitter:data1\" content=\"&#36;1,644 &#36;1,233 con IVA\" \/>\n\t<meta name=\"twitter:label2\" content=\"Availability\" \/>\n\t<meta name=\"twitter:data2\" content=\"In stock\" \/>\n<script type=\"application\/ld+json\" class=\"yoast-schema-graph\">{\"@context\":\"https:\/\/schema.org\",\"@graph\":[{\"@type\":\"WebPage\",\"@id\":\"https:\/\/compuviper.mx\/tienda\/producto\/logitech-920-012594-teclado-y-mouse-mk950-signature-slim-inalambrico-receptor-usb-bolt-espaol-blanco\/\",\"url\":\"https:\/\/compuviper.mx\/tienda\/producto\/logitech-920-012594-teclado-y-mouse-mk950-signature-slim-inalambrico-receptor-usb-bolt-espaol-blanco\/\",\"name\":\"[ Logitech ] &#129351; 920-012594 Teclado Y Mouse Mk950 Signature Slim Inalambrico Receptor Usb Bolt (espa\u00f1ol) Blanco\",\"isPartOf\":{\"@id\":\"https:\/\/compuviper.mx\/tienda\/#website\"},\"datePublished\":\"2026-04-09T06:50:04+00:00\",\"dateModified\":\"2026-04-09T06:50:04+00:00\",\"description\":\"Compra 920-012594 Teclado Y Mouse Mk950 Signature Slim Inalambrico Receptor Usb Bolt (espa\u00f1ol) Blanco + Env\u00edo a domicilio + Pago seguro + Garant\u00eda\",\"breadcrumb\":{\"@id\":\"https:\/\/compuviper.mx\/tienda\/producto\/logitech-920-012594-teclado-y-mouse-mk950-signature-slim-inalambrico-receptor-usb-bolt-espaol-blanco\/#breadcrumb\"},\"inLanguage\":\"es-MX\",\"potentialAction\":[{\"@type\":\"ReadAction\",\"target\":[\"https:\/\/compuviper.mx\/tienda\/producto\/logitech-920-012594-teclado-y-mouse-mk950-signature-slim-inalambrico-receptor-usb-bolt-espaol-blanco\/\"]}]},{\"@type\":\"BreadcrumbList\",\"@id\":\"https:\/\/compuviper.mx\/tienda\/producto\/logitech-920-012594-teclado-y-mouse-mk950-signature-slim-inalambrico-receptor-usb-bolt-espaol-blanco\/#breadcrumb\",\"itemListElement\":[{\"@type\":\"ListItem\",\"position\":1,\"name\":\"Inicio\",\"item\":\"https:\/\/compuviper.mx\/tienda\/\"},{\"@type\":\"ListItem\",\"position\":2,\"name\":\"Productos\",\"item\":\"https:\/\/compuviper.mx\/tienda\/productos\/\"},{\"@type\":\"ListItem\",\"position\":3,\"name\":\"Teclado Y Mouse\",\"item\":\"https:\/\/compuviper.mx\/tienda\/categoria-producto\/teclado-y-mouse\/\"},{\"@type\":\"ListItem\",\"position\":4,\"name\":\"Sin Categor\u00eda\",\"item\":\"https:\/\/compuviper.mx\/tienda\/categoria-producto\/teclado-y-mouse\/sin-categoria-teclado-y-mouse\/\"},{\"@type\":\"ListItem\",\"position\":5,\"name\":\"Logitech 920-012594 Teclado Y Mouse Mk950 Signature Slim Inalambrico Receptor Usb Bolt (espa?ol) Blanco\"}]},{\"@type\":\"WebSite\",\"@id\":\"https:\/\/compuviper.mx\/tienda\/#website\",\"url\":\"https:\/\/compuviper.mx\/tienda\/\",\"name\":\"Compuviper\",\"description\":\"Proveedor de Computadoras, Laptops, Servidores, Monitores, Puntos de Venta, Teclados,   Impresoras, T\u00f3ner, C\u00e1maras de Seguridad y m\u00e1s en tu tienda en l\u00ednea\",\"publisher\":{\"@id\":\"https:\/\/compuviper.mx\/tienda\/#organization\"},\"potentialAction\":[{\"@type\":\"SearchAction\",\"target\":{\"@type\":\"EntryPoint\",\"urlTemplate\":\"https:\/\/compuviper.mx\/tienda\/?s={search_term_string}\"},\"query-input\":\"required name=search_term_string\"}],\"inLanguage\":\"es-MX\"},{\"@type\":\"Organization\",\"@id\":\"https:\/\/compuviper.mx\/tienda\/#organization\",\"name\":\"Compuviper\",\"url\":\"https:\/\/compuviper.mx\/tienda\/\",\"logo\":{\"@type\":\"ImageObject\",\"inLanguage\":\"es-MX\",\"@id\":\"https:\/\/compuviper.mx\/tienda\/#\/schema\/logo\/image\/\",\"url\":\"https:\/\/compuviper.mx\/tienda\/wp-content\/uploads\/2021\/08\/Logo-Compuviper-10.png\",\"contentUrl\":\"https:\/\/compuviper.mx\/tienda\/wp-content\/uploads\/2021\/08\/Logo-Compuviper-10.png\",\"width\":1000,\"height\":500,\"caption\":\"Compuviper\"},\"image\":{\"@id\":\"https:\/\/compuviper.mx\/tienda\/#\/schema\/logo\/image\/\"},\"sameAs\":[\"https:\/\/www.facebook.com\/compuviper\",\"https:\/\/www.youtube.com\/channel\/UCf73dERp9Y3cfOq7q8BhLjA?view_as=subscriber\"]}]}<\/script>\n<meta property=\"product:brand\" content=\"LOGITECH\" \/>\n<meta property=\"product:price:amount\" content=\"1233\" \/>\n<meta property=\"product:price:currency\" content=\"MXN\" \/>\n<meta property=\"og:availability\" content=\"instock\" \/>\n<meta property=\"product:availability\" content=\"instock\" \/>\n<meta property=\"product:retailer_item_id\" content=\"920-012594\" \/>\n<meta property=\"product:condition\" content=\"new\" \/>\n<!-- \/ Yoast SEO plugin. -->","yoast_head_json":{"title":"[ Logitech ] &#129351; 920-012594 Teclado Y Mouse Mk950 Signature Slim Inalambrico Receptor Usb Bolt (espa\u00f1ol) Blanco","description":"Compra 920-012594 Teclado Y Mouse Mk950 Signature Slim Inalambrico Receptor Usb Bolt (espa\u00f1ol) Blanco + Env\u00edo a domicilio + Pago seguro + Garant\u00eda","robots":{"index":"index","follow":"follow","max-snippet":"max-snippet:-1","max-image-preview":"max-image-preview:large","max-video-preview":"max-video-preview:-1"},"canonical":"https:\/\/compuviper.mx\/tienda\/producto\/logitech-920-012594-teclado-y-mouse-mk950-signature-slim-inalambrico-receptor-usb-bolt-espaol-blanco\/","og_locale":"es_MX","og_type":"article","og_title":"[ Logitech ] &#129351; 920-012594 Teclado Y Mouse Mk950 Signature Slim Inalambrico Receptor Usb Bolt (espa\u00f1ol) Blanco","og_description":"Compra 920-012594 Teclado Y Mouse Mk950 Signature Slim Inalambrico Receptor Usb Bolt (espa\u00f1ol) Blanco + Env\u00edo a domicilio + Pago seguro + Garant\u00eda","og_url":"https:\/\/compuviper.mx\/tienda\/producto\/logitech-920-012594-teclado-y-mouse-mk950-signature-slim-inalambrico-receptor-usb-bolt-espaol-blanco\/","og_site_name":"Compuviper","article_publisher":"https:\/\/www.facebook.com\/compuviper","og_image":[{"width":200,"height":200,"url":"https:\/\/compuviper.mx\/tienda\/wp-content\/uploads\/2024\/05\/Tecladomouse-logitech-mk950-signature-slim-inalambrico-usb-bolt-blanco.jpg","type":"image\/jpeg"}],"twitter_card":"summary_large_image","twitter_misc":{"Precio":"&#36;1,644 &#36;1,233 con IVA","Availability":"In stock"},"schema":{"@context":"https:\/\/schema.org","@graph":[{"@type":"WebPage","@id":"https:\/\/compuviper.mx\/tienda\/producto\/logitech-920-012594-teclado-y-mouse-mk950-signature-slim-inalambrico-receptor-usb-bolt-espaol-blanco\/","url":"https:\/\/compuviper.mx\/tienda\/producto\/logitech-920-012594-teclado-y-mouse-mk950-signature-slim-inalambrico-receptor-usb-bolt-espaol-blanco\/","name":"[ Logitech ] &#129351; 920-012594 Teclado Y Mouse Mk950 Signature Slim Inalambrico Receptor Usb Bolt (espa\u00f1ol) Blanco","isPartOf":{"@id":"https:\/\/compuviper.mx\/tienda\/#website"},"datePublished":"2026-04-09T06:50:04+00:00","dateModified":"2026-04-09T06:50:04+00:00","description":"Compra 920-012594 Teclado Y Mouse Mk950 Signature Slim Inalambrico Receptor Usb Bolt (espa\u00f1ol) Blanco + Env\u00edo a domicilio + Pago seguro + Garant\u00eda","breadcrumb":{"@id":"https:\/\/compuviper.mx\/tienda\/producto\/logitech-920-012594-teclado-y-mouse-mk950-signature-slim-inalambrico-receptor-usb-bolt-espaol-blanco\/#breadcrumb"},"inLanguage":"es-MX","potentialAction":[{"@type":"ReadAction","target":["https:\/\/compuviper.mx\/tienda\/producto\/logitech-920-012594-teclado-y-mouse-mk950-signature-slim-inalambrico-receptor-usb-bolt-espaol-blanco\/"]}]},{"@type":"BreadcrumbList","@id":"https:\/\/compuviper.mx\/tienda\/producto\/logitech-920-012594-teclado-y-mouse-mk950-signature-slim-inalambrico-receptor-usb-bolt-espaol-blanco\/#breadcrumb","itemListElement":[{"@type":"ListItem","position":1,"name":"Inicio","item":"https:\/\/compuviper.mx\/tienda\/"},{"@type":"ListItem","position":2,"name":"Productos","item":"https:\/\/compuviper.mx\/tienda\/productos\/"},{"@type":"ListItem","position":3,"name":"Teclado Y Mouse","item":"https:\/\/compuviper.mx\/tienda\/categoria-producto\/teclado-y-mouse\/"},{"@type":"ListItem","position":4,"name":"Sin Categor\u00eda","item":"https:\/\/compuviper.mx\/tienda\/categoria-producto\/teclado-y-mouse\/sin-categoria-teclado-y-mouse\/"},{"@type":"ListItem","position":5,"name":"Logitech 920-012594 Teclado Y Mouse Mk950 Signature Slim Inalambrico Receptor Usb Bolt (espa?ol) Blanco"}]},{"@type":"WebSite","@id":"https:\/\/compuviper.mx\/tienda\/#website","url":"https:\/\/compuviper.mx\/tienda\/","name":"Compuviper","description":"Proveedor de Computadoras, Laptops, Servidores, Monitores, Puntos de Venta, Teclados,   Impresoras, T\u00f3ner, C\u00e1maras de Seguridad y m\u00e1s en tu tienda en l\u00ednea","publisher":{"@id":"https:\/\/compuviper.mx\/tienda\/#organization"},"potentialAction":[{"@type":"SearchAction","target":{"@type":"EntryPoint","urlTemplate":"https:\/\/compuviper.mx\/tienda\/?s={search_term_string}"},"query-input":"required name=search_term_string"}],"inLanguage":"es-MX"},{"@type":"Organization","@id":"https:\/\/compuviper.mx\/tienda\/#organization","name":"Compuviper","url":"https:\/\/compuviper.mx\/tienda\/","logo":{"@type":"ImageObject","inLanguage":"es-MX","@id":"https:\/\/compuviper.mx\/tienda\/#\/schema\/logo\/image\/","url":"https:\/\/compuviper.mx\/tienda\/wp-content\/uploads\/2021\/08\/Logo-Compuviper-10.png","contentUrl":"https:\/\/compuviper.mx\/tienda\/wp-content\/uploads\/2021\/08\/Logo-Compuviper-10.png","width":1000,"height":500,"caption":"Compuviper"},"image":{"@id":"https:\/\/compuviper.mx\/tienda\/#\/schema\/logo\/image\/"},"sameAs":["https:\/\/www.facebook.com\/compuviper","https:\/\/www.youtube.com\/channel\/UCf73dERp9Y3cfOq7q8BhLjA?view_as=subscriber"]}]},"product_brand":"LOGITECH","product_price_amount":"1233","product_price_currency":"MXN","og_availability":"instock","product_availability":"instock","product_retailer_item_id":"920-012594","product_condition":"new"},"_links":{"self":[{"href":"https:\/\/compuviper.mx\/tienda\/wp-json\/wp\/v2\/product\/233522"}],"collection":[{"href":"https:\/\/compuviper.mx\/tienda\/wp-json\/wp\/v2\/product"}],"about":[{"href":"https:\/\/compuviper.mx\/tienda\/wp-json\/wp\/v2\/types\/product"}],"replies":[{"embeddable":true,"href":"https:\/\/compuviper.mx\/tienda\/wp-json\/wp\/v2\/comments?post=233522"}],"wp:featuredmedia":[{"embeddable":true,"href":"https:\/\/compuviper.mx\/tienda\/wp-json\/wp\/v2\/media\/234060"}],"wp:attachment":[{"href":"https:\/\/compuviper.mx\/tienda\/wp-json\/wp\/v2\/media?parent=233522"}],"wp:term":[{"taxonomy":"product_cat","embeddable":true,"href":"https:\/\/compuviper.mx\/tienda\/wp-json\/wp\/v2\/product_cat?post=233522"},{"taxonomy":"product_tag","embeddable":true,"href":"https:\/\/compuviper.mx\/tienda\/wp-json\/wp\/v2\/product_tag?post=233522"}],"curies":[{"name":"wp","href":"https:\/\/api.w.org\/{rel}","templated":true}]}}