{"id":233134,"date":"2026-04-18T00:32:22","date_gmt":"2026-04-18T06:32:22","guid":{"rendered":"https:\/\/compuviper.mx\/tienda\/producto\/cyberpower-ec450g-no-break-450va-260w-standby-gabinete-compacto-8-nema-5-15r-1-supresin-solamente-3-supresin-con-modo-eco-4-supresin-con-batera-de-respaldo-garanta-3-aos\/"},"modified":"2026-04-18T00:32:22","modified_gmt":"2026-04-18T06:32:22","slug":"cyberpower-ec450g-no-break-450va-260w-standby-gabinete-compacto-8-nema-5-15r-1-supresin-solamente-3-supresin-con-modo-eco-4-supresin-con-batera-de-respaldo-garanta-3-aos","status":"publish","type":"product","link":"https:\/\/compuviper.mx\/tienda\/producto\/cyberpower-ec450g-no-break-450va-260w-standby-gabinete-compacto-8-nema-5-15r-1-supresin-solamente-3-supresin-con-modo-eco-4-supresin-con-batera-de-respaldo-garanta-3-aos\/","title":{"rendered":"Cyberpower Ec450g No Break  () 450va \/ 260w, Standby, Gabinete Compacto, 8 ? Nema 5-15r (1 Supresi?n Solamente, 3 Supresi?n Con Modo Eco, 4 Supresi?n Con Bater?a De Respaldo), Garant?a 3 A?os."},"content":{"rendered":"<table class=\"descripcion\">\n<tr>\n<td>General<\/td>\n<\/tr>\n<tr>\n<td>El ahorro de energ\u00eda: greenpower ups \u0099 de alta eficiencia<\/td>\n<\/tr>\n<tr>\n<td>Certificado energy star: si<\/td>\n<\/tr>\n<tr>\n<td>Topolog\u00eda de ups: torre<\/td>\n<\/tr>\n<tr>\n<td>Entrada<\/td>\n<\/tr>\n<tr>\n<td>Cortacircuitos: 10 a<\/td>\n<\/tr>\n<tr>\n<td>Longitud del cable (pies): 5 pies<\/td>\n<\/tr>\n<tr>\n<td>Rango de frecuencia: 47 &#8211; 63 hz<\/td>\n<\/tr>\n<tr>\n<td>Rango de voltaje de entrada: 96-140vac<\/td>\n<\/tr>\n<tr>\n<td>Voltaje de entrada nominal 120 vac<\/td>\n<\/tr>\n<tr>\n<td>Estilo de enchufe: \u00e1ngulo recto, desplazamiento de 45 \u00b0<\/td>\n<\/tr>\n<tr>\n<td>Tipo de enchufe: nema 5-15p<\/td>\n<\/tr>\n<tr>\n<td>Salida<\/td>\n<\/tr>\n<tr>\n<td>En frecuencia de bater\u00eda 50\/60 hz \u00b1 1% (detecci\u00f3n autom\u00e1tica)<\/td>\n<\/tr>\n<tr>\n<td>En voltaje de la bater\u00eda 120vac \u00b1 5%<\/td>\n<\/tr>\n<tr>\n<td>En forma de onda de la bater\u00eda onda sinusoidal simulada<\/td>\n<\/tr>\n<tr>\n<td>Tipo de salida nema 5-15r<\/td>\n<\/tr>\n<tr>\n<td>Tomacorrientes: bater\u00eda y protecci\u00f3n contra sobretensiones 4<\/td>\n<\/tr>\n<tr>\n<td>Puntos de venta &#8211; eco controlado 3<\/td>\n<\/tr>\n<tr>\n<td>Tomacorrientes: protegidos solo contra sobretensiones 4<\/td>\n<\/tr>\n<tr>\n<td>Puntos de venta &#8211; total 8<\/td>\n<\/tr>\n<tr>\n<td>Salidas &#8211; espaciadas por transformador 2<\/td>\n<\/tr>\n<tr>\n<td>Protecci\u00f3n de sobrecarga limitaci\u00f3n de circuitos internos, disyuntor<\/td>\n<\/tr>\n<tr>\n<td>Tiempo de transferencia 4 ms<\/td>\n<\/tr>\n<tr>\n<td>Va 450 va<\/td>\n<\/tr>\n<tr>\n<td>Watts  260 w<\/td>\n<\/tr>\n<tr>\n<td>Protecci\u00f3n contra sobretensiones y filtrado<\/td>\n<\/tr>\n<tr>\n<td>Filtraci\u00f3n emi \/ rfi si<\/td>\n<\/tr>\n<tr>\n<td>Supresi\u00f3n de sobretensiones 526 j<\/td>\n<\/tr>\n<tr>\n<td>Bater\u00eda<\/td>\n<\/tr>\n<tr>\n<td>Cantidad de bater\u00eda 1<\/td>\n<\/tr>\n<tr>\n<td>Tama\u00f1o de la bater\u00eda 12v \/ 2.9ah<\/td>\n<\/tr>\n<tr>\n<td>Tipo de bater\u00eda \u00e1cido de plomo sellado<\/td>\n<\/tr>\n<tr>\n<td>Tiempo de ejecuci\u00f3n a plena carga 2 minutos<\/td>\n<\/tr>\n<tr>\n<td>Tiempo de ejecuci\u00f3n a media carga 6 minutos<\/td>\n<\/tr>\n<tr>\n<td>Tiempos de ejecuci\u00f3n 11,5 min. (90 w), 3,3 min. (200w)<\/td>\n<\/tr>\n<tr>\n<td>Tiempo de recarga t\u00edpico 8 horas<\/td>\n<\/tr>\n<tr>\n<td>Reemplazable por el usuario reemplazable por un t\u00e9cnico calificado<\/td>\n<\/tr>\n<tr>\n<td>Dimensiones<\/td>\n<\/tr>\n<tr>\n<td>Dimensiones f\u00edsicas &#8211; (wxhxd) (cm) 26,92 x 7,87 x 14,99 (cm)<\/td>\n<\/tr>\n<tr>\n<td>Dimensiones f\u00edsicas: (ancho x alto x profundidad) (pulg.) 10,6 x 3,1 x 5,9 (pulgadas)<\/td>\n<\/tr>\n<tr>\n<td>Dimensiones f\u00edsicas &#8211; (wxhxd) (mm) 269 x 79 x 150 (mil\u00edmetro)<\/td>\n<\/tr>\n<tr>\n<td>Peso (kilogramo) 2,04<\/td>\n<\/tr>\n<tr>\n<td>Peso (libras) 4.5<\/td>\n<\/tr>\n<tr>\n<td>Dimensiones &#8211; env\u00edo<\/td>\n<\/tr>\n<tr>\n<td>Env\u00edo &#8211; peso (kg) 2,49<\/td>\n<\/tr>\n<tr>\n<td>Env\u00edo &#8211; peso (lb) 5.5<\/td>\n<\/tr>\n<tr>\n<td>Dimensiones de env\u00edo &#8211; (wxhxd) (cm) 11,13 x 20,65 x 33,66 (cm)<\/td>\n<\/tr>\n<tr>\n<td>Dimensiones de env\u00edo: (ancho x alto x prof.) (pulg.) 4,38 x 8,13 x 13,25 (pulgadas)<\/td>\n<\/tr>\n<tr>\n<td>Dimensiones de env\u00edo &#8211; (wxhxd) (mm) 111,25 x 206,5 x 336,55 (mil\u00edmetro)<\/td>\n<\/tr>\n<tr>\n<td>Gesti\u00f3n y comunicaciones<\/td>\n<\/tr>\n<tr>\n<td>Alarmas audibles con bater\u00eda, bater\u00eda baja, sobrecarga, falla<\/td>\n<\/tr>\n<tr>\n<td>Cable de comunicacion cable usb<\/td>\n<\/tr>\n<tr>\n<td>Puerto usb compatible con hid si<\/td>\n<\/tr>\n<tr>\n<td>Indicadores led encendido, eco encendido \/ apagado<\/td>\n<\/tr>\n<tr>\n<td>Software powerpanel\u00ae personal<\/td>\n<\/tr>\n<tr>\n<td>F\u00edsico<\/td>\n<\/tr>\n<tr>\n<td>Color negro<\/td>\n<\/tr>\n<tr>\n<td>Factor de forma compacto<\/td>\n<\/tr>\n<tr>\n<td>Ranuras de montaje de ojo de cerradura si<\/td>\n<\/tr>\n<tr>\n<td>Ambiental<\/td>\n<\/tr>\n<tr>\n<td>Elevaci\u00f3n operativa 0 &#8211; 10,000 pies (0 &#8211; 3,000 m)<\/td>\n<\/tr>\n<tr>\n<td>Humedad relativa de funcionamiento 0 &#8211; 95% (sin condensaci\u00f3n)<\/td>\n<\/tr>\n<tr>\n<td>Temperatura de funcionamiento 32 \u00b0 f a 104 \u00b0 f (0 \u00b0 c a 40 \u00b0 c)<\/td>\n<\/tr>\n<tr>\n<td>Elevaci\u00f3n de almacenamiento 0 &#8211; 50.000 pies (0 &#8211; 15.000 m)<\/td>\n<\/tr>\n<tr>\n<td>Humedad relativa de almacenamiento 0 &#8211; 95% (sin condensaci\u00f3n)<\/td>\n<\/tr>\n<tr>\n<td>Temperatura de almacenamiento 5 \u00b0 f a 113 \u00b0 f (-15 \u00b0 c a 45 \u00b0 c)<\/td>\n<\/tr>\n<tr>\n<td>Certificaciones<\/td>\n<\/tr>\n<tr>\n<td>Ambiental: rohs<\/td>\n<\/tr>\n<tr>\n<td>La seguridad ul1778, cul 107.3, fcc doc clase b<\/td>\n<\/tr>\n<tr>\n<td>Garant\u00eda<\/td>\n<\/tr>\n<tr>\n<td>La garant\u00eda del producto 3 a\u00f1os incluyendo bater\u00eda.<\/td>\n<\/tr>\n<\/table>\n","protected":false},"excerpt":{"rendered":"<p>El cyberpower ecologic ec450g proporciona respaldo de bater\u00eda (usando salida de onda sinusoidal simulada) y protecci\u00f3n contra sobretensiones para computadoras de escritorio, estaciones de trabajo, dispositivos de red y sistemas de entretenimiento en el hogar. Durante las interrupciones de energ\u00eda, el ec450g ofrece protecci\u00f3n de energ\u00eda confiable y respaldo de bater\u00eda. Cuando la bater\u00eda de respaldo detecta que la computadora est\u00e1 apagada o en modo de suspensi\u00f3n, los perif\u00e9ricos de la computadora conectados al modo eco, los tomacorrientes protegidos contra sobretensiones se apagar\u00e1n autom\u00e1ticamente, lo que reduce el uso de energ\u00eda y los costos de energ\u00eda (se requiere conexi\u00f3n usb).<\/p>\n","protected":false},"featured_media":233251,"comment_status":"open","ping_status":"open","template":"","meta":[],"product_cat":[1508,1691],"product_tag":[1692],"acf":[],"yoast_head":"<!-- This site is optimized with the Yoast SEO plugin v21.7 - https:\/\/yoast.com\/wordpress\/plugins\/seo\/ -->\n<title>[ Cyberpower ] &#129351; Ec450g No Break () 450va \/ 260w, Standby, Gabinete Compacto, 8 \u00d7 Nema 5-15r (1 Supresi\u00f3n Solamente, 3 Supresi\u00f3n Con Modo Eco, 4 Supresi\u00f3n Con Bater\u00eda De Respaldo), Garant\u00eda 3 A\u00f1os.<\/title>\n<meta name=\"description\" content=\"Compra Ec450g No Break () 450va \/ 260w, Standby, Gabinete Compacto, 8 \u00d7 Nema 5-15r (1 Supresi\u00f3n Solamente, 3 Supresi\u00f3n Con Modo Eco, 4 Supresi\u00f3n Con Bater\u00eda De Respaldo), Garant\u00eda 3 A\u00f1os. + Env\u00edo a domicilio + Pago seguro + Garant\u00eda\" \/>\n<meta name=\"robots\" content=\"index, follow, max-snippet:-1, max-image-preview:large, max-video-preview:-1\" \/>\n<link rel=\"canonical\" href=\"https:\/\/compuviper.mx\/tienda\/producto\/cyberpower-ec450g-no-break-450va-260w-standby-gabinete-compacto-8-nema-5-15r-1-supresin-solamente-3-supresin-con-modo-eco-4-supresin-con-batera-de-respaldo-garanta-3-aos\/\" \/>\n<meta property=\"og:locale\" content=\"es_MX\" \/>\n<meta property=\"og:type\" content=\"article\" \/>\n<meta property=\"og:title\" content=\"[ Cyberpower ] &#129351; Ec450g No Break () 450va \/ 260w, Standby, Gabinete Compacto, 8 \u00d7 Nema 5-15r (1 Supresi\u00f3n Solamente, 3 Supresi\u00f3n Con Modo Eco, 4 Supresi\u00f3n Con Bater\u00eda De Respaldo), Garant\u00eda 3 A\u00f1os.\" \/>\n<meta property=\"og:description\" content=\"Compra Ec450g No Break () 450va \/ 260w, Standby, Gabinete Compacto, 8 \u00d7 Nema 5-15r (1 Supresi\u00f3n Solamente, 3 Supresi\u00f3n Con Modo Eco, 4 Supresi\u00f3n Con Bater\u00eda De Respaldo), Garant\u00eda 3 A\u00f1os. + Env\u00edo a domicilio + Pago seguro + Garant\u00eda\" \/>\n<meta property=\"og:url\" content=\"https:\/\/compuviper.mx\/tienda\/producto\/cyberpower-ec450g-no-break-450va-260w-standby-gabinete-compacto-8-nema-5-15r-1-supresin-solamente-3-supresin-con-modo-eco-4-supresin-con-batera-de-respaldo-garanta-3-aos\/\" \/>\n<meta property=\"og:site_name\" content=\"Compuviper\" \/>\n<meta property=\"article:publisher\" content=\"https:\/\/www.facebook.com\/compuviper\" \/>\n<meta property=\"og:image\" content=\"https:\/\/compuviper.mx\/tienda\/wp-content\/uploads\/2024\/05\/No-break-cyberpower-ec450g-450va-260w-standby-gabinete-compacto-8-\u00d7-nema-5-15r-1-supresion-solamente-3-supresion-con-modo-eco-4-supresion-con-bateria-de-respaldo-garantia-3-anos.jpg\" \/>\n\t<meta property=\"og:image:width\" content=\"200\" \/>\n\t<meta property=\"og:image:height\" content=\"200\" \/>\n\t<meta property=\"og:image:type\" content=\"image\/jpeg\" \/>\n<meta name=\"twitter:card\" content=\"summary_large_image\" \/>\n<meta name=\"twitter:label1\" content=\"Precio\" \/>\n\t<meta name=\"twitter:data1\" content=\"&#36;1,696 &#36;1,611 con IVA\" \/>\n\t<meta name=\"twitter:label2\" content=\"Availability\" \/>\n\t<meta name=\"twitter:data2\" content=\"In stock\" \/>\n<script type=\"application\/ld+json\" class=\"yoast-schema-graph\">{\"@context\":\"https:\/\/schema.org\",\"@graph\":[{\"@type\":\"WebPage\",\"@id\":\"https:\/\/compuviper.mx\/tienda\/producto\/cyberpower-ec450g-no-break-450va-260w-standby-gabinete-compacto-8-nema-5-15r-1-supresin-solamente-3-supresin-con-modo-eco-4-supresin-con-batera-de-respaldo-garanta-3-aos\/\",\"url\":\"https:\/\/compuviper.mx\/tienda\/producto\/cyberpower-ec450g-no-break-450va-260w-standby-gabinete-compacto-8-nema-5-15r-1-supresin-solamente-3-supresin-con-modo-eco-4-supresin-con-batera-de-respaldo-garanta-3-aos\/\",\"name\":\"[ Cyberpower ] &#129351; Ec450g No Break () 450va \/ 260w, Standby, Gabinete Compacto, 8 \u00d7 Nema 5-15r (1 Supresi\u00f3n Solamente, 3 Supresi\u00f3n Con Modo Eco, 4 Supresi\u00f3n Con Bater\u00eda De Respaldo), Garant\u00eda 3 A\u00f1os.\",\"isPartOf\":{\"@id\":\"https:\/\/compuviper.mx\/tienda\/#website\"},\"datePublished\":\"2026-04-18T06:32:22+00:00\",\"dateModified\":\"2026-04-18T06:32:22+00:00\",\"description\":\"Compra Ec450g No Break () 450va \/ 260w, Standby, Gabinete Compacto, 8 \u00d7 Nema 5-15r (1 Supresi\u00f3n Solamente, 3 Supresi\u00f3n Con Modo Eco, 4 Supresi\u00f3n Con Bater\u00eda De Respaldo), Garant\u00eda 3 A\u00f1os. + Env\u00edo a domicilio + Pago seguro + Garant\u00eda\",\"breadcrumb\":{\"@id\":\"https:\/\/compuviper.mx\/tienda\/producto\/cyberpower-ec450g-no-break-450va-260w-standby-gabinete-compacto-8-nema-5-15r-1-supresin-solamente-3-supresin-con-modo-eco-4-supresin-con-batera-de-respaldo-garanta-3-aos\/#breadcrumb\"},\"inLanguage\":\"es-MX\",\"potentialAction\":[{\"@type\":\"ReadAction\",\"target\":[\"https:\/\/compuviper.mx\/tienda\/producto\/cyberpower-ec450g-no-break-450va-260w-standby-gabinete-compacto-8-nema-5-15r-1-supresin-solamente-3-supresin-con-modo-eco-4-supresin-con-batera-de-respaldo-garanta-3-aos\/\"]}]},{\"@type\":\"BreadcrumbList\",\"@id\":\"https:\/\/compuviper.mx\/tienda\/producto\/cyberpower-ec450g-no-break-450va-260w-standby-gabinete-compacto-8-nema-5-15r-1-supresin-solamente-3-supresin-con-modo-eco-4-supresin-con-batera-de-respaldo-garanta-3-aos\/#breadcrumb\",\"itemListElement\":[{\"@type\":\"ListItem\",\"position\":1,\"name\":\"Inicio\",\"item\":\"https:\/\/compuviper.mx\/tienda\/\"},{\"@type\":\"ListItem\",\"position\":2,\"name\":\"Productos\",\"item\":\"https:\/\/compuviper.mx\/tienda\/productos\/\"},{\"@type\":\"ListItem\",\"position\":3,\"name\":\"Energia\",\"item\":\"https:\/\/compuviper.mx\/tienda\/categoria-producto\/energia\/\"},{\"@type\":\"ListItem\",\"position\":4,\"name\":\"No Break\",\"item\":\"https:\/\/compuviper.mx\/tienda\/categoria-producto\/energia\/no-break\/\"},{\"@type\":\"ListItem\",\"position\":5,\"name\":\"Cyberpower Ec450g No Break () 450va \/ 260w, Standby, Gabinete Compacto, 8 ? Nema 5-15r (1 Supresi?n Solamente, 3 Supresi?n Con Modo Eco, 4 Supresi?n Con Bater?a De Respaldo), Garant?a 3 A?os.\"}]},{\"@type\":\"WebSite\",\"@id\":\"https:\/\/compuviper.mx\/tienda\/#website\",\"url\":\"https:\/\/compuviper.mx\/tienda\/\",\"name\":\"Compuviper\",\"description\":\"Proveedor de Computadoras, Laptops, Servidores, Monitores, Puntos de Venta, Teclados,   Impresoras, T\u00f3ner, C\u00e1maras de Seguridad y m\u00e1s en tu tienda en l\u00ednea\",\"publisher\":{\"@id\":\"https:\/\/compuviper.mx\/tienda\/#organization\"},\"potentialAction\":[{\"@type\":\"SearchAction\",\"target\":{\"@type\":\"EntryPoint\",\"urlTemplate\":\"https:\/\/compuviper.mx\/tienda\/?s={search_term_string}\"},\"query-input\":\"required name=search_term_string\"}],\"inLanguage\":\"es-MX\"},{\"@type\":\"Organization\",\"@id\":\"https:\/\/compuviper.mx\/tienda\/#organization\",\"name\":\"Compuviper\",\"url\":\"https:\/\/compuviper.mx\/tienda\/\",\"logo\":{\"@type\":\"ImageObject\",\"inLanguage\":\"es-MX\",\"@id\":\"https:\/\/compuviper.mx\/tienda\/#\/schema\/logo\/image\/\",\"url\":\"https:\/\/compuviper.mx\/tienda\/wp-content\/uploads\/2021\/08\/Logo-Compuviper-10.png\",\"contentUrl\":\"https:\/\/compuviper.mx\/tienda\/wp-content\/uploads\/2021\/08\/Logo-Compuviper-10.png\",\"width\":1000,\"height\":500,\"caption\":\"Compuviper\"},\"image\":{\"@id\":\"https:\/\/compuviper.mx\/tienda\/#\/schema\/logo\/image\/\"},\"sameAs\":[\"https:\/\/www.facebook.com\/compuviper\",\"https:\/\/www.youtube.com\/channel\/UCf73dERp9Y3cfOq7q8BhLjA?view_as=subscriber\"]}]}<\/script>\n<meta property=\"product:brand\" content=\"CYBERPOWER\" \/>\n<meta property=\"product:price:amount\" content=\"1611\" \/>\n<meta property=\"product:price:currency\" content=\"MXN\" \/>\n<meta property=\"og:availability\" content=\"instock\" \/>\n<meta property=\"product:availability\" content=\"instock\" \/>\n<meta property=\"product:retailer_item_id\" content=\"EC450G\" \/>\n<meta property=\"product:condition\" content=\"new\" \/>\n<!-- \/ Yoast SEO plugin. -->","yoast_head_json":{"title":"[ Cyberpower ] &#129351; Ec450g No Break () 450va \/ 260w, Standby, Gabinete Compacto, 8 \u00d7 Nema 5-15r (1 Supresi\u00f3n Solamente, 3 Supresi\u00f3n Con Modo Eco, 4 Supresi\u00f3n Con Bater\u00eda De Respaldo), Garant\u00eda 3 A\u00f1os.","description":"Compra Ec450g No Break () 450va \/ 260w, Standby, Gabinete Compacto, 8 \u00d7 Nema 5-15r (1 Supresi\u00f3n Solamente, 3 Supresi\u00f3n Con Modo Eco, 4 Supresi\u00f3n Con Bater\u00eda De Respaldo), Garant\u00eda 3 A\u00f1os. + Env\u00edo a domicilio + Pago seguro + Garant\u00eda","robots":{"index":"index","follow":"follow","max-snippet":"max-snippet:-1","max-image-preview":"max-image-preview:large","max-video-preview":"max-video-preview:-1"},"canonical":"https:\/\/compuviper.mx\/tienda\/producto\/cyberpower-ec450g-no-break-450va-260w-standby-gabinete-compacto-8-nema-5-15r-1-supresin-solamente-3-supresin-con-modo-eco-4-supresin-con-batera-de-respaldo-garanta-3-aos\/","og_locale":"es_MX","og_type":"article","og_title":"[ Cyberpower ] &#129351; Ec450g No Break () 450va \/ 260w, Standby, Gabinete Compacto, 8 \u00d7 Nema 5-15r (1 Supresi\u00f3n Solamente, 3 Supresi\u00f3n Con Modo Eco, 4 Supresi\u00f3n Con Bater\u00eda De Respaldo), Garant\u00eda 3 A\u00f1os.","og_description":"Compra Ec450g No Break () 450va \/ 260w, Standby, Gabinete Compacto, 8 \u00d7 Nema 5-15r (1 Supresi\u00f3n Solamente, 3 Supresi\u00f3n Con Modo Eco, 4 Supresi\u00f3n Con Bater\u00eda De Respaldo), Garant\u00eda 3 A\u00f1os. + Env\u00edo a domicilio + Pago seguro + Garant\u00eda","og_url":"https:\/\/compuviper.mx\/tienda\/producto\/cyberpower-ec450g-no-break-450va-260w-standby-gabinete-compacto-8-nema-5-15r-1-supresin-solamente-3-supresin-con-modo-eco-4-supresin-con-batera-de-respaldo-garanta-3-aos\/","og_site_name":"Compuviper","article_publisher":"https:\/\/www.facebook.com\/compuviper","og_image":[{"width":200,"height":200,"url":"https:\/\/compuviper.mx\/tienda\/wp-content\/uploads\/2024\/05\/No-break-cyberpower-ec450g-450va-260w-standby-gabinete-compacto-8-\u00d7-nema-5-15r-1-supresion-solamente-3-supresion-con-modo-eco-4-supresion-con-bateria-de-respaldo-garantia-3-anos.jpg","type":"image\/jpeg"}],"twitter_card":"summary_large_image","twitter_misc":{"Precio":"&#36;1,696 &#36;1,611 con IVA","Availability":"In stock"},"schema":{"@context":"https:\/\/schema.org","@graph":[{"@type":"WebPage","@id":"https:\/\/compuviper.mx\/tienda\/producto\/cyberpower-ec450g-no-break-450va-260w-standby-gabinete-compacto-8-nema-5-15r-1-supresin-solamente-3-supresin-con-modo-eco-4-supresin-con-batera-de-respaldo-garanta-3-aos\/","url":"https:\/\/compuviper.mx\/tienda\/producto\/cyberpower-ec450g-no-break-450va-260w-standby-gabinete-compacto-8-nema-5-15r-1-supresin-solamente-3-supresin-con-modo-eco-4-supresin-con-batera-de-respaldo-garanta-3-aos\/","name":"[ Cyberpower ] &#129351; Ec450g No Break () 450va \/ 260w, Standby, Gabinete Compacto, 8 \u00d7 Nema 5-15r (1 Supresi\u00f3n Solamente, 3 Supresi\u00f3n Con Modo Eco, 4 Supresi\u00f3n Con Bater\u00eda De Respaldo), Garant\u00eda 3 A\u00f1os.","isPartOf":{"@id":"https:\/\/compuviper.mx\/tienda\/#website"},"datePublished":"2026-04-18T06:32:22+00:00","dateModified":"2026-04-18T06:32:22+00:00","description":"Compra Ec450g No Break () 450va \/ 260w, Standby, Gabinete Compacto, 8 \u00d7 Nema 5-15r (1 Supresi\u00f3n Solamente, 3 Supresi\u00f3n Con Modo Eco, 4 Supresi\u00f3n Con Bater\u00eda De Respaldo), Garant\u00eda 3 A\u00f1os. + Env\u00edo a domicilio + Pago seguro + Garant\u00eda","breadcrumb":{"@id":"https:\/\/compuviper.mx\/tienda\/producto\/cyberpower-ec450g-no-break-450va-260w-standby-gabinete-compacto-8-nema-5-15r-1-supresin-solamente-3-supresin-con-modo-eco-4-supresin-con-batera-de-respaldo-garanta-3-aos\/#breadcrumb"},"inLanguage":"es-MX","potentialAction":[{"@type":"ReadAction","target":["https:\/\/compuviper.mx\/tienda\/producto\/cyberpower-ec450g-no-break-450va-260w-standby-gabinete-compacto-8-nema-5-15r-1-supresin-solamente-3-supresin-con-modo-eco-4-supresin-con-batera-de-respaldo-garanta-3-aos\/"]}]},{"@type":"BreadcrumbList","@id":"https:\/\/compuviper.mx\/tienda\/producto\/cyberpower-ec450g-no-break-450va-260w-standby-gabinete-compacto-8-nema-5-15r-1-supresin-solamente-3-supresin-con-modo-eco-4-supresin-con-batera-de-respaldo-garanta-3-aos\/#breadcrumb","itemListElement":[{"@type":"ListItem","position":1,"name":"Inicio","item":"https:\/\/compuviper.mx\/tienda\/"},{"@type":"ListItem","position":2,"name":"Productos","item":"https:\/\/compuviper.mx\/tienda\/productos\/"},{"@type":"ListItem","position":3,"name":"Energia","item":"https:\/\/compuviper.mx\/tienda\/categoria-producto\/energia\/"},{"@type":"ListItem","position":4,"name":"No Break","item":"https:\/\/compuviper.mx\/tienda\/categoria-producto\/energia\/no-break\/"},{"@type":"ListItem","position":5,"name":"Cyberpower Ec450g No Break () 450va \/ 260w, Standby, Gabinete Compacto, 8 ? Nema 5-15r (1 Supresi?n Solamente, 3 Supresi?n Con Modo Eco, 4 Supresi?n Con Bater?a De Respaldo), Garant?a 3 A?os."}]},{"@type":"WebSite","@id":"https:\/\/compuviper.mx\/tienda\/#website","url":"https:\/\/compuviper.mx\/tienda\/","name":"Compuviper","description":"Proveedor de Computadoras, Laptops, Servidores, Monitores, Puntos de Venta, Teclados,   Impresoras, T\u00f3ner, C\u00e1maras de Seguridad y m\u00e1s en tu tienda en l\u00ednea","publisher":{"@id":"https:\/\/compuviper.mx\/tienda\/#organization"},"potentialAction":[{"@type":"SearchAction","target":{"@type":"EntryPoint","urlTemplate":"https:\/\/compuviper.mx\/tienda\/?s={search_term_string}"},"query-input":"required name=search_term_string"}],"inLanguage":"es-MX"},{"@type":"Organization","@id":"https:\/\/compuviper.mx\/tienda\/#organization","name":"Compuviper","url":"https:\/\/compuviper.mx\/tienda\/","logo":{"@type":"ImageObject","inLanguage":"es-MX","@id":"https:\/\/compuviper.mx\/tienda\/#\/schema\/logo\/image\/","url":"https:\/\/compuviper.mx\/tienda\/wp-content\/uploads\/2021\/08\/Logo-Compuviper-10.png","contentUrl":"https:\/\/compuviper.mx\/tienda\/wp-content\/uploads\/2021\/08\/Logo-Compuviper-10.png","width":1000,"height":500,"caption":"Compuviper"},"image":{"@id":"https:\/\/compuviper.mx\/tienda\/#\/schema\/logo\/image\/"},"sameAs":["https:\/\/www.facebook.com\/compuviper","https:\/\/www.youtube.com\/channel\/UCf73dERp9Y3cfOq7q8BhLjA?view_as=subscriber"]}]},"product_brand":"CYBERPOWER","product_price_amount":"1611","product_price_currency":"MXN","og_availability":"instock","product_availability":"instock","product_retailer_item_id":"EC450G","product_condition":"new"},"_links":{"self":[{"href":"https:\/\/compuviper.mx\/tienda\/wp-json\/wp\/v2\/product\/233134"}],"collection":[{"href":"https:\/\/compuviper.mx\/tienda\/wp-json\/wp\/v2\/product"}],"about":[{"href":"https:\/\/compuviper.mx\/tienda\/wp-json\/wp\/v2\/types\/product"}],"replies":[{"embeddable":true,"href":"https:\/\/compuviper.mx\/tienda\/wp-json\/wp\/v2\/comments?post=233134"}],"wp:featuredmedia":[{"embeddable":true,"href":"https:\/\/compuviper.mx\/tienda\/wp-json\/wp\/v2\/media\/233251"}],"wp:attachment":[{"href":"https:\/\/compuviper.mx\/tienda\/wp-json\/wp\/v2\/media?parent=233134"}],"wp:term":[{"taxonomy":"product_cat","embeddable":true,"href":"https:\/\/compuviper.mx\/tienda\/wp-json\/wp\/v2\/product_cat?post=233134"},{"taxonomy":"product_tag","embeddable":true,"href":"https:\/\/compuviper.mx\/tienda\/wp-json\/wp\/v2\/product_tag?post=233134"}],"curies":[{"name":"wp","href":"https:\/\/api.w.org\/{rel}","templated":true}]}}