{"id":233095,"date":"2026-04-18T01:42:03","date_gmt":"2026-04-18T07:42:03","guid":{"rendered":"https:\/\/compuviper.mx\/tienda\/producto\/hewlett-packard-enterprise-u8132e-poliza-de-servicio-hp-instalacion-modular-smart-array-y-servicios-enclosure\/"},"modified":"2026-04-18T01:42:04","modified_gmt":"2026-04-18T07:42:04","slug":"hewlett-packard-enterprise-u8132e-poliza-de-servicio-hp-instalacion-modular-smart-array-y-servicios-enclosure","status":"publish","type":"product","link":"https:\/\/compuviper.mx\/tienda\/producto\/hewlett-packard-enterprise-u8132e-poliza-de-servicio-hp-instalacion-modular-smart-array-y-servicios-enclosure\/","title":{"rendered":"Hewlett Packard Enterprise U8132e Poliza De Servicio Hp  Instalacion Modular Smart Array Y Servicios Enclosure"},"content":{"rendered":"<table class=\"descripcion\">\n<tr>\n<td>Servicio de instalacin de hp ofrece para la instalacin b\u00e1sica de los servidores de la marca hp, estaciones de trabajo, sistemas de escritorio, pcs port\u00e1tiles, thin clients, dispositivos de almacenamiento, impresoras, redes y productos de software, as como los productos soportados por hp de otros proveedores.<\/td>\n<\/tr>\n<\/table>\n","protected":false},"excerpt":{"rendered":"<p>Instalacin hp modular smart array y servicios enclosure<\/p>\n","protected":false},"featured_media":233108,"comment_status":"open","ping_status":"open","template":"","meta":[],"product_cat":[1982,1983],"product_tag":[1568],"acf":[],"yoast_head":"<!-- This site is optimized with the Yoast SEO plugin v21.7 - https:\/\/yoast.com\/wordpress\/plugins\/seo\/ -->\n<title>[ Hewlett Packard Enterprise ] &#129351; U8132e Poliza De Servicio Hp Instalacion Modular Smart Array Y Servicios Enclosure<\/title>\n<meta name=\"description\" content=\"Compra U8132e Poliza De Servicio Hp Instalacion Modular Smart Array Y Servicios Enclosure + Env\u00edo a domicilio + Pago seguro + Garant\u00eda\" \/>\n<meta name=\"robots\" content=\"index, follow, max-snippet:-1, max-image-preview:large, max-video-preview:-1\" \/>\n<link rel=\"canonical\" href=\"https:\/\/compuviper.mx\/tienda\/producto\/hewlett-packard-enterprise-u8132e-poliza-de-servicio-hp-instalacion-modular-smart-array-y-servicios-enclosure\/\" \/>\n<meta property=\"og:locale\" content=\"es_MX\" \/>\n<meta property=\"og:type\" content=\"article\" \/>\n<meta property=\"og:title\" content=\"[ Hewlett Packard Enterprise ] &#129351; U8132e Poliza De Servicio Hp Instalacion Modular Smart Array Y Servicios Enclosure\" \/>\n<meta property=\"og:description\" content=\"Compra U8132e Poliza De Servicio Hp Instalacion Modular Smart Array Y Servicios Enclosure + Env\u00edo a domicilio + Pago seguro + Garant\u00eda\" \/>\n<meta property=\"og:url\" content=\"https:\/\/compuviper.mx\/tienda\/producto\/hewlett-packard-enterprise-u8132e-poliza-de-servicio-hp-instalacion-modular-smart-array-y-servicios-enclosure\/\" \/>\n<meta property=\"og:site_name\" content=\"Compuviper\" \/>\n<meta property=\"article:publisher\" content=\"https:\/\/www.facebook.com\/compuviper\" \/>\n<meta property=\"article:modified_time\" content=\"2026-04-18T07:42:04+00:00\" \/>\n<meta property=\"og:image\" content=\"https:\/\/compuviper.mx\/tienda\/wp-content\/uploads\/2024\/04\/Poliza-de-servicio-hp-u8132e-instalacion-modular-smart-array-y-servicios-enclosure.jpg\" \/>\n\t<meta property=\"og:image:width\" content=\"200\" \/>\n\t<meta property=\"og:image:height\" content=\"200\" \/>\n\t<meta property=\"og:image:type\" content=\"image\/jpeg\" \/>\n<meta name=\"twitter:card\" content=\"summary_large_image\" \/>\n<meta name=\"twitter:label1\" content=\"Precio\" \/>\n\t<meta name=\"twitter:data1\" content=\"&#36;6,439 con IVA\" \/>\n\t<meta name=\"twitter:label2\" content=\"Availability\" \/>\n\t<meta name=\"twitter:data2\" content=\"In stock\" \/>\n<script type=\"application\/ld+json\" class=\"yoast-schema-graph\">{\"@context\":\"https:\/\/schema.org\",\"@graph\":[{\"@type\":\"WebPage\",\"@id\":\"https:\/\/compuviper.mx\/tienda\/producto\/hewlett-packard-enterprise-u8132e-poliza-de-servicio-hp-instalacion-modular-smart-array-y-servicios-enclosure\/\",\"url\":\"https:\/\/compuviper.mx\/tienda\/producto\/hewlett-packard-enterprise-u8132e-poliza-de-servicio-hp-instalacion-modular-smart-array-y-servicios-enclosure\/\",\"name\":\"[ Hewlett Packard Enterprise ] &#129351; U8132e Poliza De Servicio Hp Instalacion Modular Smart Array Y Servicios Enclosure\",\"isPartOf\":{\"@id\":\"https:\/\/compuviper.mx\/tienda\/#website\"},\"datePublished\":\"2026-04-18T07:42:03+00:00\",\"dateModified\":\"2026-04-18T07:42:04+00:00\",\"description\":\"Compra U8132e Poliza De Servicio Hp Instalacion Modular Smart Array Y Servicios Enclosure + Env\u00edo a domicilio + Pago seguro + Garant\u00eda\",\"breadcrumb\":{\"@id\":\"https:\/\/compuviper.mx\/tienda\/producto\/hewlett-packard-enterprise-u8132e-poliza-de-servicio-hp-instalacion-modular-smart-array-y-servicios-enclosure\/#breadcrumb\"},\"inLanguage\":\"es-MX\",\"potentialAction\":[{\"@type\":\"ReadAction\",\"target\":[\"https:\/\/compuviper.mx\/tienda\/producto\/hewlett-packard-enterprise-u8132e-poliza-de-servicio-hp-instalacion-modular-smart-array-y-servicios-enclosure\/\"]}]},{\"@type\":\"BreadcrumbList\",\"@id\":\"https:\/\/compuviper.mx\/tienda\/producto\/hewlett-packard-enterprise-u8132e-poliza-de-servicio-hp-instalacion-modular-smart-array-y-servicios-enclosure\/#breadcrumb\",\"itemListElement\":[{\"@type\":\"ListItem\",\"position\":1,\"name\":\"Inicio\",\"item\":\"https:\/\/compuviper.mx\/tienda\/\"},{\"@type\":\"ListItem\",\"position\":2,\"name\":\"Productos\",\"item\":\"https:\/\/compuviper.mx\/tienda\/productos\/\"},{\"@type\":\"ListItem\",\"position\":3,\"name\":\"Poliza De Servicio\",\"item\":\"https:\/\/compuviper.mx\/tienda\/categoria-producto\/poliza-de-servicio\/\"},{\"@type\":\"ListItem\",\"position\":4,\"name\":\"Sin Categor\u00eda\",\"item\":\"https:\/\/compuviper.mx\/tienda\/categoria-producto\/poliza-de-servicio\/sin-categoria-poliza-de-servicio\/\"},{\"@type\":\"ListItem\",\"position\":5,\"name\":\"Hewlett Packard Enterprise U8132e Poliza De Servicio Hp Instalacion Modular Smart Array Y Servicios Enclosure\"}]},{\"@type\":\"WebSite\",\"@id\":\"https:\/\/compuviper.mx\/tienda\/#website\",\"url\":\"https:\/\/compuviper.mx\/tienda\/\",\"name\":\"Compuviper\",\"description\":\"Proveedor de Computadoras, Laptops, Servidores, Monitores, Puntos de Venta, Teclados,   Impresoras, T\u00f3ner, C\u00e1maras de Seguridad y m\u00e1s en tu tienda en l\u00ednea\",\"publisher\":{\"@id\":\"https:\/\/compuviper.mx\/tienda\/#organization\"},\"potentialAction\":[{\"@type\":\"SearchAction\",\"target\":{\"@type\":\"EntryPoint\",\"urlTemplate\":\"https:\/\/compuviper.mx\/tienda\/?s={search_term_string}\"},\"query-input\":\"required name=search_term_string\"}],\"inLanguage\":\"es-MX\"},{\"@type\":\"Organization\",\"@id\":\"https:\/\/compuviper.mx\/tienda\/#organization\",\"name\":\"Compuviper\",\"url\":\"https:\/\/compuviper.mx\/tienda\/\",\"logo\":{\"@type\":\"ImageObject\",\"inLanguage\":\"es-MX\",\"@id\":\"https:\/\/compuviper.mx\/tienda\/#\/schema\/logo\/image\/\",\"url\":\"https:\/\/compuviper.mx\/tienda\/wp-content\/uploads\/2021\/08\/Logo-Compuviper-10.png\",\"contentUrl\":\"https:\/\/compuviper.mx\/tienda\/wp-content\/uploads\/2021\/08\/Logo-Compuviper-10.png\",\"width\":1000,\"height\":500,\"caption\":\"Compuviper\"},\"image\":{\"@id\":\"https:\/\/compuviper.mx\/tienda\/#\/schema\/logo\/image\/\"},\"sameAs\":[\"https:\/\/www.facebook.com\/compuviper\",\"https:\/\/www.youtube.com\/channel\/UCf73dERp9Y3cfOq7q8BhLjA?view_as=subscriber\"]}]}<\/script>\n<meta property=\"product:brand\" content=\"HEWLETT PACKARD ENTERPRISE\" \/>\n<meta property=\"product:price:amount\" content=\"6439\" \/>\n<meta property=\"product:price:currency\" content=\"MXN\" \/>\n<meta property=\"og:availability\" content=\"instock\" \/>\n<meta property=\"product:availability\" content=\"instock\" \/>\n<meta property=\"product:retailer_item_id\" content=\"U8132E\" \/>\n<meta property=\"product:condition\" content=\"new\" \/>\n<!-- \/ Yoast SEO plugin. -->","yoast_head_json":{"title":"[ Hewlett Packard Enterprise ] &#129351; U8132e Poliza De Servicio Hp Instalacion Modular Smart Array Y Servicios Enclosure","description":"Compra U8132e Poliza De Servicio Hp Instalacion Modular Smart Array Y Servicios Enclosure + Env\u00edo a domicilio + Pago seguro + Garant\u00eda","robots":{"index":"index","follow":"follow","max-snippet":"max-snippet:-1","max-image-preview":"max-image-preview:large","max-video-preview":"max-video-preview:-1"},"canonical":"https:\/\/compuviper.mx\/tienda\/producto\/hewlett-packard-enterprise-u8132e-poliza-de-servicio-hp-instalacion-modular-smart-array-y-servicios-enclosure\/","og_locale":"es_MX","og_type":"article","og_title":"[ Hewlett Packard Enterprise ] &#129351; U8132e Poliza De Servicio Hp Instalacion Modular Smart Array Y Servicios Enclosure","og_description":"Compra U8132e Poliza De Servicio Hp Instalacion Modular Smart Array Y Servicios Enclosure + Env\u00edo a domicilio + Pago seguro + Garant\u00eda","og_url":"https:\/\/compuviper.mx\/tienda\/producto\/hewlett-packard-enterprise-u8132e-poliza-de-servicio-hp-instalacion-modular-smart-array-y-servicios-enclosure\/","og_site_name":"Compuviper","article_publisher":"https:\/\/www.facebook.com\/compuviper","article_modified_time":"2026-04-18T07:42:04+00:00","og_image":[{"width":200,"height":200,"url":"https:\/\/compuviper.mx\/tienda\/wp-content\/uploads\/2024\/04\/Poliza-de-servicio-hp-u8132e-instalacion-modular-smart-array-y-servicios-enclosure.jpg","type":"image\/jpeg"}],"twitter_card":"summary_large_image","twitter_misc":{"Precio":"&#36;6,439 con IVA","Availability":"In stock"},"schema":{"@context":"https:\/\/schema.org","@graph":[{"@type":"WebPage","@id":"https:\/\/compuviper.mx\/tienda\/producto\/hewlett-packard-enterprise-u8132e-poliza-de-servicio-hp-instalacion-modular-smart-array-y-servicios-enclosure\/","url":"https:\/\/compuviper.mx\/tienda\/producto\/hewlett-packard-enterprise-u8132e-poliza-de-servicio-hp-instalacion-modular-smart-array-y-servicios-enclosure\/","name":"[ Hewlett Packard Enterprise ] &#129351; U8132e Poliza De Servicio Hp Instalacion Modular Smart Array Y Servicios Enclosure","isPartOf":{"@id":"https:\/\/compuviper.mx\/tienda\/#website"},"datePublished":"2026-04-18T07:42:03+00:00","dateModified":"2026-04-18T07:42:04+00:00","description":"Compra U8132e Poliza De Servicio Hp Instalacion Modular Smart Array Y Servicios Enclosure + Env\u00edo a domicilio + Pago seguro + Garant\u00eda","breadcrumb":{"@id":"https:\/\/compuviper.mx\/tienda\/producto\/hewlett-packard-enterprise-u8132e-poliza-de-servicio-hp-instalacion-modular-smart-array-y-servicios-enclosure\/#breadcrumb"},"inLanguage":"es-MX","potentialAction":[{"@type":"ReadAction","target":["https:\/\/compuviper.mx\/tienda\/producto\/hewlett-packard-enterprise-u8132e-poliza-de-servicio-hp-instalacion-modular-smart-array-y-servicios-enclosure\/"]}]},{"@type":"BreadcrumbList","@id":"https:\/\/compuviper.mx\/tienda\/producto\/hewlett-packard-enterprise-u8132e-poliza-de-servicio-hp-instalacion-modular-smart-array-y-servicios-enclosure\/#breadcrumb","itemListElement":[{"@type":"ListItem","position":1,"name":"Inicio","item":"https:\/\/compuviper.mx\/tienda\/"},{"@type":"ListItem","position":2,"name":"Productos","item":"https:\/\/compuviper.mx\/tienda\/productos\/"},{"@type":"ListItem","position":3,"name":"Poliza De Servicio","item":"https:\/\/compuviper.mx\/tienda\/categoria-producto\/poliza-de-servicio\/"},{"@type":"ListItem","position":4,"name":"Sin Categor\u00eda","item":"https:\/\/compuviper.mx\/tienda\/categoria-producto\/poliza-de-servicio\/sin-categoria-poliza-de-servicio\/"},{"@type":"ListItem","position":5,"name":"Hewlett Packard Enterprise U8132e Poliza De Servicio Hp Instalacion Modular Smart Array Y Servicios Enclosure"}]},{"@type":"WebSite","@id":"https:\/\/compuviper.mx\/tienda\/#website","url":"https:\/\/compuviper.mx\/tienda\/","name":"Compuviper","description":"Proveedor de Computadoras, Laptops, Servidores, Monitores, Puntos de Venta, Teclados,   Impresoras, T\u00f3ner, C\u00e1maras de Seguridad y m\u00e1s en tu tienda en l\u00ednea","publisher":{"@id":"https:\/\/compuviper.mx\/tienda\/#organization"},"potentialAction":[{"@type":"SearchAction","target":{"@type":"EntryPoint","urlTemplate":"https:\/\/compuviper.mx\/tienda\/?s={search_term_string}"},"query-input":"required name=search_term_string"}],"inLanguage":"es-MX"},{"@type":"Organization","@id":"https:\/\/compuviper.mx\/tienda\/#organization","name":"Compuviper","url":"https:\/\/compuviper.mx\/tienda\/","logo":{"@type":"ImageObject","inLanguage":"es-MX","@id":"https:\/\/compuviper.mx\/tienda\/#\/schema\/logo\/image\/","url":"https:\/\/compuviper.mx\/tienda\/wp-content\/uploads\/2021\/08\/Logo-Compuviper-10.png","contentUrl":"https:\/\/compuviper.mx\/tienda\/wp-content\/uploads\/2021\/08\/Logo-Compuviper-10.png","width":1000,"height":500,"caption":"Compuviper"},"image":{"@id":"https:\/\/compuviper.mx\/tienda\/#\/schema\/logo\/image\/"},"sameAs":["https:\/\/www.facebook.com\/compuviper","https:\/\/www.youtube.com\/channel\/UCf73dERp9Y3cfOq7q8BhLjA?view_as=subscriber"]}]},"product_brand":"HEWLETT PACKARD ENTERPRISE","product_price_amount":"6439","product_price_currency":"MXN","og_availability":"instock","product_availability":"instock","product_retailer_item_id":"U8132E","product_condition":"new"},"_links":{"self":[{"href":"https:\/\/compuviper.mx\/tienda\/wp-json\/wp\/v2\/product\/233095"}],"collection":[{"href":"https:\/\/compuviper.mx\/tienda\/wp-json\/wp\/v2\/product"}],"about":[{"href":"https:\/\/compuviper.mx\/tienda\/wp-json\/wp\/v2\/types\/product"}],"replies":[{"embeddable":true,"href":"https:\/\/compuviper.mx\/tienda\/wp-json\/wp\/v2\/comments?post=233095"}],"wp:featuredmedia":[{"embeddable":true,"href":"https:\/\/compuviper.mx\/tienda\/wp-json\/wp\/v2\/media\/233108"}],"wp:attachment":[{"href":"https:\/\/compuviper.mx\/tienda\/wp-json\/wp\/v2\/media?parent=233095"}],"wp:term":[{"taxonomy":"product_cat","embeddable":true,"href":"https:\/\/compuviper.mx\/tienda\/wp-json\/wp\/v2\/product_cat?post=233095"},{"taxonomy":"product_tag","embeddable":true,"href":"https:\/\/compuviper.mx\/tienda\/wp-json\/wp\/v2\/product_tag?post=233095"}],"curies":[{"name":"wp","href":"https:\/\/api.w.org\/{rel}","templated":true}]}}