{"id":233039,"date":"2026-04-18T01:11:45","date_gmt":"2026-04-18T07:11:45","guid":{"rendered":"https:\/\/compuviper.mx\/tienda\/producto\/hewlett-packard-enterprise-jl724b-switch-hpe-aruba-anw-6200f-24g-4sfp\/"},"modified":"2026-04-18T01:11:45","modified_gmt":"2026-04-18T07:11:45","slug":"hewlett-packard-enterprise-jl724b-switch-hpe-aruba-anw-6200f-24g-4sfp","status":"publish","type":"product","link":"https:\/\/compuviper.mx\/tienda\/producto\/hewlett-packard-enterprise-jl724b-switch-hpe-aruba-anw-6200f-24g-4sfp\/","title":{"rendered":"Hewlett Packard Enterprise Jl724b Switch Hpe Aruba  Anw 6200f 24g 4sfp+"},"content":{"rendered":"<table class=\"descripcion\">\n<tr>\n<td>Redes definidas por software<\/td>\n<\/tr>\n<tr>\n<td>Nuevo flujo abierto<\/td>\n<\/tr>\n<tr>\n<td>Admite las especificaciones openflow 1.0 y 1.3 para habilitar sdn al permitir la separaci\u00f3n de las rutas de datos (reenv\u00edo de paquetes) y control (decisi\u00f3n de enrutamiento)<\/td>\n<\/tr>\n<tr>\n<td>Calidad de servicio (qos)<\/td>\n<\/tr>\n<tr>\n<td>Qos avanzada basada en clasificador<\/td>\n<\/tr>\n<tr>\n<td>Clasifica el tr\u00e1fico utilizando m\u00faltiples criterios de coincidencia basados en informaci\u00f3n de capa 2, 3 y 4; aplica pol\u00edticas de qos, como establecer el nivel de prioridad y el l\u00edmite de velocidad al tr\u00e1fico seleccionado por puerto o por vlan.<\/td>\n<\/tr>\n<tr>\n<td>Priorizaci\u00f3n de capa 4<\/td>\n<\/tr>\n<tr>\n<td>Permite la priorizaci\u00f3n basada en los n\u00fameros de puerto tcp\/udp<\/td>\n<\/tr>\n<tr>\n<td>Priorizaci\u00f3n del tr\u00e1fico<\/td>\n<\/tr>\n<tr>\n<td>Permite la clasificaci\u00f3n del tr\u00e1fico en tiempo real en ocho niveles de prioridad asignados a ocho colas<\/td>\n<\/tr>\n<tr>\n<td>Conformaci\u00f3n del ancho de banda:<\/td>\n<\/tr>\n<tr>\n<td>Limitaci\u00f3n de tarifas basada en puertos<\/td>\n<\/tr>\n<tr>\n<td>Proporciona ancho de banda m\u00e1ximo impuesto de entrada\/salida por puerto<\/td>\n<\/tr>\n<tr>\n<td>Limitaci\u00f3n de tasa basada en clasificador<\/td>\n<\/tr>\n<tr>\n<td>Utiliza la lista de control de acceso (acl) para imponer el ancho de banda m\u00e1ximo para el tr\u00e1fico de entrada en cada puerto<\/td>\n<\/tr>\n<tr>\n<td>Ancho de banda reducido<\/td>\n<\/tr>\n<tr>\n<td>Proporciona ancho de banda reducido por puerto y por cola basado en la salida<\/td>\n<\/tr>\n<tr>\n<td>Clase de servicio (cos)<\/td>\n<\/tr>\n<tr>\n<td>Establece la etiqueta de prioridad ieee 802.1p seg\u00fan la direcci\u00f3n ip, el tipo de servicio ip (tos), el protocolo de capa 3, el n\u00famero de puerto tcp\/udp, el puerto de origen y diffserv.<\/td>\n<\/tr>\n<tr>\n<td>Gesti\u00f3n<\/td>\n<\/tr>\n<tr>\n<td>Duplicaci\u00f3n inteligente remota<\/td>\n<\/tr>\n<tr>\n<td>Refleja el tr\u00e1fico de entrada\/salida seleccionado seg\u00fan acl, puerto, direcci\u00f3n mac o vlan a un conmutador hp 8200 zl, 6600, 6200 yl, 5400 zl o 3500 local o remoto ubicado en cualquier lugar de la red.<\/td>\n<\/tr>\n<tr>\n<td>Rmon, xrmon y sflow<\/td>\n<\/tr>\n<tr>\n<td>Proporcionar capacidades avanzadas de monitoreo y generaci\u00f3n de informes para estad\u00edsticas, historial, alarmas y eventos.<\/td>\n<\/tr>\n<tr>\n<td>Protocolo de descubrimiento de capa de enlace (lldp) ieee 802.1ab<\/td>\n<\/tr>\n<tr>\n<td>Anuncia y recibe informaci\u00f3n de administraci\u00f3n de dispositivos adyacentes en una red, lo que facilita el mapeo mediante aplicaciones de administraci\u00f3n de red<\/td>\n<\/tr>\n<tr>\n<td>Autorizaci\u00f3n de comando<\/td>\n<\/tr>\n<tr>\n<td>Aprovecha radius para vincular una lista personalizada de comandos cli al inicio de sesi\u00f3n de un administrador de red individual; una pista de auditor\u00eda documenta la actividad<\/td>\n<\/tr>\n<tr>\n<td>Nombres de puertos amigables<\/td>\n<\/tr>\n<tr>\n<td>Permitir la asignaci\u00f3n de nombres descriptivos a los puertos<\/td>\n<\/tr>\n<tr>\n<td>Im\u00e1genes con doble flash<\/td>\n<\/tr>\n<tr>\n<td>Proporcionar archivos independientes del sistema operativo primario y secundario para realizar copias de seguridad durante la actualizaci\u00f3n.<\/td>\n<\/tr>\n<tr>\n<td>M\u00faltiples archivos de configuraci\u00f3n<\/td>\n<\/tr>\n<tr>\n<td>Se puede almacenar en la imagen flash<\/td>\n<\/tr>\n<tr>\n<td>Detecci\u00f3n de enlace unidireccional (udld)<\/td>\n<\/tr>\n<tr>\n<td>Monitorea un cable entre dos conmutadores y apaga los puertos en ambos extremos si el cable se rompe, convirtiendo el enlace bidireccional en unidireccional; esto evita problemas de red como bucles<\/td>\n<\/tr>\n<tr>\n<td>Simplicidad de gesti\u00f3n<\/td>\n<\/tr>\n<tr>\n<td>Proporciona funciones de software comunes e implementaci\u00f3n cli en todos los conmutadores basados en provision (incluidos los conmutadores zl e yl)<\/td>\n<\/tr>\n<tr>\n<td>Cli compatible con comware:<\/td>\n<\/tr>\n<tr>\n<td>Cli compatible con comware<\/td>\n<\/tr>\n<tr>\n<td>Une la experiencia de los usuarios de hp comware cli que utilizan la cli del software hp provision<\/td>\n<\/tr>\n<tr>\n<td>Pantalla y comandos fundamentales de comware cli<\/td>\n<\/tr>\n<tr>\n<td>Est\u00e1n integrados en la cli del conmutador como comandos nativos; la salida de la pantalla est\u00e1 formateada como en los conmutadores basados en comware y los comandos fundamentales proporcionan una configuraci\u00f3n inicial del conmutador familiar de comware.<\/td>\n<\/tr>\n<tr>\n<td>Comandos cli de comware de configuraci\u00f3n<\/td>\n<\/tr>\n<tr>\n<td>Cuando se ingresan comandos de comware, se obtiene la ayuda de cli para formular el comando cli correcto del software provision<\/td>\n<\/tr>\n<tr>\n<td>Conectividad<\/td>\n<\/tr>\n<tr>\n<td>Marcos gigantes<\/td>\n<\/tr>\n<tr>\n<td>En los puertos gigabit ethernet y 10 gigabit ethernet, las tramas gigantes permiten servicios remotos de respaldo y recuperaci\u00f3n ante desastres de alto rendimiento.<\/td>\n<\/tr>\n<tr>\n<td>Ipv6:<\/td>\n<\/tr>\n<tr>\n<td>Anfitri\u00f3n ipv6<\/td>\n<\/tr>\n<tr>\n<td>Permite gestionar conmutadores en una red ipv6.<\/td>\n<\/tr>\n<tr>\n<td>Doble pila (ipv4 e ipv6)<\/td>\n<\/tr>\n<tr>\n<td>Transiciones de ipv4 a ipv6, admitiendo conectividad para ambos protocolos.<\/td>\n<\/tr>\n<tr>\n<td>Mld espiando<\/td>\n<\/tr>\n<tr>\n<td>Reenv\u00eda el tr\u00e1fico de multidifusi\u00f3n ipv6 a la interfaz adecuada<\/td>\n<\/tr>\n<tr>\n<td>Acl\/qos ipv6<\/td>\n<\/tr>\n<tr>\n<td>Admite acl y qos para el tr\u00e1fico de red ipv6<\/td>\n<\/tr>\n<tr>\n<td>Enrutamiento ipv6<\/td>\n<\/tr>\n<tr>\n<td>Admite protocolos de enrutamiento est\u00e1ticos y ospfv3<\/td>\n<\/tr>\n<tr>\n<td>T\u00fanel 6 en 4<\/td>\n<\/tr>\n<tr>\n<td>Admite la encapsulaci\u00f3n del tr\u00e1fico ipv6 en paquetes ipv4<\/td>\n<\/tr>\n<tr>\n<td>Actuaci\u00f3n<\/td>\n<\/tr>\n<tr>\n<td>Arquitectura de alta velocidad\/capacidad<\/td>\n<\/tr>\n<tr>\n<td>La estructura de conmutaci\u00f3n de barra transversal de 105,6 gbps proporciona conmutaci\u00f3n intram\u00f3dulo e interm\u00f3dulo con un rendimiento de 75,7 millones de pps en los asic provision especialmente dise\u00f1ados.<\/td>\n<\/tr>\n<tr>\n<td>Configuraciones de cola seleccionables<\/td>\n<\/tr>\n<tr>\n<td>Permite un mayor rendimiento al seleccionar la cantidad de colas y el almacenamiento en b\u00fafer de memoria asociado que mejor cumplan con los requisitos de las aplicaciones de red<\/td>\n<\/tr>\n<\/table>\n","protected":false},"excerpt":{"rendered":"<p>Estimado ra\u00fal. Nos complace anunciar que estamos simplificando el proceso y la experiencia de planificaci\u00f3n de champions. Gracias a la integraci\u00f3n de la herramienta hpe champions online en nuestra herramienta del programa de fondos de desarrollo (df) de hpe, anteriormente conocida como herramienta de fondos de desarrollo de mercado (mdf) de hpe, en salesforce.Com (sfdc), le permitimos administrar fondos de desarrollo. Y campeones de punta a punta en un solo lugar. A partir del 20 de mayo de 2024, tendr\u00e1 una ventanilla \u00fanica para todas las funcionalidades de la herramienta que tambi\u00e9n admite reclamaciones electr\u00f3nicas basadas en logros para reducir el tiempo de respuesta de los pagos. El nuevo modelo de usuario aprovechar\u00e1 el proceso de aprobaci\u00f3n est\u00e1ndar sin duplicaci\u00f3n de actividades ni pasos manuales adicionales. Se necesita acci\u00f3n inmediata. Para la segunda mitad de hpe fy24, contin\u00faa planificando a tus campeones con la ayuda de tu representante de hpe. Espere para crear nuevas actividades de campeones en la herramienta hasta que se complete la integraci\u00f3n el 20 de mayo de 2024. A partir del 20 de mayo, cree nuevas actividades en la nueva versi\u00f3n de la herramienta df. Est\u00e9 atento a las invitaciones a la capacitaci\u00f3n de df tool. Visite el portal hpe partner ready para obtener soporte durante el per\u00edodo de transici\u00f3n. Comun\u00edquese con el administrador de cuentas de su canal o con el centro de respuesta para socios si tiene preguntas. El conmutador hp 6200-24g-mgbic yl es un conmutador apilable de capa 3 avanzado con una altura de 1u. Tiene 24 ranuras mini-gbic y una ranura de expansi\u00f3n para un m\u00f3dulo opcional de 4 puertos 10gbe. Dise\u00f1ado para implementarse como un agregador de tr\u00e1fico desde el borde hasta el n\u00facleo de la red, este conmutador admite una variedad de mini-gbic gigabit, como sx, lx, lh y 1000base-t. La base de este conmutador es un asic provision especialmente dise\u00f1ado que permite implementar las funciones de red m\u00e1s exigentes, como la calidad de servicio (qos) y la seguridad, de forma escalable pero granular. Con su arquitectura de alto rendimiento, capacidad de 10 gbe y asic programable, este conmutador ofrece excelente protecci\u00f3n de la inversi\u00f3n, flexibilidad y escalabilidad.<\/p>\n","protected":false},"featured_media":234234,"comment_status":"open","ping_status":"open","template":"","meta":[],"product_cat":[1563,1564],"product_tag":[1568],"acf":[],"yoast_head":"<!-- This site is optimized with the Yoast SEO plugin v21.7 - https:\/\/yoast.com\/wordpress\/plugins\/seo\/ -->\n<title>[ Hewlett Packard Enterprise ] &#129351; Jl724b Switch Hpe Aruba Anw 6200f 24g 4sfp+<\/title>\n<meta name=\"description\" content=\"Compra Jl724b Switch Hpe Aruba Anw 6200f 24g 4sfp+ + Env\u00edo a domicilio + Pago seguro + Garant\u00eda\" \/>\n<meta name=\"robots\" content=\"index, follow, max-snippet:-1, max-image-preview:large, max-video-preview:-1\" \/>\n<link rel=\"canonical\" href=\"https:\/\/compuviper.mx\/tienda\/producto\/hewlett-packard-enterprise-jl724b-switch-hpe-aruba-anw-6200f-24g-4sfp\/\" \/>\n<meta property=\"og:locale\" content=\"es_MX\" \/>\n<meta property=\"og:type\" content=\"article\" \/>\n<meta property=\"og:title\" content=\"[ Hewlett Packard Enterprise ] &#129351; Jl724b Switch Hpe Aruba Anw 6200f 24g 4sfp+\" \/>\n<meta property=\"og:description\" content=\"Compra Jl724b Switch Hpe Aruba Anw 6200f 24g 4sfp+ + Env\u00edo a domicilio + Pago seguro + Garant\u00eda\" \/>\n<meta property=\"og:url\" content=\"https:\/\/compuviper.mx\/tienda\/producto\/hewlett-packard-enterprise-jl724b-switch-hpe-aruba-anw-6200f-24g-4sfp\/\" \/>\n<meta property=\"og:site_name\" content=\"Compuviper\" \/>\n<meta property=\"article:publisher\" content=\"https:\/\/www.facebook.com\/compuviper\" \/>\n<meta property=\"og:image\" content=\"https:\/\/compuviper.mx\/tienda\/wp-content\/uploads\/2024\/05\/Switch-hpe-aruba-jl724b-anw-6200f-24g-4sfp.jpg\" \/>\n\t<meta property=\"og:image:width\" content=\"200\" \/>\n\t<meta property=\"og:image:height\" content=\"200\" \/>\n\t<meta property=\"og:image:type\" content=\"image\/jpeg\" \/>\n<meta name=\"twitter:card\" content=\"summary_large_image\" \/>\n<meta name=\"twitter:label1\" content=\"Precio\" \/>\n\t<meta name=\"twitter:data1\" content=\"&#36;48,636 con IVA\" \/>\n\t<meta name=\"twitter:label2\" content=\"Availability\" \/>\n\t<meta name=\"twitter:data2\" content=\"Out of stock\" \/>\n<script type=\"application\/ld+json\" class=\"yoast-schema-graph\">{\"@context\":\"https:\/\/schema.org\",\"@graph\":[{\"@type\":\"WebPage\",\"@id\":\"https:\/\/compuviper.mx\/tienda\/producto\/hewlett-packard-enterprise-jl724b-switch-hpe-aruba-anw-6200f-24g-4sfp\/\",\"url\":\"https:\/\/compuviper.mx\/tienda\/producto\/hewlett-packard-enterprise-jl724b-switch-hpe-aruba-anw-6200f-24g-4sfp\/\",\"name\":\"[ Hewlett Packard Enterprise ] &#129351; Jl724b Switch Hpe Aruba Anw 6200f 24g 4sfp+\",\"isPartOf\":{\"@id\":\"https:\/\/compuviper.mx\/tienda\/#website\"},\"datePublished\":\"2026-04-18T07:11:45+00:00\",\"dateModified\":\"2026-04-18T07:11:45+00:00\",\"description\":\"Compra Jl724b Switch Hpe Aruba Anw 6200f 24g 4sfp+ + Env\u00edo a domicilio + Pago seguro + Garant\u00eda\",\"breadcrumb\":{\"@id\":\"https:\/\/compuviper.mx\/tienda\/producto\/hewlett-packard-enterprise-jl724b-switch-hpe-aruba-anw-6200f-24g-4sfp\/#breadcrumb\"},\"inLanguage\":\"es-MX\",\"potentialAction\":[{\"@type\":\"ReadAction\",\"target\":[\"https:\/\/compuviper.mx\/tienda\/producto\/hewlett-packard-enterprise-jl724b-switch-hpe-aruba-anw-6200f-24g-4sfp\/\"]}]},{\"@type\":\"BreadcrumbList\",\"@id\":\"https:\/\/compuviper.mx\/tienda\/producto\/hewlett-packard-enterprise-jl724b-switch-hpe-aruba-anw-6200f-24g-4sfp\/#breadcrumb\",\"itemListElement\":[{\"@type\":\"ListItem\",\"position\":1,\"name\":\"Inicio\",\"item\":\"https:\/\/compuviper.mx\/tienda\/\"},{\"@type\":\"ListItem\",\"position\":2,\"name\":\"Productos\",\"item\":\"https:\/\/compuviper.mx\/tienda\/productos\/\"},{\"@type\":\"ListItem\",\"position\":3,\"name\":\"Redes\",\"item\":\"https:\/\/compuviper.mx\/tienda\/categoria-producto\/redes\/\"},{\"@type\":\"ListItem\",\"position\":4,\"name\":\"Switch\",\"item\":\"https:\/\/compuviper.mx\/tienda\/categoria-producto\/redes\/switch\/\"},{\"@type\":\"ListItem\",\"position\":5,\"name\":\"Hewlett Packard Enterprise Jl724b Switch Hpe Aruba Anw 6200f 24g 4sfp+\"}]},{\"@type\":\"WebSite\",\"@id\":\"https:\/\/compuviper.mx\/tienda\/#website\",\"url\":\"https:\/\/compuviper.mx\/tienda\/\",\"name\":\"Compuviper\",\"description\":\"Proveedor de Computadoras, Laptops, Servidores, Monitores, Puntos de Venta, Teclados,   Impresoras, T\u00f3ner, C\u00e1maras de Seguridad y m\u00e1s en tu tienda en l\u00ednea\",\"publisher\":{\"@id\":\"https:\/\/compuviper.mx\/tienda\/#organization\"},\"potentialAction\":[{\"@type\":\"SearchAction\",\"target\":{\"@type\":\"EntryPoint\",\"urlTemplate\":\"https:\/\/compuviper.mx\/tienda\/?s={search_term_string}\"},\"query-input\":\"required name=search_term_string\"}],\"inLanguage\":\"es-MX\"},{\"@type\":\"Organization\",\"@id\":\"https:\/\/compuviper.mx\/tienda\/#organization\",\"name\":\"Compuviper\",\"url\":\"https:\/\/compuviper.mx\/tienda\/\",\"logo\":{\"@type\":\"ImageObject\",\"inLanguage\":\"es-MX\",\"@id\":\"https:\/\/compuviper.mx\/tienda\/#\/schema\/logo\/image\/\",\"url\":\"https:\/\/compuviper.mx\/tienda\/wp-content\/uploads\/2021\/08\/Logo-Compuviper-10.png\",\"contentUrl\":\"https:\/\/compuviper.mx\/tienda\/wp-content\/uploads\/2021\/08\/Logo-Compuviper-10.png\",\"width\":1000,\"height\":500,\"caption\":\"Compuviper\"},\"image\":{\"@id\":\"https:\/\/compuviper.mx\/tienda\/#\/schema\/logo\/image\/\"},\"sameAs\":[\"https:\/\/www.facebook.com\/compuviper\",\"https:\/\/www.youtube.com\/channel\/UCf73dERp9Y3cfOq7q8BhLjA?view_as=subscriber\"]}]}<\/script>\n<meta property=\"product:brand\" content=\"HEWLETT PACKARD ENTERPRISE\" \/>\n<meta property=\"product:price:amount\" content=\"48636\" \/>\n<meta property=\"product:price:currency\" content=\"MXN\" \/>\n<meta property=\"og:availability\" content=\"out of stock\" \/>\n<meta property=\"product:availability\" content=\"out of stock\" \/>\n<meta property=\"product:retailer_item_id\" content=\"JL724B\" \/>\n<meta property=\"product:condition\" content=\"new\" \/>\n<!-- \/ Yoast SEO plugin. -->","yoast_head_json":{"title":"[ Hewlett Packard Enterprise ] &#129351; Jl724b Switch Hpe Aruba Anw 6200f 24g 4sfp+","description":"Compra Jl724b Switch Hpe Aruba Anw 6200f 24g 4sfp+ + Env\u00edo a domicilio + Pago seguro + Garant\u00eda","robots":{"index":"index","follow":"follow","max-snippet":"max-snippet:-1","max-image-preview":"max-image-preview:large","max-video-preview":"max-video-preview:-1"},"canonical":"https:\/\/compuviper.mx\/tienda\/producto\/hewlett-packard-enterprise-jl724b-switch-hpe-aruba-anw-6200f-24g-4sfp\/","og_locale":"es_MX","og_type":"article","og_title":"[ Hewlett Packard Enterprise ] &#129351; Jl724b Switch Hpe Aruba Anw 6200f 24g 4sfp+","og_description":"Compra Jl724b Switch Hpe Aruba Anw 6200f 24g 4sfp+ + Env\u00edo a domicilio + Pago seguro + Garant\u00eda","og_url":"https:\/\/compuviper.mx\/tienda\/producto\/hewlett-packard-enterprise-jl724b-switch-hpe-aruba-anw-6200f-24g-4sfp\/","og_site_name":"Compuviper","article_publisher":"https:\/\/www.facebook.com\/compuviper","og_image":[{"width":200,"height":200,"url":"https:\/\/compuviper.mx\/tienda\/wp-content\/uploads\/2024\/05\/Switch-hpe-aruba-jl724b-anw-6200f-24g-4sfp.jpg","type":"image\/jpeg"}],"twitter_card":"summary_large_image","twitter_misc":{"Precio":"&#36;48,636 con IVA","Availability":"Out of stock"},"schema":{"@context":"https:\/\/schema.org","@graph":[{"@type":"WebPage","@id":"https:\/\/compuviper.mx\/tienda\/producto\/hewlett-packard-enterprise-jl724b-switch-hpe-aruba-anw-6200f-24g-4sfp\/","url":"https:\/\/compuviper.mx\/tienda\/producto\/hewlett-packard-enterprise-jl724b-switch-hpe-aruba-anw-6200f-24g-4sfp\/","name":"[ Hewlett Packard Enterprise ] &#129351; Jl724b Switch Hpe Aruba Anw 6200f 24g 4sfp+","isPartOf":{"@id":"https:\/\/compuviper.mx\/tienda\/#website"},"datePublished":"2026-04-18T07:11:45+00:00","dateModified":"2026-04-18T07:11:45+00:00","description":"Compra Jl724b Switch Hpe Aruba Anw 6200f 24g 4sfp+ + Env\u00edo a domicilio + Pago seguro + Garant\u00eda","breadcrumb":{"@id":"https:\/\/compuviper.mx\/tienda\/producto\/hewlett-packard-enterprise-jl724b-switch-hpe-aruba-anw-6200f-24g-4sfp\/#breadcrumb"},"inLanguage":"es-MX","potentialAction":[{"@type":"ReadAction","target":["https:\/\/compuviper.mx\/tienda\/producto\/hewlett-packard-enterprise-jl724b-switch-hpe-aruba-anw-6200f-24g-4sfp\/"]}]},{"@type":"BreadcrumbList","@id":"https:\/\/compuviper.mx\/tienda\/producto\/hewlett-packard-enterprise-jl724b-switch-hpe-aruba-anw-6200f-24g-4sfp\/#breadcrumb","itemListElement":[{"@type":"ListItem","position":1,"name":"Inicio","item":"https:\/\/compuviper.mx\/tienda\/"},{"@type":"ListItem","position":2,"name":"Productos","item":"https:\/\/compuviper.mx\/tienda\/productos\/"},{"@type":"ListItem","position":3,"name":"Redes","item":"https:\/\/compuviper.mx\/tienda\/categoria-producto\/redes\/"},{"@type":"ListItem","position":4,"name":"Switch","item":"https:\/\/compuviper.mx\/tienda\/categoria-producto\/redes\/switch\/"},{"@type":"ListItem","position":5,"name":"Hewlett Packard Enterprise Jl724b Switch Hpe Aruba Anw 6200f 24g 4sfp+"}]},{"@type":"WebSite","@id":"https:\/\/compuviper.mx\/tienda\/#website","url":"https:\/\/compuviper.mx\/tienda\/","name":"Compuviper","description":"Proveedor de Computadoras, Laptops, Servidores, Monitores, Puntos de Venta, Teclados,   Impresoras, T\u00f3ner, C\u00e1maras de Seguridad y m\u00e1s en tu tienda en l\u00ednea","publisher":{"@id":"https:\/\/compuviper.mx\/tienda\/#organization"},"potentialAction":[{"@type":"SearchAction","target":{"@type":"EntryPoint","urlTemplate":"https:\/\/compuviper.mx\/tienda\/?s={search_term_string}"},"query-input":"required name=search_term_string"}],"inLanguage":"es-MX"},{"@type":"Organization","@id":"https:\/\/compuviper.mx\/tienda\/#organization","name":"Compuviper","url":"https:\/\/compuviper.mx\/tienda\/","logo":{"@type":"ImageObject","inLanguage":"es-MX","@id":"https:\/\/compuviper.mx\/tienda\/#\/schema\/logo\/image\/","url":"https:\/\/compuviper.mx\/tienda\/wp-content\/uploads\/2021\/08\/Logo-Compuviper-10.png","contentUrl":"https:\/\/compuviper.mx\/tienda\/wp-content\/uploads\/2021\/08\/Logo-Compuviper-10.png","width":1000,"height":500,"caption":"Compuviper"},"image":{"@id":"https:\/\/compuviper.mx\/tienda\/#\/schema\/logo\/image\/"},"sameAs":["https:\/\/www.facebook.com\/compuviper","https:\/\/www.youtube.com\/channel\/UCf73dERp9Y3cfOq7q8BhLjA?view_as=subscriber"]}]},"product_brand":"HEWLETT PACKARD ENTERPRISE","product_price_amount":"48636","product_price_currency":"MXN","og_availability":"out of stock","product_availability":"out of stock","product_retailer_item_id":"JL724B","product_condition":"new"},"_links":{"self":[{"href":"https:\/\/compuviper.mx\/tienda\/wp-json\/wp\/v2\/product\/233039"}],"collection":[{"href":"https:\/\/compuviper.mx\/tienda\/wp-json\/wp\/v2\/product"}],"about":[{"href":"https:\/\/compuviper.mx\/tienda\/wp-json\/wp\/v2\/types\/product"}],"replies":[{"embeddable":true,"href":"https:\/\/compuviper.mx\/tienda\/wp-json\/wp\/v2\/comments?post=233039"}],"wp:featuredmedia":[{"embeddable":true,"href":"https:\/\/compuviper.mx\/tienda\/wp-json\/wp\/v2\/media\/234234"}],"wp:attachment":[{"href":"https:\/\/compuviper.mx\/tienda\/wp-json\/wp\/v2\/media?parent=233039"}],"wp:term":[{"taxonomy":"product_cat","embeddable":true,"href":"https:\/\/compuviper.mx\/tienda\/wp-json\/wp\/v2\/product_cat?post=233039"},{"taxonomy":"product_tag","embeddable":true,"href":"https:\/\/compuviper.mx\/tienda\/wp-json\/wp\/v2\/product_tag?post=233039"}],"curies":[{"name":"wp","href":"https:\/\/api.w.org\/{rel}","templated":true}]}}