{"id":233038,"date":"2026-04-02T00:50:09","date_gmt":"2026-04-02T06:50:09","guid":{"rendered":"https:\/\/compuviper.mx\/tienda\/producto\/viewsonic-xg272-2k-oled-monitor-oled-gaming-27-pulgadas-qhd-2560x1440-hdmi-2-1-usb-c-display-port-240-hz-response-time-0-01-ms-hdr-10-3-aos-de-garantia\/"},"modified":"2026-04-02T00:50:09","modified_gmt":"2026-04-02T06:50:09","slug":"viewsonic-xg272-2k-oled-monitor-oled-gaming-27-pulgadas-qhd-2560x1440-hdmi-2-1-usb-c-display-port-240-hz-response-time-0-01-ms-hdr-10-3-aos-de-garantia","status":"publish","type":"product","link":"https:\/\/compuviper.mx\/tienda\/producto\/viewsonic-xg272-2k-oled-monitor-oled-gaming-27-pulgadas-qhd-2560x1440-hdmi-2-1-usb-c-display-port-240-hz-response-time-0-01-ms-hdr-10-3-aos-de-garantia\/","title":{"rendered":"Viewsonic Xg272-2k-oled Monitor Oled  Gaming \/ 27 Pulgadas\/ Qhd 2560&#215;1440\/ Hdmi 2.1 \/ Usb-c \/ Display Port \/ 240 Hz \/ Response Time 0.01 Ms\/ Hdr 10 \/ 3 A?os De Garantia"},"content":{"rendered":"<table class=\"descripcion\">\n<tr>\n<td>Screen size: 27<\/td>\n<\/tr>\n<tr>\n<td>Viewable area (in.): 26.5<\/td>\n<\/tr>\n<tr>\n<td>Panel type: oled<\/td>\n<\/tr>\n<tr>\n<td>Display resolution: 2560 x 1440<\/td>\n<\/tr>\n<tr>\n<td>Display resolution: qhd (2560&#215;1440)<\/td>\n<\/tr>\n<tr>\n<td>Static contrast ratio: 150,000:1<\/td>\n<\/tr>\n<tr>\n<td>Brightness: 450 cd\/m2<\/td>\n<\/tr>\n<tr>\n<td>Colors: 1.07b<\/td>\n<\/tr>\n<tr>\n<td>Color space support: 10 bits<\/td>\n<\/tr>\n<tr>\n<td>Aspect ratio: 16:9<\/td>\n<\/tr>\n<tr>\n<td>Response time (typical gtg): 0.02ms<\/td>\n<\/tr>\n<tr>\n<td>Response time (mprt): 0.01ms<\/td>\n<\/tr>\n<tr>\n<td>Viewing angles: 178\u00ba horizontal, 178\u00ba vertical<\/td>\n<\/tr>\n<tr>\n<td>Superficie del panel: tipo antirreflejo, nube de luz de 35 %<\/td>\n<\/tr>\n<tr>\n<td>Refresh rate: 240hz<\/td>\n<\/tr>\n<tr>\n<td>Pc resolution (max): 2560 x 1440<\/td>\n<\/tr>\n<tr>\n<td>Mac resolution (max): 2560 x 1440<\/td>\n<\/tr>\n<tr>\n<td>Usb type a: 3<\/td>\n<\/tr>\n<tr>\n<td>Usb type b: 1<\/td>\n<\/tr>\n<tr>\n<td>Usb type c: 1<\/td>\n<\/tr>\n<tr>\n<td>3.5mm audio out: 1<\/td>\n<\/tr>\n<tr>\n<td>Hdmi 2.1 in: 2<\/td>\n<\/tr>\n<tr>\n<td>Displayport: 2<\/td>\n<\/tr>\n<tr>\n<td>Internal speakers: 3w (x2)<\/td>\n<\/tr>\n<tr>\n<td>Eco mode (conserve): 32w<\/td>\n<\/tr>\n<tr>\n<td>Eco mode (optimized): 36w<\/td>\n<\/tr>\n<tr>\n<td>Consumption (typical): 44w<\/td>\n<\/tr>\n<tr>\n<td>Consumption (max): 60w<\/td>\n<\/tr>\n<tr>\n<td>Voltage: 100-240 vac, 50-60hz<\/td>\n<\/tr>\n<tr>\n<td>Stand-by: 0.5w<\/td>\n<\/tr>\n<tr>\n<td>Power supply: external<\/td>\n<\/tr>\n<tr>\n<td>Cable organization: no<\/td>\n<\/tr>\n<tr>\n<td>Kensington lock slot: 1<\/td>\n<\/tr>\n<tr>\n<td>Controles f\u00edsicos: mandos del joystick: arriba, derecha, abajo, izquierda, centro; atajo; alimentaci\u00f3n, modos de juego<\/td>\n<\/tr>\n<tr>\n<td>On-screen-display: modos, juego, visualizaci\u00f3n, selecci\u00f3n de entrada, men\u00fa de configuraci\u00f3n<\/td>\n<\/tr>\n<tr>\n<td>Temperature: 32-104\u00ba f (0 &#8211; 40\u00ba c)<\/td>\n<\/tr>\n<tr>\n<td>Humidity (non-condensing): 20-90%<\/td>\n<\/tr>\n<tr>\n<td>Vesa compatible: 100 x 100 mm<\/td>\n<\/tr>\n<tr>\n<td>Frecuencia horizontal: hdmi: 30 ~ 160 khz \/ dp: 15 ~ 255 khz<\/td>\n<\/tr>\n<tr>\n<td>Frecuencia vertical: hdmi: 30 ~ 160 khz \/ dp: 48 ~ 240 hz<\/td>\n<\/tr>\n<tr>\n<td>Height adjust: 120 mm \/ 4.7 in<\/td>\n<\/tr>\n<tr>\n<td>Giro: -20 ~ 20<\/td>\n<\/tr>\n<tr>\n<td>Pivot (right\/left): 90\u00ba \/ 90\u00ba<\/td>\n<\/tr>\n<tr>\n<td>Inclinaci\u00f3n (adelante\/atr\u00e1s): 5.\u00ba\/ 20.\u00ba<\/td>\n<\/tr>\n<tr>\n<td>Net (lbs): 15.3<\/td>\n<\/tr>\n<tr>\n<td>Net without stand (lbs): 10.6<\/td>\n<\/tr>\n<tr>\n<td>Gross (lbs): 22.9<\/td>\n<\/tr>\n<tr>\n<td>Net (kg): 7<\/td>\n<\/tr>\n<tr>\n<td>Net without stand (kg): 4.8<\/td>\n<\/tr>\n<tr>\n<td>Gross (kg): 10.4<\/td>\n<\/tr>\n<tr>\n<td>Embalaje (pulgadas): 36.5  (ancho) x 19.9  (alto) x 6.7  (prof.)<\/td>\n<\/tr>\n<tr>\n<td>Physical (in.): 23.8  (w) x 17.6~22.3  (h) x 8.5  (d)<\/td>\n<\/tr>\n<tr>\n<td>Physical without stand (in.): 23.8  (w) x 14.35  (h) x 2.5  (d)<\/td>\n<\/tr>\n<tr>\n<td>Packaging (mm): 928 mm (w) x 506 mm (h) x 170 mm (d)<\/td>\n<\/tr>\n<tr>\n<td>F\u00edsicas (mm): 604,4 mm (ancho) x 447,8~566,6 mm (alto) x 216,9 mm (profundidad)<\/td>\n<\/tr>\n<tr>\n<td>F\u00edsicas sin base incluida (mm): 604,4 mm (ancho) x 364,6 mm (alto) x 62,22 mm (profundidad)<\/td>\n<\/tr>\n<\/table>\n","protected":false},"excerpt":{"rendered":"<p>Escale hasta la cima del mundo de los juegos con el monitor xg272-2k-oled de 27. Con una frecuencia de actualizacion de 240 hz y un tiempo de respuesta de pixeles de 0,01 ms, este monitor para juegos con capacidad de respuesta ultrarrapida ofrece unos efectos visuales superfluidos a la vez que proporciona a los jugadores la ventaja que necesitan para ganar. La carcasa de color blanco luminoso con iluminacion rgb integrada y el control remoto integrado ayudan a los usuarios a crear una configuraci\u00f3n para juegos excepcional que se desempe\u00f1a tan bien como se ve. Disfrute jugando durante mas tiempo con mayor comodidad gracias a un dise\u00f1o ergonomico avanzado. Y con opciones de conectividad versatiles que incluyen hdmi 2.1, displayport, usb-c y un concentrador usb-a integrado, los jugadores podran conectar sus dispositivos favoritos sin esfuerzo. La compatibilidad con nvidia g-sync y la tecnologia amd freesync premium ayudan a crear una experiencia de juego impecable sin retrasos ni interrupciones. Lleve los juegos al pr\u00f3ximo nivel con el monitor xg272-2k-oled hoy mismo.<\/p>\n","protected":false},"featured_media":234172,"comment_status":"open","ping_status":"open","template":"","meta":[],"product_cat":[1740,1741],"product_tag":[1862],"acf":[],"yoast_head":"<!-- This site is optimized with the Yoast SEO plugin v21.7 - https:\/\/yoast.com\/wordpress\/plugins\/seo\/ -->\n<title>[ Viewsonic ] &#129351; Xg272-2k-oled Monitor Oled Gaming \/ 27 Pulgadas\/ Qhd 2560x1440\/ Hdmi 2.1 \/ Usb-c \/ Display Port \/ 240 Hz \/ Response Time 0.01 Ms\/ Hdr 10 \/ 3 A\u00f1os De Garantia<\/title>\n<meta name=\"description\" content=\"Compra Xg272-2k-oled Monitor Oled Gaming \/ 27 Pulgadas\/ Qhd 2560x1440\/ Hdmi 2.1 \/ Usb-c \/ Display Port \/ 240 Hz \/ Response Time 0.01 Ms\/ Hdr 10 \/ 3 A\u00f1os De Garantia + Env\u00edo a domicilio + Pago seguro + Garant\u00eda\" \/>\n<meta name=\"robots\" content=\"index, follow, max-snippet:-1, max-image-preview:large, max-video-preview:-1\" \/>\n<link rel=\"canonical\" href=\"https:\/\/compuviper.mx\/tienda\/producto\/viewsonic-xg272-2k-oled-monitor-oled-gaming-27-pulgadas-qhd-2560x1440-hdmi-2-1-usb-c-display-port-240-hz-response-time-0-01-ms-hdr-10-3-aos-de-garantia\/\" \/>\n<meta property=\"og:locale\" content=\"es_MX\" \/>\n<meta property=\"og:type\" content=\"article\" \/>\n<meta property=\"og:title\" content=\"[ Viewsonic ] &#129351; Xg272-2k-oled Monitor Oled Gaming \/ 27 Pulgadas\/ Qhd 2560x1440\/ Hdmi 2.1 \/ Usb-c \/ Display Port \/ 240 Hz \/ Response Time 0.01 Ms\/ Hdr 10 \/ 3 A\u00f1os De Garantia\" \/>\n<meta property=\"og:description\" content=\"Compra Xg272-2k-oled Monitor Oled Gaming \/ 27 Pulgadas\/ Qhd 2560x1440\/ Hdmi 2.1 \/ Usb-c \/ Display Port \/ 240 Hz \/ Response Time 0.01 Ms\/ Hdr 10 \/ 3 A\u00f1os De Garantia + Env\u00edo a domicilio + Pago seguro + Garant\u00eda\" \/>\n<meta property=\"og:url\" content=\"https:\/\/compuviper.mx\/tienda\/producto\/viewsonic-xg272-2k-oled-monitor-oled-gaming-27-pulgadas-qhd-2560x1440-hdmi-2-1-usb-c-display-port-240-hz-response-time-0-01-ms-hdr-10-3-aos-de-garantia\/\" \/>\n<meta property=\"og:site_name\" content=\"Compuviper\" \/>\n<meta property=\"article:publisher\" content=\"https:\/\/www.facebook.com\/compuviper\" \/>\n<meta property=\"og:image\" content=\"https:\/\/compuviper.mx\/tienda\/wp-content\/uploads\/2024\/05\/Monitor-oled-viewsonic-gaming-xg272-2k-oled-27-pulgadas-qhd-2560x1440-hdmi-2.1-usb-c-display-port-240-hz-response-time-0.01-ms-hdr-10-3-anos-de-garantia.jpg\" \/>\n\t<meta property=\"og:image:width\" content=\"200\" \/>\n\t<meta property=\"og:image:height\" content=\"200\" \/>\n\t<meta property=\"og:image:type\" content=\"image\/jpeg\" \/>\n<meta name=\"twitter:card\" content=\"summary_large_image\" \/>\n<meta name=\"twitter:label1\" content=\"Precio\" \/>\n\t<meta name=\"twitter:data1\" content=\"&#36;18,674 &#36;7,105 con IVA\" \/>\n\t<meta name=\"twitter:label2\" content=\"Availability\" \/>\n\t<meta name=\"twitter:data2\" content=\"In stock\" \/>\n<script type=\"application\/ld+json\" class=\"yoast-schema-graph\">{\"@context\":\"https:\/\/schema.org\",\"@graph\":[{\"@type\":\"WebPage\",\"@id\":\"https:\/\/compuviper.mx\/tienda\/producto\/viewsonic-xg272-2k-oled-monitor-oled-gaming-27-pulgadas-qhd-2560x1440-hdmi-2-1-usb-c-display-port-240-hz-response-time-0-01-ms-hdr-10-3-aos-de-garantia\/\",\"url\":\"https:\/\/compuviper.mx\/tienda\/producto\/viewsonic-xg272-2k-oled-monitor-oled-gaming-27-pulgadas-qhd-2560x1440-hdmi-2-1-usb-c-display-port-240-hz-response-time-0-01-ms-hdr-10-3-aos-de-garantia\/\",\"name\":\"[ Viewsonic ] &#129351; Xg272-2k-oled Monitor Oled Gaming \/ 27 Pulgadas\/ Qhd 2560x1440\/ Hdmi 2.1 \/ Usb-c \/ Display Port \/ 240 Hz \/ Response Time 0.01 Ms\/ Hdr 10 \/ 3 A\u00f1os De Garantia\",\"isPartOf\":{\"@id\":\"https:\/\/compuviper.mx\/tienda\/#website\"},\"datePublished\":\"2026-04-02T06:50:09+00:00\",\"dateModified\":\"2026-04-02T06:50:09+00:00\",\"description\":\"Compra Xg272-2k-oled Monitor Oled Gaming \/ 27 Pulgadas\/ Qhd 2560x1440\/ Hdmi 2.1 \/ Usb-c \/ Display Port \/ 240 Hz \/ Response Time 0.01 Ms\/ Hdr 10 \/ 3 A\u00f1os De Garantia + Env\u00edo a domicilio + Pago seguro + Garant\u00eda\",\"breadcrumb\":{\"@id\":\"https:\/\/compuviper.mx\/tienda\/producto\/viewsonic-xg272-2k-oled-monitor-oled-gaming-27-pulgadas-qhd-2560x1440-hdmi-2-1-usb-c-display-port-240-hz-response-time-0-01-ms-hdr-10-3-aos-de-garantia\/#breadcrumb\"},\"inLanguage\":\"es-MX\",\"potentialAction\":[{\"@type\":\"ReadAction\",\"target\":[\"https:\/\/compuviper.mx\/tienda\/producto\/viewsonic-xg272-2k-oled-monitor-oled-gaming-27-pulgadas-qhd-2560x1440-hdmi-2-1-usb-c-display-port-240-hz-response-time-0-01-ms-hdr-10-3-aos-de-garantia\/\"]}]},{\"@type\":\"BreadcrumbList\",\"@id\":\"https:\/\/compuviper.mx\/tienda\/producto\/viewsonic-xg272-2k-oled-monitor-oled-gaming-27-pulgadas-qhd-2560x1440-hdmi-2-1-usb-c-display-port-240-hz-response-time-0-01-ms-hdr-10-3-aos-de-garantia\/#breadcrumb\",\"itemListElement\":[{\"@type\":\"ListItem\",\"position\":1,\"name\":\"Inicio\",\"item\":\"https:\/\/compuviper.mx\/tienda\/\"},{\"@type\":\"ListItem\",\"position\":2,\"name\":\"Productos\",\"item\":\"https:\/\/compuviper.mx\/tienda\/productos\/\"},{\"@type\":\"ListItem\",\"position\":3,\"name\":\"Monitores\",\"item\":\"https:\/\/compuviper.mx\/tienda\/categoria-producto\/monitores\/\"},{\"@type\":\"ListItem\",\"position\":4,\"name\":\"Led\",\"item\":\"https:\/\/compuviper.mx\/tienda\/categoria-producto\/monitores\/led\/\"},{\"@type\":\"ListItem\",\"position\":5,\"name\":\"Viewsonic Xg272-2k-oled Monitor Oled Gaming \/ 27 Pulgadas\/ Qhd 2560&#215;1440\/ Hdmi 2.1 \/ Usb-c \/ Display Port \/ 240 Hz \/ Response Time 0.01 Ms\/ Hdr 10 \/ 3 A?os De Garantia\"}]},{\"@type\":\"WebSite\",\"@id\":\"https:\/\/compuviper.mx\/tienda\/#website\",\"url\":\"https:\/\/compuviper.mx\/tienda\/\",\"name\":\"Compuviper\",\"description\":\"Proveedor de Computadoras, Laptops, Servidores, Monitores, Puntos de Venta, Teclados,   Impresoras, T\u00f3ner, C\u00e1maras de Seguridad y m\u00e1s en tu tienda en l\u00ednea\",\"publisher\":{\"@id\":\"https:\/\/compuviper.mx\/tienda\/#organization\"},\"potentialAction\":[{\"@type\":\"SearchAction\",\"target\":{\"@type\":\"EntryPoint\",\"urlTemplate\":\"https:\/\/compuviper.mx\/tienda\/?s={search_term_string}\"},\"query-input\":\"required name=search_term_string\"}],\"inLanguage\":\"es-MX\"},{\"@type\":\"Organization\",\"@id\":\"https:\/\/compuviper.mx\/tienda\/#organization\",\"name\":\"Compuviper\",\"url\":\"https:\/\/compuviper.mx\/tienda\/\",\"logo\":{\"@type\":\"ImageObject\",\"inLanguage\":\"es-MX\",\"@id\":\"https:\/\/compuviper.mx\/tienda\/#\/schema\/logo\/image\/\",\"url\":\"https:\/\/compuviper.mx\/tienda\/wp-content\/uploads\/2021\/08\/Logo-Compuviper-10.png\",\"contentUrl\":\"https:\/\/compuviper.mx\/tienda\/wp-content\/uploads\/2021\/08\/Logo-Compuviper-10.png\",\"width\":1000,\"height\":500,\"caption\":\"Compuviper\"},\"image\":{\"@id\":\"https:\/\/compuviper.mx\/tienda\/#\/schema\/logo\/image\/\"},\"sameAs\":[\"https:\/\/www.facebook.com\/compuviper\",\"https:\/\/www.youtube.com\/channel\/UCf73dERp9Y3cfOq7q8BhLjA?view_as=subscriber\"]}]}<\/script>\n<meta property=\"product:brand\" content=\"VIEWSONIC\" \/>\n<meta property=\"product:price:amount\" content=\"7105\" \/>\n<meta property=\"product:price:currency\" content=\"MXN\" \/>\n<meta property=\"og:availability\" content=\"instock\" \/>\n<meta property=\"product:availability\" content=\"instock\" \/>\n<meta property=\"product:retailer_item_id\" content=\"XG272-2K-OLED\" \/>\n<meta property=\"product:condition\" content=\"new\" \/>\n<!-- \/ Yoast SEO plugin. -->","yoast_head_json":{"title":"[ Viewsonic ] &#129351; Xg272-2k-oled Monitor Oled Gaming \/ 27 Pulgadas\/ Qhd 2560x1440\/ Hdmi 2.1 \/ Usb-c \/ Display Port \/ 240 Hz \/ Response Time 0.01 Ms\/ Hdr 10 \/ 3 A\u00f1os De Garantia","description":"Compra Xg272-2k-oled Monitor Oled Gaming \/ 27 Pulgadas\/ Qhd 2560x1440\/ Hdmi 2.1 \/ Usb-c \/ Display Port \/ 240 Hz \/ Response Time 0.01 Ms\/ Hdr 10 \/ 3 A\u00f1os De Garantia + Env\u00edo a domicilio + Pago seguro + Garant\u00eda","robots":{"index":"index","follow":"follow","max-snippet":"max-snippet:-1","max-image-preview":"max-image-preview:large","max-video-preview":"max-video-preview:-1"},"canonical":"https:\/\/compuviper.mx\/tienda\/producto\/viewsonic-xg272-2k-oled-monitor-oled-gaming-27-pulgadas-qhd-2560x1440-hdmi-2-1-usb-c-display-port-240-hz-response-time-0-01-ms-hdr-10-3-aos-de-garantia\/","og_locale":"es_MX","og_type":"article","og_title":"[ Viewsonic ] &#129351; Xg272-2k-oled Monitor Oled Gaming \/ 27 Pulgadas\/ Qhd 2560x1440\/ Hdmi 2.1 \/ Usb-c \/ Display Port \/ 240 Hz \/ Response Time 0.01 Ms\/ Hdr 10 \/ 3 A\u00f1os De Garantia","og_description":"Compra Xg272-2k-oled Monitor Oled Gaming \/ 27 Pulgadas\/ Qhd 2560x1440\/ Hdmi 2.1 \/ Usb-c \/ Display Port \/ 240 Hz \/ Response Time 0.01 Ms\/ Hdr 10 \/ 3 A\u00f1os De Garantia + Env\u00edo a domicilio + Pago seguro + Garant\u00eda","og_url":"https:\/\/compuviper.mx\/tienda\/producto\/viewsonic-xg272-2k-oled-monitor-oled-gaming-27-pulgadas-qhd-2560x1440-hdmi-2-1-usb-c-display-port-240-hz-response-time-0-01-ms-hdr-10-3-aos-de-garantia\/","og_site_name":"Compuviper","article_publisher":"https:\/\/www.facebook.com\/compuviper","og_image":[{"width":200,"height":200,"url":"https:\/\/compuviper.mx\/tienda\/wp-content\/uploads\/2024\/05\/Monitor-oled-viewsonic-gaming-xg272-2k-oled-27-pulgadas-qhd-2560x1440-hdmi-2.1-usb-c-display-port-240-hz-response-time-0.01-ms-hdr-10-3-anos-de-garantia.jpg","type":"image\/jpeg"}],"twitter_card":"summary_large_image","twitter_misc":{"Precio":"&#36;18,674 &#36;7,105 con IVA","Availability":"In stock"},"schema":{"@context":"https:\/\/schema.org","@graph":[{"@type":"WebPage","@id":"https:\/\/compuviper.mx\/tienda\/producto\/viewsonic-xg272-2k-oled-monitor-oled-gaming-27-pulgadas-qhd-2560x1440-hdmi-2-1-usb-c-display-port-240-hz-response-time-0-01-ms-hdr-10-3-aos-de-garantia\/","url":"https:\/\/compuviper.mx\/tienda\/producto\/viewsonic-xg272-2k-oled-monitor-oled-gaming-27-pulgadas-qhd-2560x1440-hdmi-2-1-usb-c-display-port-240-hz-response-time-0-01-ms-hdr-10-3-aos-de-garantia\/","name":"[ Viewsonic ] &#129351; Xg272-2k-oled Monitor Oled Gaming \/ 27 Pulgadas\/ Qhd 2560x1440\/ Hdmi 2.1 \/ Usb-c \/ Display Port \/ 240 Hz \/ Response Time 0.01 Ms\/ Hdr 10 \/ 3 A\u00f1os De Garantia","isPartOf":{"@id":"https:\/\/compuviper.mx\/tienda\/#website"},"datePublished":"2026-04-02T06:50:09+00:00","dateModified":"2026-04-02T06:50:09+00:00","description":"Compra Xg272-2k-oled Monitor Oled Gaming \/ 27 Pulgadas\/ Qhd 2560x1440\/ Hdmi 2.1 \/ Usb-c \/ Display Port \/ 240 Hz \/ Response Time 0.01 Ms\/ Hdr 10 \/ 3 A\u00f1os De Garantia + Env\u00edo a domicilio + Pago seguro + Garant\u00eda","breadcrumb":{"@id":"https:\/\/compuviper.mx\/tienda\/producto\/viewsonic-xg272-2k-oled-monitor-oled-gaming-27-pulgadas-qhd-2560x1440-hdmi-2-1-usb-c-display-port-240-hz-response-time-0-01-ms-hdr-10-3-aos-de-garantia\/#breadcrumb"},"inLanguage":"es-MX","potentialAction":[{"@type":"ReadAction","target":["https:\/\/compuviper.mx\/tienda\/producto\/viewsonic-xg272-2k-oled-monitor-oled-gaming-27-pulgadas-qhd-2560x1440-hdmi-2-1-usb-c-display-port-240-hz-response-time-0-01-ms-hdr-10-3-aos-de-garantia\/"]}]},{"@type":"BreadcrumbList","@id":"https:\/\/compuviper.mx\/tienda\/producto\/viewsonic-xg272-2k-oled-monitor-oled-gaming-27-pulgadas-qhd-2560x1440-hdmi-2-1-usb-c-display-port-240-hz-response-time-0-01-ms-hdr-10-3-aos-de-garantia\/#breadcrumb","itemListElement":[{"@type":"ListItem","position":1,"name":"Inicio","item":"https:\/\/compuviper.mx\/tienda\/"},{"@type":"ListItem","position":2,"name":"Productos","item":"https:\/\/compuviper.mx\/tienda\/productos\/"},{"@type":"ListItem","position":3,"name":"Monitores","item":"https:\/\/compuviper.mx\/tienda\/categoria-producto\/monitores\/"},{"@type":"ListItem","position":4,"name":"Led","item":"https:\/\/compuviper.mx\/tienda\/categoria-producto\/monitores\/led\/"},{"@type":"ListItem","position":5,"name":"Viewsonic Xg272-2k-oled Monitor Oled Gaming \/ 27 Pulgadas\/ Qhd 2560&#215;1440\/ Hdmi 2.1 \/ Usb-c \/ Display Port \/ 240 Hz \/ Response Time 0.01 Ms\/ Hdr 10 \/ 3 A?os De Garantia"}]},{"@type":"WebSite","@id":"https:\/\/compuviper.mx\/tienda\/#website","url":"https:\/\/compuviper.mx\/tienda\/","name":"Compuviper","description":"Proveedor de Computadoras, Laptops, Servidores, Monitores, Puntos de Venta, Teclados,   Impresoras, T\u00f3ner, C\u00e1maras de Seguridad y m\u00e1s en tu tienda en l\u00ednea","publisher":{"@id":"https:\/\/compuviper.mx\/tienda\/#organization"},"potentialAction":[{"@type":"SearchAction","target":{"@type":"EntryPoint","urlTemplate":"https:\/\/compuviper.mx\/tienda\/?s={search_term_string}"},"query-input":"required name=search_term_string"}],"inLanguage":"es-MX"},{"@type":"Organization","@id":"https:\/\/compuviper.mx\/tienda\/#organization","name":"Compuviper","url":"https:\/\/compuviper.mx\/tienda\/","logo":{"@type":"ImageObject","inLanguage":"es-MX","@id":"https:\/\/compuviper.mx\/tienda\/#\/schema\/logo\/image\/","url":"https:\/\/compuviper.mx\/tienda\/wp-content\/uploads\/2021\/08\/Logo-Compuviper-10.png","contentUrl":"https:\/\/compuviper.mx\/tienda\/wp-content\/uploads\/2021\/08\/Logo-Compuviper-10.png","width":1000,"height":500,"caption":"Compuviper"},"image":{"@id":"https:\/\/compuviper.mx\/tienda\/#\/schema\/logo\/image\/"},"sameAs":["https:\/\/www.facebook.com\/compuviper","https:\/\/www.youtube.com\/channel\/UCf73dERp9Y3cfOq7q8BhLjA?view_as=subscriber"]}]},"product_brand":"VIEWSONIC","product_price_amount":"7105","product_price_currency":"MXN","og_availability":"instock","product_availability":"instock","product_retailer_item_id":"XG272-2K-OLED","product_condition":"new"},"_links":{"self":[{"href":"https:\/\/compuviper.mx\/tienda\/wp-json\/wp\/v2\/product\/233038"}],"collection":[{"href":"https:\/\/compuviper.mx\/tienda\/wp-json\/wp\/v2\/product"}],"about":[{"href":"https:\/\/compuviper.mx\/tienda\/wp-json\/wp\/v2\/types\/product"}],"replies":[{"embeddable":true,"href":"https:\/\/compuviper.mx\/tienda\/wp-json\/wp\/v2\/comments?post=233038"}],"wp:featuredmedia":[{"embeddable":true,"href":"https:\/\/compuviper.mx\/tienda\/wp-json\/wp\/v2\/media\/234172"}],"wp:attachment":[{"href":"https:\/\/compuviper.mx\/tienda\/wp-json\/wp\/v2\/media?parent=233038"}],"wp:term":[{"taxonomy":"product_cat","embeddable":true,"href":"https:\/\/compuviper.mx\/tienda\/wp-json\/wp\/v2\/product_cat?post=233038"},{"taxonomy":"product_tag","embeddable":true,"href":"https:\/\/compuviper.mx\/tienda\/wp-json\/wp\/v2\/product_tag?post=233038"}],"curies":[{"name":"wp","href":"https:\/\/api.w.org\/{rel}","templated":true}]}}