{"id":232936,"date":"2026-04-18T01:06:47","date_gmt":"2026-04-18T07:06:47","guid":{"rendered":"https:\/\/compuviper.mx\/tienda\/producto\/tp-link-tl-sg1016de-switch-inteligente-tp-link-administrable-16-puertos-rj45-10-100-1000-mbps\/"},"modified":"2026-04-18T01:06:47","modified_gmt":"2026-04-18T07:06:47","slug":"tp-link-tl-sg1016de-switch-inteligente-tp-link-administrable-16-puertos-rj45-10-100-1000-mbps","status":"publish","type":"product","link":"https:\/\/compuviper.mx\/tienda\/producto\/tp-link-tl-sg1016de-switch-inteligente-tp-link-administrable-16-puertos-rj45-10-100-1000-mbps\/","title":{"rendered":"Tp Link Tl-sg1016de Switch Inteligente Tp-link Administrable 16 Puertos Rj45 10\/100\/1000 Mbps"},"content":{"rendered":"<table class=\"descripcion\">\n<tr>\n<td>Caracter\u00edsticas de hardware<\/td>\n<\/tr>\n<tr>\n<td>Est\u00e1ndares y protocolos ieee 802.3, ieee 802.3u, ieee 802.3ab, ieee 802.3x, ieee 802.1q, ieee 802.1p<\/td>\n<\/tr>\n<tr>\n<td>Interfaz 16 10\/100\/1000mbps rj45 ports<\/td>\n<\/tr>\n<tr>\n<td>Auto negotiation\/auto mdi\/mdix<\/td>\n<\/tr>\n<tr>\n<td>Medios de red 10base-t: utp category 3, 4, 5 cable (maximum 100m)<\/td>\n<\/tr>\n<tr>\n<td>Eia\/tia-568 100 and #937; stp (maximum 100m)<\/td>\n<\/tr>\n<tr>\n<td>100base-tx: utp category 5, 5e cable (maximum 100m)<\/td>\n<\/tr>\n<tr>\n<td>Eia\/tia-568 100 and #937; stp (maximum 100m)<\/td>\n<\/tr>\n<tr>\n<td>1000base-t: utp category 5, 5e, 6 or above cable (maximum 100m)<\/td>\n<\/tr>\n<tr>\n<td>Eia\/tia-568 100 and #937; stp (maximum 100m)<\/td>\n<\/tr>\n<tr>\n<td>Cantidad de ventilador fanless<\/td>\n<\/tr>\n<tr>\n<td>Fuente de alimentaci\u00f3n 100-240vac, 50\/60hz<\/td>\n<\/tr>\n<tr>\n<td>Consumo de energ\u00eda maximum: 11.73w (220v\/50hz)<\/td>\n<\/tr>\n<tr>\n<td>Dimensiones (w x d x h) 11.6*7.1*1.7 in. (294*180*44 mm)<\/td>\n<\/tr>\n<tr>\n<td>Rendimiento<\/td>\n<\/tr>\n<tr>\n<td>Switching capacity 32gbps<\/td>\n<\/tr>\n<tr>\n<td>Packet forwarding rate 23.8mpps<\/td>\n<\/tr>\n<tr>\n<td>Mac address table 8k<\/td>\n<\/tr>\n<tr>\n<td>Packet buffer memory 512kb<\/td>\n<\/tr>\n<tr>\n<td>Jumbo frame 9kb<\/td>\n<\/tr>\n<tr>\n<td>Caracter\u00edsticas de software<\/td>\n<\/tr>\n<tr>\n<td>Quality of service support port-based\/802.1p\/dscp priority<\/td>\n<\/tr>\n<tr>\n<td>Support 4 priority queues<\/td>\n<\/tr>\n<tr>\n<td>Rate limit<\/td>\n<\/tr>\n<tr>\n<td>Storm control<\/td>\n<\/tr>\n<tr>\n<td>L2 features igmp snooping v1\/v2\/v3<\/td>\n<\/tr>\n<tr>\n<td>Link aggregation<\/td>\n<\/tr>\n<tr>\n<td>Port mirroring<\/td>\n<\/tr>\n<tr>\n<td>Cable diagnostics<\/td>\n<\/tr>\n<tr>\n<td>Loop prevention<\/td>\n<\/tr>\n<tr>\n<td>Vlan supports up to 128 vlans simultaneously (out of 4k vlan ids)<\/td>\n<\/tr>\n<tr>\n<td>Mtu\/port\/tag vlan<\/td>\n<\/tr>\n<tr>\n<td>Transmission method store-and-forward<\/td>\n<\/tr>\n<tr>\n<td>Others<\/td>\n<\/tr>\n<tr>\n<td>Certification fcc, ce, rohs<\/td>\n<\/tr>\n<tr>\n<td>Package contents tl-sg1016de<\/td>\n<\/tr>\n<tr>\n<td>Power cord<\/td>\n<\/tr>\n<tr>\n<td>Installation guide<\/td>\n<\/tr>\n<tr>\n<td>Resource cd<\/td>\n<\/tr>\n<tr>\n<td>Rackmount kit<\/td>\n<\/tr>\n<tr>\n<td>Rubber feet<\/td>\n<\/tr>\n<tr>\n<td>System requirements microsoft\u00ae windows\u00ae for running utility<\/td>\n<\/tr>\n<tr>\n<td>Environment operating temperature: 0 and #8451;~40 and #8451; (32 and #8457;~104 and #8457;)<\/td>\n<\/tr>\n<tr>\n<td>Storage temperature: -40 and #8451;~70 and #8451; (-40 and #8457;~158 and #8457;)<\/td>\n<\/tr>\n<tr>\n<td>Operating humidity: 10%~90% non-condensing<\/td>\n<\/tr>\n<tr>\n<td>Storage humidity: 5%~90% non-condensing<\/td>\n<\/tr>\n<\/table>\n","protected":false},"excerpt":{"rendered":"<p>Tl-sg1016de. * los16 puertos de 10\/100\/1000mbps proporcionan transferencias instant\u00e1neas de archivos grandes. * la tecnolog\u00eda innovadora de eficiencia energ\u00e9tica reduce el consumo de energ\u00eda de hasta el 40. * el control de flujo ieee 802.3x proporciona una transferencia de datos confiable. * la estructura (frame) jumbo 10k mejora el desempe\u00f1o de transferencia de datos grandes. * el efectivo monitoreo de la red mediante la duplicaci\u00f3n de puertos, prevenci\u00f3n de bucle y diagn\u00f3stico por cable. * qos basado en el puerto y etiquetas permite un tr\u00e1fico sin problemas sensible a retrasos. * la gran variedad de caracter\u00edsticas de vlan mejora la seguridad de la red mediante la segmentaci\u00f3n de tr\u00e1fico. * igmp snooping optimiza las aplicaciones multicast. Proporciona el monitoreo de la red, priorizaci\u00f3n de tr\u00e1fico y caracter\u00edsticas de vlan. La tecnolog\u00eda innovadora de eficiencia energ\u00e9tica reduce la potencia de salida de hasta el 40. Configuraci\u00f3n sencilla de la red adem\u00e1s de la conectividad plug-and-play (conecte y use. Para qu\u00e9 sirve este producto. El smart switch gigabit tl-sg1016de de 16 puertos es una actualizaci\u00f3n de un switch no gestionado, dise\u00f1ado para redes de peque\u00f1as y medianas empresas que requieren de una gesti\u00f3n simple de red. Los administradores de red pueden controlar el tr\u00e1fico a trav\u00e9s de port mirroring, loop prevention y diagn\u00f3sticos sobre cable. Para optimizar el tr\u00e1fico en su red de negocios, el tl-sg1016de ofrece qos basado en puertos y en etiquetas el cual ayuda a mantener el tr\u00e1fico sensible a la latencia sin problemas y sin fluctuaciones. Adem\u00e1s, la tecnolog\u00eda vlan basada en puerto o en etiquetas pueden mejorar la seguridad y cumplir con los requisitos de segmentaci\u00f3n de la red. Adem\u00e1s, con su tecnolog\u00eda de eficiencia energ\u00e9tica, el tl-sg1016de puede ahorrar hasta un 40% del consumo de energ\u00eda, por lo que es una soluci\u00f3n ecol\u00f3gica para su red de negocios. Gesti\u00f3n sencilla y eficaz. El smart switch easy tp-link tl-sg1016de gigabit ofrece monitoreo de red para que los usuarios puedan observar el comportamiento del tr\u00e1fico. Con port mirroring, loop prevention y diagn\u00f3sticos sobre cable, el tl-sg1016de puede identificar e incluso localizar problemas de conexi\u00f3n en su red de negocios. Adem\u00e1s, los administradores pueden designar la prioridad del tr\u00e1fico en funci\u00f3n de prioridad de puertos y de prioridad 802.1p, para asegurar que la voz y el v\u00eddeo son siempre claros, suaves y sin demoras. Adem\u00e1s, para mejorar el rendimiento y la seguridad de la red, el tl-sg1016de soporta mtu vlan, vlan basadas en puertos y funciones de vlan basadas en 802.1q. El tl-sg1016de es una mejora del switch plug-and-play no administrable, ofreciendo un gran valor mientras fortalece su red. H\u00e1gase verde con la red. \u00a1ahora tiene la opci\u00f3n de hacerse verde cuando actualice a una red gigabit! esta nueva generaci\u00f3n de switches smart easy tl-sg1016de de 16 puertos gigabit cuenta con las \u00faltimas tecnolog\u00edas de eficiencia energ\u00e9tica que pueden ampliar en gran medida la capacidad de su red con mucho menos consumo. Se ajusta autom\u00e1ticamente el consumo de energ\u00eda de acuerdo con el estado del enlace y la huella de carbono de su red. Apagado de puertos no activos. Cuando un ordenador o equipo de red es desconectado, el puerto correspondiente de un interruptor tradicional seguir\u00e1 consumiendo cantidades considerables de energ\u00eda. El tl-sg1016de puede detectar autom\u00e1ticamente el estado de conexi\u00f3n de cada puerto y reducir el consumo de energ\u00eda de los puertos que est\u00e9n inactivos. Consumo de energ\u00eda seg\u00fan longitud de cable. Idealmente, los cables m\u00e1s cortos utilizan menos energ\u00eda con menos degradaci\u00f3n de potencia sobre la longitud, lo que no es el caso con la mayor\u00eda de dispositivos que van a utilizar la misma cantidad de energ\u00eda a trav\u00e9s del cable, independientemente de si es de 10 o 50 metros de longitud. El tl-sg1016de analiza la longitud del cable ethernet conectado y ajusta el uso de energ\u00eda en consecuencia, en lugar de mantener el consumo de energ\u00eda en una soluci\u00f3n convencional. Facilidad de uso. El tl-sg1016de es f\u00e1cil de usar y administrar. Mdi \/ mdi-x auto cruzado en todos los puertos elimina la necesidad de cables cruzados o puertos de enlace ascendentes. La auto-negociaci\u00f3n en cada puerto detecta la velocidad de enlace de un dispositivo de red (10, 100 o 1000 mbps) y ajusta de manera inteligente para una compatibilidad y rendimiento \u00f3ptimo. Su tama\u00f1o compacto lo hace ideal para escritorios con espacio limitado, mientras que tambi\u00e9n puede ser montado sobre rack de manera c\u00f3moda y segura. Luces led din\u00e1micas proporcionan indicaci\u00f3n de estado de trabajo en tiempo real y diagn\u00f3stico de fallas b\u00e1sicas.<\/p>\n","protected":false},"featured_media":242838,"comment_status":"open","ping_status":"open","template":"","meta":[],"product_cat":[1563,1564],"product_tag":[1562],"acf":[],"yoast_head":"<!-- This site is optimized with the Yoast SEO plugin v21.7 - https:\/\/yoast.com\/wordpress\/plugins\/seo\/ -->\n<title>[ Tp Link ] &#129351; Tl-sg1016de Switch Inteligente Tp-link Administrable 16 Puertos Rj45 10\/100\/1000 Mbps<\/title>\n<meta name=\"description\" content=\"Compra Tl-sg1016de Switch Inteligente Tp-link Administrable 16 Puertos Rj45 10\/100\/1000 Mbps + Env\u00edo a domicilio + Pago seguro + Garant\u00eda\" \/>\n<meta name=\"robots\" content=\"index, follow, max-snippet:-1, max-image-preview:large, max-video-preview:-1\" \/>\n<link rel=\"canonical\" href=\"https:\/\/compuviper.mx\/tienda\/producto\/tp-link-tl-sg1016de-switch-inteligente-tp-link-administrable-16-puertos-rj45-10-100-1000-mbps\/\" \/>\n<meta property=\"og:locale\" content=\"es_MX\" \/>\n<meta property=\"og:type\" content=\"article\" \/>\n<meta property=\"og:title\" content=\"[ Tp Link ] &#129351; Tl-sg1016de Switch Inteligente Tp-link Administrable 16 Puertos Rj45 10\/100\/1000 Mbps\" \/>\n<meta property=\"og:description\" content=\"Compra Tl-sg1016de Switch Inteligente Tp-link Administrable 16 Puertos Rj45 10\/100\/1000 Mbps + Env\u00edo a domicilio + Pago seguro + Garant\u00eda\" \/>\n<meta property=\"og:url\" content=\"https:\/\/compuviper.mx\/tienda\/producto\/tp-link-tl-sg1016de-switch-inteligente-tp-link-administrable-16-puertos-rj45-10-100-1000-mbps\/\" \/>\n<meta property=\"og:site_name\" content=\"Compuviper\" \/>\n<meta property=\"article:publisher\" content=\"https:\/\/www.facebook.com\/compuviper\" \/>\n<meta property=\"og:image\" content=\"https:\/\/compuviper.mx\/tienda\/wp-content\/uploads\/2024\/09\/Switch-inteligente-tp-link-administrable-16-puertos-rj45-101001000-mbps.jpg\" \/>\n\t<meta property=\"og:image:width\" content=\"200\" \/>\n\t<meta property=\"og:image:height\" content=\"200\" \/>\n\t<meta property=\"og:image:type\" content=\"image\/jpeg\" \/>\n<meta name=\"twitter:card\" content=\"summary_large_image\" \/>\n<meta name=\"twitter:label1\" content=\"Precio\" \/>\n\t<meta name=\"twitter:data1\" content=\"&#36;1,215 con IVA\" \/>\n\t<meta name=\"twitter:label2\" content=\"Availability\" \/>\n\t<meta name=\"twitter:data2\" content=\"On backorder\" \/>\n<script type=\"application\/ld+json\" class=\"yoast-schema-graph\">{\"@context\":\"https:\/\/schema.org\",\"@graph\":[{\"@type\":\"WebPage\",\"@id\":\"https:\/\/compuviper.mx\/tienda\/producto\/tp-link-tl-sg1016de-switch-inteligente-tp-link-administrable-16-puertos-rj45-10-100-1000-mbps\/\",\"url\":\"https:\/\/compuviper.mx\/tienda\/producto\/tp-link-tl-sg1016de-switch-inteligente-tp-link-administrable-16-puertos-rj45-10-100-1000-mbps\/\",\"name\":\"[ Tp Link ] &#129351; Tl-sg1016de Switch Inteligente Tp-link Administrable 16 Puertos Rj45 10\/100\/1000 Mbps\",\"isPartOf\":{\"@id\":\"https:\/\/compuviper.mx\/tienda\/#website\"},\"datePublished\":\"2026-04-18T07:06:47+00:00\",\"dateModified\":\"2026-04-18T07:06:47+00:00\",\"description\":\"Compra Tl-sg1016de Switch Inteligente Tp-link Administrable 16 Puertos Rj45 10\/100\/1000 Mbps + Env\u00edo a domicilio + Pago seguro + Garant\u00eda\",\"breadcrumb\":{\"@id\":\"https:\/\/compuviper.mx\/tienda\/producto\/tp-link-tl-sg1016de-switch-inteligente-tp-link-administrable-16-puertos-rj45-10-100-1000-mbps\/#breadcrumb\"},\"inLanguage\":\"es-MX\",\"potentialAction\":[{\"@type\":\"ReadAction\",\"target\":[\"https:\/\/compuviper.mx\/tienda\/producto\/tp-link-tl-sg1016de-switch-inteligente-tp-link-administrable-16-puertos-rj45-10-100-1000-mbps\/\"]}]},{\"@type\":\"BreadcrumbList\",\"@id\":\"https:\/\/compuviper.mx\/tienda\/producto\/tp-link-tl-sg1016de-switch-inteligente-tp-link-administrable-16-puertos-rj45-10-100-1000-mbps\/#breadcrumb\",\"itemListElement\":[{\"@type\":\"ListItem\",\"position\":1,\"name\":\"Inicio\",\"item\":\"https:\/\/compuviper.mx\/tienda\/\"},{\"@type\":\"ListItem\",\"position\":2,\"name\":\"Productos\",\"item\":\"https:\/\/compuviper.mx\/tienda\/productos\/\"},{\"@type\":\"ListItem\",\"position\":3,\"name\":\"Redes\",\"item\":\"https:\/\/compuviper.mx\/tienda\/categoria-producto\/redes\/\"},{\"@type\":\"ListItem\",\"position\":4,\"name\":\"Switch\",\"item\":\"https:\/\/compuviper.mx\/tienda\/categoria-producto\/redes\/switch\/\"},{\"@type\":\"ListItem\",\"position\":5,\"name\":\"Tp Link Tl-sg1016de Switch Inteligente Tp-link Administrable 16 Puertos Rj45 10\/100\/1000 Mbps\"}]},{\"@type\":\"WebSite\",\"@id\":\"https:\/\/compuviper.mx\/tienda\/#website\",\"url\":\"https:\/\/compuviper.mx\/tienda\/\",\"name\":\"Compuviper\",\"description\":\"Proveedor de Computadoras, Laptops, Servidores, Monitores, Puntos de Venta, Teclados,   Impresoras, T\u00f3ner, C\u00e1maras de Seguridad y m\u00e1s en tu tienda en l\u00ednea\",\"publisher\":{\"@id\":\"https:\/\/compuviper.mx\/tienda\/#organization\"},\"potentialAction\":[{\"@type\":\"SearchAction\",\"target\":{\"@type\":\"EntryPoint\",\"urlTemplate\":\"https:\/\/compuviper.mx\/tienda\/?s={search_term_string}\"},\"query-input\":\"required name=search_term_string\"}],\"inLanguage\":\"es-MX\"},{\"@type\":\"Organization\",\"@id\":\"https:\/\/compuviper.mx\/tienda\/#organization\",\"name\":\"Compuviper\",\"url\":\"https:\/\/compuviper.mx\/tienda\/\",\"logo\":{\"@type\":\"ImageObject\",\"inLanguage\":\"es-MX\",\"@id\":\"https:\/\/compuviper.mx\/tienda\/#\/schema\/logo\/image\/\",\"url\":\"https:\/\/compuviper.mx\/tienda\/wp-content\/uploads\/2021\/08\/Logo-Compuviper-10.png\",\"contentUrl\":\"https:\/\/compuviper.mx\/tienda\/wp-content\/uploads\/2021\/08\/Logo-Compuviper-10.png\",\"width\":1000,\"height\":500,\"caption\":\"Compuviper\"},\"image\":{\"@id\":\"https:\/\/compuviper.mx\/tienda\/#\/schema\/logo\/image\/\"},\"sameAs\":[\"https:\/\/www.facebook.com\/compuviper\",\"https:\/\/www.youtube.com\/channel\/UCf73dERp9Y3cfOq7q8BhLjA?view_as=subscriber\"]}]}<\/script>\n<meta property=\"product:brand\" content=\"TP LINK\" \/>\n<meta property=\"product:price:amount\" content=\"1215\" \/>\n<meta property=\"product:price:currency\" content=\"MXN\" \/>\n<meta property=\"og:availability\" content=\"backorder\" \/>\n<meta property=\"product:availability\" content=\"available for order\" \/>\n<meta property=\"product:retailer_item_id\" content=\"TL-SG1016DE\" \/>\n<meta property=\"product:condition\" content=\"new\" \/>\n<!-- \/ Yoast SEO plugin. -->","yoast_head_json":{"title":"[ Tp Link ] &#129351; Tl-sg1016de Switch Inteligente Tp-link Administrable 16 Puertos Rj45 10\/100\/1000 Mbps","description":"Compra Tl-sg1016de Switch Inteligente Tp-link Administrable 16 Puertos Rj45 10\/100\/1000 Mbps + Env\u00edo a domicilio + Pago seguro + Garant\u00eda","robots":{"index":"index","follow":"follow","max-snippet":"max-snippet:-1","max-image-preview":"max-image-preview:large","max-video-preview":"max-video-preview:-1"},"canonical":"https:\/\/compuviper.mx\/tienda\/producto\/tp-link-tl-sg1016de-switch-inteligente-tp-link-administrable-16-puertos-rj45-10-100-1000-mbps\/","og_locale":"es_MX","og_type":"article","og_title":"[ Tp Link ] &#129351; Tl-sg1016de Switch Inteligente Tp-link Administrable 16 Puertos Rj45 10\/100\/1000 Mbps","og_description":"Compra Tl-sg1016de Switch Inteligente Tp-link Administrable 16 Puertos Rj45 10\/100\/1000 Mbps + Env\u00edo a domicilio + Pago seguro + Garant\u00eda","og_url":"https:\/\/compuviper.mx\/tienda\/producto\/tp-link-tl-sg1016de-switch-inteligente-tp-link-administrable-16-puertos-rj45-10-100-1000-mbps\/","og_site_name":"Compuviper","article_publisher":"https:\/\/www.facebook.com\/compuviper","og_image":[{"width":200,"height":200,"url":"https:\/\/compuviper.mx\/tienda\/wp-content\/uploads\/2024\/09\/Switch-inteligente-tp-link-administrable-16-puertos-rj45-101001000-mbps.jpg","type":"image\/jpeg"}],"twitter_card":"summary_large_image","twitter_misc":{"Precio":"&#36;1,215 con IVA","Availability":"On backorder"},"schema":{"@context":"https:\/\/schema.org","@graph":[{"@type":"WebPage","@id":"https:\/\/compuviper.mx\/tienda\/producto\/tp-link-tl-sg1016de-switch-inteligente-tp-link-administrable-16-puertos-rj45-10-100-1000-mbps\/","url":"https:\/\/compuviper.mx\/tienda\/producto\/tp-link-tl-sg1016de-switch-inteligente-tp-link-administrable-16-puertos-rj45-10-100-1000-mbps\/","name":"[ Tp Link ] &#129351; Tl-sg1016de Switch Inteligente Tp-link Administrable 16 Puertos Rj45 10\/100\/1000 Mbps","isPartOf":{"@id":"https:\/\/compuviper.mx\/tienda\/#website"},"datePublished":"2026-04-18T07:06:47+00:00","dateModified":"2026-04-18T07:06:47+00:00","description":"Compra Tl-sg1016de Switch Inteligente Tp-link Administrable 16 Puertos Rj45 10\/100\/1000 Mbps + Env\u00edo a domicilio + Pago seguro + Garant\u00eda","breadcrumb":{"@id":"https:\/\/compuviper.mx\/tienda\/producto\/tp-link-tl-sg1016de-switch-inteligente-tp-link-administrable-16-puertos-rj45-10-100-1000-mbps\/#breadcrumb"},"inLanguage":"es-MX","potentialAction":[{"@type":"ReadAction","target":["https:\/\/compuviper.mx\/tienda\/producto\/tp-link-tl-sg1016de-switch-inteligente-tp-link-administrable-16-puertos-rj45-10-100-1000-mbps\/"]}]},{"@type":"BreadcrumbList","@id":"https:\/\/compuviper.mx\/tienda\/producto\/tp-link-tl-sg1016de-switch-inteligente-tp-link-administrable-16-puertos-rj45-10-100-1000-mbps\/#breadcrumb","itemListElement":[{"@type":"ListItem","position":1,"name":"Inicio","item":"https:\/\/compuviper.mx\/tienda\/"},{"@type":"ListItem","position":2,"name":"Productos","item":"https:\/\/compuviper.mx\/tienda\/productos\/"},{"@type":"ListItem","position":3,"name":"Redes","item":"https:\/\/compuviper.mx\/tienda\/categoria-producto\/redes\/"},{"@type":"ListItem","position":4,"name":"Switch","item":"https:\/\/compuviper.mx\/tienda\/categoria-producto\/redes\/switch\/"},{"@type":"ListItem","position":5,"name":"Tp Link Tl-sg1016de Switch Inteligente Tp-link Administrable 16 Puertos Rj45 10\/100\/1000 Mbps"}]},{"@type":"WebSite","@id":"https:\/\/compuviper.mx\/tienda\/#website","url":"https:\/\/compuviper.mx\/tienda\/","name":"Compuviper","description":"Proveedor de Computadoras, Laptops, Servidores, Monitores, Puntos de Venta, Teclados,   Impresoras, T\u00f3ner, C\u00e1maras de Seguridad y m\u00e1s en tu tienda en l\u00ednea","publisher":{"@id":"https:\/\/compuviper.mx\/tienda\/#organization"},"potentialAction":[{"@type":"SearchAction","target":{"@type":"EntryPoint","urlTemplate":"https:\/\/compuviper.mx\/tienda\/?s={search_term_string}"},"query-input":"required name=search_term_string"}],"inLanguage":"es-MX"},{"@type":"Organization","@id":"https:\/\/compuviper.mx\/tienda\/#organization","name":"Compuviper","url":"https:\/\/compuviper.mx\/tienda\/","logo":{"@type":"ImageObject","inLanguage":"es-MX","@id":"https:\/\/compuviper.mx\/tienda\/#\/schema\/logo\/image\/","url":"https:\/\/compuviper.mx\/tienda\/wp-content\/uploads\/2021\/08\/Logo-Compuviper-10.png","contentUrl":"https:\/\/compuviper.mx\/tienda\/wp-content\/uploads\/2021\/08\/Logo-Compuviper-10.png","width":1000,"height":500,"caption":"Compuviper"},"image":{"@id":"https:\/\/compuviper.mx\/tienda\/#\/schema\/logo\/image\/"},"sameAs":["https:\/\/www.facebook.com\/compuviper","https:\/\/www.youtube.com\/channel\/UCf73dERp9Y3cfOq7q8BhLjA?view_as=subscriber"]}]},"product_brand":"TP LINK","product_price_amount":"1215","product_price_currency":"MXN","og_availability":"backorder","product_availability":"available for order","product_retailer_item_id":"TL-SG1016DE","product_condition":"new"},"_links":{"self":[{"href":"https:\/\/compuviper.mx\/tienda\/wp-json\/wp\/v2\/product\/232936"}],"collection":[{"href":"https:\/\/compuviper.mx\/tienda\/wp-json\/wp\/v2\/product"}],"about":[{"href":"https:\/\/compuviper.mx\/tienda\/wp-json\/wp\/v2\/types\/product"}],"replies":[{"embeddable":true,"href":"https:\/\/compuviper.mx\/tienda\/wp-json\/wp\/v2\/comments?post=232936"}],"wp:featuredmedia":[{"embeddable":true,"href":"https:\/\/compuviper.mx\/tienda\/wp-json\/wp\/v2\/media\/242838"}],"wp:attachment":[{"href":"https:\/\/compuviper.mx\/tienda\/wp-json\/wp\/v2\/media?parent=232936"}],"wp:term":[{"taxonomy":"product_cat","embeddable":true,"href":"https:\/\/compuviper.mx\/tienda\/wp-json\/wp\/v2\/product_cat?post=232936"},{"taxonomy":"product_tag","embeddable":true,"href":"https:\/\/compuviper.mx\/tienda\/wp-json\/wp\/v2\/product_tag?post=232936"}],"curies":[{"name":"wp","href":"https:\/\/api.w.org\/{rel}","templated":true}]}}